{"id":31574,"date":"2022-05-27T16:07:21","date_gmt":"2022-05-27T09:07:21","guid":{"rendered":"https:\/\/mouldking.store\/?post_type=product&#038;p=31574"},"modified":"2022-05-27T16:07:22","modified_gmt":"2022-05-27T09:07:22","slug":"dk-1506-demon-slayer-kimetsu-no-yaiba-zenitsu-agatsuma-with-956-pieces","status":"publish","type":"product","link":"https:\/\/mouldking.store\/nb\/shop\/dk-1506-demon-slayer-kimetsu-no-yaiba-zenitsu-agatsuma-with-956-pieces\/","title":{"rendered":"DK 1506 Demon Slayer: Kimetsu no Yaiba Zenitsu Agatsuma med 956 stykker"},"content":{"rendered":"<p>Produktinformasjon:<\/p>\n<ol>\n<li>Merke: DK<\/li>\n<li>Kj\u00f8nn: Unisex<\/li>\n<li>Name: Demon Slayer: Kimetsu no Yaiba Zenitsu Agatsuma<\/li>\n<li>Aldersgruppe: &gt; 8 \u00e5r gammel<\/li>\n<li>Model Number: 1506<\/li>\n<li>Klassifisering: Montering<\/li>\n<li>Plastblokkform: Selvl\u00e5sende murstein<\/li>\n<li>Materiale: Plast<\/li>\n<li>Plasttype: ABS<\/li>\n<li>Bricks Blocks: 956 PCS<\/li>\n<li>Inneholder detaljerte monteringsanvisninger.<\/li>\n<\/ol>\n<p>Legge merke til:<br \/>\n1. Uten original eske, men vi garanterer at v\u00e5re produkter har kvalitetssikring og pen emballasje.<br \/>\n2. Som alle delene vi har sjekket f\u00f8r frakt, s\u00e5 hvis du finner noen deler savnet eller skadet, ikke bekymre deg og bare kontakt oss, s\u00e5 kan vi sende dem til deg p\u00e5 nytt umiddelbart gratis.<\/p>\n<p>&nbsp;<\/p>\n<figure id=\"attachment_31575\" aria-describedby=\"caption-attachment-31575\" style=\"width: 1024px\" class=\"wp-caption aligncenter\"><img fetchpriority=\"high\" decoding=\"async\" class=\"wp-image-31575 size-full\" src=\"https:\/\/mouldking.store\/wp-content\/uploads\/2022\/05\/DK-1506-Demon-Slayer-Kimetsu-no-Yaiba-Zenitsu-Agatsuma-2.png\" alt=\"DK 1506 Demon Slayer: Kimetsu no Yaiba Zenitsu Agatsuma with 956 pieces\" width=\"1024\" height=\"1024\" title=\"-\" srcset=\"https:\/\/mouldking.store\/wp-content\/uploads\/2022\/05\/DK-1506-Demon-Slayer-Kimetsu-no-Yaiba-Zenitsu-Agatsuma-2.png 1024w, https:\/\/mouldking.store\/wp-content\/uploads\/2022\/05\/DK-1506-Demon-Slayer-Kimetsu-no-Yaiba-Zenitsu-Agatsuma-2-300x300.png 300w, https:\/\/mouldking.store\/wp-content\/uploads\/2022\/05\/DK-1506-Demon-Slayer-Kimetsu-no-Yaiba-Zenitsu-Agatsuma-2-768x768.png 768w, https:\/\/mouldking.store\/wp-content\/uploads\/2022\/05\/DK-1506-Demon-Slayer-Kimetsu-no-Yaiba-Zenitsu-Agatsuma-2-600x600.png 600w, https:\/\/mouldking.store\/wp-content\/uploads\/2022\/05\/DK-1506-Demon-Slayer-Kimetsu-no-Yaiba-Zenitsu-Agatsuma-2-150x150.png 150w\" sizes=\"(max-width: 1024px) 100vw, 1024px\" \/><figcaption id=\"caption-attachment-31575\" class=\"wp-caption-text\">DK 1506 Demon Slayer: Kimetsu no Yaiba Zenitsu Agatsuma med 956 stykker<\/figcaption><\/figure>\n<figure id=\"attachment_31576\" aria-describedby=\"caption-attachment-31576\" style=\"width: 1024px\" class=\"wp-caption aligncenter\"><img decoding=\"async\" class=\"wp-image-31576 size-full\" src=\"https:\/\/mouldking.store\/wp-content\/uploads\/2022\/05\/DK-1506-Demon-Slayer-Kimetsu-no-Yaiba-Zenitsu-Agatsuma-3.png\" alt=\"DK 1506 Demon Slayer: Kimetsu no Yaiba Zenitsu Agatsuma with 956 pieces\" width=\"1024\" height=\"1024\" title=\"-\" srcset=\"https:\/\/mouldking.store\/wp-content\/uploads\/2022\/05\/DK-1506-Demon-Slayer-Kimetsu-no-Yaiba-Zenitsu-Agatsuma-3.png 1024w, https:\/\/mouldking.store\/wp-content\/uploads\/2022\/05\/DK-1506-Demon-Slayer-Kimetsu-no-Yaiba-Zenitsu-Agatsuma-3-300x300.png 300w, https:\/\/mouldking.store\/wp-content\/uploads\/2022\/05\/DK-1506-Demon-Slayer-Kimetsu-no-Yaiba-Zenitsu-Agatsuma-3-768x768.png 768w, https:\/\/mouldking.store\/wp-content\/uploads\/2022\/05\/DK-1506-Demon-Slayer-Kimetsu-no-Yaiba-Zenitsu-Agatsuma-3-600x600.png 600w, https:\/\/mouldking.store\/wp-content\/uploads\/2022\/05\/DK-1506-Demon-Slayer-Kimetsu-no-Yaiba-Zenitsu-Agatsuma-3-150x150.png 150w\" sizes=\"(max-width: 1024px) 100vw, 1024px\" \/><figcaption id=\"caption-attachment-31576\" class=\"wp-caption-text\">DK 1506 Demon Slayer: Kimetsu no Yaiba Zenitsu Agatsuma med 956 stykker<\/figcaption><\/figure>\n<figure id=\"attachment_31577\" aria-describedby=\"caption-attachment-31577\" style=\"width: 1024px\" class=\"wp-caption aligncenter\"><img decoding=\"async\" class=\"wp-image-31577 size-full\" src=\"https:\/\/mouldking.store\/wp-content\/uploads\/2022\/05\/DK-1506-Demon-Slayer-Kimetsu-no-Yaiba-Zenitsu-Agatsuma-4.png\" alt=\"DK 1506 Demon Slayer: Kimetsu no Yaiba Zenitsu Agatsuma with 956 pieces\" width=\"1024\" height=\"1024\" title=\"-\" srcset=\"https:\/\/mouldking.store\/wp-content\/uploads\/2022\/05\/DK-1506-Demon-Slayer-Kimetsu-no-Yaiba-Zenitsu-Agatsuma-4.png 1024w, https:\/\/mouldking.store\/wp-content\/uploads\/2022\/05\/DK-1506-Demon-Slayer-Kimetsu-no-Yaiba-Zenitsu-Agatsuma-4-300x300.png 300w, https:\/\/mouldking.store\/wp-content\/uploads\/2022\/05\/DK-1506-Demon-Slayer-Kimetsu-no-Yaiba-Zenitsu-Agatsuma-4-768x768.png 768w, https:\/\/mouldking.store\/wp-content\/uploads\/2022\/05\/DK-1506-Demon-Slayer-Kimetsu-no-Yaiba-Zenitsu-Agatsuma-4-600x600.png 600w, https:\/\/mouldking.store\/wp-content\/uploads\/2022\/05\/DK-1506-Demon-Slayer-Kimetsu-no-Yaiba-Zenitsu-Agatsuma-4-150x150.png 150w\" sizes=\"(max-width: 1024px) 100vw, 1024px\" \/><figcaption id=\"caption-attachment-31577\" class=\"wp-caption-text\">DK 1506 Demon Slayer: Kimetsu no Yaiba Zenitsu Agatsuma med 956 stykker<\/figcaption><\/figure>\n<figure id=\"attachment_31578\" aria-describedby=\"caption-attachment-31578\" style=\"width: 1024px\" class=\"wp-caption aligncenter\"><img loading=\"lazy\" decoding=\"async\" class=\"wp-image-31578 size-full\" src=\"https:\/\/mouldking.store\/wp-content\/uploads\/2022\/05\/DK-1506-Demon-Slayer-Kimetsu-no-Yaiba-Zenitsu-Agatsuma-5.png\" alt=\"DK 1506 Demon Slayer: Kimetsu no Yaiba Zenitsu Agatsuma with 956 pieces\" width=\"1024\" height=\"1024\" title=\"-\" srcset=\"https:\/\/mouldking.store\/wp-content\/uploads\/2022\/05\/DK-1506-Demon-Slayer-Kimetsu-no-Yaiba-Zenitsu-Agatsuma-5.png 1024w, https:\/\/mouldking.store\/wp-content\/uploads\/2022\/05\/DK-1506-Demon-Slayer-Kimetsu-no-Yaiba-Zenitsu-Agatsuma-5-300x300.png 300w, https:\/\/mouldking.store\/wp-content\/uploads\/2022\/05\/DK-1506-Demon-Slayer-Kimetsu-no-Yaiba-Zenitsu-Agatsuma-5-768x768.png 768w, https:\/\/mouldking.store\/wp-content\/uploads\/2022\/05\/DK-1506-Demon-Slayer-Kimetsu-no-Yaiba-Zenitsu-Agatsuma-5-600x600.png 600w, https:\/\/mouldking.store\/wp-content\/uploads\/2022\/05\/DK-1506-Demon-Slayer-Kimetsu-no-Yaiba-Zenitsu-Agatsuma-5-150x150.png 150w\" sizes=\"(max-width: 1024px) 100vw, 1024px\" \/><figcaption id=\"caption-attachment-31578\" class=\"wp-caption-text\">DK 1506 Demon Slayer: Kimetsu no Yaiba Zenitsu Agatsuma med 956 stykker<\/figcaption><\/figure>\n<figure id=\"attachment_31579\" aria-describedby=\"caption-attachment-31579\" style=\"width: 1024px\" class=\"wp-caption aligncenter\"><img loading=\"lazy\" decoding=\"async\" class=\"wp-image-31579 size-full\" src=\"https:\/\/mouldking.store\/wp-content\/uploads\/2022\/05\/DK-1506-Demon-Slayer-Kimetsu-no-Yaiba-Zenitsu-Agatsuma-1.png\" alt=\"DK 1506 Demon Slayer: Kimetsu no Yaiba Zenitsu Agatsuma with 956 pieces\" width=\"1024\" height=\"1024\" title=\"-\" srcset=\"https:\/\/mouldking.store\/wp-content\/uploads\/2022\/05\/DK-1506-Demon-Slayer-Kimetsu-no-Yaiba-Zenitsu-Agatsuma-1.png 1024w, https:\/\/mouldking.store\/wp-content\/uploads\/2022\/05\/DK-1506-Demon-Slayer-Kimetsu-no-Yaiba-Zenitsu-Agatsuma-1-300x300.png 300w, https:\/\/mouldking.store\/wp-content\/uploads\/2022\/05\/DK-1506-Demon-Slayer-Kimetsu-no-Yaiba-Zenitsu-Agatsuma-1-768x768.png 768w, https:\/\/mouldking.store\/wp-content\/uploads\/2022\/05\/DK-1506-Demon-Slayer-Kimetsu-no-Yaiba-Zenitsu-Agatsuma-1-600x600.png 600w, https:\/\/mouldking.store\/wp-content\/uploads\/2022\/05\/DK-1506-Demon-Slayer-Kimetsu-no-Yaiba-Zenitsu-Agatsuma-1-150x150.png 150w\" sizes=\"(max-width: 1024px) 100vw, 1024px\" \/><figcaption id=\"caption-attachment-31579\" class=\"wp-caption-text\">DK 1506 Demon Slayer: Kimetsu no Yaiba Zenitsu Agatsuma med 956 stykker<\/figcaption><\/figure>","protected":false},"excerpt":{"rendered":"<p>Product information: Brand: DK Gender: Unisex Name: Demon Slayer: Kimetsu no Yaiba Zenitsu Agatsuma Age Range: &gt; 8 years old Model Number: 1506 Classification: Assemblage Plastic Block Shape: Self-Locking Bricks Material: Plastic Plastic Type: ABS Bricks Blocks: 956 PCS Contains detailed assembly instructions. Notice: 1. Without an original box, but we guarantee our products have [&hellip;]<\/p>","protected":false},"featured_media":31575,"comment_status":"closed","ping_status":"closed","template":"","meta":{"_acf_changed":false},"product_cat":[581],"product_tag":[5577,2977,2914,5575,5573,5572,5571,5315,5574,5576],"class_list":["product","first","instock","shipping-taxable","purchasable","product-type-simple"],"acf":[],"_links":{"self":[{"href":"https:\/\/mouldking.store\/nb\/wp-json\/wp\/v2\/product\/31574","targetHints":{"allow":["GET"]}}],"collection":[{"href":"https:\/\/mouldking.store\/nb\/wp-json\/wp\/v2\/product"}],"about":[{"href":"https:\/\/mouldking.store\/nb\/wp-json\/wp\/v2\/types\/product"}],"replies":[{"embeddable":true,"href":"https:\/\/mouldking.store\/nb\/wp-json\/wp\/v2\/comments?post=31574"}],"wp:featuredmedia":[{"embeddable":true,"href":"https:\/\/mouldking.store\/nb\/wp-json\/wp\/v2\/media\/31575"}],"wp:attachment":[{"href":"https:\/\/mouldking.store\/nb\/wp-json\/wp\/v2\/media?parent=31574"}],"wp:term":[{"taxonomy":"product_cat","embeddable":true,"href":"https:\/\/mouldking.store\/nb\/wp-json\/wp\/v2\/product_cat?post=31574"},{"taxonomy":"product_tag","embeddable":true,"href":"https:\/\/mouldking.store\/nb\/wp-json\/wp\/v2\/product_tag?post=31574"}],"curies":[{"name":"wp","href":"https:\/\/api.w.org\/{rel}","templated":true}]}}