{"id":31580,"date":"2022-05-27T16:10:08","date_gmt":"2022-05-27T09:10:08","guid":{"rendered":"https:\/\/mouldking.store\/?post_type=product&#038;p=31580"},"modified":"2022-05-27T16:10:08","modified_gmt":"2022-05-27T09:10:08","slug":"tgl-t4022-bmw-r1250-gs-with-2369-pieces","status":"publish","type":"product","link":"https:\/\/mouldking.store\/nb\/shop\/tgl-t4022-bmw-r1250-gs-with-2369-pieces\/","title":{"rendered":"TGL T4022 BMW R1250 GS med 2369 stk"},"content":{"rendered":"<p>Produktinformasjon:<\/p>\n<ol>\n<li>Merke: TGL<\/li>\n<li>Kj\u00f8nn: Unisex<\/li>\n<li>Name: BMW R1250 GS<\/li>\n<li>Aldersgruppe: &gt; 6 \u00e5r gammel<\/li>\n<li>Model Number: T4022<\/li>\n<li>Klassifisering: Montering<\/li>\n<li>Plastblokkform: Selvl\u00e5sende murstein<\/li>\n<li>Materiale: Plast<\/li>\n<li>Plasttype: ABS<\/li>\n<li>Bricks Blocks: 2369\u00a0PCS<\/li>\n<li>Inneholder detaljerte monteringsanvisninger.<\/li>\n<\/ol>\n<p>Legge merke til:<br \/>\n1. Uten original eske, men vi garanterer at v\u00e5re produkter har kvalitetssikring og pen emballasje.<br \/>\n2. Som alle delene vi har sjekket f\u00f8r frakt, s\u00e5 hvis du finner noen deler savnet eller skadet, ikke bekymre deg og bare kontakt oss, s\u00e5 kan vi sende dem til deg p\u00e5 nytt umiddelbart gratis.<\/p>\n<p>&nbsp;<\/p>\n<figure id=\"attachment_31581\" aria-describedby=\"caption-attachment-31581\" style=\"width: 640px\" class=\"wp-caption aligncenter\"><img fetchpriority=\"high\" decoding=\"async\" class=\"wp-image-31581 size-full\" src=\"https:\/\/mouldking.store\/wp-content\/uploads\/2022\/05\/TGL-T4022-BMW-R1250GS-15-1.webp\" alt=\"TGL T4022 BMW R1250 GS with 2369 pieces\" width=\"640\" height=\"640\" title=\"-\"><figcaption id=\"caption-attachment-31581\" class=\"wp-caption-text\">TGL T4022 BMW R1250 GS med 2369 stk<\/figcaption><\/figure>\n<figure id=\"attachment_31582\" aria-describedby=\"caption-attachment-31582\" style=\"width: 800px\" class=\"wp-caption aligncenter\"><img decoding=\"async\" class=\"wp-image-31582 size-full\" src=\"https:\/\/mouldking.store\/wp-content\/uploads\/2022\/05\/TGL-T4022-BMW-R1250GS-15-1.png\" alt=\"TGL T4022 BMW R1250 GS with 2369 pieces\" width=\"800\" height=\"800\" title=\"-\" srcset=\"https:\/\/mouldking.store\/wp-content\/uploads\/2022\/05\/TGL-T4022-BMW-R1250GS-15-1.png 800w, https:\/\/mouldking.store\/wp-content\/uploads\/2022\/05\/TGL-T4022-BMW-R1250GS-15-1-300x300.png 300w, https:\/\/mouldking.store\/wp-content\/uploads\/2022\/05\/TGL-T4022-BMW-R1250GS-15-1-768x768.png 768w, https:\/\/mouldking.store\/wp-content\/uploads\/2022\/05\/TGL-T4022-BMW-R1250GS-15-1-600x600.png 600w, https:\/\/mouldking.store\/wp-content\/uploads\/2022\/05\/TGL-T4022-BMW-R1250GS-15-1-150x150.png 150w\" sizes=\"(max-width: 800px) 100vw, 800px\" \/><figcaption id=\"caption-attachment-31582\" class=\"wp-caption-text\">TGL T4022 BMW R1250 GS med 2369 stk<\/figcaption><\/figure>\n<figure id=\"attachment_31583\" aria-describedby=\"caption-attachment-31583\" style=\"width: 800px\" class=\"wp-caption aligncenter\"><img decoding=\"async\" class=\"wp-image-31583 size-full\" src=\"https:\/\/mouldking.store\/wp-content\/uploads\/2022\/05\/TGL-T4022-BMW-R1250GS-15-2.png\" alt=\"TGL T4022 BMW R1250 GS with 2369 pieces\" width=\"800\" height=\"800\" title=\"-\" srcset=\"https:\/\/mouldking.store\/wp-content\/uploads\/2022\/05\/TGL-T4022-BMW-R1250GS-15-2.png 800w, https:\/\/mouldking.store\/wp-content\/uploads\/2022\/05\/TGL-T4022-BMW-R1250GS-15-2-300x300.png 300w, https:\/\/mouldking.store\/wp-content\/uploads\/2022\/05\/TGL-T4022-BMW-R1250GS-15-2-768x768.png 768w, https:\/\/mouldking.store\/wp-content\/uploads\/2022\/05\/TGL-T4022-BMW-R1250GS-15-2-600x600.png 600w, https:\/\/mouldking.store\/wp-content\/uploads\/2022\/05\/TGL-T4022-BMW-R1250GS-15-2-150x150.png 150w\" sizes=\"(max-width: 800px) 100vw, 800px\" \/><figcaption id=\"caption-attachment-31583\" class=\"wp-caption-text\">TGL T4022 BMW R1250 GS med 2369 stk<\/figcaption><\/figure>\n<figure id=\"attachment_31584\" aria-describedby=\"caption-attachment-31584\" style=\"width: 800px\" class=\"wp-caption aligncenter\"><img loading=\"lazy\" decoding=\"async\" class=\"wp-image-31584 size-full\" src=\"https:\/\/mouldking.store\/wp-content\/uploads\/2022\/05\/TGL-T4022-BMW-R1250GS-15-3.png\" alt=\"TGL T4022 BMW R1250 GS with 2369 pieces\" width=\"800\" height=\"800\" title=\"-\" srcset=\"https:\/\/mouldking.store\/wp-content\/uploads\/2022\/05\/TGL-T4022-BMW-R1250GS-15-3.png 800w, https:\/\/mouldking.store\/wp-content\/uploads\/2022\/05\/TGL-T4022-BMW-R1250GS-15-3-300x300.png 300w, https:\/\/mouldking.store\/wp-content\/uploads\/2022\/05\/TGL-T4022-BMW-R1250GS-15-3-768x768.png 768w, https:\/\/mouldking.store\/wp-content\/uploads\/2022\/05\/TGL-T4022-BMW-R1250GS-15-3-600x600.png 600w, https:\/\/mouldking.store\/wp-content\/uploads\/2022\/05\/TGL-T4022-BMW-R1250GS-15-3-150x150.png 150w\" sizes=\"(max-width: 800px) 100vw, 800px\" \/><figcaption id=\"caption-attachment-31584\" class=\"wp-caption-text\">TGL T4022 BMW R1250 GS med 2369 stk<\/figcaption><\/figure>","protected":false},"excerpt":{"rendered":"<p>Product information: Brand: TGL Gender: Unisex Name: BMW R1250 GS Age Range: &gt; 6 years old Model Number: T4022 Classification: Assemblage Plastic Block Shape: Self-Locking Bricks Material: Plastic Plastic Type: ABS Bricks Blocks: 2369\u00a0PCS Contains detailed assembly instructions. Notice: 1. Without an original box, but we guarantee our products have quality assurance and nice packaging. [&hellip;]<\/p>","protected":false},"featured_media":31581,"comment_status":"closed","ping_status":"closed","template":"","meta":{"_acf_changed":false},"product_cat":[364],"product_tag":[5583,5585,5581,5586,5584,5582,2739,5580,5579,5578],"class_list":["product","first","instock","shipping-taxable","purchasable","product-type-simple"],"acf":[],"_links":{"self":[{"href":"https:\/\/mouldking.store\/nb\/wp-json\/wp\/v2\/product\/31580","targetHints":{"allow":["GET"]}}],"collection":[{"href":"https:\/\/mouldking.store\/nb\/wp-json\/wp\/v2\/product"}],"about":[{"href":"https:\/\/mouldking.store\/nb\/wp-json\/wp\/v2\/types\/product"}],"replies":[{"embeddable":true,"href":"https:\/\/mouldking.store\/nb\/wp-json\/wp\/v2\/comments?post=31580"}],"wp:featuredmedia":[{"embeddable":true,"href":"https:\/\/mouldking.store\/nb\/wp-json\/wp\/v2\/media\/31581"}],"wp:attachment":[{"href":"https:\/\/mouldking.store\/nb\/wp-json\/wp\/v2\/media?parent=31580"}],"wp:term":[{"taxonomy":"product_cat","embeddable":true,"href":"https:\/\/mouldking.store\/nb\/wp-json\/wp\/v2\/product_cat?post=31580"},{"taxonomy":"product_tag","embeddable":true,"href":"https:\/\/mouldking.store\/nb\/wp-json\/wp\/v2\/product_tag?post=31580"}],"curies":[{"name":"wp","href":"https:\/\/api.w.org\/{rel}","templated":true}]}}