{"id":31590,"date":"2022-05-27T16:16:37","date_gmt":"2022-05-27T09:16:37","guid":{"rendered":"https:\/\/mouldking.store\/?post_type=product&#038;p=31590"},"modified":"2022-05-27T16:16:37","modified_gmt":"2022-05-27T09:16:37","slug":"juhang-86017-golf-resort-course-with-3022-pieces","status":"publish","type":"product","link":"https:\/\/mouldking.store\/nb\/shop\/juhang-86017-golf-resort-course-with-3022-pieces\/","title":{"rendered":"JUHANG 86017 Golf Resort-bane med 3022 stykker"},"content":{"rendered":"<p>Produktinformasjon:<\/p>\n<ol>\n<li>Brand: JUHANG<\/li>\n<li>Kj\u00f8nn: Unisex<\/li>\n<li>Name: Golf Resort Course<\/li>\n<li>Aldersgruppe: &gt; 6 \u00e5r gammel<\/li>\n<li>Model Number: 86017<\/li>\n<li>Klassifisering: Montering<\/li>\n<li>Plastblokkform: Selvl\u00e5sende murstein<\/li>\n<li>Materiale: Plast<\/li>\n<li>Plasttype: ABS<\/li>\n<li>Bricks Blocks: 3022 PCS<\/li>\n<li>Inneholder detaljerte monteringsanvisninger.<\/li>\n<\/ol>\n<p>Legge merke til:<br \/>\n1. Uten original eske, men vi garanterer at v\u00e5re produkter har kvalitetssikring og pen emballasje.<br \/>\n2. Som alle delene vi har sjekket f\u00f8r frakt, s\u00e5 hvis du finner noen deler savnet eller skadet, ikke bekymre deg og bare kontakt oss, s\u00e5 kan vi sende dem til deg p\u00e5 nytt umiddelbart gratis.<\/p>\n<p>&nbsp;<\/p>\n<figure id=\"attachment_31591\" aria-describedby=\"caption-attachment-31591\" style=\"width: 800px\" class=\"wp-caption aligncenter\"><img fetchpriority=\"high\" decoding=\"async\" class=\"wp-image-31591 size-full\" src=\"https:\/\/mouldking.store\/wp-content\/uploads\/2022\/05\/JuHang-86017-Golf-Resort-Course-2.png\" alt=\"JUHANG 86017 Golf Resort Course with 3022 pieces\" width=\"800\" height=\"800\" title=\"-\" srcset=\"https:\/\/mouldking.store\/wp-content\/uploads\/2022\/05\/JuHang-86017-Golf-Resort-Course-2.png 800w, https:\/\/mouldking.store\/wp-content\/uploads\/2022\/05\/JuHang-86017-Golf-Resort-Course-2-300x300.png 300w, https:\/\/mouldking.store\/wp-content\/uploads\/2022\/05\/JuHang-86017-Golf-Resort-Course-2-768x768.png 768w, https:\/\/mouldking.store\/wp-content\/uploads\/2022\/05\/JuHang-86017-Golf-Resort-Course-2-600x600.png 600w, https:\/\/mouldking.store\/wp-content\/uploads\/2022\/05\/JuHang-86017-Golf-Resort-Course-2-150x150.png 150w\" sizes=\"(max-width: 800px) 100vw, 800px\" \/><figcaption id=\"caption-attachment-31591\" class=\"wp-caption-text\">JUHANG 86017 Golf Resort-bane med 3022 stykker<\/figcaption><\/figure>\n<figure id=\"attachment_31594\" aria-describedby=\"caption-attachment-31594\" style=\"width: 800px\" class=\"wp-caption aligncenter\"><img decoding=\"async\" class=\"wp-image-31594 size-full\" src=\"https:\/\/mouldking.store\/wp-content\/uploads\/2022\/05\/JuHang-86017-Golf-Resort-Course-1.png\" alt=\"JUHANG 86017 Golf Resort Course with 3022 pieces\" width=\"800\" height=\"800\" title=\"-\" srcset=\"https:\/\/mouldking.store\/wp-content\/uploads\/2022\/05\/JuHang-86017-Golf-Resort-Course-1.png 800w, https:\/\/mouldking.store\/wp-content\/uploads\/2022\/05\/JuHang-86017-Golf-Resort-Course-1-300x300.png 300w, https:\/\/mouldking.store\/wp-content\/uploads\/2022\/05\/JuHang-86017-Golf-Resort-Course-1-768x768.png 768w, https:\/\/mouldking.store\/wp-content\/uploads\/2022\/05\/JuHang-86017-Golf-Resort-Course-1-600x600.png 600w, https:\/\/mouldking.store\/wp-content\/uploads\/2022\/05\/JuHang-86017-Golf-Resort-Course-1-150x150.png 150w\" sizes=\"(max-width: 800px) 100vw, 800px\" \/><figcaption id=\"caption-attachment-31594\" class=\"wp-caption-text\">JUHANG 86017 Golf Resort-bane med 3022 stykker<\/figcaption><\/figure>\n<figure id=\"attachment_31592\" aria-describedby=\"caption-attachment-31592\" style=\"width: 800px\" class=\"wp-caption aligncenter\"><img decoding=\"async\" class=\"wp-image-31592 size-full\" src=\"https:\/\/mouldking.store\/wp-content\/uploads\/2022\/05\/JuHang-86017-Golf-Resort-Course-3.png\" alt=\"JUHANG 86017 Golf Resort Course with 3022 pieces\" width=\"800\" height=\"800\" title=\"-\" srcset=\"https:\/\/mouldking.store\/wp-content\/uploads\/2022\/05\/JuHang-86017-Golf-Resort-Course-3.png 800w, https:\/\/mouldking.store\/wp-content\/uploads\/2022\/05\/JuHang-86017-Golf-Resort-Course-3-300x300.png 300w, https:\/\/mouldking.store\/wp-content\/uploads\/2022\/05\/JuHang-86017-Golf-Resort-Course-3-768x768.png 768w, https:\/\/mouldking.store\/wp-content\/uploads\/2022\/05\/JuHang-86017-Golf-Resort-Course-3-600x600.png 600w, https:\/\/mouldking.store\/wp-content\/uploads\/2022\/05\/JuHang-86017-Golf-Resort-Course-3-150x150.png 150w\" sizes=\"(max-width: 800px) 100vw, 800px\" \/><figcaption id=\"caption-attachment-31592\" class=\"wp-caption-text\">JUHANG 86017 Golf Resort-bane med 3022 stykker<\/figcaption><\/figure>\n<figure id=\"attachment_31593\" aria-describedby=\"caption-attachment-31593\" style=\"width: 800px\" class=\"wp-caption aligncenter\"><img loading=\"lazy\" decoding=\"async\" class=\"wp-image-31593 size-full\" src=\"https:\/\/mouldking.store\/wp-content\/uploads\/2022\/05\/JuHang-86017-Golf-Resort-Course-4.png\" alt=\"JUHANG 86017 Golf Resort Course with 3022 pieces\" width=\"800\" height=\"800\" title=\"-\" srcset=\"https:\/\/mouldking.store\/wp-content\/uploads\/2022\/05\/JuHang-86017-Golf-Resort-Course-4.png 800w, https:\/\/mouldking.store\/wp-content\/uploads\/2022\/05\/JuHang-86017-Golf-Resort-Course-4-300x300.png 300w, https:\/\/mouldking.store\/wp-content\/uploads\/2022\/05\/JuHang-86017-Golf-Resort-Course-4-768x768.png 768w, https:\/\/mouldking.store\/wp-content\/uploads\/2022\/05\/JuHang-86017-Golf-Resort-Course-4-600x600.png 600w, https:\/\/mouldking.store\/wp-content\/uploads\/2022\/05\/JuHang-86017-Golf-Resort-Course-4-150x150.png 150w\" sizes=\"(max-width: 800px) 100vw, 800px\" \/><figcaption id=\"caption-attachment-31593\" class=\"wp-caption-text\">JUHANG 86017 Golf Resort-bane med 3022 stykker<\/figcaption><\/figure>","protected":false},"excerpt":{"rendered":"<p>Product information: Brand: JUHANG Gender: Unisex Name: Golf Resort Course Age Range: &gt; 6 years old Model Number: 86017 Classification: Assemblage Plastic Block Shape: Self-Locking Bricks Material: Plastic Plastic Type: ABS Bricks Blocks: 3022 PCS Contains detailed assembly instructions. Notice: 1. Without an original box, but we guarantee our products have quality assurance and nice [&hellip;]<\/p>","protected":false},"featured_media":31591,"comment_status":"closed","ping_status":"closed","template":"","meta":{"_acf_changed":false},"product_cat":[390],"product_tag":[5599,5601,5602,5600,5598,2649,5597,5596,5595,5603],"class_list":["product","first","instock","shipping-taxable","purchasable","product-type-simple"],"acf":[],"_links":{"self":[{"href":"https:\/\/mouldking.store\/nb\/wp-json\/wp\/v2\/product\/31590","targetHints":{"allow":["GET"]}}],"collection":[{"href":"https:\/\/mouldking.store\/nb\/wp-json\/wp\/v2\/product"}],"about":[{"href":"https:\/\/mouldking.store\/nb\/wp-json\/wp\/v2\/types\/product"}],"replies":[{"embeddable":true,"href":"https:\/\/mouldking.store\/nb\/wp-json\/wp\/v2\/comments?post=31590"}],"wp:featuredmedia":[{"embeddable":true,"href":"https:\/\/mouldking.store\/nb\/wp-json\/wp\/v2\/media\/31591"}],"wp:attachment":[{"href":"https:\/\/mouldking.store\/nb\/wp-json\/wp\/v2\/media?parent=31590"}],"wp:term":[{"taxonomy":"product_cat","embeddable":true,"href":"https:\/\/mouldking.store\/nb\/wp-json\/wp\/v2\/product_cat?post=31590"},{"taxonomy":"product_tag","embeddable":true,"href":"https:\/\/mouldking.store\/nb\/wp-json\/wp\/v2\/product_tag?post=31590"}],"curies":[{"name":"wp","href":"https:\/\/api.w.org\/{rel}","templated":true}]}}