{"id":31609,"date":"2022-05-27T16:36:32","date_gmt":"2022-05-27T09:36:32","guid":{"rendered":"https:\/\/mouldking.store\/?post_type=product&#038;p=31609"},"modified":"2025-12-25T09:12:29","modified_gmt":"2025-12-25T02:12:29","slug":"moc-89668-d-va-gun-overwatch-with-794-pieces","status":"publish","type":"product","link":"https:\/\/mouldking.store\/nb\/shop\/moc-89668-d-va-gun-overwatch-with-794-pieces\/","title":{"rendered":"MOC-89668 D.VA Gun-Overwatch med 794 deler"},"content":{"rendered":"<p>Produktinformasjon:<\/p>\n<ol>\n<li>Merke: MOC<\/li>\n<li>Kj\u00f8nn: Unisex<\/li>\n<li>Navn: D.VA Gun-Overwatch<\/li>\n<li>Aldersgruppe: &gt; 6 \u00e5r gammel<\/li>\n<li>Modellnummer: MOC-89668<\/li>\n<li>Klassifisering: Montering<\/li>\n<li>Plastblokkform: Selvl\u00e5sende murstein<\/li>\n<li>Materiale: Plast<\/li>\n<li>Plasttype: ABS<\/li>\n<li>Mursteinsblokker: 794 STK<\/li>\n<li>Inneholder detaljerte monteringsanvisninger.<\/li>\n<\/ol>\n<p>Legge merke til:<br \/>\n1. Uten original eske, men vi garanterer at v\u00e5re produkter har kvalitetssikring og pen emballasje.<br \/>\n2. Som alle delene vi har sjekket f\u00f8r frakt, s\u00e5 hvis du finner noen deler savnet eller skadet, ikke bekymre deg og bare kontakt oss, s\u00e5 kan vi sende dem til deg p\u00e5 nytt umiddelbart gratis.<\/p>\n<figure id=\"attachment_31616\" aria-describedby=\"caption-attachment-31616\" style=\"width: 1000px\" class=\"wp-caption aligncenter\"><img fetchpriority=\"high\" decoding=\"async\" class=\"wp-image-31616 size-full\" src=\"https:\/\/mouldking.store\/wp-content\/uploads\/2022\/05\/MOCBRICKLAND-MOC-89668-D.VA-Gun-Overwatch-8.jpg\" alt=\"MOC-89668 D.VA Gun-Overwatch with 794 pieces\" width=\"1000\" height=\"1000\" title=\"-\" srcset=\"https:\/\/mouldking.store\/wp-content\/uploads\/2022\/05\/MOCBRICKLAND-MOC-89668-D.VA-Gun-Overwatch-8.jpg 1000w, https:\/\/mouldking.store\/wp-content\/uploads\/2022\/05\/MOCBRICKLAND-MOC-89668-D.VA-Gun-Overwatch-8-300x300.jpg 300w, https:\/\/mouldking.store\/wp-content\/uploads\/2022\/05\/MOCBRICKLAND-MOC-89668-D.VA-Gun-Overwatch-8-768x768.jpg 768w, https:\/\/mouldking.store\/wp-content\/uploads\/2022\/05\/MOCBRICKLAND-MOC-89668-D.VA-Gun-Overwatch-8-600x600.jpg 600w, https:\/\/mouldking.store\/wp-content\/uploads\/2022\/05\/MOCBRICKLAND-MOC-89668-D.VA-Gun-Overwatch-8-150x150.jpg 150w\" sizes=\"(max-width: 1000px) 100vw, 1000px\" \/><figcaption id=\"caption-attachment-31616\" class=\"wp-caption-text\">MOC-89668 D.VA Gun-Overwatch med 794 deler<\/figcaption><\/figure>\n<figure id=\"attachment_31617\" aria-describedby=\"caption-attachment-31617\" style=\"width: 1000px\" class=\"wp-caption aligncenter\"><img decoding=\"async\" class=\"wp-image-31617 size-full\" src=\"https:\/\/mouldking.store\/wp-content\/uploads\/2022\/05\/MOCBRICKLAND-MOC-89668-D.VA-Gun-Overwatch-7.jpg\" alt=\"MOC-89668 D.VA Gun-Overwatch with 794 pieces\" width=\"1000\" height=\"1000\" title=\"-\" srcset=\"https:\/\/mouldking.store\/wp-content\/uploads\/2022\/05\/MOCBRICKLAND-MOC-89668-D.VA-Gun-Overwatch-7.jpg 1000w, https:\/\/mouldking.store\/wp-content\/uploads\/2022\/05\/MOCBRICKLAND-MOC-89668-D.VA-Gun-Overwatch-7-300x300.jpg 300w, https:\/\/mouldking.store\/wp-content\/uploads\/2022\/05\/MOCBRICKLAND-MOC-89668-D.VA-Gun-Overwatch-7-768x768.jpg 768w, https:\/\/mouldking.store\/wp-content\/uploads\/2022\/05\/MOCBRICKLAND-MOC-89668-D.VA-Gun-Overwatch-7-600x600.jpg 600w, https:\/\/mouldking.store\/wp-content\/uploads\/2022\/05\/MOCBRICKLAND-MOC-89668-D.VA-Gun-Overwatch-7-150x150.jpg 150w\" sizes=\"(max-width: 1000px) 100vw, 1000px\" \/><figcaption id=\"caption-attachment-31617\" class=\"wp-caption-text\">MOC-89668 D.VA Gun-Overwatch med 794 deler<\/figcaption><\/figure>\n<figure id=\"attachment_31613\" aria-describedby=\"caption-attachment-31613\" style=\"width: 1000px\" class=\"wp-caption aligncenter\"><img decoding=\"async\" class=\"wp-image-31613 size-full\" src=\"https:\/\/mouldking.store\/wp-content\/uploads\/2022\/05\/MOCBRICKLAND-MOC-89668-D.VA-Gun-Overwatch-9.jpg\" alt=\"MOC-89668 D.VA Gun-Overwatch with 794 pieces\" width=\"1000\" height=\"1000\" title=\"-\" srcset=\"https:\/\/mouldking.store\/wp-content\/uploads\/2022\/05\/MOCBRICKLAND-MOC-89668-D.VA-Gun-Overwatch-9.jpg 1000w, https:\/\/mouldking.store\/wp-content\/uploads\/2022\/05\/MOCBRICKLAND-MOC-89668-D.VA-Gun-Overwatch-9-300x300.jpg 300w, https:\/\/mouldking.store\/wp-content\/uploads\/2022\/05\/MOCBRICKLAND-MOC-89668-D.VA-Gun-Overwatch-9-768x768.jpg 768w, https:\/\/mouldking.store\/wp-content\/uploads\/2022\/05\/MOCBRICKLAND-MOC-89668-D.VA-Gun-Overwatch-9-600x600.jpg 600w, https:\/\/mouldking.store\/wp-content\/uploads\/2022\/05\/MOCBRICKLAND-MOC-89668-D.VA-Gun-Overwatch-9-150x150.jpg 150w\" sizes=\"(max-width: 1000px) 100vw, 1000px\" \/><figcaption id=\"caption-attachment-31613\" class=\"wp-caption-text\">MOC-89668 D.VA Gun-Overwatch med 794 deler<\/figcaption><\/figure>\n<figure id=\"attachment_31610\" aria-describedby=\"caption-attachment-31610\" style=\"width: 1000px\" class=\"wp-caption aligncenter\"><img loading=\"lazy\" decoding=\"async\" class=\"wp-image-31610 size-full\" src=\"https:\/\/mouldking.store\/wp-content\/uploads\/2022\/05\/MOCBRICKLAND-MOC-89668-D.VA-Gun-Overwatch-2.jpg\" alt=\"MOC-89668 D.VA Gun-Overwatch with 794 pieces\" width=\"1000\" height=\"1000\" title=\"-\" srcset=\"https:\/\/mouldking.store\/wp-content\/uploads\/2022\/05\/MOCBRICKLAND-MOC-89668-D.VA-Gun-Overwatch-2.jpg 1000w, https:\/\/mouldking.store\/wp-content\/uploads\/2022\/05\/MOCBRICKLAND-MOC-89668-D.VA-Gun-Overwatch-2-300x300.jpg 300w, https:\/\/mouldking.store\/wp-content\/uploads\/2022\/05\/MOCBRICKLAND-MOC-89668-D.VA-Gun-Overwatch-2-768x768.jpg 768w, https:\/\/mouldking.store\/wp-content\/uploads\/2022\/05\/MOCBRICKLAND-MOC-89668-D.VA-Gun-Overwatch-2-600x600.jpg 600w, https:\/\/mouldking.store\/wp-content\/uploads\/2022\/05\/MOCBRICKLAND-MOC-89668-D.VA-Gun-Overwatch-2-150x150.jpg 150w\" sizes=\"(max-width: 1000px) 100vw, 1000px\" \/><figcaption id=\"caption-attachment-31610\" class=\"wp-caption-text\">MOC-89668 D.VA Gun-Overwatch med 794 deler<\/figcaption><\/figure>\n<figure id=\"attachment_31611\" aria-describedby=\"caption-attachment-31611\" style=\"width: 1000px\" class=\"wp-caption aligncenter\"><img loading=\"lazy\" decoding=\"async\" class=\"wp-image-31611 size-full\" src=\"https:\/\/mouldking.store\/wp-content\/uploads\/2022\/05\/MOCBRICKLAND-MOC-89668-D.VA-Gun-Overwatch-1.jpg\" alt=\"MOC-89668 D.VA Gun-Overwatch with 794 pieces\" width=\"1000\" height=\"1000\" title=\"-\" srcset=\"https:\/\/mouldking.store\/wp-content\/uploads\/2022\/05\/MOCBRICKLAND-MOC-89668-D.VA-Gun-Overwatch-1.jpg 1000w, https:\/\/mouldking.store\/wp-content\/uploads\/2022\/05\/MOCBRICKLAND-MOC-89668-D.VA-Gun-Overwatch-1-300x300.jpg 300w, https:\/\/mouldking.store\/wp-content\/uploads\/2022\/05\/MOCBRICKLAND-MOC-89668-D.VA-Gun-Overwatch-1-768x768.jpg 768w, https:\/\/mouldking.store\/wp-content\/uploads\/2022\/05\/MOCBRICKLAND-MOC-89668-D.VA-Gun-Overwatch-1-600x600.jpg 600w, https:\/\/mouldking.store\/wp-content\/uploads\/2022\/05\/MOCBRICKLAND-MOC-89668-D.VA-Gun-Overwatch-1-150x150.jpg 150w\" sizes=\"(max-width: 1000px) 100vw, 1000px\" \/><figcaption id=\"caption-attachment-31611\" class=\"wp-caption-text\">MOC-89668 D.VA Gun-Overwatch med 794 deler<\/figcaption><\/figure>\n<figure id=\"attachment_31612\" aria-describedby=\"caption-attachment-31612\" style=\"width: 1000px\" class=\"wp-caption aligncenter\"><img loading=\"lazy\" decoding=\"async\" class=\"wp-image-31612 size-full\" src=\"https:\/\/mouldking.store\/wp-content\/uploads\/2022\/05\/MOCBRICKLAND-MOC-89668-D.VA-Gun-Overwatch-12.jpg\" alt=\"MOC-89668 D.VA Gun-Overwatch with 794 pieces\" width=\"1000\" height=\"1000\" title=\"-\" srcset=\"https:\/\/mouldking.store\/wp-content\/uploads\/2022\/05\/MOCBRICKLAND-MOC-89668-D.VA-Gun-Overwatch-12.jpg 1000w, https:\/\/mouldking.store\/wp-content\/uploads\/2022\/05\/MOCBRICKLAND-MOC-89668-D.VA-Gun-Overwatch-12-300x300.jpg 300w, https:\/\/mouldking.store\/wp-content\/uploads\/2022\/05\/MOCBRICKLAND-MOC-89668-D.VA-Gun-Overwatch-12-768x768.jpg 768w, https:\/\/mouldking.store\/wp-content\/uploads\/2022\/05\/MOCBRICKLAND-MOC-89668-D.VA-Gun-Overwatch-12-600x600.jpg 600w, https:\/\/mouldking.store\/wp-content\/uploads\/2022\/05\/MOCBRICKLAND-MOC-89668-D.VA-Gun-Overwatch-12-150x150.jpg 150w\" sizes=\"(max-width: 1000px) 100vw, 1000px\" \/><figcaption id=\"caption-attachment-31612\" class=\"wp-caption-text\">MOC-89668 D.VA Gun-Overwatch med 794 deler<\/figcaption><\/figure>\n<figure id=\"attachment_31621\" aria-describedby=\"caption-attachment-31621\" style=\"width: 1000px\" class=\"wp-caption aligncenter\"><img loading=\"lazy\" decoding=\"async\" class=\"wp-image-31621 size-full\" src=\"https:\/\/mouldking.store\/wp-content\/uploads\/2022\/05\/MOCBRICKLAND-MOC-89668-D.VA-Gun-Overwatch-3.jpg\" alt=\"MOC-89668 D.VA Gun-Overwatch with 794 pieces\" width=\"1000\" height=\"1000\" title=\"-\" srcset=\"https:\/\/mouldking.store\/wp-content\/uploads\/2022\/05\/MOCBRICKLAND-MOC-89668-D.VA-Gun-Overwatch-3.jpg 1000w, https:\/\/mouldking.store\/wp-content\/uploads\/2022\/05\/MOCBRICKLAND-MOC-89668-D.VA-Gun-Overwatch-3-300x300.jpg 300w, https:\/\/mouldking.store\/wp-content\/uploads\/2022\/05\/MOCBRICKLAND-MOC-89668-D.VA-Gun-Overwatch-3-768x768.jpg 768w, https:\/\/mouldking.store\/wp-content\/uploads\/2022\/05\/MOCBRICKLAND-MOC-89668-D.VA-Gun-Overwatch-3-600x600.jpg 600w, https:\/\/mouldking.store\/wp-content\/uploads\/2022\/05\/MOCBRICKLAND-MOC-89668-D.VA-Gun-Overwatch-3-150x150.jpg 150w\" sizes=\"(max-width: 1000px) 100vw, 1000px\" \/><figcaption id=\"caption-attachment-31621\" class=\"wp-caption-text\">MOC-89668 D.VA Gun-Overwatch med 794 deler<\/figcaption><\/figure>\n<figure id=\"attachment_31615\" aria-describedby=\"caption-attachment-31615\" style=\"width: 1000px\" class=\"wp-caption aligncenter\"><img loading=\"lazy\" decoding=\"async\" class=\"wp-image-31615 size-full\" src=\"https:\/\/mouldking.store\/wp-content\/uploads\/2022\/05\/MOCBRICKLAND-MOC-89668-D.VA-Gun-Overwatch-10.jpg\" alt=\"MOC-89668 D.VA Gun-Overwatch with 794 pieces\" width=\"1000\" height=\"1000\" title=\"-\" srcset=\"https:\/\/mouldking.store\/wp-content\/uploads\/2022\/05\/MOCBRICKLAND-MOC-89668-D.VA-Gun-Overwatch-10.jpg 1000w, https:\/\/mouldking.store\/wp-content\/uploads\/2022\/05\/MOCBRICKLAND-MOC-89668-D.VA-Gun-Overwatch-10-300x300.jpg 300w, https:\/\/mouldking.store\/wp-content\/uploads\/2022\/05\/MOCBRICKLAND-MOC-89668-D.VA-Gun-Overwatch-10-768x768.jpg 768w, https:\/\/mouldking.store\/wp-content\/uploads\/2022\/05\/MOCBRICKLAND-MOC-89668-D.VA-Gun-Overwatch-10-600x600.jpg 600w, https:\/\/mouldking.store\/wp-content\/uploads\/2022\/05\/MOCBRICKLAND-MOC-89668-D.VA-Gun-Overwatch-10-150x150.jpg 150w\" sizes=\"(max-width: 1000px) 100vw, 1000px\" \/><figcaption id=\"caption-attachment-31615\" class=\"wp-caption-text\">MOC-89668 D.VA Gun-Overwatch med 794 deler<\/figcaption><\/figure>\n<figure id=\"attachment_31614\" aria-describedby=\"caption-attachment-31614\" style=\"width: 1000px\" class=\"wp-caption aligncenter\"><img loading=\"lazy\" decoding=\"async\" class=\"wp-image-31614 size-full\" src=\"https:\/\/mouldking.store\/wp-content\/uploads\/2022\/05\/MOCBRICKLAND-MOC-89668-D.VA-Gun-Overwatch-11.jpg\" alt=\"MOC-89668 D.VA Gun-Overwatch with 794 pieces\" width=\"1000\" height=\"1000\" title=\"-\" srcset=\"https:\/\/mouldking.store\/wp-content\/uploads\/2022\/05\/MOCBRICKLAND-MOC-89668-D.VA-Gun-Overwatch-11.jpg 1000w, https:\/\/mouldking.store\/wp-content\/uploads\/2022\/05\/MOCBRICKLAND-MOC-89668-D.VA-Gun-Overwatch-11-300x300.jpg 300w, https:\/\/mouldking.store\/wp-content\/uploads\/2022\/05\/MOCBRICKLAND-MOC-89668-D.VA-Gun-Overwatch-11-768x768.jpg 768w, https:\/\/mouldking.store\/wp-content\/uploads\/2022\/05\/MOCBRICKLAND-MOC-89668-D.VA-Gun-Overwatch-11-600x600.jpg 600w, https:\/\/mouldking.store\/wp-content\/uploads\/2022\/05\/MOCBRICKLAND-MOC-89668-D.VA-Gun-Overwatch-11-150x150.jpg 150w\" sizes=\"(max-width: 1000px) 100vw, 1000px\" \/><figcaption id=\"caption-attachment-31614\" class=\"wp-caption-text\">MOC-89668 D.VA Gun-Overwatch med 794 deler<\/figcaption><\/figure>\n<figure id=\"attachment_31620\" aria-describedby=\"caption-attachment-31620\" style=\"width: 1000px\" class=\"wp-caption aligncenter\"><img loading=\"lazy\" decoding=\"async\" class=\"wp-image-31620 size-full\" src=\"https:\/\/mouldking.store\/wp-content\/uploads\/2022\/05\/MOCBRICKLAND-MOC-89668-D.VA-Gun-Overwatch-4.jpg\" alt=\"MOC-89668 D.VA Gun-Overwatch with 794 pieces\" width=\"1000\" height=\"1000\" title=\"-\" srcset=\"https:\/\/mouldking.store\/wp-content\/uploads\/2022\/05\/MOCBRICKLAND-MOC-89668-D.VA-Gun-Overwatch-4.jpg 1000w, https:\/\/mouldking.store\/wp-content\/uploads\/2022\/05\/MOCBRICKLAND-MOC-89668-D.VA-Gun-Overwatch-4-300x300.jpg 300w, https:\/\/mouldking.store\/wp-content\/uploads\/2022\/05\/MOCBRICKLAND-MOC-89668-D.VA-Gun-Overwatch-4-768x768.jpg 768w, https:\/\/mouldking.store\/wp-content\/uploads\/2022\/05\/MOCBRICKLAND-MOC-89668-D.VA-Gun-Overwatch-4-600x600.jpg 600w, https:\/\/mouldking.store\/wp-content\/uploads\/2022\/05\/MOCBRICKLAND-MOC-89668-D.VA-Gun-Overwatch-4-150x150.jpg 150w\" sizes=\"(max-width: 1000px) 100vw, 1000px\" \/><figcaption id=\"caption-attachment-31620\" class=\"wp-caption-text\">MOC-89668 D.VA Gun-Overwatch med 794 deler<\/figcaption><\/figure>\n<figure id=\"attachment_31619\" aria-describedby=\"caption-attachment-31619\" style=\"width: 1000px\" class=\"wp-caption aligncenter\"><img loading=\"lazy\" decoding=\"async\" class=\"wp-image-31619 size-full\" src=\"https:\/\/mouldking.store\/wp-content\/uploads\/2022\/05\/MOCBRICKLAND-MOC-89668-D.VA-Gun-Overwatch-5.jpg\" alt=\"MOC-89668 D.VA Gun-Overwatch with 794 pieces\" width=\"1000\" height=\"1000\" title=\"-\" srcset=\"https:\/\/mouldking.store\/wp-content\/uploads\/2022\/05\/MOCBRICKLAND-MOC-89668-D.VA-Gun-Overwatch-5.jpg 1000w, https:\/\/mouldking.store\/wp-content\/uploads\/2022\/05\/MOCBRICKLAND-MOC-89668-D.VA-Gun-Overwatch-5-300x300.jpg 300w, https:\/\/mouldking.store\/wp-content\/uploads\/2022\/05\/MOCBRICKLAND-MOC-89668-D.VA-Gun-Overwatch-5-768x768.jpg 768w, https:\/\/mouldking.store\/wp-content\/uploads\/2022\/05\/MOCBRICKLAND-MOC-89668-D.VA-Gun-Overwatch-5-600x600.jpg 600w, https:\/\/mouldking.store\/wp-content\/uploads\/2022\/05\/MOCBRICKLAND-MOC-89668-D.VA-Gun-Overwatch-5-150x150.jpg 150w\" sizes=\"(max-width: 1000px) 100vw, 1000px\" \/><figcaption id=\"caption-attachment-31619\" class=\"wp-caption-text\">MOC-89668 D.VA Gun-Overwatch med 794 deler<\/figcaption><\/figure>\n<figure id=\"attachment_31618\" aria-describedby=\"caption-attachment-31618\" style=\"width: 1000px\" class=\"wp-caption aligncenter\"><img loading=\"lazy\" decoding=\"async\" class=\"wp-image-31618 size-full\" src=\"https:\/\/mouldking.store\/wp-content\/uploads\/2022\/05\/MOCBRICKLAND-MOC-89668-D.VA-Gun-Overwatch-6.jpg\" alt=\"MOC-89668 D.VA Gun-Overwatch with 794 pieces\" width=\"1000\" height=\"1000\" title=\"-\" srcset=\"https:\/\/mouldking.store\/wp-content\/uploads\/2022\/05\/MOCBRICKLAND-MOC-89668-D.VA-Gun-Overwatch-6.jpg 1000w, https:\/\/mouldking.store\/wp-content\/uploads\/2022\/05\/MOCBRICKLAND-MOC-89668-D.VA-Gun-Overwatch-6-300x300.jpg 300w, https:\/\/mouldking.store\/wp-content\/uploads\/2022\/05\/MOCBRICKLAND-MOC-89668-D.VA-Gun-Overwatch-6-768x768.jpg 768w, https:\/\/mouldking.store\/wp-content\/uploads\/2022\/05\/MOCBRICKLAND-MOC-89668-D.VA-Gun-Overwatch-6-600x600.jpg 600w, https:\/\/mouldking.store\/wp-content\/uploads\/2022\/05\/MOCBRICKLAND-MOC-89668-D.VA-Gun-Overwatch-6-150x150.jpg 150w\" sizes=\"(max-width: 1000px) 100vw, 1000px\" \/><figcaption id=\"caption-attachment-31618\" class=\"wp-caption-text\">MOC-89668 D.VA Gun-Overwatch med 794 deler<\/figcaption><\/figure>","protected":false},"excerpt":{"rendered":"<p>Product information: Brand: MOC Gender: Unisex Name: D.VA Gun-Overwatch Age Range: &gt; 6 years old Model Number: MOC-89668 Classification: Assemblage Plastic Block Shape: Self-Locking Bricks Material: Plastic Plastic Type: ABS Bricks Blocks: 794 PCS Contains detailed assembly instructions. Notice: 1. Without an original box, but we guarantee our products have quality assurance and nice packaging. [&hellip;]<\/p>","protected":false},"author":105,"featured_media":31613,"comment_status":"closed","ping_status":"closed","template":"","meta":{"_acf_changed":false},"product_cat":[371],"product_tag":[5617,5618,5619,5616,5620],"class_list":["product","first","instock","shipping-taxable","purchasable","product-type-simple"],"acf":[],"_links":{"self":[{"href":"https:\/\/mouldking.store\/nb\/wp-json\/wp\/v2\/product\/31609","targetHints":{"allow":["GET"]}}],"collection":[{"href":"https:\/\/mouldking.store\/nb\/wp-json\/wp\/v2\/product"}],"about":[{"href":"https:\/\/mouldking.store\/nb\/wp-json\/wp\/v2\/types\/product"}],"author":[{"embeddable":true,"href":"https:\/\/mouldking.store\/nb\/wp-json\/wp\/v2\/users\/105"}],"replies":[{"embeddable":true,"href":"https:\/\/mouldking.store\/nb\/wp-json\/wp\/v2\/comments?post=31609"}],"wp:featuredmedia":[{"embeddable":true,"href":"https:\/\/mouldking.store\/nb\/wp-json\/wp\/v2\/media\/31613"}],"wp:attachment":[{"href":"https:\/\/mouldking.store\/nb\/wp-json\/wp\/v2\/media?parent=31609"}],"wp:term":[{"taxonomy":"product_cat","embeddable":true,"href":"https:\/\/mouldking.store\/nb\/wp-json\/wp\/v2\/product_cat?post=31609"},{"taxonomy":"product_tag","embeddable":true,"href":"https:\/\/mouldking.store\/nb\/wp-json\/wp\/v2\/product_tag?post=31609"}],"curies":[{"name":"wp","href":"https:\/\/api.w.org\/{rel}","templated":true}]}}