{"id":31639,"date":"2022-05-27T17:12:41","date_gmt":"2022-05-27T10:12:41","guid":{"rendered":"https:\/\/mouldking.store\/?post_type=product&#038;p=31639"},"modified":"2025-12-25T09:12:29","modified_gmt":"2025-12-25T02:12:29","slug":"moc-89666-cellist-with-242-pieces","status":"publish","type":"product","link":"https:\/\/mouldking.store\/nb\/shop\/moc-89666-cellist-with-242-pieces\/","title":{"rendered":"MOC-89666 Cellist med 242 stk"},"content":{"rendered":"<p>Produktinformasjon:<\/p>\n<ol>\n<li>Merke: MOC<\/li>\n<li>Kj\u00f8nn: Unisex<\/li>\n<li>Name: Cellist<\/li>\n<li>Aldersgruppe: &gt; 6 \u00e5r gammel<\/li>\n<li>Model Number: MOC-89666<\/li>\n<li>Klassifisering: Montering<\/li>\n<li>Plastblokkform: Selvl\u00e5sende murstein<\/li>\n<li>Materiale: Plast<\/li>\n<li>Plasttype: ABS<\/li>\n<li>Bricks Blocks: 242 PCS<\/li>\n<li>Inneholder detaljerte monteringsanvisninger.<\/li>\n<\/ol>\n<p>Legge merke til:<br \/>\n1. Uten original eske, men vi garanterer at v\u00e5re produkter har kvalitetssikring og pen emballasje.<br \/>\n2. Som alle delene vi har sjekket f\u00f8r frakt, s\u00e5 hvis du finner noen deler savnet eller skadet, ikke bekymre deg og bare kontakt oss, s\u00e5 kan vi sende dem til deg p\u00e5 nytt umiddelbart gratis.<\/p>\n<figure id=\"attachment_31640\" aria-describedby=\"caption-attachment-31640\" style=\"width: 800px\" class=\"wp-caption aligncenter\"><img fetchpriority=\"high\" decoding=\"async\" class=\"wp-image-31640 size-full\" src=\"https:\/\/mouldking.store\/wp-content\/uploads\/2022\/05\/MOC-89666-9.jpg\" alt=\"MOC-89666 Cellist with 242 pieces\" width=\"800\" height=\"800\" title=\"-\" srcset=\"https:\/\/mouldking.store\/wp-content\/uploads\/2022\/05\/MOC-89666-9.jpg 800w, https:\/\/mouldking.store\/wp-content\/uploads\/2022\/05\/MOC-89666-9-300x300.jpg 300w, https:\/\/mouldking.store\/wp-content\/uploads\/2022\/05\/MOC-89666-9-768x768.jpg 768w, https:\/\/mouldking.store\/wp-content\/uploads\/2022\/05\/MOC-89666-9-600x600.jpg 600w, https:\/\/mouldking.store\/wp-content\/uploads\/2022\/05\/MOC-89666-9-150x150.jpg 150w\" sizes=\"(max-width: 800px) 100vw, 800px\" \/><figcaption id=\"caption-attachment-31640\" class=\"wp-caption-text\">MOC-89666 Cellist med 242 stk<\/figcaption><\/figure>\n<figure id=\"attachment_31644\" aria-describedby=\"caption-attachment-31644\" style=\"width: 800px\" class=\"wp-caption aligncenter\"><img decoding=\"async\" class=\"wp-image-31644 size-full\" src=\"https:\/\/mouldking.store\/wp-content\/uploads\/2022\/05\/MOC-89666-7.jpg\" alt=\"MOC-89666 Cellist with 242 pieces\" width=\"800\" height=\"800\" title=\"-\" srcset=\"https:\/\/mouldking.store\/wp-content\/uploads\/2022\/05\/MOC-89666-7.jpg 800w, https:\/\/mouldking.store\/wp-content\/uploads\/2022\/05\/MOC-89666-7-300x300.jpg 300w, https:\/\/mouldking.store\/wp-content\/uploads\/2022\/05\/MOC-89666-7-768x768.jpg 768w, https:\/\/mouldking.store\/wp-content\/uploads\/2022\/05\/MOC-89666-7-600x600.jpg 600w, https:\/\/mouldking.store\/wp-content\/uploads\/2022\/05\/MOC-89666-7-150x150.jpg 150w\" sizes=\"(max-width: 800px) 100vw, 800px\" \/><figcaption id=\"caption-attachment-31644\" class=\"wp-caption-text\">MOC-89666 Cellist med 242 stk<\/figcaption><\/figure>\n<figure id=\"attachment_31643\" aria-describedby=\"caption-attachment-31643\" style=\"width: 800px\" class=\"wp-caption aligncenter\"><img decoding=\"async\" class=\"wp-image-31643 size-full\" src=\"https:\/\/mouldking.store\/wp-content\/uploads\/2022\/05\/MOC-89666-8.jpg\" alt=\"MOC-89666 Cellist with 242 pieces\" width=\"800\" height=\"800\" title=\"-\" srcset=\"https:\/\/mouldking.store\/wp-content\/uploads\/2022\/05\/MOC-89666-8.jpg 800w, https:\/\/mouldking.store\/wp-content\/uploads\/2022\/05\/MOC-89666-8-300x300.jpg 300w, https:\/\/mouldking.store\/wp-content\/uploads\/2022\/05\/MOC-89666-8-768x768.jpg 768w, https:\/\/mouldking.store\/wp-content\/uploads\/2022\/05\/MOC-89666-8-600x600.jpg 600w, https:\/\/mouldking.store\/wp-content\/uploads\/2022\/05\/MOC-89666-8-150x150.jpg 150w\" sizes=\"(max-width: 800px) 100vw, 800px\" \/><figcaption id=\"caption-attachment-31643\" class=\"wp-caption-text\">MOC-89666 Cellist med 242 stk<\/figcaption><\/figure>\n<figure id=\"attachment_31649\" aria-describedby=\"caption-attachment-31649\" style=\"width: 800px\" class=\"wp-caption aligncenter\"><img loading=\"lazy\" decoding=\"async\" class=\"wp-image-31649 size-full\" src=\"https:\/\/mouldking.store\/wp-content\/uploads\/2022\/05\/MOC-89666-2.jpg\" alt=\"MOC-89666 Cellist with 242 pieces\" width=\"800\" height=\"800\" title=\"-\" srcset=\"https:\/\/mouldking.store\/wp-content\/uploads\/2022\/05\/MOC-89666-2.jpg 800w, https:\/\/mouldking.store\/wp-content\/uploads\/2022\/05\/MOC-89666-2-300x300.jpg 300w, https:\/\/mouldking.store\/wp-content\/uploads\/2022\/05\/MOC-89666-2-768x768.jpg 768w, https:\/\/mouldking.store\/wp-content\/uploads\/2022\/05\/MOC-89666-2-600x600.jpg 600w, https:\/\/mouldking.store\/wp-content\/uploads\/2022\/05\/MOC-89666-2-150x150.jpg 150w\" sizes=\"(max-width: 800px) 100vw, 800px\" \/><figcaption id=\"caption-attachment-31649\" class=\"wp-caption-text\">MOC-89666 Cellist med 242 stk<\/figcaption><\/figure>\n<figure id=\"attachment_31648\" aria-describedby=\"caption-attachment-31648\" style=\"width: 800px\" class=\"wp-caption aligncenter\"><img loading=\"lazy\" decoding=\"async\" class=\"wp-image-31648 size-full\" src=\"https:\/\/mouldking.store\/wp-content\/uploads\/2022\/05\/MOC-89666-3.jpg\" alt=\"MOC-89666 Cellist with 242 pieces\" width=\"800\" height=\"800\" title=\"-\" srcset=\"https:\/\/mouldking.store\/wp-content\/uploads\/2022\/05\/MOC-89666-3.jpg 800w, https:\/\/mouldking.store\/wp-content\/uploads\/2022\/05\/MOC-89666-3-300x300.jpg 300w, https:\/\/mouldking.store\/wp-content\/uploads\/2022\/05\/MOC-89666-3-768x768.jpg 768w, https:\/\/mouldking.store\/wp-content\/uploads\/2022\/05\/MOC-89666-3-600x600.jpg 600w, https:\/\/mouldking.store\/wp-content\/uploads\/2022\/05\/MOC-89666-3-150x150.jpg 150w\" sizes=\"(max-width: 800px) 100vw, 800px\" \/><figcaption id=\"caption-attachment-31648\" class=\"wp-caption-text\">MOC-89666 Cellist med 242 stk<\/figcaption><\/figure>\n<figure id=\"attachment_31647\" aria-describedby=\"caption-attachment-31647\" style=\"width: 800px\" class=\"wp-caption aligncenter\"><img loading=\"lazy\" decoding=\"async\" class=\"wp-image-31647 size-full\" src=\"https:\/\/mouldking.store\/wp-content\/uploads\/2022\/05\/MOC-89666-4.jpg\" alt=\"MOC-89666 Cellist with 242 pieces\" width=\"800\" height=\"800\" title=\"-\" srcset=\"https:\/\/mouldking.store\/wp-content\/uploads\/2022\/05\/MOC-89666-4.jpg 800w, https:\/\/mouldking.store\/wp-content\/uploads\/2022\/05\/MOC-89666-4-300x300.jpg 300w, https:\/\/mouldking.store\/wp-content\/uploads\/2022\/05\/MOC-89666-4-768x768.jpg 768w, https:\/\/mouldking.store\/wp-content\/uploads\/2022\/05\/MOC-89666-4-600x600.jpg 600w, https:\/\/mouldking.store\/wp-content\/uploads\/2022\/05\/MOC-89666-4-150x150.jpg 150w\" sizes=\"(max-width: 800px) 100vw, 800px\" \/><figcaption id=\"caption-attachment-31647\" class=\"wp-caption-text\">MOC-89666 Cellist med 242 stk<\/figcaption><\/figure>\n<figure id=\"attachment_31646\" aria-describedby=\"caption-attachment-31646\" style=\"width: 800px\" class=\"wp-caption aligncenter\"><img loading=\"lazy\" decoding=\"async\" class=\"wp-image-31646 size-full\" src=\"https:\/\/mouldking.store\/wp-content\/uploads\/2022\/05\/MOC-89666-5.jpg\" alt=\"MOC-89666 Cellist with 242 pieces\" width=\"800\" height=\"800\" title=\"-\" srcset=\"https:\/\/mouldking.store\/wp-content\/uploads\/2022\/05\/MOC-89666-5.jpg 800w, https:\/\/mouldking.store\/wp-content\/uploads\/2022\/05\/MOC-89666-5-300x300.jpg 300w, https:\/\/mouldking.store\/wp-content\/uploads\/2022\/05\/MOC-89666-5-768x768.jpg 768w, https:\/\/mouldking.store\/wp-content\/uploads\/2022\/05\/MOC-89666-5-600x600.jpg 600w, https:\/\/mouldking.store\/wp-content\/uploads\/2022\/05\/MOC-89666-5-150x150.jpg 150w\" sizes=\"(max-width: 800px) 100vw, 800px\" \/><figcaption id=\"caption-attachment-31646\" class=\"wp-caption-text\">MOC-89666 Cellist med 242 stk<\/figcaption><\/figure>\n<figure id=\"attachment_31645\" aria-describedby=\"caption-attachment-31645\" style=\"width: 800px\" class=\"wp-caption aligncenter\"><img loading=\"lazy\" decoding=\"async\" class=\"wp-image-31645 size-full\" src=\"https:\/\/mouldking.store\/wp-content\/uploads\/2022\/05\/MOC-89666-6.jpg\" alt=\"MOC-89666 Cellist with 242 pieces\" width=\"800\" height=\"800\" title=\"-\" srcset=\"https:\/\/mouldking.store\/wp-content\/uploads\/2022\/05\/MOC-89666-6.jpg 800w, https:\/\/mouldking.store\/wp-content\/uploads\/2022\/05\/MOC-89666-6-300x300.jpg 300w, https:\/\/mouldking.store\/wp-content\/uploads\/2022\/05\/MOC-89666-6-768x768.jpg 768w, https:\/\/mouldking.store\/wp-content\/uploads\/2022\/05\/MOC-89666-6-600x600.jpg 600w, https:\/\/mouldking.store\/wp-content\/uploads\/2022\/05\/MOC-89666-6-150x150.jpg 150w\" sizes=\"(max-width: 800px) 100vw, 800px\" \/><figcaption id=\"caption-attachment-31645\" class=\"wp-caption-text\">MOC-89666 Cellist med 242 stk<\/figcaption><\/figure>\n<figure id=\"attachment_31642\" aria-describedby=\"caption-attachment-31642\" style=\"width: 800px\" class=\"wp-caption aligncenter\"><img loading=\"lazy\" decoding=\"async\" class=\"wp-image-31642 size-full\" src=\"https:\/\/mouldking.store\/wp-content\/uploads\/2022\/05\/MOC-89666-10.jpg\" alt=\"MOC-89666 Cellist with 242 pieces\" width=\"800\" height=\"800\" title=\"-\" srcset=\"https:\/\/mouldking.store\/wp-content\/uploads\/2022\/05\/MOC-89666-10.jpg 800w, https:\/\/mouldking.store\/wp-content\/uploads\/2022\/05\/MOC-89666-10-300x300.jpg 300w, https:\/\/mouldking.store\/wp-content\/uploads\/2022\/05\/MOC-89666-10-768x768.jpg 768w, https:\/\/mouldking.store\/wp-content\/uploads\/2022\/05\/MOC-89666-10-600x600.jpg 600w, https:\/\/mouldking.store\/wp-content\/uploads\/2022\/05\/MOC-89666-10-150x150.jpg 150w\" sizes=\"(max-width: 800px) 100vw, 800px\" \/><figcaption id=\"caption-attachment-31642\" class=\"wp-caption-text\">MOC-89666 Cellist med 242 stk<\/figcaption><\/figure>\n<figure id=\"attachment_31641\" aria-describedby=\"caption-attachment-31641\" style=\"width: 800px\" class=\"wp-caption aligncenter\"><img loading=\"lazy\" decoding=\"async\" class=\"wp-image-31641 size-full\" src=\"https:\/\/mouldking.store\/wp-content\/uploads\/2022\/05\/MOC-89666-1.jpg\" alt=\"MOC-89666 Cellist with 242 pieces\" width=\"800\" height=\"800\" title=\"-\" srcset=\"https:\/\/mouldking.store\/wp-content\/uploads\/2022\/05\/MOC-89666-1.jpg 800w, https:\/\/mouldking.store\/wp-content\/uploads\/2022\/05\/MOC-89666-1-300x300.jpg 300w, https:\/\/mouldking.store\/wp-content\/uploads\/2022\/05\/MOC-89666-1-768x768.jpg 768w, https:\/\/mouldking.store\/wp-content\/uploads\/2022\/05\/MOC-89666-1-600x600.jpg 600w, https:\/\/mouldking.store\/wp-content\/uploads\/2022\/05\/MOC-89666-1-150x150.jpg 150w\" sizes=\"(max-width: 800px) 100vw, 800px\" \/><figcaption id=\"caption-attachment-31641\" class=\"wp-caption-text\">MOC-89666 Cellist med 242 stk<\/figcaption><\/figure>","protected":false},"excerpt":{"rendered":"<p>Product information: Brand: MOC Gender: Unisex Name: Cellist Age Range: &gt; 6 years old Model Number: MOC-89666 Classification: Assemblage Plastic Block Shape: Self-Locking Bricks Material: Plastic Plastic Type: ABS Bricks Blocks: 242 PCS Contains detailed assembly instructions. Notice: 1. Without an original box, but we guarantee our products have quality assurance and nice packaging. 2. [&hellip;]<\/p>","protected":false},"featured_media":31643,"comment_status":"closed","ping_status":"closed","template":"","meta":{"_acf_changed":false},"product_cat":[371],"product_tag":[5638,5637,5636,5635],"class_list":["product","first","instock","shipping-taxable","purchasable","product-type-simple"],"acf":[],"_links":{"self":[{"href":"https:\/\/mouldking.store\/nb\/wp-json\/wp\/v2\/product\/31639","targetHints":{"allow":["GET"]}}],"collection":[{"href":"https:\/\/mouldking.store\/nb\/wp-json\/wp\/v2\/product"}],"about":[{"href":"https:\/\/mouldking.store\/nb\/wp-json\/wp\/v2\/types\/product"}],"replies":[{"embeddable":true,"href":"https:\/\/mouldking.store\/nb\/wp-json\/wp\/v2\/comments?post=31639"}],"wp:featuredmedia":[{"embeddable":true,"href":"https:\/\/mouldking.store\/nb\/wp-json\/wp\/v2\/media\/31643"}],"wp:attachment":[{"href":"https:\/\/mouldking.store\/nb\/wp-json\/wp\/v2\/media?parent=31639"}],"wp:term":[{"taxonomy":"product_cat","embeddable":true,"href":"https:\/\/mouldking.store\/nb\/wp-json\/wp\/v2\/product_cat?post=31639"},{"taxonomy":"product_tag","embeddable":true,"href":"https:\/\/mouldking.store\/nb\/wp-json\/wp\/v2\/product_tag?post=31639"}],"curies":[{"name":"wp","href":"https:\/\/api.w.org\/{rel}","templated":true}]}}