{"id":32149,"date":"2022-08-31T15:45:44","date_gmt":"2022-08-31T08:45:44","guid":{"rendered":"https:\/\/mouldking.store\/?post_type=product&#038;p=32149"},"modified":"2025-12-25T09:12:28","modified_gmt":"2025-12-25T02:12:28","slug":"moc-111807-79%e2%80%b2-vw-beetle-cabriolet-with-344-pieces","status":"publish","type":"product","link":"https:\/\/mouldking.store\/nb\/shop\/moc-111807-79%e2%80%b2-vw-beetle-cabriolet-with-344-pieces\/","title":{"rendered":"MOC-111807 79\u2032 VW Beetle Cabriolet med 344 deler"},"content":{"rendered":"<p>produktinformasjon:<\/p>\n<ol>\n<li>Merke: MOC<\/li>\n<li>Kj\u00f8nn: Unisex<\/li>\n<li>Navn: 79\u2032 VW Beetle Cabriolet<\/li>\n<li>Aldersgruppe: &gt; 6 \u00e5r gammel<\/li>\n<li>Modellnummer: MOC-111807 \u2013 C7996<\/li>\n<li>Klassifisering: Montering<\/li>\n<li>Plastblokkform: Selvl\u00e5sende murstein<\/li>\n<li>Materiale: Plast<\/li>\n<li>Plasttype: ABS<\/li>\n<li>Mursteinsblokker: 344 STK<\/li>\n<li>M\u00e5l: 24 x 11 x 4,8 cm<\/li>\n<li>Vekt: 0,22 kg<\/li>\n<li>Inneholder detaljerte monteringsanvisninger.<\/li>\n<\/ol>\n<p>Legge merke til:<br \/>\n1. Uten original eske, men vi garanterer at v\u00e5re produkter har kvalitetssikring og pen emballasje.<br \/>\n2. Som alle delene vi har sjekket f\u00f8r frakt, s\u00e5 hvis du finner noen deler savnet eller skadet, ikke bekymre deg og bare kontakt oss, s\u00e5 kan vi sende dem til deg p\u00e5 nytt umiddelbart gratis.<\/p>\n<p>&nbsp;<\/p>\n<figure id=\"attachment_32150\" aria-describedby=\"caption-attachment-32150\" style=\"width: 800px\" class=\"wp-caption aligncenter\"><img fetchpriority=\"high\" decoding=\"async\" class=\"wp-image-32150 size-full\" src=\"https:\/\/mouldking.store\/wp-content\/uploads\/2022\/08\/MOCBRICKLAND-MOC-111807-79-VW-Beetle-Cabriolet-3.jpg\" alt=\"MOC-111807 79\u2032 VW Beetle Cabriolet with 344 Pieces\" width=\"800\" height=\"800\" title=\"-\" srcset=\"https:\/\/mouldking.store\/wp-content\/uploads\/2022\/08\/MOCBRICKLAND-MOC-111807-79-VW-Beetle-Cabriolet-3.jpg 800w, https:\/\/mouldking.store\/wp-content\/uploads\/2022\/08\/MOCBRICKLAND-MOC-111807-79-VW-Beetle-Cabriolet-3-300x300.jpg 300w, https:\/\/mouldking.store\/wp-content\/uploads\/2022\/08\/MOCBRICKLAND-MOC-111807-79-VW-Beetle-Cabriolet-3-768x768.jpg 768w, https:\/\/mouldking.store\/wp-content\/uploads\/2022\/08\/MOCBRICKLAND-MOC-111807-79-VW-Beetle-Cabriolet-3-600x600.jpg 600w, https:\/\/mouldking.store\/wp-content\/uploads\/2022\/08\/MOCBRICKLAND-MOC-111807-79-VW-Beetle-Cabriolet-3-150x150.jpg 150w, https:\/\/mouldking.store\/wp-content\/uploads\/2022\/08\/MOCBRICKLAND-MOC-111807-79-VW-Beetle-Cabriolet-3-60x60.jpg 60w, https:\/\/mouldking.store\/wp-content\/uploads\/2022\/08\/MOCBRICKLAND-MOC-111807-79-VW-Beetle-Cabriolet-3-90x90.jpg 90w\" sizes=\"(max-width: 800px) 100vw, 800px\" \/><figcaption id=\"caption-attachment-32150\" class=\"wp-caption-text\">MOC-111807 79\u2032 VW Beetle Cabriolet med 344 deler<\/figcaption><\/figure>\n<figure id=\"attachment_32151\" aria-describedby=\"caption-attachment-32151\" style=\"width: 800px\" class=\"wp-caption aligncenter\"><img decoding=\"async\" class=\"wp-image-32151 size-full\" src=\"https:\/\/mouldking.store\/wp-content\/uploads\/2022\/08\/MOCBRICKLAND-MOC-111807-79-VW-Beetle-Cabriolet-2.jpg\" alt=\"MOC-111807 79\u2032 VW Beetle Cabriolet with 344 Pieces\" width=\"800\" height=\"800\" title=\"-\" srcset=\"https:\/\/mouldking.store\/wp-content\/uploads\/2022\/08\/MOCBRICKLAND-MOC-111807-79-VW-Beetle-Cabriolet-2.jpg 800w, https:\/\/mouldking.store\/wp-content\/uploads\/2022\/08\/MOCBRICKLAND-MOC-111807-79-VW-Beetle-Cabriolet-2-300x300.jpg 300w, https:\/\/mouldking.store\/wp-content\/uploads\/2022\/08\/MOCBRICKLAND-MOC-111807-79-VW-Beetle-Cabriolet-2-768x768.jpg 768w, https:\/\/mouldking.store\/wp-content\/uploads\/2022\/08\/MOCBRICKLAND-MOC-111807-79-VW-Beetle-Cabriolet-2-600x600.jpg 600w, https:\/\/mouldking.store\/wp-content\/uploads\/2022\/08\/MOCBRICKLAND-MOC-111807-79-VW-Beetle-Cabriolet-2-150x150.jpg 150w, https:\/\/mouldking.store\/wp-content\/uploads\/2022\/08\/MOCBRICKLAND-MOC-111807-79-VW-Beetle-Cabriolet-2-60x60.jpg 60w, https:\/\/mouldking.store\/wp-content\/uploads\/2022\/08\/MOCBRICKLAND-MOC-111807-79-VW-Beetle-Cabriolet-2-90x90.jpg 90w\" sizes=\"(max-width: 800px) 100vw, 800px\" \/><figcaption id=\"caption-attachment-32151\" class=\"wp-caption-text\">MOC-111807 79\u2032 VW Beetle Cabriolet med 344 deler<\/figcaption><\/figure>\n<figure id=\"attachment_32153\" aria-describedby=\"caption-attachment-32153\" style=\"width: 800px\" class=\"wp-caption aligncenter\"><img decoding=\"async\" class=\"wp-image-32153 size-full\" src=\"https:\/\/mouldking.store\/wp-content\/uploads\/2022\/08\/MOCBRICKLAND-MOC-111807-79-VW-Beetle-Cabriolet-4.jpg\" alt=\"MOC-111807 79\u2032 VW Beetle Cabriolet with 344 Pieces\" width=\"800\" height=\"800\" title=\"-\" srcset=\"https:\/\/mouldking.store\/wp-content\/uploads\/2022\/08\/MOCBRICKLAND-MOC-111807-79-VW-Beetle-Cabriolet-4.jpg 800w, https:\/\/mouldking.store\/wp-content\/uploads\/2022\/08\/MOCBRICKLAND-MOC-111807-79-VW-Beetle-Cabriolet-4-300x300.jpg 300w, https:\/\/mouldking.store\/wp-content\/uploads\/2022\/08\/MOCBRICKLAND-MOC-111807-79-VW-Beetle-Cabriolet-4-768x768.jpg 768w, https:\/\/mouldking.store\/wp-content\/uploads\/2022\/08\/MOCBRICKLAND-MOC-111807-79-VW-Beetle-Cabriolet-4-600x600.jpg 600w, https:\/\/mouldking.store\/wp-content\/uploads\/2022\/08\/MOCBRICKLAND-MOC-111807-79-VW-Beetle-Cabriolet-4-150x150.jpg 150w, https:\/\/mouldking.store\/wp-content\/uploads\/2022\/08\/MOCBRICKLAND-MOC-111807-79-VW-Beetle-Cabriolet-4-60x60.jpg 60w, https:\/\/mouldking.store\/wp-content\/uploads\/2022\/08\/MOCBRICKLAND-MOC-111807-79-VW-Beetle-Cabriolet-4-90x90.jpg 90w\" sizes=\"(max-width: 800px) 100vw, 800px\" \/><figcaption id=\"caption-attachment-32153\" class=\"wp-caption-text\">MOC-111807 79\u2032 VW Beetle Cabriolet med 344 deler<\/figcaption><\/figure>\n<figure id=\"attachment_32152\" aria-describedby=\"caption-attachment-32152\" style=\"width: 800px\" class=\"wp-caption aligncenter\"><img loading=\"lazy\" decoding=\"async\" class=\"wp-image-32152 size-full\" src=\"https:\/\/mouldking.store\/wp-content\/uploads\/2022\/08\/MOCBRICKLAND-MOC-111807-79-VW-Beetle-Cabriolet-1.jpg\" alt=\"MOC-111807 79\u2032 VW Beetle Cabriolet with 344 Pieces\" width=\"800\" height=\"1434\" title=\"-\" srcset=\"https:\/\/mouldking.store\/wp-content\/uploads\/2022\/08\/MOCBRICKLAND-MOC-111807-79-VW-Beetle-Cabriolet-1.jpg 800w, https:\/\/mouldking.store\/wp-content\/uploads\/2022\/08\/MOCBRICKLAND-MOC-111807-79-VW-Beetle-Cabriolet-1-167x300.jpg 167w, https:\/\/mouldking.store\/wp-content\/uploads\/2022\/08\/MOCBRICKLAND-MOC-111807-79-VW-Beetle-Cabriolet-1-571x1024.jpg 571w, https:\/\/mouldking.store\/wp-content\/uploads\/2022\/08\/MOCBRICKLAND-MOC-111807-79-VW-Beetle-Cabriolet-1-768x1377.jpg 768w, https:\/\/mouldking.store\/wp-content\/uploads\/2022\/08\/MOCBRICKLAND-MOC-111807-79-VW-Beetle-Cabriolet-1-300x538.jpg 300w, https:\/\/mouldking.store\/wp-content\/uploads\/2022\/08\/MOCBRICKLAND-MOC-111807-79-VW-Beetle-Cabriolet-1-600x1076.jpg 600w, https:\/\/mouldking.store\/wp-content\/uploads\/2022\/08\/MOCBRICKLAND-MOC-111807-79-VW-Beetle-Cabriolet-1-84x150.jpg 84w, https:\/\/mouldking.store\/wp-content\/uploads\/2022\/08\/MOCBRICKLAND-MOC-111807-79-VW-Beetle-Cabriolet-1-33x60.jpg 33w, https:\/\/mouldking.store\/wp-content\/uploads\/2022\/08\/MOCBRICKLAND-MOC-111807-79-VW-Beetle-Cabriolet-1-50x90.jpg 50w\" sizes=\"(max-width: 800px) 100vw, 800px\" \/><figcaption id=\"caption-attachment-32152\" class=\"wp-caption-text\">MOC-111807 79\u2032 VW Beetle Cabriolet med 344 deler<\/figcaption><\/figure>","protected":false},"excerpt":{"rendered":"<p>roduct information: Brand: MOC Gender: Unisex Name: 79\u2032 VW Beetle Cabriolet Age Range: &gt; 6 years old Model Number: MOC-111807 &#8211; C7996 Classification: Assemblage Plastic Block Shape: Self-Locking Bricks Material: Plastic Plastic Type: ABS Bricks Blocks: 344 PCS Dimensions: 24 x 11 x 4.8 cm Weight: 0.22 kg Contains detailed assembly instructions. Notice: 1. Without [&hellip;]<\/p>","protected":false},"featured_media":32150,"comment_status":"closed","ping_status":"closed","template":"","meta":{"_acf_changed":false},"product_cat":[364],"product_tag":[5740,5739,5738,5737],"class_list":["product","first","instock","shipping-taxable","purchasable","product-type-simple"],"acf":[],"_links":{"self":[{"href":"https:\/\/mouldking.store\/nb\/wp-json\/wp\/v2\/product\/32149","targetHints":{"allow":["GET"]}}],"collection":[{"href":"https:\/\/mouldking.store\/nb\/wp-json\/wp\/v2\/product"}],"about":[{"href":"https:\/\/mouldking.store\/nb\/wp-json\/wp\/v2\/types\/product"}],"replies":[{"embeddable":true,"href":"https:\/\/mouldking.store\/nb\/wp-json\/wp\/v2\/comments?post=32149"}],"wp:featuredmedia":[{"embeddable":true,"href":"https:\/\/mouldking.store\/nb\/wp-json\/wp\/v2\/media\/32150"}],"wp:attachment":[{"href":"https:\/\/mouldking.store\/nb\/wp-json\/wp\/v2\/media?parent=32149"}],"wp:term":[{"taxonomy":"product_cat","embeddable":true,"href":"https:\/\/mouldking.store\/nb\/wp-json\/wp\/v2\/product_cat?post=32149"},{"taxonomy":"product_tag","embeddable":true,"href":"https:\/\/mouldking.store\/nb\/wp-json\/wp\/v2\/product_tag?post=32149"}],"curies":[{"name":"wp","href":"https:\/\/api.w.org\/{rel}","templated":true}]}}