{"id":32206,"date":"2022-08-31T16:32:50","date_gmt":"2022-08-31T09:32:50","guid":{"rendered":"https:\/\/mouldking.store\/?post_type=product&#038;p=32206"},"modified":"2025-12-25T09:12:28","modified_gmt":"2025-12-25T02:12:28","slug":"moc-116767-self-loading-dice-tower-v2-dungeons-and-dragons-with-316-pieces","status":"publish","type":"product","link":"https:\/\/mouldking.store\/nb\/shop\/moc-116767-self-loading-dice-tower-v2-dungeons-and-dragons-with-316-pieces\/","title":{"rendered":"MOC-116767 Selvlastende terningt\u00e5rn v2-Dungeons and Dragons med 316 brikker"},"content":{"rendered":"<p>Produktinformasjon:<\/p>\n<ol>\n<li>Merke: MOC<\/li>\n<li>Kj\u00f8nn: Unisex<\/li>\n<li>Name: Self-Loading Dice Tower v2-Dungeons and Dragons<\/li>\n<li>Aldersgruppe: &gt; 6 \u00e5r gammel<\/li>\n<li>Model Number: MOC-116767 &#8211; C9054<\/li>\n<li>Klassifisering: Montering<\/li>\n<li>Plastblokkform: Selvl\u00e5sende murstein<\/li>\n<li>Materiale: Plast<\/li>\n<li>Plasttype: ABS<\/li>\n<li>Bricks Blocks: 316 PCS<\/li>\n<li>Dimensions: 8 x 16 x 10 cm<\/li>\n<li>Vekt: 0,39 kg<\/li>\n<li>Inneholder detaljerte monteringsanvisninger.<\/li>\n<\/ol>\n<p>Legge merke til:<br \/>\n1. Uten original eske, men vi garanterer at v\u00e5re produkter har kvalitetssikring og pen emballasje.<br \/>\n2. Som alle delene vi har sjekket f\u00f8r frakt, s\u00e5 hvis du finner noen deler savnet eller skadet, ikke bekymre deg og bare kontakt oss, s\u00e5 kan vi sende dem til deg p\u00e5 nytt umiddelbart gratis.<\/p>\n<figure id=\"attachment_32207\" aria-describedby=\"caption-attachment-32207\" style=\"width: 800px\" class=\"wp-caption aligncenter\"><img fetchpriority=\"high\" decoding=\"async\" class=\"wp-image-32207 size-full\" src=\"https:\/\/mouldking.store\/wp-content\/uploads\/2022\/08\/MOCBRICKLAND-MOC-116767-Self-Loading-Dice-Tower-v2-Dungeons-and-Dragons-2.jpg\" alt=\"MOC-116767 Self-Loading Dice Tower v2-Dungeons and Dragons with 316 Pieces\" width=\"800\" height=\"800\" title=\"-\" srcset=\"https:\/\/mouldking.store\/wp-content\/uploads\/2022\/08\/MOCBRICKLAND-MOC-116767-Self-Loading-Dice-Tower-v2-Dungeons-and-Dragons-2.jpg 800w, https:\/\/mouldking.store\/wp-content\/uploads\/2022\/08\/MOCBRICKLAND-MOC-116767-Self-Loading-Dice-Tower-v2-Dungeons-and-Dragons-2-300x300.jpg 300w, https:\/\/mouldking.store\/wp-content\/uploads\/2022\/08\/MOCBRICKLAND-MOC-116767-Self-Loading-Dice-Tower-v2-Dungeons-and-Dragons-2-768x768.jpg 768w, https:\/\/mouldking.store\/wp-content\/uploads\/2022\/08\/MOCBRICKLAND-MOC-116767-Self-Loading-Dice-Tower-v2-Dungeons-and-Dragons-2-600x600.jpg 600w, https:\/\/mouldking.store\/wp-content\/uploads\/2022\/08\/MOCBRICKLAND-MOC-116767-Self-Loading-Dice-Tower-v2-Dungeons-and-Dragons-2-150x150.jpg 150w, https:\/\/mouldking.store\/wp-content\/uploads\/2022\/08\/MOCBRICKLAND-MOC-116767-Self-Loading-Dice-Tower-v2-Dungeons-and-Dragons-2-60x60.jpg 60w, https:\/\/mouldking.store\/wp-content\/uploads\/2022\/08\/MOCBRICKLAND-MOC-116767-Self-Loading-Dice-Tower-v2-Dungeons-and-Dragons-2-90x90.jpg 90w\" sizes=\"(max-width: 800px) 100vw, 800px\" \/><figcaption id=\"caption-attachment-32207\" class=\"wp-caption-text\">MOC-116767 Selvlastende terningt\u00e5rn v2-Dungeons and Dragons med 316 brikker<\/figcaption><\/figure>\n<figure id=\"attachment_32209\" aria-describedby=\"caption-attachment-32209\" style=\"width: 800px\" class=\"wp-caption aligncenter\"><img decoding=\"async\" class=\"wp-image-32209 size-full\" src=\"https:\/\/mouldking.store\/wp-content\/uploads\/2022\/08\/MOCBRICKLAND-MOC-116767-Self-Loading-Dice-Tower-v2-Dungeons-and-Dragons-3.jpg\" alt=\"MOC-116767 Self-Loading Dice Tower v2-Dungeons and Dragons with 316 Pieces\" width=\"800\" height=\"800\" title=\"-\" srcset=\"https:\/\/mouldking.store\/wp-content\/uploads\/2022\/08\/MOCBRICKLAND-MOC-116767-Self-Loading-Dice-Tower-v2-Dungeons-and-Dragons-3.jpg 800w, https:\/\/mouldking.store\/wp-content\/uploads\/2022\/08\/MOCBRICKLAND-MOC-116767-Self-Loading-Dice-Tower-v2-Dungeons-and-Dragons-3-300x300.jpg 300w, https:\/\/mouldking.store\/wp-content\/uploads\/2022\/08\/MOCBRICKLAND-MOC-116767-Self-Loading-Dice-Tower-v2-Dungeons-and-Dragons-3-768x768.jpg 768w, https:\/\/mouldking.store\/wp-content\/uploads\/2022\/08\/MOCBRICKLAND-MOC-116767-Self-Loading-Dice-Tower-v2-Dungeons-and-Dragons-3-600x600.jpg 600w, https:\/\/mouldking.store\/wp-content\/uploads\/2022\/08\/MOCBRICKLAND-MOC-116767-Self-Loading-Dice-Tower-v2-Dungeons-and-Dragons-3-150x150.jpg 150w, https:\/\/mouldking.store\/wp-content\/uploads\/2022\/08\/MOCBRICKLAND-MOC-116767-Self-Loading-Dice-Tower-v2-Dungeons-and-Dragons-3-60x60.jpg 60w, https:\/\/mouldking.store\/wp-content\/uploads\/2022\/08\/MOCBRICKLAND-MOC-116767-Self-Loading-Dice-Tower-v2-Dungeons-and-Dragons-3-90x90.jpg 90w\" sizes=\"(max-width: 800px) 100vw, 800px\" \/><figcaption id=\"caption-attachment-32209\" class=\"wp-caption-text\">MOC-116767 Selvlastende terningt\u00e5rn v2-Dungeons and Dragons med 316 brikker<\/figcaption><\/figure>\n<figure id=\"attachment_32210\" aria-describedby=\"caption-attachment-32210\" style=\"width: 800px\" class=\"wp-caption aligncenter\"><img decoding=\"async\" class=\"wp-image-32210 size-full\" src=\"https:\/\/mouldking.store\/wp-content\/uploads\/2022\/08\/MOCBRICKLAND-MOC-116767-Self-Loading-Dice-Tower-v2-Dungeons-and-Dragons-1.jpg\" alt=\"MOC-116767 Self-Loading Dice Tower v2-Dungeons and Dragons with 316 Pieces\" width=\"800\" height=\"1144\" title=\"-\" srcset=\"https:\/\/mouldking.store\/wp-content\/uploads\/2022\/08\/MOCBRICKLAND-MOC-116767-Self-Loading-Dice-Tower-v2-Dungeons-and-Dragons-1.jpg 800w, https:\/\/mouldking.store\/wp-content\/uploads\/2022\/08\/MOCBRICKLAND-MOC-116767-Self-Loading-Dice-Tower-v2-Dungeons-and-Dragons-1-210x300.jpg 210w, https:\/\/mouldking.store\/wp-content\/uploads\/2022\/08\/MOCBRICKLAND-MOC-116767-Self-Loading-Dice-Tower-v2-Dungeons-and-Dragons-1-716x1024.jpg 716w, https:\/\/mouldking.store\/wp-content\/uploads\/2022\/08\/MOCBRICKLAND-MOC-116767-Self-Loading-Dice-Tower-v2-Dungeons-and-Dragons-1-768x1098.jpg 768w, https:\/\/mouldking.store\/wp-content\/uploads\/2022\/08\/MOCBRICKLAND-MOC-116767-Self-Loading-Dice-Tower-v2-Dungeons-and-Dragons-1-300x429.jpg 300w, https:\/\/mouldking.store\/wp-content\/uploads\/2022\/08\/MOCBRICKLAND-MOC-116767-Self-Loading-Dice-Tower-v2-Dungeons-and-Dragons-1-600x858.jpg 600w, https:\/\/mouldking.store\/wp-content\/uploads\/2022\/08\/MOCBRICKLAND-MOC-116767-Self-Loading-Dice-Tower-v2-Dungeons-and-Dragons-1-105x150.jpg 105w, https:\/\/mouldking.store\/wp-content\/uploads\/2022\/08\/MOCBRICKLAND-MOC-116767-Self-Loading-Dice-Tower-v2-Dungeons-and-Dragons-1-42x60.jpg 42w, https:\/\/mouldking.store\/wp-content\/uploads\/2022\/08\/MOCBRICKLAND-MOC-116767-Self-Loading-Dice-Tower-v2-Dungeons-and-Dragons-1-63x90.jpg 63w\" sizes=\"(max-width: 800px) 100vw, 800px\" \/><figcaption id=\"caption-attachment-32210\" class=\"wp-caption-text\">MOC-116767 Selvlastende terningt\u00e5rn v2-Dungeons and Dragons med 316 brikker<\/figcaption><\/figure>\n<figure id=\"attachment_32208\" aria-describedby=\"caption-attachment-32208\" style=\"width: 800px\" class=\"wp-caption aligncenter\"><img loading=\"lazy\" decoding=\"async\" class=\"wp-image-32208 size-full\" src=\"https:\/\/mouldking.store\/wp-content\/uploads\/2022\/08\/MOCBRICKLAND-MOC-116767-Self-Loading-Dice-Tower-v2-Dungeons-and-Dragons-4.jpg\" alt=\"MOC-116767 Self-Loading Dice Tower v2-Dungeons and Dragons with 316 Pieces\" width=\"800\" height=\"800\" title=\"-\" srcset=\"https:\/\/mouldking.store\/wp-content\/uploads\/2022\/08\/MOCBRICKLAND-MOC-116767-Self-Loading-Dice-Tower-v2-Dungeons-and-Dragons-4.jpg 800w, https:\/\/mouldking.store\/wp-content\/uploads\/2022\/08\/MOCBRICKLAND-MOC-116767-Self-Loading-Dice-Tower-v2-Dungeons-and-Dragons-4-300x300.jpg 300w, https:\/\/mouldking.store\/wp-content\/uploads\/2022\/08\/MOCBRICKLAND-MOC-116767-Self-Loading-Dice-Tower-v2-Dungeons-and-Dragons-4-768x768.jpg 768w, https:\/\/mouldking.store\/wp-content\/uploads\/2022\/08\/MOCBRICKLAND-MOC-116767-Self-Loading-Dice-Tower-v2-Dungeons-and-Dragons-4-600x600.jpg 600w, https:\/\/mouldking.store\/wp-content\/uploads\/2022\/08\/MOCBRICKLAND-MOC-116767-Self-Loading-Dice-Tower-v2-Dungeons-and-Dragons-4-150x150.jpg 150w, https:\/\/mouldking.store\/wp-content\/uploads\/2022\/08\/MOCBRICKLAND-MOC-116767-Self-Loading-Dice-Tower-v2-Dungeons-and-Dragons-4-60x60.jpg 60w, https:\/\/mouldking.store\/wp-content\/uploads\/2022\/08\/MOCBRICKLAND-MOC-116767-Self-Loading-Dice-Tower-v2-Dungeons-and-Dragons-4-90x90.jpg 90w\" sizes=\"(max-width: 800px) 100vw, 800px\" \/><figcaption id=\"caption-attachment-32208\" class=\"wp-caption-text\">MOC-116767 Selvlastende terningt\u00e5rn v2-Dungeons and Dragons med 316 brikker<\/figcaption><\/figure>","protected":false},"excerpt":{"rendered":"<p>Product information: Brand: MOC Gender: Unisex Name: Self-Loading Dice Tower v2-Dungeons and Dragons Age Range: &gt; 6 years old Model Number: MOC-116767 &#8211; C9054 Classification: Assemblage Plastic Block Shape: Self-Locking Bricks Material: Plastic Plastic Type: ABS Bricks Blocks: 316 PCS Dimensions: 8 x 16 x 10 cm Weight: 0.39 kg Contains detailed assembly instructions. Notice: [&hellip;]<\/p>","protected":false},"featured_media":32207,"comment_status":"closed","ping_status":"closed","template":"","meta":{"_acf_changed":false},"product_cat":[371],"product_tag":[5768,5765,5764,5763,5767,5766],"class_list":["product","first","instock","shipping-taxable","purchasable","product-type-simple"],"acf":[],"_links":{"self":[{"href":"https:\/\/mouldking.store\/nb\/wp-json\/wp\/v2\/product\/32206","targetHints":{"allow":["GET"]}}],"collection":[{"href":"https:\/\/mouldking.store\/nb\/wp-json\/wp\/v2\/product"}],"about":[{"href":"https:\/\/mouldking.store\/nb\/wp-json\/wp\/v2\/types\/product"}],"replies":[{"embeddable":true,"href":"https:\/\/mouldking.store\/nb\/wp-json\/wp\/v2\/comments?post=32206"}],"wp:featuredmedia":[{"embeddable":true,"href":"https:\/\/mouldking.store\/nb\/wp-json\/wp\/v2\/media\/32207"}],"wp:attachment":[{"href":"https:\/\/mouldking.store\/nb\/wp-json\/wp\/v2\/media?parent=32206"}],"wp:term":[{"taxonomy":"product_cat","embeddable":true,"href":"https:\/\/mouldking.store\/nb\/wp-json\/wp\/v2\/product_cat?post=32206"},{"taxonomy":"product_tag","embeddable":true,"href":"https:\/\/mouldking.store\/nb\/wp-json\/wp\/v2\/product_tag?post=32206"}],"curies":[{"name":"wp","href":"https:\/\/api.w.org\/{rel}","templated":true}]}}