{"id":32215,"date":"2022-08-31T16:58:21","date_gmt":"2022-08-31T09:58:21","guid":{"rendered":"https:\/\/mouldking.store\/?post_type=product&#038;p=32215"},"modified":"2025-12-25T09:12:28","modified_gmt":"2025-12-25T02:12:28","slug":"moc-81647-c-40-3-cupula-caboose-southern-pacific-edition-with-594-pieces","status":"publish","type":"product","link":"https:\/\/mouldking.store\/nb\/shop\/moc-81647-c-40-3-cupula-caboose-southern-pacific-edition-with-594-pieces\/","title":{"rendered":"MOC-81647 C-40-3 Cupula Caboose \u2013 Southern Pacific-utgave med 594 stykker"},"content":{"rendered":"<p>Produktinformasjon:<\/p>\n<ol>\n<li>Merke: MOC<\/li>\n<li>Kj\u00f8nn: Unisex<\/li>\n<li>Name: C-40-3 Cupula Caboose \u2013 Southern Pacific edition<\/li>\n<li>Aldersgruppe: &gt; 6 \u00e5r gammel<\/li>\n<li>Model Number: MOC-81647 &#8211; C9044<\/li>\n<li>Klassifisering: Montering<\/li>\n<li>Plastblokkform: Selvl\u00e5sende murstein<\/li>\n<li>Materiale: Plast<\/li>\n<li>Plasttype: ABS<\/li>\n<li>Bricks Blocks: 594 PCS<\/li>\n<li>Dimensions: 40 x 17.78 x 10.16 cm<\/li>\n<li>Weight: 0.6 kg<\/li>\n<li>Inneholder detaljerte monteringsanvisninger.<\/li>\n<\/ol>\n<p>Legge merke til:<br \/>\n1. Uten original eske, men vi garanterer at v\u00e5re produkter har kvalitetssikring og pen emballasje.<br \/>\n2. Som alle delene vi har sjekket f\u00f8r frakt, s\u00e5 hvis du finner noen deler savnet eller skadet, ikke bekymre deg og bare kontakt oss, s\u00e5 kan vi sende dem til deg p\u00e5 nytt umiddelbart gratis.<\/p>\n<figure id=\"attachment_32216\" aria-describedby=\"caption-attachment-32216\" style=\"width: 800px\" class=\"wp-caption aligncenter\"><img fetchpriority=\"high\" decoding=\"async\" class=\"wp-image-32216 size-full\" src=\"https:\/\/mouldking.store\/wp-content\/uploads\/2022\/08\/MOCBRICKLAND-MOC-81647-C-40-3-Cupula-Caboose-Southern-Pacific-edition-2.jpg\" alt=\"MOC-81647 C-40-3 Cupula Caboose \u2013 Southern Pacific edition with 594 Pieces\" width=\"800\" height=\"800\" title=\"-\" srcset=\"https:\/\/mouldking.store\/wp-content\/uploads\/2022\/08\/MOCBRICKLAND-MOC-81647-C-40-3-Cupula-Caboose-Southern-Pacific-edition-2.jpg 800w, https:\/\/mouldking.store\/wp-content\/uploads\/2022\/08\/MOCBRICKLAND-MOC-81647-C-40-3-Cupula-Caboose-Southern-Pacific-edition-2-300x300.jpg 300w, https:\/\/mouldking.store\/wp-content\/uploads\/2022\/08\/MOCBRICKLAND-MOC-81647-C-40-3-Cupula-Caboose-Southern-Pacific-edition-2-768x768.jpg 768w, https:\/\/mouldking.store\/wp-content\/uploads\/2022\/08\/MOCBRICKLAND-MOC-81647-C-40-3-Cupula-Caboose-Southern-Pacific-edition-2-600x600.jpg 600w, https:\/\/mouldking.store\/wp-content\/uploads\/2022\/08\/MOCBRICKLAND-MOC-81647-C-40-3-Cupula-Caboose-Southern-Pacific-edition-2-150x150.jpg 150w, https:\/\/mouldking.store\/wp-content\/uploads\/2022\/08\/MOCBRICKLAND-MOC-81647-C-40-3-Cupula-Caboose-Southern-Pacific-edition-2-60x60.jpg 60w, https:\/\/mouldking.store\/wp-content\/uploads\/2022\/08\/MOCBRICKLAND-MOC-81647-C-40-3-Cupula-Caboose-Southern-Pacific-edition-2-90x90.jpg 90w\" sizes=\"(max-width: 800px) 100vw, 800px\" \/><figcaption id=\"caption-attachment-32216\" class=\"wp-caption-text\">MOC-81647 C-40-3 Cupula Caboose \u2013 Southern Pacific-utgave med 594 stykker<\/figcaption><\/figure>\n<figure id=\"attachment_32218\" aria-describedby=\"caption-attachment-32218\" style=\"width: 800px\" class=\"wp-caption aligncenter\"><img decoding=\"async\" class=\"wp-image-32218 size-full\" src=\"https:\/\/mouldking.store\/wp-content\/uploads\/2022\/08\/MOCBRICKLAND-MOC-81647-C-40-3-Cupula-Caboose-Southern-Pacific-edition-3.jpg\" alt=\"MOC-81647 C-40-3 Cupula Caboose \u2013 Southern Pacific edition with 594 Pieces\" width=\"800\" height=\"800\" title=\"-\" srcset=\"https:\/\/mouldking.store\/wp-content\/uploads\/2022\/08\/MOCBRICKLAND-MOC-81647-C-40-3-Cupula-Caboose-Southern-Pacific-edition-3.jpg 800w, https:\/\/mouldking.store\/wp-content\/uploads\/2022\/08\/MOCBRICKLAND-MOC-81647-C-40-3-Cupula-Caboose-Southern-Pacific-edition-3-300x300.jpg 300w, https:\/\/mouldking.store\/wp-content\/uploads\/2022\/08\/MOCBRICKLAND-MOC-81647-C-40-3-Cupula-Caboose-Southern-Pacific-edition-3-768x768.jpg 768w, https:\/\/mouldking.store\/wp-content\/uploads\/2022\/08\/MOCBRICKLAND-MOC-81647-C-40-3-Cupula-Caboose-Southern-Pacific-edition-3-600x600.jpg 600w, https:\/\/mouldking.store\/wp-content\/uploads\/2022\/08\/MOCBRICKLAND-MOC-81647-C-40-3-Cupula-Caboose-Southern-Pacific-edition-3-150x150.jpg 150w, https:\/\/mouldking.store\/wp-content\/uploads\/2022\/08\/MOCBRICKLAND-MOC-81647-C-40-3-Cupula-Caboose-Southern-Pacific-edition-3-60x60.jpg 60w, https:\/\/mouldking.store\/wp-content\/uploads\/2022\/08\/MOCBRICKLAND-MOC-81647-C-40-3-Cupula-Caboose-Southern-Pacific-edition-3-90x90.jpg 90w\" sizes=\"(max-width: 800px) 100vw, 800px\" \/><figcaption id=\"caption-attachment-32218\" class=\"wp-caption-text\">MOC-81647 C-40-3 Cupula Caboose \u2013 Southern Pacific-utgave med 594 stykker<\/figcaption><\/figure>\n<figure id=\"attachment_32219\" aria-describedby=\"caption-attachment-32219\" style=\"width: 800px\" class=\"wp-caption aligncenter\"><img decoding=\"async\" class=\"wp-image-32219 size-full\" src=\"https:\/\/mouldking.store\/wp-content\/uploads\/2022\/08\/MOCBRICKLAND-MOC-81647-C-40-3-Cupula-Caboose-Southern-Pacific-edition-4.jpg\" alt=\"MOC-81647 C-40-3 Cupula Caboose \u2013 Southern Pacific edition with 594 Pieces\" width=\"800\" height=\"800\" title=\"-\" srcset=\"https:\/\/mouldking.store\/wp-content\/uploads\/2022\/08\/MOCBRICKLAND-MOC-81647-C-40-3-Cupula-Caboose-Southern-Pacific-edition-4.jpg 800w, https:\/\/mouldking.store\/wp-content\/uploads\/2022\/08\/MOCBRICKLAND-MOC-81647-C-40-3-Cupula-Caboose-Southern-Pacific-edition-4-300x300.jpg 300w, https:\/\/mouldking.store\/wp-content\/uploads\/2022\/08\/MOCBRICKLAND-MOC-81647-C-40-3-Cupula-Caboose-Southern-Pacific-edition-4-768x768.jpg 768w, https:\/\/mouldking.store\/wp-content\/uploads\/2022\/08\/MOCBRICKLAND-MOC-81647-C-40-3-Cupula-Caboose-Southern-Pacific-edition-4-600x600.jpg 600w, https:\/\/mouldking.store\/wp-content\/uploads\/2022\/08\/MOCBRICKLAND-MOC-81647-C-40-3-Cupula-Caboose-Southern-Pacific-edition-4-150x150.jpg 150w, https:\/\/mouldking.store\/wp-content\/uploads\/2022\/08\/MOCBRICKLAND-MOC-81647-C-40-3-Cupula-Caboose-Southern-Pacific-edition-4-60x60.jpg 60w, https:\/\/mouldking.store\/wp-content\/uploads\/2022\/08\/MOCBRICKLAND-MOC-81647-C-40-3-Cupula-Caboose-Southern-Pacific-edition-4-90x90.jpg 90w\" sizes=\"(max-width: 800px) 100vw, 800px\" \/><figcaption id=\"caption-attachment-32219\" class=\"wp-caption-text\">MOC-81647 C-40-3 Cupula Caboose \u2013 Southern Pacific-utgave med 594 stykker<\/figcaption><\/figure>\n<figure id=\"attachment_32217\" aria-describedby=\"caption-attachment-32217\" style=\"width: 800px\" class=\"wp-caption aligncenter\"><img loading=\"lazy\" decoding=\"async\" class=\"wp-image-32217 size-full\" src=\"https:\/\/mouldking.store\/wp-content\/uploads\/2022\/08\/MOCBRICKLAND-MOC-81647-C-40-3-Cupula-Caboose-Southern-Pacific-edition-1.jpg\" alt=\"MOC-81647 C-40-3 Cupula Caboose \u2013 Southern Pacific edition with 594 Pieces\" width=\"800\" height=\"1430\" title=\"-\" srcset=\"https:\/\/mouldking.store\/wp-content\/uploads\/2022\/08\/MOCBRICKLAND-MOC-81647-C-40-3-Cupula-Caboose-Southern-Pacific-edition-1.jpg 800w, https:\/\/mouldking.store\/wp-content\/uploads\/2022\/08\/MOCBRICKLAND-MOC-81647-C-40-3-Cupula-Caboose-Southern-Pacific-edition-1-168x300.jpg 168w, https:\/\/mouldking.store\/wp-content\/uploads\/2022\/08\/MOCBRICKLAND-MOC-81647-C-40-3-Cupula-Caboose-Southern-Pacific-edition-1-573x1024.jpg 573w, https:\/\/mouldking.store\/wp-content\/uploads\/2022\/08\/MOCBRICKLAND-MOC-81647-C-40-3-Cupula-Caboose-Southern-Pacific-edition-1-768x1373.jpg 768w, https:\/\/mouldking.store\/wp-content\/uploads\/2022\/08\/MOCBRICKLAND-MOC-81647-C-40-3-Cupula-Caboose-Southern-Pacific-edition-1-300x536.jpg 300w, https:\/\/mouldking.store\/wp-content\/uploads\/2022\/08\/MOCBRICKLAND-MOC-81647-C-40-3-Cupula-Caboose-Southern-Pacific-edition-1-600x1073.jpg 600w, https:\/\/mouldking.store\/wp-content\/uploads\/2022\/08\/MOCBRICKLAND-MOC-81647-C-40-3-Cupula-Caboose-Southern-Pacific-edition-1-84x150.jpg 84w, https:\/\/mouldking.store\/wp-content\/uploads\/2022\/08\/MOCBRICKLAND-MOC-81647-C-40-3-Cupula-Caboose-Southern-Pacific-edition-1-34x60.jpg 34w, https:\/\/mouldking.store\/wp-content\/uploads\/2022\/08\/MOCBRICKLAND-MOC-81647-C-40-3-Cupula-Caboose-Southern-Pacific-edition-1-50x90.jpg 50w\" sizes=\"(max-width: 800px) 100vw, 800px\" \/><figcaption id=\"caption-attachment-32217\" class=\"wp-caption-text\">MOC-81647 C-40-3 Cupula Caboose \u2013 Southern Pacific-utgave med 594 stykker<\/figcaption><\/figure>","protected":false},"excerpt":{"rendered":"<p>Product information: Brand: MOC Gender: Unisex Name: C-40-3 Cupula Caboose \u2013 Southern Pacific edition Age Range: &gt; 6 years old Model Number: MOC-81647 &#8211; C9044 Classification: Assemblage Plastic Block Shape: Self-Locking Bricks Material: Plastic Plastic Type: ABS Bricks Blocks: 594 PCS Dimensions: 40 x 17.78 x 10.16 cm Weight: 0.6 kg Contains detailed assembly instructions. [&hellip;]<\/p>","protected":false},"featured_media":32216,"comment_status":"closed","ping_status":"closed","template":"","meta":{"_acf_changed":false},"product_cat":[364],"product_tag":[5780,5779,5778,5777,5776,5781],"class_list":["product","first","instock","shipping-taxable","purchasable","product-type-simple"],"acf":[],"_links":{"self":[{"href":"https:\/\/mouldking.store\/nb\/wp-json\/wp\/v2\/product\/32215","targetHints":{"allow":["GET"]}}],"collection":[{"href":"https:\/\/mouldking.store\/nb\/wp-json\/wp\/v2\/product"}],"about":[{"href":"https:\/\/mouldking.store\/nb\/wp-json\/wp\/v2\/types\/product"}],"replies":[{"embeddable":true,"href":"https:\/\/mouldking.store\/nb\/wp-json\/wp\/v2\/comments?post=32215"}],"wp:featuredmedia":[{"embeddable":true,"href":"https:\/\/mouldking.store\/nb\/wp-json\/wp\/v2\/media\/32216"}],"wp:attachment":[{"href":"https:\/\/mouldking.store\/nb\/wp-json\/wp\/v2\/media?parent=32215"}],"wp:term":[{"taxonomy":"product_cat","embeddable":true,"href":"https:\/\/mouldking.store\/nb\/wp-json\/wp\/v2\/product_cat?post=32215"},{"taxonomy":"product_tag","embeddable":true,"href":"https:\/\/mouldking.store\/nb\/wp-json\/wp\/v2\/product_tag?post=32215"}],"curies":[{"name":"wp","href":"https:\/\/api.w.org\/{rel}","templated":true}]}}