{"id":32257,"date":"2022-08-31T17:31:13","date_gmt":"2022-08-31T10:31:13","guid":{"rendered":"https:\/\/mouldking.store\/?post_type=product&#038;p=32257"},"modified":"2025-12-25T09:12:27","modified_gmt":"2025-12-25T02:12:27","slug":"moc-102738-horizon-zero-dawn-broadhead-with-339-pieces","status":"publish","type":"product","link":"https:\/\/mouldking.store\/nb\/shop\/moc-102738-horizon-zero-dawn-broadhead-with-339-pieces\/","title":{"rendered":"MOC-102738 Horizon Zero Dawn Broadhead with 339 Pieces"},"content":{"rendered":"<p>Produktinformasjon:<\/p>\n<ol>\n<li>Merke: MOC<\/li>\n<li>Kj\u00f8nn: Unisex<\/li>\n<li>Name: Horizon Zero Dawn Broadhead<\/li>\n<li>Aldersgruppe: &gt; 6 \u00e5r gammel<\/li>\n<li>Model Number: MOC-102738<\/li>\n<li>Klassifisering: Montering<\/li>\n<li>Plastblokkform: Selvl\u00e5sende murstein<\/li>\n<li>Materiale: Plast<\/li>\n<li>Plasttype: ABS<\/li>\n<li>Bricks Blocks: 339 PCS<\/li>\n<li>Dimensions: 15.3 x 12.3 x 9 cm<\/li>\n<li>Weight: 0.19 kg<\/li>\n<li>Inneholder detaljerte monteringsanvisninger.<\/li>\n<\/ol>\n<p>Legge merke til:<br \/>\n1. Uten original eske, men vi garanterer at v\u00e5re produkter har kvalitetssikring og pen emballasje.<br \/>\n2. Som alle delene vi har sjekket f\u00f8r frakt, s\u00e5 hvis du finner noen deler savnet eller skadet, ikke bekymre deg og bare kontakt oss, s\u00e5 kan vi sende dem til deg p\u00e5 nytt umiddelbart gratis.<\/p>\n<figure id=\"attachment_32260\" aria-describedby=\"caption-attachment-32260\" style=\"width: 800px\" class=\"wp-caption aligncenter\"><img fetchpriority=\"high\" decoding=\"async\" class=\"wp-image-32260 size-full\" src=\"https:\/\/mouldking.store\/wp-content\/uploads\/2022\/08\/MOCBRICKLAND-MOC-102738-Horizon-Zero-Dawn-Broadhead-3.jpg\" alt=\"MOC-102738 Horizon Zero Dawn Broadhead with 339 Pieces\" width=\"800\" height=\"800\" title=\"-\" srcset=\"https:\/\/mouldking.store\/wp-content\/uploads\/2022\/08\/MOCBRICKLAND-MOC-102738-Horizon-Zero-Dawn-Broadhead-3.jpg 800w, https:\/\/mouldking.store\/wp-content\/uploads\/2022\/08\/MOCBRICKLAND-MOC-102738-Horizon-Zero-Dawn-Broadhead-3-300x300.jpg 300w, https:\/\/mouldking.store\/wp-content\/uploads\/2022\/08\/MOCBRICKLAND-MOC-102738-Horizon-Zero-Dawn-Broadhead-3-768x768.jpg 768w, https:\/\/mouldking.store\/wp-content\/uploads\/2022\/08\/MOCBRICKLAND-MOC-102738-Horizon-Zero-Dawn-Broadhead-3-600x600.jpg 600w, https:\/\/mouldking.store\/wp-content\/uploads\/2022\/08\/MOCBRICKLAND-MOC-102738-Horizon-Zero-Dawn-Broadhead-3-150x150.jpg 150w, https:\/\/mouldking.store\/wp-content\/uploads\/2022\/08\/MOCBRICKLAND-MOC-102738-Horizon-Zero-Dawn-Broadhead-3-60x60.jpg 60w, https:\/\/mouldking.store\/wp-content\/uploads\/2022\/08\/MOCBRICKLAND-MOC-102738-Horizon-Zero-Dawn-Broadhead-3-90x90.jpg 90w\" sizes=\"(max-width: 800px) 100vw, 800px\" \/><figcaption id=\"caption-attachment-32260\" class=\"wp-caption-text\">MOC-102738 Horizon Zero Dawn Broadhead with 339 Pieces<\/figcaption><\/figure>\n<figure id=\"attachment_32261\" aria-describedby=\"caption-attachment-32261\" style=\"width: 800px\" class=\"wp-caption aligncenter\"><img decoding=\"async\" class=\"wp-image-32261 size-full\" src=\"https:\/\/mouldking.store\/wp-content\/uploads\/2022\/08\/MOCBRICKLAND-MOC-102738-Horizon-Zero-Dawn-Broadhead-2.jpg\" alt=\"MOC-102738 Horizon Zero Dawn Broadhead with 339 Pieces\" width=\"800\" height=\"800\" title=\"-\" srcset=\"https:\/\/mouldking.store\/wp-content\/uploads\/2022\/08\/MOCBRICKLAND-MOC-102738-Horizon-Zero-Dawn-Broadhead-2.jpg 800w, https:\/\/mouldking.store\/wp-content\/uploads\/2022\/08\/MOCBRICKLAND-MOC-102738-Horizon-Zero-Dawn-Broadhead-2-300x300.jpg 300w, https:\/\/mouldking.store\/wp-content\/uploads\/2022\/08\/MOCBRICKLAND-MOC-102738-Horizon-Zero-Dawn-Broadhead-2-768x768.jpg 768w, https:\/\/mouldking.store\/wp-content\/uploads\/2022\/08\/MOCBRICKLAND-MOC-102738-Horizon-Zero-Dawn-Broadhead-2-600x600.jpg 600w, https:\/\/mouldking.store\/wp-content\/uploads\/2022\/08\/MOCBRICKLAND-MOC-102738-Horizon-Zero-Dawn-Broadhead-2-150x150.jpg 150w, https:\/\/mouldking.store\/wp-content\/uploads\/2022\/08\/MOCBRICKLAND-MOC-102738-Horizon-Zero-Dawn-Broadhead-2-60x60.jpg 60w, https:\/\/mouldking.store\/wp-content\/uploads\/2022\/08\/MOCBRICKLAND-MOC-102738-Horizon-Zero-Dawn-Broadhead-2-90x90.jpg 90w\" sizes=\"(max-width: 800px) 100vw, 800px\" \/><figcaption id=\"caption-attachment-32261\" class=\"wp-caption-text\">MOC-102738 Horizon Zero Dawn Broadhead with 339 Pieces<\/figcaption><\/figure>\n<figure id=\"attachment_32259\" aria-describedby=\"caption-attachment-32259\" style=\"width: 800px\" class=\"wp-caption aligncenter\"><img decoding=\"async\" class=\"wp-image-32259 size-full\" src=\"https:\/\/mouldking.store\/wp-content\/uploads\/2022\/08\/MOCBRICKLAND-MOC-102738-Horizon-Zero-Dawn-Broadhead-4.jpg\" alt=\"MOC-102738 Horizon Zero Dawn Broadhead with 339 Pieces\" width=\"800\" height=\"800\" title=\"-\" srcset=\"https:\/\/mouldking.store\/wp-content\/uploads\/2022\/08\/MOCBRICKLAND-MOC-102738-Horizon-Zero-Dawn-Broadhead-4.jpg 800w, https:\/\/mouldking.store\/wp-content\/uploads\/2022\/08\/MOCBRICKLAND-MOC-102738-Horizon-Zero-Dawn-Broadhead-4-300x300.jpg 300w, https:\/\/mouldking.store\/wp-content\/uploads\/2022\/08\/MOCBRICKLAND-MOC-102738-Horizon-Zero-Dawn-Broadhead-4-768x768.jpg 768w, https:\/\/mouldking.store\/wp-content\/uploads\/2022\/08\/MOCBRICKLAND-MOC-102738-Horizon-Zero-Dawn-Broadhead-4-600x600.jpg 600w, https:\/\/mouldking.store\/wp-content\/uploads\/2022\/08\/MOCBRICKLAND-MOC-102738-Horizon-Zero-Dawn-Broadhead-4-150x150.jpg 150w, https:\/\/mouldking.store\/wp-content\/uploads\/2022\/08\/MOCBRICKLAND-MOC-102738-Horizon-Zero-Dawn-Broadhead-4-60x60.jpg 60w, https:\/\/mouldking.store\/wp-content\/uploads\/2022\/08\/MOCBRICKLAND-MOC-102738-Horizon-Zero-Dawn-Broadhead-4-90x90.jpg 90w\" sizes=\"(max-width: 800px) 100vw, 800px\" \/><figcaption id=\"caption-attachment-32259\" class=\"wp-caption-text\">MOC-102738 Horizon Zero Dawn Broadhead with 339 Pieces<\/figcaption><\/figure>\n<figure id=\"attachment_32258\" aria-describedby=\"caption-attachment-32258\" style=\"width: 800px\" class=\"wp-caption aligncenter\"><img loading=\"lazy\" decoding=\"async\" class=\"wp-image-32258 size-full\" src=\"https:\/\/mouldking.store\/wp-content\/uploads\/2022\/08\/MOCBRICKLAND-MOC-102738-Horizon-Zero-Dawn-Broadhead-1.jpg\" alt=\"MOC-102738 Horizon Zero Dawn Broadhead with 339 Pieces\" width=\"800\" height=\"1159\" title=\"-\" srcset=\"https:\/\/mouldking.store\/wp-content\/uploads\/2022\/08\/MOCBRICKLAND-MOC-102738-Horizon-Zero-Dawn-Broadhead-1.jpg 800w, https:\/\/mouldking.store\/wp-content\/uploads\/2022\/08\/MOCBRICKLAND-MOC-102738-Horizon-Zero-Dawn-Broadhead-1-207x300.jpg 207w, https:\/\/mouldking.store\/wp-content\/uploads\/2022\/08\/MOCBRICKLAND-MOC-102738-Horizon-Zero-Dawn-Broadhead-1-707x1024.jpg 707w, https:\/\/mouldking.store\/wp-content\/uploads\/2022\/08\/MOCBRICKLAND-MOC-102738-Horizon-Zero-Dawn-Broadhead-1-768x1113.jpg 768w, https:\/\/mouldking.store\/wp-content\/uploads\/2022\/08\/MOCBRICKLAND-MOC-102738-Horizon-Zero-Dawn-Broadhead-1-300x435.jpg 300w, https:\/\/mouldking.store\/wp-content\/uploads\/2022\/08\/MOCBRICKLAND-MOC-102738-Horizon-Zero-Dawn-Broadhead-1-600x869.jpg 600w, https:\/\/mouldking.store\/wp-content\/uploads\/2022\/08\/MOCBRICKLAND-MOC-102738-Horizon-Zero-Dawn-Broadhead-1-104x150.jpg 104w, https:\/\/mouldking.store\/wp-content\/uploads\/2022\/08\/MOCBRICKLAND-MOC-102738-Horizon-Zero-Dawn-Broadhead-1-41x60.jpg 41w, https:\/\/mouldking.store\/wp-content\/uploads\/2022\/08\/MOCBRICKLAND-MOC-102738-Horizon-Zero-Dawn-Broadhead-1-62x90.jpg 62w\" sizes=\"(max-width: 800px) 100vw, 800px\" \/><figcaption id=\"caption-attachment-32258\" class=\"wp-caption-text\">MOC-102738 Horizon Zero Dawn Broadhead with 339 Pieces<\/figcaption><\/figure>\n<p>&nbsp;<\/p>","protected":false},"excerpt":{"rendered":"<p>Product information: Brand: MOC Gender: Unisex Name: Horizon Zero Dawn Broadhead Age Range: &gt; 6 years old Model Number: MOC-102738 Classification: Assemblage Plastic Block Shape: Self-Locking Bricks Material: Plastic Plastic Type: ABS Bricks Blocks: 339 PCS Dimensions: 15.3 x 12.3 x 9 cm Weight: 0.19 kg Contains detailed assembly instructions. Notice: 1. Without an original [&hellip;]<\/p>","protected":false},"featured_media":32261,"comment_status":"closed","ping_status":"closed","template":"","meta":{"_acf_changed":false},"product_cat":[371],"product_tag":[5809,5808,5807,5806,5805,5804],"class_list":["product","first","instock","shipping-taxable","purchasable","product-type-simple"],"acf":[],"_links":{"self":[{"href":"https:\/\/mouldking.store\/nb\/wp-json\/wp\/v2\/product\/32257","targetHints":{"allow":["GET"]}}],"collection":[{"href":"https:\/\/mouldking.store\/nb\/wp-json\/wp\/v2\/product"}],"about":[{"href":"https:\/\/mouldking.store\/nb\/wp-json\/wp\/v2\/types\/product"}],"replies":[{"embeddable":true,"href":"https:\/\/mouldking.store\/nb\/wp-json\/wp\/v2\/comments?post=32257"}],"wp:featuredmedia":[{"embeddable":true,"href":"https:\/\/mouldking.store\/nb\/wp-json\/wp\/v2\/media\/32261"}],"wp:attachment":[{"href":"https:\/\/mouldking.store\/nb\/wp-json\/wp\/v2\/media?parent=32257"}],"wp:term":[{"taxonomy":"product_cat","embeddable":true,"href":"https:\/\/mouldking.store\/nb\/wp-json\/wp\/v2\/product_cat?post=32257"},{"taxonomy":"product_tag","embeddable":true,"href":"https:\/\/mouldking.store\/nb\/wp-json\/wp\/v2\/product_tag?post=32257"}],"curies":[{"name":"wp","href":"https:\/\/api.w.org\/{rel}","templated":true}]}}