{"id":32262,"date":"2022-08-31T17:39:20","date_gmt":"2022-08-31T10:39:20","guid":{"rendered":"https:\/\/mouldking.store\/?post_type=product&#038;p=32262"},"modified":"2025-12-25T09:12:27","modified_gmt":"2025-12-25T02:12:27","slug":"moc-53395-halloween-surprise-spider-prank-scare-box-with-225-pieces","status":"publish","type":"product","link":"https:\/\/mouldking.store\/nb\/shop\/moc-53395-halloween-surprise-spider-prank-scare-box-with-225-pieces\/","title":{"rendered":"MOC-53395 Halloween Surprise: SPIDER PRANK SCARE BOX with 225 Pieces"},"content":{"rendered":"<p>Produktinformasjon:<\/p>\n<ol>\n<li>Merke: MOC<\/li>\n<li>Kj\u00f8nn: Unisex<\/li>\n<li>Name: Halloween Surprise: SPIDER PRANK SCARE BOX<\/li>\n<li>Aldersgruppe: &gt; 6 \u00e5r gammel<\/li>\n<li>Model Number: MOC-53395 &#8211; C9073<\/li>\n<li>Klassifisering: Montering<\/li>\n<li>Plastblokkform: Selvl\u00e5sende murstein<\/li>\n<li>Materiale: Plast<\/li>\n<li>Plasttype: ABS<\/li>\n<li>Bricks Blocks: 225 PCS<\/li>\n<li>Dimensions: 15 x 10 x 10 cm<\/li>\n<li>Weight: 0.35 kg<\/li>\n<li>Inneholder detaljerte monteringsanvisninger.<\/li>\n<\/ol>\n<p>Legge merke til:<br \/>\n1. Uten original eske, men vi garanterer at v\u00e5re produkter har kvalitetssikring og pen emballasje.<br \/>\n2. Som alle delene vi har sjekket f\u00f8r frakt, s\u00e5 hvis du finner noen deler savnet eller skadet, ikke bekymre deg og bare kontakt oss, s\u00e5 kan vi sende dem til deg p\u00e5 nytt umiddelbart gratis.<\/p>\n<figure id=\"attachment_32265\" aria-describedby=\"caption-attachment-32265\" style=\"width: 800px\" class=\"wp-caption aligncenter\"><img fetchpriority=\"high\" decoding=\"async\" class=\"wp-image-32265 size-full\" src=\"https:\/\/mouldking.store\/wp-content\/uploads\/2022\/08\/MOCBRICKLAND-MOC-53395-Halloween-Surprise-SPIDER-PRANK-SCARE-BOX-3.jpg\" alt=\"MOC-53395 Halloween Surprise: SPIDER PRANK SCARE BOX with 225 Pieces\" width=\"800\" height=\"800\" title=\"-\" srcset=\"https:\/\/mouldking.store\/wp-content\/uploads\/2022\/08\/MOCBRICKLAND-MOC-53395-Halloween-Surprise-SPIDER-PRANK-SCARE-BOX-3.jpg 800w, https:\/\/mouldking.store\/wp-content\/uploads\/2022\/08\/MOCBRICKLAND-MOC-53395-Halloween-Surprise-SPIDER-PRANK-SCARE-BOX-3-300x300.jpg 300w, https:\/\/mouldking.store\/wp-content\/uploads\/2022\/08\/MOCBRICKLAND-MOC-53395-Halloween-Surprise-SPIDER-PRANK-SCARE-BOX-3-768x768.jpg 768w, https:\/\/mouldking.store\/wp-content\/uploads\/2022\/08\/MOCBRICKLAND-MOC-53395-Halloween-Surprise-SPIDER-PRANK-SCARE-BOX-3-600x600.jpg 600w, https:\/\/mouldking.store\/wp-content\/uploads\/2022\/08\/MOCBRICKLAND-MOC-53395-Halloween-Surprise-SPIDER-PRANK-SCARE-BOX-3-150x150.jpg 150w, https:\/\/mouldking.store\/wp-content\/uploads\/2022\/08\/MOCBRICKLAND-MOC-53395-Halloween-Surprise-SPIDER-PRANK-SCARE-BOX-3-60x60.jpg 60w, https:\/\/mouldking.store\/wp-content\/uploads\/2022\/08\/MOCBRICKLAND-MOC-53395-Halloween-Surprise-SPIDER-PRANK-SCARE-BOX-3-90x90.jpg 90w\" sizes=\"(max-width: 800px) 100vw, 800px\" \/><figcaption id=\"caption-attachment-32265\" class=\"wp-caption-text\">MOC-53395 Halloween Surprise: SPIDER PRANK SCARE BOX with 225 Pieces<\/figcaption><\/figure>\n<figure id=\"attachment_32266\" aria-describedby=\"caption-attachment-32266\" style=\"width: 800px\" class=\"wp-caption aligncenter\"><img decoding=\"async\" class=\"wp-image-32266 size-full\" src=\"https:\/\/mouldking.store\/wp-content\/uploads\/2022\/08\/MOCBRICKLAND-MOC-53395-Halloween-Surprise-SPIDER-PRANK-SCARE-BOX-2.jpg\" alt=\"MOC-53395 Halloween Surprise: SPIDER PRANK SCARE BOX with 225 Pieces\" width=\"800\" height=\"800\" title=\"-\" srcset=\"https:\/\/mouldking.store\/wp-content\/uploads\/2022\/08\/MOCBRICKLAND-MOC-53395-Halloween-Surprise-SPIDER-PRANK-SCARE-BOX-2.jpg 800w, https:\/\/mouldking.store\/wp-content\/uploads\/2022\/08\/MOCBRICKLAND-MOC-53395-Halloween-Surprise-SPIDER-PRANK-SCARE-BOX-2-300x300.jpg 300w, https:\/\/mouldking.store\/wp-content\/uploads\/2022\/08\/MOCBRICKLAND-MOC-53395-Halloween-Surprise-SPIDER-PRANK-SCARE-BOX-2-768x768.jpg 768w, https:\/\/mouldking.store\/wp-content\/uploads\/2022\/08\/MOCBRICKLAND-MOC-53395-Halloween-Surprise-SPIDER-PRANK-SCARE-BOX-2-600x600.jpg 600w, https:\/\/mouldking.store\/wp-content\/uploads\/2022\/08\/MOCBRICKLAND-MOC-53395-Halloween-Surprise-SPIDER-PRANK-SCARE-BOX-2-150x150.jpg 150w, https:\/\/mouldking.store\/wp-content\/uploads\/2022\/08\/MOCBRICKLAND-MOC-53395-Halloween-Surprise-SPIDER-PRANK-SCARE-BOX-2-60x60.jpg 60w, https:\/\/mouldking.store\/wp-content\/uploads\/2022\/08\/MOCBRICKLAND-MOC-53395-Halloween-Surprise-SPIDER-PRANK-SCARE-BOX-2-90x90.jpg 90w\" sizes=\"(max-width: 800px) 100vw, 800px\" \/><figcaption id=\"caption-attachment-32266\" class=\"wp-caption-text\">MOC-53395 Halloween Surprise: SPIDER PRANK SCARE BOX with 225 Pieces<\/figcaption><\/figure>\n<figure id=\"attachment_32264\" aria-describedby=\"caption-attachment-32264\" style=\"width: 800px\" class=\"wp-caption aligncenter\"><img decoding=\"async\" class=\"wp-image-32264 size-full\" src=\"https:\/\/mouldking.store\/wp-content\/uploads\/2022\/08\/MOCBRICKLAND-MOC-53395-Halloween-Surprise-SPIDER-PRANK-SCARE-BOX-1.jpg\" alt=\"MOC-53395 Halloween Surprise: SPIDER PRANK SCARE BOX with 225 Pieces\" width=\"800\" height=\"1159\" title=\"-\" srcset=\"https:\/\/mouldking.store\/wp-content\/uploads\/2022\/08\/MOCBRICKLAND-MOC-53395-Halloween-Surprise-SPIDER-PRANK-SCARE-BOX-1.jpg 800w, https:\/\/mouldking.store\/wp-content\/uploads\/2022\/08\/MOCBRICKLAND-MOC-53395-Halloween-Surprise-SPIDER-PRANK-SCARE-BOX-1-207x300.jpg 207w, https:\/\/mouldking.store\/wp-content\/uploads\/2022\/08\/MOCBRICKLAND-MOC-53395-Halloween-Surprise-SPIDER-PRANK-SCARE-BOX-1-707x1024.jpg 707w, https:\/\/mouldking.store\/wp-content\/uploads\/2022\/08\/MOCBRICKLAND-MOC-53395-Halloween-Surprise-SPIDER-PRANK-SCARE-BOX-1-768x1113.jpg 768w, https:\/\/mouldking.store\/wp-content\/uploads\/2022\/08\/MOCBRICKLAND-MOC-53395-Halloween-Surprise-SPIDER-PRANK-SCARE-BOX-1-300x435.jpg 300w, https:\/\/mouldking.store\/wp-content\/uploads\/2022\/08\/MOCBRICKLAND-MOC-53395-Halloween-Surprise-SPIDER-PRANK-SCARE-BOX-1-600x869.jpg 600w, https:\/\/mouldking.store\/wp-content\/uploads\/2022\/08\/MOCBRICKLAND-MOC-53395-Halloween-Surprise-SPIDER-PRANK-SCARE-BOX-1-104x150.jpg 104w, https:\/\/mouldking.store\/wp-content\/uploads\/2022\/08\/MOCBRICKLAND-MOC-53395-Halloween-Surprise-SPIDER-PRANK-SCARE-BOX-1-41x60.jpg 41w, https:\/\/mouldking.store\/wp-content\/uploads\/2022\/08\/MOCBRICKLAND-MOC-53395-Halloween-Surprise-SPIDER-PRANK-SCARE-BOX-1-62x90.jpg 62w\" sizes=\"(max-width: 800px) 100vw, 800px\" \/><figcaption id=\"caption-attachment-32264\" class=\"wp-caption-text\">MOC-53395 Halloween Surprise: SPIDER PRANK SCARE BOX with 225 Pieces<\/figcaption><\/figure>\n<figure id=\"attachment_32263\" aria-describedby=\"caption-attachment-32263\" style=\"width: 800px\" class=\"wp-caption aligncenter\"><img loading=\"lazy\" decoding=\"async\" class=\"wp-image-32263 size-full\" src=\"https:\/\/mouldking.store\/wp-content\/uploads\/2022\/08\/MOCBRICKLAND-MOC-53395-Halloween-Surprise-SPIDER-PRANK-SCARE-BOX-4.jpg\" alt=\"MOC-53395 Halloween Surprise: SPIDER PRANK SCARE BOX with 225 Pieces\" width=\"800\" height=\"800\" title=\"-\" srcset=\"https:\/\/mouldking.store\/wp-content\/uploads\/2022\/08\/MOCBRICKLAND-MOC-53395-Halloween-Surprise-SPIDER-PRANK-SCARE-BOX-4.jpg 800w, https:\/\/mouldking.store\/wp-content\/uploads\/2022\/08\/MOCBRICKLAND-MOC-53395-Halloween-Surprise-SPIDER-PRANK-SCARE-BOX-4-300x300.jpg 300w, https:\/\/mouldking.store\/wp-content\/uploads\/2022\/08\/MOCBRICKLAND-MOC-53395-Halloween-Surprise-SPIDER-PRANK-SCARE-BOX-4-768x768.jpg 768w, https:\/\/mouldking.store\/wp-content\/uploads\/2022\/08\/MOCBRICKLAND-MOC-53395-Halloween-Surprise-SPIDER-PRANK-SCARE-BOX-4-600x600.jpg 600w, https:\/\/mouldking.store\/wp-content\/uploads\/2022\/08\/MOCBRICKLAND-MOC-53395-Halloween-Surprise-SPIDER-PRANK-SCARE-BOX-4-150x150.jpg 150w, https:\/\/mouldking.store\/wp-content\/uploads\/2022\/08\/MOCBRICKLAND-MOC-53395-Halloween-Surprise-SPIDER-PRANK-SCARE-BOX-4-60x60.jpg 60w, https:\/\/mouldking.store\/wp-content\/uploads\/2022\/08\/MOCBRICKLAND-MOC-53395-Halloween-Surprise-SPIDER-PRANK-SCARE-BOX-4-90x90.jpg 90w\" sizes=\"(max-width: 800px) 100vw, 800px\" \/><figcaption id=\"caption-attachment-32263\" class=\"wp-caption-text\">MOC-53395 Halloween Surprise: SPIDER PRANK SCARE BOX with 225 Pieces<\/figcaption><\/figure>","protected":false},"excerpt":{"rendered":"<p>Product information: Brand: MOC Gender: Unisex Name: Halloween Surprise: SPIDER PRANK SCARE BOX Age Range: &gt; 6 years old Model Number: MOC-53395 &#8211; C9073 Classification: Assemblage Plastic Block Shape: Self-Locking Bricks Material: Plastic Plastic Type: ABS Bricks Blocks: 225 PCS Dimensions: 15 x 10 x 10 cm Weight: 0.35 kg Contains detailed assembly instructions. Notice: [&hellip;]<\/p>","protected":false},"featured_media":32265,"comment_status":"closed","ping_status":"closed","template":"","meta":{"_acf_changed":false},"product_cat":[371],"product_tag":[5813,5812,5811,5810,5814],"class_list":["product","first","instock","shipping-taxable","purchasable","product-type-simple"],"acf":[],"_links":{"self":[{"href":"https:\/\/mouldking.store\/nb\/wp-json\/wp\/v2\/product\/32262","targetHints":{"allow":["GET"]}}],"collection":[{"href":"https:\/\/mouldking.store\/nb\/wp-json\/wp\/v2\/product"}],"about":[{"href":"https:\/\/mouldking.store\/nb\/wp-json\/wp\/v2\/types\/product"}],"replies":[{"embeddable":true,"href":"https:\/\/mouldking.store\/nb\/wp-json\/wp\/v2\/comments?post=32262"}],"wp:featuredmedia":[{"embeddable":true,"href":"https:\/\/mouldking.store\/nb\/wp-json\/wp\/v2\/media\/32265"}],"wp:attachment":[{"href":"https:\/\/mouldking.store\/nb\/wp-json\/wp\/v2\/media?parent=32262"}],"wp:term":[{"taxonomy":"product_cat","embeddable":true,"href":"https:\/\/mouldking.store\/nb\/wp-json\/wp\/v2\/product_cat?post=32262"},{"taxonomy":"product_tag","embeddable":true,"href":"https:\/\/mouldking.store\/nb\/wp-json\/wp\/v2\/product_tag?post=32262"}],"curies":[{"name":"wp","href":"https:\/\/api.w.org\/{rel}","templated":true}]}}