{"id":32325,"date":"2022-09-14T09:52:31","date_gmt":"2022-09-14T02:52:31","guid":{"rendered":"https:\/\/mouldking.store\/?post_type=product&#038;p=32325"},"modified":"2022-09-14T09:52:32","modified_gmt":"2022-09-14T02:52:32","slug":"k-box-k10507-fantasy-plaza-with-3140-pieces","status":"publish","type":"product","link":"https:\/\/mouldking.store\/nb\/shop\/k-box-k10507-fantasy-plaza-with-3140-pieces\/","title":{"rendered":"K-boks K10507 Fantasy Plaza med 3140 stk"},"content":{"rendered":"<p>Produktinformasjon:<\/p>\n<ol>\n<li>Merke: K-box<\/li>\n<li>Kj\u00f8nn: Unisex<\/li>\n<li>Name: Fantasy Plaza<\/li>\n<li>Aldersgruppe: &gt; 6 \u00e5r gammel<\/li>\n<li>Model Number: K10507<\/li>\n<li>Klassifisering: Montering<\/li>\n<li>Plastblokkform: Selvl\u00e5sende murstein<\/li>\n<li>Materiale: Plast<\/li>\n<li>Plasttype: ABS<\/li>\n<li>Bricks Blocks: 3140 PCS<\/li>\n<li>Size: 39 \u00d7 26 \u00d7 28 cm<\/li>\n<li>Inneholder detaljerte monteringsanvisninger.<\/li>\n<\/ol>\n<p>Legge merke til:<br \/>\n1. Uten original eske, men vi garanterer at v\u00e5re produkter har kvalitetssikring og pen emballasje.<br \/>\n2. Som alle delene vi har sjekket f\u00f8r frakt, s\u00e5 hvis du finner noen deler savnet eller skadet, ikke bekymre deg og bare kontakt oss, s\u00e5 kan vi sende dem til deg p\u00e5 nytt umiddelbart gratis.<\/p>\n<figure id=\"attachment_32326\" aria-describedby=\"caption-attachment-32326\" style=\"width: 800px\" class=\"wp-caption aligncenter\"><img fetchpriority=\"high\" decoding=\"async\" class=\"wp-image-32326 size-full\" src=\"https:\/\/mouldking.store\/wp-content\/uploads\/2022\/09\/Modular-Building-K-box-K10507-Fantasy-Plaza-1.jpg\" alt=\"K-box K10507 Fantasy Plaza with 3140 Pieces\" width=\"800\" height=\"800\" title=\"-\" srcset=\"https:\/\/mouldking.store\/wp-content\/uploads\/2022\/09\/Modular-Building-K-box-K10507-Fantasy-Plaza-1.jpg 800w, https:\/\/mouldking.store\/wp-content\/uploads\/2022\/09\/Modular-Building-K-box-K10507-Fantasy-Plaza-1-300x300.jpg 300w, https:\/\/mouldking.store\/wp-content\/uploads\/2022\/09\/Modular-Building-K-box-K10507-Fantasy-Plaza-1-768x768.jpg 768w, https:\/\/mouldking.store\/wp-content\/uploads\/2022\/09\/Modular-Building-K-box-K10507-Fantasy-Plaza-1-600x600.jpg 600w, https:\/\/mouldking.store\/wp-content\/uploads\/2022\/09\/Modular-Building-K-box-K10507-Fantasy-Plaza-1-150x150.jpg 150w, https:\/\/mouldking.store\/wp-content\/uploads\/2022\/09\/Modular-Building-K-box-K10507-Fantasy-Plaza-1-60x60.jpg 60w, https:\/\/mouldking.store\/wp-content\/uploads\/2022\/09\/Modular-Building-K-box-K10507-Fantasy-Plaza-1-90x90.jpg 90w\" sizes=\"(max-width: 800px) 100vw, 800px\" \/><figcaption id=\"caption-attachment-32326\" class=\"wp-caption-text\">K-boks K10507 Fantasy Plaza med 3140 stk<\/figcaption><\/figure>\n<figure id=\"attachment_32328\" aria-describedby=\"caption-attachment-32328\" style=\"width: 800px\" class=\"wp-caption aligncenter\"><img decoding=\"async\" class=\"wp-image-32328 size-full\" src=\"https:\/\/mouldking.store\/wp-content\/uploads\/2022\/09\/Modular-Building-K-box-K10507-Fantasy-Plaza-3.jpg\" alt=\"K-box K10507 Fantasy Plaza with 3140 Pieces\" width=\"800\" height=\"800\" title=\"-\" srcset=\"https:\/\/mouldking.store\/wp-content\/uploads\/2022\/09\/Modular-Building-K-box-K10507-Fantasy-Plaza-3.jpg 800w, https:\/\/mouldking.store\/wp-content\/uploads\/2022\/09\/Modular-Building-K-box-K10507-Fantasy-Plaza-3-300x300.jpg 300w, https:\/\/mouldking.store\/wp-content\/uploads\/2022\/09\/Modular-Building-K-box-K10507-Fantasy-Plaza-3-768x768.jpg 768w, https:\/\/mouldking.store\/wp-content\/uploads\/2022\/09\/Modular-Building-K-box-K10507-Fantasy-Plaza-3-600x600.jpg 600w, https:\/\/mouldking.store\/wp-content\/uploads\/2022\/09\/Modular-Building-K-box-K10507-Fantasy-Plaza-3-150x150.jpg 150w, https:\/\/mouldking.store\/wp-content\/uploads\/2022\/09\/Modular-Building-K-box-K10507-Fantasy-Plaza-3-60x60.jpg 60w, https:\/\/mouldking.store\/wp-content\/uploads\/2022\/09\/Modular-Building-K-box-K10507-Fantasy-Plaza-3-90x90.jpg 90w\" sizes=\"(max-width: 800px) 100vw, 800px\" \/><figcaption id=\"caption-attachment-32328\" class=\"wp-caption-text\">K-boks K10507 Fantasy Plaza med 3140 stk<\/figcaption><\/figure>\n<figure id=\"attachment_32327\" aria-describedby=\"caption-attachment-32327\" style=\"width: 800px\" class=\"wp-caption aligncenter\"><img decoding=\"async\" class=\"wp-image-32327 size-full\" src=\"https:\/\/mouldking.store\/wp-content\/uploads\/2022\/09\/Modular-Building-K-box-K10507-Fantasy-Plaza-2.jpg\" alt=\"K-box K10507 Fantasy Plaza with 3140 Pieces\" width=\"800\" height=\"800\" title=\"-\" srcset=\"https:\/\/mouldking.store\/wp-content\/uploads\/2022\/09\/Modular-Building-K-box-K10507-Fantasy-Plaza-2.jpg 800w, https:\/\/mouldking.store\/wp-content\/uploads\/2022\/09\/Modular-Building-K-box-K10507-Fantasy-Plaza-2-300x300.jpg 300w, https:\/\/mouldking.store\/wp-content\/uploads\/2022\/09\/Modular-Building-K-box-K10507-Fantasy-Plaza-2-768x768.jpg 768w, https:\/\/mouldking.store\/wp-content\/uploads\/2022\/09\/Modular-Building-K-box-K10507-Fantasy-Plaza-2-600x600.jpg 600w, https:\/\/mouldking.store\/wp-content\/uploads\/2022\/09\/Modular-Building-K-box-K10507-Fantasy-Plaza-2-150x150.jpg 150w, https:\/\/mouldking.store\/wp-content\/uploads\/2022\/09\/Modular-Building-K-box-K10507-Fantasy-Plaza-2-60x60.jpg 60w, https:\/\/mouldking.store\/wp-content\/uploads\/2022\/09\/Modular-Building-K-box-K10507-Fantasy-Plaza-2-90x90.jpg 90w\" sizes=\"(max-width: 800px) 100vw, 800px\" \/><figcaption id=\"caption-attachment-32327\" class=\"wp-caption-text\">K-boks K10507 Fantasy Plaza med 3140 stk<\/figcaption><\/figure>","protected":false},"excerpt":{"rendered":"<p>Product information: Brand: K-box Gender: Unisex Name: Fantasy Plaza Age Range: &gt; 6 years old Model Number: K10507 Classification: Assemblage Plastic Block Shape: Self-Locking Bricks Material: Plastic Plastic Type: ABS Bricks Blocks: 3140 PCS Size: 39 \u00d7 26 \u00d7 28 cm Contains detailed assembly instructions. Notice: 1. Without an original box, but we guarantee our [&hellip;]<\/p>","protected":false},"featured_media":32326,"comment_status":"closed","ping_status":"closed","template":"","meta":{"_acf_changed":false},"product_cat":[390],"product_tag":[5825,5824,5823],"class_list":["product","first","instock","shipping-taxable","purchasable","product-type-simple"],"acf":[],"_links":{"self":[{"href":"https:\/\/mouldking.store\/nb\/wp-json\/wp\/v2\/product\/32325","targetHints":{"allow":["GET"]}}],"collection":[{"href":"https:\/\/mouldking.store\/nb\/wp-json\/wp\/v2\/product"}],"about":[{"href":"https:\/\/mouldking.store\/nb\/wp-json\/wp\/v2\/types\/product"}],"replies":[{"embeddable":true,"href":"https:\/\/mouldking.store\/nb\/wp-json\/wp\/v2\/comments?post=32325"}],"wp:featuredmedia":[{"embeddable":true,"href":"https:\/\/mouldking.store\/nb\/wp-json\/wp\/v2\/media\/32326"}],"wp:attachment":[{"href":"https:\/\/mouldking.store\/nb\/wp-json\/wp\/v2\/media?parent=32325"}],"wp:term":[{"taxonomy":"product_cat","embeddable":true,"href":"https:\/\/mouldking.store\/nb\/wp-json\/wp\/v2\/product_cat?post=32325"},{"taxonomy":"product_tag","embeddable":true,"href":"https:\/\/mouldking.store\/nb\/wp-json\/wp\/v2\/product_tag?post=32325"}],"curies":[{"name":"wp","href":"https:\/\/api.w.org\/{rel}","templated":true}]}}