{"id":32329,"date":"2022-09-14T09:56:00","date_gmt":"2022-09-14T02:56:00","guid":{"rendered":"https:\/\/mouldking.store\/?post_type=product&#038;p=32329"},"modified":"2022-09-14T09:56:00","modified_gmt":"2022-09-14T02:56:00","slug":"mould-king-21011-ucs-command-shuttle-upsilon-shuttle-with-6860-pieces","status":"publish","type":"product","link":"https:\/\/mouldking.store\/nb\/shop\/mould-king-21011-ucs-command-shuttle-upsilon-shuttle-with-6860-pieces\/","title":{"rendered":"Mold King 21011 UCS Command Shuttle (Upsilon Shuttle) med 6860 stykker"},"content":{"rendered":"<p>Produktinformasjon:<\/p>\n<ol>\n<li>Merke: Mold King<\/li>\n<li>Kj\u00f8nn: Unisex<\/li>\n<li>Name: UCS Command Shuttle (Upsilon Shuttle)<\/li>\n<li>Aldersgruppe: &gt; 6 \u00e5r gammel<\/li>\n<li>Model Number: 21011<\/li>\n<li>Klassifisering: Montering<\/li>\n<li>Plastblokkform: Selvl\u00e5sende murstein<\/li>\n<li>Materiale: Plast<\/li>\n<li>Plasttype: ABS<\/li>\n<li>Bricks Blocks: 6860 PCS<\/li>\n<li>Size: 46.8 \u00d7 39.9 \u00d7 83.4 cm<\/li>\n<li>Inneholder detaljerte monteringsanvisninger.<\/li>\n<\/ol>\n<p>Legge merke til:<br \/>\n1. Uten original eske, men vi garanterer at v\u00e5re produkter har kvalitetssikring og pen emballasje.<br \/>\n2. Som alle delene vi har sjekket f\u00f8r frakt, s\u00e5 hvis du finner noen deler savnet eller skadet, ikke bekymre deg og bare kontakt oss, s\u00e5 kan vi sende dem til deg p\u00e5 nytt umiddelbart gratis.<\/p>\n<p>&nbsp;<\/p>\n<figure id=\"attachment_32330\" aria-describedby=\"caption-attachment-32330\" style=\"width: 800px\" class=\"wp-caption aligncenter\"><img fetchpriority=\"high\" decoding=\"async\" class=\"wp-image-32330 size-full\" src=\"https:\/\/mouldking.store\/wp-content\/uploads\/2022\/09\/Star-Wars-Mould-King-21011-UCS-Command-Shuttle-Upsilon-Shuttle-1.jpg\" alt=\"Mould King 21011 UCS Command Shuttle (Upsilon Shuttle) with 6860 Pieces\" width=\"800\" height=\"800\" title=\"-\" srcset=\"https:\/\/mouldking.store\/wp-content\/uploads\/2022\/09\/Star-Wars-Mould-King-21011-UCS-Command-Shuttle-Upsilon-Shuttle-1.jpg 800w, https:\/\/mouldking.store\/wp-content\/uploads\/2022\/09\/Star-Wars-Mould-King-21011-UCS-Command-Shuttle-Upsilon-Shuttle-1-300x300.jpg 300w, https:\/\/mouldking.store\/wp-content\/uploads\/2022\/09\/Star-Wars-Mould-King-21011-UCS-Command-Shuttle-Upsilon-Shuttle-1-768x768.jpg 768w, https:\/\/mouldking.store\/wp-content\/uploads\/2022\/09\/Star-Wars-Mould-King-21011-UCS-Command-Shuttle-Upsilon-Shuttle-1-600x600.jpg 600w, https:\/\/mouldking.store\/wp-content\/uploads\/2022\/09\/Star-Wars-Mould-King-21011-UCS-Command-Shuttle-Upsilon-Shuttle-1-150x150.jpg 150w, https:\/\/mouldking.store\/wp-content\/uploads\/2022\/09\/Star-Wars-Mould-King-21011-UCS-Command-Shuttle-Upsilon-Shuttle-1-60x60.jpg 60w, https:\/\/mouldking.store\/wp-content\/uploads\/2022\/09\/Star-Wars-Mould-King-21011-UCS-Command-Shuttle-Upsilon-Shuttle-1-90x90.jpg 90w\" sizes=\"(max-width: 800px) 100vw, 800px\" \/><figcaption id=\"caption-attachment-32330\" class=\"wp-caption-text\">Mold King 21011 UCS Command Shuttle (Upsilon Shuttle) med 6860 stykker<\/figcaption><\/figure>\n<figure id=\"attachment_32334\" aria-describedby=\"caption-attachment-32334\" style=\"width: 800px\" class=\"wp-caption aligncenter\"><img decoding=\"async\" class=\"wp-image-32334 size-full\" src=\"https:\/\/mouldking.store\/wp-content\/uploads\/2022\/09\/Star-Wars-Mould-King-21011-UCS-Command-Shuttle-Upsilon-Shuttle-5.jpg\" alt=\"Mould King 21011 UCS Command Shuttle (Upsilon Shuttle) with 6860 Pieces\" width=\"800\" height=\"800\" title=\"-\" srcset=\"https:\/\/mouldking.store\/wp-content\/uploads\/2022\/09\/Star-Wars-Mould-King-21011-UCS-Command-Shuttle-Upsilon-Shuttle-5.jpg 800w, https:\/\/mouldking.store\/wp-content\/uploads\/2022\/09\/Star-Wars-Mould-King-21011-UCS-Command-Shuttle-Upsilon-Shuttle-5-300x300.jpg 300w, https:\/\/mouldking.store\/wp-content\/uploads\/2022\/09\/Star-Wars-Mould-King-21011-UCS-Command-Shuttle-Upsilon-Shuttle-5-768x768.jpg 768w, https:\/\/mouldking.store\/wp-content\/uploads\/2022\/09\/Star-Wars-Mould-King-21011-UCS-Command-Shuttle-Upsilon-Shuttle-5-600x600.jpg 600w, https:\/\/mouldking.store\/wp-content\/uploads\/2022\/09\/Star-Wars-Mould-King-21011-UCS-Command-Shuttle-Upsilon-Shuttle-5-150x150.jpg 150w, https:\/\/mouldking.store\/wp-content\/uploads\/2022\/09\/Star-Wars-Mould-King-21011-UCS-Command-Shuttle-Upsilon-Shuttle-5-60x60.jpg 60w, https:\/\/mouldking.store\/wp-content\/uploads\/2022\/09\/Star-Wars-Mould-King-21011-UCS-Command-Shuttle-Upsilon-Shuttle-5-90x90.jpg 90w\" sizes=\"(max-width: 800px) 100vw, 800px\" \/><figcaption id=\"caption-attachment-32334\" class=\"wp-caption-text\">Mold King 21011 UCS Command Shuttle (Upsilon Shuttle) med 6860 stykker<\/figcaption><\/figure>\n<figure id=\"attachment_32333\" aria-describedby=\"caption-attachment-32333\" style=\"width: 800px\" class=\"wp-caption aligncenter\"><img decoding=\"async\" class=\"wp-image-32333 size-full\" src=\"https:\/\/mouldking.store\/wp-content\/uploads\/2022\/09\/Star-Wars-Mould-King-21011-UCS-Command-Shuttle-Upsilon-Shuttle-4.jpg\" alt=\"Mould King 21011 UCS Command Shuttle (Upsilon Shuttle) with 6860 Pieces\" width=\"800\" height=\"800\" title=\"-\" srcset=\"https:\/\/mouldking.store\/wp-content\/uploads\/2022\/09\/Star-Wars-Mould-King-21011-UCS-Command-Shuttle-Upsilon-Shuttle-4.jpg 800w, https:\/\/mouldking.store\/wp-content\/uploads\/2022\/09\/Star-Wars-Mould-King-21011-UCS-Command-Shuttle-Upsilon-Shuttle-4-300x300.jpg 300w, https:\/\/mouldking.store\/wp-content\/uploads\/2022\/09\/Star-Wars-Mould-King-21011-UCS-Command-Shuttle-Upsilon-Shuttle-4-768x768.jpg 768w, https:\/\/mouldking.store\/wp-content\/uploads\/2022\/09\/Star-Wars-Mould-King-21011-UCS-Command-Shuttle-Upsilon-Shuttle-4-600x600.jpg 600w, https:\/\/mouldking.store\/wp-content\/uploads\/2022\/09\/Star-Wars-Mould-King-21011-UCS-Command-Shuttle-Upsilon-Shuttle-4-150x150.jpg 150w, https:\/\/mouldking.store\/wp-content\/uploads\/2022\/09\/Star-Wars-Mould-King-21011-UCS-Command-Shuttle-Upsilon-Shuttle-4-60x60.jpg 60w, https:\/\/mouldking.store\/wp-content\/uploads\/2022\/09\/Star-Wars-Mould-King-21011-UCS-Command-Shuttle-Upsilon-Shuttle-4-90x90.jpg 90w\" sizes=\"(max-width: 800px) 100vw, 800px\" \/><figcaption id=\"caption-attachment-32333\" class=\"wp-caption-text\">Mold King 21011 UCS Command Shuttle (Upsilon Shuttle) med 6860 stykker<\/figcaption><\/figure>\n<figure id=\"attachment_32332\" aria-describedby=\"caption-attachment-32332\" style=\"width: 800px\" class=\"wp-caption aligncenter\"><img loading=\"lazy\" decoding=\"async\" class=\"wp-image-32332 size-full\" src=\"https:\/\/mouldking.store\/wp-content\/uploads\/2022\/09\/Star-Wars-Mould-King-21011-UCS-Command-Shuttle-Upsilon-Shuttle-3.jpg\" alt=\"Mould King 21011 UCS Command Shuttle (Upsilon Shuttle) with 6860 Pieces\" width=\"800\" height=\"800\" title=\"-\" srcset=\"https:\/\/mouldking.store\/wp-content\/uploads\/2022\/09\/Star-Wars-Mould-King-21011-UCS-Command-Shuttle-Upsilon-Shuttle-3.jpg 800w, https:\/\/mouldking.store\/wp-content\/uploads\/2022\/09\/Star-Wars-Mould-King-21011-UCS-Command-Shuttle-Upsilon-Shuttle-3-300x300.jpg 300w, https:\/\/mouldking.store\/wp-content\/uploads\/2022\/09\/Star-Wars-Mould-King-21011-UCS-Command-Shuttle-Upsilon-Shuttle-3-768x768.jpg 768w, https:\/\/mouldking.store\/wp-content\/uploads\/2022\/09\/Star-Wars-Mould-King-21011-UCS-Command-Shuttle-Upsilon-Shuttle-3-600x600.jpg 600w, https:\/\/mouldking.store\/wp-content\/uploads\/2022\/09\/Star-Wars-Mould-King-21011-UCS-Command-Shuttle-Upsilon-Shuttle-3-150x150.jpg 150w, https:\/\/mouldking.store\/wp-content\/uploads\/2022\/09\/Star-Wars-Mould-King-21011-UCS-Command-Shuttle-Upsilon-Shuttle-3-60x60.jpg 60w, https:\/\/mouldking.store\/wp-content\/uploads\/2022\/09\/Star-Wars-Mould-King-21011-UCS-Command-Shuttle-Upsilon-Shuttle-3-90x90.jpg 90w\" sizes=\"(max-width: 800px) 100vw, 800px\" \/><figcaption id=\"caption-attachment-32332\" class=\"wp-caption-text\">Mold King 21011 UCS Command Shuttle (Upsilon Shuttle) med 6860 stykker<\/figcaption><\/figure>\n<figure id=\"attachment_32331\" aria-describedby=\"caption-attachment-32331\" style=\"width: 800px\" class=\"wp-caption aligncenter\"><img loading=\"lazy\" decoding=\"async\" class=\"wp-image-32331 size-full\" src=\"https:\/\/mouldking.store\/wp-content\/uploads\/2022\/09\/Star-Wars-Mould-King-21011-UCS-Command-Shuttle-Upsilon-Shuttle-2.jpg\" alt=\"Mould King 21011 UCS Command Shuttle (Upsilon Shuttle) with 6860 Pieces\" width=\"800\" height=\"800\" title=\"-\" srcset=\"https:\/\/mouldking.store\/wp-content\/uploads\/2022\/09\/Star-Wars-Mould-King-21011-UCS-Command-Shuttle-Upsilon-Shuttle-2.jpg 800w, https:\/\/mouldking.store\/wp-content\/uploads\/2022\/09\/Star-Wars-Mould-King-21011-UCS-Command-Shuttle-Upsilon-Shuttle-2-300x300.jpg 300w, https:\/\/mouldking.store\/wp-content\/uploads\/2022\/09\/Star-Wars-Mould-King-21011-UCS-Command-Shuttle-Upsilon-Shuttle-2-768x768.jpg 768w, https:\/\/mouldking.store\/wp-content\/uploads\/2022\/09\/Star-Wars-Mould-King-21011-UCS-Command-Shuttle-Upsilon-Shuttle-2-600x600.jpg 600w, https:\/\/mouldking.store\/wp-content\/uploads\/2022\/09\/Star-Wars-Mould-King-21011-UCS-Command-Shuttle-Upsilon-Shuttle-2-150x150.jpg 150w, https:\/\/mouldking.store\/wp-content\/uploads\/2022\/09\/Star-Wars-Mould-King-21011-UCS-Command-Shuttle-Upsilon-Shuttle-2-60x60.jpg 60w, https:\/\/mouldking.store\/wp-content\/uploads\/2022\/09\/Star-Wars-Mould-King-21011-UCS-Command-Shuttle-Upsilon-Shuttle-2-90x90.jpg 90w\" sizes=\"(max-width: 800px) 100vw, 800px\" \/><figcaption id=\"caption-attachment-32331\" class=\"wp-caption-text\">Mold King 21011 UCS Command Shuttle (Upsilon Shuttle) med 6860 stykker<\/figcaption><\/figure>","protected":false},"excerpt":{"rendered":"<p>Product information: Brand: Mould King Gender: Unisex Name: UCS Command Shuttle (Upsilon Shuttle) Age Range: &gt; 6 years old Model Number: 21011 Classification: Assemblage Plastic Block Shape: Self-Locking Bricks Material: Plastic Plastic Type: ABS Bricks Blocks: 6860 PCS Size: 46.8 \u00d7 39.9 \u00d7 83.4 cm Contains detailed assembly instructions. Notice: 1. Without an original box, [&hellip;]<\/p>","protected":false},"featured_media":32330,"comment_status":"closed","ping_status":"closed","template":"","meta":{"_acf_changed":false},"product_cat":[415],"product_tag":[5827,5826,5829,5828],"class_list":["product","first","instock","shipping-taxable","purchasable","product-type-simple"],"acf":[],"_links":{"self":[{"href":"https:\/\/mouldking.store\/nb\/wp-json\/wp\/v2\/product\/32329","targetHints":{"allow":["GET"]}}],"collection":[{"href":"https:\/\/mouldking.store\/nb\/wp-json\/wp\/v2\/product"}],"about":[{"href":"https:\/\/mouldking.store\/nb\/wp-json\/wp\/v2\/types\/product"}],"replies":[{"embeddable":true,"href":"https:\/\/mouldking.store\/nb\/wp-json\/wp\/v2\/comments?post=32329"}],"wp:featuredmedia":[{"embeddable":true,"href":"https:\/\/mouldking.store\/nb\/wp-json\/wp\/v2\/media\/32330"}],"wp:attachment":[{"href":"https:\/\/mouldking.store\/nb\/wp-json\/wp\/v2\/media?parent=32329"}],"wp:term":[{"taxonomy":"product_cat","embeddable":true,"href":"https:\/\/mouldking.store\/nb\/wp-json\/wp\/v2\/product_cat?post=32329"},{"taxonomy":"product_tag","embeddable":true,"href":"https:\/\/mouldking.store\/nb\/wp-json\/wp\/v2\/product_tag?post=32329"}],"curies":[{"name":"wp","href":"https:\/\/api.w.org\/{rel}","templated":true}]}}