{"id":32335,"date":"2022-09-14T10:06:29","date_gmt":"2022-09-14T03:06:29","guid":{"rendered":"https:\/\/mouldking.store\/?post_type=product&#038;p=32335"},"modified":"2022-09-14T10:06:29","modified_gmt":"2022-09-14T03:06:29","slug":"funwhole-fh9001-wood-cabin-with-light-parts-with-2097-pieces","status":"publish","type":"product","link":"https:\/\/mouldking.store\/nb\/shop\/funwhole-fh9001-wood-cabin-with-light-parts-with-2097-pieces\/","title":{"rendered":"FUNWHOLE FH9001 Trehytte med lette deler med 2097 stk"},"content":{"rendered":"<p>Produktinformasjon:<\/p>\n<ol>\n<li>Merke: FUNWHOLE<\/li>\n<li>Kj\u00f8nn: Unisex<\/li>\n<li>Navn: Trehytte med lette deler<\/li>\n<li>Aldersgruppe: &gt; 6 \u00e5r gammel<\/li>\n<li>Modellnummer: FH9001<\/li>\n<li>Klassifisering: Montering<\/li>\n<li>Plastblokkform: Selvl\u00e5sende murstein<\/li>\n<li>Materiale: Plast<\/li>\n<li>Plasttype: ABS<\/li>\n<li>Mursteinsblokker: 2097 STK<\/li>\n<li>St\u00f8rrelse: L : 25,7 cm B : 25,7 cm H : 20,8 cm<\/li>\n<li>Inneholder detaljerte monteringsanvisninger.<\/li>\n<\/ol>\n<p>Legge merke til:<br \/>\n1. Uten original eske, men vi garanterer at v\u00e5re produkter har kvalitetssikring og pen emballasje.<br \/>\n2. Som alle delene vi har sjekket f\u00f8r frakt, s\u00e5 hvis du finner noen deler savnet eller skadet, ikke bekymre deg og bare kontakt oss, s\u00e5 kan vi sende dem til deg p\u00e5 nytt umiddelbart gratis.<\/p>\n<p>&nbsp;<\/p>\n<figure id=\"attachment_32337\" aria-describedby=\"caption-attachment-32337\" style=\"width: 800px\" class=\"wp-caption aligncenter\"><img fetchpriority=\"high\" decoding=\"async\" class=\"wp-image-32337 size-full\" src=\"https:\/\/mouldking.store\/wp-content\/uploads\/2022\/09\/Modular-Building-FUNWHOLE-FH9001-Wood-Cabin-with-Light-parts-2.jpg\" alt=\"FUNWHOLE FH9001 Wood Cabin with Light parts with 2097 Pieces\" width=\"800\" height=\"800\" title=\"-\" srcset=\"https:\/\/mouldking.store\/wp-content\/uploads\/2022\/09\/Modular-Building-FUNWHOLE-FH9001-Wood-Cabin-with-Light-parts-2.jpg 800w, https:\/\/mouldking.store\/wp-content\/uploads\/2022\/09\/Modular-Building-FUNWHOLE-FH9001-Wood-Cabin-with-Light-parts-2-300x300.jpg 300w, https:\/\/mouldking.store\/wp-content\/uploads\/2022\/09\/Modular-Building-FUNWHOLE-FH9001-Wood-Cabin-with-Light-parts-2-768x768.jpg 768w, https:\/\/mouldking.store\/wp-content\/uploads\/2022\/09\/Modular-Building-FUNWHOLE-FH9001-Wood-Cabin-with-Light-parts-2-600x600.jpg 600w, https:\/\/mouldking.store\/wp-content\/uploads\/2022\/09\/Modular-Building-FUNWHOLE-FH9001-Wood-Cabin-with-Light-parts-2-150x150.jpg 150w, https:\/\/mouldking.store\/wp-content\/uploads\/2022\/09\/Modular-Building-FUNWHOLE-FH9001-Wood-Cabin-with-Light-parts-2-60x60.jpg 60w, https:\/\/mouldking.store\/wp-content\/uploads\/2022\/09\/Modular-Building-FUNWHOLE-FH9001-Wood-Cabin-with-Light-parts-2-90x90.jpg 90w\" sizes=\"(max-width: 800px) 100vw, 800px\" \/><figcaption id=\"caption-attachment-32337\" class=\"wp-caption-text\">FUNWHOLE FH9001 Trehytte med lette deler med 2097 stk<\/figcaption><\/figure>\n<figure id=\"attachment_32336\" aria-describedby=\"caption-attachment-32336\" style=\"width: 800px\" class=\"wp-caption aligncenter\"><img decoding=\"async\" class=\"wp-image-32336 size-full\" src=\"https:\/\/mouldking.store\/wp-content\/uploads\/2022\/09\/Modular-Building-FUNWHOLE-FH9001-Wood-Cabin-with-Light-parts-1.jpg\" alt=\"FUNWHOLE FH9001 Wood Cabin with Light parts with 2097 Pieces\" width=\"800\" height=\"800\" title=\"-\" srcset=\"https:\/\/mouldking.store\/wp-content\/uploads\/2022\/09\/Modular-Building-FUNWHOLE-FH9001-Wood-Cabin-with-Light-parts-1.jpg 800w, https:\/\/mouldking.store\/wp-content\/uploads\/2022\/09\/Modular-Building-FUNWHOLE-FH9001-Wood-Cabin-with-Light-parts-1-300x300.jpg 300w, https:\/\/mouldking.store\/wp-content\/uploads\/2022\/09\/Modular-Building-FUNWHOLE-FH9001-Wood-Cabin-with-Light-parts-1-768x768.jpg 768w, https:\/\/mouldking.store\/wp-content\/uploads\/2022\/09\/Modular-Building-FUNWHOLE-FH9001-Wood-Cabin-with-Light-parts-1-600x600.jpg 600w, https:\/\/mouldking.store\/wp-content\/uploads\/2022\/09\/Modular-Building-FUNWHOLE-FH9001-Wood-Cabin-with-Light-parts-1-150x150.jpg 150w, https:\/\/mouldking.store\/wp-content\/uploads\/2022\/09\/Modular-Building-FUNWHOLE-FH9001-Wood-Cabin-with-Light-parts-1-60x60.jpg 60w, https:\/\/mouldking.store\/wp-content\/uploads\/2022\/09\/Modular-Building-FUNWHOLE-FH9001-Wood-Cabin-with-Light-parts-1-90x90.jpg 90w\" sizes=\"(max-width: 800px) 100vw, 800px\" \/><figcaption id=\"caption-attachment-32336\" class=\"wp-caption-text\">FUNWHOLE FH9001 Trehytte med lette deler med 2097 stk<\/figcaption><\/figure>\n<figure id=\"attachment_32338\" aria-describedby=\"caption-attachment-32338\" style=\"width: 800px\" class=\"wp-caption aligncenter\"><img decoding=\"async\" class=\"wp-image-32338 size-full\" src=\"https:\/\/mouldking.store\/wp-content\/uploads\/2022\/09\/Modular-Building-FUNWHOLE-FH9001-Wood-Cabin-with-Light-parts-3.jpg\" alt=\"FUNWHOLE FH9001 Wood Cabin with Light parts with 2097 Pieces\" width=\"800\" height=\"800\" title=\"-\" srcset=\"https:\/\/mouldking.store\/wp-content\/uploads\/2022\/09\/Modular-Building-FUNWHOLE-FH9001-Wood-Cabin-with-Light-parts-3.jpg 800w, https:\/\/mouldking.store\/wp-content\/uploads\/2022\/09\/Modular-Building-FUNWHOLE-FH9001-Wood-Cabin-with-Light-parts-3-300x300.jpg 300w, https:\/\/mouldking.store\/wp-content\/uploads\/2022\/09\/Modular-Building-FUNWHOLE-FH9001-Wood-Cabin-with-Light-parts-3-768x768.jpg 768w, https:\/\/mouldking.store\/wp-content\/uploads\/2022\/09\/Modular-Building-FUNWHOLE-FH9001-Wood-Cabin-with-Light-parts-3-600x600.jpg 600w, https:\/\/mouldking.store\/wp-content\/uploads\/2022\/09\/Modular-Building-FUNWHOLE-FH9001-Wood-Cabin-with-Light-parts-3-150x150.jpg 150w, https:\/\/mouldking.store\/wp-content\/uploads\/2022\/09\/Modular-Building-FUNWHOLE-FH9001-Wood-Cabin-with-Light-parts-3-60x60.jpg 60w, https:\/\/mouldking.store\/wp-content\/uploads\/2022\/09\/Modular-Building-FUNWHOLE-FH9001-Wood-Cabin-with-Light-parts-3-90x90.jpg 90w\" sizes=\"(max-width: 800px) 100vw, 800px\" \/><figcaption id=\"caption-attachment-32338\" class=\"wp-caption-text\">FUNWHOLE FH9001 Trehytte med lette deler med 2097 stk<\/figcaption><\/figure>\n<figure id=\"attachment_32339\" aria-describedby=\"caption-attachment-32339\" style=\"width: 800px\" class=\"wp-caption aligncenter\"><img loading=\"lazy\" decoding=\"async\" class=\"wp-image-32339 size-full\" src=\"https:\/\/mouldking.store\/wp-content\/uploads\/2022\/09\/Modular-Building-FUNWHOLE-FH9001-Wood-Cabin-with-Light-parts-4.jpg\" alt=\"FUNWHOLE FH9001 Wood Cabin with Light parts with 2097 Pieces\" width=\"800\" height=\"800\" title=\"-\" srcset=\"https:\/\/mouldking.store\/wp-content\/uploads\/2022\/09\/Modular-Building-FUNWHOLE-FH9001-Wood-Cabin-with-Light-parts-4.jpg 800w, https:\/\/mouldking.store\/wp-content\/uploads\/2022\/09\/Modular-Building-FUNWHOLE-FH9001-Wood-Cabin-with-Light-parts-4-300x300.jpg 300w, https:\/\/mouldking.store\/wp-content\/uploads\/2022\/09\/Modular-Building-FUNWHOLE-FH9001-Wood-Cabin-with-Light-parts-4-768x768.jpg 768w, https:\/\/mouldking.store\/wp-content\/uploads\/2022\/09\/Modular-Building-FUNWHOLE-FH9001-Wood-Cabin-with-Light-parts-4-600x600.jpg 600w, https:\/\/mouldking.store\/wp-content\/uploads\/2022\/09\/Modular-Building-FUNWHOLE-FH9001-Wood-Cabin-with-Light-parts-4-150x150.jpg 150w, https:\/\/mouldking.store\/wp-content\/uploads\/2022\/09\/Modular-Building-FUNWHOLE-FH9001-Wood-Cabin-with-Light-parts-4-60x60.jpg 60w, https:\/\/mouldking.store\/wp-content\/uploads\/2022\/09\/Modular-Building-FUNWHOLE-FH9001-Wood-Cabin-with-Light-parts-4-90x90.jpg 90w\" sizes=\"(max-width: 800px) 100vw, 800px\" \/><figcaption id=\"caption-attachment-32339\" class=\"wp-caption-text\">FUNWHOLE FH9001 Trehytte med lette deler med 2097 stk<\/figcaption><\/figure>","protected":false},"excerpt":{"rendered":"<p>Product information: Brand: FUNWHOLE Gender: Unisex Name: Wood Cabin with Light parts Age Range: &gt; 6 years old Model Number: FH9001 Classification: Assemblage Plastic Block Shape: Self-Locking Bricks Material: Plastic Plastic Type: ABS Bricks Blocks: 2097 PCS Size: L : 25.7 cm W : 25.7 cm H : 20.8 cm Contains detailed assembly instructions. Notice: [&hellip;]<\/p>","protected":false},"featured_media":32337,"comment_status":"closed","ping_status":"closed","template":"","meta":{"_acf_changed":false},"product_cat":[390],"product_tag":[5831,5830,5832],"class_list":["product","first","instock","shipping-taxable","purchasable","product-type-simple"],"acf":[],"_links":{"self":[{"href":"https:\/\/mouldking.store\/nb\/wp-json\/wp\/v2\/product\/32335","targetHints":{"allow":["GET"]}}],"collection":[{"href":"https:\/\/mouldking.store\/nb\/wp-json\/wp\/v2\/product"}],"about":[{"href":"https:\/\/mouldking.store\/nb\/wp-json\/wp\/v2\/types\/product"}],"replies":[{"embeddable":true,"href":"https:\/\/mouldking.store\/nb\/wp-json\/wp\/v2\/comments?post=32335"}],"wp:featuredmedia":[{"embeddable":true,"href":"https:\/\/mouldking.store\/nb\/wp-json\/wp\/v2\/media\/32337"}],"wp:attachment":[{"href":"https:\/\/mouldking.store\/nb\/wp-json\/wp\/v2\/media?parent=32335"}],"wp:term":[{"taxonomy":"product_cat","embeddable":true,"href":"https:\/\/mouldking.store\/nb\/wp-json\/wp\/v2\/product_cat?post=32335"},{"taxonomy":"product_tag","embeddable":true,"href":"https:\/\/mouldking.store\/nb\/wp-json\/wp\/v2\/product_tag?post=32335"}],"curies":[{"name":"wp","href":"https:\/\/api.w.org\/{rel}","templated":true}]}}