{"id":32361,"date":"2022-09-14T10:23:59","date_gmt":"2022-09-14T03:23:59","guid":{"rendered":"https:\/\/mouldking.store\/?post_type=product&#038;p=32361"},"modified":"2022-09-14T10:24:00","modified_gmt":"2022-09-14T03:24:00","slug":"juhang-671-international-chess-with-3800-pieces","status":"publish","type":"product","link":"https:\/\/mouldking.store\/nb\/shop\/juhang-671-international-chess-with-3800-pieces\/","title":{"rendered":"JUHANG 671 International Chess with 3800 Pieces"},"content":{"rendered":"<p>Produktinformasjon:<\/p>\n<ol>\n<li>Brand: JUHANG<\/li>\n<li>Kj\u00f8nn: Unisex<\/li>\n<li>Name: International Chess<\/li>\n<li>Aldersgruppe: &gt; 6 \u00e5r gammel<\/li>\n<li>Model Number: 671<\/li>\n<li>Klassifisering: Montering<\/li>\n<li>Plastblokkform: Selvl\u00e5sende murstein<\/li>\n<li>Materiale: Plast<\/li>\n<li>Plasttype: ABS<\/li>\n<li>Bricks Blocks: 3800 PCS<\/li>\n<li>Size: 53 x 53 cm<\/li>\n<li>Inneholder detaljerte monteringsanvisninger.<\/li>\n<\/ol>\n<p>Legge merke til:<br \/>\n1. Uten original eske, men vi garanterer at v\u00e5re produkter har kvalitetssikring og pen emballasje.<br \/>\n2. Som alle delene vi har sjekket f\u00f8r frakt, s\u00e5 hvis du finner noen deler savnet eller skadet, ikke bekymre deg og bare kontakt oss, s\u00e5 kan vi sende dem til deg p\u00e5 nytt umiddelbart gratis.<\/p>\n<figure id=\"attachment_32362\" aria-describedby=\"caption-attachment-32362\" style=\"width: 800px\" class=\"wp-caption aligncenter\"><img fetchpriority=\"high\" decoding=\"async\" class=\"wp-image-32362 size-full\" src=\"https:\/\/mouldking.store\/wp-content\/uploads\/2022\/09\/Star-Wars-JUHANG-671-International-Chess-1.jpg\" alt=\"JUHANG 671 International Chess with 3800 Pieces\" width=\"800\" height=\"800\" title=\"-\" srcset=\"https:\/\/mouldking.store\/wp-content\/uploads\/2022\/09\/Star-Wars-JUHANG-671-International-Chess-1.jpg 800w, https:\/\/mouldking.store\/wp-content\/uploads\/2022\/09\/Star-Wars-JUHANG-671-International-Chess-1-300x300.jpg 300w, https:\/\/mouldking.store\/wp-content\/uploads\/2022\/09\/Star-Wars-JUHANG-671-International-Chess-1-768x768.jpg 768w, https:\/\/mouldking.store\/wp-content\/uploads\/2022\/09\/Star-Wars-JUHANG-671-International-Chess-1-600x600.jpg 600w, https:\/\/mouldking.store\/wp-content\/uploads\/2022\/09\/Star-Wars-JUHANG-671-International-Chess-1-150x150.jpg 150w, https:\/\/mouldking.store\/wp-content\/uploads\/2022\/09\/Star-Wars-JUHANG-671-International-Chess-1-60x60.jpg 60w, https:\/\/mouldking.store\/wp-content\/uploads\/2022\/09\/Star-Wars-JUHANG-671-International-Chess-1-90x90.jpg 90w\" sizes=\"(max-width: 800px) 100vw, 800px\" \/><figcaption id=\"caption-attachment-32362\" class=\"wp-caption-text\">JUHANG 671 International Chess with 3800 Pieces<\/figcaption><\/figure>\n<figure id=\"attachment_32366\" aria-describedby=\"caption-attachment-32366\" style=\"width: 800px\" class=\"wp-caption aligncenter\"><img decoding=\"async\" class=\"wp-image-32366 size-full\" src=\"https:\/\/mouldking.store\/wp-content\/uploads\/2022\/09\/Star-Wars-JUHANG-671-International-Chess-5.jpg\" alt=\"JUHANG 671 International Chess with 3800 Pieces\" width=\"800\" height=\"800\" title=\"-\" srcset=\"https:\/\/mouldking.store\/wp-content\/uploads\/2022\/09\/Star-Wars-JUHANG-671-International-Chess-5.jpg 800w, https:\/\/mouldking.store\/wp-content\/uploads\/2022\/09\/Star-Wars-JUHANG-671-International-Chess-5-300x300.jpg 300w, https:\/\/mouldking.store\/wp-content\/uploads\/2022\/09\/Star-Wars-JUHANG-671-International-Chess-5-768x768.jpg 768w, https:\/\/mouldking.store\/wp-content\/uploads\/2022\/09\/Star-Wars-JUHANG-671-International-Chess-5-600x600.jpg 600w, https:\/\/mouldking.store\/wp-content\/uploads\/2022\/09\/Star-Wars-JUHANG-671-International-Chess-5-150x150.jpg 150w, https:\/\/mouldking.store\/wp-content\/uploads\/2022\/09\/Star-Wars-JUHANG-671-International-Chess-5-60x60.jpg 60w, https:\/\/mouldking.store\/wp-content\/uploads\/2022\/09\/Star-Wars-JUHANG-671-International-Chess-5-90x90.jpg 90w\" sizes=\"(max-width: 800px) 100vw, 800px\" \/><figcaption id=\"caption-attachment-32366\" class=\"wp-caption-text\">JUHANG 671 International Chess with 3800 Pieces<\/figcaption><\/figure>\n<figure id=\"attachment_32365\" aria-describedby=\"caption-attachment-32365\" style=\"width: 800px\" class=\"wp-caption aligncenter\"><img decoding=\"async\" class=\"wp-image-32365 size-full\" src=\"https:\/\/mouldking.store\/wp-content\/uploads\/2022\/09\/Star-Wars-JUHANG-671-International-Chess-4.jpg\" alt=\"JUHANG 671 International Chess with 3800 Pieces\" width=\"800\" height=\"800\" title=\"-\" srcset=\"https:\/\/mouldking.store\/wp-content\/uploads\/2022\/09\/Star-Wars-JUHANG-671-International-Chess-4.jpg 800w, https:\/\/mouldking.store\/wp-content\/uploads\/2022\/09\/Star-Wars-JUHANG-671-International-Chess-4-300x300.jpg 300w, https:\/\/mouldking.store\/wp-content\/uploads\/2022\/09\/Star-Wars-JUHANG-671-International-Chess-4-768x768.jpg 768w, https:\/\/mouldking.store\/wp-content\/uploads\/2022\/09\/Star-Wars-JUHANG-671-International-Chess-4-600x600.jpg 600w, https:\/\/mouldking.store\/wp-content\/uploads\/2022\/09\/Star-Wars-JUHANG-671-International-Chess-4-150x150.jpg 150w, https:\/\/mouldking.store\/wp-content\/uploads\/2022\/09\/Star-Wars-JUHANG-671-International-Chess-4-60x60.jpg 60w, https:\/\/mouldking.store\/wp-content\/uploads\/2022\/09\/Star-Wars-JUHANG-671-International-Chess-4-90x90.jpg 90w\" sizes=\"(max-width: 800px) 100vw, 800px\" \/><figcaption id=\"caption-attachment-32365\" class=\"wp-caption-text\">JUHANG 671 International Chess with 3800 Pieces<\/figcaption><\/figure>\n<figure id=\"attachment_32364\" aria-describedby=\"caption-attachment-32364\" style=\"width: 800px\" class=\"wp-caption aligncenter\"><img loading=\"lazy\" decoding=\"async\" class=\"wp-image-32364 size-full\" src=\"https:\/\/mouldking.store\/wp-content\/uploads\/2022\/09\/Star-Wars-JUHANG-671-International-Chess-3.jpg\" alt=\"JUHANG 671 International Chess with 3800 Pieces\" width=\"800\" height=\"800\" title=\"-\" srcset=\"https:\/\/mouldking.store\/wp-content\/uploads\/2022\/09\/Star-Wars-JUHANG-671-International-Chess-3.jpg 800w, https:\/\/mouldking.store\/wp-content\/uploads\/2022\/09\/Star-Wars-JUHANG-671-International-Chess-3-300x300.jpg 300w, https:\/\/mouldking.store\/wp-content\/uploads\/2022\/09\/Star-Wars-JUHANG-671-International-Chess-3-768x768.jpg 768w, https:\/\/mouldking.store\/wp-content\/uploads\/2022\/09\/Star-Wars-JUHANG-671-International-Chess-3-600x600.jpg 600w, https:\/\/mouldking.store\/wp-content\/uploads\/2022\/09\/Star-Wars-JUHANG-671-International-Chess-3-150x150.jpg 150w, https:\/\/mouldking.store\/wp-content\/uploads\/2022\/09\/Star-Wars-JUHANG-671-International-Chess-3-60x60.jpg 60w, https:\/\/mouldking.store\/wp-content\/uploads\/2022\/09\/Star-Wars-JUHANG-671-International-Chess-3-90x90.jpg 90w\" sizes=\"(max-width: 800px) 100vw, 800px\" \/><figcaption id=\"caption-attachment-32364\" class=\"wp-caption-text\">JUHANG 671 International Chess with 3800 Pieces<\/figcaption><\/figure>\n<figure id=\"attachment_32363\" aria-describedby=\"caption-attachment-32363\" style=\"width: 800px\" class=\"wp-caption aligncenter\"><img loading=\"lazy\" decoding=\"async\" class=\"wp-image-32363 size-full\" src=\"https:\/\/mouldking.store\/wp-content\/uploads\/2022\/09\/Star-Wars-JUHANG-671-International-Chess-2.jpg\" alt=\"JUHANG 671 International Chess with 3800 Pieces\" width=\"800\" height=\"800\" title=\"-\" srcset=\"https:\/\/mouldking.store\/wp-content\/uploads\/2022\/09\/Star-Wars-JUHANG-671-International-Chess-2.jpg 800w, https:\/\/mouldking.store\/wp-content\/uploads\/2022\/09\/Star-Wars-JUHANG-671-International-Chess-2-300x300.jpg 300w, https:\/\/mouldking.store\/wp-content\/uploads\/2022\/09\/Star-Wars-JUHANG-671-International-Chess-2-768x768.jpg 768w, https:\/\/mouldking.store\/wp-content\/uploads\/2022\/09\/Star-Wars-JUHANG-671-International-Chess-2-600x600.jpg 600w, https:\/\/mouldking.store\/wp-content\/uploads\/2022\/09\/Star-Wars-JUHANG-671-International-Chess-2-150x150.jpg 150w, https:\/\/mouldking.store\/wp-content\/uploads\/2022\/09\/Star-Wars-JUHANG-671-International-Chess-2-60x60.jpg 60w, https:\/\/mouldking.store\/wp-content\/uploads\/2022\/09\/Star-Wars-JUHANG-671-International-Chess-2-90x90.jpg 90w\" sizes=\"(max-width: 800px) 100vw, 800px\" \/><figcaption id=\"caption-attachment-32363\" class=\"wp-caption-text\">JUHANG 671 International Chess with 3800 Pieces<\/figcaption><\/figure>\n<p>&nbsp;<\/p>","protected":false},"excerpt":{"rendered":"<p>Product information: Brand: JUHANG Gender: Unisex Name: International Chess Age Range: &gt; 6 years old Model Number: 671 Classification: Assemblage Plastic Block Shape: Self-Locking Bricks Material: Plastic Plastic Type: ABS Bricks Blocks: 3800 PCS Size: 53 x 53 cm Contains detailed assembly instructions. Notice: 1. Without an original box, but we guarantee our products have [&hellip;]<\/p>","protected":false},"featured_media":32362,"comment_status":"closed","ping_status":"closed","template":"","meta":{"_acf_changed":false},"product_cat":[415],"product_tag":[5847,5846,5845],"class_list":["product","first","instock","shipping-taxable","purchasable","product-type-simple"],"acf":[],"_links":{"self":[{"href":"https:\/\/mouldking.store\/nb\/wp-json\/wp\/v2\/product\/32361","targetHints":{"allow":["GET"]}}],"collection":[{"href":"https:\/\/mouldking.store\/nb\/wp-json\/wp\/v2\/product"}],"about":[{"href":"https:\/\/mouldking.store\/nb\/wp-json\/wp\/v2\/types\/product"}],"replies":[{"embeddable":true,"href":"https:\/\/mouldking.store\/nb\/wp-json\/wp\/v2\/comments?post=32361"}],"wp:featuredmedia":[{"embeddable":true,"href":"https:\/\/mouldking.store\/nb\/wp-json\/wp\/v2\/media\/32362"}],"wp:attachment":[{"href":"https:\/\/mouldking.store\/nb\/wp-json\/wp\/v2\/media?parent=32361"}],"wp:term":[{"taxonomy":"product_cat","embeddable":true,"href":"https:\/\/mouldking.store\/nb\/wp-json\/wp\/v2\/product_cat?post=32361"},{"taxonomy":"product_tag","embeddable":true,"href":"https:\/\/mouldking.store\/nb\/wp-json\/wp\/v2\/product_tag?post=32361"}],"curies":[{"name":"wp","href":"https:\/\/api.w.org\/{rel}","templated":true}]}}