{"id":32373,"date":"2022-09-14T10:30:05","date_gmt":"2022-09-14T03:30:05","guid":{"rendered":"https:\/\/mouldking.store\/?post_type=product&#038;p=32373"},"modified":"2022-09-14T10:30:06","modified_gmt":"2022-09-14T03:30:06","slug":"mould-king-17018-all-terrain-excavator-with-2237-pieces","status":"publish","type":"product","link":"https:\/\/mouldking.store\/nb\/shop\/mould-king-17018-all-terrain-excavator-with-2237-pieces\/","title":{"rendered":"Mold King 17018 terrenggraver med 2237 stk"},"content":{"rendered":"<p>Produktinformasjon:<\/p>\n<ol>\n<li>Merke: Mold King<\/li>\n<li>Kj\u00f8nn: Unisex<\/li>\n<li>Name: All Terrain Excavator<\/li>\n<li>Aldersgruppe: &gt; 6 \u00e5r gammel<\/li>\n<li>Model Number: 17018<\/li>\n<li>Klassifisering: Montering<\/li>\n<li>Plastblokkform: Selvl\u00e5sende murstein<\/li>\n<li>Materiale: Plast<\/li>\n<li>Plasttype: ABS<\/li>\n<li>Bricks Blocks: 2237 PCS<\/li>\n<li>Size: 57 x 25.5 x 20.5 cm<\/li>\n<li>Inneholder detaljerte monteringsanvisninger.<\/li>\n<\/ol>\n<p>Legge merke til:<br \/>\n1. Uten original eske, men vi garanterer at v\u00e5re produkter har kvalitetssikring og pen emballasje.<br \/>\n2. Som alle delene vi har sjekket f\u00f8r frakt, s\u00e5 hvis du finner noen deler savnet eller skadet, ikke bekymre deg og bare kontakt oss, s\u00e5 kan vi sende dem til deg p\u00e5 nytt umiddelbart gratis.<\/p>\n<p>&nbsp;<\/p>\n<figure id=\"attachment_32374\" aria-describedby=\"caption-attachment-32374\" style=\"width: 800px\" class=\"wp-caption aligncenter\"><img fetchpriority=\"high\" decoding=\"async\" class=\"wp-image-32374 size-full\" src=\"https:\/\/mouldking.store\/wp-content\/uploads\/2022\/09\/Technic-Mould-King-17018-All-Terrain-Excavator-1.jpg\" alt=\"Mould King 17018 All Terrain Excavator with 2237 Pieces\" width=\"800\" height=\"800\" title=\"-\" srcset=\"https:\/\/mouldking.store\/wp-content\/uploads\/2022\/09\/Technic-Mould-King-17018-All-Terrain-Excavator-1.jpg 800w, https:\/\/mouldking.store\/wp-content\/uploads\/2022\/09\/Technic-Mould-King-17018-All-Terrain-Excavator-1-300x300.jpg 300w, https:\/\/mouldking.store\/wp-content\/uploads\/2022\/09\/Technic-Mould-King-17018-All-Terrain-Excavator-1-768x768.jpg 768w, https:\/\/mouldking.store\/wp-content\/uploads\/2022\/09\/Technic-Mould-King-17018-All-Terrain-Excavator-1-600x600.jpg 600w, https:\/\/mouldking.store\/wp-content\/uploads\/2022\/09\/Technic-Mould-King-17018-All-Terrain-Excavator-1-150x150.jpg 150w, https:\/\/mouldking.store\/wp-content\/uploads\/2022\/09\/Technic-Mould-King-17018-All-Terrain-Excavator-1-60x60.jpg 60w, https:\/\/mouldking.store\/wp-content\/uploads\/2022\/09\/Technic-Mould-King-17018-All-Terrain-Excavator-1-90x90.jpg 90w\" sizes=\"(max-width: 800px) 100vw, 800px\" \/><figcaption id=\"caption-attachment-32374\" class=\"wp-caption-text\">Mold King 17018 terrenggraver med 2237 stk<\/figcaption><\/figure>\n<figure id=\"attachment_32378\" aria-describedby=\"caption-attachment-32378\" style=\"width: 800px\" class=\"wp-caption aligncenter\"><img decoding=\"async\" class=\"wp-image-32378 size-full\" src=\"https:\/\/mouldking.store\/wp-content\/uploads\/2022\/09\/Technic-Mould-King-17018-All-Terrain-Excavator-5.jpg\" alt=\"Mould King 17018 All Terrain Excavator with 2237 Pieces\" width=\"800\" height=\"800\" title=\"-\" srcset=\"https:\/\/mouldking.store\/wp-content\/uploads\/2022\/09\/Technic-Mould-King-17018-All-Terrain-Excavator-5.jpg 800w, https:\/\/mouldking.store\/wp-content\/uploads\/2022\/09\/Technic-Mould-King-17018-All-Terrain-Excavator-5-300x300.jpg 300w, https:\/\/mouldking.store\/wp-content\/uploads\/2022\/09\/Technic-Mould-King-17018-All-Terrain-Excavator-5-768x768.jpg 768w, https:\/\/mouldking.store\/wp-content\/uploads\/2022\/09\/Technic-Mould-King-17018-All-Terrain-Excavator-5-600x600.jpg 600w, https:\/\/mouldking.store\/wp-content\/uploads\/2022\/09\/Technic-Mould-King-17018-All-Terrain-Excavator-5-150x150.jpg 150w, https:\/\/mouldking.store\/wp-content\/uploads\/2022\/09\/Technic-Mould-King-17018-All-Terrain-Excavator-5-60x60.jpg 60w, https:\/\/mouldking.store\/wp-content\/uploads\/2022\/09\/Technic-Mould-King-17018-All-Terrain-Excavator-5-90x90.jpg 90w\" sizes=\"(max-width: 800px) 100vw, 800px\" \/><figcaption id=\"caption-attachment-32378\" class=\"wp-caption-text\">Mold King 17018 terrenggraver med 2237 stk<\/figcaption><\/figure>\n<figure id=\"attachment_32377\" aria-describedby=\"caption-attachment-32377\" style=\"width: 800px\" class=\"wp-caption aligncenter\"><img decoding=\"async\" class=\"wp-image-32377 size-full\" src=\"https:\/\/mouldking.store\/wp-content\/uploads\/2022\/09\/Technic-Mould-King-17018-All-Terrain-Excavator-4.jpg\" alt=\"Mould King 17018 All Terrain Excavator with 2237 Pieces\" width=\"800\" height=\"800\" title=\"-\" srcset=\"https:\/\/mouldking.store\/wp-content\/uploads\/2022\/09\/Technic-Mould-King-17018-All-Terrain-Excavator-4.jpg 800w, https:\/\/mouldking.store\/wp-content\/uploads\/2022\/09\/Technic-Mould-King-17018-All-Terrain-Excavator-4-300x300.jpg 300w, https:\/\/mouldking.store\/wp-content\/uploads\/2022\/09\/Technic-Mould-King-17018-All-Terrain-Excavator-4-768x768.jpg 768w, https:\/\/mouldking.store\/wp-content\/uploads\/2022\/09\/Technic-Mould-King-17018-All-Terrain-Excavator-4-600x600.jpg 600w, https:\/\/mouldking.store\/wp-content\/uploads\/2022\/09\/Technic-Mould-King-17018-All-Terrain-Excavator-4-150x150.jpg 150w, https:\/\/mouldking.store\/wp-content\/uploads\/2022\/09\/Technic-Mould-King-17018-All-Terrain-Excavator-4-60x60.jpg 60w, https:\/\/mouldking.store\/wp-content\/uploads\/2022\/09\/Technic-Mould-King-17018-All-Terrain-Excavator-4-90x90.jpg 90w\" sizes=\"(max-width: 800px) 100vw, 800px\" \/><figcaption id=\"caption-attachment-32377\" class=\"wp-caption-text\">Mold King 17018 terrenggraver med 2237 stk<\/figcaption><\/figure>\n<figure id=\"attachment_32376\" aria-describedby=\"caption-attachment-32376\" style=\"width: 800px\" class=\"wp-caption aligncenter\"><img loading=\"lazy\" decoding=\"async\" class=\"wp-image-32376 size-full\" src=\"https:\/\/mouldking.store\/wp-content\/uploads\/2022\/09\/Technic-Mould-King-17018-All-Terrain-Excavator-3.jpg\" alt=\"Mould King 17018 All Terrain Excavator with 2237 Pieces\" width=\"800\" height=\"800\" title=\"-\" srcset=\"https:\/\/mouldking.store\/wp-content\/uploads\/2022\/09\/Technic-Mould-King-17018-All-Terrain-Excavator-3.jpg 800w, https:\/\/mouldking.store\/wp-content\/uploads\/2022\/09\/Technic-Mould-King-17018-All-Terrain-Excavator-3-300x300.jpg 300w, https:\/\/mouldking.store\/wp-content\/uploads\/2022\/09\/Technic-Mould-King-17018-All-Terrain-Excavator-3-768x768.jpg 768w, https:\/\/mouldking.store\/wp-content\/uploads\/2022\/09\/Technic-Mould-King-17018-All-Terrain-Excavator-3-600x600.jpg 600w, https:\/\/mouldking.store\/wp-content\/uploads\/2022\/09\/Technic-Mould-King-17018-All-Terrain-Excavator-3-150x150.jpg 150w, https:\/\/mouldking.store\/wp-content\/uploads\/2022\/09\/Technic-Mould-King-17018-All-Terrain-Excavator-3-60x60.jpg 60w, https:\/\/mouldking.store\/wp-content\/uploads\/2022\/09\/Technic-Mould-King-17018-All-Terrain-Excavator-3-90x90.jpg 90w\" sizes=\"(max-width: 800px) 100vw, 800px\" \/><figcaption id=\"caption-attachment-32376\" class=\"wp-caption-text\">Mold King 17018 terrenggraver med 2237 stk<\/figcaption><\/figure>\n<figure id=\"attachment_32375\" aria-describedby=\"caption-attachment-32375\" style=\"width: 800px\" class=\"wp-caption aligncenter\"><img loading=\"lazy\" decoding=\"async\" class=\"wp-image-32375 size-full\" src=\"https:\/\/mouldking.store\/wp-content\/uploads\/2022\/09\/Technic-Mould-King-17018-All-Terrain-Excavator-2.jpg\" alt=\"Mould King 17018 All Terrain Excavator with 2237 Pieces\" width=\"800\" height=\"800\" title=\"-\" srcset=\"https:\/\/mouldking.store\/wp-content\/uploads\/2022\/09\/Technic-Mould-King-17018-All-Terrain-Excavator-2.jpg 800w, https:\/\/mouldking.store\/wp-content\/uploads\/2022\/09\/Technic-Mould-King-17018-All-Terrain-Excavator-2-300x300.jpg 300w, https:\/\/mouldking.store\/wp-content\/uploads\/2022\/09\/Technic-Mould-King-17018-All-Terrain-Excavator-2-768x768.jpg 768w, https:\/\/mouldking.store\/wp-content\/uploads\/2022\/09\/Technic-Mould-King-17018-All-Terrain-Excavator-2-600x600.jpg 600w, https:\/\/mouldking.store\/wp-content\/uploads\/2022\/09\/Technic-Mould-King-17018-All-Terrain-Excavator-2-150x150.jpg 150w, https:\/\/mouldking.store\/wp-content\/uploads\/2022\/09\/Technic-Mould-King-17018-All-Terrain-Excavator-2-60x60.jpg 60w, https:\/\/mouldking.store\/wp-content\/uploads\/2022\/09\/Technic-Mould-King-17018-All-Terrain-Excavator-2-90x90.jpg 90w\" sizes=\"(max-width: 800px) 100vw, 800px\" \/><figcaption id=\"caption-attachment-32375\" class=\"wp-caption-text\">Mold King 17018 terrenggraver med 2237 stk<\/figcaption><\/figure>","protected":false},"excerpt":{"rendered":"<p>Product information: Brand: Mould King Gender: Unisex Name: All Terrain Excavator Age Range: &gt; 6 years old Model Number: 17018 Classification: Assemblage Plastic Block Shape: Self-Locking Bricks Material: Plastic Plastic Type: ABS Bricks Blocks: 2237 PCS Size: 57 x 25.5 x 20.5 cm Contains detailed assembly instructions. Notice: 1. Without an original box, but we [&hellip;]<\/p>","protected":false},"featured_media":32374,"comment_status":"closed","ping_status":"closed","template":"","meta":{"_acf_changed":false},"product_cat":[364],"product_tag":[5853,5852,5851],"class_list":["product","first","instock","shipping-taxable","purchasable","product-type-simple"],"acf":[],"_links":{"self":[{"href":"https:\/\/mouldking.store\/nb\/wp-json\/wp\/v2\/product\/32373","targetHints":{"allow":["GET"]}}],"collection":[{"href":"https:\/\/mouldking.store\/nb\/wp-json\/wp\/v2\/product"}],"about":[{"href":"https:\/\/mouldking.store\/nb\/wp-json\/wp\/v2\/types\/product"}],"replies":[{"embeddable":true,"href":"https:\/\/mouldking.store\/nb\/wp-json\/wp\/v2\/comments?post=32373"}],"wp:featuredmedia":[{"embeddable":true,"href":"https:\/\/mouldking.store\/nb\/wp-json\/wp\/v2\/media\/32374"}],"wp:attachment":[{"href":"https:\/\/mouldking.store\/nb\/wp-json\/wp\/v2\/media?parent=32373"}],"wp:term":[{"taxonomy":"product_cat","embeddable":true,"href":"https:\/\/mouldking.store\/nb\/wp-json\/wp\/v2\/product_cat?post=32373"},{"taxonomy":"product_tag","embeddable":true,"href":"https:\/\/mouldking.store\/nb\/wp-json\/wp\/v2\/product_tag?post=32373"}],"curies":[{"name":"wp","href":"https:\/\/api.w.org\/{rel}","templated":true}]}}