{"id":32462,"date":"2022-09-14T12:09:11","date_gmt":"2022-09-14T05:09:11","guid":{"rendered":"https:\/\/mouldking.store\/?post_type=product&#038;p=32462"},"modified":"2022-09-14T12:09:11","modified_gmt":"2022-09-14T05:09:11","slug":"wange-7213-large-chongqing-hongyadong-with-1720-pieces","status":"publish","type":"product","link":"https:\/\/mouldking.store\/nb\/shop\/wange-7213-large-chongqing-hongyadong-with-1720-pieces\/","title":{"rendered":"WANGE 7213 Stor Chongqing Hongyadong med 1720 stykker"},"content":{"rendered":"<p>Produktinformasjon:<\/p>\n<ol>\n<li>Merke: WANGE<\/li>\n<li>Kj\u00f8nn: Unisex<\/li>\n<li>Name: Large Chongqing Hongyadong<\/li>\n<li>Aldersgruppe: &gt; 6 \u00e5r gammel<\/li>\n<li>Model Number: 7213<\/li>\n<li>Klassifisering: Montering<\/li>\n<li>Plastblokkform: Selvl\u00e5sende murstein<\/li>\n<li>Materiale: Plast<\/li>\n<li>Plasttype: ABS<\/li>\n<li>Bricks Blocks: 1720 PCS<\/li>\n<li>Inneholder detaljerte monteringsanvisninger.<\/li>\n<\/ol>\n<p>Legge merke til:<br \/>\n1. Uten original eske, men vi garanterer at v\u00e5re produkter har kvalitetssikring og pen emballasje.<br \/>\n2. Som alle delene vi har sjekket f\u00f8r frakt, s\u00e5 hvis du finner noen deler savnet eller skadet, ikke bekymre deg og bare kontakt oss, s\u00e5 kan vi sende dem til deg p\u00e5 nytt umiddelbart gratis.<\/p>\n<figure id=\"attachment_32467\" aria-describedby=\"caption-attachment-32467\" style=\"width: 800px\" class=\"wp-caption aligncenter\"><img fetchpriority=\"high\" decoding=\"async\" class=\"wp-image-32467 size-full\" src=\"https:\/\/mouldking.store\/wp-content\/uploads\/2022\/09\/Modular-Building-WANGE-7213-Large-Chongqing-Hongyadong-1.jpg\" alt=\"WANGE 7213 Large Chongqing Hongyadong with 1720 Pieces\" width=\"800\" height=\"800\" title=\"-\" srcset=\"https:\/\/mouldking.store\/wp-content\/uploads\/2022\/09\/Modular-Building-WANGE-7213-Large-Chongqing-Hongyadong-1.jpg 800w, https:\/\/mouldking.store\/wp-content\/uploads\/2022\/09\/Modular-Building-WANGE-7213-Large-Chongqing-Hongyadong-1-300x300.jpg 300w, https:\/\/mouldking.store\/wp-content\/uploads\/2022\/09\/Modular-Building-WANGE-7213-Large-Chongqing-Hongyadong-1-768x768.jpg 768w, https:\/\/mouldking.store\/wp-content\/uploads\/2022\/09\/Modular-Building-WANGE-7213-Large-Chongqing-Hongyadong-1-600x600.jpg 600w, https:\/\/mouldking.store\/wp-content\/uploads\/2022\/09\/Modular-Building-WANGE-7213-Large-Chongqing-Hongyadong-1-150x150.jpg 150w, https:\/\/mouldking.store\/wp-content\/uploads\/2022\/09\/Modular-Building-WANGE-7213-Large-Chongqing-Hongyadong-1-60x60.jpg 60w, https:\/\/mouldking.store\/wp-content\/uploads\/2022\/09\/Modular-Building-WANGE-7213-Large-Chongqing-Hongyadong-1-90x90.jpg 90w\" sizes=\"(max-width: 800px) 100vw, 800px\" \/><figcaption id=\"caption-attachment-32467\" class=\"wp-caption-text\">WANGE 7213 Stor Chongqing Hongyadong med 1720 stykker<\/figcaption><\/figure>\n<figure id=\"attachment_32466\" aria-describedby=\"caption-attachment-32466\" style=\"width: 800px\" class=\"wp-caption aligncenter\"><img decoding=\"async\" class=\"wp-image-32466 size-full\" src=\"https:\/\/mouldking.store\/wp-content\/uploads\/2022\/09\/Modular-Building-WANGE-7213-Large-Chongqing-Hongyadong-5.jpg\" alt=\"WANGE 7213 Large Chongqing Hongyadong with 1720 Pieces\" width=\"800\" height=\"800\" title=\"-\" srcset=\"https:\/\/mouldking.store\/wp-content\/uploads\/2022\/09\/Modular-Building-WANGE-7213-Large-Chongqing-Hongyadong-5.jpg 800w, https:\/\/mouldking.store\/wp-content\/uploads\/2022\/09\/Modular-Building-WANGE-7213-Large-Chongqing-Hongyadong-5-300x300.jpg 300w, https:\/\/mouldking.store\/wp-content\/uploads\/2022\/09\/Modular-Building-WANGE-7213-Large-Chongqing-Hongyadong-5-768x768.jpg 768w, https:\/\/mouldking.store\/wp-content\/uploads\/2022\/09\/Modular-Building-WANGE-7213-Large-Chongqing-Hongyadong-5-600x600.jpg 600w, https:\/\/mouldking.store\/wp-content\/uploads\/2022\/09\/Modular-Building-WANGE-7213-Large-Chongqing-Hongyadong-5-150x150.jpg 150w, https:\/\/mouldking.store\/wp-content\/uploads\/2022\/09\/Modular-Building-WANGE-7213-Large-Chongqing-Hongyadong-5-60x60.jpg 60w, https:\/\/mouldking.store\/wp-content\/uploads\/2022\/09\/Modular-Building-WANGE-7213-Large-Chongqing-Hongyadong-5-90x90.jpg 90w\" sizes=\"(max-width: 800px) 100vw, 800px\" \/><figcaption id=\"caption-attachment-32466\" class=\"wp-caption-text\">WANGE 7213 Stor Chongqing Hongyadong med 1720 stykker<\/figcaption><\/figure>\n<figure id=\"attachment_32465\" aria-describedby=\"caption-attachment-32465\" style=\"width: 800px\" class=\"wp-caption aligncenter\"><img decoding=\"async\" class=\"wp-image-32465 size-full\" src=\"https:\/\/mouldking.store\/wp-content\/uploads\/2022\/09\/Modular-Building-WANGE-7213-Large-Chongqing-Hongyadong-4.jpg\" alt=\"WANGE 7213 Large Chongqing Hongyadong with 1720 Pieces\" width=\"800\" height=\"800\" title=\"-\" srcset=\"https:\/\/mouldking.store\/wp-content\/uploads\/2022\/09\/Modular-Building-WANGE-7213-Large-Chongqing-Hongyadong-4.jpg 800w, https:\/\/mouldking.store\/wp-content\/uploads\/2022\/09\/Modular-Building-WANGE-7213-Large-Chongqing-Hongyadong-4-300x300.jpg 300w, https:\/\/mouldking.store\/wp-content\/uploads\/2022\/09\/Modular-Building-WANGE-7213-Large-Chongqing-Hongyadong-4-768x768.jpg 768w, https:\/\/mouldking.store\/wp-content\/uploads\/2022\/09\/Modular-Building-WANGE-7213-Large-Chongqing-Hongyadong-4-600x600.jpg 600w, https:\/\/mouldking.store\/wp-content\/uploads\/2022\/09\/Modular-Building-WANGE-7213-Large-Chongqing-Hongyadong-4-150x150.jpg 150w, https:\/\/mouldking.store\/wp-content\/uploads\/2022\/09\/Modular-Building-WANGE-7213-Large-Chongqing-Hongyadong-4-60x60.jpg 60w, https:\/\/mouldking.store\/wp-content\/uploads\/2022\/09\/Modular-Building-WANGE-7213-Large-Chongqing-Hongyadong-4-90x90.jpg 90w\" sizes=\"(max-width: 800px) 100vw, 800px\" \/><figcaption id=\"caption-attachment-32465\" class=\"wp-caption-text\">WANGE 7213 Stor Chongqing Hongyadong med 1720 stykker<\/figcaption><\/figure>\n<figure id=\"attachment_32464\" aria-describedby=\"caption-attachment-32464\" style=\"width: 800px\" class=\"wp-caption aligncenter\"><img loading=\"lazy\" decoding=\"async\" class=\"wp-image-32464 size-full\" src=\"https:\/\/mouldking.store\/wp-content\/uploads\/2022\/09\/Modular-Building-WANGE-7213-Large-Chongqing-Hongyadong-3.jpg\" alt=\"WANGE 7213 Large Chongqing Hongyadong with 1720 Pieces\" width=\"800\" height=\"800\" title=\"-\" srcset=\"https:\/\/mouldking.store\/wp-content\/uploads\/2022\/09\/Modular-Building-WANGE-7213-Large-Chongqing-Hongyadong-3.jpg 800w, https:\/\/mouldking.store\/wp-content\/uploads\/2022\/09\/Modular-Building-WANGE-7213-Large-Chongqing-Hongyadong-3-300x300.jpg 300w, https:\/\/mouldking.store\/wp-content\/uploads\/2022\/09\/Modular-Building-WANGE-7213-Large-Chongqing-Hongyadong-3-768x768.jpg 768w, https:\/\/mouldking.store\/wp-content\/uploads\/2022\/09\/Modular-Building-WANGE-7213-Large-Chongqing-Hongyadong-3-600x600.jpg 600w, https:\/\/mouldking.store\/wp-content\/uploads\/2022\/09\/Modular-Building-WANGE-7213-Large-Chongqing-Hongyadong-3-150x150.jpg 150w, https:\/\/mouldking.store\/wp-content\/uploads\/2022\/09\/Modular-Building-WANGE-7213-Large-Chongqing-Hongyadong-3-60x60.jpg 60w, https:\/\/mouldking.store\/wp-content\/uploads\/2022\/09\/Modular-Building-WANGE-7213-Large-Chongqing-Hongyadong-3-90x90.jpg 90w\" sizes=\"(max-width: 800px) 100vw, 800px\" \/><figcaption id=\"caption-attachment-32464\" class=\"wp-caption-text\">WANGE 7213 Stor Chongqing Hongyadong med 1720 stykker<\/figcaption><\/figure>\n<figure id=\"attachment_32463\" aria-describedby=\"caption-attachment-32463\" style=\"width: 800px\" class=\"wp-caption aligncenter\"><img loading=\"lazy\" decoding=\"async\" class=\"wp-image-32463 size-full\" src=\"https:\/\/mouldking.store\/wp-content\/uploads\/2022\/09\/Modular-Building-WANGE-7213-Large-Chongqing-Hongyadong-2.jpg\" alt=\"WANGE 7213 Large Chongqing Hongyadong with 1720 Pieces\" width=\"800\" height=\"800\" title=\"-\" srcset=\"https:\/\/mouldking.store\/wp-content\/uploads\/2022\/09\/Modular-Building-WANGE-7213-Large-Chongqing-Hongyadong-2.jpg 800w, https:\/\/mouldking.store\/wp-content\/uploads\/2022\/09\/Modular-Building-WANGE-7213-Large-Chongqing-Hongyadong-2-300x300.jpg 300w, https:\/\/mouldking.store\/wp-content\/uploads\/2022\/09\/Modular-Building-WANGE-7213-Large-Chongqing-Hongyadong-2-768x768.jpg 768w, https:\/\/mouldking.store\/wp-content\/uploads\/2022\/09\/Modular-Building-WANGE-7213-Large-Chongqing-Hongyadong-2-600x600.jpg 600w, https:\/\/mouldking.store\/wp-content\/uploads\/2022\/09\/Modular-Building-WANGE-7213-Large-Chongqing-Hongyadong-2-150x150.jpg 150w, https:\/\/mouldking.store\/wp-content\/uploads\/2022\/09\/Modular-Building-WANGE-7213-Large-Chongqing-Hongyadong-2-60x60.jpg 60w, https:\/\/mouldking.store\/wp-content\/uploads\/2022\/09\/Modular-Building-WANGE-7213-Large-Chongqing-Hongyadong-2-90x90.jpg 90w\" sizes=\"(max-width: 800px) 100vw, 800px\" \/><figcaption id=\"caption-attachment-32463\" class=\"wp-caption-text\">WANGE 7213 Stor Chongqing Hongyadong med 1720 stykker<\/figcaption><\/figure>","protected":false},"excerpt":{"rendered":"<p>Product information: Brand: WANGE Gender: Unisex Name: Large Chongqing Hongyadong Age Range: &gt; 6 years old Model Number: 7213 Classification: Assemblage Plastic Block Shape: Self-Locking Bricks Material: Plastic Plastic Type: ABS Bricks Blocks: 1720 PCS Contains detailed assembly instructions. Notice: 1. Without an original box, but we guarantee our products have quality assurance and nice [&hellip;]<\/p>","protected":false},"featured_media":32467,"comment_status":"closed","ping_status":"closed","template":"","meta":{"_acf_changed":false},"product_cat":[390],"product_tag":[5896,5895,5894],"class_list":["product","first","instock","shipping-taxable","purchasable","product-type-variable"],"acf":[],"_links":{"self":[{"href":"https:\/\/mouldking.store\/nb\/wp-json\/wp\/v2\/product\/32462","targetHints":{"allow":["GET"]}}],"collection":[{"href":"https:\/\/mouldking.store\/nb\/wp-json\/wp\/v2\/product"}],"about":[{"href":"https:\/\/mouldking.store\/nb\/wp-json\/wp\/v2\/types\/product"}],"replies":[{"embeddable":true,"href":"https:\/\/mouldking.store\/nb\/wp-json\/wp\/v2\/comments?post=32462"}],"wp:featuredmedia":[{"embeddable":true,"href":"https:\/\/mouldking.store\/nb\/wp-json\/wp\/v2\/media\/32467"}],"wp:attachment":[{"href":"https:\/\/mouldking.store\/nb\/wp-json\/wp\/v2\/media?parent=32462"}],"wp:term":[{"taxonomy":"product_cat","embeddable":true,"href":"https:\/\/mouldking.store\/nb\/wp-json\/wp\/v2\/product_cat?post=32462"},{"taxonomy":"product_tag","embeddable":true,"href":"https:\/\/mouldking.store\/nb\/wp-json\/wp\/v2\/product_tag?post=32462"}],"curies":[{"name":"wp","href":"https:\/\/api.w.org\/{rel}","templated":true}]}}