{"id":32470,"date":"2022-09-14T12:23:42","date_gmt":"2022-09-14T05:23:42","guid":{"rendered":"https:\/\/mouldking.store\/?post_type=product&#038;p=32470"},"modified":"2022-09-14T12:23:43","modified_gmt":"2022-09-14T05:23:43","slug":"keeppley-k20514-k20518-naruto-konoha-hidden-village","status":"publish","type":"product","link":"https:\/\/mouldking.store\/nb\/shop\/keeppley-k20514-k20518-naruto-konoha-hidden-village\/","title":{"rendered":"Keeppley K20514-K20518 \u201cNaruto\u201d Konoha Hidden Village"},"content":{"rendered":"<p>Produktinformasjon:<\/p>\n<ol>\n<li>Merke: Keeppley<\/li>\n<li>Kj\u00f8nn: Unisex<\/li>\n<li>Name: \u201cNaruto\u201d Konoha Hidden Village<\/li>\n<li>Aldersgruppe: &gt; 6 \u00e5r gammel<\/li>\n<li>Model Number: K20514-K20518<\/li>\n<li>Klassifisering: Montering<\/li>\n<li>Plastblokkform: Selvl\u00e5sende murstein<\/li>\n<li>Materiale: Plast<\/li>\n<li>Plasttype: ABS<\/li>\n<li>Inneholder detaljerte monteringsanvisninger.<\/li>\n<\/ol>\n<p>Legge merke til:<br \/>\n1. Uten original eske, men vi garanterer at v\u00e5re produkter har kvalitetssikring og pen emballasje.<br \/>\n2. Som alle delene vi har sjekket f\u00f8r frakt, s\u00e5 hvis du finner noen deler savnet eller skadet, ikke bekymre deg og bare kontakt oss, s\u00e5 kan vi sende dem til deg p\u00e5 nytt umiddelbart gratis.<\/p>\n<p>&nbsp;<\/p>\n<figure id=\"attachment_32471\" aria-describedby=\"caption-attachment-32471\" style=\"width: 800px\" class=\"wp-caption aligncenter\"><img fetchpriority=\"high\" decoding=\"async\" class=\"wp-image-32471 size-full\" src=\"https:\/\/mouldking.store\/wp-content\/uploads\/2022\/09\/Movie-Keeppley-K20514-K20518-Naruto-Konoha-Hidden-Village-1.jpg\" alt=\"Keeppley K20514-K20518 \u201cNaruto\u201d Konoha Hidden Village\" width=\"800\" height=\"800\" title=\"-\" srcset=\"https:\/\/mouldking.store\/wp-content\/uploads\/2022\/09\/Movie-Keeppley-K20514-K20518-Naruto-Konoha-Hidden-Village-1.jpg 800w, https:\/\/mouldking.store\/wp-content\/uploads\/2022\/09\/Movie-Keeppley-K20514-K20518-Naruto-Konoha-Hidden-Village-1-300x300.jpg 300w, https:\/\/mouldking.store\/wp-content\/uploads\/2022\/09\/Movie-Keeppley-K20514-K20518-Naruto-Konoha-Hidden-Village-1-768x768.jpg 768w, https:\/\/mouldking.store\/wp-content\/uploads\/2022\/09\/Movie-Keeppley-K20514-K20518-Naruto-Konoha-Hidden-Village-1-600x600.jpg 600w, https:\/\/mouldking.store\/wp-content\/uploads\/2022\/09\/Movie-Keeppley-K20514-K20518-Naruto-Konoha-Hidden-Village-1-150x150.jpg 150w, https:\/\/mouldking.store\/wp-content\/uploads\/2022\/09\/Movie-Keeppley-K20514-K20518-Naruto-Konoha-Hidden-Village-1-60x60.jpg 60w, https:\/\/mouldking.store\/wp-content\/uploads\/2022\/09\/Movie-Keeppley-K20514-K20518-Naruto-Konoha-Hidden-Village-1-90x90.jpg 90w\" sizes=\"(max-width: 800px) 100vw, 800px\" \/><figcaption id=\"caption-attachment-32471\" class=\"wp-caption-text\">Keeppley K20514-K20518 \u201cNaruto\u201d Konoha Hidden Village<\/figcaption><\/figure>\n<figure id=\"attachment_32472\" aria-describedby=\"caption-attachment-32472\" style=\"width: 800px\" class=\"wp-caption aligncenter\"><img decoding=\"async\" class=\"wp-image-32472 size-full\" src=\"https:\/\/mouldking.store\/wp-content\/uploads\/2022\/09\/Movie-Keeppley-K20514-K20518-Naruto-Konoha-Hidden-Village-2.jpg\" alt=\"Keeppley K20514-K20518 \u201cNaruto\u201d Konoha Hidden Village\" width=\"800\" height=\"800\" title=\"-\" srcset=\"https:\/\/mouldking.store\/wp-content\/uploads\/2022\/09\/Movie-Keeppley-K20514-K20518-Naruto-Konoha-Hidden-Village-2.jpg 800w, https:\/\/mouldking.store\/wp-content\/uploads\/2022\/09\/Movie-Keeppley-K20514-K20518-Naruto-Konoha-Hidden-Village-2-300x300.jpg 300w, https:\/\/mouldking.store\/wp-content\/uploads\/2022\/09\/Movie-Keeppley-K20514-K20518-Naruto-Konoha-Hidden-Village-2-768x768.jpg 768w, https:\/\/mouldking.store\/wp-content\/uploads\/2022\/09\/Movie-Keeppley-K20514-K20518-Naruto-Konoha-Hidden-Village-2-600x600.jpg 600w, https:\/\/mouldking.store\/wp-content\/uploads\/2022\/09\/Movie-Keeppley-K20514-K20518-Naruto-Konoha-Hidden-Village-2-150x150.jpg 150w, https:\/\/mouldking.store\/wp-content\/uploads\/2022\/09\/Movie-Keeppley-K20514-K20518-Naruto-Konoha-Hidden-Village-2-60x60.jpg 60w, https:\/\/mouldking.store\/wp-content\/uploads\/2022\/09\/Movie-Keeppley-K20514-K20518-Naruto-Konoha-Hidden-Village-2-90x90.jpg 90w\" sizes=\"(max-width: 800px) 100vw, 800px\" \/><figcaption id=\"caption-attachment-32472\" class=\"wp-caption-text\">Keeppley K20514-K20518 \u201cNaruto\u201d Konoha Hidden Village<\/figcaption><\/figure>\n<figure id=\"attachment_32473\" aria-describedby=\"caption-attachment-32473\" style=\"width: 800px\" class=\"wp-caption aligncenter\"><img decoding=\"async\" class=\"wp-image-32473 size-full\" src=\"https:\/\/mouldking.store\/wp-content\/uploads\/2022\/09\/Movie-Keeppley-K20514-K20518-Naruto-Konoha-Hidden-Village-3.jpg\" alt=\"Keeppley K20514-K20518 \u201cNaruto\u201d Konoha Hidden Village\" width=\"800\" height=\"800\" title=\"-\" srcset=\"https:\/\/mouldking.store\/wp-content\/uploads\/2022\/09\/Movie-Keeppley-K20514-K20518-Naruto-Konoha-Hidden-Village-3.jpg 800w, https:\/\/mouldking.store\/wp-content\/uploads\/2022\/09\/Movie-Keeppley-K20514-K20518-Naruto-Konoha-Hidden-Village-3-300x300.jpg 300w, https:\/\/mouldking.store\/wp-content\/uploads\/2022\/09\/Movie-Keeppley-K20514-K20518-Naruto-Konoha-Hidden-Village-3-768x768.jpg 768w, https:\/\/mouldking.store\/wp-content\/uploads\/2022\/09\/Movie-Keeppley-K20514-K20518-Naruto-Konoha-Hidden-Village-3-600x600.jpg 600w, https:\/\/mouldking.store\/wp-content\/uploads\/2022\/09\/Movie-Keeppley-K20514-K20518-Naruto-Konoha-Hidden-Village-3-150x150.jpg 150w, https:\/\/mouldking.store\/wp-content\/uploads\/2022\/09\/Movie-Keeppley-K20514-K20518-Naruto-Konoha-Hidden-Village-3-60x60.jpg 60w, https:\/\/mouldking.store\/wp-content\/uploads\/2022\/09\/Movie-Keeppley-K20514-K20518-Naruto-Konoha-Hidden-Village-3-90x90.jpg 90w\" sizes=\"(max-width: 800px) 100vw, 800px\" \/><figcaption id=\"caption-attachment-32473\" class=\"wp-caption-text\">Keeppley K20514-K20518 \u201cNaruto\u201d Konoha Hidden Village<\/figcaption><\/figure>\n<figure id=\"attachment_32474\" aria-describedby=\"caption-attachment-32474\" style=\"width: 800px\" class=\"wp-caption aligncenter\"><img loading=\"lazy\" decoding=\"async\" class=\"wp-image-32474 size-full\" src=\"https:\/\/mouldking.store\/wp-content\/uploads\/2022\/09\/Movie-Keeppley-K20514-K20518-Naruto-Konoha-Hidden-Village-4.jpg\" alt=\"Keeppley K20514-K20518 \u201cNaruto\u201d Konoha Hidden Village\" width=\"800\" height=\"800\" title=\"-\" srcset=\"https:\/\/mouldking.store\/wp-content\/uploads\/2022\/09\/Movie-Keeppley-K20514-K20518-Naruto-Konoha-Hidden-Village-4.jpg 800w, https:\/\/mouldking.store\/wp-content\/uploads\/2022\/09\/Movie-Keeppley-K20514-K20518-Naruto-Konoha-Hidden-Village-4-300x300.jpg 300w, https:\/\/mouldking.store\/wp-content\/uploads\/2022\/09\/Movie-Keeppley-K20514-K20518-Naruto-Konoha-Hidden-Village-4-768x768.jpg 768w, https:\/\/mouldking.store\/wp-content\/uploads\/2022\/09\/Movie-Keeppley-K20514-K20518-Naruto-Konoha-Hidden-Village-4-600x600.jpg 600w, https:\/\/mouldking.store\/wp-content\/uploads\/2022\/09\/Movie-Keeppley-K20514-K20518-Naruto-Konoha-Hidden-Village-4-150x150.jpg 150w, https:\/\/mouldking.store\/wp-content\/uploads\/2022\/09\/Movie-Keeppley-K20514-K20518-Naruto-Konoha-Hidden-Village-4-60x60.jpg 60w, https:\/\/mouldking.store\/wp-content\/uploads\/2022\/09\/Movie-Keeppley-K20514-K20518-Naruto-Konoha-Hidden-Village-4-90x90.jpg 90w\" sizes=\"(max-width: 800px) 100vw, 800px\" \/><figcaption id=\"caption-attachment-32474\" class=\"wp-caption-text\">Keeppley K20514-K20518 \u201cNaruto\u201d Konoha Hidden Village<\/figcaption><\/figure>\n<figure id=\"attachment_32475\" aria-describedby=\"caption-attachment-32475\" style=\"width: 800px\" class=\"wp-caption aligncenter\"><img loading=\"lazy\" decoding=\"async\" class=\"wp-image-32475 size-full\" src=\"https:\/\/mouldking.store\/wp-content\/uploads\/2022\/09\/Movie-Keeppley-K20514-K20518-Naruto-Konoha-Hidden-Village-5.jpg\" alt=\"Keeppley K20514-K20518 \u201cNaruto\u201d Konoha Hidden Village\" width=\"800\" height=\"800\" title=\"-\" srcset=\"https:\/\/mouldking.store\/wp-content\/uploads\/2022\/09\/Movie-Keeppley-K20514-K20518-Naruto-Konoha-Hidden-Village-5.jpg 800w, https:\/\/mouldking.store\/wp-content\/uploads\/2022\/09\/Movie-Keeppley-K20514-K20518-Naruto-Konoha-Hidden-Village-5-300x300.jpg 300w, https:\/\/mouldking.store\/wp-content\/uploads\/2022\/09\/Movie-Keeppley-K20514-K20518-Naruto-Konoha-Hidden-Village-5-768x768.jpg 768w, https:\/\/mouldking.store\/wp-content\/uploads\/2022\/09\/Movie-Keeppley-K20514-K20518-Naruto-Konoha-Hidden-Village-5-600x600.jpg 600w, https:\/\/mouldking.store\/wp-content\/uploads\/2022\/09\/Movie-Keeppley-K20514-K20518-Naruto-Konoha-Hidden-Village-5-150x150.jpg 150w, https:\/\/mouldking.store\/wp-content\/uploads\/2022\/09\/Movie-Keeppley-K20514-K20518-Naruto-Konoha-Hidden-Village-5-60x60.jpg 60w, https:\/\/mouldking.store\/wp-content\/uploads\/2022\/09\/Movie-Keeppley-K20514-K20518-Naruto-Konoha-Hidden-Village-5-90x90.jpg 90w\" sizes=\"(max-width: 800px) 100vw, 800px\" \/><figcaption id=\"caption-attachment-32475\" class=\"wp-caption-text\">Keeppley K20514-K20518 \u201cNaruto\u201d Konoha Hidden Village<\/figcaption><\/figure>\n<figure id=\"attachment_32476\" aria-describedby=\"caption-attachment-32476\" style=\"width: 800px\" class=\"wp-caption aligncenter\"><img loading=\"lazy\" decoding=\"async\" class=\"wp-image-32476 size-full\" src=\"https:\/\/mouldking.store\/wp-content\/uploads\/2022\/09\/Movie-Keeppley-K20514-K20518-Naruto-Konoha-Hidden-Village-6.jpg\" alt=\"Keeppley K20514-K20518 \u201cNaruto\u201d Konoha Hidden Village\" width=\"800\" height=\"800\" title=\"-\" srcset=\"https:\/\/mouldking.store\/wp-content\/uploads\/2022\/09\/Movie-Keeppley-K20514-K20518-Naruto-Konoha-Hidden-Village-6.jpg 800w, https:\/\/mouldking.store\/wp-content\/uploads\/2022\/09\/Movie-Keeppley-K20514-K20518-Naruto-Konoha-Hidden-Village-6-300x300.jpg 300w, https:\/\/mouldking.store\/wp-content\/uploads\/2022\/09\/Movie-Keeppley-K20514-K20518-Naruto-Konoha-Hidden-Village-6-768x768.jpg 768w, https:\/\/mouldking.store\/wp-content\/uploads\/2022\/09\/Movie-Keeppley-K20514-K20518-Naruto-Konoha-Hidden-Village-6-600x600.jpg 600w, https:\/\/mouldking.store\/wp-content\/uploads\/2022\/09\/Movie-Keeppley-K20514-K20518-Naruto-Konoha-Hidden-Village-6-150x150.jpg 150w, https:\/\/mouldking.store\/wp-content\/uploads\/2022\/09\/Movie-Keeppley-K20514-K20518-Naruto-Konoha-Hidden-Village-6-60x60.jpg 60w, https:\/\/mouldking.store\/wp-content\/uploads\/2022\/09\/Movie-Keeppley-K20514-K20518-Naruto-Konoha-Hidden-Village-6-90x90.jpg 90w\" sizes=\"(max-width: 800px) 100vw, 800px\" \/><figcaption id=\"caption-attachment-32476\" class=\"wp-caption-text\">Keeppley K20514-K20518 \u201cNaruto\u201d Konoha Hidden Village<\/figcaption><\/figure>","protected":false},"excerpt":{"rendered":"<p>Product information: Brand: Keeppley Gender: Unisex Name: \u201cNaruto\u201d Konoha Hidden Village Age Range: &gt; 6 years old Model Number: K20514-K20518 Classification: Assemblage Plastic Block Shape: Self-Locking Bricks Material: Plastic Plastic Type: ABS Contains detailed assembly instructions. Notice: 1. Without an original box, but we guarantee our products have quality assurance and nice packaging. 2. As [&hellip;]<\/p>","protected":false},"featured_media":32471,"comment_status":"closed","ping_status":"closed","template":"","meta":{"_acf_changed":false},"product_cat":[390],"product_tag":[5898,5897,5900,5899,2383],"class_list":["product","first","instock","shipping-taxable","purchasable","product-type-variable"],"acf":[],"_links":{"self":[{"href":"https:\/\/mouldking.store\/nb\/wp-json\/wp\/v2\/product\/32470","targetHints":{"allow":["GET"]}}],"collection":[{"href":"https:\/\/mouldking.store\/nb\/wp-json\/wp\/v2\/product"}],"about":[{"href":"https:\/\/mouldking.store\/nb\/wp-json\/wp\/v2\/types\/product"}],"replies":[{"embeddable":true,"href":"https:\/\/mouldking.store\/nb\/wp-json\/wp\/v2\/comments?post=32470"}],"wp:featuredmedia":[{"embeddable":true,"href":"https:\/\/mouldking.store\/nb\/wp-json\/wp\/v2\/media\/32471"}],"wp:attachment":[{"href":"https:\/\/mouldking.store\/nb\/wp-json\/wp\/v2\/media?parent=32470"}],"wp:term":[{"taxonomy":"product_cat","embeddable":true,"href":"https:\/\/mouldking.store\/nb\/wp-json\/wp\/v2\/product_cat?post=32470"},{"taxonomy":"product_tag","embeddable":true,"href":"https:\/\/mouldking.store\/nb\/wp-json\/wp\/v2\/product_tag?post=32470"}],"curies":[{"name":"wp","href":"https:\/\/api.w.org\/{rel}","templated":true}]}}