{"id":32482,"date":"2022-09-14T14:12:47","date_gmt":"2022-09-14T07:12:47","guid":{"rendered":"https:\/\/mouldking.store\/?post_type=product&#038;p=32482"},"modified":"2022-09-14T14:12:47","modified_gmt":"2022-09-14T07:12:47","slug":"pangu-pg12006-barbarossa-project-with-3656-pieces","status":"publish","type":"product","link":"https:\/\/mouldking.store\/nb\/shop\/pangu-pg12006-barbarossa-project-with-3656-pieces\/","title":{"rendered":"PANGU PG12006 Barbarossa Project with 3656 Pieces"},"content":{"rendered":"<p>Produktinformasjon:<\/p>\n<ol>\n<li>Brand: PANGU<\/li>\n<li>Kj\u00f8nn: Unisex<\/li>\n<li>Name: Barbarossa Project<\/li>\n<li>Aldersgruppe: &gt; 6 \u00e5r gammel<\/li>\n<li>Model Number: PG12006<\/li>\n<li>Klassifisering: Montering<\/li>\n<li>Plastblokkform: Selvl\u00e5sende murstein<\/li>\n<li>Materiale: Plast<\/li>\n<li>Plasttype: ABS<\/li>\n<li>Bricks Blocks: 3656 PCS<\/li>\n<li>Inneholder detaljerte monteringsanvisninger.<\/li>\n<\/ol>\n<p>Legge merke til:<br \/>\n1. Uten original eske, men vi garanterer at v\u00e5re produkter har kvalitetssikring og pen emballasje.<br \/>\n2. Som alle delene vi har sjekket f\u00f8r frakt, s\u00e5 hvis du finner noen deler savnet eller skadet, ikke bekymre deg og bare kontakt oss, s\u00e5 kan vi sende dem til deg p\u00e5 nytt umiddelbart gratis.<\/p>\n<p>&nbsp;<\/p>\n<figure id=\"attachment_32483\" aria-describedby=\"caption-attachment-32483\" style=\"width: 800px\" class=\"wp-caption aligncenter\"><img fetchpriority=\"high\" decoding=\"async\" class=\"wp-image-32483 size-full\" src=\"https:\/\/mouldking.store\/wp-content\/uploads\/2022\/09\/PANGU-PG12006-Barbarossa-Project-2.jpg\" alt=\"PANGU PG12006 Barbarossa Project with 3656 Pieces\" width=\"800\" height=\"800\" title=\"-\" srcset=\"https:\/\/mouldking.store\/wp-content\/uploads\/2022\/09\/PANGU-PG12006-Barbarossa-Project-2.jpg 800w, https:\/\/mouldking.store\/wp-content\/uploads\/2022\/09\/PANGU-PG12006-Barbarossa-Project-2-300x300.jpg 300w, https:\/\/mouldking.store\/wp-content\/uploads\/2022\/09\/PANGU-PG12006-Barbarossa-Project-2-768x768.jpg 768w, https:\/\/mouldking.store\/wp-content\/uploads\/2022\/09\/PANGU-PG12006-Barbarossa-Project-2-600x600.jpg 600w, https:\/\/mouldking.store\/wp-content\/uploads\/2022\/09\/PANGU-PG12006-Barbarossa-Project-2-150x150.jpg 150w, https:\/\/mouldking.store\/wp-content\/uploads\/2022\/09\/PANGU-PG12006-Barbarossa-Project-2-60x60.jpg 60w, https:\/\/mouldking.store\/wp-content\/uploads\/2022\/09\/PANGU-PG12006-Barbarossa-Project-2-90x90.jpg 90w\" sizes=\"(max-width: 800px) 100vw, 800px\" \/><figcaption id=\"caption-attachment-32483\" class=\"wp-caption-text\">PANGU PG12006 Barbarossa Project with 3656 Pieces<\/figcaption><\/figure>\n<figure id=\"attachment_32486\" aria-describedby=\"caption-attachment-32486\" style=\"width: 800px\" class=\"wp-caption aligncenter\"><img decoding=\"async\" class=\"wp-image-32486 size-full\" src=\"https:\/\/mouldking.store\/wp-content\/uploads\/2022\/09\/PANGU-PG12006-Barbarossa-Project-1.jpg\" alt=\"PANGU PG12006 Barbarossa Project with 3656 Pieces\" width=\"800\" height=\"800\" title=\"-\" srcset=\"https:\/\/mouldking.store\/wp-content\/uploads\/2022\/09\/PANGU-PG12006-Barbarossa-Project-1.jpg 800w, https:\/\/mouldking.store\/wp-content\/uploads\/2022\/09\/PANGU-PG12006-Barbarossa-Project-1-300x300.jpg 300w, https:\/\/mouldking.store\/wp-content\/uploads\/2022\/09\/PANGU-PG12006-Barbarossa-Project-1-768x768.jpg 768w, https:\/\/mouldking.store\/wp-content\/uploads\/2022\/09\/PANGU-PG12006-Barbarossa-Project-1-600x600.jpg 600w, https:\/\/mouldking.store\/wp-content\/uploads\/2022\/09\/PANGU-PG12006-Barbarossa-Project-1-150x150.jpg 150w, https:\/\/mouldking.store\/wp-content\/uploads\/2022\/09\/PANGU-PG12006-Barbarossa-Project-1-60x60.jpg 60w, https:\/\/mouldking.store\/wp-content\/uploads\/2022\/09\/PANGU-PG12006-Barbarossa-Project-1-90x90.jpg 90w\" sizes=\"(max-width: 800px) 100vw, 800px\" \/><figcaption id=\"caption-attachment-32486\" class=\"wp-caption-text\">PANGU PG12006 Barbarossa Project with 3656 Pieces<\/figcaption><\/figure>\n<figure id=\"attachment_32484\" aria-describedby=\"caption-attachment-32484\" style=\"width: 800px\" class=\"wp-caption aligncenter\"><img decoding=\"async\" class=\"wp-image-32484 size-full\" src=\"https:\/\/mouldking.store\/wp-content\/uploads\/2022\/09\/PANGU-PG12006-Barbarossa-Project-3.jpg\" alt=\"PANGU PG12006 Barbarossa Project with 3656 Pieces\" width=\"800\" height=\"800\" title=\"-\" srcset=\"https:\/\/mouldking.store\/wp-content\/uploads\/2022\/09\/PANGU-PG12006-Barbarossa-Project-3.jpg 800w, https:\/\/mouldking.store\/wp-content\/uploads\/2022\/09\/PANGU-PG12006-Barbarossa-Project-3-300x300.jpg 300w, https:\/\/mouldking.store\/wp-content\/uploads\/2022\/09\/PANGU-PG12006-Barbarossa-Project-3-768x768.jpg 768w, https:\/\/mouldking.store\/wp-content\/uploads\/2022\/09\/PANGU-PG12006-Barbarossa-Project-3-600x600.jpg 600w, https:\/\/mouldking.store\/wp-content\/uploads\/2022\/09\/PANGU-PG12006-Barbarossa-Project-3-150x150.jpg 150w, https:\/\/mouldking.store\/wp-content\/uploads\/2022\/09\/PANGU-PG12006-Barbarossa-Project-3-60x60.jpg 60w, https:\/\/mouldking.store\/wp-content\/uploads\/2022\/09\/PANGU-PG12006-Barbarossa-Project-3-90x90.jpg 90w\" sizes=\"(max-width: 800px) 100vw, 800px\" \/><figcaption id=\"caption-attachment-32484\" class=\"wp-caption-text\">PANGU PG12006 Barbarossa Project with 3656 Pieces<\/figcaption><\/figure>\n<figure id=\"attachment_32485\" aria-describedby=\"caption-attachment-32485\" style=\"width: 800px\" class=\"wp-caption aligncenter\"><img loading=\"lazy\" decoding=\"async\" class=\"wp-image-32485 size-full\" src=\"https:\/\/mouldking.store\/wp-content\/uploads\/2022\/09\/PANGU-PG12006-Barbarossa-Project-4.jpg\" alt=\"PANGU PG12006 Barbarossa Project with 3656 Pieces\" width=\"800\" height=\"800\" title=\"-\" srcset=\"https:\/\/mouldking.store\/wp-content\/uploads\/2022\/09\/PANGU-PG12006-Barbarossa-Project-4.jpg 800w, https:\/\/mouldking.store\/wp-content\/uploads\/2022\/09\/PANGU-PG12006-Barbarossa-Project-4-300x300.jpg 300w, https:\/\/mouldking.store\/wp-content\/uploads\/2022\/09\/PANGU-PG12006-Barbarossa-Project-4-768x768.jpg 768w, https:\/\/mouldking.store\/wp-content\/uploads\/2022\/09\/PANGU-PG12006-Barbarossa-Project-4-600x600.jpg 600w, https:\/\/mouldking.store\/wp-content\/uploads\/2022\/09\/PANGU-PG12006-Barbarossa-Project-4-150x150.jpg 150w, https:\/\/mouldking.store\/wp-content\/uploads\/2022\/09\/PANGU-PG12006-Barbarossa-Project-4-60x60.jpg 60w, https:\/\/mouldking.store\/wp-content\/uploads\/2022\/09\/PANGU-PG12006-Barbarossa-Project-4-90x90.jpg 90w\" sizes=\"(max-width: 800px) 100vw, 800px\" \/><figcaption id=\"caption-attachment-32485\" class=\"wp-caption-text\">PANGU PG12006 Barbarossa Project with 3656 Pieces<\/figcaption><\/figure>","protected":false},"excerpt":{"rendered":"<p>Product information: Brand: PANGU Gender: Unisex Name: Barbarossa Project Age Range: &gt; 6 years old Model Number: PG12006 Classification: Assemblage Plastic Block Shape: Self-Locking Bricks Material: Plastic Plastic Type: ABS Bricks Blocks: 3656 PCS Contains detailed assembly instructions. Notice: 1. Without an original box, but we guarantee our products have quality assurance and nice packaging. [&hellip;]<\/p>","protected":false},"featured_media":32483,"comment_status":"closed","ping_status":"closed","template":"","meta":{"_acf_changed":false},"product_cat":[372],"product_tag":[5906,5905,5904],"class_list":["product","first","instock","shipping-taxable","purchasable","product-type-simple"],"acf":[],"_links":{"self":[{"href":"https:\/\/mouldking.store\/nb\/wp-json\/wp\/v2\/product\/32482","targetHints":{"allow":["GET"]}}],"collection":[{"href":"https:\/\/mouldking.store\/nb\/wp-json\/wp\/v2\/product"}],"about":[{"href":"https:\/\/mouldking.store\/nb\/wp-json\/wp\/v2\/types\/product"}],"replies":[{"embeddable":true,"href":"https:\/\/mouldking.store\/nb\/wp-json\/wp\/v2\/comments?post=32482"}],"wp:featuredmedia":[{"embeddable":true,"href":"https:\/\/mouldking.store\/nb\/wp-json\/wp\/v2\/media\/32483"}],"wp:attachment":[{"href":"https:\/\/mouldking.store\/nb\/wp-json\/wp\/v2\/media?parent=32482"}],"wp:term":[{"taxonomy":"product_cat","embeddable":true,"href":"https:\/\/mouldking.store\/nb\/wp-json\/wp\/v2\/product_cat?post=32482"},{"taxonomy":"product_tag","embeddable":true,"href":"https:\/\/mouldking.store\/nb\/wp-json\/wp\/v2\/product_tag?post=32482"}],"curies":[{"name":"wp","href":"https:\/\/api.w.org\/{rel}","templated":true}]}}