{"id":32487,"date":"2022-09-14T14:17:32","date_gmt":"2022-09-14T07:17:32","guid":{"rendered":"https:\/\/mouldking.store\/?post_type=product&#038;p=32487"},"modified":"2024-10-31T16:13:25","modified_gmt":"2024-10-31T09:13:25","slug":"18k-k157-18-purple-gumpert-apollo-ie-car-with-3668-pieces","status":"publish","type":"product","link":"https:\/\/mouldking.store\/nb\/shop\/18k-k157-18-purple-gumpert-apollo-ie-car-with-3668-pieces\/","title":{"rendered":"18K K157 1:8 lilla Gumpert Apollo IE bil med 3668 deler"},"content":{"rendered":"<p>Produktinformasjon:<\/p>\n<ol>\n<li>Merke: 18K<\/li>\n<li>Kj\u00f8nn: Unisex<\/li>\n<li>Name: 1:8 Purple Gumpert Apollo IE Car<\/li>\n<li>Aldersgruppe: &gt; 6 \u00e5r gammel<\/li>\n<li>Model Number: K157<\/li>\n<li>Klassifisering: Montering<\/li>\n<li>Plastblokkform: Selvl\u00e5sende murstein<\/li>\n<li>Materiale: Plast<\/li>\n<li>Plasttype: ABS<\/li>\n<li>Bricks Blocks: 3668 PCS<\/li>\n<li>Inneholder detaljerte monteringsanvisninger.<\/li>\n<\/ol>\n<p>Legge merke til:<br \/>\n1. Uten original eske, men vi garanterer at v\u00e5re produkter har kvalitetssikring og pen emballasje.<br \/>\n2. Som alle delene vi har sjekket f\u00f8r frakt, s\u00e5 hvis du finner noen deler savnet eller skadet, ikke bekymre deg og bare kontakt oss, s\u00e5 kan vi sende dem til deg p\u00e5 nytt umiddelbart gratis.<\/p>\n<p>&nbsp;<\/p>\n<figure id=\"attachment_32488\" aria-describedby=\"caption-attachment-32488\" style=\"width: 800px\" class=\"wp-caption aligncenter\"><img fetchpriority=\"high\" decoding=\"async\" class=\"wp-image-32488 size-full\" src=\"https:\/\/mouldking.store\/wp-content\/uploads\/2022\/09\/Technic-18K-K157-18-Purple-Gumpert-Apollo-IE-Car-2.jpg\" alt=\"18K K157 1:8 Purple Gumpert Apollo IE Car with 3668 Pieces\" width=\"800\" height=\"800\" title=\"-\" srcset=\"https:\/\/mouldking.store\/wp-content\/uploads\/2022\/09\/Technic-18K-K157-18-Purple-Gumpert-Apollo-IE-Car-2.jpg 800w, https:\/\/mouldking.store\/wp-content\/uploads\/2022\/09\/Technic-18K-K157-18-Purple-Gumpert-Apollo-IE-Car-2-300x300.jpg 300w, https:\/\/mouldking.store\/wp-content\/uploads\/2022\/09\/Technic-18K-K157-18-Purple-Gumpert-Apollo-IE-Car-2-768x768.jpg 768w, https:\/\/mouldking.store\/wp-content\/uploads\/2022\/09\/Technic-18K-K157-18-Purple-Gumpert-Apollo-IE-Car-2-600x600.jpg 600w, https:\/\/mouldking.store\/wp-content\/uploads\/2022\/09\/Technic-18K-K157-18-Purple-Gumpert-Apollo-IE-Car-2-150x150.jpg 150w, https:\/\/mouldking.store\/wp-content\/uploads\/2022\/09\/Technic-18K-K157-18-Purple-Gumpert-Apollo-IE-Car-2-60x60.jpg 60w, https:\/\/mouldking.store\/wp-content\/uploads\/2022\/09\/Technic-18K-K157-18-Purple-Gumpert-Apollo-IE-Car-2-90x90.jpg 90w\" sizes=\"(max-width: 800px) 100vw, 800px\" \/><figcaption id=\"caption-attachment-32488\" class=\"wp-caption-text\">18K K157 1:8 lilla Gumpert Apollo IE bil med 3668 deler<\/figcaption><\/figure>\n<figure id=\"attachment_32491\" aria-describedby=\"caption-attachment-32491\" style=\"width: 800px\" class=\"wp-caption aligncenter\"><img decoding=\"async\" class=\"wp-image-32491 size-full\" src=\"https:\/\/mouldking.store\/wp-content\/uploads\/2022\/09\/Technic-18K-K157-18-Purple-Gumpert-Apollo-IE-Car-1.jpg\" alt=\"18K K157 1:8 Purple Gumpert Apollo IE Car with 3668 Pieces\" width=\"800\" height=\"800\" title=\"-\" srcset=\"https:\/\/mouldking.store\/wp-content\/uploads\/2022\/09\/Technic-18K-K157-18-Purple-Gumpert-Apollo-IE-Car-1.jpg 800w, https:\/\/mouldking.store\/wp-content\/uploads\/2022\/09\/Technic-18K-K157-18-Purple-Gumpert-Apollo-IE-Car-1-300x300.jpg 300w, https:\/\/mouldking.store\/wp-content\/uploads\/2022\/09\/Technic-18K-K157-18-Purple-Gumpert-Apollo-IE-Car-1-768x768.jpg 768w, https:\/\/mouldking.store\/wp-content\/uploads\/2022\/09\/Technic-18K-K157-18-Purple-Gumpert-Apollo-IE-Car-1-600x600.jpg 600w, https:\/\/mouldking.store\/wp-content\/uploads\/2022\/09\/Technic-18K-K157-18-Purple-Gumpert-Apollo-IE-Car-1-150x150.jpg 150w, https:\/\/mouldking.store\/wp-content\/uploads\/2022\/09\/Technic-18K-K157-18-Purple-Gumpert-Apollo-IE-Car-1-60x60.jpg 60w, https:\/\/mouldking.store\/wp-content\/uploads\/2022\/09\/Technic-18K-K157-18-Purple-Gumpert-Apollo-IE-Car-1-90x90.jpg 90w\" sizes=\"(max-width: 800px) 100vw, 800px\" \/><figcaption id=\"caption-attachment-32491\" class=\"wp-caption-text\">18K K157 1:8 lilla Gumpert Apollo IE bil med 3668 deler<\/figcaption><\/figure>\n<figure id=\"attachment_32490\" aria-describedby=\"caption-attachment-32490\" style=\"width: 800px\" class=\"wp-caption aligncenter\"><img decoding=\"async\" class=\"wp-image-32490 size-full\" src=\"https:\/\/mouldking.store\/wp-content\/uploads\/2022\/09\/Technic-18K-K157-18-Purple-Gumpert-Apollo-IE-Car-4.jpg\" alt=\"18K K157 1:8 Purple Gumpert Apollo IE Car with 3668 Pieces\" width=\"800\" height=\"800\" title=\"-\" srcset=\"https:\/\/mouldking.store\/wp-content\/uploads\/2022\/09\/Technic-18K-K157-18-Purple-Gumpert-Apollo-IE-Car-4.jpg 800w, https:\/\/mouldking.store\/wp-content\/uploads\/2022\/09\/Technic-18K-K157-18-Purple-Gumpert-Apollo-IE-Car-4-300x300.jpg 300w, https:\/\/mouldking.store\/wp-content\/uploads\/2022\/09\/Technic-18K-K157-18-Purple-Gumpert-Apollo-IE-Car-4-768x768.jpg 768w, https:\/\/mouldking.store\/wp-content\/uploads\/2022\/09\/Technic-18K-K157-18-Purple-Gumpert-Apollo-IE-Car-4-600x600.jpg 600w, https:\/\/mouldking.store\/wp-content\/uploads\/2022\/09\/Technic-18K-K157-18-Purple-Gumpert-Apollo-IE-Car-4-150x150.jpg 150w, https:\/\/mouldking.store\/wp-content\/uploads\/2022\/09\/Technic-18K-K157-18-Purple-Gumpert-Apollo-IE-Car-4-60x60.jpg 60w, https:\/\/mouldking.store\/wp-content\/uploads\/2022\/09\/Technic-18K-K157-18-Purple-Gumpert-Apollo-IE-Car-4-90x90.jpg 90w\" sizes=\"(max-width: 800px) 100vw, 800px\" \/><figcaption id=\"caption-attachment-32490\" class=\"wp-caption-text\">18K K157 1:8 lilla Gumpert Apollo IE bil med 3668 deler<\/figcaption><\/figure>\n<figure id=\"attachment_32489\" aria-describedby=\"caption-attachment-32489\" style=\"width: 800px\" class=\"wp-caption aligncenter\"><img loading=\"lazy\" decoding=\"async\" class=\"wp-image-32489 size-full\" src=\"https:\/\/mouldking.store\/wp-content\/uploads\/2022\/09\/Technic-18K-K157-18-Purple-Gumpert-Apollo-IE-Car-3.jpg\" alt=\"18K K157 1:8 Purple Gumpert Apollo IE Car with 3668 Pieces\" width=\"800\" height=\"800\" title=\"-\" srcset=\"https:\/\/mouldking.store\/wp-content\/uploads\/2022\/09\/Technic-18K-K157-18-Purple-Gumpert-Apollo-IE-Car-3.jpg 800w, https:\/\/mouldking.store\/wp-content\/uploads\/2022\/09\/Technic-18K-K157-18-Purple-Gumpert-Apollo-IE-Car-3-300x300.jpg 300w, https:\/\/mouldking.store\/wp-content\/uploads\/2022\/09\/Technic-18K-K157-18-Purple-Gumpert-Apollo-IE-Car-3-768x768.jpg 768w, https:\/\/mouldking.store\/wp-content\/uploads\/2022\/09\/Technic-18K-K157-18-Purple-Gumpert-Apollo-IE-Car-3-600x600.jpg 600w, https:\/\/mouldking.store\/wp-content\/uploads\/2022\/09\/Technic-18K-K157-18-Purple-Gumpert-Apollo-IE-Car-3-150x150.jpg 150w, https:\/\/mouldking.store\/wp-content\/uploads\/2022\/09\/Technic-18K-K157-18-Purple-Gumpert-Apollo-IE-Car-3-60x60.jpg 60w, https:\/\/mouldking.store\/wp-content\/uploads\/2022\/09\/Technic-18K-K157-18-Purple-Gumpert-Apollo-IE-Car-3-90x90.jpg 90w\" sizes=\"(max-width: 800px) 100vw, 800px\" \/><figcaption id=\"caption-attachment-32489\" class=\"wp-caption-text\">18K K157 1:8 lilla Gumpert Apollo IE bil med 3668 deler<\/figcaption><\/figure>","protected":false},"excerpt":{"rendered":"<p>Product information: Brand: 18K Gender: Unisex Name: 1:8 Purple Gumpert Apollo IE Car Age Range: &gt; 6 years old Model Number: K157 Classification: Assemblage Plastic Block Shape: Self-Locking Bricks Material: Plastic Plastic Type: ABS Bricks Blocks: 3668 PCS Contains detailed assembly instructions. Notice: 1. Without an original box, but we guarantee our products have quality [&hellip;]<\/p>","protected":false},"featured_media":32488,"comment_status":"closed","ping_status":"closed","template":"","meta":{"_acf_changed":false},"product_cat":[364],"product_tag":[5908,5907,5910,5909],"class_list":["product","first","instock","shipping-taxable","purchasable","product-type-simple"],"acf":[],"_links":{"self":[{"href":"https:\/\/mouldking.store\/nb\/wp-json\/wp\/v2\/product\/32487","targetHints":{"allow":["GET"]}}],"collection":[{"href":"https:\/\/mouldking.store\/nb\/wp-json\/wp\/v2\/product"}],"about":[{"href":"https:\/\/mouldking.store\/nb\/wp-json\/wp\/v2\/types\/product"}],"replies":[{"embeddable":true,"href":"https:\/\/mouldking.store\/nb\/wp-json\/wp\/v2\/comments?post=32487"}],"wp:featuredmedia":[{"embeddable":true,"href":"https:\/\/mouldking.store\/nb\/wp-json\/wp\/v2\/media\/32488"}],"wp:attachment":[{"href":"https:\/\/mouldking.store\/nb\/wp-json\/wp\/v2\/media?parent=32487"}],"wp:term":[{"taxonomy":"product_cat","embeddable":true,"href":"https:\/\/mouldking.store\/nb\/wp-json\/wp\/v2\/product_cat?post=32487"},{"taxonomy":"product_tag","embeddable":true,"href":"https:\/\/mouldking.store\/nb\/wp-json\/wp\/v2\/product_tag?post=32487"}],"curies":[{"name":"wp","href":"https:\/\/api.w.org\/{rel}","templated":true}]}}