{"id":32500,"date":"2022-09-14T14:55:36","date_gmt":"2022-09-14T07:55:36","guid":{"rendered":"https:\/\/mouldking.store\/?post_type=product&#038;p=32500"},"modified":"2022-09-14T14:55:36","modified_gmt":"2022-09-14T07:55:36","slug":"xingbao-21011-remote-control-gt911-racing-car-with-812-pieces","status":"publish","type":"product","link":"https:\/\/mouldking.store\/nb\/shop\/xingbao-21011-remote-control-gt911-racing-car-with-812-pieces\/","title":{"rendered":"XINGBAO 21011 fjernkontroll GT911 racerbil med 812 deler"},"content":{"rendered":"<p>Produktinformasjon:<\/p>\n<ol>\n<li>Merke: XINGBAO<\/li>\n<li>Kj\u00f8nn: Unisex<\/li>\n<li>Name: Remote Control GT911 Racing Car<\/li>\n<li>Aldersgruppe: &gt; 6 \u00e5r gammel<\/li>\n<li>Model Number: 21011<\/li>\n<li>Klassifisering: Montering<\/li>\n<li>Plastblokkform: Selvl\u00e5sende murstein<\/li>\n<li>Materiale: Plast<\/li>\n<li>Plasttype: ABS<\/li>\n<li>Bricks Blocks: 812 PCS<\/li>\n<li>Inneholder detaljerte monteringsanvisninger.<\/li>\n<\/ol>\n<p>Legge merke til:<br \/>\n1. Uten original eske, men vi garanterer at v\u00e5re produkter har kvalitetssikring og pen emballasje.<br \/>\n2. Som alle delene vi har sjekket f\u00f8r frakt, s\u00e5 hvis du finner noen deler savnet eller skadet, ikke bekymre deg og bare kontakt oss, s\u00e5 kan vi sende dem til deg p\u00e5 nytt umiddelbart gratis.<\/p>\n<p>&nbsp;<\/p>\n<figure id=\"attachment_32501\" aria-describedby=\"caption-attachment-32501\" style=\"width: 800px\" class=\"wp-caption aligncenter\"><img fetchpriority=\"high\" decoding=\"async\" class=\"wp-image-32501 size-full\" src=\"https:\/\/mouldking.store\/wp-content\/uploads\/2022\/09\/Technic-XINGBAO-21011-Remote-Control-GT911-Racing-Car-1.jpg\" alt=\"XINGBAO 21011 Remote Control GT911 Racing Car with 812 Pieces\" width=\"800\" height=\"800\" title=\"-\" srcset=\"https:\/\/mouldking.store\/wp-content\/uploads\/2022\/09\/Technic-XINGBAO-21011-Remote-Control-GT911-Racing-Car-1.jpg 800w, https:\/\/mouldking.store\/wp-content\/uploads\/2022\/09\/Technic-XINGBAO-21011-Remote-Control-GT911-Racing-Car-1-300x300.jpg 300w, https:\/\/mouldking.store\/wp-content\/uploads\/2022\/09\/Technic-XINGBAO-21011-Remote-Control-GT911-Racing-Car-1-768x768.jpg 768w, https:\/\/mouldking.store\/wp-content\/uploads\/2022\/09\/Technic-XINGBAO-21011-Remote-Control-GT911-Racing-Car-1-600x600.jpg 600w, https:\/\/mouldking.store\/wp-content\/uploads\/2022\/09\/Technic-XINGBAO-21011-Remote-Control-GT911-Racing-Car-1-150x150.jpg 150w, https:\/\/mouldking.store\/wp-content\/uploads\/2022\/09\/Technic-XINGBAO-21011-Remote-Control-GT911-Racing-Car-1-60x60.jpg 60w, https:\/\/mouldking.store\/wp-content\/uploads\/2022\/09\/Technic-XINGBAO-21011-Remote-Control-GT911-Racing-Car-1-90x90.jpg 90w\" sizes=\"(max-width: 800px) 100vw, 800px\" \/><figcaption id=\"caption-attachment-32501\" class=\"wp-caption-text\">XINGBAO 21011 fjernkontroll GT911 racerbil med 812 deler<\/figcaption><\/figure>\n<figure id=\"attachment_32506\" aria-describedby=\"caption-attachment-32506\" style=\"width: 800px\" class=\"wp-caption aligncenter\"><img decoding=\"async\" class=\"wp-image-32506 size-full\" src=\"https:\/\/mouldking.store\/wp-content\/uploads\/2022\/09\/Technic-XINGBAO-21011-Remote-Control-GT911-Racing-Car-6.jpg\" alt=\"XINGBAO 21011 Remote Control GT911 Racing Car with 812 Pieces\" width=\"800\" height=\"800\" title=\"-\" srcset=\"https:\/\/mouldking.store\/wp-content\/uploads\/2022\/09\/Technic-XINGBAO-21011-Remote-Control-GT911-Racing-Car-6.jpg 800w, https:\/\/mouldking.store\/wp-content\/uploads\/2022\/09\/Technic-XINGBAO-21011-Remote-Control-GT911-Racing-Car-6-300x300.jpg 300w, https:\/\/mouldking.store\/wp-content\/uploads\/2022\/09\/Technic-XINGBAO-21011-Remote-Control-GT911-Racing-Car-6-768x768.jpg 768w, https:\/\/mouldking.store\/wp-content\/uploads\/2022\/09\/Technic-XINGBAO-21011-Remote-Control-GT911-Racing-Car-6-600x600.jpg 600w, https:\/\/mouldking.store\/wp-content\/uploads\/2022\/09\/Technic-XINGBAO-21011-Remote-Control-GT911-Racing-Car-6-150x150.jpg 150w, https:\/\/mouldking.store\/wp-content\/uploads\/2022\/09\/Technic-XINGBAO-21011-Remote-Control-GT911-Racing-Car-6-60x60.jpg 60w, https:\/\/mouldking.store\/wp-content\/uploads\/2022\/09\/Technic-XINGBAO-21011-Remote-Control-GT911-Racing-Car-6-90x90.jpg 90w\" sizes=\"(max-width: 800px) 100vw, 800px\" \/><figcaption id=\"caption-attachment-32506\" class=\"wp-caption-text\">XINGBAO 21011 fjernkontroll GT911 racerbil med 812 deler<\/figcaption><\/figure>\n<figure id=\"attachment_32504\" aria-describedby=\"caption-attachment-32504\" style=\"width: 800px\" class=\"wp-caption aligncenter\"><img decoding=\"async\" class=\"wp-image-32504 size-full\" src=\"https:\/\/mouldking.store\/wp-content\/uploads\/2022\/09\/Technic-XINGBAO-21011-Remote-Control-GT911-Racing-Car-4.jpg\" alt=\"XINGBAO 21011 Remote Control GT911 Racing Car with 812 Pieces\" width=\"800\" height=\"800\" title=\"-\" srcset=\"https:\/\/mouldking.store\/wp-content\/uploads\/2022\/09\/Technic-XINGBAO-21011-Remote-Control-GT911-Racing-Car-4.jpg 800w, https:\/\/mouldking.store\/wp-content\/uploads\/2022\/09\/Technic-XINGBAO-21011-Remote-Control-GT911-Racing-Car-4-300x300.jpg 300w, https:\/\/mouldking.store\/wp-content\/uploads\/2022\/09\/Technic-XINGBAO-21011-Remote-Control-GT911-Racing-Car-4-768x768.jpg 768w, https:\/\/mouldking.store\/wp-content\/uploads\/2022\/09\/Technic-XINGBAO-21011-Remote-Control-GT911-Racing-Car-4-600x600.jpg 600w, https:\/\/mouldking.store\/wp-content\/uploads\/2022\/09\/Technic-XINGBAO-21011-Remote-Control-GT911-Racing-Car-4-150x150.jpg 150w, https:\/\/mouldking.store\/wp-content\/uploads\/2022\/09\/Technic-XINGBAO-21011-Remote-Control-GT911-Racing-Car-4-60x60.jpg 60w, https:\/\/mouldking.store\/wp-content\/uploads\/2022\/09\/Technic-XINGBAO-21011-Remote-Control-GT911-Racing-Car-4-90x90.jpg 90w\" sizes=\"(max-width: 800px) 100vw, 800px\" \/><figcaption id=\"caption-attachment-32504\" class=\"wp-caption-text\">XINGBAO 21011 fjernkontroll GT911 racerbil med 812 deler<\/figcaption><\/figure>\n<figure id=\"attachment_32505\" aria-describedby=\"caption-attachment-32505\" style=\"width: 800px\" class=\"wp-caption aligncenter\"><img loading=\"lazy\" decoding=\"async\" class=\"wp-image-32505 size-full\" src=\"https:\/\/mouldking.store\/wp-content\/uploads\/2022\/09\/Technic-XINGBAO-21011-Remote-Control-GT911-Racing-Car-5.jpg\" alt=\"XINGBAO 21011 Remote Control GT911 Racing Car with 812 Pieces\" width=\"800\" height=\"800\" title=\"-\" srcset=\"https:\/\/mouldking.store\/wp-content\/uploads\/2022\/09\/Technic-XINGBAO-21011-Remote-Control-GT911-Racing-Car-5.jpg 800w, https:\/\/mouldking.store\/wp-content\/uploads\/2022\/09\/Technic-XINGBAO-21011-Remote-Control-GT911-Racing-Car-5-300x300.jpg 300w, https:\/\/mouldking.store\/wp-content\/uploads\/2022\/09\/Technic-XINGBAO-21011-Remote-Control-GT911-Racing-Car-5-768x768.jpg 768w, https:\/\/mouldking.store\/wp-content\/uploads\/2022\/09\/Technic-XINGBAO-21011-Remote-Control-GT911-Racing-Car-5-600x600.jpg 600w, https:\/\/mouldking.store\/wp-content\/uploads\/2022\/09\/Technic-XINGBAO-21011-Remote-Control-GT911-Racing-Car-5-150x150.jpg 150w, https:\/\/mouldking.store\/wp-content\/uploads\/2022\/09\/Technic-XINGBAO-21011-Remote-Control-GT911-Racing-Car-5-60x60.jpg 60w, https:\/\/mouldking.store\/wp-content\/uploads\/2022\/09\/Technic-XINGBAO-21011-Remote-Control-GT911-Racing-Car-5-90x90.jpg 90w\" sizes=\"(max-width: 800px) 100vw, 800px\" \/><figcaption id=\"caption-attachment-32505\" class=\"wp-caption-text\">XINGBAO 21011 fjernkontroll GT911 racerbil med 812 deler<\/figcaption><\/figure>\n<figure id=\"attachment_32503\" aria-describedby=\"caption-attachment-32503\" style=\"width: 800px\" class=\"wp-caption aligncenter\"><img loading=\"lazy\" decoding=\"async\" class=\"wp-image-32503 size-full\" src=\"https:\/\/mouldking.store\/wp-content\/uploads\/2022\/09\/Technic-XINGBAO-21011-Remote-Control-GT911-Racing-Car-3.jpg\" alt=\"XINGBAO 21011 Remote Control GT911 Racing Car with 812 Pieces\" width=\"800\" height=\"800\" title=\"-\" srcset=\"https:\/\/mouldking.store\/wp-content\/uploads\/2022\/09\/Technic-XINGBAO-21011-Remote-Control-GT911-Racing-Car-3.jpg 800w, https:\/\/mouldking.store\/wp-content\/uploads\/2022\/09\/Technic-XINGBAO-21011-Remote-Control-GT911-Racing-Car-3-300x300.jpg 300w, https:\/\/mouldking.store\/wp-content\/uploads\/2022\/09\/Technic-XINGBAO-21011-Remote-Control-GT911-Racing-Car-3-768x768.jpg 768w, https:\/\/mouldking.store\/wp-content\/uploads\/2022\/09\/Technic-XINGBAO-21011-Remote-Control-GT911-Racing-Car-3-600x600.jpg 600w, https:\/\/mouldking.store\/wp-content\/uploads\/2022\/09\/Technic-XINGBAO-21011-Remote-Control-GT911-Racing-Car-3-150x150.jpg 150w, https:\/\/mouldking.store\/wp-content\/uploads\/2022\/09\/Technic-XINGBAO-21011-Remote-Control-GT911-Racing-Car-3-60x60.jpg 60w, https:\/\/mouldking.store\/wp-content\/uploads\/2022\/09\/Technic-XINGBAO-21011-Remote-Control-GT911-Racing-Car-3-90x90.jpg 90w\" sizes=\"(max-width: 800px) 100vw, 800px\" \/><figcaption id=\"caption-attachment-32503\" class=\"wp-caption-text\">XINGBAO 21011 fjernkontroll GT911 racerbil med 812 deler<\/figcaption><\/figure>\n<figure id=\"attachment_32502\" aria-describedby=\"caption-attachment-32502\" style=\"width: 800px\" class=\"wp-caption aligncenter\"><img loading=\"lazy\" decoding=\"async\" class=\"wp-image-32502 size-full\" src=\"https:\/\/mouldking.store\/wp-content\/uploads\/2022\/09\/Technic-XINGBAO-21011-Remote-Control-GT911-Racing-Car-2.jpg\" alt=\"XINGBAO 21011 Remote Control GT911 Racing Car with 812 Pieces\" width=\"800\" height=\"800\" title=\"-\" srcset=\"https:\/\/mouldking.store\/wp-content\/uploads\/2022\/09\/Technic-XINGBAO-21011-Remote-Control-GT911-Racing-Car-2.jpg 800w, https:\/\/mouldking.store\/wp-content\/uploads\/2022\/09\/Technic-XINGBAO-21011-Remote-Control-GT911-Racing-Car-2-300x300.jpg 300w, https:\/\/mouldking.store\/wp-content\/uploads\/2022\/09\/Technic-XINGBAO-21011-Remote-Control-GT911-Racing-Car-2-768x768.jpg 768w, https:\/\/mouldking.store\/wp-content\/uploads\/2022\/09\/Technic-XINGBAO-21011-Remote-Control-GT911-Racing-Car-2-600x600.jpg 600w, https:\/\/mouldking.store\/wp-content\/uploads\/2022\/09\/Technic-XINGBAO-21011-Remote-Control-GT911-Racing-Car-2-150x150.jpg 150w, https:\/\/mouldking.store\/wp-content\/uploads\/2022\/09\/Technic-XINGBAO-21011-Remote-Control-GT911-Racing-Car-2-60x60.jpg 60w, https:\/\/mouldking.store\/wp-content\/uploads\/2022\/09\/Technic-XINGBAO-21011-Remote-Control-GT911-Racing-Car-2-90x90.jpg 90w\" sizes=\"(max-width: 800px) 100vw, 800px\" \/><figcaption id=\"caption-attachment-32502\" class=\"wp-caption-text\">XINGBAO 21011 fjernkontroll GT911 racerbil med 812 deler<\/figcaption><\/figure>","protected":false},"excerpt":{"rendered":"<p>Product information: Brand: XINGBAO Gender: Unisex Name: Remote Control GT911 Racing Car Age Range: &gt; 6 years old Model Number: 21011 Classification: Assemblage Plastic Block Shape: Self-Locking Bricks Material: Plastic Plastic Type: ABS Bricks Blocks: 812 PCS Contains detailed assembly instructions. Notice: 1. Without an original box, but we guarantee our products have quality assurance [&hellip;]<\/p>","protected":false},"featured_media":32501,"comment_status":"closed","ping_status":"closed","template":"","meta":{"_acf_changed":false},"product_cat":[364],"product_tag":[5917,5916,5915,5914],"class_list":["product","first","instock","shipping-taxable","purchasable","product-type-simple"],"acf":[],"_links":{"self":[{"href":"https:\/\/mouldking.store\/nb\/wp-json\/wp\/v2\/product\/32500","targetHints":{"allow":["GET"]}}],"collection":[{"href":"https:\/\/mouldking.store\/nb\/wp-json\/wp\/v2\/product"}],"about":[{"href":"https:\/\/mouldking.store\/nb\/wp-json\/wp\/v2\/types\/product"}],"replies":[{"embeddable":true,"href":"https:\/\/mouldking.store\/nb\/wp-json\/wp\/v2\/comments?post=32500"}],"wp:featuredmedia":[{"embeddable":true,"href":"https:\/\/mouldking.store\/nb\/wp-json\/wp\/v2\/media\/32501"}],"wp:attachment":[{"href":"https:\/\/mouldking.store\/nb\/wp-json\/wp\/v2\/media?parent=32500"}],"wp:term":[{"taxonomy":"product_cat","embeddable":true,"href":"https:\/\/mouldking.store\/nb\/wp-json\/wp\/v2\/product_cat?post=32500"},{"taxonomy":"product_tag","embeddable":true,"href":"https:\/\/mouldking.store\/nb\/wp-json\/wp\/v2\/product_tag?post=32500"}],"curies":[{"name":"wp","href":"https:\/\/api.w.org\/{rel}","templated":true}]}}