{"id":32576,"date":"2022-09-28T10:58:31","date_gmt":"2022-09-28T03:58:31","guid":{"rendered":"https:\/\/mouldking.store\/?post_type=product&#038;p=32576"},"modified":"2022-09-28T11:00:43","modified_gmt":"2022-09-28T04:00:43","slug":"moc-113094-black-falcons-fortress-with-5812-pieces","status":"publish","type":"product","link":"https:\/\/mouldking.store\/nb\/shop\/moc-113094-black-falcons-fortress-with-5812-pieces\/","title":{"rendered":"MOC-113094 Black Falcons festning med 5812 stykker"},"content":{"rendered":"<p>Produktinformasjon:<\/p>\n<ol>\n<li>Merke: MOC<\/li>\n<li>Kj\u00f8nn: Unisex<\/li>\n<li>Navn: Black Falcons festning<\/li>\n<li>Aldersgruppe: &gt; 6 \u00e5r gammel<\/li>\n<li>Modellnummer: C807202<\/li>\n<li>Klassifisering: Montering<\/li>\n<li>Plastblokkform: Selvl\u00e5sende murstein<\/li>\n<li>Materiale: Plast<\/li>\n<li>Plasttype: ABS<\/li>\n<li>Mursteinsblokker: 5812 STK<\/li>\n<li>St\u00f8rrelse: 30 x 30 x 27 cm<\/li>\n<li>Vekt: 3,81 kg<\/li>\n<li>Inneholder detaljerte monteringsanvisninger.<\/li>\n<\/ol>\n<p>Legge merke til:<br \/>\n1. Uten original eske, men vi garanterer at v\u00e5re produkter har kvalitetssikring og pen emballasje.<br \/>\n2. Som alle delene vi har sjekket f\u00f8r frakt, s\u00e5 hvis du finner noen deler savnet eller skadet, ikke bekymre deg og bare kontakt oss, s\u00e5 kan vi sende dem til deg p\u00e5 nytt umiddelbart gratis.<\/p>\n<p>&nbsp;<\/p>\n<figure id=\"attachment_32587\" aria-describedby=\"caption-attachment-32587\" style=\"width: 800px\" class=\"wp-caption aligncenter\"><img fetchpriority=\"high\" decoding=\"async\" class=\"wp-image-32587 size-full\" src=\"https:\/\/mouldking.store\/wp-content\/uploads\/2022\/09\/MOC-113094-6.jpg\" alt=\"MOC-113094 Black Falcon\u2019s Fortress with 5812 Pieces\" width=\"800\" height=\"800\" title=\"-\" srcset=\"https:\/\/mouldking.store\/wp-content\/uploads\/2022\/09\/MOC-113094-6.jpg 800w, https:\/\/mouldking.store\/wp-content\/uploads\/2022\/09\/MOC-113094-6-300x300.jpg 300w, https:\/\/mouldking.store\/wp-content\/uploads\/2022\/09\/MOC-113094-6-768x768.jpg 768w, https:\/\/mouldking.store\/wp-content\/uploads\/2022\/09\/MOC-113094-6-600x600.jpg 600w, https:\/\/mouldking.store\/wp-content\/uploads\/2022\/09\/MOC-113094-6-150x150.jpg 150w, https:\/\/mouldking.store\/wp-content\/uploads\/2022\/09\/MOC-113094-6-60x60.jpg 60w, https:\/\/mouldking.store\/wp-content\/uploads\/2022\/09\/MOC-113094-6-90x90.jpg 90w\" sizes=\"(max-width: 800px) 100vw, 800px\" \/><figcaption id=\"caption-attachment-32587\" class=\"wp-caption-text\">MOC-113094 Black Falcons festning med 5812 stykker<\/figcaption><\/figure>\n<figure id=\"attachment_32581\" aria-describedby=\"caption-attachment-32581\" style=\"width: 800px\" class=\"wp-caption aligncenter\"><img decoding=\"async\" class=\"wp-image-32581 size-full\" src=\"https:\/\/mouldking.store\/wp-content\/uploads\/2022\/09\/MOC-113094-2.jpg\" alt=\"MOC-113094 Black Falcon\u2019s Fortress with 5812 Pieces\" width=\"800\" height=\"800\" title=\"-\" srcset=\"https:\/\/mouldking.store\/wp-content\/uploads\/2022\/09\/MOC-113094-2.jpg 800w, https:\/\/mouldking.store\/wp-content\/uploads\/2022\/09\/MOC-113094-2-300x300.jpg 300w, https:\/\/mouldking.store\/wp-content\/uploads\/2022\/09\/MOC-113094-2-768x768.jpg 768w, https:\/\/mouldking.store\/wp-content\/uploads\/2022\/09\/MOC-113094-2-600x600.jpg 600w, https:\/\/mouldking.store\/wp-content\/uploads\/2022\/09\/MOC-113094-2-150x150.jpg 150w, https:\/\/mouldking.store\/wp-content\/uploads\/2022\/09\/MOC-113094-2-60x60.jpg 60w, https:\/\/mouldking.store\/wp-content\/uploads\/2022\/09\/MOC-113094-2-90x90.jpg 90w\" sizes=\"(max-width: 800px) 100vw, 800px\" \/><figcaption id=\"caption-attachment-32581\" class=\"wp-caption-text\">MOC-113094 Black Falcons festning med 5812 stykker<\/figcaption><\/figure>\n<figure id=\"attachment_32578\" aria-describedby=\"caption-attachment-32578\" style=\"width: 800px\" class=\"wp-caption aligncenter\"><img decoding=\"async\" class=\"wp-image-32578 size-full\" src=\"https:\/\/mouldking.store\/wp-content\/uploads\/2022\/09\/MOC-113094-7.jpg\" alt=\"MOC-113094 Black Falcon\u2019s Fortress with 5812 Pieces\" width=\"800\" height=\"800\" title=\"-\" srcset=\"https:\/\/mouldking.store\/wp-content\/uploads\/2022\/09\/MOC-113094-7.jpg 800w, https:\/\/mouldking.store\/wp-content\/uploads\/2022\/09\/MOC-113094-7-300x300.jpg 300w, https:\/\/mouldking.store\/wp-content\/uploads\/2022\/09\/MOC-113094-7-768x768.jpg 768w, https:\/\/mouldking.store\/wp-content\/uploads\/2022\/09\/MOC-113094-7-600x600.jpg 600w, https:\/\/mouldking.store\/wp-content\/uploads\/2022\/09\/MOC-113094-7-150x150.jpg 150w, https:\/\/mouldking.store\/wp-content\/uploads\/2022\/09\/MOC-113094-7-60x60.jpg 60w, https:\/\/mouldking.store\/wp-content\/uploads\/2022\/09\/MOC-113094-7-90x90.jpg 90w\" sizes=\"(max-width: 800px) 100vw, 800px\" \/><figcaption id=\"caption-attachment-32578\" class=\"wp-caption-text\">MOC-113094 Black Falcons festning med 5812 stykker<\/figcaption><\/figure>\n<figure id=\"attachment_32583\" aria-describedby=\"caption-attachment-32583\" style=\"width: 800px\" class=\"wp-caption aligncenter\"><img loading=\"lazy\" decoding=\"async\" class=\"wp-image-32583 size-full\" src=\"https:\/\/mouldking.store\/wp-content\/uploads\/2022\/09\/MOC-113094-3.jpg\" alt=\"MOC-113094 Black Falcon\u2019s Fortress with 5812 Pieces\" width=\"800\" height=\"800\" title=\"-\" srcset=\"https:\/\/mouldking.store\/wp-content\/uploads\/2022\/09\/MOC-113094-3.jpg 800w, https:\/\/mouldking.store\/wp-content\/uploads\/2022\/09\/MOC-113094-3-300x300.jpg 300w, https:\/\/mouldking.store\/wp-content\/uploads\/2022\/09\/MOC-113094-3-768x768.jpg 768w, https:\/\/mouldking.store\/wp-content\/uploads\/2022\/09\/MOC-113094-3-600x600.jpg 600w, https:\/\/mouldking.store\/wp-content\/uploads\/2022\/09\/MOC-113094-3-150x150.jpg 150w, https:\/\/mouldking.store\/wp-content\/uploads\/2022\/09\/MOC-113094-3-60x60.jpg 60w, https:\/\/mouldking.store\/wp-content\/uploads\/2022\/09\/MOC-113094-3-90x90.jpg 90w\" sizes=\"(max-width: 800px) 100vw, 800px\" \/><figcaption id=\"caption-attachment-32583\" class=\"wp-caption-text\">MOC-113094 Black Falcons festning med 5812 stykker<\/figcaption><\/figure>\n<figure id=\"attachment_32586\" aria-describedby=\"caption-attachment-32586\" style=\"width: 800px\" class=\"wp-caption aligncenter\"><img loading=\"lazy\" decoding=\"async\" class=\"wp-image-32586 size-full\" src=\"https:\/\/mouldking.store\/wp-content\/uploads\/2022\/09\/MOC-113094-10.jpg\" alt=\"MOC-113094 Black Falcon\u2019s Fortress with 5812 Pieces\" width=\"800\" height=\"800\" title=\"-\" srcset=\"https:\/\/mouldking.store\/wp-content\/uploads\/2022\/09\/MOC-113094-10.jpg 800w, https:\/\/mouldking.store\/wp-content\/uploads\/2022\/09\/MOC-113094-10-300x300.jpg 300w, https:\/\/mouldking.store\/wp-content\/uploads\/2022\/09\/MOC-113094-10-768x768.jpg 768w, https:\/\/mouldking.store\/wp-content\/uploads\/2022\/09\/MOC-113094-10-600x600.jpg 600w, https:\/\/mouldking.store\/wp-content\/uploads\/2022\/09\/MOC-113094-10-150x150.jpg 150w, https:\/\/mouldking.store\/wp-content\/uploads\/2022\/09\/MOC-113094-10-60x60.jpg 60w, https:\/\/mouldking.store\/wp-content\/uploads\/2022\/09\/MOC-113094-10-90x90.jpg 90w\" sizes=\"(max-width: 800px) 100vw, 800px\" \/><figcaption id=\"caption-attachment-32586\" class=\"wp-caption-text\">MOC-113094 Black Falcons festning med 5812 stykker<\/figcaption><\/figure>\n<p><img loading=\"lazy\" decoding=\"async\" class=\"alignnone size-medium wp-image-32584\" src=\"https:\/\/mouldking.store\/wp-content\/uploads\/2022\/09\/MOC-113094-4-300x300.jpg\" alt=\"-\" width=\"300\" height=\"300\" title=\"-\" srcset=\"https:\/\/mouldking.store\/wp-content\/uploads\/2022\/09\/MOC-113094-4-300x300.jpg 300w, https:\/\/mouldking.store\/wp-content\/uploads\/2022\/09\/MOC-113094-4-768x768.jpg 768w, https:\/\/mouldking.store\/wp-content\/uploads\/2022\/09\/MOC-113094-4-600x600.jpg 600w, https:\/\/mouldking.store\/wp-content\/uploads\/2022\/09\/MOC-113094-4-150x150.jpg 150w, https:\/\/mouldking.store\/wp-content\/uploads\/2022\/09\/MOC-113094-4-60x60.jpg 60w, https:\/\/mouldking.store\/wp-content\/uploads\/2022\/09\/MOC-113094-4-90x90.jpg 90w, https:\/\/mouldking.store\/wp-content\/uploads\/2022\/09\/MOC-113094-4.jpg 800w\" sizes=\"(max-width: 300px) 100vw, 300px\" \/> <img loading=\"lazy\" decoding=\"async\" class=\"alignnone size-medium wp-image-32585\" src=\"https:\/\/mouldking.store\/wp-content\/uploads\/2022\/09\/MOC-113094-1-300x300.jpg\" alt=\"-\" width=\"300\" height=\"300\" title=\"-\" srcset=\"https:\/\/mouldking.store\/wp-content\/uploads\/2022\/09\/MOC-113094-1-300x300.jpg 300w, https:\/\/mouldking.store\/wp-content\/uploads\/2022\/09\/MOC-113094-1-768x768.jpg 768w, https:\/\/mouldking.store\/wp-content\/uploads\/2022\/09\/MOC-113094-1-600x600.jpg 600w, https:\/\/mouldking.store\/wp-content\/uploads\/2022\/09\/MOC-113094-1-150x150.jpg 150w, https:\/\/mouldking.store\/wp-content\/uploads\/2022\/09\/MOC-113094-1-60x60.jpg 60w, https:\/\/mouldking.store\/wp-content\/uploads\/2022\/09\/MOC-113094-1-90x90.jpg 90w, https:\/\/mouldking.store\/wp-content\/uploads\/2022\/09\/MOC-113094-1.jpg 800w\" sizes=\"(max-width: 300px) 100vw, 300px\" \/> <img loading=\"lazy\" decoding=\"async\" class=\"alignnone size-medium wp-image-32579\" src=\"https:\/\/mouldking.store\/wp-content\/uploads\/2022\/09\/MOC-113094-5-300x300.jpg\" alt=\"-\" width=\"300\" height=\"300\" title=\"-\" srcset=\"https:\/\/mouldking.store\/wp-content\/uploads\/2022\/09\/MOC-113094-5-300x300.jpg 300w, https:\/\/mouldking.store\/wp-content\/uploads\/2022\/09\/MOC-113094-5-768x768.jpg 768w, https:\/\/mouldking.store\/wp-content\/uploads\/2022\/09\/MOC-113094-5-600x600.jpg 600w, https:\/\/mouldking.store\/wp-content\/uploads\/2022\/09\/MOC-113094-5-150x150.jpg 150w, https:\/\/mouldking.store\/wp-content\/uploads\/2022\/09\/MOC-113094-5-60x60.jpg 60w, https:\/\/mouldking.store\/wp-content\/uploads\/2022\/09\/MOC-113094-5-90x90.jpg 90w, https:\/\/mouldking.store\/wp-content\/uploads\/2022\/09\/MOC-113094-5.jpg 800w\" sizes=\"(max-width: 300px) 100vw, 300px\" \/> <img loading=\"lazy\" decoding=\"async\" class=\"alignnone size-medium wp-image-32582\" src=\"https:\/\/mouldking.store\/wp-content\/uploads\/2022\/09\/MOC-113094-8-300x300.jpg\" alt=\"-\" width=\"300\" height=\"300\" title=\"-\" srcset=\"https:\/\/mouldking.store\/wp-content\/uploads\/2022\/09\/MOC-113094-8-300x300.jpg 300w, https:\/\/mouldking.store\/wp-content\/uploads\/2022\/09\/MOC-113094-8-768x768.jpg 768w, https:\/\/mouldking.store\/wp-content\/uploads\/2022\/09\/MOC-113094-8-600x600.jpg 600w, https:\/\/mouldking.store\/wp-content\/uploads\/2022\/09\/MOC-113094-8-150x150.jpg 150w, https:\/\/mouldking.store\/wp-content\/uploads\/2022\/09\/MOC-113094-8-60x60.jpg 60w, https:\/\/mouldking.store\/wp-content\/uploads\/2022\/09\/MOC-113094-8-90x90.jpg 90w, https:\/\/mouldking.store\/wp-content\/uploads\/2022\/09\/MOC-113094-8.jpg 800w\" sizes=\"(max-width: 300px) 100vw, 300px\" \/> <img loading=\"lazy\" decoding=\"async\" class=\"alignnone size-medium wp-image-32580\" src=\"https:\/\/mouldking.store\/wp-content\/uploads\/2022\/09\/MOC-113094-9-141x300.jpg\" alt=\"-\" width=\"141\" height=\"300\" title=\"-\" srcset=\"https:\/\/mouldking.store\/wp-content\/uploads\/2022\/09\/MOC-113094-9-141x300.jpg 141w, https:\/\/mouldking.store\/wp-content\/uploads\/2022\/09\/MOC-113094-9-481x1024.jpg 481w, https:\/\/mouldking.store\/wp-content\/uploads\/2022\/09\/MOC-113094-9-768x1635.jpg 768w, https:\/\/mouldking.store\/wp-content\/uploads\/2022\/09\/MOC-113094-9-722x1536.jpg 722w, https:\/\/mouldking.store\/wp-content\/uploads\/2022\/09\/MOC-113094-9-300x639.jpg 300w, https:\/\/mouldking.store\/wp-content\/uploads\/2022\/09\/MOC-113094-9-600x1277.jpg 600w, https:\/\/mouldking.store\/wp-content\/uploads\/2022\/09\/MOC-113094-9-70x150.jpg 70w, https:\/\/mouldking.store\/wp-content\/uploads\/2022\/09\/MOC-113094-9-28x60.jpg 28w, https:\/\/mouldking.store\/wp-content\/uploads\/2022\/09\/MOC-113094-9-42x90.jpg 42w, https:\/\/mouldking.store\/wp-content\/uploads\/2022\/09\/MOC-113094-9.jpg 800w\" sizes=\"(max-width: 141px) 100vw, 141px\" \/><\/p>","protected":false},"excerpt":{"rendered":"<p>Product information: Brand: MOC Gender: Unisex Name: Black Falcon\u2019s Fortress Age Range: &gt; 6 years old Model Number: C807202 Classification: Assemblage Plastic Block Shape: Self-Locking Bricks Material: Plastic Plastic Type: ABS Bricks Blocks: 5812 PCS Size: 30 x 30 x 27 cm Weight: 3.81 kg Contains detailed assembly instructions. Notice: 1. Without an original box, [&hellip;]<\/p>","protected":false},"featured_media":32587,"comment_status":"closed","ping_status":"closed","template":"","meta":{"_acf_changed":false},"product_cat":[390],"product_tag":[5923,5922,5921],"class_list":["product","first","instock","shipping-taxable","product-type-simple"],"acf":[],"_links":{"self":[{"href":"https:\/\/mouldking.store\/nb\/wp-json\/wp\/v2\/product\/32576","targetHints":{"allow":["GET"]}}],"collection":[{"href":"https:\/\/mouldking.store\/nb\/wp-json\/wp\/v2\/product"}],"about":[{"href":"https:\/\/mouldking.store\/nb\/wp-json\/wp\/v2\/types\/product"}],"replies":[{"embeddable":true,"href":"https:\/\/mouldking.store\/nb\/wp-json\/wp\/v2\/comments?post=32576"}],"wp:featuredmedia":[{"embeddable":true,"href":"https:\/\/mouldking.store\/nb\/wp-json\/wp\/v2\/media\/32587"}],"wp:attachment":[{"href":"https:\/\/mouldking.store\/nb\/wp-json\/wp\/v2\/media?parent=32576"}],"wp:term":[{"taxonomy":"product_cat","embeddable":true,"href":"https:\/\/mouldking.store\/nb\/wp-json\/wp\/v2\/product_cat?post=32576"},{"taxonomy":"product_tag","embeddable":true,"href":"https:\/\/mouldking.store\/nb\/wp-json\/wp\/v2\/product_tag?post=32576"}],"curies":[{"name":"wp","href":"https:\/\/api.w.org\/{rel}","templated":true}]}}