{"id":32597,"date":"2022-09-28T11:06:03","date_gmt":"2022-09-28T04:06:03","guid":{"rendered":"https:\/\/mouldking.store\/?post_type=product&#038;p=32597"},"modified":"2025-12-25T09:12:27","modified_gmt":"2025-12-25T02:12:27","slug":"moc-105605-stargate-puddle-jumper-with-1110-pieces","status":"publish","type":"product","link":"https:\/\/mouldking.store\/nb\/shop\/moc-105605-stargate-puddle-jumper-with-1110-pieces\/","title":{"rendered":"MOC-105605 Stargate Puddle Jumper med 1110 deler"},"content":{"rendered":"<p>Produktinformasjon:<\/p>\n<ol>\n<li>Merke: MOC<\/li>\n<li>Kj\u00f8nn: Unisex<\/li>\n<li>Navn: Stargate Puddle Jumper<\/li>\n<li>Aldersgruppe: &gt; 6 \u00e5r gammel<\/li>\n<li>Modellnummer: C9017<\/li>\n<li>Klassifisering: Montering<\/li>\n<li>Plastblokkform: Selvl\u00e5sende murstein<\/li>\n<li>Materiale: Plast<\/li>\n<li>Plasttype: ABS<\/li>\n<li>Mursteinsblokker: 1110 STK<\/li>\n<li>M\u00e5l: 26,4 x 18,7 x 9,9 cm<\/li>\n<li>Vekt: 0,85 kg<\/li>\n<li>Inneholder detaljerte monteringsanvisninger.<\/li>\n<\/ol>\n<p>Legge merke til:<br \/>\n1. Uten original eske, men vi garanterer at v\u00e5re produkter har kvalitetssikring og pen emballasje.<br \/>\n2. Som alle delene vi har sjekket f\u00f8r frakt, s\u00e5 hvis du finner noen deler savnet eller skadet, ikke bekymre deg og bare kontakt oss, s\u00e5 kan vi sende dem til deg p\u00e5 nytt umiddelbart gratis.<\/p>\n<p>&nbsp;<\/p>\n<figure id=\"attachment_32602\" aria-describedby=\"caption-attachment-32602\" style=\"width: 800px\" class=\"wp-caption aligncenter\"><img fetchpriority=\"high\" decoding=\"async\" class=\"wp-image-32602 size-full\" src=\"https:\/\/mouldking.store\/wp-content\/uploads\/2022\/09\/MOC-105605-Stargate-Puddle-Jumper-3.jpg\" alt=\"MOC-105605 Stargate Puddle Jumper with 1110 Pieces\" width=\"800\" height=\"800\" title=\"-\" srcset=\"https:\/\/mouldking.store\/wp-content\/uploads\/2022\/09\/MOC-105605-Stargate-Puddle-Jumper-3.jpg 800w, https:\/\/mouldking.store\/wp-content\/uploads\/2022\/09\/MOC-105605-Stargate-Puddle-Jumper-3-300x300.jpg 300w, https:\/\/mouldking.store\/wp-content\/uploads\/2022\/09\/MOC-105605-Stargate-Puddle-Jumper-3-768x768.jpg 768w, https:\/\/mouldking.store\/wp-content\/uploads\/2022\/09\/MOC-105605-Stargate-Puddle-Jumper-3-600x600.jpg 600w, https:\/\/mouldking.store\/wp-content\/uploads\/2022\/09\/MOC-105605-Stargate-Puddle-Jumper-3-150x150.jpg 150w, https:\/\/mouldking.store\/wp-content\/uploads\/2022\/09\/MOC-105605-Stargate-Puddle-Jumper-3-60x60.jpg 60w, https:\/\/mouldking.store\/wp-content\/uploads\/2022\/09\/MOC-105605-Stargate-Puddle-Jumper-3-90x90.jpg 90w\" sizes=\"(max-width: 800px) 100vw, 800px\" \/><figcaption id=\"caption-attachment-32602\" class=\"wp-caption-text\">MOC-105605 Stargate Puddle Jumper med 1110 deler<\/figcaption><\/figure>\n<figure id=\"attachment_32601\" aria-describedby=\"caption-attachment-32601\" style=\"width: 800px\" class=\"wp-caption aligncenter\"><img decoding=\"async\" class=\"wp-image-32601 size-full\" src=\"https:\/\/mouldking.store\/wp-content\/uploads\/2022\/09\/MOC-105605-Stargate-Puddle-Jumper-5.jpg\" alt=\"MOC-105605 Stargate Puddle Jumper with 1110 Pieces\" width=\"800\" height=\"800\" title=\"-\" srcset=\"https:\/\/mouldking.store\/wp-content\/uploads\/2022\/09\/MOC-105605-Stargate-Puddle-Jumper-5.jpg 800w, https:\/\/mouldking.store\/wp-content\/uploads\/2022\/09\/MOC-105605-Stargate-Puddle-Jumper-5-300x300.jpg 300w, https:\/\/mouldking.store\/wp-content\/uploads\/2022\/09\/MOC-105605-Stargate-Puddle-Jumper-5-768x768.jpg 768w, https:\/\/mouldking.store\/wp-content\/uploads\/2022\/09\/MOC-105605-Stargate-Puddle-Jumper-5-600x600.jpg 600w, https:\/\/mouldking.store\/wp-content\/uploads\/2022\/09\/MOC-105605-Stargate-Puddle-Jumper-5-150x150.jpg 150w, https:\/\/mouldking.store\/wp-content\/uploads\/2022\/09\/MOC-105605-Stargate-Puddle-Jumper-5-60x60.jpg 60w, https:\/\/mouldking.store\/wp-content\/uploads\/2022\/09\/MOC-105605-Stargate-Puddle-Jumper-5-90x90.jpg 90w\" sizes=\"(max-width: 800px) 100vw, 800px\" \/><figcaption id=\"caption-attachment-32601\" class=\"wp-caption-text\">MOC-105605 Stargate Puddle Jumper med 1110 deler<\/figcaption><\/figure>\n<figure id=\"attachment_32603\" aria-describedby=\"caption-attachment-32603\" style=\"width: 800px\" class=\"wp-caption aligncenter\"><img decoding=\"async\" class=\"wp-image-32603 size-full\" src=\"https:\/\/mouldking.store\/wp-content\/uploads\/2022\/09\/MOC-105605-Stargate-Puddle-Jumper-4.jpg\" alt=\"MOC-105605 Stargate Puddle Jumper with 1110 Pieces\" width=\"800\" height=\"800\" title=\"-\" srcset=\"https:\/\/mouldking.store\/wp-content\/uploads\/2022\/09\/MOC-105605-Stargate-Puddle-Jumper-4.jpg 800w, https:\/\/mouldking.store\/wp-content\/uploads\/2022\/09\/MOC-105605-Stargate-Puddle-Jumper-4-300x300.jpg 300w, https:\/\/mouldking.store\/wp-content\/uploads\/2022\/09\/MOC-105605-Stargate-Puddle-Jumper-4-768x768.jpg 768w, https:\/\/mouldking.store\/wp-content\/uploads\/2022\/09\/MOC-105605-Stargate-Puddle-Jumper-4-600x600.jpg 600w, https:\/\/mouldking.store\/wp-content\/uploads\/2022\/09\/MOC-105605-Stargate-Puddle-Jumper-4-150x150.jpg 150w, https:\/\/mouldking.store\/wp-content\/uploads\/2022\/09\/MOC-105605-Stargate-Puddle-Jumper-4-60x60.jpg 60w, https:\/\/mouldking.store\/wp-content\/uploads\/2022\/09\/MOC-105605-Stargate-Puddle-Jumper-4-90x90.jpg 90w\" sizes=\"(max-width: 800px) 100vw, 800px\" \/><figcaption id=\"caption-attachment-32603\" class=\"wp-caption-text\">MOC-105605 Stargate Puddle Jumper med 1110 deler<\/figcaption><\/figure>\n<figure id=\"attachment_32600\" aria-describedby=\"caption-attachment-32600\" style=\"width: 800px\" class=\"wp-caption aligncenter\"><img loading=\"lazy\" decoding=\"async\" class=\"wp-image-32600 size-full\" src=\"https:\/\/mouldking.store\/wp-content\/uploads\/2022\/09\/MOC-105605-Stargate-Puddle-Jumper-2.jpg\" alt=\"MOC-105605 Stargate Puddle Jumper with 1110 Pieces\" width=\"800\" height=\"800\" title=\"-\" srcset=\"https:\/\/mouldking.store\/wp-content\/uploads\/2022\/09\/MOC-105605-Stargate-Puddle-Jumper-2.jpg 800w, https:\/\/mouldking.store\/wp-content\/uploads\/2022\/09\/MOC-105605-Stargate-Puddle-Jumper-2-300x300.jpg 300w, https:\/\/mouldking.store\/wp-content\/uploads\/2022\/09\/MOC-105605-Stargate-Puddle-Jumper-2-768x768.jpg 768w, https:\/\/mouldking.store\/wp-content\/uploads\/2022\/09\/MOC-105605-Stargate-Puddle-Jumper-2-600x600.jpg 600w, https:\/\/mouldking.store\/wp-content\/uploads\/2022\/09\/MOC-105605-Stargate-Puddle-Jumper-2-150x150.jpg 150w, https:\/\/mouldking.store\/wp-content\/uploads\/2022\/09\/MOC-105605-Stargate-Puddle-Jumper-2-60x60.jpg 60w, https:\/\/mouldking.store\/wp-content\/uploads\/2022\/09\/MOC-105605-Stargate-Puddle-Jumper-2-90x90.jpg 90w\" sizes=\"(max-width: 800px) 100vw, 800px\" \/><figcaption id=\"caption-attachment-32600\" class=\"wp-caption-text\">MOC-105605 Stargate Puddle Jumper med 1110 deler<\/figcaption><\/figure>\n<figure id=\"attachment_32598\" aria-describedby=\"caption-attachment-32598\" style=\"width: 800px\" class=\"wp-caption aligncenter\"><img loading=\"lazy\" decoding=\"async\" class=\"wp-image-32598 size-full\" src=\"https:\/\/mouldking.store\/wp-content\/uploads\/2022\/09\/MOC-105605-Stargate-Puddle-Jumper-6.jpg\" alt=\"MOC-105605 Stargate Puddle Jumper with 1110 Pieces\" width=\"800\" height=\"800\" title=\"-\" srcset=\"https:\/\/mouldking.store\/wp-content\/uploads\/2022\/09\/MOC-105605-Stargate-Puddle-Jumper-6.jpg 800w, https:\/\/mouldking.store\/wp-content\/uploads\/2022\/09\/MOC-105605-Stargate-Puddle-Jumper-6-300x300.jpg 300w, https:\/\/mouldking.store\/wp-content\/uploads\/2022\/09\/MOC-105605-Stargate-Puddle-Jumper-6-768x768.jpg 768w, https:\/\/mouldking.store\/wp-content\/uploads\/2022\/09\/MOC-105605-Stargate-Puddle-Jumper-6-600x600.jpg 600w, https:\/\/mouldking.store\/wp-content\/uploads\/2022\/09\/MOC-105605-Stargate-Puddle-Jumper-6-150x150.jpg 150w, https:\/\/mouldking.store\/wp-content\/uploads\/2022\/09\/MOC-105605-Stargate-Puddle-Jumper-6-60x60.jpg 60w, https:\/\/mouldking.store\/wp-content\/uploads\/2022\/09\/MOC-105605-Stargate-Puddle-Jumper-6-90x90.jpg 90w\" sizes=\"(max-width: 800px) 100vw, 800px\" \/><figcaption id=\"caption-attachment-32598\" class=\"wp-caption-text\">MOC-105605 Stargate Puddle Jumper med 1110 deler<\/figcaption><\/figure>\n<figure id=\"attachment_32599\" aria-describedby=\"caption-attachment-32599\" style=\"width: 800px\" class=\"wp-caption aligncenter\"><img loading=\"lazy\" decoding=\"async\" class=\"wp-image-32599 size-full\" src=\"https:\/\/mouldking.store\/wp-content\/uploads\/2022\/09\/MOC-105605-Stargate-Puddle-Jumper-1.jpg\" alt=\"MOC-105605 Stargate Puddle Jumper with 1110 Pieces\" width=\"800\" height=\"1237\" title=\"-\" srcset=\"https:\/\/mouldking.store\/wp-content\/uploads\/2022\/09\/MOC-105605-Stargate-Puddle-Jumper-1.jpg 800w, https:\/\/mouldking.store\/wp-content\/uploads\/2022\/09\/MOC-105605-Stargate-Puddle-Jumper-1-194x300.jpg 194w, https:\/\/mouldking.store\/wp-content\/uploads\/2022\/09\/MOC-105605-Stargate-Puddle-Jumper-1-662x1024.jpg 662w, https:\/\/mouldking.store\/wp-content\/uploads\/2022\/09\/MOC-105605-Stargate-Puddle-Jumper-1-768x1188.jpg 768w, https:\/\/mouldking.store\/wp-content\/uploads\/2022\/09\/MOC-105605-Stargate-Puddle-Jumper-1-300x464.jpg 300w, https:\/\/mouldking.store\/wp-content\/uploads\/2022\/09\/MOC-105605-Stargate-Puddle-Jumper-1-600x928.jpg 600w, https:\/\/mouldking.store\/wp-content\/uploads\/2022\/09\/MOC-105605-Stargate-Puddle-Jumper-1-97x150.jpg 97w, https:\/\/mouldking.store\/wp-content\/uploads\/2022\/09\/MOC-105605-Stargate-Puddle-Jumper-1-39x60.jpg 39w, https:\/\/mouldking.store\/wp-content\/uploads\/2022\/09\/MOC-105605-Stargate-Puddle-Jumper-1-58x90.jpg 58w\" sizes=\"(max-width: 800px) 100vw, 800px\" \/><figcaption id=\"caption-attachment-32599\" class=\"wp-caption-text\">MOC-105605 Stargate Puddle Jumper med 1110 deler<\/figcaption><\/figure>","protected":false},"excerpt":{"rendered":"<p>Product information: Brand: MOC Gender: Unisex Name: Stargate Puddle Jumper Age Range: &gt; 6 years old Model Number: C9017 Classification: Assemblage Plastic Block Shape: Self-Locking Bricks Material: Plastic Plastic Type: ABS Bricks Blocks: 1110 PCS Dimensions: 26.4 x 18.7 x 9.9 cm Weight: 0.85 kg Contains detailed assembly instructions. Notice: 1. Without an original box, [&hellip;]<\/p>","protected":false},"featured_media":32602,"comment_status":"closed","ping_status":"closed","template":"","meta":{"_acf_changed":false},"product_cat":[581],"product_tag":[5928,5927,5929],"class_list":["product","first","instock","shipping-taxable","purchasable","product-type-simple"],"acf":[],"_links":{"self":[{"href":"https:\/\/mouldking.store\/nb\/wp-json\/wp\/v2\/product\/32597","targetHints":{"allow":["GET"]}}],"collection":[{"href":"https:\/\/mouldking.store\/nb\/wp-json\/wp\/v2\/product"}],"about":[{"href":"https:\/\/mouldking.store\/nb\/wp-json\/wp\/v2\/types\/product"}],"replies":[{"embeddable":true,"href":"https:\/\/mouldking.store\/nb\/wp-json\/wp\/v2\/comments?post=32597"}],"wp:featuredmedia":[{"embeddable":true,"href":"https:\/\/mouldking.store\/nb\/wp-json\/wp\/v2\/media\/32602"}],"wp:attachment":[{"href":"https:\/\/mouldking.store\/nb\/wp-json\/wp\/v2\/media?parent=32597"}],"wp:term":[{"taxonomy":"product_cat","embeddable":true,"href":"https:\/\/mouldking.store\/nb\/wp-json\/wp\/v2\/product_cat?post=32597"},{"taxonomy":"product_tag","embeddable":true,"href":"https:\/\/mouldking.store\/nb\/wp-json\/wp\/v2\/product_tag?post=32597"}],"curies":[{"name":"wp","href":"https:\/\/api.w.org\/{rel}","templated":true}]}}