{"id":32622,"date":"2022-09-28T11:21:45","date_gmt":"2022-09-28T04:21:45","guid":{"rendered":"https:\/\/mouldking.store\/?post_type=product&#038;p=32622"},"modified":"2025-12-25T09:12:27","modified_gmt":"2025-12-25T02:12:27","slug":"moc-96473-the-expanse-rocinante-s4-with-1853-pieces","status":"publish","type":"product","link":"https:\/\/mouldking.store\/nb\/shop\/moc-96473-the-expanse-rocinante-s4-with-1853-pieces\/","title":{"rendered":"MOC-96473 The Expanse Rocinante S4 med 1853 stykker"},"content":{"rendered":"<p>Produktinformasjon:<\/p>\n<ol>\n<li>Merke: MOC<\/li>\n<li>Kj\u00f8nn: Unisex<\/li>\n<li>Navn: The Expanse Rocinante S4<\/li>\n<li>Aldersgruppe: &gt; 6 \u00e5r gammel<\/li>\n<li>Modellnummer: C9076<\/li>\n<li>Klassifisering: Montering<\/li>\n<li>Plastblokkform: Selvl\u00e5sende murstein<\/li>\n<li>Materiale: Plast<\/li>\n<li>Plasttype: ABS<\/li>\n<li>Mursteinsblokker: 1853 STK<\/li>\n<li>M\u00e5l: 52 x 20 x 12 cm<\/li>\n<li>Vekt: 1,53 kg<\/li>\n<li>Inneholder detaljerte monteringsanvisninger.<\/li>\n<\/ol>\n<p>Legge merke til:<br \/>\n1. Uten original eske, men vi garanterer at v\u00e5re produkter har kvalitetssikring og pen emballasje.<br \/>\n2. Som alle delene vi har sjekket f\u00f8r frakt, s\u00e5 hvis du finner noen deler savnet eller skadet, ikke bekymre deg og bare kontakt oss, s\u00e5 kan vi sende dem til deg p\u00e5 nytt umiddelbart gratis.<\/p>\n<p>&nbsp;<\/p>\n<figure id=\"attachment_32625\" aria-describedby=\"caption-attachment-32625\" style=\"width: 800px\" class=\"wp-caption aligncenter\"><img fetchpriority=\"high\" decoding=\"async\" class=\"wp-image-32625 size-full\" src=\"https:\/\/mouldking.store\/wp-content\/uploads\/2022\/09\/Technic-MOC-96473-The-Expanse-Rocinante-S4-MOCBRICKLAND-4.jpg\" alt=\"MOC-96473 The Expanse Rocinante S4 with 1853 Pieces\" width=\"800\" height=\"800\" title=\"-\" srcset=\"https:\/\/mouldking.store\/wp-content\/uploads\/2022\/09\/Technic-MOC-96473-The-Expanse-Rocinante-S4-MOCBRICKLAND-4.jpg 800w, https:\/\/mouldking.store\/wp-content\/uploads\/2022\/09\/Technic-MOC-96473-The-Expanse-Rocinante-S4-MOCBRICKLAND-4-300x300.jpg 300w, https:\/\/mouldking.store\/wp-content\/uploads\/2022\/09\/Technic-MOC-96473-The-Expanse-Rocinante-S4-MOCBRICKLAND-4-768x768.jpg 768w, https:\/\/mouldking.store\/wp-content\/uploads\/2022\/09\/Technic-MOC-96473-The-Expanse-Rocinante-S4-MOCBRICKLAND-4-600x600.jpg 600w, https:\/\/mouldking.store\/wp-content\/uploads\/2022\/09\/Technic-MOC-96473-The-Expanse-Rocinante-S4-MOCBRICKLAND-4-150x150.jpg 150w, https:\/\/mouldking.store\/wp-content\/uploads\/2022\/09\/Technic-MOC-96473-The-Expanse-Rocinante-S4-MOCBRICKLAND-4-60x60.jpg 60w, https:\/\/mouldking.store\/wp-content\/uploads\/2022\/09\/Technic-MOC-96473-The-Expanse-Rocinante-S4-MOCBRICKLAND-4-90x90.jpg 90w\" sizes=\"(max-width: 800px) 100vw, 800px\" \/><figcaption id=\"caption-attachment-32625\" class=\"wp-caption-text\">MOC-96473 The Expanse Rocinante S4 med 1853 stykker<\/figcaption><\/figure>\n<figure id=\"attachment_32626\" aria-describedby=\"caption-attachment-32626\" style=\"width: 800px\" class=\"wp-caption aligncenter\"><img decoding=\"async\" class=\"wp-image-32626 size-full\" src=\"https:\/\/mouldking.store\/wp-content\/uploads\/2022\/09\/Technic-MOC-96473-The-Expanse-Rocinante-S4-MOCBRICKLAND-8.jpg\" alt=\"MOC-96473 The Expanse Rocinante S4 with 1853 Pieces\" width=\"800\" height=\"800\" title=\"-\" srcset=\"https:\/\/mouldking.store\/wp-content\/uploads\/2022\/09\/Technic-MOC-96473-The-Expanse-Rocinante-S4-MOCBRICKLAND-8.jpg 800w, https:\/\/mouldking.store\/wp-content\/uploads\/2022\/09\/Technic-MOC-96473-The-Expanse-Rocinante-S4-MOCBRICKLAND-8-300x300.jpg 300w, https:\/\/mouldking.store\/wp-content\/uploads\/2022\/09\/Technic-MOC-96473-The-Expanse-Rocinante-S4-MOCBRICKLAND-8-768x768.jpg 768w, https:\/\/mouldking.store\/wp-content\/uploads\/2022\/09\/Technic-MOC-96473-The-Expanse-Rocinante-S4-MOCBRICKLAND-8-600x600.jpg 600w, https:\/\/mouldking.store\/wp-content\/uploads\/2022\/09\/Technic-MOC-96473-The-Expanse-Rocinante-S4-MOCBRICKLAND-8-150x150.jpg 150w, https:\/\/mouldking.store\/wp-content\/uploads\/2022\/09\/Technic-MOC-96473-The-Expanse-Rocinante-S4-MOCBRICKLAND-8-60x60.jpg 60w, https:\/\/mouldking.store\/wp-content\/uploads\/2022\/09\/Technic-MOC-96473-The-Expanse-Rocinante-S4-MOCBRICKLAND-8-90x90.jpg 90w\" sizes=\"(max-width: 800px) 100vw, 800px\" \/><figcaption id=\"caption-attachment-32626\" class=\"wp-caption-text\">MOC-96473 The Expanse Rocinante S4 med 1853 stykker<\/figcaption><\/figure>\n<figure id=\"attachment_32628\" aria-describedby=\"caption-attachment-32628\" style=\"width: 800px\" class=\"wp-caption aligncenter\"><img decoding=\"async\" class=\"wp-image-32628 size-full\" src=\"https:\/\/mouldking.store\/wp-content\/uploads\/2022\/09\/Technic-MOC-96473-The-Expanse-Rocinante-S4-MOCBRICKLAND-5.jpg\" alt=\"MOC-96473 The Expanse Rocinante S4 with 1853 Pieces\" width=\"800\" height=\"800\" title=\"-\" srcset=\"https:\/\/mouldking.store\/wp-content\/uploads\/2022\/09\/Technic-MOC-96473-The-Expanse-Rocinante-S4-MOCBRICKLAND-5.jpg 800w, https:\/\/mouldking.store\/wp-content\/uploads\/2022\/09\/Technic-MOC-96473-The-Expanse-Rocinante-S4-MOCBRICKLAND-5-300x300.jpg 300w, https:\/\/mouldking.store\/wp-content\/uploads\/2022\/09\/Technic-MOC-96473-The-Expanse-Rocinante-S4-MOCBRICKLAND-5-768x768.jpg 768w, https:\/\/mouldking.store\/wp-content\/uploads\/2022\/09\/Technic-MOC-96473-The-Expanse-Rocinante-S4-MOCBRICKLAND-5-600x600.jpg 600w, https:\/\/mouldking.store\/wp-content\/uploads\/2022\/09\/Technic-MOC-96473-The-Expanse-Rocinante-S4-MOCBRICKLAND-5-150x150.jpg 150w, https:\/\/mouldking.store\/wp-content\/uploads\/2022\/09\/Technic-MOC-96473-The-Expanse-Rocinante-S4-MOCBRICKLAND-5-60x60.jpg 60w, https:\/\/mouldking.store\/wp-content\/uploads\/2022\/09\/Technic-MOC-96473-The-Expanse-Rocinante-S4-MOCBRICKLAND-5-90x90.jpg 90w\" sizes=\"(max-width: 800px) 100vw, 800px\" \/><figcaption id=\"caption-attachment-32628\" class=\"wp-caption-text\">MOC-96473 The Expanse Rocinante S4 med 1853 stykker<\/figcaption><\/figure>\n<figure id=\"attachment_32630\" aria-describedby=\"caption-attachment-32630\" style=\"width: 800px\" class=\"wp-caption aligncenter\"><img loading=\"lazy\" decoding=\"async\" class=\"wp-image-32630 size-full\" src=\"https:\/\/mouldking.store\/wp-content\/uploads\/2022\/09\/Technic-MOC-96473-The-Expanse-Rocinante-S4-MOCBRICKLAND-1.jpg\" alt=\"MOC-96473 The Expanse Rocinante S4 with 1853 Pieces\" width=\"800\" height=\"800\" title=\"-\" srcset=\"https:\/\/mouldking.store\/wp-content\/uploads\/2022\/09\/Technic-MOC-96473-The-Expanse-Rocinante-S4-MOCBRICKLAND-1.jpg 800w, https:\/\/mouldking.store\/wp-content\/uploads\/2022\/09\/Technic-MOC-96473-The-Expanse-Rocinante-S4-MOCBRICKLAND-1-300x300.jpg 300w, https:\/\/mouldking.store\/wp-content\/uploads\/2022\/09\/Technic-MOC-96473-The-Expanse-Rocinante-S4-MOCBRICKLAND-1-768x768.jpg 768w, https:\/\/mouldking.store\/wp-content\/uploads\/2022\/09\/Technic-MOC-96473-The-Expanse-Rocinante-S4-MOCBRICKLAND-1-600x600.jpg 600w, https:\/\/mouldking.store\/wp-content\/uploads\/2022\/09\/Technic-MOC-96473-The-Expanse-Rocinante-S4-MOCBRICKLAND-1-150x150.jpg 150w, https:\/\/mouldking.store\/wp-content\/uploads\/2022\/09\/Technic-MOC-96473-The-Expanse-Rocinante-S4-MOCBRICKLAND-1-60x60.jpg 60w, https:\/\/mouldking.store\/wp-content\/uploads\/2022\/09\/Technic-MOC-96473-The-Expanse-Rocinante-S4-MOCBRICKLAND-1-90x90.jpg 90w\" sizes=\"(max-width: 800px) 100vw, 800px\" \/><figcaption id=\"caption-attachment-32630\" class=\"wp-caption-text\">MOC-96473 The Expanse Rocinante S4 med 1853 stykker<\/figcaption><\/figure>\n<figure id=\"attachment_32624\" aria-describedby=\"caption-attachment-32624\" style=\"width: 800px\" class=\"wp-caption aligncenter\"><img loading=\"lazy\" decoding=\"async\" class=\"wp-image-32624 size-full\" src=\"https:\/\/mouldking.store\/wp-content\/uploads\/2022\/09\/Technic-MOC-96473-The-Expanse-Rocinante-S4-MOCBRICKLAND-2.jpg\" alt=\"MOC-96473 The Expanse Rocinante S4 with 1853 Pieces\" width=\"800\" height=\"800\" title=\"-\" srcset=\"https:\/\/mouldking.store\/wp-content\/uploads\/2022\/09\/Technic-MOC-96473-The-Expanse-Rocinante-S4-MOCBRICKLAND-2.jpg 800w, https:\/\/mouldking.store\/wp-content\/uploads\/2022\/09\/Technic-MOC-96473-The-Expanse-Rocinante-S4-MOCBRICKLAND-2-300x300.jpg 300w, https:\/\/mouldking.store\/wp-content\/uploads\/2022\/09\/Technic-MOC-96473-The-Expanse-Rocinante-S4-MOCBRICKLAND-2-768x768.jpg 768w, https:\/\/mouldking.store\/wp-content\/uploads\/2022\/09\/Technic-MOC-96473-The-Expanse-Rocinante-S4-MOCBRICKLAND-2-600x600.jpg 600w, https:\/\/mouldking.store\/wp-content\/uploads\/2022\/09\/Technic-MOC-96473-The-Expanse-Rocinante-S4-MOCBRICKLAND-2-150x150.jpg 150w, https:\/\/mouldking.store\/wp-content\/uploads\/2022\/09\/Technic-MOC-96473-The-Expanse-Rocinante-S4-MOCBRICKLAND-2-60x60.jpg 60w, https:\/\/mouldking.store\/wp-content\/uploads\/2022\/09\/Technic-MOC-96473-The-Expanse-Rocinante-S4-MOCBRICKLAND-2-90x90.jpg 90w\" sizes=\"(max-width: 800px) 100vw, 800px\" \/><figcaption id=\"caption-attachment-32624\" class=\"wp-caption-text\">MOC-96473 The Expanse Rocinante S4 med 1853 stykker<\/figcaption><\/figure>\n<figure id=\"attachment_32623\" aria-describedby=\"caption-attachment-32623\" style=\"width: 800px\" class=\"wp-caption aligncenter\"><img loading=\"lazy\" decoding=\"async\" class=\"wp-image-32623 size-full\" src=\"https:\/\/mouldking.store\/wp-content\/uploads\/2022\/09\/Technic-MOC-96473-The-Expanse-Rocinante-S4-MOCBRICKLAND-6.jpg\" alt=\"MOC-96473 The Expanse Rocinante S4 with 1853 Pieces\" width=\"800\" height=\"800\" title=\"-\" srcset=\"https:\/\/mouldking.store\/wp-content\/uploads\/2022\/09\/Technic-MOC-96473-The-Expanse-Rocinante-S4-MOCBRICKLAND-6.jpg 800w, https:\/\/mouldking.store\/wp-content\/uploads\/2022\/09\/Technic-MOC-96473-The-Expanse-Rocinante-S4-MOCBRICKLAND-6-300x300.jpg 300w, https:\/\/mouldking.store\/wp-content\/uploads\/2022\/09\/Technic-MOC-96473-The-Expanse-Rocinante-S4-MOCBRICKLAND-6-768x768.jpg 768w, https:\/\/mouldking.store\/wp-content\/uploads\/2022\/09\/Technic-MOC-96473-The-Expanse-Rocinante-S4-MOCBRICKLAND-6-600x600.jpg 600w, https:\/\/mouldking.store\/wp-content\/uploads\/2022\/09\/Technic-MOC-96473-The-Expanse-Rocinante-S4-MOCBRICKLAND-6-150x150.jpg 150w, https:\/\/mouldking.store\/wp-content\/uploads\/2022\/09\/Technic-MOC-96473-The-Expanse-Rocinante-S4-MOCBRICKLAND-6-60x60.jpg 60w, https:\/\/mouldking.store\/wp-content\/uploads\/2022\/09\/Technic-MOC-96473-The-Expanse-Rocinante-S4-MOCBRICKLAND-6-90x90.jpg 90w\" sizes=\"(max-width: 800px) 100vw, 800px\" \/><figcaption id=\"caption-attachment-32623\" class=\"wp-caption-text\">MOC-96473 The Expanse Rocinante S4 med 1853 stykker<\/figcaption><\/figure>\n<figure id=\"attachment_32627\" aria-describedby=\"caption-attachment-32627\" style=\"width: 800px\" class=\"wp-caption aligncenter\"><img loading=\"lazy\" decoding=\"async\" class=\"wp-image-32627 size-full\" src=\"https:\/\/mouldking.store\/wp-content\/uploads\/2022\/09\/Technic-MOC-96473-The-Expanse-Rocinante-S4-MOCBRICKLAND-7.jpg\" alt=\"MOC-96473 The Expanse Rocinante S4 with 1853 Pieces\" width=\"800\" height=\"1237\" title=\"-\" srcset=\"https:\/\/mouldking.store\/wp-content\/uploads\/2022\/09\/Technic-MOC-96473-The-Expanse-Rocinante-S4-MOCBRICKLAND-7.jpg 800w, https:\/\/mouldking.store\/wp-content\/uploads\/2022\/09\/Technic-MOC-96473-The-Expanse-Rocinante-S4-MOCBRICKLAND-7-194x300.jpg 194w, https:\/\/mouldking.store\/wp-content\/uploads\/2022\/09\/Technic-MOC-96473-The-Expanse-Rocinante-S4-MOCBRICKLAND-7-662x1024.jpg 662w, https:\/\/mouldking.store\/wp-content\/uploads\/2022\/09\/Technic-MOC-96473-The-Expanse-Rocinante-S4-MOCBRICKLAND-7-768x1188.jpg 768w, https:\/\/mouldking.store\/wp-content\/uploads\/2022\/09\/Technic-MOC-96473-The-Expanse-Rocinante-S4-MOCBRICKLAND-7-300x464.jpg 300w, https:\/\/mouldking.store\/wp-content\/uploads\/2022\/09\/Technic-MOC-96473-The-Expanse-Rocinante-S4-MOCBRICKLAND-7-600x928.jpg 600w, https:\/\/mouldking.store\/wp-content\/uploads\/2022\/09\/Technic-MOC-96473-The-Expanse-Rocinante-S4-MOCBRICKLAND-7-97x150.jpg 97w, https:\/\/mouldking.store\/wp-content\/uploads\/2022\/09\/Technic-MOC-96473-The-Expanse-Rocinante-S4-MOCBRICKLAND-7-39x60.jpg 39w, https:\/\/mouldking.store\/wp-content\/uploads\/2022\/09\/Technic-MOC-96473-The-Expanse-Rocinante-S4-MOCBRICKLAND-7-58x90.jpg 58w\" sizes=\"(max-width: 800px) 100vw, 800px\" \/><figcaption id=\"caption-attachment-32627\" class=\"wp-caption-text\">MOC-96473 The Expanse Rocinante S4 med 1853 stykker<\/figcaption><\/figure>","protected":false},"excerpt":{"rendered":"<p>Product information: Brand: MOC Gender: Unisex Name: The Expanse Rocinante S4 Age Range: &gt; 6 years old Model Number: C9076 Classification: Assemblage Plastic Block Shape: Self-Locking Bricks Material: Plastic Plastic Type: ABS Bricks Blocks: 1853 PCS Dimensions: 52 x 20 x 12 cm Weight: 1.53 kg Contains detailed assembly instructions. Notice: 1. Without an original [&hellip;]<\/p>","protected":false},"featured_media":32625,"comment_status":"closed","ping_status":"closed","template":"","meta":{"_acf_changed":false},"product_cat":[581],"product_tag":[5939,5938,5940],"class_list":["product","first","instock","shipping-taxable","purchasable","product-type-simple"],"acf":[],"_links":{"self":[{"href":"https:\/\/mouldking.store\/nb\/wp-json\/wp\/v2\/product\/32622","targetHints":{"allow":["GET"]}}],"collection":[{"href":"https:\/\/mouldking.store\/nb\/wp-json\/wp\/v2\/product"}],"about":[{"href":"https:\/\/mouldking.store\/nb\/wp-json\/wp\/v2\/types\/product"}],"replies":[{"embeddable":true,"href":"https:\/\/mouldking.store\/nb\/wp-json\/wp\/v2\/comments?post=32622"}],"wp:featuredmedia":[{"embeddable":true,"href":"https:\/\/mouldking.store\/nb\/wp-json\/wp\/v2\/media\/32625"}],"wp:attachment":[{"href":"https:\/\/mouldking.store\/nb\/wp-json\/wp\/v2\/media?parent=32622"}],"wp:term":[{"taxonomy":"product_cat","embeddable":true,"href":"https:\/\/mouldking.store\/nb\/wp-json\/wp\/v2\/product_cat?post=32622"},{"taxonomy":"product_tag","embeddable":true,"href":"https:\/\/mouldking.store\/nb\/wp-json\/wp\/v2\/product_tag?post=32622"}],"curies":[{"name":"wp","href":"https:\/\/api.w.org\/{rel}","templated":true}]}}