{"id":32631,"date":"2022-09-28T11:25:23","date_gmt":"2022-09-28T04:25:23","guid":{"rendered":"https:\/\/mouldking.store\/?post_type=product&#038;p=32631"},"modified":"2025-12-25T09:12:27","modified_gmt":"2025-12-25T02:12:27","slug":"moc-101026-stranger-things-surfer-boy-pizza-van-with-244-pieces","status":"publish","type":"product","link":"https:\/\/mouldking.store\/nb\/shop\/moc-101026-stranger-things-surfer-boy-pizza-van-with-244-pieces\/","title":{"rendered":"MOC-101026 Stranger Things Surfer Boy Pizza Van med 244 stk"},"content":{"rendered":"<p>Produktinformasjon:<\/p>\n<ol>\n<li>Merke: MOC<\/li>\n<li>Kj\u00f8nn: Unisex<\/li>\n<li>Name: Stranger Things Surfer Boy Pizza Van<\/li>\n<li>Aldersgruppe: &gt; 6 \u00e5r gammel<\/li>\n<li>Model Number: C9011<\/li>\n<li>Klassifisering: Montering<\/li>\n<li>Plastblokkform: Selvl\u00e5sende murstein<\/li>\n<li>Materiale: Plast<\/li>\n<li>Plasttype: ABS<\/li>\n<li>Mursteinsblokker: 244 STK<\/li>\n<li>Dimensions: 16 x 8 x 9.6 cm<\/li>\n<li>Weight: 0.19 kg<\/li>\n<li>Inneholder detaljerte monteringsanvisninger.<\/li>\n<\/ol>\n<p>Legge merke til:<br \/>\n1. Uten original eske, men vi garanterer at v\u00e5re produkter har kvalitetssikring og pen emballasje.<br \/>\n2. Som alle delene vi har sjekket f\u00f8r frakt, s\u00e5 hvis du finner noen deler savnet eller skadet, ikke bekymre deg og bare kontakt oss, s\u00e5 kan vi sende dem til deg p\u00e5 nytt umiddelbart gratis.<\/p>\n<p>&nbsp;<\/p>\n<figure id=\"attachment_32632\" aria-describedby=\"caption-attachment-32632\" style=\"width: 800px\" class=\"wp-caption aligncenter\"><img fetchpriority=\"high\" decoding=\"async\" class=\"wp-image-32632 size-full\" src=\"https:\/\/mouldking.store\/wp-content\/uploads\/2022\/09\/Movie-MOC-101026-Stranger-Things-Surfer-Boy-Pizza-Van-MOCBRICKLAND-4.jpg\" alt=\"MOC-101026 Stranger Things Surfer Boy Pizza Van with 244 Pieces\" width=\"800\" height=\"800\" title=\"-\" srcset=\"https:\/\/mouldking.store\/wp-content\/uploads\/2022\/09\/Movie-MOC-101026-Stranger-Things-Surfer-Boy-Pizza-Van-MOCBRICKLAND-4.jpg 800w, https:\/\/mouldking.store\/wp-content\/uploads\/2022\/09\/Movie-MOC-101026-Stranger-Things-Surfer-Boy-Pizza-Van-MOCBRICKLAND-4-300x300.jpg 300w, https:\/\/mouldking.store\/wp-content\/uploads\/2022\/09\/Movie-MOC-101026-Stranger-Things-Surfer-Boy-Pizza-Van-MOCBRICKLAND-4-768x768.jpg 768w, https:\/\/mouldking.store\/wp-content\/uploads\/2022\/09\/Movie-MOC-101026-Stranger-Things-Surfer-Boy-Pizza-Van-MOCBRICKLAND-4-600x600.jpg 600w, https:\/\/mouldking.store\/wp-content\/uploads\/2022\/09\/Movie-MOC-101026-Stranger-Things-Surfer-Boy-Pizza-Van-MOCBRICKLAND-4-150x150.jpg 150w, https:\/\/mouldking.store\/wp-content\/uploads\/2022\/09\/Movie-MOC-101026-Stranger-Things-Surfer-Boy-Pizza-Van-MOCBRICKLAND-4-60x60.jpg 60w, https:\/\/mouldking.store\/wp-content\/uploads\/2022\/09\/Movie-MOC-101026-Stranger-Things-Surfer-Boy-Pizza-Van-MOCBRICKLAND-4-90x90.jpg 90w\" sizes=\"(max-width: 800px) 100vw, 800px\" \/><figcaption id=\"caption-attachment-32632\" class=\"wp-caption-text\">MOC-101026 Stranger Things Surfer Boy Pizza Van med 244 stk<\/figcaption><\/figure>\n<figure id=\"attachment_32636\" aria-describedby=\"caption-attachment-32636\" style=\"width: 800px\" class=\"wp-caption aligncenter\"><img decoding=\"async\" class=\"wp-image-32636 size-full\" src=\"https:\/\/mouldking.store\/wp-content\/uploads\/2022\/09\/Movie-MOC-101026-Stranger-Things-Surfer-Boy-Pizza-Van-MOCBRICKLAND-5.jpg\" alt=\"MOC-101026 Stranger Things Surfer Boy Pizza Van with 244 Pieces\" width=\"800\" height=\"800\" title=\"-\" srcset=\"https:\/\/mouldking.store\/wp-content\/uploads\/2022\/09\/Movie-MOC-101026-Stranger-Things-Surfer-Boy-Pizza-Van-MOCBRICKLAND-5.jpg 800w, https:\/\/mouldking.store\/wp-content\/uploads\/2022\/09\/Movie-MOC-101026-Stranger-Things-Surfer-Boy-Pizza-Van-MOCBRICKLAND-5-300x300.jpg 300w, https:\/\/mouldking.store\/wp-content\/uploads\/2022\/09\/Movie-MOC-101026-Stranger-Things-Surfer-Boy-Pizza-Van-MOCBRICKLAND-5-768x768.jpg 768w, https:\/\/mouldking.store\/wp-content\/uploads\/2022\/09\/Movie-MOC-101026-Stranger-Things-Surfer-Boy-Pizza-Van-MOCBRICKLAND-5-600x600.jpg 600w, https:\/\/mouldking.store\/wp-content\/uploads\/2022\/09\/Movie-MOC-101026-Stranger-Things-Surfer-Boy-Pizza-Van-MOCBRICKLAND-5-150x150.jpg 150w, https:\/\/mouldking.store\/wp-content\/uploads\/2022\/09\/Movie-MOC-101026-Stranger-Things-Surfer-Boy-Pizza-Van-MOCBRICKLAND-5-60x60.jpg 60w, https:\/\/mouldking.store\/wp-content\/uploads\/2022\/09\/Movie-MOC-101026-Stranger-Things-Surfer-Boy-Pizza-Van-MOCBRICKLAND-5-90x90.jpg 90w\" sizes=\"(max-width: 800px) 100vw, 800px\" \/><figcaption id=\"caption-attachment-32636\" class=\"wp-caption-text\">MOC-101026 Stranger Things Surfer Boy Pizza Van med 244 stk<\/figcaption><\/figure>\n<figure id=\"attachment_32635\" aria-describedby=\"caption-attachment-32635\" style=\"width: 800px\" class=\"wp-caption aligncenter\"><img decoding=\"async\" class=\"wp-image-32635 size-full\" src=\"https:\/\/mouldking.store\/wp-content\/uploads\/2022\/09\/Movie-MOC-101026-Stranger-Things-Surfer-Boy-Pizza-Van-MOCBRICKLAND-2.jpg\" alt=\"MOC-101026 Stranger Things Surfer Boy Pizza Van with 244 Pieces\" width=\"800\" height=\"800\" title=\"-\" srcset=\"https:\/\/mouldking.store\/wp-content\/uploads\/2022\/09\/Movie-MOC-101026-Stranger-Things-Surfer-Boy-Pizza-Van-MOCBRICKLAND-2.jpg 800w, https:\/\/mouldking.store\/wp-content\/uploads\/2022\/09\/Movie-MOC-101026-Stranger-Things-Surfer-Boy-Pizza-Van-MOCBRICKLAND-2-300x300.jpg 300w, https:\/\/mouldking.store\/wp-content\/uploads\/2022\/09\/Movie-MOC-101026-Stranger-Things-Surfer-Boy-Pizza-Van-MOCBRICKLAND-2-768x768.jpg 768w, https:\/\/mouldking.store\/wp-content\/uploads\/2022\/09\/Movie-MOC-101026-Stranger-Things-Surfer-Boy-Pizza-Van-MOCBRICKLAND-2-600x600.jpg 600w, https:\/\/mouldking.store\/wp-content\/uploads\/2022\/09\/Movie-MOC-101026-Stranger-Things-Surfer-Boy-Pizza-Van-MOCBRICKLAND-2-150x150.jpg 150w, https:\/\/mouldking.store\/wp-content\/uploads\/2022\/09\/Movie-MOC-101026-Stranger-Things-Surfer-Boy-Pizza-Van-MOCBRICKLAND-2-60x60.jpg 60w, https:\/\/mouldking.store\/wp-content\/uploads\/2022\/09\/Movie-MOC-101026-Stranger-Things-Surfer-Boy-Pizza-Van-MOCBRICKLAND-2-90x90.jpg 90w\" sizes=\"(max-width: 800px) 100vw, 800px\" \/><figcaption id=\"caption-attachment-32635\" class=\"wp-caption-text\">MOC-101026 Stranger Things Surfer Boy Pizza Van med 244 stk<\/figcaption><\/figure>\n<figure id=\"attachment_32633\" aria-describedby=\"caption-attachment-32633\" style=\"width: 800px\" class=\"wp-caption aligncenter\"><img loading=\"lazy\" decoding=\"async\" class=\"wp-image-32633 size-full\" src=\"https:\/\/mouldking.store\/wp-content\/uploads\/2022\/09\/Movie-MOC-101026-Stranger-Things-Surfer-Boy-Pizza-Van-MOCBRICKLAND-3.jpg\" alt=\"MOC-101026 Stranger Things Surfer Boy Pizza Van with 244 Pieces\" width=\"800\" height=\"800\" title=\"-\" srcset=\"https:\/\/mouldking.store\/wp-content\/uploads\/2022\/09\/Movie-MOC-101026-Stranger-Things-Surfer-Boy-Pizza-Van-MOCBRICKLAND-3.jpg 800w, https:\/\/mouldking.store\/wp-content\/uploads\/2022\/09\/Movie-MOC-101026-Stranger-Things-Surfer-Boy-Pizza-Van-MOCBRICKLAND-3-300x300.jpg 300w, https:\/\/mouldking.store\/wp-content\/uploads\/2022\/09\/Movie-MOC-101026-Stranger-Things-Surfer-Boy-Pizza-Van-MOCBRICKLAND-3-768x768.jpg 768w, https:\/\/mouldking.store\/wp-content\/uploads\/2022\/09\/Movie-MOC-101026-Stranger-Things-Surfer-Boy-Pizza-Van-MOCBRICKLAND-3-600x600.jpg 600w, https:\/\/mouldking.store\/wp-content\/uploads\/2022\/09\/Movie-MOC-101026-Stranger-Things-Surfer-Boy-Pizza-Van-MOCBRICKLAND-3-150x150.jpg 150w, https:\/\/mouldking.store\/wp-content\/uploads\/2022\/09\/Movie-MOC-101026-Stranger-Things-Surfer-Boy-Pizza-Van-MOCBRICKLAND-3-60x60.jpg 60w, https:\/\/mouldking.store\/wp-content\/uploads\/2022\/09\/Movie-MOC-101026-Stranger-Things-Surfer-Boy-Pizza-Van-MOCBRICKLAND-3-90x90.jpg 90w\" sizes=\"(max-width: 800px) 100vw, 800px\" \/><figcaption id=\"caption-attachment-32633\" class=\"wp-caption-text\">MOC-101026 Stranger Things Surfer Boy Pizza Van med 244 stk<\/figcaption><\/figure>\n<figure id=\"attachment_32634\" aria-describedby=\"caption-attachment-32634\" style=\"width: 800px\" class=\"wp-caption aligncenter\"><img loading=\"lazy\" decoding=\"async\" class=\"wp-image-32634 size-full\" src=\"https:\/\/mouldking.store\/wp-content\/uploads\/2022\/09\/Movie-MOC-101026-Stranger-Things-Surfer-Boy-Pizza-Van-MOCBRICKLAND-6.jpg\" alt=\"MOC-101026 Stranger Things Surfer Boy Pizza Van with 244 Pieces\" width=\"800\" height=\"800\" title=\"-\" srcset=\"https:\/\/mouldking.store\/wp-content\/uploads\/2022\/09\/Movie-MOC-101026-Stranger-Things-Surfer-Boy-Pizza-Van-MOCBRICKLAND-6.jpg 800w, https:\/\/mouldking.store\/wp-content\/uploads\/2022\/09\/Movie-MOC-101026-Stranger-Things-Surfer-Boy-Pizza-Van-MOCBRICKLAND-6-300x300.jpg 300w, https:\/\/mouldking.store\/wp-content\/uploads\/2022\/09\/Movie-MOC-101026-Stranger-Things-Surfer-Boy-Pizza-Van-MOCBRICKLAND-6-768x768.jpg 768w, https:\/\/mouldking.store\/wp-content\/uploads\/2022\/09\/Movie-MOC-101026-Stranger-Things-Surfer-Boy-Pizza-Van-MOCBRICKLAND-6-600x600.jpg 600w, https:\/\/mouldking.store\/wp-content\/uploads\/2022\/09\/Movie-MOC-101026-Stranger-Things-Surfer-Boy-Pizza-Van-MOCBRICKLAND-6-150x150.jpg 150w, https:\/\/mouldking.store\/wp-content\/uploads\/2022\/09\/Movie-MOC-101026-Stranger-Things-Surfer-Boy-Pizza-Van-MOCBRICKLAND-6-60x60.jpg 60w, https:\/\/mouldking.store\/wp-content\/uploads\/2022\/09\/Movie-MOC-101026-Stranger-Things-Surfer-Boy-Pizza-Van-MOCBRICKLAND-6-90x90.jpg 90w\" sizes=\"(max-width: 800px) 100vw, 800px\" \/><figcaption id=\"caption-attachment-32634\" class=\"wp-caption-text\">MOC-101026 Stranger Things Surfer Boy Pizza Van med 244 stk<\/figcaption><\/figure>\n<figure id=\"attachment_32637\" aria-describedby=\"caption-attachment-32637\" style=\"width: 800px\" class=\"wp-caption aligncenter\"><img loading=\"lazy\" decoding=\"async\" class=\"wp-image-32637 size-full\" src=\"https:\/\/mouldking.store\/wp-content\/uploads\/2022\/09\/Movie-MOC-101026-Stranger-Things-Surfer-Boy-Pizza-Van-MOCBRICKLAND-1.jpg\" alt=\"MOC-101026 Stranger Things Surfer Boy Pizza Van with 244 Pieces\" width=\"800\" height=\"1305\" title=\"-\" srcset=\"https:\/\/mouldking.store\/wp-content\/uploads\/2022\/09\/Movie-MOC-101026-Stranger-Things-Surfer-Boy-Pizza-Van-MOCBRICKLAND-1.jpg 800w, https:\/\/mouldking.store\/wp-content\/uploads\/2022\/09\/Movie-MOC-101026-Stranger-Things-Surfer-Boy-Pizza-Van-MOCBRICKLAND-1-184x300.jpg 184w, https:\/\/mouldking.store\/wp-content\/uploads\/2022\/09\/Movie-MOC-101026-Stranger-Things-Surfer-Boy-Pizza-Van-MOCBRICKLAND-1-628x1024.jpg 628w, https:\/\/mouldking.store\/wp-content\/uploads\/2022\/09\/Movie-MOC-101026-Stranger-Things-Surfer-Boy-Pizza-Van-MOCBRICKLAND-1-768x1253.jpg 768w, https:\/\/mouldking.store\/wp-content\/uploads\/2022\/09\/Movie-MOC-101026-Stranger-Things-Surfer-Boy-Pizza-Van-MOCBRICKLAND-1-300x489.jpg 300w, https:\/\/mouldking.store\/wp-content\/uploads\/2022\/09\/Movie-MOC-101026-Stranger-Things-Surfer-Boy-Pizza-Van-MOCBRICKLAND-1-600x979.jpg 600w, https:\/\/mouldking.store\/wp-content\/uploads\/2022\/09\/Movie-MOC-101026-Stranger-Things-Surfer-Boy-Pizza-Van-MOCBRICKLAND-1-92x150.jpg 92w, https:\/\/mouldking.store\/wp-content\/uploads\/2022\/09\/Movie-MOC-101026-Stranger-Things-Surfer-Boy-Pizza-Van-MOCBRICKLAND-1-37x60.jpg 37w, https:\/\/mouldking.store\/wp-content\/uploads\/2022\/09\/Movie-MOC-101026-Stranger-Things-Surfer-Boy-Pizza-Van-MOCBRICKLAND-1-55x90.jpg 55w\" sizes=\"(max-width: 800px) 100vw, 800px\" \/><figcaption id=\"caption-attachment-32637\" class=\"wp-caption-text\">MOC-101026 Stranger Things Surfer Boy Pizza Van med 244 stk<\/figcaption><\/figure>","protected":false},"excerpt":{"rendered":"<p>Product information: Brand: MOC Gender: Unisex Name: Stranger Things Surfer Boy Pizza Van Age Range: &gt; 6 years old Model Number: C9011 Classification: Assemblage Plastic Block Shape: Self-Locking Bricks Material: Plastic Plastic Type: ABS Bricks Blocks: 244 PCS Dimensions: 16 x 8 x 9.6 cm Weight: 0.19 kg Contains detailed assembly instructions. Notice: 1. Without [&hellip;]<\/p>","protected":false},"featured_media":32632,"comment_status":"closed","ping_status":"closed","template":"","meta":{"_acf_changed":false},"product_cat":[581],"product_tag":[5942,5941,5944,5943,5945],"class_list":["product","first","instock","shipping-taxable","purchasable","product-type-simple"],"acf":[],"_links":{"self":[{"href":"https:\/\/mouldking.store\/nb\/wp-json\/wp\/v2\/product\/32631","targetHints":{"allow":["GET"]}}],"collection":[{"href":"https:\/\/mouldking.store\/nb\/wp-json\/wp\/v2\/product"}],"about":[{"href":"https:\/\/mouldking.store\/nb\/wp-json\/wp\/v2\/types\/product"}],"replies":[{"embeddable":true,"href":"https:\/\/mouldking.store\/nb\/wp-json\/wp\/v2\/comments?post=32631"}],"wp:featuredmedia":[{"embeddable":true,"href":"https:\/\/mouldking.store\/nb\/wp-json\/wp\/v2\/media\/32632"}],"wp:attachment":[{"href":"https:\/\/mouldking.store\/nb\/wp-json\/wp\/v2\/media?parent=32631"}],"wp:term":[{"taxonomy":"product_cat","embeddable":true,"href":"https:\/\/mouldking.store\/nb\/wp-json\/wp\/v2\/product_cat?post=32631"},{"taxonomy":"product_tag","embeddable":true,"href":"https:\/\/mouldking.store\/nb\/wp-json\/wp\/v2\/product_tag?post=32631"}],"curies":[{"name":"wp","href":"https:\/\/api.w.org\/{rel}","templated":true}]}}