{"id":32646,"date":"2022-09-28T11:32:32","date_gmt":"2022-09-28T04:32:32","guid":{"rendered":"https:\/\/mouldking.store\/?post_type=product&#038;p=32646"},"modified":"2025-12-25T09:12:27","modified_gmt":"2025-12-25T02:12:27","slug":"moc-89586-ronin-titanfall-class-titan-with-1228-pieces","status":"publish","type":"product","link":"https:\/\/mouldking.store\/nb\/shop\/moc-89586-ronin-titanfall-class-titan-with-1228-pieces\/","title":{"rendered":"MOC-89586 Ronin-Titanfall Klasse Titan med 1228 deler"},"content":{"rendered":"<p>Produktinformasjon:<\/p>\n<ol>\n<li>Merke: MOC<\/li>\n<li>Kj\u00f8nn: Unisex<\/li>\n<li>Name: Ronin-Titanfall Class Titan<\/li>\n<li>Aldersgruppe: &gt; 6 \u00e5r gammel<\/li>\n<li>Model Number: C7964<\/li>\n<li>Klassifisering: Montering<\/li>\n<li>Plastblokkform: Selvl\u00e5sende murstein<\/li>\n<li>Materiale: Plast<\/li>\n<li>Plasttype: ABS<\/li>\n<li>Bricks Blocks: 1228 PCS<\/li>\n<li>Dimensions: 40 x 14 x 20 cm<\/li>\n<li>Weight: 0.82 kg<\/li>\n<li>Inneholder detaljerte monteringsanvisninger.<\/li>\n<\/ol>\n<p>Legge merke til:<br \/>\n1. Uten original eske, men vi garanterer at v\u00e5re produkter har kvalitetssikring og pen emballasje.<br \/>\n2. Som alle delene vi har sjekket f\u00f8r frakt, s\u00e5 hvis du finner noen deler savnet eller skadet, ikke bekymre deg og bare kontakt oss, s\u00e5 kan vi sende dem til deg p\u00e5 nytt umiddelbart gratis.<\/p>\n<p>&nbsp;<\/p>\n<figure id=\"attachment_32649\" aria-describedby=\"caption-attachment-32649\" style=\"width: 800px\" class=\"wp-caption aligncenter\"><img fetchpriority=\"high\" decoding=\"async\" class=\"wp-image-32649 size-full\" src=\"https:\/\/mouldking.store\/wp-content\/uploads\/2022\/09\/Creator-MOC-89586-Ronin-Titanfall-Class-Titan-MOCBRICKLAND-2.jpg\" alt=\"MOC-89586 Ronin-Titanfall Class Titan with 1228 Pieces\" width=\"800\" height=\"800\" title=\"-\" srcset=\"https:\/\/mouldking.store\/wp-content\/uploads\/2022\/09\/Creator-MOC-89586-Ronin-Titanfall-Class-Titan-MOCBRICKLAND-2.jpg 800w, https:\/\/mouldking.store\/wp-content\/uploads\/2022\/09\/Creator-MOC-89586-Ronin-Titanfall-Class-Titan-MOCBRICKLAND-2-300x300.jpg 300w, https:\/\/mouldking.store\/wp-content\/uploads\/2022\/09\/Creator-MOC-89586-Ronin-Titanfall-Class-Titan-MOCBRICKLAND-2-768x768.jpg 768w, https:\/\/mouldking.store\/wp-content\/uploads\/2022\/09\/Creator-MOC-89586-Ronin-Titanfall-Class-Titan-MOCBRICKLAND-2-600x600.jpg 600w, https:\/\/mouldking.store\/wp-content\/uploads\/2022\/09\/Creator-MOC-89586-Ronin-Titanfall-Class-Titan-MOCBRICKLAND-2-150x150.jpg 150w, https:\/\/mouldking.store\/wp-content\/uploads\/2022\/09\/Creator-MOC-89586-Ronin-Titanfall-Class-Titan-MOCBRICKLAND-2-60x60.jpg 60w, https:\/\/mouldking.store\/wp-content\/uploads\/2022\/09\/Creator-MOC-89586-Ronin-Titanfall-Class-Titan-MOCBRICKLAND-2-90x90.jpg 90w\" sizes=\"(max-width: 800px) 100vw, 800px\" \/><figcaption id=\"caption-attachment-32649\" class=\"wp-caption-text\">MOC-89586 Ronin-Titanfall Klasse Titan med 1228 deler<\/figcaption><\/figure>\n<figure id=\"attachment_32650\" aria-describedby=\"caption-attachment-32650\" style=\"width: 800px\" class=\"wp-caption aligncenter\"><img decoding=\"async\" class=\"wp-image-32650 size-full\" src=\"https:\/\/mouldking.store\/wp-content\/uploads\/2022\/09\/Creator-MOC-89586-Ronin-Titanfall-Class-Titan-MOCBRICKLAND-3.jpg\" alt=\"MOC-89586 Ronin-Titanfall Class Titan with 1228 Pieces\" width=\"800\" height=\"800\" title=\"-\" srcset=\"https:\/\/mouldking.store\/wp-content\/uploads\/2022\/09\/Creator-MOC-89586-Ronin-Titanfall-Class-Titan-MOCBRICKLAND-3.jpg 800w, https:\/\/mouldking.store\/wp-content\/uploads\/2022\/09\/Creator-MOC-89586-Ronin-Titanfall-Class-Titan-MOCBRICKLAND-3-300x300.jpg 300w, https:\/\/mouldking.store\/wp-content\/uploads\/2022\/09\/Creator-MOC-89586-Ronin-Titanfall-Class-Titan-MOCBRICKLAND-3-768x768.jpg 768w, https:\/\/mouldking.store\/wp-content\/uploads\/2022\/09\/Creator-MOC-89586-Ronin-Titanfall-Class-Titan-MOCBRICKLAND-3-600x600.jpg 600w, https:\/\/mouldking.store\/wp-content\/uploads\/2022\/09\/Creator-MOC-89586-Ronin-Titanfall-Class-Titan-MOCBRICKLAND-3-150x150.jpg 150w, https:\/\/mouldking.store\/wp-content\/uploads\/2022\/09\/Creator-MOC-89586-Ronin-Titanfall-Class-Titan-MOCBRICKLAND-3-60x60.jpg 60w, https:\/\/mouldking.store\/wp-content\/uploads\/2022\/09\/Creator-MOC-89586-Ronin-Titanfall-Class-Titan-MOCBRICKLAND-3-90x90.jpg 90w\" sizes=\"(max-width: 800px) 100vw, 800px\" \/><figcaption id=\"caption-attachment-32650\" class=\"wp-caption-text\">MOC-89586 Ronin-Titanfall Klasse Titan med 1228 deler<\/figcaption><\/figure>\n<figure id=\"attachment_32648\" aria-describedby=\"caption-attachment-32648\" style=\"width: 800px\" class=\"wp-caption aligncenter\"><img decoding=\"async\" class=\"wp-image-32648 size-full\" src=\"https:\/\/mouldking.store\/wp-content\/uploads\/2022\/09\/Creator-MOC-89586-Ronin-Titanfall-Class-Titan-MOCBRICKLAND-4.jpg\" alt=\"MOC-89586 Ronin-Titanfall Class Titan with 1228 Pieces\" width=\"800\" height=\"800\" title=\"-\" srcset=\"https:\/\/mouldking.store\/wp-content\/uploads\/2022\/09\/Creator-MOC-89586-Ronin-Titanfall-Class-Titan-MOCBRICKLAND-4.jpg 800w, https:\/\/mouldking.store\/wp-content\/uploads\/2022\/09\/Creator-MOC-89586-Ronin-Titanfall-Class-Titan-MOCBRICKLAND-4-300x300.jpg 300w, https:\/\/mouldking.store\/wp-content\/uploads\/2022\/09\/Creator-MOC-89586-Ronin-Titanfall-Class-Titan-MOCBRICKLAND-4-768x768.jpg 768w, https:\/\/mouldking.store\/wp-content\/uploads\/2022\/09\/Creator-MOC-89586-Ronin-Titanfall-Class-Titan-MOCBRICKLAND-4-600x600.jpg 600w, https:\/\/mouldking.store\/wp-content\/uploads\/2022\/09\/Creator-MOC-89586-Ronin-Titanfall-Class-Titan-MOCBRICKLAND-4-150x150.jpg 150w, https:\/\/mouldking.store\/wp-content\/uploads\/2022\/09\/Creator-MOC-89586-Ronin-Titanfall-Class-Titan-MOCBRICKLAND-4-60x60.jpg 60w, https:\/\/mouldking.store\/wp-content\/uploads\/2022\/09\/Creator-MOC-89586-Ronin-Titanfall-Class-Titan-MOCBRICKLAND-4-90x90.jpg 90w\" sizes=\"(max-width: 800px) 100vw, 800px\" \/><figcaption id=\"caption-attachment-32648\" class=\"wp-caption-text\">MOC-89586 Ronin-Titanfall Klasse Titan med 1228 deler<\/figcaption><\/figure>\n<figure id=\"attachment_32647\" aria-describedby=\"caption-attachment-32647\" style=\"width: 800px\" class=\"wp-caption aligncenter\"><img loading=\"lazy\" decoding=\"async\" class=\"wp-image-32647 size-full\" src=\"https:\/\/mouldking.store\/wp-content\/uploads\/2022\/09\/Creator-MOC-89586-Ronin-Titanfall-Class-Titan-MOCBRICKLAND-1.jpg\" alt=\"MOC-89586 Ronin-Titanfall Class Titan with 1228 Pieces\" width=\"800\" height=\"1237\" title=\"-\" srcset=\"https:\/\/mouldking.store\/wp-content\/uploads\/2022\/09\/Creator-MOC-89586-Ronin-Titanfall-Class-Titan-MOCBRICKLAND-1.jpg 800w, https:\/\/mouldking.store\/wp-content\/uploads\/2022\/09\/Creator-MOC-89586-Ronin-Titanfall-Class-Titan-MOCBRICKLAND-1-194x300.jpg 194w, https:\/\/mouldking.store\/wp-content\/uploads\/2022\/09\/Creator-MOC-89586-Ronin-Titanfall-Class-Titan-MOCBRICKLAND-1-662x1024.jpg 662w, https:\/\/mouldking.store\/wp-content\/uploads\/2022\/09\/Creator-MOC-89586-Ronin-Titanfall-Class-Titan-MOCBRICKLAND-1-768x1188.jpg 768w, https:\/\/mouldking.store\/wp-content\/uploads\/2022\/09\/Creator-MOC-89586-Ronin-Titanfall-Class-Titan-MOCBRICKLAND-1-300x464.jpg 300w, https:\/\/mouldking.store\/wp-content\/uploads\/2022\/09\/Creator-MOC-89586-Ronin-Titanfall-Class-Titan-MOCBRICKLAND-1-600x928.jpg 600w, https:\/\/mouldking.store\/wp-content\/uploads\/2022\/09\/Creator-MOC-89586-Ronin-Titanfall-Class-Titan-MOCBRICKLAND-1-97x150.jpg 97w, https:\/\/mouldking.store\/wp-content\/uploads\/2022\/09\/Creator-MOC-89586-Ronin-Titanfall-Class-Titan-MOCBRICKLAND-1-39x60.jpg 39w, https:\/\/mouldking.store\/wp-content\/uploads\/2022\/09\/Creator-MOC-89586-Ronin-Titanfall-Class-Titan-MOCBRICKLAND-1-58x90.jpg 58w\" sizes=\"(max-width: 800px) 100vw, 800px\" \/><figcaption id=\"caption-attachment-32647\" class=\"wp-caption-text\">MOC-89586 Ronin-Titanfall Klasse Titan med 1228 deler<\/figcaption><\/figure>","protected":false},"excerpt":{"rendered":"<p>Product information: Brand: MOC Gender: Unisex Name: Ronin-Titanfall Class Titan Age Range: &gt; 6 years old Model Number: C7964 Classification: Assemblage Plastic Block Shape: Self-Locking Bricks Material: Plastic Plastic Type: ABS Bricks Blocks: 1228 PCS Dimensions: 40 x 14 x 20 cm Weight: 0.82 kg Contains detailed assembly instructions. Notice: 1. Without an original box, [&hellip;]<\/p>","protected":false},"featured_media":32650,"comment_status":"closed","ping_status":"closed","template":"","meta":{"_acf_changed":false},"product_cat":[371],"product_tag":[5950,5949,5952,5951],"class_list":["product","first","instock","shipping-taxable","purchasable","product-type-simple"],"acf":[],"_links":{"self":[{"href":"https:\/\/mouldking.store\/nb\/wp-json\/wp\/v2\/product\/32646","targetHints":{"allow":["GET"]}}],"collection":[{"href":"https:\/\/mouldking.store\/nb\/wp-json\/wp\/v2\/product"}],"about":[{"href":"https:\/\/mouldking.store\/nb\/wp-json\/wp\/v2\/types\/product"}],"replies":[{"embeddable":true,"href":"https:\/\/mouldking.store\/nb\/wp-json\/wp\/v2\/comments?post=32646"}],"wp:featuredmedia":[{"embeddable":true,"href":"https:\/\/mouldking.store\/nb\/wp-json\/wp\/v2\/media\/32650"}],"wp:attachment":[{"href":"https:\/\/mouldking.store\/nb\/wp-json\/wp\/v2\/media?parent=32646"}],"wp:term":[{"taxonomy":"product_cat","embeddable":true,"href":"https:\/\/mouldking.store\/nb\/wp-json\/wp\/v2\/product_cat?post=32646"},{"taxonomy":"product_tag","embeddable":true,"href":"https:\/\/mouldking.store\/nb\/wp-json\/wp\/v2\/product_tag?post=32646"}],"curies":[{"name":"wp","href":"https:\/\/api.w.org\/{rel}","templated":true}]}}