{"id":32720,"date":"2022-09-28T14:31:50","date_gmt":"2022-09-28T07:31:50","guid":{"rendered":"https:\/\/mouldking.store\/?post_type=product&#038;p=32720"},"modified":"2025-12-25T09:12:26","modified_gmt":"2025-12-25T02:12:26","slug":"moc-117976-the-orville-uss-orville-ecv-197-with-757-pieces","status":"publish","type":"product","link":"https:\/\/mouldking.store\/nb\/shop\/moc-117976-the-orville-uss-orville-ecv-197-with-757-pieces\/","title":{"rendered":"MOC-117976 Orville USS Orville ECV-197 med 757 stykker"},"content":{"rendered":"<p>Produktinformasjon:<\/p>\n<ol>\n<li>Merke: MOC<\/li>\n<li>Kj\u00f8nn: Unisex<\/li>\n<li>Navn: Orville USS Orville ECV-197<\/li>\n<li>Aldersgruppe: &gt; 6 \u00e5r gammel<\/li>\n<li>Modellnummer: C9128<\/li>\n<li>Klassifisering: Montering<\/li>\n<li>Plastblokkform: Selvl\u00e5sende murstein<\/li>\n<li>Materiale: Plast<\/li>\n<li>Plasttype: ABS<\/li>\n<li>Mursteinsblokker: 757 STK<\/li>\n<li>M\u00e5l: 42,6 x 12,8 x 12,2 cm<\/li>\n<li>Vekt: 0,7 kg<\/li>\n<li>Inneholder detaljerte monteringsanvisninger.<\/li>\n<\/ol>\n<p>Legge merke til:<br \/>\n1. Uten original eske, men vi garanterer at v\u00e5re produkter har kvalitetssikring og pen emballasje.<br \/>\n2. Som alle delene vi har sjekket f\u00f8r frakt, s\u00e5 hvis du finner noen deler savnet eller skadet, ikke bekymre deg og bare kontakt oss, s\u00e5 kan vi sende dem til deg p\u00e5 nytt umiddelbart gratis.<\/p>\n<p>&nbsp;<\/p>\n<figure id=\"attachment_32729\" aria-describedby=\"caption-attachment-32729\" style=\"width: 800px\" class=\"wp-caption aligncenter\"><img fetchpriority=\"high\" decoding=\"async\" class=\"wp-image-32729 size-full\" src=\"https:\/\/mouldking.store\/wp-content\/uploads\/2022\/09\/Movie-MOC-117976-The-Orville-USS-Orville-ECV-197-MOCBRICKLAND-11.jpg\" alt=\"MOC-117976 The Orville USS Orville ECV-197 with 757 Pieces\" width=\"800\" height=\"800\" title=\"-\" srcset=\"https:\/\/mouldking.store\/wp-content\/uploads\/2022\/09\/Movie-MOC-117976-The-Orville-USS-Orville-ECV-197-MOCBRICKLAND-11.jpg 800w, https:\/\/mouldking.store\/wp-content\/uploads\/2022\/09\/Movie-MOC-117976-The-Orville-USS-Orville-ECV-197-MOCBRICKLAND-11-300x300.jpg 300w, https:\/\/mouldking.store\/wp-content\/uploads\/2022\/09\/Movie-MOC-117976-The-Orville-USS-Orville-ECV-197-MOCBRICKLAND-11-768x768.jpg 768w, https:\/\/mouldking.store\/wp-content\/uploads\/2022\/09\/Movie-MOC-117976-The-Orville-USS-Orville-ECV-197-MOCBRICKLAND-11-600x600.jpg 600w, https:\/\/mouldking.store\/wp-content\/uploads\/2022\/09\/Movie-MOC-117976-The-Orville-USS-Orville-ECV-197-MOCBRICKLAND-11-150x150.jpg 150w, https:\/\/mouldking.store\/wp-content\/uploads\/2022\/09\/Movie-MOC-117976-The-Orville-USS-Orville-ECV-197-MOCBRICKLAND-11-60x60.jpg 60w, https:\/\/mouldking.store\/wp-content\/uploads\/2022\/09\/Movie-MOC-117976-The-Orville-USS-Orville-ECV-197-MOCBRICKLAND-11-90x90.jpg 90w\" sizes=\"(max-width: 800px) 100vw, 800px\" \/><figcaption id=\"caption-attachment-32729\" class=\"wp-caption-text\">MOC-117976 Orville USS Orville ECV-197 med 757 stykker<\/figcaption><\/figure>\n<figure id=\"attachment_32727\" aria-describedby=\"caption-attachment-32727\" style=\"width: 800px\" class=\"wp-caption aligncenter\"><img decoding=\"async\" class=\"wp-image-32727 size-full\" src=\"https:\/\/mouldking.store\/wp-content\/uploads\/2022\/09\/Movie-MOC-117976-The-Orville-USS-Orville-ECV-197-MOCBRICKLAND-12.jpg\" alt=\"MOC-117976 The Orville USS Orville ECV-197 with 757 Pieces\" width=\"800\" height=\"800\" title=\"-\" srcset=\"https:\/\/mouldking.store\/wp-content\/uploads\/2022\/09\/Movie-MOC-117976-The-Orville-USS-Orville-ECV-197-MOCBRICKLAND-12.jpg 800w, https:\/\/mouldking.store\/wp-content\/uploads\/2022\/09\/Movie-MOC-117976-The-Orville-USS-Orville-ECV-197-MOCBRICKLAND-12-300x300.jpg 300w, https:\/\/mouldking.store\/wp-content\/uploads\/2022\/09\/Movie-MOC-117976-The-Orville-USS-Orville-ECV-197-MOCBRICKLAND-12-768x768.jpg 768w, https:\/\/mouldking.store\/wp-content\/uploads\/2022\/09\/Movie-MOC-117976-The-Orville-USS-Orville-ECV-197-MOCBRICKLAND-12-600x600.jpg 600w, https:\/\/mouldking.store\/wp-content\/uploads\/2022\/09\/Movie-MOC-117976-The-Orville-USS-Orville-ECV-197-MOCBRICKLAND-12-150x150.jpg 150w, https:\/\/mouldking.store\/wp-content\/uploads\/2022\/09\/Movie-MOC-117976-The-Orville-USS-Orville-ECV-197-MOCBRICKLAND-12-60x60.jpg 60w, https:\/\/mouldking.store\/wp-content\/uploads\/2022\/09\/Movie-MOC-117976-The-Orville-USS-Orville-ECV-197-MOCBRICKLAND-12-90x90.jpg 90w\" sizes=\"(max-width: 800px) 100vw, 800px\" \/><figcaption id=\"caption-attachment-32727\" class=\"wp-caption-text\">MOC-117976 Orville USS Orville ECV-197 med 757 stykker<\/figcaption><\/figure>\n<figure id=\"attachment_32724\" aria-describedby=\"caption-attachment-32724\" style=\"width: 800px\" class=\"wp-caption aligncenter\"><img decoding=\"async\" class=\"wp-image-32724 size-full\" src=\"https:\/\/mouldking.store\/wp-content\/uploads\/2022\/09\/Movie-MOC-117976-The-Orville-USS-Orville-ECV-197-MOCBRICKLAND-4.jpg\" alt=\"MOC-117976 The Orville USS Orville ECV-197 with 757 Pieces\" width=\"800\" height=\"800\" title=\"-\" srcset=\"https:\/\/mouldking.store\/wp-content\/uploads\/2022\/09\/Movie-MOC-117976-The-Orville-USS-Orville-ECV-197-MOCBRICKLAND-4.jpg 800w, https:\/\/mouldking.store\/wp-content\/uploads\/2022\/09\/Movie-MOC-117976-The-Orville-USS-Orville-ECV-197-MOCBRICKLAND-4-300x300.jpg 300w, https:\/\/mouldking.store\/wp-content\/uploads\/2022\/09\/Movie-MOC-117976-The-Orville-USS-Orville-ECV-197-MOCBRICKLAND-4-768x768.jpg 768w, https:\/\/mouldking.store\/wp-content\/uploads\/2022\/09\/Movie-MOC-117976-The-Orville-USS-Orville-ECV-197-MOCBRICKLAND-4-600x600.jpg 600w, https:\/\/mouldking.store\/wp-content\/uploads\/2022\/09\/Movie-MOC-117976-The-Orville-USS-Orville-ECV-197-MOCBRICKLAND-4-150x150.jpg 150w, https:\/\/mouldking.store\/wp-content\/uploads\/2022\/09\/Movie-MOC-117976-The-Orville-USS-Orville-ECV-197-MOCBRICKLAND-4-60x60.jpg 60w, https:\/\/mouldking.store\/wp-content\/uploads\/2022\/09\/Movie-MOC-117976-The-Orville-USS-Orville-ECV-197-MOCBRICKLAND-4-90x90.jpg 90w\" sizes=\"(max-width: 800px) 100vw, 800px\" \/><figcaption id=\"caption-attachment-32724\" class=\"wp-caption-text\">MOC-117976 Orville USS Orville ECV-197 med 757 stykker<\/figcaption><\/figure>\n<figure id=\"attachment_32725\" aria-describedby=\"caption-attachment-32725\" style=\"width: 800px\" class=\"wp-caption aligncenter\"><img loading=\"lazy\" decoding=\"async\" class=\"wp-image-32725 size-full\" src=\"https:\/\/mouldking.store\/wp-content\/uploads\/2022\/09\/Movie-MOC-117976-The-Orville-USS-Orville-ECV-197-MOCBRICKLAND-3.jpg\" alt=\"MOC-117976 The Orville USS Orville ECV-197 with 757 Pieces\" width=\"800\" height=\"800\" title=\"-\" srcset=\"https:\/\/mouldking.store\/wp-content\/uploads\/2022\/09\/Movie-MOC-117976-The-Orville-USS-Orville-ECV-197-MOCBRICKLAND-3.jpg 800w, https:\/\/mouldking.store\/wp-content\/uploads\/2022\/09\/Movie-MOC-117976-The-Orville-USS-Orville-ECV-197-MOCBRICKLAND-3-300x300.jpg 300w, https:\/\/mouldking.store\/wp-content\/uploads\/2022\/09\/Movie-MOC-117976-The-Orville-USS-Orville-ECV-197-MOCBRICKLAND-3-768x768.jpg 768w, https:\/\/mouldking.store\/wp-content\/uploads\/2022\/09\/Movie-MOC-117976-The-Orville-USS-Orville-ECV-197-MOCBRICKLAND-3-600x600.jpg 600w, https:\/\/mouldking.store\/wp-content\/uploads\/2022\/09\/Movie-MOC-117976-The-Orville-USS-Orville-ECV-197-MOCBRICKLAND-3-150x150.jpg 150w, https:\/\/mouldking.store\/wp-content\/uploads\/2022\/09\/Movie-MOC-117976-The-Orville-USS-Orville-ECV-197-MOCBRICKLAND-3-60x60.jpg 60w, https:\/\/mouldking.store\/wp-content\/uploads\/2022\/09\/Movie-MOC-117976-The-Orville-USS-Orville-ECV-197-MOCBRICKLAND-3-90x90.jpg 90w\" sizes=\"(max-width: 800px) 100vw, 800px\" \/><figcaption id=\"caption-attachment-32725\" class=\"wp-caption-text\">MOC-117976 Orville USS Orville ECV-197 med 757 stykker<\/figcaption><\/figure>\n<figure id=\"attachment_32726\" aria-describedby=\"caption-attachment-32726\" style=\"width: 800px\" class=\"wp-caption aligncenter\"><img loading=\"lazy\" decoding=\"async\" class=\"wp-image-32726 size-full\" src=\"https:\/\/mouldking.store\/wp-content\/uploads\/2022\/09\/Movie-MOC-117976-The-Orville-USS-Orville-ECV-197-MOCBRICKLAND-2.jpg\" alt=\"MOC-117976 The Orville USS Orville ECV-197 with 757 Pieces\" width=\"800\" height=\"800\" title=\"-\" srcset=\"https:\/\/mouldking.store\/wp-content\/uploads\/2022\/09\/Movie-MOC-117976-The-Orville-USS-Orville-ECV-197-MOCBRICKLAND-2.jpg 800w, https:\/\/mouldking.store\/wp-content\/uploads\/2022\/09\/Movie-MOC-117976-The-Orville-USS-Orville-ECV-197-MOCBRICKLAND-2-300x300.jpg 300w, https:\/\/mouldking.store\/wp-content\/uploads\/2022\/09\/Movie-MOC-117976-The-Orville-USS-Orville-ECV-197-MOCBRICKLAND-2-768x768.jpg 768w, https:\/\/mouldking.store\/wp-content\/uploads\/2022\/09\/Movie-MOC-117976-The-Orville-USS-Orville-ECV-197-MOCBRICKLAND-2-600x600.jpg 600w, https:\/\/mouldking.store\/wp-content\/uploads\/2022\/09\/Movie-MOC-117976-The-Orville-USS-Orville-ECV-197-MOCBRICKLAND-2-150x150.jpg 150w, https:\/\/mouldking.store\/wp-content\/uploads\/2022\/09\/Movie-MOC-117976-The-Orville-USS-Orville-ECV-197-MOCBRICKLAND-2-60x60.jpg 60w, https:\/\/mouldking.store\/wp-content\/uploads\/2022\/09\/Movie-MOC-117976-The-Orville-USS-Orville-ECV-197-MOCBRICKLAND-2-90x90.jpg 90w\" sizes=\"(max-width: 800px) 100vw, 800px\" \/><figcaption id=\"caption-attachment-32726\" class=\"wp-caption-text\">MOC-117976 Orville USS Orville ECV-197 med 757 stykker<\/figcaption><\/figure>\n<figure id=\"attachment_32723\" aria-describedby=\"caption-attachment-32723\" style=\"width: 800px\" class=\"wp-caption aligncenter\"><img loading=\"lazy\" decoding=\"async\" class=\"wp-image-32723 size-full\" src=\"https:\/\/mouldking.store\/wp-content\/uploads\/2022\/09\/Movie-MOC-117976-The-Orville-USS-Orville-ECV-197-MOCBRICKLAND-5.jpg\" alt=\"MOC-117976 The Orville USS Orville ECV-197 with 757 Pieces\" width=\"800\" height=\"800\" title=\"-\" srcset=\"https:\/\/mouldking.store\/wp-content\/uploads\/2022\/09\/Movie-MOC-117976-The-Orville-USS-Orville-ECV-197-MOCBRICKLAND-5.jpg 800w, https:\/\/mouldking.store\/wp-content\/uploads\/2022\/09\/Movie-MOC-117976-The-Orville-USS-Orville-ECV-197-MOCBRICKLAND-5-300x300.jpg 300w, https:\/\/mouldking.store\/wp-content\/uploads\/2022\/09\/Movie-MOC-117976-The-Orville-USS-Orville-ECV-197-MOCBRICKLAND-5-768x768.jpg 768w, https:\/\/mouldking.store\/wp-content\/uploads\/2022\/09\/Movie-MOC-117976-The-Orville-USS-Orville-ECV-197-MOCBRICKLAND-5-600x600.jpg 600w, https:\/\/mouldking.store\/wp-content\/uploads\/2022\/09\/Movie-MOC-117976-The-Orville-USS-Orville-ECV-197-MOCBRICKLAND-5-150x150.jpg 150w, https:\/\/mouldking.store\/wp-content\/uploads\/2022\/09\/Movie-MOC-117976-The-Orville-USS-Orville-ECV-197-MOCBRICKLAND-5-60x60.jpg 60w, https:\/\/mouldking.store\/wp-content\/uploads\/2022\/09\/Movie-MOC-117976-The-Orville-USS-Orville-ECV-197-MOCBRICKLAND-5-90x90.jpg 90w\" sizes=\"(max-width: 800px) 100vw, 800px\" \/><figcaption id=\"caption-attachment-32723\" class=\"wp-caption-text\">MOC-117976 Orville USS Orville ECV-197 med 757 stykker<\/figcaption><\/figure>\n<figure id=\"attachment_32730\" aria-describedby=\"caption-attachment-32730\" style=\"width: 800px\" class=\"wp-caption aligncenter\"><img loading=\"lazy\" decoding=\"async\" class=\"wp-image-32730 size-full\" src=\"https:\/\/mouldking.store\/wp-content\/uploads\/2022\/09\/Movie-MOC-117976-The-Orville-USS-Orville-ECV-197-MOCBRICKLAND-10.jpg\" alt=\"MOC-117976 The Orville USS Orville ECV-197 with 757 Pieces\" width=\"800\" height=\"800\" title=\"-\" srcset=\"https:\/\/mouldking.store\/wp-content\/uploads\/2022\/09\/Movie-MOC-117976-The-Orville-USS-Orville-ECV-197-MOCBRICKLAND-10.jpg 800w, https:\/\/mouldking.store\/wp-content\/uploads\/2022\/09\/Movie-MOC-117976-The-Orville-USS-Orville-ECV-197-MOCBRICKLAND-10-300x300.jpg 300w, https:\/\/mouldking.store\/wp-content\/uploads\/2022\/09\/Movie-MOC-117976-The-Orville-USS-Orville-ECV-197-MOCBRICKLAND-10-768x768.jpg 768w, https:\/\/mouldking.store\/wp-content\/uploads\/2022\/09\/Movie-MOC-117976-The-Orville-USS-Orville-ECV-197-MOCBRICKLAND-10-600x600.jpg 600w, https:\/\/mouldking.store\/wp-content\/uploads\/2022\/09\/Movie-MOC-117976-The-Orville-USS-Orville-ECV-197-MOCBRICKLAND-10-150x150.jpg 150w, https:\/\/mouldking.store\/wp-content\/uploads\/2022\/09\/Movie-MOC-117976-The-Orville-USS-Orville-ECV-197-MOCBRICKLAND-10-60x60.jpg 60w, https:\/\/mouldking.store\/wp-content\/uploads\/2022\/09\/Movie-MOC-117976-The-Orville-USS-Orville-ECV-197-MOCBRICKLAND-10-90x90.jpg 90w\" sizes=\"(max-width: 800px) 100vw, 800px\" \/><figcaption id=\"caption-attachment-32730\" class=\"wp-caption-text\">MOC-117976 Orville USS Orville ECV-197 med 757 stykker<\/figcaption><\/figure>\n<figure id=\"attachment_32721\" aria-describedby=\"caption-attachment-32721\" style=\"width: 800px\" class=\"wp-caption aligncenter\"><img loading=\"lazy\" decoding=\"async\" class=\"wp-image-32721 size-full\" src=\"https:\/\/mouldking.store\/wp-content\/uploads\/2022\/09\/Movie-MOC-117976-The-Orville-USS-Orville-ECV-197-MOCBRICKLAND-7.jpg\" alt=\"MOC-117976 The Orville USS Orville ECV-197 with 757 Pieces\" width=\"800\" height=\"800\" title=\"-\" srcset=\"https:\/\/mouldking.store\/wp-content\/uploads\/2022\/09\/Movie-MOC-117976-The-Orville-USS-Orville-ECV-197-MOCBRICKLAND-7.jpg 800w, https:\/\/mouldking.store\/wp-content\/uploads\/2022\/09\/Movie-MOC-117976-The-Orville-USS-Orville-ECV-197-MOCBRICKLAND-7-300x300.jpg 300w, https:\/\/mouldking.store\/wp-content\/uploads\/2022\/09\/Movie-MOC-117976-The-Orville-USS-Orville-ECV-197-MOCBRICKLAND-7-768x768.jpg 768w, https:\/\/mouldking.store\/wp-content\/uploads\/2022\/09\/Movie-MOC-117976-The-Orville-USS-Orville-ECV-197-MOCBRICKLAND-7-600x600.jpg 600w, https:\/\/mouldking.store\/wp-content\/uploads\/2022\/09\/Movie-MOC-117976-The-Orville-USS-Orville-ECV-197-MOCBRICKLAND-7-150x150.jpg 150w, https:\/\/mouldking.store\/wp-content\/uploads\/2022\/09\/Movie-MOC-117976-The-Orville-USS-Orville-ECV-197-MOCBRICKLAND-7-60x60.jpg 60w, https:\/\/mouldking.store\/wp-content\/uploads\/2022\/09\/Movie-MOC-117976-The-Orville-USS-Orville-ECV-197-MOCBRICKLAND-7-90x90.jpg 90w\" sizes=\"(max-width: 800px) 100vw, 800px\" \/><figcaption id=\"caption-attachment-32721\" class=\"wp-caption-text\">MOC-117976 Orville USS Orville ECV-197 med 757 stykker<\/figcaption><\/figure>\n<figure id=\"attachment_32731\" aria-describedby=\"caption-attachment-32731\" style=\"width: 800px\" class=\"wp-caption aligncenter\"><img loading=\"lazy\" decoding=\"async\" class=\"wp-image-32731 size-full\" src=\"https:\/\/mouldking.store\/wp-content\/uploads\/2022\/09\/Movie-MOC-117976-The-Orville-USS-Orville-ECV-197-MOCBRICKLAND-9.jpg\" alt=\"MOC-117976 The Orville USS Orville ECV-197 with 757 Pieces\" width=\"800\" height=\"800\" title=\"-\" srcset=\"https:\/\/mouldking.store\/wp-content\/uploads\/2022\/09\/Movie-MOC-117976-The-Orville-USS-Orville-ECV-197-MOCBRICKLAND-9.jpg 800w, https:\/\/mouldking.store\/wp-content\/uploads\/2022\/09\/Movie-MOC-117976-The-Orville-USS-Orville-ECV-197-MOCBRICKLAND-9-300x300.jpg 300w, https:\/\/mouldking.store\/wp-content\/uploads\/2022\/09\/Movie-MOC-117976-The-Orville-USS-Orville-ECV-197-MOCBRICKLAND-9-768x768.jpg 768w, https:\/\/mouldking.store\/wp-content\/uploads\/2022\/09\/Movie-MOC-117976-The-Orville-USS-Orville-ECV-197-MOCBRICKLAND-9-600x600.jpg 600w, https:\/\/mouldking.store\/wp-content\/uploads\/2022\/09\/Movie-MOC-117976-The-Orville-USS-Orville-ECV-197-MOCBRICKLAND-9-150x150.jpg 150w, https:\/\/mouldking.store\/wp-content\/uploads\/2022\/09\/Movie-MOC-117976-The-Orville-USS-Orville-ECV-197-MOCBRICKLAND-9-60x60.jpg 60w, https:\/\/mouldking.store\/wp-content\/uploads\/2022\/09\/Movie-MOC-117976-The-Orville-USS-Orville-ECV-197-MOCBRICKLAND-9-90x90.jpg 90w\" sizes=\"(max-width: 800px) 100vw, 800px\" \/><figcaption id=\"caption-attachment-32731\" class=\"wp-caption-text\">MOC-117976 Orville USS Orville ECV-197 med 757 stykker<\/figcaption><\/figure>\n<figure id=\"attachment_32732\" aria-describedby=\"caption-attachment-32732\" style=\"width: 800px\" class=\"wp-caption aligncenter\"><img loading=\"lazy\" decoding=\"async\" class=\"wp-image-32732 size-full\" src=\"https:\/\/mouldking.store\/wp-content\/uploads\/2022\/09\/Movie-MOC-117976-The-Orville-USS-Orville-ECV-197-MOCBRICKLAND-8.jpg\" alt=\"MOC-117976 The Orville USS Orville ECV-197 with 757 Pieces\" width=\"800\" height=\"800\" title=\"-\" srcset=\"https:\/\/mouldking.store\/wp-content\/uploads\/2022\/09\/Movie-MOC-117976-The-Orville-USS-Orville-ECV-197-MOCBRICKLAND-8.jpg 800w, https:\/\/mouldking.store\/wp-content\/uploads\/2022\/09\/Movie-MOC-117976-The-Orville-USS-Orville-ECV-197-MOCBRICKLAND-8-300x300.jpg 300w, https:\/\/mouldking.store\/wp-content\/uploads\/2022\/09\/Movie-MOC-117976-The-Orville-USS-Orville-ECV-197-MOCBRICKLAND-8-768x768.jpg 768w, https:\/\/mouldking.store\/wp-content\/uploads\/2022\/09\/Movie-MOC-117976-The-Orville-USS-Orville-ECV-197-MOCBRICKLAND-8-600x600.jpg 600w, https:\/\/mouldking.store\/wp-content\/uploads\/2022\/09\/Movie-MOC-117976-The-Orville-USS-Orville-ECV-197-MOCBRICKLAND-8-150x150.jpg 150w, https:\/\/mouldking.store\/wp-content\/uploads\/2022\/09\/Movie-MOC-117976-The-Orville-USS-Orville-ECV-197-MOCBRICKLAND-8-60x60.jpg 60w, https:\/\/mouldking.store\/wp-content\/uploads\/2022\/09\/Movie-MOC-117976-The-Orville-USS-Orville-ECV-197-MOCBRICKLAND-8-90x90.jpg 90w\" sizes=\"(max-width: 800px) 100vw, 800px\" \/><figcaption id=\"caption-attachment-32732\" class=\"wp-caption-text\">MOC-117976 Orville USS Orville ECV-197 med 757 stykker<\/figcaption><\/figure>\n<figure id=\"attachment_32728\" aria-describedby=\"caption-attachment-32728\" style=\"width: 800px\" class=\"wp-caption aligncenter\"><img loading=\"lazy\" decoding=\"async\" class=\"wp-image-32728 size-full\" src=\"https:\/\/mouldking.store\/wp-content\/uploads\/2022\/09\/Movie-MOC-117976-The-Orville-USS-Orville-ECV-197-MOCBRICKLAND-1.jpg\" alt=\"MOC-117976 The Orville USS Orville ECV-197 with 757 Pieces\" width=\"800\" height=\"800\" title=\"-\" srcset=\"https:\/\/mouldking.store\/wp-content\/uploads\/2022\/09\/Movie-MOC-117976-The-Orville-USS-Orville-ECV-197-MOCBRICKLAND-1.jpg 800w, https:\/\/mouldking.store\/wp-content\/uploads\/2022\/09\/Movie-MOC-117976-The-Orville-USS-Orville-ECV-197-MOCBRICKLAND-1-300x300.jpg 300w, https:\/\/mouldking.store\/wp-content\/uploads\/2022\/09\/Movie-MOC-117976-The-Orville-USS-Orville-ECV-197-MOCBRICKLAND-1-768x768.jpg 768w, https:\/\/mouldking.store\/wp-content\/uploads\/2022\/09\/Movie-MOC-117976-The-Orville-USS-Orville-ECV-197-MOCBRICKLAND-1-600x600.jpg 600w, https:\/\/mouldking.store\/wp-content\/uploads\/2022\/09\/Movie-MOC-117976-The-Orville-USS-Orville-ECV-197-MOCBRICKLAND-1-150x150.jpg 150w, https:\/\/mouldking.store\/wp-content\/uploads\/2022\/09\/Movie-MOC-117976-The-Orville-USS-Orville-ECV-197-MOCBRICKLAND-1-60x60.jpg 60w, https:\/\/mouldking.store\/wp-content\/uploads\/2022\/09\/Movie-MOC-117976-The-Orville-USS-Orville-ECV-197-MOCBRICKLAND-1-90x90.jpg 90w\" sizes=\"(max-width: 800px) 100vw, 800px\" \/><figcaption id=\"caption-attachment-32728\" class=\"wp-caption-text\">MOC-117976 Orville USS Orville ECV-197 med 757 stykker<\/figcaption><\/figure>","protected":false},"excerpt":{"rendered":"<p>Product information: Brand: MOC Gender: Unisex Name: The Orville USS Orville ECV-197 Age Range: &gt; 6 years old Model Number: C9128 Classification: Assemblage Plastic Block Shape: Self-Locking Bricks Material: Plastic Plastic Type: ABS Bricks Blocks: 757 PCS Dimensions: 42.6 x 12.8 x 12.2 cm Weight: 0.7 kg Contains detailed assembly instructions. Notice: 1. Without an [&hellip;]<\/p>","protected":false},"featured_media":32729,"comment_status":"closed","ping_status":"closed","template":"","meta":{"_acf_changed":false},"product_cat":[581],"product_tag":[5976,5975,5978,5979,5977],"class_list":["product","first","instock","shipping-taxable","purchasable","product-type-simple"],"acf":[],"_links":{"self":[{"href":"https:\/\/mouldking.store\/nb\/wp-json\/wp\/v2\/product\/32720","targetHints":{"allow":["GET"]}}],"collection":[{"href":"https:\/\/mouldking.store\/nb\/wp-json\/wp\/v2\/product"}],"about":[{"href":"https:\/\/mouldking.store\/nb\/wp-json\/wp\/v2\/types\/product"}],"replies":[{"embeddable":true,"href":"https:\/\/mouldking.store\/nb\/wp-json\/wp\/v2\/comments?post=32720"}],"wp:featuredmedia":[{"embeddable":true,"href":"https:\/\/mouldking.store\/nb\/wp-json\/wp\/v2\/media\/32729"}],"wp:attachment":[{"href":"https:\/\/mouldking.store\/nb\/wp-json\/wp\/v2\/media?parent=32720"}],"wp:term":[{"taxonomy":"product_cat","embeddable":true,"href":"https:\/\/mouldking.store\/nb\/wp-json\/wp\/v2\/product_cat?post=32720"},{"taxonomy":"product_tag","embeddable":true,"href":"https:\/\/mouldking.store\/nb\/wp-json\/wp\/v2\/product_tag?post=32720"}],"curies":[{"name":"wp","href":"https:\/\/api.w.org\/{rel}","templated":true}]}}