{"id":32733,"date":"2022-09-28T15:25:33","date_gmt":"2022-09-28T08:25:33","guid":{"rendered":"https:\/\/mouldking.store\/?post_type=product&#038;p=32733"},"modified":"2025-12-25T09:12:26","modified_gmt":"2025-12-25T02:12:26","slug":"moc-77613-james-webb-space-telescope-jwst-125-scale-with-4514-pieces","status":"publish","type":"product","link":"https:\/\/mouldking.store\/nb\/shop\/moc-77613-james-webb-space-telescope-jwst-125-scale-with-4514-pieces\/","title":{"rendered":"MOC-77613 James Webb Space Telescope (JWST) 1:25 skala med 4514 stykker"},"content":{"rendered":"<p>Produktinformasjon:<\/p>\n<ol>\n<li>Merke: MOC<\/li>\n<li>Kj\u00f8nn: Unisex<\/li>\n<li>Name: James Webb Space Telescope (JWST) 1:25 Scale<\/li>\n<li>Aldersgruppe: &gt; 6 \u00e5r gammel<\/li>\n<li>Model Number: C9125<\/li>\n<li>Klassifisering: Montering<\/li>\n<li>Plastblokkform: Selvl\u00e5sende murstein<\/li>\n<li>Materiale: Plast<\/li>\n<li>Plasttype: ABS<\/li>\n<li>Bricks Blocks: 4514 PCS<\/li>\n<li>Dimensions: 66.3 x 32.7 x 44.8 cm<\/li>\n<li>Weight: 3.58 kg<\/li>\n<li>Inneholder detaljerte monteringsanvisninger.<\/li>\n<\/ol>\n<p>Legge merke til:<br \/>\n1. Uten original eske, men vi garanterer at v\u00e5re produkter har kvalitetssikring og pen emballasje.<br \/>\n2. Som alle delene vi har sjekket f\u00f8r frakt, s\u00e5 hvis du finner noen deler savnet eller skadet, ikke bekymre deg og bare kontakt oss, s\u00e5 kan vi sende dem til deg p\u00e5 nytt umiddelbart gratis.<\/p>\n<p>&nbsp;<\/p>\n<figure id=\"attachment_32744\" aria-describedby=\"caption-attachment-32744\" style=\"width: 800px\" class=\"wp-caption aligncenter\"><img fetchpriority=\"high\" decoding=\"async\" class=\"wp-image-32744 size-full\" src=\"https:\/\/mouldking.store\/wp-content\/uploads\/2022\/09\/Space-MOC-77613-James-Webb-Space-Telescope-JWST-125-Scale-MOCBRICKLAND-6.jpg\" alt=\"MOC-77613 James Webb Space Telescope (JWST) 1:25 Scale with 4514 Pieces\" width=\"800\" height=\"800\" title=\"-\" srcset=\"https:\/\/mouldking.store\/wp-content\/uploads\/2022\/09\/Space-MOC-77613-James-Webb-Space-Telescope-JWST-125-Scale-MOCBRICKLAND-6.jpg 800w, https:\/\/mouldking.store\/wp-content\/uploads\/2022\/09\/Space-MOC-77613-James-Webb-Space-Telescope-JWST-125-Scale-MOCBRICKLAND-6-300x300.jpg 300w, https:\/\/mouldking.store\/wp-content\/uploads\/2022\/09\/Space-MOC-77613-James-Webb-Space-Telescope-JWST-125-Scale-MOCBRICKLAND-6-768x768.jpg 768w, https:\/\/mouldking.store\/wp-content\/uploads\/2022\/09\/Space-MOC-77613-James-Webb-Space-Telescope-JWST-125-Scale-MOCBRICKLAND-6-600x600.jpg 600w, https:\/\/mouldking.store\/wp-content\/uploads\/2022\/09\/Space-MOC-77613-James-Webb-Space-Telescope-JWST-125-Scale-MOCBRICKLAND-6-150x150.jpg 150w, https:\/\/mouldking.store\/wp-content\/uploads\/2022\/09\/Space-MOC-77613-James-Webb-Space-Telescope-JWST-125-Scale-MOCBRICKLAND-6-60x60.jpg 60w, https:\/\/mouldking.store\/wp-content\/uploads\/2022\/09\/Space-MOC-77613-James-Webb-Space-Telescope-JWST-125-Scale-MOCBRICKLAND-6-90x90.jpg 90w\" sizes=\"(max-width: 800px) 100vw, 800px\" \/><figcaption id=\"caption-attachment-32744\" class=\"wp-caption-text\">MOC-77613 James Webb Space Telescope (JWST) 1:25 skala med 4514 stykker<\/figcaption><\/figure>\n<figure id=\"attachment_32745\" aria-describedby=\"caption-attachment-32745\" style=\"width: 800px\" class=\"wp-caption aligncenter\"><img decoding=\"async\" class=\"wp-image-32745 size-full\" src=\"https:\/\/mouldking.store\/wp-content\/uploads\/2022\/09\/Space-MOC-77613-James-Webb-Space-Telescope-JWST-125-Scale-MOCBRICKLAND-4.jpg\" alt=\"MOC-77613 James Webb Space Telescope (JWST) 1:25 Scale with 4514 Pieces\" width=\"800\" height=\"800\" title=\"-\" srcset=\"https:\/\/mouldking.store\/wp-content\/uploads\/2022\/09\/Space-MOC-77613-James-Webb-Space-Telescope-JWST-125-Scale-MOCBRICKLAND-4.jpg 800w, https:\/\/mouldking.store\/wp-content\/uploads\/2022\/09\/Space-MOC-77613-James-Webb-Space-Telescope-JWST-125-Scale-MOCBRICKLAND-4-300x300.jpg 300w, https:\/\/mouldking.store\/wp-content\/uploads\/2022\/09\/Space-MOC-77613-James-Webb-Space-Telescope-JWST-125-Scale-MOCBRICKLAND-4-768x768.jpg 768w, https:\/\/mouldking.store\/wp-content\/uploads\/2022\/09\/Space-MOC-77613-James-Webb-Space-Telescope-JWST-125-Scale-MOCBRICKLAND-4-600x600.jpg 600w, https:\/\/mouldking.store\/wp-content\/uploads\/2022\/09\/Space-MOC-77613-James-Webb-Space-Telescope-JWST-125-Scale-MOCBRICKLAND-4-150x150.jpg 150w, https:\/\/mouldking.store\/wp-content\/uploads\/2022\/09\/Space-MOC-77613-James-Webb-Space-Telescope-JWST-125-Scale-MOCBRICKLAND-4-60x60.jpg 60w, https:\/\/mouldking.store\/wp-content\/uploads\/2022\/09\/Space-MOC-77613-James-Webb-Space-Telescope-JWST-125-Scale-MOCBRICKLAND-4-90x90.jpg 90w\" sizes=\"(max-width: 800px) 100vw, 800px\" \/><figcaption id=\"caption-attachment-32745\" class=\"wp-caption-text\">MOC-77613 James Webb Space Telescope (JWST) 1:25 skala med 4514 stykker<\/figcaption><\/figure>\n<figure id=\"attachment_32743\" aria-describedby=\"caption-attachment-32743\" style=\"width: 800px\" class=\"wp-caption aligncenter\"><img decoding=\"async\" class=\"wp-image-32743 size-full\" src=\"https:\/\/mouldking.store\/wp-content\/uploads\/2022\/09\/Space-MOC-77613-James-Webb-Space-Telescope-JWST-125-Scale-MOCBRICKLAND-5.jpg\" alt=\"MOC-77613 James Webb Space Telescope (JWST) 1:25 Scale with 4514 Pieces\" width=\"800\" height=\"800\" title=\"-\" srcset=\"https:\/\/mouldking.store\/wp-content\/uploads\/2022\/09\/Space-MOC-77613-James-Webb-Space-Telescope-JWST-125-Scale-MOCBRICKLAND-5.jpg 800w, https:\/\/mouldking.store\/wp-content\/uploads\/2022\/09\/Space-MOC-77613-James-Webb-Space-Telescope-JWST-125-Scale-MOCBRICKLAND-5-300x300.jpg 300w, https:\/\/mouldking.store\/wp-content\/uploads\/2022\/09\/Space-MOC-77613-James-Webb-Space-Telescope-JWST-125-Scale-MOCBRICKLAND-5-768x768.jpg 768w, https:\/\/mouldking.store\/wp-content\/uploads\/2022\/09\/Space-MOC-77613-James-Webb-Space-Telescope-JWST-125-Scale-MOCBRICKLAND-5-600x600.jpg 600w, https:\/\/mouldking.store\/wp-content\/uploads\/2022\/09\/Space-MOC-77613-James-Webb-Space-Telescope-JWST-125-Scale-MOCBRICKLAND-5-150x150.jpg 150w, https:\/\/mouldking.store\/wp-content\/uploads\/2022\/09\/Space-MOC-77613-James-Webb-Space-Telescope-JWST-125-Scale-MOCBRICKLAND-5-60x60.jpg 60w, https:\/\/mouldking.store\/wp-content\/uploads\/2022\/09\/Space-MOC-77613-James-Webb-Space-Telescope-JWST-125-Scale-MOCBRICKLAND-5-90x90.jpg 90w\" sizes=\"(max-width: 800px) 100vw, 800px\" \/><figcaption id=\"caption-attachment-32743\" class=\"wp-caption-text\">MOC-77613 James Webb Space Telescope (JWST) 1:25 skala med 4514 stykker<\/figcaption><\/figure>\n<figure id=\"attachment_32741\" aria-describedby=\"caption-attachment-32741\" style=\"width: 800px\" class=\"wp-caption aligncenter\"><img loading=\"lazy\" decoding=\"async\" class=\"wp-image-32741 size-full\" src=\"https:\/\/mouldking.store\/wp-content\/uploads\/2022\/09\/Space-MOC-77613-James-Webb-Space-Telescope-JWST-125-Scale-MOCBRICKLAND-10.jpg\" alt=\"MOC-77613 James Webb Space Telescope (JWST) 1:25 Scale with 4514 Pieces\" width=\"800\" height=\"800\" title=\"-\" srcset=\"https:\/\/mouldking.store\/wp-content\/uploads\/2022\/09\/Space-MOC-77613-James-Webb-Space-Telescope-JWST-125-Scale-MOCBRICKLAND-10.jpg 800w, https:\/\/mouldking.store\/wp-content\/uploads\/2022\/09\/Space-MOC-77613-James-Webb-Space-Telescope-JWST-125-Scale-MOCBRICKLAND-10-300x300.jpg 300w, https:\/\/mouldking.store\/wp-content\/uploads\/2022\/09\/Space-MOC-77613-James-Webb-Space-Telescope-JWST-125-Scale-MOCBRICKLAND-10-768x768.jpg 768w, https:\/\/mouldking.store\/wp-content\/uploads\/2022\/09\/Space-MOC-77613-James-Webb-Space-Telescope-JWST-125-Scale-MOCBRICKLAND-10-600x600.jpg 600w, https:\/\/mouldking.store\/wp-content\/uploads\/2022\/09\/Space-MOC-77613-James-Webb-Space-Telescope-JWST-125-Scale-MOCBRICKLAND-10-150x150.jpg 150w, https:\/\/mouldking.store\/wp-content\/uploads\/2022\/09\/Space-MOC-77613-James-Webb-Space-Telescope-JWST-125-Scale-MOCBRICKLAND-10-60x60.jpg 60w, https:\/\/mouldking.store\/wp-content\/uploads\/2022\/09\/Space-MOC-77613-James-Webb-Space-Telescope-JWST-125-Scale-MOCBRICKLAND-10-90x90.jpg 90w\" sizes=\"(max-width: 800px) 100vw, 800px\" \/><figcaption id=\"caption-attachment-32741\" class=\"wp-caption-text\">MOC-77613 James Webb Space Telescope (JWST) 1:25 skala med 4514 stykker<\/figcaption><\/figure>\n<figure id=\"attachment_32740\" aria-describedby=\"caption-attachment-32740\" style=\"width: 800px\" class=\"wp-caption aligncenter\"><img loading=\"lazy\" decoding=\"async\" class=\"wp-image-32740 size-full\" src=\"https:\/\/mouldking.store\/wp-content\/uploads\/2022\/09\/Space-MOC-77613-James-Webb-Space-Telescope-JWST-125-Scale-MOCBRICKLAND-8.jpg\" alt=\"MOC-77613 James Webb Space Telescope (JWST) 1:25 Scale with 4514 Pieces\" width=\"800\" height=\"800\" title=\"-\" srcset=\"https:\/\/mouldking.store\/wp-content\/uploads\/2022\/09\/Space-MOC-77613-James-Webb-Space-Telescope-JWST-125-Scale-MOCBRICKLAND-8.jpg 800w, https:\/\/mouldking.store\/wp-content\/uploads\/2022\/09\/Space-MOC-77613-James-Webb-Space-Telescope-JWST-125-Scale-MOCBRICKLAND-8-300x300.jpg 300w, https:\/\/mouldking.store\/wp-content\/uploads\/2022\/09\/Space-MOC-77613-James-Webb-Space-Telescope-JWST-125-Scale-MOCBRICKLAND-8-768x768.jpg 768w, https:\/\/mouldking.store\/wp-content\/uploads\/2022\/09\/Space-MOC-77613-James-Webb-Space-Telescope-JWST-125-Scale-MOCBRICKLAND-8-600x600.jpg 600w, https:\/\/mouldking.store\/wp-content\/uploads\/2022\/09\/Space-MOC-77613-James-Webb-Space-Telescope-JWST-125-Scale-MOCBRICKLAND-8-150x150.jpg 150w, https:\/\/mouldking.store\/wp-content\/uploads\/2022\/09\/Space-MOC-77613-James-Webb-Space-Telescope-JWST-125-Scale-MOCBRICKLAND-8-60x60.jpg 60w, https:\/\/mouldking.store\/wp-content\/uploads\/2022\/09\/Space-MOC-77613-James-Webb-Space-Telescope-JWST-125-Scale-MOCBRICKLAND-8-90x90.jpg 90w\" sizes=\"(max-width: 800px) 100vw, 800px\" \/><figcaption id=\"caption-attachment-32740\" class=\"wp-caption-text\">MOC-77613 James Webb Space Telescope (JWST) 1:25 skala med 4514 stykker<\/figcaption><\/figure>\n<figure id=\"attachment_32746\" aria-describedby=\"caption-attachment-32746\" style=\"width: 800px\" class=\"wp-caption aligncenter\"><img loading=\"lazy\" decoding=\"async\" class=\"wp-image-32746 size-full\" src=\"https:\/\/mouldking.store\/wp-content\/uploads\/2022\/09\/Space-MOC-77613-James-Webb-Space-Telescope-JWST-125-Scale-MOCBRICKLAND-12.jpg\" alt=\"MOC-77613 James Webb Space Telescope (JWST) 1:25 Scale with 4514 Pieces\" width=\"800\" height=\"800\" title=\"-\" srcset=\"https:\/\/mouldking.store\/wp-content\/uploads\/2022\/09\/Space-MOC-77613-James-Webb-Space-Telescope-JWST-125-Scale-MOCBRICKLAND-12.jpg 800w, https:\/\/mouldking.store\/wp-content\/uploads\/2022\/09\/Space-MOC-77613-James-Webb-Space-Telescope-JWST-125-Scale-MOCBRICKLAND-12-300x300.jpg 300w, https:\/\/mouldking.store\/wp-content\/uploads\/2022\/09\/Space-MOC-77613-James-Webb-Space-Telescope-JWST-125-Scale-MOCBRICKLAND-12-768x768.jpg 768w, https:\/\/mouldking.store\/wp-content\/uploads\/2022\/09\/Space-MOC-77613-James-Webb-Space-Telescope-JWST-125-Scale-MOCBRICKLAND-12-600x600.jpg 600w, https:\/\/mouldking.store\/wp-content\/uploads\/2022\/09\/Space-MOC-77613-James-Webb-Space-Telescope-JWST-125-Scale-MOCBRICKLAND-12-150x150.jpg 150w, https:\/\/mouldking.store\/wp-content\/uploads\/2022\/09\/Space-MOC-77613-James-Webb-Space-Telescope-JWST-125-Scale-MOCBRICKLAND-12-60x60.jpg 60w, https:\/\/mouldking.store\/wp-content\/uploads\/2022\/09\/Space-MOC-77613-James-Webb-Space-Telescope-JWST-125-Scale-MOCBRICKLAND-12-90x90.jpg 90w\" sizes=\"(max-width: 800px) 100vw, 800px\" \/><figcaption id=\"caption-attachment-32746\" class=\"wp-caption-text\">MOC-77613 James Webb Space Telescope (JWST) 1:25 skala med 4514 stykker<\/figcaption><\/figure>\n<figure id=\"attachment_32742\" aria-describedby=\"caption-attachment-32742\" style=\"width: 800px\" class=\"wp-caption aligncenter\"><img loading=\"lazy\" decoding=\"async\" class=\"wp-image-32742 size-full\" src=\"https:\/\/mouldking.store\/wp-content\/uploads\/2022\/09\/Space-MOC-77613-James-Webb-Space-Telescope-JWST-125-Scale-MOCBRICKLAND-14.jpg\" alt=\"MOC-77613 James Webb Space Telescope (JWST) 1:25 Scale with 4514 Pieces\" width=\"800\" height=\"800\" title=\"-\" srcset=\"https:\/\/mouldking.store\/wp-content\/uploads\/2022\/09\/Space-MOC-77613-James-Webb-Space-Telescope-JWST-125-Scale-MOCBRICKLAND-14.jpg 800w, https:\/\/mouldking.store\/wp-content\/uploads\/2022\/09\/Space-MOC-77613-James-Webb-Space-Telescope-JWST-125-Scale-MOCBRICKLAND-14-300x300.jpg 300w, https:\/\/mouldking.store\/wp-content\/uploads\/2022\/09\/Space-MOC-77613-James-Webb-Space-Telescope-JWST-125-Scale-MOCBRICKLAND-14-768x768.jpg 768w, https:\/\/mouldking.store\/wp-content\/uploads\/2022\/09\/Space-MOC-77613-James-Webb-Space-Telescope-JWST-125-Scale-MOCBRICKLAND-14-600x600.jpg 600w, https:\/\/mouldking.store\/wp-content\/uploads\/2022\/09\/Space-MOC-77613-James-Webb-Space-Telescope-JWST-125-Scale-MOCBRICKLAND-14-150x150.jpg 150w, https:\/\/mouldking.store\/wp-content\/uploads\/2022\/09\/Space-MOC-77613-James-Webb-Space-Telescope-JWST-125-Scale-MOCBRICKLAND-14-60x60.jpg 60w, https:\/\/mouldking.store\/wp-content\/uploads\/2022\/09\/Space-MOC-77613-James-Webb-Space-Telescope-JWST-125-Scale-MOCBRICKLAND-14-90x90.jpg 90w\" sizes=\"(max-width: 800px) 100vw, 800px\" \/><figcaption id=\"caption-attachment-32742\" class=\"wp-caption-text\">MOC-77613 James Webb Space Telescope (JWST) 1:25 skala med 4514 stykker<\/figcaption><\/figure>\n<figure id=\"attachment_32747\" aria-describedby=\"caption-attachment-32747\" style=\"width: 800px\" class=\"wp-caption aligncenter\"><img loading=\"lazy\" decoding=\"async\" class=\"wp-image-32747 size-full\" src=\"https:\/\/mouldking.store\/wp-content\/uploads\/2022\/09\/Space-MOC-77613-James-Webb-Space-Telescope-JWST-125-Scale-MOCBRICKLAND-1.jpg\" alt=\"MOC-77613 James Webb Space Telescope (JWST) 1:25 Scale with 4514 Pieces\" width=\"800\" height=\"1194\" title=\"-\" srcset=\"https:\/\/mouldking.store\/wp-content\/uploads\/2022\/09\/Space-MOC-77613-James-Webb-Space-Telescope-JWST-125-Scale-MOCBRICKLAND-1.jpg 800w, https:\/\/mouldking.store\/wp-content\/uploads\/2022\/09\/Space-MOC-77613-James-Webb-Space-Telescope-JWST-125-Scale-MOCBRICKLAND-1-201x300.jpg 201w, https:\/\/mouldking.store\/wp-content\/uploads\/2022\/09\/Space-MOC-77613-James-Webb-Space-Telescope-JWST-125-Scale-MOCBRICKLAND-1-686x1024.jpg 686w, https:\/\/mouldking.store\/wp-content\/uploads\/2022\/09\/Space-MOC-77613-James-Webb-Space-Telescope-JWST-125-Scale-MOCBRICKLAND-1-768x1146.jpg 768w, https:\/\/mouldking.store\/wp-content\/uploads\/2022\/09\/Space-MOC-77613-James-Webb-Space-Telescope-JWST-125-Scale-MOCBRICKLAND-1-300x448.jpg 300w, https:\/\/mouldking.store\/wp-content\/uploads\/2022\/09\/Space-MOC-77613-James-Webb-Space-Telescope-JWST-125-Scale-MOCBRICKLAND-1-600x896.jpg 600w, https:\/\/mouldking.store\/wp-content\/uploads\/2022\/09\/Space-MOC-77613-James-Webb-Space-Telescope-JWST-125-Scale-MOCBRICKLAND-1-101x150.jpg 101w, https:\/\/mouldking.store\/wp-content\/uploads\/2022\/09\/Space-MOC-77613-James-Webb-Space-Telescope-JWST-125-Scale-MOCBRICKLAND-1-40x60.jpg 40w, https:\/\/mouldking.store\/wp-content\/uploads\/2022\/09\/Space-MOC-77613-James-Webb-Space-Telescope-JWST-125-Scale-MOCBRICKLAND-1-60x90.jpg 60w\" sizes=\"(max-width: 800px) 100vw, 800px\" \/><figcaption id=\"caption-attachment-32747\" class=\"wp-caption-text\">MOC-77613 James Webb Space Telescope (JWST) 1:25 skala med 4514 stykker<\/figcaption><\/figure>","protected":false},"excerpt":{"rendered":"<p>Product information: Brand: MOC Gender: Unisex Name: James Webb Space Telescope (JWST) 1:25 Scale Age Range: &gt; 6 years old Model Number: C9125 Classification: Assemblage Plastic Block Shape: Self-Locking Bricks Material: Plastic Plastic Type: ABS Bricks Blocks: 4514 PCS Dimensions: 66.3 x 32.7 x 44.8 cm Weight: 3.58 kg Contains detailed assembly instructions. Notice: 1. [&hellip;]<\/p>","protected":false},"featured_media":32734,"comment_status":"closed","ping_status":"closed","template":"","meta":{"_acf_changed":false},"product_cat":[6016],"product_tag":[5987,5986,5988,5985,5984],"class_list":["product","first","instock","shipping-taxable","purchasable","product-type-simple"],"acf":[],"_links":{"self":[{"href":"https:\/\/mouldking.store\/nb\/wp-json\/wp\/v2\/product\/32733","targetHints":{"allow":["GET"]}}],"collection":[{"href":"https:\/\/mouldking.store\/nb\/wp-json\/wp\/v2\/product"}],"about":[{"href":"https:\/\/mouldking.store\/nb\/wp-json\/wp\/v2\/types\/product"}],"replies":[{"embeddable":true,"href":"https:\/\/mouldking.store\/nb\/wp-json\/wp\/v2\/comments?post=32733"}],"wp:featuredmedia":[{"embeddable":true,"href":"https:\/\/mouldking.store\/nb\/wp-json\/wp\/v2\/media\/32734"}],"wp:attachment":[{"href":"https:\/\/mouldking.store\/nb\/wp-json\/wp\/v2\/media?parent=32733"}],"wp:term":[{"taxonomy":"product_cat","embeddable":true,"href":"https:\/\/mouldking.store\/nb\/wp-json\/wp\/v2\/product_cat?post=32733"},{"taxonomy":"product_tag","embeddable":true,"href":"https:\/\/mouldking.store\/nb\/wp-json\/wp\/v2\/product_tag?post=32733"}],"curies":[{"name":"wp","href":"https:\/\/api.w.org\/{rel}","templated":true}]}}