{"id":32756,"date":"2022-09-28T16:02:22","date_gmt":"2022-09-28T09:02:22","guid":{"rendered":"https:\/\/mouldking.store\/?post_type=product&#038;p=32756"},"modified":"2025-12-25T09:12:26","modified_gmt":"2025-12-25T02:12:26","slug":"moc-28656-battlestar-galactica-viper-mark-7-with-368-pieces","status":"publish","type":"product","link":"https:\/\/mouldking.store\/nb\/shop\/moc-28656-battlestar-galactica-viper-mark-7-with-368-pieces\/","title":{"rendered":"MOC-28656 Battlestar Galactica Viper Mark 7 med 368 deler"},"content":{"rendered":"<p>Produktinformasjon:<\/p>\n<ol>\n<li>Merke: MOC<\/li>\n<li>Kj\u00f8nn: Unisex<\/li>\n<li>Name: Battlestar Galactica Viper Mark 7<\/li>\n<li>Aldersgruppe: &gt; 6 \u00e5r gammel<\/li>\n<li>Model Number: C9106<\/li>\n<li>Klassifisering: Montering<\/li>\n<li>Plastblokkform: Selvl\u00e5sende murstein<\/li>\n<li>Materiale: Plast<\/li>\n<li>Plasttype: ABS<\/li>\n<li>Bricks Blocks: 368 PCS<\/li>\n<li>Dimensions: 32 x 24 x 12.8 cm<\/li>\n<li>Weight: 0.32 kg<\/li>\n<li>Inneholder detaljerte monteringsanvisninger.<\/li>\n<\/ol>\n<p>Legge merke til:<br \/>\n1. Uten original eske, men vi garanterer at v\u00e5re produkter har kvalitetssikring og pen emballasje.<br \/>\n2. Som alle delene vi har sjekket f\u00f8r frakt, s\u00e5 hvis du finner noen deler savnet eller skadet, ikke bekymre deg og bare kontakt oss, s\u00e5 kan vi sende dem til deg p\u00e5 nytt umiddelbart gratis.<\/p>\n<p>&nbsp;<\/p>\n<figure id=\"attachment_32758\" aria-describedby=\"caption-attachment-32758\" style=\"width: 800px\" class=\"wp-caption aligncenter\"><img fetchpriority=\"high\" decoding=\"async\" class=\"wp-image-32758 size-full\" src=\"https:\/\/mouldking.store\/wp-content\/uploads\/2022\/09\/Movie-MOC-28656-Battlestar-Galactica-Viper-Mark-7-MOCBRICKLAND-2.jpg\" alt=\"MOC-28656 Battlestar Galactica Viper Mark 7 with 368 Pieces\" width=\"800\" height=\"800\" title=\"-\" srcset=\"https:\/\/mouldking.store\/wp-content\/uploads\/2022\/09\/Movie-MOC-28656-Battlestar-Galactica-Viper-Mark-7-MOCBRICKLAND-2.jpg 800w, https:\/\/mouldking.store\/wp-content\/uploads\/2022\/09\/Movie-MOC-28656-Battlestar-Galactica-Viper-Mark-7-MOCBRICKLAND-2-300x300.jpg 300w, https:\/\/mouldking.store\/wp-content\/uploads\/2022\/09\/Movie-MOC-28656-Battlestar-Galactica-Viper-Mark-7-MOCBRICKLAND-2-768x768.jpg 768w, https:\/\/mouldking.store\/wp-content\/uploads\/2022\/09\/Movie-MOC-28656-Battlestar-Galactica-Viper-Mark-7-MOCBRICKLAND-2-600x600.jpg 600w, https:\/\/mouldking.store\/wp-content\/uploads\/2022\/09\/Movie-MOC-28656-Battlestar-Galactica-Viper-Mark-7-MOCBRICKLAND-2-150x150.jpg 150w, https:\/\/mouldking.store\/wp-content\/uploads\/2022\/09\/Movie-MOC-28656-Battlestar-Galactica-Viper-Mark-7-MOCBRICKLAND-2-60x60.jpg 60w, https:\/\/mouldking.store\/wp-content\/uploads\/2022\/09\/Movie-MOC-28656-Battlestar-Galactica-Viper-Mark-7-MOCBRICKLAND-2-90x90.jpg 90w\" sizes=\"(max-width: 800px) 100vw, 800px\" \/><figcaption id=\"caption-attachment-32758\" class=\"wp-caption-text\">MOC-28656 Battlestar Galactica Viper Mark 7 med 368 deler<\/figcaption><\/figure>\n<figure id=\"attachment_32760\" aria-describedby=\"caption-attachment-32760\" style=\"width: 800px\" class=\"wp-caption aligncenter\"><img decoding=\"async\" class=\"wp-image-32760 size-full\" src=\"https:\/\/mouldking.store\/wp-content\/uploads\/2022\/09\/Movie-MOC-28656-Battlestar-Galactica-Viper-Mark-7-MOCBRICKLAND-3.jpg\" alt=\"MOC-28656 Battlestar Galactica Viper Mark 7 with 368 Pieces\" width=\"800\" height=\"800\" title=\"-\" srcset=\"https:\/\/mouldking.store\/wp-content\/uploads\/2022\/09\/Movie-MOC-28656-Battlestar-Galactica-Viper-Mark-7-MOCBRICKLAND-3.jpg 800w, https:\/\/mouldking.store\/wp-content\/uploads\/2022\/09\/Movie-MOC-28656-Battlestar-Galactica-Viper-Mark-7-MOCBRICKLAND-3-300x300.jpg 300w, https:\/\/mouldking.store\/wp-content\/uploads\/2022\/09\/Movie-MOC-28656-Battlestar-Galactica-Viper-Mark-7-MOCBRICKLAND-3-768x768.jpg 768w, https:\/\/mouldking.store\/wp-content\/uploads\/2022\/09\/Movie-MOC-28656-Battlestar-Galactica-Viper-Mark-7-MOCBRICKLAND-3-600x600.jpg 600w, https:\/\/mouldking.store\/wp-content\/uploads\/2022\/09\/Movie-MOC-28656-Battlestar-Galactica-Viper-Mark-7-MOCBRICKLAND-3-150x150.jpg 150w, https:\/\/mouldking.store\/wp-content\/uploads\/2022\/09\/Movie-MOC-28656-Battlestar-Galactica-Viper-Mark-7-MOCBRICKLAND-3-60x60.jpg 60w, https:\/\/mouldking.store\/wp-content\/uploads\/2022\/09\/Movie-MOC-28656-Battlestar-Galactica-Viper-Mark-7-MOCBRICKLAND-3-90x90.jpg 90w\" sizes=\"(max-width: 800px) 100vw, 800px\" \/><figcaption id=\"caption-attachment-32760\" class=\"wp-caption-text\">MOC-28656 Battlestar Galactica Viper Mark 7 med 368 deler<\/figcaption><\/figure>\n<figure id=\"attachment_32759\" aria-describedby=\"caption-attachment-32759\" style=\"width: 800px\" class=\"wp-caption aligncenter\"><img decoding=\"async\" class=\"wp-image-32759 size-full\" src=\"https:\/\/mouldking.store\/wp-content\/uploads\/2022\/09\/Movie-MOC-28656-Battlestar-Galactica-Viper-Mark-7-MOCBRICKLAND-4.jpg\" alt=\"MOC-28656 Battlestar Galactica Viper Mark 7 with 368 Pieces\" width=\"800\" height=\"800\" title=\"-\" srcset=\"https:\/\/mouldking.store\/wp-content\/uploads\/2022\/09\/Movie-MOC-28656-Battlestar-Galactica-Viper-Mark-7-MOCBRICKLAND-4.jpg 800w, https:\/\/mouldking.store\/wp-content\/uploads\/2022\/09\/Movie-MOC-28656-Battlestar-Galactica-Viper-Mark-7-MOCBRICKLAND-4-300x300.jpg 300w, https:\/\/mouldking.store\/wp-content\/uploads\/2022\/09\/Movie-MOC-28656-Battlestar-Galactica-Viper-Mark-7-MOCBRICKLAND-4-768x768.jpg 768w, https:\/\/mouldking.store\/wp-content\/uploads\/2022\/09\/Movie-MOC-28656-Battlestar-Galactica-Viper-Mark-7-MOCBRICKLAND-4-600x600.jpg 600w, https:\/\/mouldking.store\/wp-content\/uploads\/2022\/09\/Movie-MOC-28656-Battlestar-Galactica-Viper-Mark-7-MOCBRICKLAND-4-150x150.jpg 150w, https:\/\/mouldking.store\/wp-content\/uploads\/2022\/09\/Movie-MOC-28656-Battlestar-Galactica-Viper-Mark-7-MOCBRICKLAND-4-60x60.jpg 60w, https:\/\/mouldking.store\/wp-content\/uploads\/2022\/09\/Movie-MOC-28656-Battlestar-Galactica-Viper-Mark-7-MOCBRICKLAND-4-90x90.jpg 90w\" sizes=\"(max-width: 800px) 100vw, 800px\" \/><figcaption id=\"caption-attachment-32759\" class=\"wp-caption-text\">MOC-28656 Battlestar Galactica Viper Mark 7 med 368 deler<\/figcaption><\/figure>\n<figure id=\"attachment_32757\" aria-describedby=\"caption-attachment-32757\" style=\"width: 800px\" class=\"wp-caption aligncenter\"><img loading=\"lazy\" decoding=\"async\" class=\"wp-image-32757 size-full\" src=\"https:\/\/mouldking.store\/wp-content\/uploads\/2022\/09\/Movie-MOC-28656-Battlestar-Galactica-Viper-Mark-7-MOCBRICKLAND-1.jpg\" alt=\"MOC-28656 Battlestar Galactica Viper Mark 7 with 368 Pieces\" width=\"800\" height=\"1316\" title=\"-\" srcset=\"https:\/\/mouldking.store\/wp-content\/uploads\/2022\/09\/Movie-MOC-28656-Battlestar-Galactica-Viper-Mark-7-MOCBRICKLAND-1.jpg 800w, https:\/\/mouldking.store\/wp-content\/uploads\/2022\/09\/Movie-MOC-28656-Battlestar-Galactica-Viper-Mark-7-MOCBRICKLAND-1-182x300.jpg 182w, https:\/\/mouldking.store\/wp-content\/uploads\/2022\/09\/Movie-MOC-28656-Battlestar-Galactica-Viper-Mark-7-MOCBRICKLAND-1-622x1024.jpg 622w, https:\/\/mouldking.store\/wp-content\/uploads\/2022\/09\/Movie-MOC-28656-Battlestar-Galactica-Viper-Mark-7-MOCBRICKLAND-1-768x1263.jpg 768w, https:\/\/mouldking.store\/wp-content\/uploads\/2022\/09\/Movie-MOC-28656-Battlestar-Galactica-Viper-Mark-7-MOCBRICKLAND-1-300x494.jpg 300w, https:\/\/mouldking.store\/wp-content\/uploads\/2022\/09\/Movie-MOC-28656-Battlestar-Galactica-Viper-Mark-7-MOCBRICKLAND-1-600x987.jpg 600w, https:\/\/mouldking.store\/wp-content\/uploads\/2022\/09\/Movie-MOC-28656-Battlestar-Galactica-Viper-Mark-7-MOCBRICKLAND-1-91x150.jpg 91w, https:\/\/mouldking.store\/wp-content\/uploads\/2022\/09\/Movie-MOC-28656-Battlestar-Galactica-Viper-Mark-7-MOCBRICKLAND-1-36x60.jpg 36w, https:\/\/mouldking.store\/wp-content\/uploads\/2022\/09\/Movie-MOC-28656-Battlestar-Galactica-Viper-Mark-7-MOCBRICKLAND-1-55x90.jpg 55w\" sizes=\"(max-width: 800px) 100vw, 800px\" \/><figcaption id=\"caption-attachment-32757\" class=\"wp-caption-text\">MOC-28656 Battlestar Galactica Viper Mark 7 med 368 deler<\/figcaption><\/figure>","protected":false},"excerpt":{"rendered":"<p>Product information: Brand: MOC Gender: Unisex Name: Battlestar Galactica Viper Mark 7 Age Range: &gt; 6 years old Model Number: C9106 Classification: Assemblage Plastic Block Shape: Self-Locking Bricks Material: Plastic Plastic Type: ABS Bricks Blocks: 368 PCS Dimensions: 32 x 24 x 12.8 cm Weight: 0.32 kg Contains detailed assembly instructions. Notice: 1. Without an [&hellip;]<\/p>","protected":false},"featured_media":32758,"comment_status":"closed","ping_status":"closed","template":"","meta":{"_acf_changed":false},"product_cat":[581],"product_tag":[2273,5995,5994,5996],"class_list":["product","first","instock","shipping-taxable","purchasable","product-type-simple"],"acf":[],"_links":{"self":[{"href":"https:\/\/mouldking.store\/nb\/wp-json\/wp\/v2\/product\/32756","targetHints":{"allow":["GET"]}}],"collection":[{"href":"https:\/\/mouldking.store\/nb\/wp-json\/wp\/v2\/product"}],"about":[{"href":"https:\/\/mouldking.store\/nb\/wp-json\/wp\/v2\/types\/product"}],"replies":[{"embeddable":true,"href":"https:\/\/mouldking.store\/nb\/wp-json\/wp\/v2\/comments?post=32756"}],"wp:featuredmedia":[{"embeddable":true,"href":"https:\/\/mouldking.store\/nb\/wp-json\/wp\/v2\/media\/32758"}],"wp:attachment":[{"href":"https:\/\/mouldking.store\/nb\/wp-json\/wp\/v2\/media?parent=32756"}],"wp:term":[{"taxonomy":"product_cat","embeddable":true,"href":"https:\/\/mouldking.store\/nb\/wp-json\/wp\/v2\/product_cat?post=32756"},{"taxonomy":"product_tag","embeddable":true,"href":"https:\/\/mouldking.store\/nb\/wp-json\/wp\/v2\/product_tag?post=32756"}],"curies":[{"name":"wp","href":"https:\/\/api.w.org\/{rel}","templated":true}]}}