{"id":32789,"date":"2022-09-28T16:47:13","date_gmt":"2022-09-28T09:47:13","guid":{"rendered":"https:\/\/mouldking.store\/?post_type=product&#038;p=32789"},"modified":"2025-12-25T09:12:25","modified_gmt":"2025-12-25T02:12:25","slug":"moc-118715-dracaena-marginata-with-1952-pieces","status":"publish","type":"product","link":"https:\/\/mouldking.store\/nb\/shop\/moc-118715-dracaena-marginata-with-1952-pieces\/","title":{"rendered":"MOC-118715 Dracaena Marginata with 1952 Pieces"},"content":{"rendered":"<p>Produktinformasjon:<\/p>\n<ol>\n<li>Merke: MOC<\/li>\n<li>Kj\u00f8nn: Unisex<\/li>\n<li>Name: Dracaena Marginata<\/li>\n<li>Aldersgruppe: &gt; 6 \u00e5r gammel<\/li>\n<li>Model Number: C9134<\/li>\n<li>Klassifisering: Montering<\/li>\n<li>Plastblokkform: Selvl\u00e5sende murstein<\/li>\n<li>Materiale: Plast<\/li>\n<li>Plasttype: ABS<\/li>\n<li>Bricks Blocks: 1952 PCS<\/li>\n<li>Dimensions: 57 x 40 x 57 cm<\/li>\n<li>Weight: 1.02 kg<\/li>\n<li>Inneholder detaljerte monteringsanvisninger.<\/li>\n<\/ol>\n<p>Legge merke til:<br \/>\n1. Uten original eske, men vi garanterer at v\u00e5re produkter har kvalitetssikring og pen emballasje.<br \/>\n2. Som alle delene vi har sjekket f\u00f8r frakt, s\u00e5 hvis du finner noen deler savnet eller skadet, ikke bekymre deg og bare kontakt oss, s\u00e5 kan vi sende dem til deg p\u00e5 nytt umiddelbart gratis.<\/p>\n<figure id=\"attachment_32791\" aria-describedby=\"caption-attachment-32791\" style=\"width: 800px\" class=\"wp-caption aligncenter\"><img fetchpriority=\"high\" decoding=\"async\" class=\"wp-image-32791 size-full\" src=\"https:\/\/mouldking.store\/wp-content\/uploads\/2022\/09\/Creator-MOC-118715-Dracaena-Marginata-MOCBRICKLAND-2.jpg\" alt=\"MOC-118715 Dracaena Marginata with 1952 Pieces\" width=\"800\" height=\"800\" title=\"-\" srcset=\"https:\/\/mouldking.store\/wp-content\/uploads\/2022\/09\/Creator-MOC-118715-Dracaena-Marginata-MOCBRICKLAND-2.jpg 800w, https:\/\/mouldking.store\/wp-content\/uploads\/2022\/09\/Creator-MOC-118715-Dracaena-Marginata-MOCBRICKLAND-2-300x300.jpg 300w, https:\/\/mouldking.store\/wp-content\/uploads\/2022\/09\/Creator-MOC-118715-Dracaena-Marginata-MOCBRICKLAND-2-768x768.jpg 768w, https:\/\/mouldking.store\/wp-content\/uploads\/2022\/09\/Creator-MOC-118715-Dracaena-Marginata-MOCBRICKLAND-2-600x600.jpg 600w, https:\/\/mouldking.store\/wp-content\/uploads\/2022\/09\/Creator-MOC-118715-Dracaena-Marginata-MOCBRICKLAND-2-150x150.jpg 150w, https:\/\/mouldking.store\/wp-content\/uploads\/2022\/09\/Creator-MOC-118715-Dracaena-Marginata-MOCBRICKLAND-2-60x60.jpg 60w, https:\/\/mouldking.store\/wp-content\/uploads\/2022\/09\/Creator-MOC-118715-Dracaena-Marginata-MOCBRICKLAND-2-90x90.jpg 90w\" sizes=\"(max-width: 800px) 100vw, 800px\" \/><figcaption id=\"caption-attachment-32791\" class=\"wp-caption-text\">MOC-118715 Dracaena Marginata with 1952 Pieces<\/figcaption><\/figure>\n<figure id=\"attachment_32790\" aria-describedby=\"caption-attachment-32790\" style=\"width: 800px\" class=\"wp-caption aligncenter\"><img decoding=\"async\" class=\"wp-image-32790 size-full\" src=\"https:\/\/mouldking.store\/wp-content\/uploads\/2022\/09\/Creator-MOC-118715-Dracaena-Marginata-MOCBRICKLAND-3.jpg\" alt=\"MOC-118715 Dracaena Marginata with 1952 Pieces\" width=\"800\" height=\"800\" title=\"-\" srcset=\"https:\/\/mouldking.store\/wp-content\/uploads\/2022\/09\/Creator-MOC-118715-Dracaena-Marginata-MOCBRICKLAND-3.jpg 800w, https:\/\/mouldking.store\/wp-content\/uploads\/2022\/09\/Creator-MOC-118715-Dracaena-Marginata-MOCBRICKLAND-3-300x300.jpg 300w, https:\/\/mouldking.store\/wp-content\/uploads\/2022\/09\/Creator-MOC-118715-Dracaena-Marginata-MOCBRICKLAND-3-768x768.jpg 768w, https:\/\/mouldking.store\/wp-content\/uploads\/2022\/09\/Creator-MOC-118715-Dracaena-Marginata-MOCBRICKLAND-3-600x600.jpg 600w, https:\/\/mouldking.store\/wp-content\/uploads\/2022\/09\/Creator-MOC-118715-Dracaena-Marginata-MOCBRICKLAND-3-150x150.jpg 150w, https:\/\/mouldking.store\/wp-content\/uploads\/2022\/09\/Creator-MOC-118715-Dracaena-Marginata-MOCBRICKLAND-3-60x60.jpg 60w, https:\/\/mouldking.store\/wp-content\/uploads\/2022\/09\/Creator-MOC-118715-Dracaena-Marginata-MOCBRICKLAND-3-90x90.jpg 90w\" sizes=\"(max-width: 800px) 100vw, 800px\" \/><figcaption id=\"caption-attachment-32790\" class=\"wp-caption-text\">MOC-118715 Dracaena Marginata with 1952 Pieces<\/figcaption><\/figure>\n<figure id=\"attachment_32792\" aria-describedby=\"caption-attachment-32792\" style=\"width: 800px\" class=\"wp-caption aligncenter\"><img decoding=\"async\" class=\"wp-image-32792 size-full\" src=\"https:\/\/mouldking.store\/wp-content\/uploads\/2022\/09\/Creator-MOC-118715-Dracaena-Marginata-MOCBRICKLAND-1.jpg\" alt=\"MOC-118715 Dracaena Marginata with 1952 Pieces\" width=\"800\" height=\"800\" title=\"-\" srcset=\"https:\/\/mouldking.store\/wp-content\/uploads\/2022\/09\/Creator-MOC-118715-Dracaena-Marginata-MOCBRICKLAND-1.jpg 800w, https:\/\/mouldking.store\/wp-content\/uploads\/2022\/09\/Creator-MOC-118715-Dracaena-Marginata-MOCBRICKLAND-1-300x300.jpg 300w, https:\/\/mouldking.store\/wp-content\/uploads\/2022\/09\/Creator-MOC-118715-Dracaena-Marginata-MOCBRICKLAND-1-768x768.jpg 768w, https:\/\/mouldking.store\/wp-content\/uploads\/2022\/09\/Creator-MOC-118715-Dracaena-Marginata-MOCBRICKLAND-1-600x600.jpg 600w, https:\/\/mouldking.store\/wp-content\/uploads\/2022\/09\/Creator-MOC-118715-Dracaena-Marginata-MOCBRICKLAND-1-150x150.jpg 150w, https:\/\/mouldking.store\/wp-content\/uploads\/2022\/09\/Creator-MOC-118715-Dracaena-Marginata-MOCBRICKLAND-1-60x60.jpg 60w, https:\/\/mouldking.store\/wp-content\/uploads\/2022\/09\/Creator-MOC-118715-Dracaena-Marginata-MOCBRICKLAND-1-90x90.jpg 90w\" sizes=\"(max-width: 800px) 100vw, 800px\" \/><figcaption id=\"caption-attachment-32792\" class=\"wp-caption-text\">MOC-118715 Dracaena Marginata with 1952 Pieces<\/figcaption><\/figure>","protected":false},"excerpt":{"rendered":"<p>Product information: Brand: MOC Gender: Unisex Name: Dracaena Marginata Age Range: &gt; 6 years old Model Number: C9134 Classification: Assemblage Plastic Block Shape: Self-Locking Bricks Material: Plastic Plastic Type: ABS Bricks Blocks: 1952 PCS Dimensions: 57 x 40 x 57 cm Weight: 1.02 kg Contains detailed assembly instructions. Notice: 1. Without an original box, but [&hellip;]<\/p>","protected":false},"featured_media":32791,"comment_status":"closed","ping_status":"closed","template":"","meta":{"_acf_changed":false},"product_cat":[371],"product_tag":[6008,6007,6006],"class_list":["product","first","instock","shipping-taxable","purchasable","product-type-simple"],"acf":[],"_links":{"self":[{"href":"https:\/\/mouldking.store\/nb\/wp-json\/wp\/v2\/product\/32789","targetHints":{"allow":["GET"]}}],"collection":[{"href":"https:\/\/mouldking.store\/nb\/wp-json\/wp\/v2\/product"}],"about":[{"href":"https:\/\/mouldking.store\/nb\/wp-json\/wp\/v2\/types\/product"}],"replies":[{"embeddable":true,"href":"https:\/\/mouldking.store\/nb\/wp-json\/wp\/v2\/comments?post=32789"}],"wp:featuredmedia":[{"embeddable":true,"href":"https:\/\/mouldking.store\/nb\/wp-json\/wp\/v2\/media\/32791"}],"wp:attachment":[{"href":"https:\/\/mouldking.store\/nb\/wp-json\/wp\/v2\/media?parent=32789"}],"wp:term":[{"taxonomy":"product_cat","embeddable":true,"href":"https:\/\/mouldking.store\/nb\/wp-json\/wp\/v2\/product_cat?post=32789"},{"taxonomy":"product_tag","embeddable":true,"href":"https:\/\/mouldking.store\/nb\/wp-json\/wp\/v2\/product_tag?post=32789"}],"curies":[{"name":"wp","href":"https:\/\/api.w.org\/{rel}","templated":true}]}}