{"id":32798,"date":"2022-09-28T16:53:14","date_gmt":"2022-09-28T09:53:14","guid":{"rendered":"https:\/\/mouldking.store\/?post_type=product&#038;p=32798"},"modified":"2025-12-25T09:12:25","modified_gmt":"2025-12-25T02:12:25","slug":"moc-72589-mini-pad-39b-with-sls-with-437-pieces","status":"publish","type":"product","link":"https:\/\/mouldking.store\/nb\/shop\/moc-72589-mini-pad-39b-with-sls-with-437-pieces\/","title":{"rendered":"MOC-72589 Mini Pad 39B med SLS med 437 stk"},"content":{"rendered":"<p>Produktinformasjon:<\/p>\n<ol>\n<li>Merke: MOC<\/li>\n<li>Kj\u00f8nn: Unisex<\/li>\n<li>Navn: Mini Pad 39B med SLS<\/li>\n<li>Aldersgruppe: &gt; 6 \u00e5r gammel<\/li>\n<li>Modellnummer: C9159<\/li>\n<li>Klassifisering: Montering<\/li>\n<li>Plastblokkform: Selvl\u00e5sende murstein<\/li>\n<li>Materiale: Plast<\/li>\n<li>Plasttype: ABS<\/li>\n<li>Mursteinsblokker: 437 STK<\/li>\n<li>M\u00e5l: 9,6 x 6,4 x 20 cm<\/li>\n<li>Vekt: 0,24 kg<\/li>\n<li>Inneholder detaljerte monteringsanvisninger.<\/li>\n<\/ol>\n<p>Legge merke til:<br \/>\n1. Uten original eske, men vi garanterer at v\u00e5re produkter har kvalitetssikring og pen emballasje.<br \/>\n2. Som alle delene vi har sjekket f\u00f8r frakt, s\u00e5 hvis du finner noen deler savnet eller skadet, ikke bekymre deg og bare kontakt oss, s\u00e5 kan vi sende dem til deg p\u00e5 nytt umiddelbart gratis.<\/p>\n<p>&nbsp;<\/p>\n<figure id=\"attachment_32800\" aria-describedby=\"caption-attachment-32800\" style=\"width: 800px\" class=\"wp-caption aligncenter\"><img fetchpriority=\"high\" decoding=\"async\" class=\"wp-image-32800 size-full\" src=\"https:\/\/mouldking.store\/wp-content\/uploads\/2022\/09\/Space-MOC-72589-Mini-Pad-39B-with-SLS-MOCBRICKLAND-3.jpg\" alt=\"MOC-72589 Mini Pad 39B with SLS with 437 Pieces\" width=\"800\" height=\"800\" title=\"-\" srcset=\"https:\/\/mouldking.store\/wp-content\/uploads\/2022\/09\/Space-MOC-72589-Mini-Pad-39B-with-SLS-MOCBRICKLAND-3.jpg 800w, https:\/\/mouldking.store\/wp-content\/uploads\/2022\/09\/Space-MOC-72589-Mini-Pad-39B-with-SLS-MOCBRICKLAND-3-300x300.jpg 300w, https:\/\/mouldking.store\/wp-content\/uploads\/2022\/09\/Space-MOC-72589-Mini-Pad-39B-with-SLS-MOCBRICKLAND-3-768x768.jpg 768w, https:\/\/mouldking.store\/wp-content\/uploads\/2022\/09\/Space-MOC-72589-Mini-Pad-39B-with-SLS-MOCBRICKLAND-3-600x600.jpg 600w, https:\/\/mouldking.store\/wp-content\/uploads\/2022\/09\/Space-MOC-72589-Mini-Pad-39B-with-SLS-MOCBRICKLAND-3-150x150.jpg 150w, https:\/\/mouldking.store\/wp-content\/uploads\/2022\/09\/Space-MOC-72589-Mini-Pad-39B-with-SLS-MOCBRICKLAND-3-60x60.jpg 60w, https:\/\/mouldking.store\/wp-content\/uploads\/2022\/09\/Space-MOC-72589-Mini-Pad-39B-with-SLS-MOCBRICKLAND-3-90x90.jpg 90w\" sizes=\"(max-width: 800px) 100vw, 800px\" \/><figcaption id=\"caption-attachment-32800\" class=\"wp-caption-text\">MOC-72589 Mini Pad 39B med SLS med 437 stk<\/figcaption><\/figure>\n<figure id=\"attachment_32801\" aria-describedby=\"caption-attachment-32801\" style=\"width: 800px\" class=\"wp-caption aligncenter\"><img decoding=\"async\" class=\"wp-image-32801 size-full\" src=\"https:\/\/mouldking.store\/wp-content\/uploads\/2022\/09\/Space-MOC-72589-Mini-Pad-39B-with-SLS-MOCBRICKLAND-2.jpg\" alt=\"MOC-72589 Mini Pad 39B with SLS with 437 Pieces\" width=\"800\" height=\"800\" title=\"-\" srcset=\"https:\/\/mouldking.store\/wp-content\/uploads\/2022\/09\/Space-MOC-72589-Mini-Pad-39B-with-SLS-MOCBRICKLAND-2.jpg 800w, https:\/\/mouldking.store\/wp-content\/uploads\/2022\/09\/Space-MOC-72589-Mini-Pad-39B-with-SLS-MOCBRICKLAND-2-300x300.jpg 300w, https:\/\/mouldking.store\/wp-content\/uploads\/2022\/09\/Space-MOC-72589-Mini-Pad-39B-with-SLS-MOCBRICKLAND-2-768x768.jpg 768w, https:\/\/mouldking.store\/wp-content\/uploads\/2022\/09\/Space-MOC-72589-Mini-Pad-39B-with-SLS-MOCBRICKLAND-2-600x600.jpg 600w, https:\/\/mouldking.store\/wp-content\/uploads\/2022\/09\/Space-MOC-72589-Mini-Pad-39B-with-SLS-MOCBRICKLAND-2-150x150.jpg 150w, https:\/\/mouldking.store\/wp-content\/uploads\/2022\/09\/Space-MOC-72589-Mini-Pad-39B-with-SLS-MOCBRICKLAND-2-60x60.jpg 60w, https:\/\/mouldking.store\/wp-content\/uploads\/2022\/09\/Space-MOC-72589-Mini-Pad-39B-with-SLS-MOCBRICKLAND-2-90x90.jpg 90w\" sizes=\"(max-width: 800px) 100vw, 800px\" \/><figcaption id=\"caption-attachment-32801\" class=\"wp-caption-text\">MOC-72589 Mini Pad 39B med SLS med 437 stk<\/figcaption><\/figure>\n<figure id=\"attachment_32802\" aria-describedby=\"caption-attachment-32802\" style=\"width: 800px\" class=\"wp-caption aligncenter\"><img decoding=\"async\" class=\"wp-image-32802 size-full\" src=\"https:\/\/mouldking.store\/wp-content\/uploads\/2022\/09\/Space-MOC-72589-Mini-Pad-39B-with-SLS-MOCBRICKLAND-1.jpg\" alt=\"MOC-72589 Mini Pad 39B with SLS with 437 Pieces\" width=\"800\" height=\"1150\" title=\"-\" srcset=\"https:\/\/mouldking.store\/wp-content\/uploads\/2022\/09\/Space-MOC-72589-Mini-Pad-39B-with-SLS-MOCBRICKLAND-1.jpg 800w, https:\/\/mouldking.store\/wp-content\/uploads\/2022\/09\/Space-MOC-72589-Mini-Pad-39B-with-SLS-MOCBRICKLAND-1-209x300.jpg 209w, https:\/\/mouldking.store\/wp-content\/uploads\/2022\/09\/Space-MOC-72589-Mini-Pad-39B-with-SLS-MOCBRICKLAND-1-712x1024.jpg 712w, https:\/\/mouldking.store\/wp-content\/uploads\/2022\/09\/Space-MOC-72589-Mini-Pad-39B-with-SLS-MOCBRICKLAND-1-768x1104.jpg 768w, https:\/\/mouldking.store\/wp-content\/uploads\/2022\/09\/Space-MOC-72589-Mini-Pad-39B-with-SLS-MOCBRICKLAND-1-300x431.jpg 300w, https:\/\/mouldking.store\/wp-content\/uploads\/2022\/09\/Space-MOC-72589-Mini-Pad-39B-with-SLS-MOCBRICKLAND-1-600x863.jpg 600w, https:\/\/mouldking.store\/wp-content\/uploads\/2022\/09\/Space-MOC-72589-Mini-Pad-39B-with-SLS-MOCBRICKLAND-1-104x150.jpg 104w, https:\/\/mouldking.store\/wp-content\/uploads\/2022\/09\/Space-MOC-72589-Mini-Pad-39B-with-SLS-MOCBRICKLAND-1-42x60.jpg 42w, https:\/\/mouldking.store\/wp-content\/uploads\/2022\/09\/Space-MOC-72589-Mini-Pad-39B-with-SLS-MOCBRICKLAND-1-63x90.jpg 63w\" sizes=\"(max-width: 800px) 100vw, 800px\" \/><figcaption id=\"caption-attachment-32802\" class=\"wp-caption-text\">MOC-72589 Mini Pad 39B med SLS med 437 stk<\/figcaption><\/figure>\n<figure id=\"attachment_32799\" aria-describedby=\"caption-attachment-32799\" style=\"width: 800px\" class=\"wp-caption aligncenter\"><img loading=\"lazy\" decoding=\"async\" class=\"wp-image-32799 size-full\" src=\"https:\/\/mouldking.store\/wp-content\/uploads\/2022\/09\/Space-MOC-72589-Mini-Pad-39B-with-SLS-MOCBRICKLAND-4.jpg\" alt=\"MOC-72589 Mini Pad 39B with SLS with 437 Pieces\" width=\"800\" height=\"800\" title=\"-\" srcset=\"https:\/\/mouldking.store\/wp-content\/uploads\/2022\/09\/Space-MOC-72589-Mini-Pad-39B-with-SLS-MOCBRICKLAND-4.jpg 800w, https:\/\/mouldking.store\/wp-content\/uploads\/2022\/09\/Space-MOC-72589-Mini-Pad-39B-with-SLS-MOCBRICKLAND-4-300x300.jpg 300w, https:\/\/mouldking.store\/wp-content\/uploads\/2022\/09\/Space-MOC-72589-Mini-Pad-39B-with-SLS-MOCBRICKLAND-4-768x768.jpg 768w, https:\/\/mouldking.store\/wp-content\/uploads\/2022\/09\/Space-MOC-72589-Mini-Pad-39B-with-SLS-MOCBRICKLAND-4-600x600.jpg 600w, https:\/\/mouldking.store\/wp-content\/uploads\/2022\/09\/Space-MOC-72589-Mini-Pad-39B-with-SLS-MOCBRICKLAND-4-150x150.jpg 150w, https:\/\/mouldking.store\/wp-content\/uploads\/2022\/09\/Space-MOC-72589-Mini-Pad-39B-with-SLS-MOCBRICKLAND-4-60x60.jpg 60w, https:\/\/mouldking.store\/wp-content\/uploads\/2022\/09\/Space-MOC-72589-Mini-Pad-39B-with-SLS-MOCBRICKLAND-4-90x90.jpg 90w\" sizes=\"(max-width: 800px) 100vw, 800px\" \/><figcaption id=\"caption-attachment-32799\" class=\"wp-caption-text\">MOC-72589 Mini Pad 39B med SLS med 437 stk<\/figcaption><\/figure>","protected":false},"excerpt":{"rendered":"<p>Product information: Brand: MOC Gender: Unisex Name: Mini Pad 39B with SLS Age Range: &gt; 6 years old Model Number: C9159 Classification: Assemblage Plastic Block Shape: Self-Locking Bricks Material: Plastic Plastic Type: ABS Bricks Blocks: 437 PCS Dimensions: 9.6 x 6.4 x 20 cm Weight: 0.24 kg Contains detailed assembly instructions. Notice: 1. Without an [&hellip;]<\/p>","protected":false},"featured_media":32801,"comment_status":"closed","ping_status":"closed","template":"","meta":{"_acf_changed":false},"product_cat":[6016],"product_tag":[6015,6014,6013],"class_list":["product","first","instock","shipping-taxable","purchasable","product-type-simple"],"acf":[],"_links":{"self":[{"href":"https:\/\/mouldking.store\/nb\/wp-json\/wp\/v2\/product\/32798","targetHints":{"allow":["GET"]}}],"collection":[{"href":"https:\/\/mouldking.store\/nb\/wp-json\/wp\/v2\/product"}],"about":[{"href":"https:\/\/mouldking.store\/nb\/wp-json\/wp\/v2\/types\/product"}],"replies":[{"embeddable":true,"href":"https:\/\/mouldking.store\/nb\/wp-json\/wp\/v2\/comments?post=32798"}],"wp:featuredmedia":[{"embeddable":true,"href":"https:\/\/mouldking.store\/nb\/wp-json\/wp\/v2\/media\/32801"}],"wp:attachment":[{"href":"https:\/\/mouldking.store\/nb\/wp-json\/wp\/v2\/media?parent=32798"}],"wp:term":[{"taxonomy":"product_cat","embeddable":true,"href":"https:\/\/mouldking.store\/nb\/wp-json\/wp\/v2\/product_cat?post=32798"},{"taxonomy":"product_tag","embeddable":true,"href":"https:\/\/mouldking.store\/nb\/wp-json\/wp\/v2\/product_tag?post=32798"}],"curies":[{"name":"wp","href":"https:\/\/api.w.org\/{rel}","templated":true}]}}