{"id":32803,"date":"2022-09-28T17:02:22","date_gmt":"2022-09-28T10:02:22","guid":{"rendered":"https:\/\/mouldking.store\/?post_type=product&#038;p=32803"},"modified":"2025-12-25T09:12:25","modified_gmt":"2025-12-25T02:12:25","slug":"moc-84957-pikmin-s-s-dolphin-with-503-pieces","status":"publish","type":"product","link":"https:\/\/mouldking.store\/nb\/shop\/moc-84957-pikmin-s-s-dolphin-with-503-pieces\/","title":{"rendered":"MOC-84957 Pikmin SS Dolphin med 503 stykker"},"content":{"rendered":"<p>Produktinformasjon:<\/p>\n<ol>\n<li>Merke: MOC<\/li>\n<li>Kj\u00f8nn: Unisex<\/li>\n<li>Navn: Pikmin SS Dolphin<\/li>\n<li>Aldersgruppe: &gt; 6 \u00e5r gammel<\/li>\n<li>Modellnummer: C9100<\/li>\n<li>Klassifisering: Montering<\/li>\n<li>Plastblokkform: Selvl\u00e5sende murstein<\/li>\n<li>Materiale: Plast<\/li>\n<li>Plasttype: ABS<\/li>\n<li>Mursteinsblokker: 503 STK<\/li>\n<li>M\u00e5l: 11,8 x 11 x 18,1 cm<\/li>\n<li>Vekt: 0,33 kg<\/li>\n<li>Inneholder detaljerte monteringsanvisninger.<\/li>\n<\/ol>\n<p>Legge merke til:<br \/>\n1. Uten original eske, men vi garanterer at v\u00e5re produkter har kvalitetssikring og pen emballasje.<br \/>\n2. Som alle delene vi har sjekket f\u00f8r frakt, s\u00e5 hvis du finner noen deler savnet eller skadet, ikke bekymre deg og bare kontakt oss, s\u00e5 kan vi sende dem til deg p\u00e5 nytt umiddelbart gratis.<\/p>\n<p>&nbsp;<\/p>\n<figure id=\"attachment_32809\" aria-describedby=\"caption-attachment-32809\" style=\"width: 800px\" class=\"wp-caption aligncenter\"><img fetchpriority=\"high\" decoding=\"async\" class=\"wp-image-32809 size-full\" src=\"https:\/\/mouldking.store\/wp-content\/uploads\/2022\/09\/Movie-MOC-84957-Pikmin-S.S.-Dolphin-MOCBRICKLAND-9.jpg\" alt=\"MOC-84957 Pikmin S.S. Dolphin with 503 Pieces\" width=\"800\" height=\"800\" title=\"-\" srcset=\"https:\/\/mouldking.store\/wp-content\/uploads\/2022\/09\/Movie-MOC-84957-Pikmin-S.S.-Dolphin-MOCBRICKLAND-9.jpg 800w, https:\/\/mouldking.store\/wp-content\/uploads\/2022\/09\/Movie-MOC-84957-Pikmin-S.S.-Dolphin-MOCBRICKLAND-9-300x300.jpg 300w, https:\/\/mouldking.store\/wp-content\/uploads\/2022\/09\/Movie-MOC-84957-Pikmin-S.S.-Dolphin-MOCBRICKLAND-9-768x768.jpg 768w, https:\/\/mouldking.store\/wp-content\/uploads\/2022\/09\/Movie-MOC-84957-Pikmin-S.S.-Dolphin-MOCBRICKLAND-9-600x600.jpg 600w, https:\/\/mouldking.store\/wp-content\/uploads\/2022\/09\/Movie-MOC-84957-Pikmin-S.S.-Dolphin-MOCBRICKLAND-9-150x150.jpg 150w, https:\/\/mouldking.store\/wp-content\/uploads\/2022\/09\/Movie-MOC-84957-Pikmin-S.S.-Dolphin-MOCBRICKLAND-9-60x60.jpg 60w, https:\/\/mouldking.store\/wp-content\/uploads\/2022\/09\/Movie-MOC-84957-Pikmin-S.S.-Dolphin-MOCBRICKLAND-9-90x90.jpg 90w\" sizes=\"(max-width: 800px) 100vw, 800px\" \/><figcaption id=\"caption-attachment-32809\" class=\"wp-caption-text\">MOC-84957 Pikmin SS Dolphin med 503 stykker<\/figcaption><\/figure>\n<figure id=\"attachment_32804\" aria-describedby=\"caption-attachment-32804\" style=\"width: 800px\" class=\"wp-caption aligncenter\"><img decoding=\"async\" class=\"wp-image-32804 size-full\" src=\"https:\/\/mouldking.store\/wp-content\/uploads\/2022\/09\/Movie-MOC-84957-Pikmin-S.S.-Dolphin-MOCBRICKLAND-3.jpg\" alt=\"MOC-84957 Pikmin S.S. Dolphin with 503 Pieces\" width=\"800\" height=\"800\" title=\"-\" srcset=\"https:\/\/mouldking.store\/wp-content\/uploads\/2022\/09\/Movie-MOC-84957-Pikmin-S.S.-Dolphin-MOCBRICKLAND-3.jpg 800w, https:\/\/mouldking.store\/wp-content\/uploads\/2022\/09\/Movie-MOC-84957-Pikmin-S.S.-Dolphin-MOCBRICKLAND-3-300x300.jpg 300w, https:\/\/mouldking.store\/wp-content\/uploads\/2022\/09\/Movie-MOC-84957-Pikmin-S.S.-Dolphin-MOCBRICKLAND-3-768x768.jpg 768w, https:\/\/mouldking.store\/wp-content\/uploads\/2022\/09\/Movie-MOC-84957-Pikmin-S.S.-Dolphin-MOCBRICKLAND-3-600x600.jpg 600w, https:\/\/mouldking.store\/wp-content\/uploads\/2022\/09\/Movie-MOC-84957-Pikmin-S.S.-Dolphin-MOCBRICKLAND-3-150x150.jpg 150w, https:\/\/mouldking.store\/wp-content\/uploads\/2022\/09\/Movie-MOC-84957-Pikmin-S.S.-Dolphin-MOCBRICKLAND-3-60x60.jpg 60w, https:\/\/mouldking.store\/wp-content\/uploads\/2022\/09\/Movie-MOC-84957-Pikmin-S.S.-Dolphin-MOCBRICKLAND-3-90x90.jpg 90w\" sizes=\"(max-width: 800px) 100vw, 800px\" \/><figcaption id=\"caption-attachment-32804\" class=\"wp-caption-text\">MOC-84957 Pikmin SS Dolphin med 503 stykker<\/figcaption><\/figure>\n<figure id=\"attachment_32805\" aria-describedby=\"caption-attachment-32805\" style=\"width: 800px\" class=\"wp-caption aligncenter\"><img decoding=\"async\" class=\"wp-image-32805 size-full\" src=\"https:\/\/mouldking.store\/wp-content\/uploads\/2022\/09\/Movie-MOC-84957-Pikmin-S.S.-Dolphin-MOCBRICKLAND-2.jpg\" alt=\"MOC-84957 Pikmin S.S. Dolphin with 503 Pieces\" width=\"800\" height=\"800\" title=\"-\" srcset=\"https:\/\/mouldking.store\/wp-content\/uploads\/2022\/09\/Movie-MOC-84957-Pikmin-S.S.-Dolphin-MOCBRICKLAND-2.jpg 800w, https:\/\/mouldking.store\/wp-content\/uploads\/2022\/09\/Movie-MOC-84957-Pikmin-S.S.-Dolphin-MOCBRICKLAND-2-300x300.jpg 300w, https:\/\/mouldking.store\/wp-content\/uploads\/2022\/09\/Movie-MOC-84957-Pikmin-S.S.-Dolphin-MOCBRICKLAND-2-768x768.jpg 768w, https:\/\/mouldking.store\/wp-content\/uploads\/2022\/09\/Movie-MOC-84957-Pikmin-S.S.-Dolphin-MOCBRICKLAND-2-600x600.jpg 600w, https:\/\/mouldking.store\/wp-content\/uploads\/2022\/09\/Movie-MOC-84957-Pikmin-S.S.-Dolphin-MOCBRICKLAND-2-150x150.jpg 150w, https:\/\/mouldking.store\/wp-content\/uploads\/2022\/09\/Movie-MOC-84957-Pikmin-S.S.-Dolphin-MOCBRICKLAND-2-60x60.jpg 60w, https:\/\/mouldking.store\/wp-content\/uploads\/2022\/09\/Movie-MOC-84957-Pikmin-S.S.-Dolphin-MOCBRICKLAND-2-90x90.jpg 90w\" sizes=\"(max-width: 800px) 100vw, 800px\" \/><figcaption id=\"caption-attachment-32805\" class=\"wp-caption-text\">MOC-84957 Pikmin SS Dolphin med 503 stykker<\/figcaption><\/figure>\n<figure id=\"attachment_32806\" aria-describedby=\"caption-attachment-32806\" style=\"width: 800px\" class=\"wp-caption aligncenter\"><img loading=\"lazy\" decoding=\"async\" class=\"wp-image-32806 size-full\" src=\"https:\/\/mouldking.store\/wp-content\/uploads\/2022\/09\/Movie-MOC-84957-Pikmin-S.S.-Dolphin-MOCBRICKLAND-1.jpg\" alt=\"MOC-84957 Pikmin S.S. Dolphin with 503 Pieces\" width=\"800\" height=\"800\" title=\"-\" srcset=\"https:\/\/mouldking.store\/wp-content\/uploads\/2022\/09\/Movie-MOC-84957-Pikmin-S.S.-Dolphin-MOCBRICKLAND-1.jpg 800w, https:\/\/mouldking.store\/wp-content\/uploads\/2022\/09\/Movie-MOC-84957-Pikmin-S.S.-Dolphin-MOCBRICKLAND-1-300x300.jpg 300w, https:\/\/mouldking.store\/wp-content\/uploads\/2022\/09\/Movie-MOC-84957-Pikmin-S.S.-Dolphin-MOCBRICKLAND-1-768x768.jpg 768w, https:\/\/mouldking.store\/wp-content\/uploads\/2022\/09\/Movie-MOC-84957-Pikmin-S.S.-Dolphin-MOCBRICKLAND-1-600x600.jpg 600w, https:\/\/mouldking.store\/wp-content\/uploads\/2022\/09\/Movie-MOC-84957-Pikmin-S.S.-Dolphin-MOCBRICKLAND-1-150x150.jpg 150w, https:\/\/mouldking.store\/wp-content\/uploads\/2022\/09\/Movie-MOC-84957-Pikmin-S.S.-Dolphin-MOCBRICKLAND-1-60x60.jpg 60w, https:\/\/mouldking.store\/wp-content\/uploads\/2022\/09\/Movie-MOC-84957-Pikmin-S.S.-Dolphin-MOCBRICKLAND-1-90x90.jpg 90w\" sizes=\"(max-width: 800px) 100vw, 800px\" \/><figcaption id=\"caption-attachment-32806\" class=\"wp-caption-text\">MOC-84957 Pikmin SS Dolphin med 503 stykker<\/figcaption><\/figure>\n<figure id=\"attachment_32807\" aria-describedby=\"caption-attachment-32807\" style=\"width: 800px\" class=\"wp-caption aligncenter\"><img loading=\"lazy\" decoding=\"async\" class=\"wp-image-32807 size-full\" src=\"https:\/\/mouldking.store\/wp-content\/uploads\/2022\/09\/Movie-MOC-84957-Pikmin-S.S.-Dolphin-MOCBRICKLAND-11.jpg\" alt=\"MOC-84957 Pikmin S.S. Dolphin with 503 Pieces\" width=\"800\" height=\"800\" title=\"-\" srcset=\"https:\/\/mouldking.store\/wp-content\/uploads\/2022\/09\/Movie-MOC-84957-Pikmin-S.S.-Dolphin-MOCBRICKLAND-11.jpg 800w, https:\/\/mouldking.store\/wp-content\/uploads\/2022\/09\/Movie-MOC-84957-Pikmin-S.S.-Dolphin-MOCBRICKLAND-11-300x300.jpg 300w, https:\/\/mouldking.store\/wp-content\/uploads\/2022\/09\/Movie-MOC-84957-Pikmin-S.S.-Dolphin-MOCBRICKLAND-11-768x768.jpg 768w, https:\/\/mouldking.store\/wp-content\/uploads\/2022\/09\/Movie-MOC-84957-Pikmin-S.S.-Dolphin-MOCBRICKLAND-11-600x600.jpg 600w, https:\/\/mouldking.store\/wp-content\/uploads\/2022\/09\/Movie-MOC-84957-Pikmin-S.S.-Dolphin-MOCBRICKLAND-11-150x150.jpg 150w, https:\/\/mouldking.store\/wp-content\/uploads\/2022\/09\/Movie-MOC-84957-Pikmin-S.S.-Dolphin-MOCBRICKLAND-11-60x60.jpg 60w, https:\/\/mouldking.store\/wp-content\/uploads\/2022\/09\/Movie-MOC-84957-Pikmin-S.S.-Dolphin-MOCBRICKLAND-11-90x90.jpg 90w\" sizes=\"(max-width: 800px) 100vw, 800px\" \/><figcaption id=\"caption-attachment-32807\" class=\"wp-caption-text\">MOC-84957 Pikmin SS Dolphin med 503 stykker<\/figcaption><\/figure>\n<figure id=\"attachment_32814\" aria-describedby=\"caption-attachment-32814\" style=\"width: 800px\" class=\"wp-caption aligncenter\"><img loading=\"lazy\" decoding=\"async\" class=\"wp-image-32814 size-full\" src=\"https:\/\/mouldking.store\/wp-content\/uploads\/2022\/09\/Movie-MOC-84957-Pikmin-S.S.-Dolphin-MOCBRICKLAND-4.jpg\" alt=\"MOC-84957 Pikmin S.S. Dolphin with 503 Pieces\" width=\"800\" height=\"800\" title=\"-\" srcset=\"https:\/\/mouldking.store\/wp-content\/uploads\/2022\/09\/Movie-MOC-84957-Pikmin-S.S.-Dolphin-MOCBRICKLAND-4.jpg 800w, https:\/\/mouldking.store\/wp-content\/uploads\/2022\/09\/Movie-MOC-84957-Pikmin-S.S.-Dolphin-MOCBRICKLAND-4-300x300.jpg 300w, https:\/\/mouldking.store\/wp-content\/uploads\/2022\/09\/Movie-MOC-84957-Pikmin-S.S.-Dolphin-MOCBRICKLAND-4-768x768.jpg 768w, https:\/\/mouldking.store\/wp-content\/uploads\/2022\/09\/Movie-MOC-84957-Pikmin-S.S.-Dolphin-MOCBRICKLAND-4-600x600.jpg 600w, https:\/\/mouldking.store\/wp-content\/uploads\/2022\/09\/Movie-MOC-84957-Pikmin-S.S.-Dolphin-MOCBRICKLAND-4-150x150.jpg 150w, https:\/\/mouldking.store\/wp-content\/uploads\/2022\/09\/Movie-MOC-84957-Pikmin-S.S.-Dolphin-MOCBRICKLAND-4-60x60.jpg 60w, https:\/\/mouldking.store\/wp-content\/uploads\/2022\/09\/Movie-MOC-84957-Pikmin-S.S.-Dolphin-MOCBRICKLAND-4-90x90.jpg 90w\" sizes=\"(max-width: 800px) 100vw, 800px\" \/><figcaption id=\"caption-attachment-32814\" class=\"wp-caption-text\">MOC-84957 Pikmin SS Dolphin med 503 stykker<\/figcaption><\/figure>\n<figure id=\"attachment_32813\" aria-describedby=\"caption-attachment-32813\" style=\"width: 800px\" class=\"wp-caption aligncenter\"><img loading=\"lazy\" decoding=\"async\" class=\"wp-image-32813 size-full\" src=\"https:\/\/mouldking.store\/wp-content\/uploads\/2022\/09\/Movie-MOC-84957-Pikmin-S.S.-Dolphin-MOCBRICKLAND-5.jpg\" alt=\"MOC-84957 Pikmin S.S. Dolphin with 503 Pieces\" width=\"800\" height=\"800\" title=\"-\" srcset=\"https:\/\/mouldking.store\/wp-content\/uploads\/2022\/09\/Movie-MOC-84957-Pikmin-S.S.-Dolphin-MOCBRICKLAND-5.jpg 800w, https:\/\/mouldking.store\/wp-content\/uploads\/2022\/09\/Movie-MOC-84957-Pikmin-S.S.-Dolphin-MOCBRICKLAND-5-300x300.jpg 300w, https:\/\/mouldking.store\/wp-content\/uploads\/2022\/09\/Movie-MOC-84957-Pikmin-S.S.-Dolphin-MOCBRICKLAND-5-768x768.jpg 768w, https:\/\/mouldking.store\/wp-content\/uploads\/2022\/09\/Movie-MOC-84957-Pikmin-S.S.-Dolphin-MOCBRICKLAND-5-600x600.jpg 600w, https:\/\/mouldking.store\/wp-content\/uploads\/2022\/09\/Movie-MOC-84957-Pikmin-S.S.-Dolphin-MOCBRICKLAND-5-150x150.jpg 150w, https:\/\/mouldking.store\/wp-content\/uploads\/2022\/09\/Movie-MOC-84957-Pikmin-S.S.-Dolphin-MOCBRICKLAND-5-60x60.jpg 60w, https:\/\/mouldking.store\/wp-content\/uploads\/2022\/09\/Movie-MOC-84957-Pikmin-S.S.-Dolphin-MOCBRICKLAND-5-90x90.jpg 90w\" sizes=\"(max-width: 800px) 100vw, 800px\" \/><figcaption id=\"caption-attachment-32813\" class=\"wp-caption-text\">MOC-84957 Pikmin SS Dolphin med 503 stykker<\/figcaption><\/figure>\n<figure id=\"attachment_32812\" aria-describedby=\"caption-attachment-32812\" style=\"width: 800px\" class=\"wp-caption aligncenter\"><img loading=\"lazy\" decoding=\"async\" class=\"wp-image-32812 size-full\" src=\"https:\/\/mouldking.store\/wp-content\/uploads\/2022\/09\/Movie-MOC-84957-Pikmin-S.S.-Dolphin-MOCBRICKLAND-6.jpg\" alt=\"MOC-84957 Pikmin S.S. Dolphin with 503 Pieces\" width=\"800\" height=\"800\" title=\"-\" srcset=\"https:\/\/mouldking.store\/wp-content\/uploads\/2022\/09\/Movie-MOC-84957-Pikmin-S.S.-Dolphin-MOCBRICKLAND-6.jpg 800w, https:\/\/mouldking.store\/wp-content\/uploads\/2022\/09\/Movie-MOC-84957-Pikmin-S.S.-Dolphin-MOCBRICKLAND-6-300x300.jpg 300w, https:\/\/mouldking.store\/wp-content\/uploads\/2022\/09\/Movie-MOC-84957-Pikmin-S.S.-Dolphin-MOCBRICKLAND-6-768x768.jpg 768w, https:\/\/mouldking.store\/wp-content\/uploads\/2022\/09\/Movie-MOC-84957-Pikmin-S.S.-Dolphin-MOCBRICKLAND-6-600x600.jpg 600w, https:\/\/mouldking.store\/wp-content\/uploads\/2022\/09\/Movie-MOC-84957-Pikmin-S.S.-Dolphin-MOCBRICKLAND-6-150x150.jpg 150w, https:\/\/mouldking.store\/wp-content\/uploads\/2022\/09\/Movie-MOC-84957-Pikmin-S.S.-Dolphin-MOCBRICKLAND-6-60x60.jpg 60w, https:\/\/mouldking.store\/wp-content\/uploads\/2022\/09\/Movie-MOC-84957-Pikmin-S.S.-Dolphin-MOCBRICKLAND-6-90x90.jpg 90w\" sizes=\"(max-width: 800px) 100vw, 800px\" \/><figcaption id=\"caption-attachment-32812\" class=\"wp-caption-text\">MOC-84957 Pikmin SS Dolphin med 503 stykker<\/figcaption><\/figure>\n<figure id=\"attachment_32811\" aria-describedby=\"caption-attachment-32811\" style=\"width: 800px\" class=\"wp-caption aligncenter\"><img loading=\"lazy\" decoding=\"async\" class=\"wp-image-32811 size-full\" src=\"https:\/\/mouldking.store\/wp-content\/uploads\/2022\/09\/Movie-MOC-84957-Pikmin-S.S.-Dolphin-MOCBRICKLAND-7.jpg\" alt=\"MOC-84957 Pikmin S.S. Dolphin with 503 Pieces\" width=\"800\" height=\"800\" title=\"-\" srcset=\"https:\/\/mouldking.store\/wp-content\/uploads\/2022\/09\/Movie-MOC-84957-Pikmin-S.S.-Dolphin-MOCBRICKLAND-7.jpg 800w, https:\/\/mouldking.store\/wp-content\/uploads\/2022\/09\/Movie-MOC-84957-Pikmin-S.S.-Dolphin-MOCBRICKLAND-7-300x300.jpg 300w, https:\/\/mouldking.store\/wp-content\/uploads\/2022\/09\/Movie-MOC-84957-Pikmin-S.S.-Dolphin-MOCBRICKLAND-7-768x768.jpg 768w, https:\/\/mouldking.store\/wp-content\/uploads\/2022\/09\/Movie-MOC-84957-Pikmin-S.S.-Dolphin-MOCBRICKLAND-7-600x600.jpg 600w, https:\/\/mouldking.store\/wp-content\/uploads\/2022\/09\/Movie-MOC-84957-Pikmin-S.S.-Dolphin-MOCBRICKLAND-7-150x150.jpg 150w, https:\/\/mouldking.store\/wp-content\/uploads\/2022\/09\/Movie-MOC-84957-Pikmin-S.S.-Dolphin-MOCBRICKLAND-7-60x60.jpg 60w, https:\/\/mouldking.store\/wp-content\/uploads\/2022\/09\/Movie-MOC-84957-Pikmin-S.S.-Dolphin-MOCBRICKLAND-7-90x90.jpg 90w\" sizes=\"(max-width: 800px) 100vw, 800px\" \/><figcaption id=\"caption-attachment-32811\" class=\"wp-caption-text\">MOC-84957 Pikmin SS Dolphin med 503 stykker<\/figcaption><\/figure>\n<figure id=\"attachment_32810\" aria-describedby=\"caption-attachment-32810\" style=\"width: 800px\" class=\"wp-caption aligncenter\"><img loading=\"lazy\" decoding=\"async\" class=\"wp-image-32810 size-full\" src=\"https:\/\/mouldking.store\/wp-content\/uploads\/2022\/09\/Movie-MOC-84957-Pikmin-S.S.-Dolphin-MOCBRICKLAND-8.jpg\" alt=\"MOC-84957 Pikmin S.S. Dolphin with 503 Pieces\" width=\"800\" height=\"800\" title=\"-\" srcset=\"https:\/\/mouldking.store\/wp-content\/uploads\/2022\/09\/Movie-MOC-84957-Pikmin-S.S.-Dolphin-MOCBRICKLAND-8.jpg 800w, https:\/\/mouldking.store\/wp-content\/uploads\/2022\/09\/Movie-MOC-84957-Pikmin-S.S.-Dolphin-MOCBRICKLAND-8-300x300.jpg 300w, https:\/\/mouldking.store\/wp-content\/uploads\/2022\/09\/Movie-MOC-84957-Pikmin-S.S.-Dolphin-MOCBRICKLAND-8-768x768.jpg 768w, https:\/\/mouldking.store\/wp-content\/uploads\/2022\/09\/Movie-MOC-84957-Pikmin-S.S.-Dolphin-MOCBRICKLAND-8-600x600.jpg 600w, https:\/\/mouldking.store\/wp-content\/uploads\/2022\/09\/Movie-MOC-84957-Pikmin-S.S.-Dolphin-MOCBRICKLAND-8-150x150.jpg 150w, https:\/\/mouldking.store\/wp-content\/uploads\/2022\/09\/Movie-MOC-84957-Pikmin-S.S.-Dolphin-MOCBRICKLAND-8-60x60.jpg 60w, https:\/\/mouldking.store\/wp-content\/uploads\/2022\/09\/Movie-MOC-84957-Pikmin-S.S.-Dolphin-MOCBRICKLAND-8-90x90.jpg 90w\" sizes=\"(max-width: 800px) 100vw, 800px\" \/><figcaption id=\"caption-attachment-32810\" class=\"wp-caption-text\">MOC-84957 Pikmin SS Dolphin med 503 stykker<\/figcaption><\/figure>\n<figure id=\"attachment_32808\" aria-describedby=\"caption-attachment-32808\" style=\"width: 800px\" class=\"wp-caption aligncenter\"><img loading=\"lazy\" decoding=\"async\" class=\"wp-image-32808 size-full\" src=\"https:\/\/mouldking.store\/wp-content\/uploads\/2022\/09\/Movie-MOC-84957-Pikmin-S.S.-Dolphin-MOCBRICKLAND-10.jpg\" alt=\"MOC-84957 Pikmin S.S. Dolphin with 503 Pieces\" width=\"800\" height=\"800\" title=\"-\" srcset=\"https:\/\/mouldking.store\/wp-content\/uploads\/2022\/09\/Movie-MOC-84957-Pikmin-S.S.-Dolphin-MOCBRICKLAND-10.jpg 800w, https:\/\/mouldking.store\/wp-content\/uploads\/2022\/09\/Movie-MOC-84957-Pikmin-S.S.-Dolphin-MOCBRICKLAND-10-300x300.jpg 300w, https:\/\/mouldking.store\/wp-content\/uploads\/2022\/09\/Movie-MOC-84957-Pikmin-S.S.-Dolphin-MOCBRICKLAND-10-768x768.jpg 768w, https:\/\/mouldking.store\/wp-content\/uploads\/2022\/09\/Movie-MOC-84957-Pikmin-S.S.-Dolphin-MOCBRICKLAND-10-600x600.jpg 600w, https:\/\/mouldking.store\/wp-content\/uploads\/2022\/09\/Movie-MOC-84957-Pikmin-S.S.-Dolphin-MOCBRICKLAND-10-150x150.jpg 150w, https:\/\/mouldking.store\/wp-content\/uploads\/2022\/09\/Movie-MOC-84957-Pikmin-S.S.-Dolphin-MOCBRICKLAND-10-60x60.jpg 60w, https:\/\/mouldking.store\/wp-content\/uploads\/2022\/09\/Movie-MOC-84957-Pikmin-S.S.-Dolphin-MOCBRICKLAND-10-90x90.jpg 90w\" sizes=\"(max-width: 800px) 100vw, 800px\" \/><figcaption id=\"caption-attachment-32808\" class=\"wp-caption-text\">MOC-84957 Pikmin SS Dolphin med 503 stykker<\/figcaption><\/figure>","protected":false},"excerpt":{"rendered":"<p>Product information: Brand: MOC Gender: Unisex Name: Pikmin S.S. Dolphin Age Range: &gt; 6 years old Model Number: C9100 Classification: Assemblage Plastic Block Shape: Self-Locking Bricks Material: Plastic Plastic Type: ABS Bricks Blocks: 503 PCS Dimensions: 11.8 x 11 x 18.1 cm Weight: 0.33 kg Contains detailed assembly instructions. Notice: 1. Without an original box, [&hellip;]<\/p>","protected":false},"author":105,"featured_media":32809,"comment_status":"closed","ping_status":"closed","template":"","meta":{"_acf_changed":false},"product_cat":[6016],"product_tag":[6018,6017,6019],"class_list":["product","first","instock","shipping-taxable","purchasable","product-type-simple"],"acf":[],"_links":{"self":[{"href":"https:\/\/mouldking.store\/nb\/wp-json\/wp\/v2\/product\/32803","targetHints":{"allow":["GET"]}}],"collection":[{"href":"https:\/\/mouldking.store\/nb\/wp-json\/wp\/v2\/product"}],"about":[{"href":"https:\/\/mouldking.store\/nb\/wp-json\/wp\/v2\/types\/product"}],"author":[{"embeddable":true,"href":"https:\/\/mouldking.store\/nb\/wp-json\/wp\/v2\/users\/105"}],"replies":[{"embeddable":true,"href":"https:\/\/mouldking.store\/nb\/wp-json\/wp\/v2\/comments?post=32803"}],"wp:featuredmedia":[{"embeddable":true,"href":"https:\/\/mouldking.store\/nb\/wp-json\/wp\/v2\/media\/32809"}],"wp:attachment":[{"href":"https:\/\/mouldking.store\/nb\/wp-json\/wp\/v2\/media?parent=32803"}],"wp:term":[{"taxonomy":"product_cat","embeddable":true,"href":"https:\/\/mouldking.store\/nb\/wp-json\/wp\/v2\/product_cat?post=32803"},{"taxonomy":"product_tag","embeddable":true,"href":"https:\/\/mouldking.store\/nb\/wp-json\/wp\/v2\/product_tag?post=32803"}],"curies":[{"name":"wp","href":"https:\/\/api.w.org\/{rel}","templated":true}]}}