{"id":32896,"date":"2022-10-11T10:33:28","date_gmt":"2022-10-11T03:33:28","guid":{"rendered":"https:\/\/mouldking.store\/?post_type=product&#038;p=32896"},"modified":"2022-10-11T10:33:28","modified_gmt":"2022-10-11T03:33:28","slug":"zhegao-dz6002-train-coffee-house-with-1081-pieces","status":"publish","type":"product","link":"https:\/\/mouldking.store\/nb\/shop\/zhegao-dz6002-train-coffee-house-with-1081-pieces\/","title":{"rendered":"ZHEGAO DZ6002 Train Coffee House med 1081 stykker"},"content":{"rendered":"<p>Produktinformasjon:<\/p>\n<ol>\n<li>Merke: ZHEGAO<\/li>\n<li>Kj\u00f8nn: Unisex<\/li>\n<li>Name: Train Coffee House<\/li>\n<li>Aldersgruppe: &gt; 6 \u00e5r gammel<\/li>\n<li>Model Number: DZ6002<\/li>\n<li>Klassifisering: Montering<\/li>\n<li>Plastblokkform: Selvl\u00e5sende murstein<\/li>\n<li>Materiale: Plast<\/li>\n<li>Plasttype: ABS<\/li>\n<li>Bricks Blocks: 1081 PCS<\/li>\n<li>Inneholder detaljerte monteringsanvisninger.<\/li>\n<\/ol>\n<p>Legge merke til:<br \/>\n1. Uten original eske, men vi garanterer at v\u00e5re produkter har kvalitetssikring og pen emballasje.<br \/>\n2. Som alle delene vi har sjekket f\u00f8r frakt, s\u00e5 hvis du finner noen deler savnet eller skadet, ikke bekymre deg og bare kontakt oss, s\u00e5 kan vi sende dem til deg p\u00e5 nytt umiddelbart gratis.<\/p>\n<p>&nbsp;<\/p>\n<figure id=\"attachment_32897\" aria-describedby=\"caption-attachment-32897\" style=\"width: 1024px\" class=\"wp-caption aligncenter\"><img fetchpriority=\"high\" decoding=\"async\" class=\"wp-image-32897 size-large\" src=\"https:\/\/mouldking.store\/wp-content\/uploads\/2022\/10\/Modular-Building-ZHEGAO-DZ6002-Train-Coffee-House-1-1024x1024.jpg\" alt=\"ZHEGAO DZ6002 Train Coffee House with 1081 Pieces\" width=\"1024\" height=\"1024\" title=\"-\" srcset=\"https:\/\/mouldking.store\/wp-content\/uploads\/2022\/10\/Modular-Building-ZHEGAO-DZ6002-Train-Coffee-House-1-1024x1024.jpg 1024w, https:\/\/mouldking.store\/wp-content\/uploads\/2022\/10\/Modular-Building-ZHEGAO-DZ6002-Train-Coffee-House-1-300x300.jpg 300w, https:\/\/mouldking.store\/wp-content\/uploads\/2022\/10\/Modular-Building-ZHEGAO-DZ6002-Train-Coffee-House-1-768x768.jpg 768w, https:\/\/mouldking.store\/wp-content\/uploads\/2022\/10\/Modular-Building-ZHEGAO-DZ6002-Train-Coffee-House-1-600x600.jpg 600w, https:\/\/mouldking.store\/wp-content\/uploads\/2022\/10\/Modular-Building-ZHEGAO-DZ6002-Train-Coffee-House-1-150x150.jpg 150w, https:\/\/mouldking.store\/wp-content\/uploads\/2022\/10\/Modular-Building-ZHEGAO-DZ6002-Train-Coffee-House-1-60x60.jpg 60w, https:\/\/mouldking.store\/wp-content\/uploads\/2022\/10\/Modular-Building-ZHEGAO-DZ6002-Train-Coffee-House-1-90x90.jpg 90w, https:\/\/mouldking.store\/wp-content\/uploads\/2022\/10\/Modular-Building-ZHEGAO-DZ6002-Train-Coffee-House-1.jpg 1080w\" sizes=\"(max-width: 1024px) 100vw, 1024px\" \/><figcaption id=\"caption-attachment-32897\" class=\"wp-caption-text\">ZHEGAO DZ6002 Train Coffee House med 1081 stykker<\/figcaption><\/figure>\n<figure id=\"attachment_32899\" aria-describedby=\"caption-attachment-32899\" style=\"width: 1024px\" class=\"wp-caption aligncenter\"><img decoding=\"async\" class=\"wp-image-32899 size-large\" src=\"https:\/\/mouldking.store\/wp-content\/uploads\/2022\/10\/Modular-Building-ZHEGAO-DZ6002-Train-Coffee-House-3-1024x1021.jpg\" alt=\"ZHEGAO DZ6002 Train Coffee House with 1081 Pieces\" width=\"1024\" height=\"1021\" title=\"-\" srcset=\"https:\/\/mouldking.store\/wp-content\/uploads\/2022\/10\/Modular-Building-ZHEGAO-DZ6002-Train-Coffee-House-3-1024x1021.jpg 1024w, https:\/\/mouldking.store\/wp-content\/uploads\/2022\/10\/Modular-Building-ZHEGAO-DZ6002-Train-Coffee-House-3-300x299.jpg 300w, https:\/\/mouldking.store\/wp-content\/uploads\/2022\/10\/Modular-Building-ZHEGAO-DZ6002-Train-Coffee-House-3-768x766.jpg 768w, https:\/\/mouldking.store\/wp-content\/uploads\/2022\/10\/Modular-Building-ZHEGAO-DZ6002-Train-Coffee-House-3-600x598.jpg 600w, https:\/\/mouldking.store\/wp-content\/uploads\/2022\/10\/Modular-Building-ZHEGAO-DZ6002-Train-Coffee-House-3-150x150.jpg 150w, https:\/\/mouldking.store\/wp-content\/uploads\/2022\/10\/Modular-Building-ZHEGAO-DZ6002-Train-Coffee-House-3-60x60.jpg 60w, https:\/\/mouldking.store\/wp-content\/uploads\/2022\/10\/Modular-Building-ZHEGAO-DZ6002-Train-Coffee-House-3-90x90.jpg 90w, https:\/\/mouldking.store\/wp-content\/uploads\/2022\/10\/Modular-Building-ZHEGAO-DZ6002-Train-Coffee-House-3.jpg 1080w\" sizes=\"(max-width: 1024px) 100vw, 1024px\" \/><figcaption id=\"caption-attachment-32899\" class=\"wp-caption-text\">ZHEGAO DZ6002 Train Coffee House med 1081 stykker<\/figcaption><\/figure>\n<figure id=\"attachment_32900\" aria-describedby=\"caption-attachment-32900\" style=\"width: 1024px\" class=\"wp-caption aligncenter\"><img decoding=\"async\" class=\"wp-image-32900 size-large\" src=\"https:\/\/mouldking.store\/wp-content\/uploads\/2022\/10\/Modular-Building-ZHEGAO-DZ6002-Train-Coffee-House-4-1024x1024.jpg\" alt=\"ZHEGAO DZ6002 Train Coffee House with 1081 Pieces\" width=\"1024\" height=\"1024\" title=\"-\" srcset=\"https:\/\/mouldking.store\/wp-content\/uploads\/2022\/10\/Modular-Building-ZHEGAO-DZ6002-Train-Coffee-House-4-1024x1024.jpg 1024w, https:\/\/mouldking.store\/wp-content\/uploads\/2022\/10\/Modular-Building-ZHEGAO-DZ6002-Train-Coffee-House-4-300x300.jpg 300w, https:\/\/mouldking.store\/wp-content\/uploads\/2022\/10\/Modular-Building-ZHEGAO-DZ6002-Train-Coffee-House-4-768x768.jpg 768w, https:\/\/mouldking.store\/wp-content\/uploads\/2022\/10\/Modular-Building-ZHEGAO-DZ6002-Train-Coffee-House-4-600x600.jpg 600w, https:\/\/mouldking.store\/wp-content\/uploads\/2022\/10\/Modular-Building-ZHEGAO-DZ6002-Train-Coffee-House-4-150x150.jpg 150w, https:\/\/mouldking.store\/wp-content\/uploads\/2022\/10\/Modular-Building-ZHEGAO-DZ6002-Train-Coffee-House-4-60x60.jpg 60w, https:\/\/mouldking.store\/wp-content\/uploads\/2022\/10\/Modular-Building-ZHEGAO-DZ6002-Train-Coffee-House-4-90x90.jpg 90w, https:\/\/mouldking.store\/wp-content\/uploads\/2022\/10\/Modular-Building-ZHEGAO-DZ6002-Train-Coffee-House-4.jpg 1080w\" sizes=\"(max-width: 1024px) 100vw, 1024px\" \/><figcaption id=\"caption-attachment-32900\" class=\"wp-caption-text\">ZHEGAO DZ6002 Train Coffee House med 1081 stykker<\/figcaption><\/figure>\n<figure id=\"attachment_32898\" aria-describedby=\"caption-attachment-32898\" style=\"width: 1000px\" class=\"wp-caption aligncenter\"><img loading=\"lazy\" decoding=\"async\" class=\"wp-image-32898 size-full\" src=\"https:\/\/mouldking.store\/wp-content\/uploads\/2022\/10\/Modular-Building-ZHEGAO-DZ6002-Train-Coffee-House-2.jpg\" alt=\"ZHEGAO DZ6002 Train Coffee House with 1081 Pieces\" width=\"1000\" height=\"1000\" title=\"-\" srcset=\"https:\/\/mouldking.store\/wp-content\/uploads\/2022\/10\/Modular-Building-ZHEGAO-DZ6002-Train-Coffee-House-2.jpg 1000w, https:\/\/mouldking.store\/wp-content\/uploads\/2022\/10\/Modular-Building-ZHEGAO-DZ6002-Train-Coffee-House-2-300x300.jpg 300w, https:\/\/mouldking.store\/wp-content\/uploads\/2022\/10\/Modular-Building-ZHEGAO-DZ6002-Train-Coffee-House-2-768x768.jpg 768w, https:\/\/mouldking.store\/wp-content\/uploads\/2022\/10\/Modular-Building-ZHEGAO-DZ6002-Train-Coffee-House-2-600x600.jpg 600w, https:\/\/mouldking.store\/wp-content\/uploads\/2022\/10\/Modular-Building-ZHEGAO-DZ6002-Train-Coffee-House-2-150x150.jpg 150w, https:\/\/mouldking.store\/wp-content\/uploads\/2022\/10\/Modular-Building-ZHEGAO-DZ6002-Train-Coffee-House-2-60x60.jpg 60w, https:\/\/mouldking.store\/wp-content\/uploads\/2022\/10\/Modular-Building-ZHEGAO-DZ6002-Train-Coffee-House-2-90x90.jpg 90w\" sizes=\"(max-width: 1000px) 100vw, 1000px\" \/><figcaption id=\"caption-attachment-32898\" class=\"wp-caption-text\">ZHEGAO DZ6002 Train Coffee House med 1081 stykker<\/figcaption><\/figure>","protected":false},"excerpt":{"rendered":"<p>Product information: Brand: ZHEGAO Gender: Unisex Name: Train Coffee House Age Range: &gt; 6 years old Model Number: DZ6002 Classification: Assemblage Plastic Block Shape: Self-Locking Bricks Material: Plastic Plastic Type: ABS Bricks Blocks: 1081 PCS Contains detailed assembly instructions. Notice: 1. Without an original box, but we guarantee our products have quality assurance and nice [&hellip;]<\/p>","protected":false},"featured_media":32897,"comment_status":"closed","ping_status":"closed","template":"","meta":{"_acf_changed":false},"product_cat":[390],"product_tag":[6025,6024,6026,6023],"class_list":["product","first","instock","shipping-taxable","purchasable","product-type-simple"],"acf":[],"_links":{"self":[{"href":"https:\/\/mouldking.store\/nb\/wp-json\/wp\/v2\/product\/32896","targetHints":{"allow":["GET"]}}],"collection":[{"href":"https:\/\/mouldking.store\/nb\/wp-json\/wp\/v2\/product"}],"about":[{"href":"https:\/\/mouldking.store\/nb\/wp-json\/wp\/v2\/types\/product"}],"replies":[{"embeddable":true,"href":"https:\/\/mouldking.store\/nb\/wp-json\/wp\/v2\/comments?post=32896"}],"wp:featuredmedia":[{"embeddable":true,"href":"https:\/\/mouldking.store\/nb\/wp-json\/wp\/v2\/media\/32897"}],"wp:attachment":[{"href":"https:\/\/mouldking.store\/nb\/wp-json\/wp\/v2\/media?parent=32896"}],"wp:term":[{"taxonomy":"product_cat","embeddable":true,"href":"https:\/\/mouldking.store\/nb\/wp-json\/wp\/v2\/product_cat?post=32896"},{"taxonomy":"product_tag","embeddable":true,"href":"https:\/\/mouldking.store\/nb\/wp-json\/wp\/v2\/product_tag?post=32896"}],"curies":[{"name":"wp","href":"https:\/\/api.w.org\/{rel}","templated":true}]}}