{"id":32902,"date":"2022-10-11T10:37:24","date_gmt":"2022-10-11T03:37:24","guid":{"rendered":"https:\/\/mouldking.store\/?post_type=product&#038;p=32902"},"modified":"2022-12-14T15:29:54","modified_gmt":"2022-12-14T08:29:54","slug":"panlos-628010-t28-heavy-tank-with-2986-pieces","status":"publish","type":"product","link":"https:\/\/mouldking.store\/nb\/shop\/panlos-628010-t28-heavy-tank-with-2986-pieces\/","title":{"rendered":"PANLOS 628010 T28 Heavy Tank with 2986 Pieces"},"content":{"rendered":"<p>Produktinformasjon:<\/p>\n<ol>\n<li>Merke: PANLOS<\/li>\n<li>Kj\u00f8nn: Unisex<\/li>\n<li>Name: T28 Heavy Tank<\/li>\n<li>Aldersgruppe: &gt; 6 \u00e5r gammel<\/li>\n<li>Model Number: 628010<\/li>\n<li>Klassifisering: Montering<\/li>\n<li>Plastblokkform: Selvl\u00e5sende murstein<\/li>\n<li>Materiale: Plast<\/li>\n<li>Plasttype: ABS<\/li>\n<li>Bricks Blocks: 2986 PCS<\/li>\n<li>Inneholder detaljerte monteringsanvisninger.<\/li>\n<\/ol>\n<p>Legge merke til:<br \/>\n1. Uten original eske, men vi garanterer at v\u00e5re produkter har kvalitetssikring og pen emballasje.<br \/>\n2. Som alle delene vi har sjekket f\u00f8r frakt, s\u00e5 hvis du finner noen deler savnet eller skadet, ikke bekymre deg og bare kontakt oss, s\u00e5 kan vi sende dem til deg p\u00e5 nytt umiddelbart gratis.<\/p>\n<figure id=\"attachment_32903\" aria-describedby=\"caption-attachment-32903\" style=\"width: 800px\" class=\"wp-caption aligncenter\"><img fetchpriority=\"high\" decoding=\"async\" class=\"wp-image-32903 size-full\" src=\"https:\/\/mouldking.store\/wp-content\/uploads\/2022\/10\/Military-PANLOS-628010-T28-Heavy-Tank-1.jpg\" alt=\"PANLOS 628010 T28 Heavy Tank with 2986 Pieces\" width=\"800\" height=\"800\" title=\"-\" srcset=\"https:\/\/mouldking.store\/wp-content\/uploads\/2022\/10\/Military-PANLOS-628010-T28-Heavy-Tank-1.jpg 800w, https:\/\/mouldking.store\/wp-content\/uploads\/2022\/10\/Military-PANLOS-628010-T28-Heavy-Tank-1-300x300.jpg 300w, https:\/\/mouldking.store\/wp-content\/uploads\/2022\/10\/Military-PANLOS-628010-T28-Heavy-Tank-1-768x768.jpg 768w, https:\/\/mouldking.store\/wp-content\/uploads\/2022\/10\/Military-PANLOS-628010-T28-Heavy-Tank-1-600x600.jpg 600w, https:\/\/mouldking.store\/wp-content\/uploads\/2022\/10\/Military-PANLOS-628010-T28-Heavy-Tank-1-150x150.jpg 150w, https:\/\/mouldking.store\/wp-content\/uploads\/2022\/10\/Military-PANLOS-628010-T28-Heavy-Tank-1-60x60.jpg 60w, https:\/\/mouldking.store\/wp-content\/uploads\/2022\/10\/Military-PANLOS-628010-T28-Heavy-Tank-1-90x90.jpg 90w\" sizes=\"(max-width: 800px) 100vw, 800px\" \/><figcaption id=\"caption-attachment-32903\" class=\"wp-caption-text\">PANLOS 628010 T28 Heavy Tank with 2986 Pieces<\/figcaption><\/figure>\n<figure id=\"attachment_32906\" aria-describedby=\"caption-attachment-32906\" style=\"width: 800px\" class=\"wp-caption aligncenter\"><img decoding=\"async\" class=\"wp-image-32906 size-full\" src=\"https:\/\/mouldking.store\/wp-content\/uploads\/2022\/10\/Military-PANLOS-628010-T28-Heavy-Tank-4.jpg\" alt=\"PANLOS 628010 T28 Heavy Tank with 2986 Pieces\" width=\"800\" height=\"800\" title=\"-\" srcset=\"https:\/\/mouldking.store\/wp-content\/uploads\/2022\/10\/Military-PANLOS-628010-T28-Heavy-Tank-4.jpg 800w, https:\/\/mouldking.store\/wp-content\/uploads\/2022\/10\/Military-PANLOS-628010-T28-Heavy-Tank-4-300x300.jpg 300w, https:\/\/mouldking.store\/wp-content\/uploads\/2022\/10\/Military-PANLOS-628010-T28-Heavy-Tank-4-768x768.jpg 768w, https:\/\/mouldking.store\/wp-content\/uploads\/2022\/10\/Military-PANLOS-628010-T28-Heavy-Tank-4-600x600.jpg 600w, https:\/\/mouldking.store\/wp-content\/uploads\/2022\/10\/Military-PANLOS-628010-T28-Heavy-Tank-4-150x150.jpg 150w, https:\/\/mouldking.store\/wp-content\/uploads\/2022\/10\/Military-PANLOS-628010-T28-Heavy-Tank-4-60x60.jpg 60w, https:\/\/mouldking.store\/wp-content\/uploads\/2022\/10\/Military-PANLOS-628010-T28-Heavy-Tank-4-90x90.jpg 90w\" sizes=\"(max-width: 800px) 100vw, 800px\" \/><figcaption id=\"caption-attachment-32906\" class=\"wp-caption-text\">PANLOS 628010 T28 Heavy Tank with 2986 Pieces<\/figcaption><\/figure>\n<figure id=\"attachment_32904\" aria-describedby=\"caption-attachment-32904\" style=\"width: 732px\" class=\"wp-caption aligncenter\"><img decoding=\"async\" class=\"wp-image-32904 size-full\" src=\"https:\/\/mouldking.store\/wp-content\/uploads\/2022\/10\/Military-PANLOS-628010-T28-Heavy-Tank-2.jpg\" alt=\"PANLOS 628010 T28 Heavy Tank with 2986 Pieces\" width=\"732\" height=\"1024\" title=\"-\" srcset=\"https:\/\/mouldking.store\/wp-content\/uploads\/2022\/10\/Military-PANLOS-628010-T28-Heavy-Tank-2.jpg 732w, https:\/\/mouldking.store\/wp-content\/uploads\/2022\/10\/Military-PANLOS-628010-T28-Heavy-Tank-2-214x300.jpg 214w, https:\/\/mouldking.store\/wp-content\/uploads\/2022\/10\/Military-PANLOS-628010-T28-Heavy-Tank-2-300x420.jpg 300w, https:\/\/mouldking.store\/wp-content\/uploads\/2022\/10\/Military-PANLOS-628010-T28-Heavy-Tank-2-600x839.jpg 600w, https:\/\/mouldking.store\/wp-content\/uploads\/2022\/10\/Military-PANLOS-628010-T28-Heavy-Tank-2-107x150.jpg 107w, https:\/\/mouldking.store\/wp-content\/uploads\/2022\/10\/Military-PANLOS-628010-T28-Heavy-Tank-2-43x60.jpg 43w, https:\/\/mouldking.store\/wp-content\/uploads\/2022\/10\/Military-PANLOS-628010-T28-Heavy-Tank-2-64x90.jpg 64w\" sizes=\"(max-width: 732px) 100vw, 732px\" \/><figcaption id=\"caption-attachment-32904\" class=\"wp-caption-text\">PANLOS 628010 T28 Heavy Tank with 2986 Pieces<\/figcaption><\/figure>\n<figure id=\"attachment_32905\" aria-describedby=\"caption-attachment-32905\" style=\"width: 855px\" class=\"wp-caption aligncenter\"><img loading=\"lazy\" decoding=\"async\" class=\"wp-image-32905 size-full\" src=\"https:\/\/mouldking.store\/wp-content\/uploads\/2022\/10\/Military-PANLOS-628010-T28-Heavy-Tank-3.jpg\" alt=\"PANLOS 628010 T28 Heavy Tank with 2986 Pieces\" width=\"855\" height=\"1024\" title=\"-\" srcset=\"https:\/\/mouldking.store\/wp-content\/uploads\/2022\/10\/Military-PANLOS-628010-T28-Heavy-Tank-3.jpg 855w, https:\/\/mouldking.store\/wp-content\/uploads\/2022\/10\/Military-PANLOS-628010-T28-Heavy-Tank-3-250x300.jpg 250w, https:\/\/mouldking.store\/wp-content\/uploads\/2022\/10\/Military-PANLOS-628010-T28-Heavy-Tank-3-768x920.jpg 768w, https:\/\/mouldking.store\/wp-content\/uploads\/2022\/10\/Military-PANLOS-628010-T28-Heavy-Tank-3-300x359.jpg 300w, https:\/\/mouldking.store\/wp-content\/uploads\/2022\/10\/Military-PANLOS-628010-T28-Heavy-Tank-3-600x719.jpg 600w, https:\/\/mouldking.store\/wp-content\/uploads\/2022\/10\/Military-PANLOS-628010-T28-Heavy-Tank-3-125x150.jpg 125w, https:\/\/mouldking.store\/wp-content\/uploads\/2022\/10\/Military-PANLOS-628010-T28-Heavy-Tank-3-50x60.jpg 50w, https:\/\/mouldking.store\/wp-content\/uploads\/2022\/10\/Military-PANLOS-628010-T28-Heavy-Tank-3-75x90.jpg 75w\" sizes=\"(max-width: 855px) 100vw, 855px\" \/><figcaption id=\"caption-attachment-32905\" class=\"wp-caption-text\">PANLOS 628010 T28 Heavy Tank with 2986 Pieces<\/figcaption><\/figure>","protected":false},"excerpt":{"rendered":"<p>Product information: Brand: PANLOS Gender: Unisex Name: T28 Heavy Tank Age Range: &gt; 6 years old Model Number: 628010 Classification: Assemblage Plastic Block Shape: Self-Locking Bricks Material: Plastic Plastic Type: ABS Bricks Blocks: 2986 PCS Contains detailed assembly instructions. Notice: 1. Without an original box, but we guarantee our products have quality assurance and nice [&hellip;]<\/p>","protected":false},"featured_media":32903,"comment_status":"closed","ping_status":"closed","template":"","meta":{"_acf_changed":false},"product_cat":[372],"product_tag":[6029,6028,6027,6030],"class_list":["product","first","instock","shipping-taxable","purchasable","product-type-simple"],"acf":[],"_links":{"self":[{"href":"https:\/\/mouldking.store\/nb\/wp-json\/wp\/v2\/product\/32902","targetHints":{"allow":["GET"]}}],"collection":[{"href":"https:\/\/mouldking.store\/nb\/wp-json\/wp\/v2\/product"}],"about":[{"href":"https:\/\/mouldking.store\/nb\/wp-json\/wp\/v2\/types\/product"}],"replies":[{"embeddable":true,"href":"https:\/\/mouldking.store\/nb\/wp-json\/wp\/v2\/comments?post=32902"}],"wp:featuredmedia":[{"embeddable":true,"href":"https:\/\/mouldking.store\/nb\/wp-json\/wp\/v2\/media\/32903"}],"wp:attachment":[{"href":"https:\/\/mouldking.store\/nb\/wp-json\/wp\/v2\/media?parent=32902"}],"wp:term":[{"taxonomy":"product_cat","embeddable":true,"href":"https:\/\/mouldking.store\/nb\/wp-json\/wp\/v2\/product_cat?post=32902"},{"taxonomy":"product_tag","embeddable":true,"href":"https:\/\/mouldking.store\/nb\/wp-json\/wp\/v2\/product_tag?post=32902"}],"curies":[{"name":"wp","href":"https:\/\/api.w.org\/{rel}","templated":true}]}}