{"id":33038,"date":"2022-10-11T13:13:14","date_gmt":"2022-10-11T06:13:14","guid":{"rendered":"https:\/\/mouldking.store\/?post_type=product&#038;p=33038"},"modified":"2024-03-11T15:58:03","modified_gmt":"2024-03-11T08:58:03","slug":"tgl-t5026a-gt2rs-911-silver-with-3389-pieces","status":"publish","type":"product","link":"https:\/\/mouldking.store\/nb\/shop\/tgl-t5026a-gt2rs-911-silver-with-3389-pieces\/","title":{"rendered":"TGL T5026A GT2RS \u2013 911 S\u00f8lv med 3389 stk"},"content":{"rendered":"<p>Produktinformasjon:<\/p>\n<ol>\n<li>Merke: TGL<\/li>\n<li>Kj\u00f8nn: Unisex<\/li>\n<li>Name: GT2RS \u2013 911 Silver<\/li>\n<li>Aldersgruppe: &gt; 6 \u00e5r gammel<\/li>\n<li>Model Number: T5026A<\/li>\n<li>Klassifisering: Montering<\/li>\n<li>Plastblokkform: Selvl\u00e5sende murstein<\/li>\n<li>Materiale: Plast<\/li>\n<li>Plasttype: ABS<\/li>\n<li>Bricks Blocks: 3389 PCS<\/li>\n<li>Inneholder detaljerte monteringsanvisninger.<\/li>\n<\/ol>\n<p>Legge merke til:<br \/>\n1. Uten original eske, men vi garanterer at v\u00e5re produkter har kvalitetssikring og pen emballasje.<br \/>\n2. Som alle delene vi har sjekket f\u00f8r frakt, s\u00e5 hvis du finner noen deler savnet eller skadet, ikke bekymre deg og bare kontakt oss, s\u00e5 kan vi sende dem til deg p\u00e5 nytt umiddelbart gratis.<\/p>\n<p>&nbsp;<\/p>\n<figure id=\"attachment_33039\" aria-describedby=\"caption-attachment-33039\" style=\"width: 800px\" class=\"wp-caption aligncenter\"><img fetchpriority=\"high\" decoding=\"async\" class=\"wp-image-33039 size-full\" src=\"https:\/\/mouldking.store\/wp-content\/uploads\/2022\/10\/Technic-TGL-T5026A-GT2RS-911-Silver-1.jpg\" alt=\"TGL T5026A GT2RS \u2013 911 Silver with 3389 Pieces\" width=\"800\" height=\"800\" title=\"-\" srcset=\"https:\/\/mouldking.store\/wp-content\/uploads\/2022\/10\/Technic-TGL-T5026A-GT2RS-911-Silver-1.jpg 800w, https:\/\/mouldking.store\/wp-content\/uploads\/2022\/10\/Technic-TGL-T5026A-GT2RS-911-Silver-1-300x300.jpg 300w, https:\/\/mouldking.store\/wp-content\/uploads\/2022\/10\/Technic-TGL-T5026A-GT2RS-911-Silver-1-768x768.jpg 768w, https:\/\/mouldking.store\/wp-content\/uploads\/2022\/10\/Technic-TGL-T5026A-GT2RS-911-Silver-1-600x600.jpg 600w, https:\/\/mouldking.store\/wp-content\/uploads\/2022\/10\/Technic-TGL-T5026A-GT2RS-911-Silver-1-150x150.jpg 150w, https:\/\/mouldking.store\/wp-content\/uploads\/2022\/10\/Technic-TGL-T5026A-GT2RS-911-Silver-1-60x60.jpg 60w, https:\/\/mouldking.store\/wp-content\/uploads\/2022\/10\/Technic-TGL-T5026A-GT2RS-911-Silver-1-90x90.jpg 90w\" sizes=\"(max-width: 800px) 100vw, 800px\" \/><figcaption id=\"caption-attachment-33039\" class=\"wp-caption-text\">TGL T5026A GT2RS \u2013 911 S\u00f8lv med 3389 stk<\/figcaption><\/figure>\n<figure id=\"attachment_33044\" aria-describedby=\"caption-attachment-33044\" style=\"width: 568px\" class=\"wp-caption aligncenter\"><img decoding=\"async\" class=\"wp-image-33044 size-full\" src=\"https:\/\/mouldking.store\/wp-content\/uploads\/2022\/10\/Technic-TGL-T5026A-GT2RS-911-Silver-6.jpg\" alt=\"TGL T5026A GT2RS \u2013 911 Silver with 3389 Pieces\" width=\"568\" height=\"1024\" title=\"-\" srcset=\"https:\/\/mouldking.store\/wp-content\/uploads\/2022\/10\/Technic-TGL-T5026A-GT2RS-911-Silver-6.jpg 568w, https:\/\/mouldking.store\/wp-content\/uploads\/2022\/10\/Technic-TGL-T5026A-GT2RS-911-Silver-6-166x300.jpg 166w, https:\/\/mouldking.store\/wp-content\/uploads\/2022\/10\/Technic-TGL-T5026A-GT2RS-911-Silver-6-300x541.jpg 300w, https:\/\/mouldking.store\/wp-content\/uploads\/2022\/10\/Technic-TGL-T5026A-GT2RS-911-Silver-6-83x150.jpg 83w, https:\/\/mouldking.store\/wp-content\/uploads\/2022\/10\/Technic-TGL-T5026A-GT2RS-911-Silver-6-33x60.jpg 33w, https:\/\/mouldking.store\/wp-content\/uploads\/2022\/10\/Technic-TGL-T5026A-GT2RS-911-Silver-6-50x90.jpg 50w\" sizes=\"(max-width: 568px) 100vw, 568px\" \/><figcaption id=\"caption-attachment-33044\" class=\"wp-caption-text\">TGL T5026A GT2RS \u2013 911 S\u00f8lv med 3389 stk<\/figcaption><\/figure>\n<figure id=\"attachment_33043\" aria-describedby=\"caption-attachment-33043\" style=\"width: 750px\" class=\"wp-caption aligncenter\"><img decoding=\"async\" class=\"wp-image-33043 size-full\" src=\"https:\/\/mouldking.store\/wp-content\/uploads\/2022\/10\/Technic-TGL-T5026A-GT2RS-911-Silver-5.jpg\" alt=\"TGL T5026A GT2RS \u2013 911 Silver with 3389 Pieces\" width=\"750\" height=\"540\" title=\"-\" srcset=\"https:\/\/mouldking.store\/wp-content\/uploads\/2022\/10\/Technic-TGL-T5026A-GT2RS-911-Silver-5.jpg 750w, https:\/\/mouldking.store\/wp-content\/uploads\/2022\/10\/Technic-TGL-T5026A-GT2RS-911-Silver-5-300x216.jpg 300w, https:\/\/mouldking.store\/wp-content\/uploads\/2022\/10\/Technic-TGL-T5026A-GT2RS-911-Silver-5-600x432.jpg 600w, https:\/\/mouldking.store\/wp-content\/uploads\/2022\/10\/Technic-TGL-T5026A-GT2RS-911-Silver-5-150x108.jpg 150w, https:\/\/mouldking.store\/wp-content\/uploads\/2022\/10\/Technic-TGL-T5026A-GT2RS-911-Silver-5-83x60.jpg 83w, https:\/\/mouldking.store\/wp-content\/uploads\/2022\/10\/Technic-TGL-T5026A-GT2RS-911-Silver-5-125x90.jpg 125w\" sizes=\"(max-width: 750px) 100vw, 750px\" \/><figcaption id=\"caption-attachment-33043\" class=\"wp-caption-text\">TGL T5026A GT2RS \u2013 911 S\u00f8lv med 3389 stk<\/figcaption><\/figure>\n<figure id=\"attachment_33041\" aria-describedby=\"caption-attachment-33041\" style=\"width: 507px\" class=\"wp-caption aligncenter\"><img loading=\"lazy\" decoding=\"async\" class=\"wp-image-33041 size-full\" src=\"https:\/\/mouldking.store\/wp-content\/uploads\/2022\/10\/Technic-TGL-T5026A-GT2RS-911-Silver-3.jpg\" alt=\"TGL T5026A GT2RS \u2013 911 Silver with 3389 Pieces\" width=\"507\" height=\"1024\" title=\"-\" srcset=\"https:\/\/mouldking.store\/wp-content\/uploads\/2022\/10\/Technic-TGL-T5026A-GT2RS-911-Silver-3.jpg 507w, https:\/\/mouldking.store\/wp-content\/uploads\/2022\/10\/Technic-TGL-T5026A-GT2RS-911-Silver-3-149x300.jpg 149w, https:\/\/mouldking.store\/wp-content\/uploads\/2022\/10\/Technic-TGL-T5026A-GT2RS-911-Silver-3-300x606.jpg 300w, https:\/\/mouldking.store\/wp-content\/uploads\/2022\/10\/Technic-TGL-T5026A-GT2RS-911-Silver-3-74x150.jpg 74w, https:\/\/mouldking.store\/wp-content\/uploads\/2022\/10\/Technic-TGL-T5026A-GT2RS-911-Silver-3-30x60.jpg 30w, https:\/\/mouldking.store\/wp-content\/uploads\/2022\/10\/Technic-TGL-T5026A-GT2RS-911-Silver-3-45x90.jpg 45w\" sizes=\"(max-width: 507px) 100vw, 507px\" \/><figcaption id=\"caption-attachment-33041\" class=\"wp-caption-text\">TGL T5026A GT2RS \u2013 911 S\u00f8lv med 3389 stk<\/figcaption><\/figure>\n<figure id=\"attachment_33040\" aria-describedby=\"caption-attachment-33040\" style=\"width: 750px\" class=\"wp-caption aligncenter\"><img loading=\"lazy\" decoding=\"async\" class=\"wp-image-33040 size-full\" src=\"https:\/\/mouldking.store\/wp-content\/uploads\/2022\/10\/Technic-TGL-T5026A-GT2RS-911-Silver-2.jpg\" alt=\"TGL T5026A GT2RS \u2013 911 Silver with 3389 Pieces\" width=\"750\" height=\"969\" title=\"-\" srcset=\"https:\/\/mouldking.store\/wp-content\/uploads\/2022\/10\/Technic-TGL-T5026A-GT2RS-911-Silver-2.jpg 750w, https:\/\/mouldking.store\/wp-content\/uploads\/2022\/10\/Technic-TGL-T5026A-GT2RS-911-Silver-2-232x300.jpg 232w, https:\/\/mouldking.store\/wp-content\/uploads\/2022\/10\/Technic-TGL-T5026A-GT2RS-911-Silver-2-300x388.jpg 300w, https:\/\/mouldking.store\/wp-content\/uploads\/2022\/10\/Technic-TGL-T5026A-GT2RS-911-Silver-2-600x775.jpg 600w, https:\/\/mouldking.store\/wp-content\/uploads\/2022\/10\/Technic-TGL-T5026A-GT2RS-911-Silver-2-116x150.jpg 116w, https:\/\/mouldking.store\/wp-content\/uploads\/2022\/10\/Technic-TGL-T5026A-GT2RS-911-Silver-2-46x60.jpg 46w, https:\/\/mouldking.store\/wp-content\/uploads\/2022\/10\/Technic-TGL-T5026A-GT2RS-911-Silver-2-70x90.jpg 70w\" sizes=\"(max-width: 750px) 100vw, 750px\" \/><figcaption id=\"caption-attachment-33040\" class=\"wp-caption-text\">TGL T5026A GT2RS \u2013 911 S\u00f8lv med 3389 stk<\/figcaption><\/figure>\n<figure id=\"attachment_33042\" aria-describedby=\"caption-attachment-33042\" style=\"width: 800px\" class=\"wp-caption aligncenter\"><img loading=\"lazy\" decoding=\"async\" class=\"wp-image-33042 size-full\" src=\"https:\/\/mouldking.store\/wp-content\/uploads\/2022\/10\/Technic-TGL-T5026A-GT2RS-911-Silver-4.jpg\" alt=\"TGL T5026A GT2RS \u2013 911 Silver with 3389 Pieces\" width=\"800\" height=\"800\" title=\"-\" srcset=\"https:\/\/mouldking.store\/wp-content\/uploads\/2022\/10\/Technic-TGL-T5026A-GT2RS-911-Silver-4.jpg 800w, https:\/\/mouldking.store\/wp-content\/uploads\/2022\/10\/Technic-TGL-T5026A-GT2RS-911-Silver-4-300x300.jpg 300w, https:\/\/mouldking.store\/wp-content\/uploads\/2022\/10\/Technic-TGL-T5026A-GT2RS-911-Silver-4-768x768.jpg 768w, https:\/\/mouldking.store\/wp-content\/uploads\/2022\/10\/Technic-TGL-T5026A-GT2RS-911-Silver-4-600x600.jpg 600w, https:\/\/mouldking.store\/wp-content\/uploads\/2022\/10\/Technic-TGL-T5026A-GT2RS-911-Silver-4-150x150.jpg 150w, https:\/\/mouldking.store\/wp-content\/uploads\/2022\/10\/Technic-TGL-T5026A-GT2RS-911-Silver-4-60x60.jpg 60w, https:\/\/mouldking.store\/wp-content\/uploads\/2022\/10\/Technic-TGL-T5026A-GT2RS-911-Silver-4-90x90.jpg 90w\" sizes=\"(max-width: 800px) 100vw, 800px\" \/><figcaption id=\"caption-attachment-33042\" class=\"wp-caption-text\">TGL T5026A GT2RS \u2013 911 S\u00f8lv med 3389 stk<\/figcaption><\/figure>","protected":false},"excerpt":{"rendered":"<p>Product information: Brand: TGL Gender: Unisex Name: GT2RS \u2013 911 Silver Age Range: &gt; 6 years old Model Number: T5026A Classification: Assemblage Plastic Block Shape: Self-Locking Bricks Material: Plastic Plastic Type: ABS Bricks Blocks: 3389 PCS Contains detailed assembly instructions. Notice: 1. Without an original box, but we guarantee our products have quality assurance and [&hellip;]<\/p>","protected":false},"featured_media":33039,"comment_status":"closed","ping_status":"closed","template":"","meta":{"_acf_changed":false},"product_cat":[364],"product_tag":[6070,6069,6068],"class_list":["product","first","instock","shipping-taxable","purchasable","product-type-variable"],"acf":[],"_links":{"self":[{"href":"https:\/\/mouldking.store\/nb\/wp-json\/wp\/v2\/product\/33038","targetHints":{"allow":["GET"]}}],"collection":[{"href":"https:\/\/mouldking.store\/nb\/wp-json\/wp\/v2\/product"}],"about":[{"href":"https:\/\/mouldking.store\/nb\/wp-json\/wp\/v2\/types\/product"}],"replies":[{"embeddable":true,"href":"https:\/\/mouldking.store\/nb\/wp-json\/wp\/v2\/comments?post=33038"}],"wp:featuredmedia":[{"embeddable":true,"href":"https:\/\/mouldking.store\/nb\/wp-json\/wp\/v2\/media\/33039"}],"wp:attachment":[{"href":"https:\/\/mouldking.store\/nb\/wp-json\/wp\/v2\/media?parent=33038"}],"wp:term":[{"taxonomy":"product_cat","embeddable":true,"href":"https:\/\/mouldking.store\/nb\/wp-json\/wp\/v2\/product_cat?post=33038"},{"taxonomy":"product_tag","embeddable":true,"href":"https:\/\/mouldking.store\/nb\/wp-json\/wp\/v2\/product_tag?post=33038"}],"curies":[{"name":"wp","href":"https:\/\/api.w.org\/{rel}","templated":true}]}}