{"id":33062,"date":"2022-10-13T11:55:23","date_gmt":"2022-10-13T04:55:23","guid":{"rendered":"https:\/\/mouldking.store\/?post_type=product&#038;p=33062"},"modified":"2025-12-25T09:12:25","modified_gmt":"2025-12-25T02:12:25","slug":"moc-89588-cult-of-the-lamb-brickheadz-with-118-pieces","status":"publish","type":"product","link":"https:\/\/mouldking.store\/nb\/shop\/moc-89588-cult-of-the-lamb-brickheadz-with-118-pieces\/","title":{"rendered":"MOC-89588 Cult of the Lamb BrickHeadz med 118 stykker"},"content":{"rendered":"<p>Produktinformasjon:<\/p>\n<ol>\n<li>Merke: MOC<\/li>\n<li>Kj\u00f8nn: Unisex<\/li>\n<li>Name: Cult of the Lamb BrickHeadz<\/li>\n<li>Aldersgruppe: &gt; 6 \u00e5r gammel<\/li>\n<li>Model Number: C9153<\/li>\n<li>Klassifisering: Montering<\/li>\n<li>Plastblokkform: Selvl\u00e5sende murstein<\/li>\n<li>Materiale: Plast<\/li>\n<li>Plasttype: ABS<\/li>\n<li>Bricks Blocks: 118 PCS<\/li>\n<li>Size: 4.8 x 4.8 x 9.6 cm<\/li>\n<li>Weight: 0.08 kg<\/li>\n<li>Inneholder detaljerte monteringsanvisninger.<\/li>\n<\/ol>\n<p>Legge merke til:<br \/>\n1. Uten original eske, men vi garanterer at v\u00e5re produkter har kvalitetssikring og pen emballasje.<br \/>\n2. Som alle delene vi har sjekket f\u00f8r frakt, s\u00e5 hvis du finner noen deler savnet eller skadet, ikke bekymre deg og bare kontakt oss, s\u00e5 kan vi sende dem til deg p\u00e5 nytt umiddelbart gratis.<\/p>\n<p>&nbsp;<\/p>\n<figure id=\"attachment_33068\" aria-describedby=\"caption-attachment-33068\" style=\"width: 1024px\" class=\"wp-caption aligncenter\"><img fetchpriority=\"high\" decoding=\"async\" class=\"wp-image-33068 size-large\" src=\"https:\/\/mouldking.store\/wp-content\/uploads\/2022\/10\/Movie-MOC-89588-Cult-of-the-Lamb-BrickHeadz-MOCBRICKLAND-1024x1024.png\" alt=\"MOC-89588 Cult of the Lamb BrickHeadz with 118 Pieces\" width=\"1024\" height=\"1024\" title=\"-\" srcset=\"https:\/\/mouldking.store\/wp-content\/uploads\/2022\/10\/Movie-MOC-89588-Cult-of-the-Lamb-BrickHeadz-MOCBRICKLAND-1024x1024.png 1024w, https:\/\/mouldking.store\/wp-content\/uploads\/2022\/10\/Movie-MOC-89588-Cult-of-the-Lamb-BrickHeadz-MOCBRICKLAND-300x300.png 300w, https:\/\/mouldking.store\/wp-content\/uploads\/2022\/10\/Movie-MOC-89588-Cult-of-the-Lamb-BrickHeadz-MOCBRICKLAND-768x768.png 768w, https:\/\/mouldking.store\/wp-content\/uploads\/2022\/10\/Movie-MOC-89588-Cult-of-the-Lamb-BrickHeadz-MOCBRICKLAND-1536x1536.png 1536w, https:\/\/mouldking.store\/wp-content\/uploads\/2022\/10\/Movie-MOC-89588-Cult-of-the-Lamb-BrickHeadz-MOCBRICKLAND-2048x2048.png 2048w, https:\/\/mouldking.store\/wp-content\/uploads\/2022\/10\/Movie-MOC-89588-Cult-of-the-Lamb-BrickHeadz-MOCBRICKLAND-600x600.png 600w, https:\/\/mouldking.store\/wp-content\/uploads\/2022\/10\/Movie-MOC-89588-Cult-of-the-Lamb-BrickHeadz-MOCBRICKLAND-150x150.png 150w, https:\/\/mouldking.store\/wp-content\/uploads\/2022\/10\/Movie-MOC-89588-Cult-of-the-Lamb-BrickHeadz-MOCBRICKLAND-60x60.png 60w, https:\/\/mouldking.store\/wp-content\/uploads\/2022\/10\/Movie-MOC-89588-Cult-of-the-Lamb-BrickHeadz-MOCBRICKLAND-90x90.png 90w\" sizes=\"(max-width: 1024px) 100vw, 1024px\" \/><figcaption id=\"caption-attachment-33068\" class=\"wp-caption-text\">MOC-89588 Cult of the Lamb BrickHeadz med 118 stykker<\/figcaption><\/figure>\n<figure id=\"attachment_33064\" aria-describedby=\"caption-attachment-33064\" style=\"width: 800px\" class=\"wp-caption aligncenter\"><img decoding=\"async\" class=\"wp-image-33064 size-full\" src=\"https:\/\/mouldking.store\/wp-content\/uploads\/2022\/10\/Movie-MOC-89588-Cult-of-the-Lamb-BrickHeadz-MOCBRICKLAND-3.jpg\" alt=\"MOC-89588 Cult of the Lamb BrickHeadz with 118 Pieces\" width=\"800\" height=\"800\" title=\"-\" srcset=\"https:\/\/mouldking.store\/wp-content\/uploads\/2022\/10\/Movie-MOC-89588-Cult-of-the-Lamb-BrickHeadz-MOCBRICKLAND-3.jpg 800w, https:\/\/mouldking.store\/wp-content\/uploads\/2022\/10\/Movie-MOC-89588-Cult-of-the-Lamb-BrickHeadz-MOCBRICKLAND-3-300x300.jpg 300w, https:\/\/mouldking.store\/wp-content\/uploads\/2022\/10\/Movie-MOC-89588-Cult-of-the-Lamb-BrickHeadz-MOCBRICKLAND-3-768x768.jpg 768w, https:\/\/mouldking.store\/wp-content\/uploads\/2022\/10\/Movie-MOC-89588-Cult-of-the-Lamb-BrickHeadz-MOCBRICKLAND-3-600x600.jpg 600w, https:\/\/mouldking.store\/wp-content\/uploads\/2022\/10\/Movie-MOC-89588-Cult-of-the-Lamb-BrickHeadz-MOCBRICKLAND-3-150x150.jpg 150w, https:\/\/mouldking.store\/wp-content\/uploads\/2022\/10\/Movie-MOC-89588-Cult-of-the-Lamb-BrickHeadz-MOCBRICKLAND-3-60x60.jpg 60w, https:\/\/mouldking.store\/wp-content\/uploads\/2022\/10\/Movie-MOC-89588-Cult-of-the-Lamb-BrickHeadz-MOCBRICKLAND-3-90x90.jpg 90w\" sizes=\"(max-width: 800px) 100vw, 800px\" \/><figcaption id=\"caption-attachment-33064\" class=\"wp-caption-text\">MOC-89588 Cult of the Lamb BrickHeadz med 118 stykker<\/figcaption><\/figure>\n<figure id=\"attachment_33063\" aria-describedby=\"caption-attachment-33063\" style=\"width: 800px\" class=\"wp-caption aligncenter\"><img decoding=\"async\" class=\"wp-image-33063 size-full\" src=\"https:\/\/mouldking.store\/wp-content\/uploads\/2022\/10\/Movie-MOC-89588-Cult-of-the-Lamb-BrickHeadz-MOCBRICKLAND-4.jpg\" alt=\"MOC-89588 Cult of the Lamb BrickHeadz with 118 Pieces\" width=\"800\" height=\"800\" title=\"-\" srcset=\"https:\/\/mouldking.store\/wp-content\/uploads\/2022\/10\/Movie-MOC-89588-Cult-of-the-Lamb-BrickHeadz-MOCBRICKLAND-4.jpg 800w, https:\/\/mouldking.store\/wp-content\/uploads\/2022\/10\/Movie-MOC-89588-Cult-of-the-Lamb-BrickHeadz-MOCBRICKLAND-4-300x300.jpg 300w, https:\/\/mouldking.store\/wp-content\/uploads\/2022\/10\/Movie-MOC-89588-Cult-of-the-Lamb-BrickHeadz-MOCBRICKLAND-4-768x768.jpg 768w, https:\/\/mouldking.store\/wp-content\/uploads\/2022\/10\/Movie-MOC-89588-Cult-of-the-Lamb-BrickHeadz-MOCBRICKLAND-4-600x600.jpg 600w, https:\/\/mouldking.store\/wp-content\/uploads\/2022\/10\/Movie-MOC-89588-Cult-of-the-Lamb-BrickHeadz-MOCBRICKLAND-4-150x150.jpg 150w, https:\/\/mouldking.store\/wp-content\/uploads\/2022\/10\/Movie-MOC-89588-Cult-of-the-Lamb-BrickHeadz-MOCBRICKLAND-4-60x60.jpg 60w, https:\/\/mouldking.store\/wp-content\/uploads\/2022\/10\/Movie-MOC-89588-Cult-of-the-Lamb-BrickHeadz-MOCBRICKLAND-4-90x90.jpg 90w\" sizes=\"(max-width: 800px) 100vw, 800px\" \/><figcaption id=\"caption-attachment-33063\" class=\"wp-caption-text\">MOC-89588 Cult of the Lamb BrickHeadz med 118 stykker<\/figcaption><\/figure>\n<figure id=\"attachment_33065\" aria-describedby=\"caption-attachment-33065\" style=\"width: 800px\" class=\"wp-caption aligncenter\"><img loading=\"lazy\" decoding=\"async\" class=\"wp-image-33065 size-full\" src=\"https:\/\/mouldking.store\/wp-content\/uploads\/2022\/10\/Movie-MOC-89588-Cult-of-the-Lamb-BrickHeadz-MOCBRICKLAND-2.jpg\" alt=\"MOC-89588 Cult of the Lamb BrickHeadz with 118 Pieces\" width=\"800\" height=\"800\" title=\"-\" srcset=\"https:\/\/mouldking.store\/wp-content\/uploads\/2022\/10\/Movie-MOC-89588-Cult-of-the-Lamb-BrickHeadz-MOCBRICKLAND-2.jpg 800w, https:\/\/mouldking.store\/wp-content\/uploads\/2022\/10\/Movie-MOC-89588-Cult-of-the-Lamb-BrickHeadz-MOCBRICKLAND-2-300x300.jpg 300w, https:\/\/mouldking.store\/wp-content\/uploads\/2022\/10\/Movie-MOC-89588-Cult-of-the-Lamb-BrickHeadz-MOCBRICKLAND-2-768x768.jpg 768w, https:\/\/mouldking.store\/wp-content\/uploads\/2022\/10\/Movie-MOC-89588-Cult-of-the-Lamb-BrickHeadz-MOCBRICKLAND-2-600x600.jpg 600w, https:\/\/mouldking.store\/wp-content\/uploads\/2022\/10\/Movie-MOC-89588-Cult-of-the-Lamb-BrickHeadz-MOCBRICKLAND-2-150x150.jpg 150w, https:\/\/mouldking.store\/wp-content\/uploads\/2022\/10\/Movie-MOC-89588-Cult-of-the-Lamb-BrickHeadz-MOCBRICKLAND-2-60x60.jpg 60w, https:\/\/mouldking.store\/wp-content\/uploads\/2022\/10\/Movie-MOC-89588-Cult-of-the-Lamb-BrickHeadz-MOCBRICKLAND-2-90x90.jpg 90w\" sizes=\"(max-width: 800px) 100vw, 800px\" \/><figcaption id=\"caption-attachment-33065\" class=\"wp-caption-text\">MOC-89588 Cult of the Lamb BrickHeadz med 118 stykker<\/figcaption><\/figure>\n<figure id=\"attachment_33067\" aria-describedby=\"caption-attachment-33067\" style=\"width: 800px\" class=\"wp-caption aligncenter\"><img loading=\"lazy\" decoding=\"async\" class=\"wp-image-33067 size-full\" src=\"https:\/\/mouldking.store\/wp-content\/uploads\/2022\/10\/Movie-MOC-89588-Cult-of-the-Lamb-BrickHeadz-MOCBRICKLAND-5.jpg\" alt=\"MOC-89588 Cult of the Lamb BrickHeadz with 118 Pieces\" width=\"800\" height=\"800\" title=\"-\" srcset=\"https:\/\/mouldking.store\/wp-content\/uploads\/2022\/10\/Movie-MOC-89588-Cult-of-the-Lamb-BrickHeadz-MOCBRICKLAND-5.jpg 800w, https:\/\/mouldking.store\/wp-content\/uploads\/2022\/10\/Movie-MOC-89588-Cult-of-the-Lamb-BrickHeadz-MOCBRICKLAND-5-300x300.jpg 300w, https:\/\/mouldking.store\/wp-content\/uploads\/2022\/10\/Movie-MOC-89588-Cult-of-the-Lamb-BrickHeadz-MOCBRICKLAND-5-768x768.jpg 768w, https:\/\/mouldking.store\/wp-content\/uploads\/2022\/10\/Movie-MOC-89588-Cult-of-the-Lamb-BrickHeadz-MOCBRICKLAND-5-600x600.jpg 600w, https:\/\/mouldking.store\/wp-content\/uploads\/2022\/10\/Movie-MOC-89588-Cult-of-the-Lamb-BrickHeadz-MOCBRICKLAND-5-150x150.jpg 150w, https:\/\/mouldking.store\/wp-content\/uploads\/2022\/10\/Movie-MOC-89588-Cult-of-the-Lamb-BrickHeadz-MOCBRICKLAND-5-60x60.jpg 60w, https:\/\/mouldking.store\/wp-content\/uploads\/2022\/10\/Movie-MOC-89588-Cult-of-the-Lamb-BrickHeadz-MOCBRICKLAND-5-90x90.jpg 90w\" sizes=\"(max-width: 800px) 100vw, 800px\" \/><figcaption id=\"caption-attachment-33067\" class=\"wp-caption-text\">MOC-89588 Cult of the Lamb BrickHeadz med 118 stykker<\/figcaption><\/figure>\n<figure id=\"attachment_33066\" aria-describedby=\"caption-attachment-33066\" style=\"width: 800px\" class=\"wp-caption aligncenter\"><img loading=\"lazy\" decoding=\"async\" class=\"wp-image-33066 size-full\" src=\"https:\/\/mouldking.store\/wp-content\/uploads\/2022\/10\/Movie-MOC-89588-Cult-of-the-Lamb-BrickHeadz-MOCBRICKLAND-1.jpg\" alt=\"MOC-89588 Cult of the Lamb BrickHeadz with 118 Pieces\" width=\"800\" height=\"1034\" title=\"-\" srcset=\"https:\/\/mouldking.store\/wp-content\/uploads\/2022\/10\/Movie-MOC-89588-Cult-of-the-Lamb-BrickHeadz-MOCBRICKLAND-1.jpg 800w, https:\/\/mouldking.store\/wp-content\/uploads\/2022\/10\/Movie-MOC-89588-Cult-of-the-Lamb-BrickHeadz-MOCBRICKLAND-1-232x300.jpg 232w, https:\/\/mouldking.store\/wp-content\/uploads\/2022\/10\/Movie-MOC-89588-Cult-of-the-Lamb-BrickHeadz-MOCBRICKLAND-1-792x1024.jpg 792w, https:\/\/mouldking.store\/wp-content\/uploads\/2022\/10\/Movie-MOC-89588-Cult-of-the-Lamb-BrickHeadz-MOCBRICKLAND-1-768x993.jpg 768w, https:\/\/mouldking.store\/wp-content\/uploads\/2022\/10\/Movie-MOC-89588-Cult-of-the-Lamb-BrickHeadz-MOCBRICKLAND-1-300x388.jpg 300w, https:\/\/mouldking.store\/wp-content\/uploads\/2022\/10\/Movie-MOC-89588-Cult-of-the-Lamb-BrickHeadz-MOCBRICKLAND-1-600x776.jpg 600w, https:\/\/mouldking.store\/wp-content\/uploads\/2022\/10\/Movie-MOC-89588-Cult-of-the-Lamb-BrickHeadz-MOCBRICKLAND-1-116x150.jpg 116w, https:\/\/mouldking.store\/wp-content\/uploads\/2022\/10\/Movie-MOC-89588-Cult-of-the-Lamb-BrickHeadz-MOCBRICKLAND-1-46x60.jpg 46w, https:\/\/mouldking.store\/wp-content\/uploads\/2022\/10\/Movie-MOC-89588-Cult-of-the-Lamb-BrickHeadz-MOCBRICKLAND-1-70x90.jpg 70w\" sizes=\"(max-width: 800px) 100vw, 800px\" \/><figcaption id=\"caption-attachment-33066\" class=\"wp-caption-text\">MOC-89588 Cult of the Lamb BrickHeadz med 118 stykker<\/figcaption><\/figure>","protected":false},"excerpt":{"rendered":"<p>Product information: Brand: MOC Gender: Unisex Name: Cult of the Lamb BrickHeadz Age Range: &gt; 6 years old Model Number: C9153 Classification: Assemblage Plastic Block Shape: Self-Locking Bricks Material: Plastic Plastic Type: ABS Bricks Blocks: 118 PCS Size: 4.8 x 4.8 x 9.6 cm Weight: 0.08 kg Contains detailed assembly instructions. Notice: 1. Without an [&hellip;]<\/p>","protected":false},"featured_media":33068,"comment_status":"closed","ping_status":"closed","template":"","meta":{"_acf_changed":false},"product_cat":[371],"product_tag":[5623,6077,6076,6075],"class_list":["product","first","instock","shipping-taxable","purchasable","product-type-simple"],"acf":[],"_links":{"self":[{"href":"https:\/\/mouldking.store\/nb\/wp-json\/wp\/v2\/product\/33062","targetHints":{"allow":["GET"]}}],"collection":[{"href":"https:\/\/mouldking.store\/nb\/wp-json\/wp\/v2\/product"}],"about":[{"href":"https:\/\/mouldking.store\/nb\/wp-json\/wp\/v2\/types\/product"}],"replies":[{"embeddable":true,"href":"https:\/\/mouldking.store\/nb\/wp-json\/wp\/v2\/comments?post=33062"}],"wp:featuredmedia":[{"embeddable":true,"href":"https:\/\/mouldking.store\/nb\/wp-json\/wp\/v2\/media\/33068"}],"wp:attachment":[{"href":"https:\/\/mouldking.store\/nb\/wp-json\/wp\/v2\/media?parent=33062"}],"wp:term":[{"taxonomy":"product_cat","embeddable":true,"href":"https:\/\/mouldking.store\/nb\/wp-json\/wp\/v2\/product_cat?post=33062"},{"taxonomy":"product_tag","embeddable":true,"href":"https:\/\/mouldking.store\/nb\/wp-json\/wp\/v2\/product_tag?post=33062"}],"curies":[{"name":"wp","href":"https:\/\/api.w.org\/{rel}","templated":true}]}}