{"id":33098,"date":"2022-10-13T14:26:59","date_gmt":"2022-10-13T07:26:59","guid":{"rendered":"https:\/\/mouldking.store\/?post_type=product&#038;p=33098"},"modified":"2025-12-25T09:12:25","modified_gmt":"2025-12-25T02:12:25","slug":"moc-68965-orion-spacecraft-1110-scale-with-174-pieces","status":"publish","type":"product","link":"https:\/\/mouldking.store\/nb\/shop\/moc-68965-orion-spacecraft-1110-scale-with-174-pieces\/","title":{"rendered":"MOC-68965 Orion Spacecraft 1:110 scale with 174 Pieces"},"content":{"rendered":"<p>Produktinformasjon:<\/p>\n<ol>\n<li>Merke: MOC<\/li>\n<li>Kj\u00f8nn: Unisex<\/li>\n<li>Name: Orion Spacecraft 1:110 scale<\/li>\n<li>Aldersgruppe: &gt; 6 \u00e5r gammel<\/li>\n<li>Model Number: C9156<\/li>\n<li>Klassifisering: Montering<\/li>\n<li>Plastblokkform: Selvl\u00e5sende murstein<\/li>\n<li>Materiale: Plast<\/li>\n<li>Plasttype: ABS<\/li>\n<li>Bricks Blocks: 174 PCS<\/li>\n<li>Dimensions: 16 x 8 x 12 cm<\/li>\n<li>Weight: 0.11 kg<\/li>\n<li>Inneholder detaljerte monteringsanvisninger.<\/li>\n<\/ol>\n<p>Legge merke til:<br \/>\n1. Uten original eske, men vi garanterer at v\u00e5re produkter har kvalitetssikring og pen emballasje.<br \/>\n2. Som alle delene vi har sjekket f\u00f8r frakt, s\u00e5 hvis du finner noen deler savnet eller skadet, ikke bekymre deg og bare kontakt oss, s\u00e5 kan vi sende dem til deg p\u00e5 nytt umiddelbart gratis.<\/p>\n<p>&nbsp;<\/p>\n<figure id=\"attachment_33103\" aria-describedby=\"caption-attachment-33103\" style=\"width: 1024px\" class=\"wp-caption aligncenter\"><img fetchpriority=\"high\" decoding=\"async\" class=\"wp-image-33103 size-large\" src=\"https:\/\/mouldking.store\/wp-content\/uploads\/2022\/10\/Space-MOC-68965-Orion-Spacecraft-1110-scale-MOCBRICKLAND-1024x1024.png\" alt=\"MOC-68965 Orion Spacecraft 1:110 scale with 174 Pieces\" width=\"1024\" height=\"1024\" title=\"-\" srcset=\"https:\/\/mouldking.store\/wp-content\/uploads\/2022\/10\/Space-MOC-68965-Orion-Spacecraft-1110-scale-MOCBRICKLAND-1024x1024.png 1024w, https:\/\/mouldking.store\/wp-content\/uploads\/2022\/10\/Space-MOC-68965-Orion-Spacecraft-1110-scale-MOCBRICKLAND-300x300.png 300w, https:\/\/mouldking.store\/wp-content\/uploads\/2022\/10\/Space-MOC-68965-Orion-Spacecraft-1110-scale-MOCBRICKLAND-768x768.png 768w, https:\/\/mouldking.store\/wp-content\/uploads\/2022\/10\/Space-MOC-68965-Orion-Spacecraft-1110-scale-MOCBRICKLAND-1536x1536.png 1536w, https:\/\/mouldking.store\/wp-content\/uploads\/2022\/10\/Space-MOC-68965-Orion-Spacecraft-1110-scale-MOCBRICKLAND-2048x2048.png 2048w, https:\/\/mouldking.store\/wp-content\/uploads\/2022\/10\/Space-MOC-68965-Orion-Spacecraft-1110-scale-MOCBRICKLAND-600x600.png 600w, https:\/\/mouldking.store\/wp-content\/uploads\/2022\/10\/Space-MOC-68965-Orion-Spacecraft-1110-scale-MOCBRICKLAND-150x150.png 150w, https:\/\/mouldking.store\/wp-content\/uploads\/2022\/10\/Space-MOC-68965-Orion-Spacecraft-1110-scale-MOCBRICKLAND-60x60.png 60w, https:\/\/mouldking.store\/wp-content\/uploads\/2022\/10\/Space-MOC-68965-Orion-Spacecraft-1110-scale-MOCBRICKLAND-90x90.png 90w\" sizes=\"(max-width: 1024px) 100vw, 1024px\" \/><figcaption id=\"caption-attachment-33103\" class=\"wp-caption-text\">MOC-68965 Orion Spacecraft 1:110 scale with 174 Pieces<\/figcaption><\/figure>\n<figure id=\"attachment_33099\" aria-describedby=\"caption-attachment-33099\" style=\"width: 800px\" class=\"wp-caption aligncenter\"><img decoding=\"async\" class=\"wp-image-33099 size-full\" src=\"https:\/\/mouldking.store\/wp-content\/uploads\/2022\/10\/Space-MOC-68965-Orion-Spacecraft-1110-scale-MOCBRICKLAND-3.jpg\" alt=\"MOC-68965 Orion Spacecraft 1:110 scale with 174 Pieces\" width=\"800\" height=\"800\" title=\"-\" srcset=\"https:\/\/mouldking.store\/wp-content\/uploads\/2022\/10\/Space-MOC-68965-Orion-Spacecraft-1110-scale-MOCBRICKLAND-3.jpg 800w, https:\/\/mouldking.store\/wp-content\/uploads\/2022\/10\/Space-MOC-68965-Orion-Spacecraft-1110-scale-MOCBRICKLAND-3-300x300.jpg 300w, https:\/\/mouldking.store\/wp-content\/uploads\/2022\/10\/Space-MOC-68965-Orion-Spacecraft-1110-scale-MOCBRICKLAND-3-768x768.jpg 768w, https:\/\/mouldking.store\/wp-content\/uploads\/2022\/10\/Space-MOC-68965-Orion-Spacecraft-1110-scale-MOCBRICKLAND-3-600x600.jpg 600w, https:\/\/mouldking.store\/wp-content\/uploads\/2022\/10\/Space-MOC-68965-Orion-Spacecraft-1110-scale-MOCBRICKLAND-3-150x150.jpg 150w, https:\/\/mouldking.store\/wp-content\/uploads\/2022\/10\/Space-MOC-68965-Orion-Spacecraft-1110-scale-MOCBRICKLAND-3-60x60.jpg 60w, https:\/\/mouldking.store\/wp-content\/uploads\/2022\/10\/Space-MOC-68965-Orion-Spacecraft-1110-scale-MOCBRICKLAND-3-90x90.jpg 90w\" sizes=\"(max-width: 800px) 100vw, 800px\" \/><figcaption id=\"caption-attachment-33099\" class=\"wp-caption-text\">MOC-68965 Orion Spacecraft 1:110 scale with 174 Pieces<\/figcaption><\/figure>\n<figure id=\"attachment_33100\" aria-describedby=\"caption-attachment-33100\" style=\"width: 800px\" class=\"wp-caption aligncenter\"><img decoding=\"async\" class=\"wp-image-33100 size-full\" src=\"https:\/\/mouldking.store\/wp-content\/uploads\/2022\/10\/Space-MOC-68965-Orion-Spacecraft-1110-scale-MOCBRICKLAND-2.jpg\" alt=\"MOC-68965 Orion Spacecraft 1:110 scale with 174 Pieces\" width=\"800\" height=\"800\" title=\"-\" srcset=\"https:\/\/mouldking.store\/wp-content\/uploads\/2022\/10\/Space-MOC-68965-Orion-Spacecraft-1110-scale-MOCBRICKLAND-2.jpg 800w, https:\/\/mouldking.store\/wp-content\/uploads\/2022\/10\/Space-MOC-68965-Orion-Spacecraft-1110-scale-MOCBRICKLAND-2-300x300.jpg 300w, https:\/\/mouldking.store\/wp-content\/uploads\/2022\/10\/Space-MOC-68965-Orion-Spacecraft-1110-scale-MOCBRICKLAND-2-768x768.jpg 768w, https:\/\/mouldking.store\/wp-content\/uploads\/2022\/10\/Space-MOC-68965-Orion-Spacecraft-1110-scale-MOCBRICKLAND-2-600x600.jpg 600w, https:\/\/mouldking.store\/wp-content\/uploads\/2022\/10\/Space-MOC-68965-Orion-Spacecraft-1110-scale-MOCBRICKLAND-2-150x150.jpg 150w, https:\/\/mouldking.store\/wp-content\/uploads\/2022\/10\/Space-MOC-68965-Orion-Spacecraft-1110-scale-MOCBRICKLAND-2-60x60.jpg 60w, https:\/\/mouldking.store\/wp-content\/uploads\/2022\/10\/Space-MOC-68965-Orion-Spacecraft-1110-scale-MOCBRICKLAND-2-90x90.jpg 90w\" sizes=\"(max-width: 800px) 100vw, 800px\" \/><figcaption id=\"caption-attachment-33100\" class=\"wp-caption-text\">MOC-68965 Orion Spacecraft 1:110 scale with 174 Pieces<\/figcaption><\/figure>\n<figure id=\"attachment_33102\" aria-describedby=\"caption-attachment-33102\" style=\"width: 800px\" class=\"wp-caption aligncenter\"><img loading=\"lazy\" decoding=\"async\" class=\"wp-image-33102 size-full\" src=\"https:\/\/mouldking.store\/wp-content\/uploads\/2022\/10\/Space-MOC-68965-Orion-Spacecraft-1110-scale-MOCBRICKLAND-4.jpg\" alt=\"MOC-68965 Orion Spacecraft 1:110 scale with 174 Pieces\" width=\"800\" height=\"800\" title=\"-\" srcset=\"https:\/\/mouldking.store\/wp-content\/uploads\/2022\/10\/Space-MOC-68965-Orion-Spacecraft-1110-scale-MOCBRICKLAND-4.jpg 800w, https:\/\/mouldking.store\/wp-content\/uploads\/2022\/10\/Space-MOC-68965-Orion-Spacecraft-1110-scale-MOCBRICKLAND-4-300x300.jpg 300w, https:\/\/mouldking.store\/wp-content\/uploads\/2022\/10\/Space-MOC-68965-Orion-Spacecraft-1110-scale-MOCBRICKLAND-4-768x768.jpg 768w, https:\/\/mouldking.store\/wp-content\/uploads\/2022\/10\/Space-MOC-68965-Orion-Spacecraft-1110-scale-MOCBRICKLAND-4-600x600.jpg 600w, https:\/\/mouldking.store\/wp-content\/uploads\/2022\/10\/Space-MOC-68965-Orion-Spacecraft-1110-scale-MOCBRICKLAND-4-150x150.jpg 150w, https:\/\/mouldking.store\/wp-content\/uploads\/2022\/10\/Space-MOC-68965-Orion-Spacecraft-1110-scale-MOCBRICKLAND-4-60x60.jpg 60w, https:\/\/mouldking.store\/wp-content\/uploads\/2022\/10\/Space-MOC-68965-Orion-Spacecraft-1110-scale-MOCBRICKLAND-4-90x90.jpg 90w\" sizes=\"(max-width: 800px) 100vw, 800px\" \/><figcaption id=\"caption-attachment-33102\" class=\"wp-caption-text\">MOC-68965 Orion Spacecraft 1:110 scale with 174 Pieces<\/figcaption><\/figure>\n<figure id=\"attachment_33101\" aria-describedby=\"caption-attachment-33101\" style=\"width: 800px\" class=\"wp-caption aligncenter\"><img loading=\"lazy\" decoding=\"async\" class=\"wp-image-33101 size-full\" src=\"https:\/\/mouldking.store\/wp-content\/uploads\/2022\/10\/Space-MOC-68965-Orion-Spacecraft-1110-scale-MOCBRICKLAND-1.jpg\" alt=\"MOC-68965 Orion Spacecraft 1:110 scale with 174 Pieces\" width=\"800\" height=\"1034\" title=\"-\" srcset=\"https:\/\/mouldking.store\/wp-content\/uploads\/2022\/10\/Space-MOC-68965-Orion-Spacecraft-1110-scale-MOCBRICKLAND-1.jpg 800w, https:\/\/mouldking.store\/wp-content\/uploads\/2022\/10\/Space-MOC-68965-Orion-Spacecraft-1110-scale-MOCBRICKLAND-1-232x300.jpg 232w, https:\/\/mouldking.store\/wp-content\/uploads\/2022\/10\/Space-MOC-68965-Orion-Spacecraft-1110-scale-MOCBRICKLAND-1-792x1024.jpg 792w, https:\/\/mouldking.store\/wp-content\/uploads\/2022\/10\/Space-MOC-68965-Orion-Spacecraft-1110-scale-MOCBRICKLAND-1-768x993.jpg 768w, https:\/\/mouldking.store\/wp-content\/uploads\/2022\/10\/Space-MOC-68965-Orion-Spacecraft-1110-scale-MOCBRICKLAND-1-300x388.jpg 300w, https:\/\/mouldking.store\/wp-content\/uploads\/2022\/10\/Space-MOC-68965-Orion-Spacecraft-1110-scale-MOCBRICKLAND-1-600x776.jpg 600w, https:\/\/mouldking.store\/wp-content\/uploads\/2022\/10\/Space-MOC-68965-Orion-Spacecraft-1110-scale-MOCBRICKLAND-1-116x150.jpg 116w, https:\/\/mouldking.store\/wp-content\/uploads\/2022\/10\/Space-MOC-68965-Orion-Spacecraft-1110-scale-MOCBRICKLAND-1-46x60.jpg 46w, https:\/\/mouldking.store\/wp-content\/uploads\/2022\/10\/Space-MOC-68965-Orion-Spacecraft-1110-scale-MOCBRICKLAND-1-70x90.jpg 70w\" sizes=\"(max-width: 800px) 100vw, 800px\" \/><figcaption id=\"caption-attachment-33101\" class=\"wp-caption-text\">MOC-68965 Orion Spacecraft 1:110 scale with 174 Pieces<\/figcaption><\/figure>","protected":false},"excerpt":{"rendered":"<p>Product information: Brand: MOC Gender: Unisex Name: Orion Spacecraft 1:110 scale Age Range: &gt; 6 years old Model Number: C9156 Classification: Assemblage Plastic Block Shape: Self-Locking Bricks Material: Plastic Plastic Type: ABS Bricks Blocks: 174 PCS Dimensions: 16 x 8 x 12 cm Weight: 0.11 kg Contains detailed assembly instructions. Notice: 1. Without an original [&hellip;]<\/p>","protected":false},"author":105,"featured_media":33103,"comment_status":"closed","ping_status":"closed","template":"","meta":{"_acf_changed":false},"product_cat":[6016],"product_tag":[6090,6089,6088,6092,6091],"class_list":["product","first","instock","shipping-taxable","purchasable","product-type-simple"],"acf":[],"_links":{"self":[{"href":"https:\/\/mouldking.store\/nb\/wp-json\/wp\/v2\/product\/33098","targetHints":{"allow":["GET"]}}],"collection":[{"href":"https:\/\/mouldking.store\/nb\/wp-json\/wp\/v2\/product"}],"about":[{"href":"https:\/\/mouldking.store\/nb\/wp-json\/wp\/v2\/types\/product"}],"author":[{"embeddable":true,"href":"https:\/\/mouldking.store\/nb\/wp-json\/wp\/v2\/users\/105"}],"replies":[{"embeddable":true,"href":"https:\/\/mouldking.store\/nb\/wp-json\/wp\/v2\/comments?post=33098"}],"wp:featuredmedia":[{"embeddable":true,"href":"https:\/\/mouldking.store\/nb\/wp-json\/wp\/v2\/media\/33103"}],"wp:attachment":[{"href":"https:\/\/mouldking.store\/nb\/wp-json\/wp\/v2\/media?parent=33098"}],"wp:term":[{"taxonomy":"product_cat","embeddable":true,"href":"https:\/\/mouldking.store\/nb\/wp-json\/wp\/v2\/product_cat?post=33098"},{"taxonomy":"product_tag","embeddable":true,"href":"https:\/\/mouldking.store\/nb\/wp-json\/wp\/v2\/product_tag?post=33098"}],"curies":[{"name":"wp","href":"https:\/\/api.w.org\/{rel}","templated":true}]}}