{"id":33105,"date":"2022-10-13T14:55:05","date_gmt":"2022-10-13T07:55:05","guid":{"rendered":"https:\/\/mouldking.store\/?post_type=product&#038;p=33105"},"modified":"2025-12-25T09:12:25","modified_gmt":"2025-12-25T02:12:25","slug":"moc-118520-jim-hoppers-chevy-k5-blazer-with-192-pieces","status":"publish","type":"product","link":"https:\/\/mouldking.store\/nb\/shop\/moc-118520-jim-hoppers-chevy-k5-blazer-with-192-pieces\/","title":{"rendered":"MOC-118520 Jim Hoppers Chevy K5 Blazer med 192 deler"},"content":{"rendered":"<p>Produktinformasjon:<\/p>\n<ol>\n<li>Merke: MOC<\/li>\n<li>Kj\u00f8nn: Unisex<\/li>\n<li>Name: Jim Hopper\u2019s Chevy K5 Blazer<\/li>\n<li>Aldersgruppe: &gt; 6 \u00e5r gammel<\/li>\n<li>Model Number: C9136<\/li>\n<li>Klassifisering: Montering<\/li>\n<li>Plastblokkform: Selvl\u00e5sende murstein<\/li>\n<li>Materiale: Plast<\/li>\n<li>Plasttype: ABS<\/li>\n<li>Bricks Blocks: 192\u00a0PCS<\/li>\n<li>Dimensions: 12.8 x 5.6 x 7.2 cm<\/li>\n<li>Weight: 0.14 kg<\/li>\n<li>Inneholder detaljerte monteringsanvisninger.<\/li>\n<\/ol>\n<p>Legge merke til:<br \/>\n1. Uten original eske, men vi garanterer at v\u00e5re produkter har kvalitetssikring og pen emballasje.<br \/>\n2. Som alle delene vi har sjekket f\u00f8r frakt, s\u00e5 hvis du finner noen deler savnet eller skadet, ikke bekymre deg og bare kontakt oss, s\u00e5 kan vi sende dem til deg p\u00e5 nytt umiddelbart gratis.<\/p>\n<p>&nbsp;<\/p>\n<figure id=\"attachment_33106\" aria-describedby=\"caption-attachment-33106\" style=\"width: 1024px\" class=\"wp-caption aligncenter\"><img fetchpriority=\"high\" decoding=\"async\" class=\"wp-image-33106 size-large\" src=\"https:\/\/mouldking.store\/wp-content\/uploads\/2022\/10\/Movie-MOC-118520-Jim-Hoppers-Chevy-K5-Blazer-MOCBRICKLAND-1024x1024.png\" alt=\"MOC-118520 Jim Hopper\u2019s Chevy K5 Blazer with 192 Pieces\" width=\"1024\" height=\"1024\" title=\"-\" srcset=\"https:\/\/mouldking.store\/wp-content\/uploads\/2022\/10\/Movie-MOC-118520-Jim-Hoppers-Chevy-K5-Blazer-MOCBRICKLAND-1024x1024.png 1024w, https:\/\/mouldking.store\/wp-content\/uploads\/2022\/10\/Movie-MOC-118520-Jim-Hoppers-Chevy-K5-Blazer-MOCBRICKLAND-300x300.png 300w, https:\/\/mouldking.store\/wp-content\/uploads\/2022\/10\/Movie-MOC-118520-Jim-Hoppers-Chevy-K5-Blazer-MOCBRICKLAND-768x768.png 768w, https:\/\/mouldking.store\/wp-content\/uploads\/2022\/10\/Movie-MOC-118520-Jim-Hoppers-Chevy-K5-Blazer-MOCBRICKLAND-1536x1536.png 1536w, https:\/\/mouldking.store\/wp-content\/uploads\/2022\/10\/Movie-MOC-118520-Jim-Hoppers-Chevy-K5-Blazer-MOCBRICKLAND-2048x2048.png 2048w, https:\/\/mouldking.store\/wp-content\/uploads\/2022\/10\/Movie-MOC-118520-Jim-Hoppers-Chevy-K5-Blazer-MOCBRICKLAND-600x600.png 600w, https:\/\/mouldking.store\/wp-content\/uploads\/2022\/10\/Movie-MOC-118520-Jim-Hoppers-Chevy-K5-Blazer-MOCBRICKLAND-150x150.png 150w, https:\/\/mouldking.store\/wp-content\/uploads\/2022\/10\/Movie-MOC-118520-Jim-Hoppers-Chevy-K5-Blazer-MOCBRICKLAND-60x60.png 60w, https:\/\/mouldking.store\/wp-content\/uploads\/2022\/10\/Movie-MOC-118520-Jim-Hoppers-Chevy-K5-Blazer-MOCBRICKLAND-90x90.png 90w\" sizes=\"(max-width: 1024px) 100vw, 1024px\" \/><figcaption id=\"caption-attachment-33106\" class=\"wp-caption-text\">MOC-118520 Jim Hoppers Chevy K5 Blazer med 192 deler<\/figcaption><\/figure>\n<figure id=\"attachment_33107\" aria-describedby=\"caption-attachment-33107\" style=\"width: 800px\" class=\"wp-caption aligncenter\"><img decoding=\"async\" class=\"wp-image-33107 size-full\" src=\"https:\/\/mouldking.store\/wp-content\/uploads\/2022\/10\/Movie-MOC-118520-Jim-Hoppers-Chevy-K5-Blazer-MOCBRICKLAND-4.jpg\" alt=\"MOC-118520 Jim Hopper\u2019s Chevy K5 Blazer with 192 Pieces\" width=\"800\" height=\"800\" title=\"-\" srcset=\"https:\/\/mouldking.store\/wp-content\/uploads\/2022\/10\/Movie-MOC-118520-Jim-Hoppers-Chevy-K5-Blazer-MOCBRICKLAND-4.jpg 800w, https:\/\/mouldking.store\/wp-content\/uploads\/2022\/10\/Movie-MOC-118520-Jim-Hoppers-Chevy-K5-Blazer-MOCBRICKLAND-4-300x300.jpg 300w, https:\/\/mouldking.store\/wp-content\/uploads\/2022\/10\/Movie-MOC-118520-Jim-Hoppers-Chevy-K5-Blazer-MOCBRICKLAND-4-768x768.jpg 768w, https:\/\/mouldking.store\/wp-content\/uploads\/2022\/10\/Movie-MOC-118520-Jim-Hoppers-Chevy-K5-Blazer-MOCBRICKLAND-4-600x600.jpg 600w, https:\/\/mouldking.store\/wp-content\/uploads\/2022\/10\/Movie-MOC-118520-Jim-Hoppers-Chevy-K5-Blazer-MOCBRICKLAND-4-150x150.jpg 150w, https:\/\/mouldking.store\/wp-content\/uploads\/2022\/10\/Movie-MOC-118520-Jim-Hoppers-Chevy-K5-Blazer-MOCBRICKLAND-4-60x60.jpg 60w, https:\/\/mouldking.store\/wp-content\/uploads\/2022\/10\/Movie-MOC-118520-Jim-Hoppers-Chevy-K5-Blazer-MOCBRICKLAND-4-90x90.jpg 90w\" sizes=\"(max-width: 800px) 100vw, 800px\" \/><figcaption id=\"caption-attachment-33107\" class=\"wp-caption-text\">MOC-118520 Jim Hoppers Chevy K5 Blazer med 192 deler<\/figcaption><\/figure>\n<figure id=\"attachment_33108\" aria-describedby=\"caption-attachment-33108\" style=\"width: 800px\" class=\"wp-caption aligncenter\"><img decoding=\"async\" class=\"wp-image-33108 size-full\" src=\"https:\/\/mouldking.store\/wp-content\/uploads\/2022\/10\/Movie-MOC-118520-Jim-Hoppers-Chevy-K5-Blazer-MOCBRICKLAND-3.jpg\" alt=\"MOC-118520 Jim Hopper\u2019s Chevy K5 Blazer with 192 Pieces\" width=\"800\" height=\"800\" title=\"-\" srcset=\"https:\/\/mouldking.store\/wp-content\/uploads\/2022\/10\/Movie-MOC-118520-Jim-Hoppers-Chevy-K5-Blazer-MOCBRICKLAND-3.jpg 800w, https:\/\/mouldking.store\/wp-content\/uploads\/2022\/10\/Movie-MOC-118520-Jim-Hoppers-Chevy-K5-Blazer-MOCBRICKLAND-3-300x300.jpg 300w, https:\/\/mouldking.store\/wp-content\/uploads\/2022\/10\/Movie-MOC-118520-Jim-Hoppers-Chevy-K5-Blazer-MOCBRICKLAND-3-768x768.jpg 768w, https:\/\/mouldking.store\/wp-content\/uploads\/2022\/10\/Movie-MOC-118520-Jim-Hoppers-Chevy-K5-Blazer-MOCBRICKLAND-3-600x600.jpg 600w, https:\/\/mouldking.store\/wp-content\/uploads\/2022\/10\/Movie-MOC-118520-Jim-Hoppers-Chevy-K5-Blazer-MOCBRICKLAND-3-150x150.jpg 150w, https:\/\/mouldking.store\/wp-content\/uploads\/2022\/10\/Movie-MOC-118520-Jim-Hoppers-Chevy-K5-Blazer-MOCBRICKLAND-3-60x60.jpg 60w, https:\/\/mouldking.store\/wp-content\/uploads\/2022\/10\/Movie-MOC-118520-Jim-Hoppers-Chevy-K5-Blazer-MOCBRICKLAND-3-90x90.jpg 90w\" sizes=\"(max-width: 800px) 100vw, 800px\" \/><figcaption id=\"caption-attachment-33108\" class=\"wp-caption-text\">MOC-118520 Jim Hoppers Chevy K5 Blazer med 192 deler<\/figcaption><\/figure>\n<figure id=\"attachment_33109\" aria-describedby=\"caption-attachment-33109\" style=\"width: 800px\" class=\"wp-caption aligncenter\"><img loading=\"lazy\" decoding=\"async\" class=\"wp-image-33109 size-full\" src=\"https:\/\/mouldking.store\/wp-content\/uploads\/2022\/10\/Movie-MOC-118520-Jim-Hoppers-Chevy-K5-Blazer-MOCBRICKLAND-2.jpg\" alt=\"MOC-118520 Jim Hopper\u2019s Chevy K5 Blazer with 192 Pieces\" width=\"800\" height=\"800\" title=\"-\" srcset=\"https:\/\/mouldking.store\/wp-content\/uploads\/2022\/10\/Movie-MOC-118520-Jim-Hoppers-Chevy-K5-Blazer-MOCBRICKLAND-2.jpg 800w, https:\/\/mouldking.store\/wp-content\/uploads\/2022\/10\/Movie-MOC-118520-Jim-Hoppers-Chevy-K5-Blazer-MOCBRICKLAND-2-300x300.jpg 300w, https:\/\/mouldking.store\/wp-content\/uploads\/2022\/10\/Movie-MOC-118520-Jim-Hoppers-Chevy-K5-Blazer-MOCBRICKLAND-2-768x768.jpg 768w, https:\/\/mouldking.store\/wp-content\/uploads\/2022\/10\/Movie-MOC-118520-Jim-Hoppers-Chevy-K5-Blazer-MOCBRICKLAND-2-600x600.jpg 600w, https:\/\/mouldking.store\/wp-content\/uploads\/2022\/10\/Movie-MOC-118520-Jim-Hoppers-Chevy-K5-Blazer-MOCBRICKLAND-2-150x150.jpg 150w, https:\/\/mouldking.store\/wp-content\/uploads\/2022\/10\/Movie-MOC-118520-Jim-Hoppers-Chevy-K5-Blazer-MOCBRICKLAND-2-60x60.jpg 60w, https:\/\/mouldking.store\/wp-content\/uploads\/2022\/10\/Movie-MOC-118520-Jim-Hoppers-Chevy-K5-Blazer-MOCBRICKLAND-2-90x90.jpg 90w\" sizes=\"(max-width: 800px) 100vw, 800px\" \/><figcaption id=\"caption-attachment-33109\" class=\"wp-caption-text\">MOC-118520 Jim Hoppers Chevy K5 Blazer med 192 deler<\/figcaption><\/figure>\n<figure id=\"attachment_33110\" aria-describedby=\"caption-attachment-33110\" style=\"width: 800px\" class=\"wp-caption aligncenter\"><img loading=\"lazy\" decoding=\"async\" class=\"wp-image-33110 size-full\" src=\"https:\/\/mouldking.store\/wp-content\/uploads\/2022\/10\/Movie-MOC-118520-Jim-Hoppers-Chevy-K5-Blazer-MOCBRICKLAND-1.jpg\" alt=\"MOC-118520 Jim Hopper\u2019s Chevy K5 Blazer with 192 Pieces\" width=\"800\" height=\"800\" title=\"-\" srcset=\"https:\/\/mouldking.store\/wp-content\/uploads\/2022\/10\/Movie-MOC-118520-Jim-Hoppers-Chevy-K5-Blazer-MOCBRICKLAND-1.jpg 800w, https:\/\/mouldking.store\/wp-content\/uploads\/2022\/10\/Movie-MOC-118520-Jim-Hoppers-Chevy-K5-Blazer-MOCBRICKLAND-1-300x300.jpg 300w, https:\/\/mouldking.store\/wp-content\/uploads\/2022\/10\/Movie-MOC-118520-Jim-Hoppers-Chevy-K5-Blazer-MOCBRICKLAND-1-768x768.jpg 768w, https:\/\/mouldking.store\/wp-content\/uploads\/2022\/10\/Movie-MOC-118520-Jim-Hoppers-Chevy-K5-Blazer-MOCBRICKLAND-1-600x600.jpg 600w, https:\/\/mouldking.store\/wp-content\/uploads\/2022\/10\/Movie-MOC-118520-Jim-Hoppers-Chevy-K5-Blazer-MOCBRICKLAND-1-150x150.jpg 150w, https:\/\/mouldking.store\/wp-content\/uploads\/2022\/10\/Movie-MOC-118520-Jim-Hoppers-Chevy-K5-Blazer-MOCBRICKLAND-1-60x60.jpg 60w, https:\/\/mouldking.store\/wp-content\/uploads\/2022\/10\/Movie-MOC-118520-Jim-Hoppers-Chevy-K5-Blazer-MOCBRICKLAND-1-90x90.jpg 90w\" sizes=\"(max-width: 800px) 100vw, 800px\" \/><figcaption id=\"caption-attachment-33110\" class=\"wp-caption-text\">MOC-118520 Jim Hoppers Chevy K5 Blazer med 192 deler<\/figcaption><\/figure>","protected":false},"excerpt":{"rendered":"<p>Product information: Brand: MOC Gender: Unisex Name: Jim Hopper\u2019s Chevy K5 Blazer Age Range: &gt; 6 years old Model Number: C9136 Classification: Assemblage Plastic Block Shape: Self-Locking Bricks Material: Plastic Plastic Type: ABS Bricks Blocks: 192\u00a0PCS Dimensions: 12.8 x 5.6 x 7.2 cm Weight: 0.14 kg Contains detailed assembly instructions. Notice: 1. Without an original [&hellip;]<\/p>","protected":false},"featured_media":33106,"comment_status":"closed","ping_status":"closed","template":"","meta":{"_acf_changed":false},"product_cat":[581],"product_tag":[6096,6095,6094,6093],"class_list":["product","first","instock","shipping-taxable","purchasable","product-type-simple"],"acf":[],"_links":{"self":[{"href":"https:\/\/mouldking.store\/nb\/wp-json\/wp\/v2\/product\/33105","targetHints":{"allow":["GET"]}}],"collection":[{"href":"https:\/\/mouldking.store\/nb\/wp-json\/wp\/v2\/product"}],"about":[{"href":"https:\/\/mouldking.store\/nb\/wp-json\/wp\/v2\/types\/product"}],"replies":[{"embeddable":true,"href":"https:\/\/mouldking.store\/nb\/wp-json\/wp\/v2\/comments?post=33105"}],"wp:featuredmedia":[{"embeddable":true,"href":"https:\/\/mouldking.store\/nb\/wp-json\/wp\/v2\/media\/33106"}],"wp:attachment":[{"href":"https:\/\/mouldking.store\/nb\/wp-json\/wp\/v2\/media?parent=33105"}],"wp:term":[{"taxonomy":"product_cat","embeddable":true,"href":"https:\/\/mouldking.store\/nb\/wp-json\/wp\/v2\/product_cat?post=33105"},{"taxonomy":"product_tag","embeddable":true,"href":"https:\/\/mouldking.store\/nb\/wp-json\/wp\/v2\/product_tag?post=33105"}],"curies":[{"name":"wp","href":"https:\/\/api.w.org\/{rel}","templated":true}]}}