{"id":33142,"date":"2022-10-13T15:47:22","date_gmt":"2022-10-13T08:47:22","guid":{"rendered":"https:\/\/mouldking.store\/?post_type=product&#038;p=33142"},"modified":"2025-12-25T09:12:25","modified_gmt":"2025-12-25T02:12:25","slug":"moc-76565-small-viking-longship-with-281-pieces","status":"publish","type":"product","link":"https:\/\/mouldking.store\/nb\/shop\/moc-76565-small-viking-longship-with-281-pieces\/","title":{"rendered":"MOC-76565 Lite vikinglangskip med 281 stk"},"content":{"rendered":"<p>Produktinformasjon:<\/p>\n<ol>\n<li>Merke: MOC<\/li>\n<li>Kj\u00f8nn: Unisex<\/li>\n<li>Name: Small Viking Longship<\/li>\n<li>Aldersgruppe: &gt; 6 \u00e5r gammel<\/li>\n<li>Model Number: C9157<\/li>\n<li>Klassifisering: Montering<\/li>\n<li>Plastblokkform: Selvl\u00e5sende murstein<\/li>\n<li>Materiale: Plast<\/li>\n<li>Plasttype: ABS<\/li>\n<li>Bricks Blocks: 281\u00a0PCS<\/li>\n<li>Dimensions: 15.1 x 7.7 x 8.8 cm<\/li>\n<li>Weight: 0.14 kg<\/li>\n<li>Inneholder detaljerte monteringsanvisninger.<\/li>\n<\/ol>\n<p>Legge merke til:<br \/>\n1. Uten original eske, men vi garanterer at v\u00e5re produkter har kvalitetssikring og pen emballasje.<br \/>\n2. Som alle delene vi har sjekket f\u00f8r frakt, s\u00e5 hvis du finner noen deler savnet eller skadet, ikke bekymre deg og bare kontakt oss, s\u00e5 kan vi sende dem til deg p\u00e5 nytt umiddelbart gratis.<\/p>\n<p>&nbsp;<\/p>\n<figure id=\"attachment_33149\" aria-describedby=\"caption-attachment-33149\" style=\"width: 800px\" class=\"wp-caption aligncenter\"><img fetchpriority=\"high\" decoding=\"async\" class=\"wp-image-33149 size-full\" src=\"https:\/\/mouldking.store\/wp-content\/uploads\/2022\/10\/Creator-MOC-76565-Small-Viking-Longship-MOCBRICKLAND-8.jpg\" alt=\"MOC-76565 Small Viking Longship with 281 Pieces\" width=\"800\" height=\"800\" title=\"-\" srcset=\"https:\/\/mouldking.store\/wp-content\/uploads\/2022\/10\/Creator-MOC-76565-Small-Viking-Longship-MOCBRICKLAND-8.jpg 800w, https:\/\/mouldking.store\/wp-content\/uploads\/2022\/10\/Creator-MOC-76565-Small-Viking-Longship-MOCBRICKLAND-8-300x300.jpg 300w, https:\/\/mouldking.store\/wp-content\/uploads\/2022\/10\/Creator-MOC-76565-Small-Viking-Longship-MOCBRICKLAND-8-768x768.jpg 768w, https:\/\/mouldking.store\/wp-content\/uploads\/2022\/10\/Creator-MOC-76565-Small-Viking-Longship-MOCBRICKLAND-8-600x600.jpg 600w, https:\/\/mouldking.store\/wp-content\/uploads\/2022\/10\/Creator-MOC-76565-Small-Viking-Longship-MOCBRICKLAND-8-150x150.jpg 150w, https:\/\/mouldking.store\/wp-content\/uploads\/2022\/10\/Creator-MOC-76565-Small-Viking-Longship-MOCBRICKLAND-8-60x60.jpg 60w, https:\/\/mouldking.store\/wp-content\/uploads\/2022\/10\/Creator-MOC-76565-Small-Viking-Longship-MOCBRICKLAND-8-90x90.jpg 90w\" sizes=\"(max-width: 800px) 100vw, 800px\" \/><figcaption id=\"caption-attachment-33149\" class=\"wp-caption-text\">MOC-76565 Lite vikinglangskip med 281 stk<\/figcaption><\/figure>\n<figure id=\"attachment_33150\" aria-describedby=\"caption-attachment-33150\" style=\"width: 800px\" class=\"wp-caption aligncenter\"><img decoding=\"async\" class=\"wp-image-33150 size-full\" src=\"https:\/\/mouldking.store\/wp-content\/uploads\/2022\/10\/Creator-MOC-76565-Small-Viking-Longship-MOCBRICKLAND-7.jpg\" alt=\"MOC-76565 Small Viking Longship with 281 Pieces\" width=\"800\" height=\"800\" title=\"-\" srcset=\"https:\/\/mouldking.store\/wp-content\/uploads\/2022\/10\/Creator-MOC-76565-Small-Viking-Longship-MOCBRICKLAND-7.jpg 800w, https:\/\/mouldking.store\/wp-content\/uploads\/2022\/10\/Creator-MOC-76565-Small-Viking-Longship-MOCBRICKLAND-7-300x300.jpg 300w, https:\/\/mouldking.store\/wp-content\/uploads\/2022\/10\/Creator-MOC-76565-Small-Viking-Longship-MOCBRICKLAND-7-768x768.jpg 768w, https:\/\/mouldking.store\/wp-content\/uploads\/2022\/10\/Creator-MOC-76565-Small-Viking-Longship-MOCBRICKLAND-7-600x600.jpg 600w, https:\/\/mouldking.store\/wp-content\/uploads\/2022\/10\/Creator-MOC-76565-Small-Viking-Longship-MOCBRICKLAND-7-150x150.jpg 150w, https:\/\/mouldking.store\/wp-content\/uploads\/2022\/10\/Creator-MOC-76565-Small-Viking-Longship-MOCBRICKLAND-7-60x60.jpg 60w, https:\/\/mouldking.store\/wp-content\/uploads\/2022\/10\/Creator-MOC-76565-Small-Viking-Longship-MOCBRICKLAND-7-90x90.jpg 90w\" sizes=\"(max-width: 800px) 100vw, 800px\" \/><figcaption id=\"caption-attachment-33150\" class=\"wp-caption-text\">MOC-76565 Lite vikinglangskip med 281 stk<\/figcaption><\/figure>\n<figure id=\"attachment_33144\" aria-describedby=\"caption-attachment-33144\" style=\"width: 800px\" class=\"wp-caption aligncenter\"><img decoding=\"async\" class=\"wp-image-33144 size-full\" src=\"https:\/\/mouldking.store\/wp-content\/uploads\/2022\/10\/Creator-MOC-76565-Small-Viking-Longship-MOCBRICKLAND-5.jpg\" alt=\"MOC-76565 Small Viking Longship with 281 Pieces\" width=\"800\" height=\"800\" title=\"-\" srcset=\"https:\/\/mouldking.store\/wp-content\/uploads\/2022\/10\/Creator-MOC-76565-Small-Viking-Longship-MOCBRICKLAND-5.jpg 800w, https:\/\/mouldking.store\/wp-content\/uploads\/2022\/10\/Creator-MOC-76565-Small-Viking-Longship-MOCBRICKLAND-5-300x300.jpg 300w, https:\/\/mouldking.store\/wp-content\/uploads\/2022\/10\/Creator-MOC-76565-Small-Viking-Longship-MOCBRICKLAND-5-768x768.jpg 768w, https:\/\/mouldking.store\/wp-content\/uploads\/2022\/10\/Creator-MOC-76565-Small-Viking-Longship-MOCBRICKLAND-5-600x600.jpg 600w, https:\/\/mouldking.store\/wp-content\/uploads\/2022\/10\/Creator-MOC-76565-Small-Viking-Longship-MOCBRICKLAND-5-150x150.jpg 150w, https:\/\/mouldking.store\/wp-content\/uploads\/2022\/10\/Creator-MOC-76565-Small-Viking-Longship-MOCBRICKLAND-5-60x60.jpg 60w, https:\/\/mouldking.store\/wp-content\/uploads\/2022\/10\/Creator-MOC-76565-Small-Viking-Longship-MOCBRICKLAND-5-90x90.jpg 90w\" sizes=\"(max-width: 800px) 100vw, 800px\" \/><figcaption id=\"caption-attachment-33144\" class=\"wp-caption-text\">MOC-76565 Lite vikinglangskip med 281 stk<\/figcaption><\/figure>\n<figure id=\"attachment_33145\" aria-describedby=\"caption-attachment-33145\" style=\"width: 800px\" class=\"wp-caption aligncenter\"><img loading=\"lazy\" decoding=\"async\" class=\"wp-image-33145 size-full\" src=\"https:\/\/mouldking.store\/wp-content\/uploads\/2022\/10\/Creator-MOC-76565-Small-Viking-Longship-MOCBRICKLAND-4.jpg\" alt=\"MOC-76565 Small Viking Longship with 281 Pieces\" width=\"800\" height=\"800\" title=\"-\" srcset=\"https:\/\/mouldking.store\/wp-content\/uploads\/2022\/10\/Creator-MOC-76565-Small-Viking-Longship-MOCBRICKLAND-4.jpg 800w, https:\/\/mouldking.store\/wp-content\/uploads\/2022\/10\/Creator-MOC-76565-Small-Viking-Longship-MOCBRICKLAND-4-300x300.jpg 300w, https:\/\/mouldking.store\/wp-content\/uploads\/2022\/10\/Creator-MOC-76565-Small-Viking-Longship-MOCBRICKLAND-4-768x768.jpg 768w, https:\/\/mouldking.store\/wp-content\/uploads\/2022\/10\/Creator-MOC-76565-Small-Viking-Longship-MOCBRICKLAND-4-600x600.jpg 600w, https:\/\/mouldking.store\/wp-content\/uploads\/2022\/10\/Creator-MOC-76565-Small-Viking-Longship-MOCBRICKLAND-4-150x150.jpg 150w, https:\/\/mouldking.store\/wp-content\/uploads\/2022\/10\/Creator-MOC-76565-Small-Viking-Longship-MOCBRICKLAND-4-60x60.jpg 60w, https:\/\/mouldking.store\/wp-content\/uploads\/2022\/10\/Creator-MOC-76565-Small-Viking-Longship-MOCBRICKLAND-4-90x90.jpg 90w\" sizes=\"(max-width: 800px) 100vw, 800px\" \/><figcaption id=\"caption-attachment-33145\" class=\"wp-caption-text\">MOC-76565 Lite vikinglangskip med 281 stk<\/figcaption><\/figure>\n<figure id=\"attachment_33146\" aria-describedby=\"caption-attachment-33146\" style=\"width: 800px\" class=\"wp-caption aligncenter\"><img loading=\"lazy\" decoding=\"async\" class=\"wp-image-33146 size-full\" src=\"https:\/\/mouldking.store\/wp-content\/uploads\/2022\/10\/Creator-MOC-76565-Small-Viking-Longship-MOCBRICKLAND-3.jpg\" alt=\"MOC-76565 Small Viking Longship with 281 Pieces\" width=\"800\" height=\"800\" title=\"-\" srcset=\"https:\/\/mouldking.store\/wp-content\/uploads\/2022\/10\/Creator-MOC-76565-Small-Viking-Longship-MOCBRICKLAND-3.jpg 800w, https:\/\/mouldking.store\/wp-content\/uploads\/2022\/10\/Creator-MOC-76565-Small-Viking-Longship-MOCBRICKLAND-3-300x300.jpg 300w, https:\/\/mouldking.store\/wp-content\/uploads\/2022\/10\/Creator-MOC-76565-Small-Viking-Longship-MOCBRICKLAND-3-768x768.jpg 768w, https:\/\/mouldking.store\/wp-content\/uploads\/2022\/10\/Creator-MOC-76565-Small-Viking-Longship-MOCBRICKLAND-3-600x600.jpg 600w, https:\/\/mouldking.store\/wp-content\/uploads\/2022\/10\/Creator-MOC-76565-Small-Viking-Longship-MOCBRICKLAND-3-150x150.jpg 150w, https:\/\/mouldking.store\/wp-content\/uploads\/2022\/10\/Creator-MOC-76565-Small-Viking-Longship-MOCBRICKLAND-3-60x60.jpg 60w, https:\/\/mouldking.store\/wp-content\/uploads\/2022\/10\/Creator-MOC-76565-Small-Viking-Longship-MOCBRICKLAND-3-90x90.jpg 90w\" sizes=\"(max-width: 800px) 100vw, 800px\" \/><figcaption id=\"caption-attachment-33146\" class=\"wp-caption-text\">MOC-76565 Lite vikinglangskip med 281 stk<\/figcaption><\/figure>\n<figure id=\"attachment_33147\" aria-describedby=\"caption-attachment-33147\" style=\"width: 800px\" class=\"wp-caption aligncenter\"><img loading=\"lazy\" decoding=\"async\" class=\"wp-image-33147 size-full\" src=\"https:\/\/mouldking.store\/wp-content\/uploads\/2022\/10\/Creator-MOC-76565-Small-Viking-Longship-MOCBRICKLAND-2.jpg\" alt=\"MOC-76565 Small Viking Longship with 281 Pieces\" width=\"800\" height=\"800\" title=\"-\" srcset=\"https:\/\/mouldking.store\/wp-content\/uploads\/2022\/10\/Creator-MOC-76565-Small-Viking-Longship-MOCBRICKLAND-2.jpg 800w, https:\/\/mouldking.store\/wp-content\/uploads\/2022\/10\/Creator-MOC-76565-Small-Viking-Longship-MOCBRICKLAND-2-300x300.jpg 300w, https:\/\/mouldking.store\/wp-content\/uploads\/2022\/10\/Creator-MOC-76565-Small-Viking-Longship-MOCBRICKLAND-2-768x768.jpg 768w, https:\/\/mouldking.store\/wp-content\/uploads\/2022\/10\/Creator-MOC-76565-Small-Viking-Longship-MOCBRICKLAND-2-600x600.jpg 600w, https:\/\/mouldking.store\/wp-content\/uploads\/2022\/10\/Creator-MOC-76565-Small-Viking-Longship-MOCBRICKLAND-2-150x150.jpg 150w, https:\/\/mouldking.store\/wp-content\/uploads\/2022\/10\/Creator-MOC-76565-Small-Viking-Longship-MOCBRICKLAND-2-60x60.jpg 60w, https:\/\/mouldking.store\/wp-content\/uploads\/2022\/10\/Creator-MOC-76565-Small-Viking-Longship-MOCBRICKLAND-2-90x90.jpg 90w\" sizes=\"(max-width: 800px) 100vw, 800px\" \/><figcaption id=\"caption-attachment-33147\" class=\"wp-caption-text\">MOC-76565 Lite vikinglangskip med 281 stk<\/figcaption><\/figure>\n<figure id=\"attachment_33151\" aria-describedby=\"caption-attachment-33151\" style=\"width: 800px\" class=\"wp-caption aligncenter\"><img loading=\"lazy\" decoding=\"async\" class=\"wp-image-33151 size-full\" src=\"https:\/\/mouldking.store\/wp-content\/uploads\/2022\/10\/Creator-MOC-76565-Small-Viking-Longship-MOCBRICKLAND-6.jpg\" alt=\"MOC-76565 Small Viking Longship with 281 Pieces\" width=\"800\" height=\"800\" title=\"-\" srcset=\"https:\/\/mouldking.store\/wp-content\/uploads\/2022\/10\/Creator-MOC-76565-Small-Viking-Longship-MOCBRICKLAND-6.jpg 800w, https:\/\/mouldking.store\/wp-content\/uploads\/2022\/10\/Creator-MOC-76565-Small-Viking-Longship-MOCBRICKLAND-6-300x300.jpg 300w, https:\/\/mouldking.store\/wp-content\/uploads\/2022\/10\/Creator-MOC-76565-Small-Viking-Longship-MOCBRICKLAND-6-768x768.jpg 768w, https:\/\/mouldking.store\/wp-content\/uploads\/2022\/10\/Creator-MOC-76565-Small-Viking-Longship-MOCBRICKLAND-6-600x600.jpg 600w, https:\/\/mouldking.store\/wp-content\/uploads\/2022\/10\/Creator-MOC-76565-Small-Viking-Longship-MOCBRICKLAND-6-150x150.jpg 150w, https:\/\/mouldking.store\/wp-content\/uploads\/2022\/10\/Creator-MOC-76565-Small-Viking-Longship-MOCBRICKLAND-6-60x60.jpg 60w, https:\/\/mouldking.store\/wp-content\/uploads\/2022\/10\/Creator-MOC-76565-Small-Viking-Longship-MOCBRICKLAND-6-90x90.jpg 90w\" sizes=\"(max-width: 800px) 100vw, 800px\" \/><figcaption id=\"caption-attachment-33151\" class=\"wp-caption-text\">MOC-76565 Lite vikinglangskip med 281 stk<\/figcaption><\/figure>\n<figure id=\"attachment_33148\" aria-describedby=\"caption-attachment-33148\" style=\"width: 800px\" class=\"wp-caption aligncenter\"><img loading=\"lazy\" decoding=\"async\" class=\"wp-image-33148 size-full\" src=\"https:\/\/mouldking.store\/wp-content\/uploads\/2022\/10\/Creator-MOC-76565-Small-Viking-Longship-MOCBRICKLAND-1.jpg\" alt=\"MOC-76565 Small Viking Longship with 281 Pieces\" width=\"800\" height=\"800\" title=\"-\" srcset=\"https:\/\/mouldking.store\/wp-content\/uploads\/2022\/10\/Creator-MOC-76565-Small-Viking-Longship-MOCBRICKLAND-1.jpg 800w, https:\/\/mouldking.store\/wp-content\/uploads\/2022\/10\/Creator-MOC-76565-Small-Viking-Longship-MOCBRICKLAND-1-300x300.jpg 300w, https:\/\/mouldking.store\/wp-content\/uploads\/2022\/10\/Creator-MOC-76565-Small-Viking-Longship-MOCBRICKLAND-1-768x768.jpg 768w, https:\/\/mouldking.store\/wp-content\/uploads\/2022\/10\/Creator-MOC-76565-Small-Viking-Longship-MOCBRICKLAND-1-600x600.jpg 600w, https:\/\/mouldking.store\/wp-content\/uploads\/2022\/10\/Creator-MOC-76565-Small-Viking-Longship-MOCBRICKLAND-1-150x150.jpg 150w, https:\/\/mouldking.store\/wp-content\/uploads\/2022\/10\/Creator-MOC-76565-Small-Viking-Longship-MOCBRICKLAND-1-60x60.jpg 60w, https:\/\/mouldking.store\/wp-content\/uploads\/2022\/10\/Creator-MOC-76565-Small-Viking-Longship-MOCBRICKLAND-1-90x90.jpg 90w\" sizes=\"(max-width: 800px) 100vw, 800px\" \/><figcaption id=\"caption-attachment-33148\" class=\"wp-caption-text\">MOC-76565 Lite vikinglangskip med 281 stk<\/figcaption><\/figure>","protected":false},"excerpt":{"rendered":"<p>Product information: Brand: MOC Gender: Unisex Name: Small Viking Longship Age Range: &gt; 6 years old Model Number: C9157 Classification: Assemblage Plastic Block Shape: Self-Locking Bricks Material: Plastic Plastic Type: ABS Bricks Blocks: 281\u00a0PCS Dimensions: 15.1 x 7.7 x 8.8 cm Weight: 0.14 kg Contains detailed assembly instructions. Notice: 1. Without an original box, but [&hellip;]<\/p>","protected":false},"featured_media":33143,"comment_status":"closed","ping_status":"closed","template":"","meta":{"_acf_changed":false},"product_cat":[371],"product_tag":[6105,6103,6102,6101,6104],"class_list":["product","first","instock","shipping-taxable","purchasable","product-type-simple"],"acf":[],"_links":{"self":[{"href":"https:\/\/mouldking.store\/nb\/wp-json\/wp\/v2\/product\/33142","targetHints":{"allow":["GET"]}}],"collection":[{"href":"https:\/\/mouldking.store\/nb\/wp-json\/wp\/v2\/product"}],"about":[{"href":"https:\/\/mouldking.store\/nb\/wp-json\/wp\/v2\/types\/product"}],"replies":[{"embeddable":true,"href":"https:\/\/mouldking.store\/nb\/wp-json\/wp\/v2\/comments?post=33142"}],"wp:featuredmedia":[{"embeddable":true,"href":"https:\/\/mouldking.store\/nb\/wp-json\/wp\/v2\/media\/33143"}],"wp:attachment":[{"href":"https:\/\/mouldking.store\/nb\/wp-json\/wp\/v2\/media?parent=33142"}],"wp:term":[{"taxonomy":"product_cat","embeddable":true,"href":"https:\/\/mouldking.store\/nb\/wp-json\/wp\/v2\/product_cat?post=33142"},{"taxonomy":"product_tag","embeddable":true,"href":"https:\/\/mouldking.store\/nb\/wp-json\/wp\/v2\/product_tag?post=33142"}],"curies":[{"name":"wp","href":"https:\/\/api.w.org\/{rel}","templated":true}]}}