{"id":33152,"date":"2022-10-13T16:11:21","date_gmt":"2022-10-13T09:11:21","guid":{"rendered":"https:\/\/mouldking.store\/?post_type=product&#038;p=33152"},"modified":"2025-12-25T09:12:25","modified_gmt":"2025-12-25T02:12:25","slug":"moc-89583-stand-compatible-with-zelda-horizon-zero-dawn-with-521-pieces","status":"publish","type":"product","link":"https:\/\/mouldking.store\/nb\/shop\/moc-89583-stand-compatible-with-zelda-horizon-zero-dawn-with-521-pieces\/","title":{"rendered":"MOC 89583 stativ kompatibel med Zelda\/Horizon Zero Dawn med 521 deler"},"content":{"rendered":"<p>Produktinformasjon:<\/p>\n<ol>\n<li>Merke: MOC<\/li>\n<li>Kj\u00f8nn: Unisex<\/li>\n<li>Name: Stand Compatible With Zelda\/Horizon Zero Dawn<\/li>\n<li>Aldersgruppe: &gt; 6 \u00e5r gammel<\/li>\n<li>Model Number: C9131<\/li>\n<li>Klassifisering: Montering<\/li>\n<li>Plastblokkform: Selvl\u00e5sende murstein<\/li>\n<li>Materiale: Plast<\/li>\n<li>Plasttype: ABS<\/li>\n<li>Bricks Blocks: 521\u00a0PCS<\/li>\n<li>Dimensions: 31.8 x 26.4 x 18.5 cm<\/li>\n<li>Vekt: 0,58 kg<\/li>\n<li>Inneholder detaljerte monteringsanvisninger.<\/li>\n<\/ol>\n<p>Legge merke til:<br \/>\n1. Uten original eske, men vi garanterer at v\u00e5re produkter har kvalitetssikring og pen emballasje.<br \/>\n2. Som alle delene vi har sjekket f\u00f8r frakt, s\u00e5 hvis du finner noen deler savnet eller skadet, ikke bekymre deg og bare kontakt oss, s\u00e5 kan vi sende dem til deg p\u00e5 nytt umiddelbart gratis.<\/p>\n<figure id=\"attachment_33162\" aria-describedby=\"caption-attachment-33162\" style=\"width: 1024px\" class=\"wp-caption aligncenter\"><img fetchpriority=\"high\" decoding=\"async\" class=\"wp-image-33162 size-large\" src=\"https:\/\/mouldking.store\/wp-content\/uploads\/2022\/10\/Creator-MOC-89583-Stand-Compatible-With-ZeldaHorizon-Zero-Dawn-MOCBRICKLAND-1024x1024.png\" alt=\"MOC 89583 Stand Compatible With Zelda\/Horizon Zero Dawn with 521 Pieces\" width=\"1024\" height=\"1024\" title=\"-\" srcset=\"https:\/\/mouldking.store\/wp-content\/uploads\/2022\/10\/Creator-MOC-89583-Stand-Compatible-With-ZeldaHorizon-Zero-Dawn-MOCBRICKLAND-1024x1024.png 1024w, https:\/\/mouldking.store\/wp-content\/uploads\/2022\/10\/Creator-MOC-89583-Stand-Compatible-With-ZeldaHorizon-Zero-Dawn-MOCBRICKLAND-300x300.png 300w, https:\/\/mouldking.store\/wp-content\/uploads\/2022\/10\/Creator-MOC-89583-Stand-Compatible-With-ZeldaHorizon-Zero-Dawn-MOCBRICKLAND-768x768.png 768w, https:\/\/mouldking.store\/wp-content\/uploads\/2022\/10\/Creator-MOC-89583-Stand-Compatible-With-ZeldaHorizon-Zero-Dawn-MOCBRICKLAND-1536x1536.png 1536w, https:\/\/mouldking.store\/wp-content\/uploads\/2022\/10\/Creator-MOC-89583-Stand-Compatible-With-ZeldaHorizon-Zero-Dawn-MOCBRICKLAND-2048x2048.png 2048w, https:\/\/mouldking.store\/wp-content\/uploads\/2022\/10\/Creator-MOC-89583-Stand-Compatible-With-ZeldaHorizon-Zero-Dawn-MOCBRICKLAND-600x600.png 600w, https:\/\/mouldking.store\/wp-content\/uploads\/2022\/10\/Creator-MOC-89583-Stand-Compatible-With-ZeldaHorizon-Zero-Dawn-MOCBRICKLAND-150x150.png 150w, https:\/\/mouldking.store\/wp-content\/uploads\/2022\/10\/Creator-MOC-89583-Stand-Compatible-With-ZeldaHorizon-Zero-Dawn-MOCBRICKLAND-60x60.png 60w, https:\/\/mouldking.store\/wp-content\/uploads\/2022\/10\/Creator-MOC-89583-Stand-Compatible-With-ZeldaHorizon-Zero-Dawn-MOCBRICKLAND-90x90.png 90w\" sizes=\"(max-width: 1024px) 100vw, 1024px\" \/><figcaption id=\"caption-attachment-33162\" class=\"wp-caption-text\">MOC 89583 stativ kompatibel med Zelda\/Horizon Zero Dawn med 521 deler<\/figcaption><\/figure>\n<figure id=\"attachment_33156\" aria-describedby=\"caption-attachment-33156\" style=\"width: 800px\" class=\"wp-caption aligncenter\"><img decoding=\"async\" class=\"wp-image-33156 size-full\" src=\"https:\/\/mouldking.store\/wp-content\/uploads\/2022\/10\/Creator-MOC-89583-Stand-Compatible-With-ZeldaHorizon-Zero-Dawn-MOCBRICKLAND-9.jpg\" alt=\"MOC 89583 Stand Compatible With Zelda\/Horizon Zero Dawn with 521 Pieces\" width=\"800\" height=\"800\" title=\"-\" srcset=\"https:\/\/mouldking.store\/wp-content\/uploads\/2022\/10\/Creator-MOC-89583-Stand-Compatible-With-ZeldaHorizon-Zero-Dawn-MOCBRICKLAND-9.jpg 800w, https:\/\/mouldking.store\/wp-content\/uploads\/2022\/10\/Creator-MOC-89583-Stand-Compatible-With-ZeldaHorizon-Zero-Dawn-MOCBRICKLAND-9-300x300.jpg 300w, https:\/\/mouldking.store\/wp-content\/uploads\/2022\/10\/Creator-MOC-89583-Stand-Compatible-With-ZeldaHorizon-Zero-Dawn-MOCBRICKLAND-9-768x768.jpg 768w, https:\/\/mouldking.store\/wp-content\/uploads\/2022\/10\/Creator-MOC-89583-Stand-Compatible-With-ZeldaHorizon-Zero-Dawn-MOCBRICKLAND-9-600x600.jpg 600w, https:\/\/mouldking.store\/wp-content\/uploads\/2022\/10\/Creator-MOC-89583-Stand-Compatible-With-ZeldaHorizon-Zero-Dawn-MOCBRICKLAND-9-150x150.jpg 150w, https:\/\/mouldking.store\/wp-content\/uploads\/2022\/10\/Creator-MOC-89583-Stand-Compatible-With-ZeldaHorizon-Zero-Dawn-MOCBRICKLAND-9-60x60.jpg 60w, https:\/\/mouldking.store\/wp-content\/uploads\/2022\/10\/Creator-MOC-89583-Stand-Compatible-With-ZeldaHorizon-Zero-Dawn-MOCBRICKLAND-9-90x90.jpg 90w\" sizes=\"(max-width: 800px) 100vw, 800px\" \/><figcaption id=\"caption-attachment-33156\" class=\"wp-caption-text\">MOC 89583 stativ kompatibel med Zelda\/Horizon Zero Dawn med 521 deler<\/figcaption><\/figure>\n<figure id=\"attachment_33161\" aria-describedby=\"caption-attachment-33161\" style=\"width: 800px\" class=\"wp-caption aligncenter\"><img decoding=\"async\" class=\"wp-image-33161 size-full\" src=\"https:\/\/mouldking.store\/wp-content\/uploads\/2022\/10\/Creator-MOC-89583-Stand-Compatible-With-ZeldaHorizon-Zero-Dawn-MOCBRICKLAND-4.jpg\" alt=\"MOC 89583 Stand Compatible With Zelda\/Horizon Zero Dawn with 521 Pieces\" width=\"800\" height=\"800\" title=\"-\" srcset=\"https:\/\/mouldking.store\/wp-content\/uploads\/2022\/10\/Creator-MOC-89583-Stand-Compatible-With-ZeldaHorizon-Zero-Dawn-MOCBRICKLAND-4.jpg 800w, https:\/\/mouldking.store\/wp-content\/uploads\/2022\/10\/Creator-MOC-89583-Stand-Compatible-With-ZeldaHorizon-Zero-Dawn-MOCBRICKLAND-4-300x300.jpg 300w, https:\/\/mouldking.store\/wp-content\/uploads\/2022\/10\/Creator-MOC-89583-Stand-Compatible-With-ZeldaHorizon-Zero-Dawn-MOCBRICKLAND-4-768x768.jpg 768w, https:\/\/mouldking.store\/wp-content\/uploads\/2022\/10\/Creator-MOC-89583-Stand-Compatible-With-ZeldaHorizon-Zero-Dawn-MOCBRICKLAND-4-600x600.jpg 600w, https:\/\/mouldking.store\/wp-content\/uploads\/2022\/10\/Creator-MOC-89583-Stand-Compatible-With-ZeldaHorizon-Zero-Dawn-MOCBRICKLAND-4-150x150.jpg 150w, https:\/\/mouldking.store\/wp-content\/uploads\/2022\/10\/Creator-MOC-89583-Stand-Compatible-With-ZeldaHorizon-Zero-Dawn-MOCBRICKLAND-4-60x60.jpg 60w, https:\/\/mouldking.store\/wp-content\/uploads\/2022\/10\/Creator-MOC-89583-Stand-Compatible-With-ZeldaHorizon-Zero-Dawn-MOCBRICKLAND-4-90x90.jpg 90w\" sizes=\"(max-width: 800px) 100vw, 800px\" \/><figcaption id=\"caption-attachment-33161\" class=\"wp-caption-text\">MOC 89583 stativ kompatibel med Zelda\/Horizon Zero Dawn med 521 deler<\/figcaption><\/figure>\n<figure id=\"attachment_33154\" aria-describedby=\"caption-attachment-33154\" style=\"width: 800px\" class=\"wp-caption aligncenter\"><img loading=\"lazy\" decoding=\"async\" class=\"wp-image-33154 size-full\" src=\"https:\/\/mouldking.store\/wp-content\/uploads\/2022\/10\/Creator-MOC-89583-Stand-Compatible-With-ZeldaHorizon-Zero-Dawn-MOCBRICKLAND-2.jpg\" alt=\"MOC 89583 Stand Compatible With Zelda\/Horizon Zero Dawn with 521 Pieces\" width=\"800\" height=\"800\" title=\"-\" srcset=\"https:\/\/mouldking.store\/wp-content\/uploads\/2022\/10\/Creator-MOC-89583-Stand-Compatible-With-ZeldaHorizon-Zero-Dawn-MOCBRICKLAND-2.jpg 800w, https:\/\/mouldking.store\/wp-content\/uploads\/2022\/10\/Creator-MOC-89583-Stand-Compatible-With-ZeldaHorizon-Zero-Dawn-MOCBRICKLAND-2-300x300.jpg 300w, https:\/\/mouldking.store\/wp-content\/uploads\/2022\/10\/Creator-MOC-89583-Stand-Compatible-With-ZeldaHorizon-Zero-Dawn-MOCBRICKLAND-2-768x768.jpg 768w, https:\/\/mouldking.store\/wp-content\/uploads\/2022\/10\/Creator-MOC-89583-Stand-Compatible-With-ZeldaHorizon-Zero-Dawn-MOCBRICKLAND-2-600x600.jpg 600w, https:\/\/mouldking.store\/wp-content\/uploads\/2022\/10\/Creator-MOC-89583-Stand-Compatible-With-ZeldaHorizon-Zero-Dawn-MOCBRICKLAND-2-150x150.jpg 150w, https:\/\/mouldking.store\/wp-content\/uploads\/2022\/10\/Creator-MOC-89583-Stand-Compatible-With-ZeldaHorizon-Zero-Dawn-MOCBRICKLAND-2-60x60.jpg 60w, https:\/\/mouldking.store\/wp-content\/uploads\/2022\/10\/Creator-MOC-89583-Stand-Compatible-With-ZeldaHorizon-Zero-Dawn-MOCBRICKLAND-2-90x90.jpg 90w\" sizes=\"(max-width: 800px) 100vw, 800px\" \/><figcaption id=\"caption-attachment-33154\" class=\"wp-caption-text\">MOC 89583 stativ kompatibel med Zelda\/Horizon Zero Dawn med 521 deler<\/figcaption><\/figure>\n<figure id=\"attachment_33153\" aria-describedby=\"caption-attachment-33153\" style=\"width: 800px\" class=\"wp-caption aligncenter\"><img loading=\"lazy\" decoding=\"async\" class=\"wp-image-33153 size-full\" src=\"https:\/\/mouldking.store\/wp-content\/uploads\/2022\/10\/Creator-MOC-89583-Stand-Compatible-With-ZeldaHorizon-Zero-Dawn-MOCBRICKLAND-3.jpg\" alt=\"MOC 89583 Stand Compatible With Zelda\/Horizon Zero Dawn with 521 Pieces\" width=\"800\" height=\"800\" title=\"-\" srcset=\"https:\/\/mouldking.store\/wp-content\/uploads\/2022\/10\/Creator-MOC-89583-Stand-Compatible-With-ZeldaHorizon-Zero-Dawn-MOCBRICKLAND-3.jpg 800w, https:\/\/mouldking.store\/wp-content\/uploads\/2022\/10\/Creator-MOC-89583-Stand-Compatible-With-ZeldaHorizon-Zero-Dawn-MOCBRICKLAND-3-300x300.jpg 300w, https:\/\/mouldking.store\/wp-content\/uploads\/2022\/10\/Creator-MOC-89583-Stand-Compatible-With-ZeldaHorizon-Zero-Dawn-MOCBRICKLAND-3-768x768.jpg 768w, https:\/\/mouldking.store\/wp-content\/uploads\/2022\/10\/Creator-MOC-89583-Stand-Compatible-With-ZeldaHorizon-Zero-Dawn-MOCBRICKLAND-3-600x600.jpg 600w, https:\/\/mouldking.store\/wp-content\/uploads\/2022\/10\/Creator-MOC-89583-Stand-Compatible-With-ZeldaHorizon-Zero-Dawn-MOCBRICKLAND-3-150x150.jpg 150w, https:\/\/mouldking.store\/wp-content\/uploads\/2022\/10\/Creator-MOC-89583-Stand-Compatible-With-ZeldaHorizon-Zero-Dawn-MOCBRICKLAND-3-60x60.jpg 60w, https:\/\/mouldking.store\/wp-content\/uploads\/2022\/10\/Creator-MOC-89583-Stand-Compatible-With-ZeldaHorizon-Zero-Dawn-MOCBRICKLAND-3-90x90.jpg 90w\" sizes=\"(max-width: 800px) 100vw, 800px\" \/><figcaption id=\"caption-attachment-33153\" class=\"wp-caption-text\">MOC 89583 stativ kompatibel med Zelda\/Horizon Zero Dawn med 521 deler<\/figcaption><\/figure>\n<figure id=\"attachment_33160\" aria-describedby=\"caption-attachment-33160\" style=\"width: 800px\" class=\"wp-caption aligncenter\"><img loading=\"lazy\" decoding=\"async\" class=\"wp-image-33160 size-full\" src=\"https:\/\/mouldking.store\/wp-content\/uploads\/2022\/10\/Creator-MOC-89583-Stand-Compatible-With-ZeldaHorizon-Zero-Dawn-MOCBRICKLAND-5.jpg\" alt=\"MOC 89583 Stand Compatible With Zelda\/Horizon Zero Dawn with 521 Pieces\" width=\"800\" height=\"800\" title=\"-\" srcset=\"https:\/\/mouldking.store\/wp-content\/uploads\/2022\/10\/Creator-MOC-89583-Stand-Compatible-With-ZeldaHorizon-Zero-Dawn-MOCBRICKLAND-5.jpg 800w, https:\/\/mouldking.store\/wp-content\/uploads\/2022\/10\/Creator-MOC-89583-Stand-Compatible-With-ZeldaHorizon-Zero-Dawn-MOCBRICKLAND-5-300x300.jpg 300w, https:\/\/mouldking.store\/wp-content\/uploads\/2022\/10\/Creator-MOC-89583-Stand-Compatible-With-ZeldaHorizon-Zero-Dawn-MOCBRICKLAND-5-768x768.jpg 768w, https:\/\/mouldking.store\/wp-content\/uploads\/2022\/10\/Creator-MOC-89583-Stand-Compatible-With-ZeldaHorizon-Zero-Dawn-MOCBRICKLAND-5-600x600.jpg 600w, https:\/\/mouldking.store\/wp-content\/uploads\/2022\/10\/Creator-MOC-89583-Stand-Compatible-With-ZeldaHorizon-Zero-Dawn-MOCBRICKLAND-5-150x150.jpg 150w, https:\/\/mouldking.store\/wp-content\/uploads\/2022\/10\/Creator-MOC-89583-Stand-Compatible-With-ZeldaHorizon-Zero-Dawn-MOCBRICKLAND-5-60x60.jpg 60w, https:\/\/mouldking.store\/wp-content\/uploads\/2022\/10\/Creator-MOC-89583-Stand-Compatible-With-ZeldaHorizon-Zero-Dawn-MOCBRICKLAND-5-90x90.jpg 90w\" sizes=\"(max-width: 800px) 100vw, 800px\" \/><figcaption id=\"caption-attachment-33160\" class=\"wp-caption-text\">MOC 89583 stativ kompatibel med Zelda\/Horizon Zero Dawn med 521 deler<\/figcaption><\/figure>\n<figure id=\"attachment_33159\" aria-describedby=\"caption-attachment-33159\" style=\"width: 800px\" class=\"wp-caption aligncenter\"><img loading=\"lazy\" decoding=\"async\" class=\"wp-image-33159 size-full\" src=\"https:\/\/mouldking.store\/wp-content\/uploads\/2022\/10\/Creator-MOC-89583-Stand-Compatible-With-ZeldaHorizon-Zero-Dawn-MOCBRICKLAND-6.jpg\" alt=\"MOC 89583 Stand Compatible With Zelda\/Horizon Zero Dawn with 521 Pieces\" width=\"800\" height=\"800\" title=\"-\" srcset=\"https:\/\/mouldking.store\/wp-content\/uploads\/2022\/10\/Creator-MOC-89583-Stand-Compatible-With-ZeldaHorizon-Zero-Dawn-MOCBRICKLAND-6.jpg 800w, https:\/\/mouldking.store\/wp-content\/uploads\/2022\/10\/Creator-MOC-89583-Stand-Compatible-With-ZeldaHorizon-Zero-Dawn-MOCBRICKLAND-6-300x300.jpg 300w, https:\/\/mouldking.store\/wp-content\/uploads\/2022\/10\/Creator-MOC-89583-Stand-Compatible-With-ZeldaHorizon-Zero-Dawn-MOCBRICKLAND-6-768x768.jpg 768w, https:\/\/mouldking.store\/wp-content\/uploads\/2022\/10\/Creator-MOC-89583-Stand-Compatible-With-ZeldaHorizon-Zero-Dawn-MOCBRICKLAND-6-600x600.jpg 600w, https:\/\/mouldking.store\/wp-content\/uploads\/2022\/10\/Creator-MOC-89583-Stand-Compatible-With-ZeldaHorizon-Zero-Dawn-MOCBRICKLAND-6-150x150.jpg 150w, https:\/\/mouldking.store\/wp-content\/uploads\/2022\/10\/Creator-MOC-89583-Stand-Compatible-With-ZeldaHorizon-Zero-Dawn-MOCBRICKLAND-6-60x60.jpg 60w, https:\/\/mouldking.store\/wp-content\/uploads\/2022\/10\/Creator-MOC-89583-Stand-Compatible-With-ZeldaHorizon-Zero-Dawn-MOCBRICKLAND-6-90x90.jpg 90w\" sizes=\"(max-width: 800px) 100vw, 800px\" \/><figcaption id=\"caption-attachment-33159\" class=\"wp-caption-text\">MOC 89583 stativ kompatibel med Zelda\/Horizon Zero Dawn med 521 deler<\/figcaption><\/figure>\n<figure id=\"attachment_33158\" aria-describedby=\"caption-attachment-33158\" style=\"width: 800px\" class=\"wp-caption aligncenter\"><img loading=\"lazy\" decoding=\"async\" class=\"wp-image-33158 size-full\" src=\"https:\/\/mouldking.store\/wp-content\/uploads\/2022\/10\/Creator-MOC-89583-Stand-Compatible-With-ZeldaHorizon-Zero-Dawn-MOCBRICKLAND-7.jpg\" alt=\"MOC 89583 Stand Compatible With Zelda\/Horizon Zero Dawn with 521 Pieces\" width=\"800\" height=\"800\" title=\"-\" srcset=\"https:\/\/mouldking.store\/wp-content\/uploads\/2022\/10\/Creator-MOC-89583-Stand-Compatible-With-ZeldaHorizon-Zero-Dawn-MOCBRICKLAND-7.jpg 800w, https:\/\/mouldking.store\/wp-content\/uploads\/2022\/10\/Creator-MOC-89583-Stand-Compatible-With-ZeldaHorizon-Zero-Dawn-MOCBRICKLAND-7-300x300.jpg 300w, https:\/\/mouldking.store\/wp-content\/uploads\/2022\/10\/Creator-MOC-89583-Stand-Compatible-With-ZeldaHorizon-Zero-Dawn-MOCBRICKLAND-7-768x768.jpg 768w, https:\/\/mouldking.store\/wp-content\/uploads\/2022\/10\/Creator-MOC-89583-Stand-Compatible-With-ZeldaHorizon-Zero-Dawn-MOCBRICKLAND-7-600x600.jpg 600w, https:\/\/mouldking.store\/wp-content\/uploads\/2022\/10\/Creator-MOC-89583-Stand-Compatible-With-ZeldaHorizon-Zero-Dawn-MOCBRICKLAND-7-150x150.jpg 150w, https:\/\/mouldking.store\/wp-content\/uploads\/2022\/10\/Creator-MOC-89583-Stand-Compatible-With-ZeldaHorizon-Zero-Dawn-MOCBRICKLAND-7-60x60.jpg 60w, https:\/\/mouldking.store\/wp-content\/uploads\/2022\/10\/Creator-MOC-89583-Stand-Compatible-With-ZeldaHorizon-Zero-Dawn-MOCBRICKLAND-7-90x90.jpg 90w\" sizes=\"(max-width: 800px) 100vw, 800px\" \/><figcaption id=\"caption-attachment-33158\" class=\"wp-caption-text\">MOC 89583 stativ kompatibel med Zelda\/Horizon Zero Dawn med 521 deler<\/figcaption><\/figure>\n<figure id=\"attachment_33155\" aria-describedby=\"caption-attachment-33155\" style=\"width: 800px\" class=\"wp-caption aligncenter\"><img loading=\"lazy\" decoding=\"async\" class=\"wp-image-33155 size-full\" src=\"https:\/\/mouldking.store\/wp-content\/uploads\/2022\/10\/Creator-MOC-89583-Stand-Compatible-With-ZeldaHorizon-Zero-Dawn-MOCBRICKLAND-1.jpg\" alt=\"MOC 89583 Stand Compatible With Zelda\/Horizon Zero Dawn with 521 Pieces\" width=\"800\" height=\"800\" title=\"-\" srcset=\"https:\/\/mouldking.store\/wp-content\/uploads\/2022\/10\/Creator-MOC-89583-Stand-Compatible-With-ZeldaHorizon-Zero-Dawn-MOCBRICKLAND-1.jpg 800w, https:\/\/mouldking.store\/wp-content\/uploads\/2022\/10\/Creator-MOC-89583-Stand-Compatible-With-ZeldaHorizon-Zero-Dawn-MOCBRICKLAND-1-300x300.jpg 300w, https:\/\/mouldking.store\/wp-content\/uploads\/2022\/10\/Creator-MOC-89583-Stand-Compatible-With-ZeldaHorizon-Zero-Dawn-MOCBRICKLAND-1-768x768.jpg 768w, https:\/\/mouldking.store\/wp-content\/uploads\/2022\/10\/Creator-MOC-89583-Stand-Compatible-With-ZeldaHorizon-Zero-Dawn-MOCBRICKLAND-1-600x600.jpg 600w, https:\/\/mouldking.store\/wp-content\/uploads\/2022\/10\/Creator-MOC-89583-Stand-Compatible-With-ZeldaHorizon-Zero-Dawn-MOCBRICKLAND-1-150x150.jpg 150w, https:\/\/mouldking.store\/wp-content\/uploads\/2022\/10\/Creator-MOC-89583-Stand-Compatible-With-ZeldaHorizon-Zero-Dawn-MOCBRICKLAND-1-60x60.jpg 60w, https:\/\/mouldking.store\/wp-content\/uploads\/2022\/10\/Creator-MOC-89583-Stand-Compatible-With-ZeldaHorizon-Zero-Dawn-MOCBRICKLAND-1-90x90.jpg 90w\" sizes=\"(max-width: 800px) 100vw, 800px\" \/><figcaption id=\"caption-attachment-33155\" class=\"wp-caption-text\">MOC 89583 stativ kompatibel med Zelda\/Horizon Zero Dawn med 521 deler<\/figcaption><\/figure>\n<p>&nbsp;<\/p>","protected":false},"excerpt":{"rendered":"<p>Product information: Brand: MOC Gender: Unisex Name: Stand Compatible With Zelda\/Horizon Zero Dawn Age Range: &gt; 6 years old Model Number: C9131 Classification: Assemblage Plastic Block Shape: Self-Locking Bricks Material: Plastic Plastic Type: ABS Bricks Blocks: 521\u00a0PCS Dimensions: 31.8 x 26.4 x 18.5 cm Weight: 0.58 kg Contains detailed assembly instructions. Notice: 1. Without an [&hellip;]<\/p>","protected":false},"featured_media":33162,"comment_status":"closed","ping_status":"closed","template":"","meta":{"_acf_changed":false},"product_cat":[371],"product_tag":[6106,5998,6107,6108],"class_list":["product","first","instock","shipping-taxable","purchasable","product-type-simple"],"acf":[],"_links":{"self":[{"href":"https:\/\/mouldking.store\/nb\/wp-json\/wp\/v2\/product\/33152","targetHints":{"allow":["GET"]}}],"collection":[{"href":"https:\/\/mouldking.store\/nb\/wp-json\/wp\/v2\/product"}],"about":[{"href":"https:\/\/mouldking.store\/nb\/wp-json\/wp\/v2\/types\/product"}],"replies":[{"embeddable":true,"href":"https:\/\/mouldking.store\/nb\/wp-json\/wp\/v2\/comments?post=33152"}],"wp:featuredmedia":[{"embeddable":true,"href":"https:\/\/mouldking.store\/nb\/wp-json\/wp\/v2\/media\/33162"}],"wp:attachment":[{"href":"https:\/\/mouldking.store\/nb\/wp-json\/wp\/v2\/media?parent=33152"}],"wp:term":[{"taxonomy":"product_cat","embeddable":true,"href":"https:\/\/mouldking.store\/nb\/wp-json\/wp\/v2\/product_cat?post=33152"},{"taxonomy":"product_tag","embeddable":true,"href":"https:\/\/mouldking.store\/nb\/wp-json\/wp\/v2\/product_tag?post=33152"}],"curies":[{"name":"wp","href":"https:\/\/api.w.org\/{rel}","templated":true}]}}