{"id":33186,"date":"2022-10-13T16:29:09","date_gmt":"2022-10-13T09:29:09","guid":{"rendered":"https:\/\/mouldking.store\/?post_type=product&#038;p=33186"},"modified":"2025-12-25T09:12:25","modified_gmt":"2025-12-25T02:12:25","slug":"moc-118322-union-pacific-gtel-8500-veranda-fuel-tender-only-with-1259-pieces","status":"publish","type":"product","link":"https:\/\/mouldking.store\/nb\/shop\/moc-118322-union-pacific-gtel-8500-veranda-fuel-tender-only-with-1259-pieces\/","title":{"rendered":"MOC-118322 Union Pacific GTEL 8500 Veranda Fuel Tender Kun med 1259 stykker"},"content":{"rendered":"<p>Produktinformasjon:<\/p>\n<ol>\n<li>Merke: MOC<\/li>\n<li>Kj\u00f8nn: Unisex<\/li>\n<li>Name: Union Pacific GTEL 8500 Veranda Fuel Tender Only<\/li>\n<li>Aldersgruppe: &gt; 6 \u00e5r gammel<\/li>\n<li>Model Number: C9132<\/li>\n<li>Klassifisering: Montering<\/li>\n<li>Plastblokkform: Selvl\u00e5sende murstein<\/li>\n<li>Materiale: Plast<\/li>\n<li>Plasttype: ABS<\/li>\n<li>Bricks Blocks: 1259\u00a0PCS<\/li>\n<li>Dimensions: 35.5 x 8 x 13.1 cm<\/li>\n<li>Vekt: 0,87 kg<\/li>\n<li>Inneholder detaljerte monteringsanvisninger.<\/li>\n<\/ol>\n<p>Legge merke til:<br \/>\n1. Uten original eske, men vi garanterer at v\u00e5re produkter har kvalitetssikring og pen emballasje.<br \/>\n2. Som alle delene vi har sjekket f\u00f8r frakt, s\u00e5 hvis du finner noen deler savnet eller skadet, ikke bekymre deg og bare kontakt oss, s\u00e5 kan vi sende dem til deg p\u00e5 nytt umiddelbart gratis.<\/p>\n<p>&nbsp;<\/p>\n<figure id=\"attachment_33187\" aria-describedby=\"caption-attachment-33187\" style=\"width: 1024px\" class=\"wp-caption aligncenter\"><img fetchpriority=\"high\" decoding=\"async\" class=\"wp-image-33187 size-large\" src=\"https:\/\/mouldking.store\/wp-content\/uploads\/2022\/10\/Technic-MOC-118322-Union-Pacific-GTEL-8500-Veranda-Fuel-Tender-Only-MOCBRICKLAND-1024x1024.png\" alt=\"MOC-118322 Union Pacific GTEL 8500 Veranda Fuel Tender Only with 1259 Pieces\" width=\"1024\" height=\"1024\" title=\"-\" srcset=\"https:\/\/mouldking.store\/wp-content\/uploads\/2022\/10\/Technic-MOC-118322-Union-Pacific-GTEL-8500-Veranda-Fuel-Tender-Only-MOCBRICKLAND-1024x1024.png 1024w, https:\/\/mouldking.store\/wp-content\/uploads\/2022\/10\/Technic-MOC-118322-Union-Pacific-GTEL-8500-Veranda-Fuel-Tender-Only-MOCBRICKLAND-300x300.png 300w, https:\/\/mouldking.store\/wp-content\/uploads\/2022\/10\/Technic-MOC-118322-Union-Pacific-GTEL-8500-Veranda-Fuel-Tender-Only-MOCBRICKLAND-768x768.png 768w, https:\/\/mouldking.store\/wp-content\/uploads\/2022\/10\/Technic-MOC-118322-Union-Pacific-GTEL-8500-Veranda-Fuel-Tender-Only-MOCBRICKLAND-1536x1536.png 1536w, https:\/\/mouldking.store\/wp-content\/uploads\/2022\/10\/Technic-MOC-118322-Union-Pacific-GTEL-8500-Veranda-Fuel-Tender-Only-MOCBRICKLAND-2048x2048.png 2048w, https:\/\/mouldking.store\/wp-content\/uploads\/2022\/10\/Technic-MOC-118322-Union-Pacific-GTEL-8500-Veranda-Fuel-Tender-Only-MOCBRICKLAND-600x600.png 600w, https:\/\/mouldking.store\/wp-content\/uploads\/2022\/10\/Technic-MOC-118322-Union-Pacific-GTEL-8500-Veranda-Fuel-Tender-Only-MOCBRICKLAND-150x150.png 150w, https:\/\/mouldking.store\/wp-content\/uploads\/2022\/10\/Technic-MOC-118322-Union-Pacific-GTEL-8500-Veranda-Fuel-Tender-Only-MOCBRICKLAND-60x60.png 60w, https:\/\/mouldking.store\/wp-content\/uploads\/2022\/10\/Technic-MOC-118322-Union-Pacific-GTEL-8500-Veranda-Fuel-Tender-Only-MOCBRICKLAND-90x90.png 90w\" sizes=\"(max-width: 1024px) 100vw, 1024px\" \/><figcaption id=\"caption-attachment-33187\" class=\"wp-caption-text\">MOC-118322 Union Pacific GTEL 8500 Veranda Fuel Tender Kun med 1259 stykker<\/figcaption><\/figure>\n<figure id=\"attachment_33189\" aria-describedby=\"caption-attachment-33189\" style=\"width: 800px\" class=\"wp-caption aligncenter\"><img decoding=\"async\" class=\"wp-image-33189 size-full\" src=\"https:\/\/mouldking.store\/wp-content\/uploads\/2022\/10\/Technic-MOC-118322-Union-Pacific-GTEL-8500-Veranda-Fuel-Tender-Only-MOCBRICKLAND-3.jpg\" alt=\"MOC-118322 Union Pacific GTEL 8500 Veranda Fuel Tender Only with 1259 Pieces\" width=\"800\" height=\"800\" title=\"-\" srcset=\"https:\/\/mouldking.store\/wp-content\/uploads\/2022\/10\/Technic-MOC-118322-Union-Pacific-GTEL-8500-Veranda-Fuel-Tender-Only-MOCBRICKLAND-3.jpg 800w, https:\/\/mouldking.store\/wp-content\/uploads\/2022\/10\/Technic-MOC-118322-Union-Pacific-GTEL-8500-Veranda-Fuel-Tender-Only-MOCBRICKLAND-3-300x300.jpg 300w, https:\/\/mouldking.store\/wp-content\/uploads\/2022\/10\/Technic-MOC-118322-Union-Pacific-GTEL-8500-Veranda-Fuel-Tender-Only-MOCBRICKLAND-3-768x768.jpg 768w, https:\/\/mouldking.store\/wp-content\/uploads\/2022\/10\/Technic-MOC-118322-Union-Pacific-GTEL-8500-Veranda-Fuel-Tender-Only-MOCBRICKLAND-3-600x600.jpg 600w, https:\/\/mouldking.store\/wp-content\/uploads\/2022\/10\/Technic-MOC-118322-Union-Pacific-GTEL-8500-Veranda-Fuel-Tender-Only-MOCBRICKLAND-3-150x150.jpg 150w, https:\/\/mouldking.store\/wp-content\/uploads\/2022\/10\/Technic-MOC-118322-Union-Pacific-GTEL-8500-Veranda-Fuel-Tender-Only-MOCBRICKLAND-3-60x60.jpg 60w, https:\/\/mouldking.store\/wp-content\/uploads\/2022\/10\/Technic-MOC-118322-Union-Pacific-GTEL-8500-Veranda-Fuel-Tender-Only-MOCBRICKLAND-3-90x90.jpg 90w\" sizes=\"(max-width: 800px) 100vw, 800px\" \/><figcaption id=\"caption-attachment-33189\" class=\"wp-caption-text\">MOC-118322 Union Pacific GTEL 8500 Veranda Fuel Tender Kun med 1259 stykker<\/figcaption><\/figure>\n<figure id=\"attachment_33190\" aria-describedby=\"caption-attachment-33190\" style=\"width: 800px\" class=\"wp-caption aligncenter\"><img decoding=\"async\" class=\"wp-image-33190 size-full\" src=\"https:\/\/mouldking.store\/wp-content\/uploads\/2022\/10\/Technic-MOC-118322-Union-Pacific-GTEL-8500-Veranda-Fuel-Tender-Only-MOCBRICKLAND-2.jpg\" alt=\"MOC-118322 Union Pacific GTEL 8500 Veranda Fuel Tender Only with 1259 Pieces\" width=\"800\" height=\"800\" title=\"-\" srcset=\"https:\/\/mouldking.store\/wp-content\/uploads\/2022\/10\/Technic-MOC-118322-Union-Pacific-GTEL-8500-Veranda-Fuel-Tender-Only-MOCBRICKLAND-2.jpg 800w, https:\/\/mouldking.store\/wp-content\/uploads\/2022\/10\/Technic-MOC-118322-Union-Pacific-GTEL-8500-Veranda-Fuel-Tender-Only-MOCBRICKLAND-2-300x300.jpg 300w, https:\/\/mouldking.store\/wp-content\/uploads\/2022\/10\/Technic-MOC-118322-Union-Pacific-GTEL-8500-Veranda-Fuel-Tender-Only-MOCBRICKLAND-2-768x768.jpg 768w, https:\/\/mouldking.store\/wp-content\/uploads\/2022\/10\/Technic-MOC-118322-Union-Pacific-GTEL-8500-Veranda-Fuel-Tender-Only-MOCBRICKLAND-2-600x600.jpg 600w, https:\/\/mouldking.store\/wp-content\/uploads\/2022\/10\/Technic-MOC-118322-Union-Pacific-GTEL-8500-Veranda-Fuel-Tender-Only-MOCBRICKLAND-2-150x150.jpg 150w, https:\/\/mouldking.store\/wp-content\/uploads\/2022\/10\/Technic-MOC-118322-Union-Pacific-GTEL-8500-Veranda-Fuel-Tender-Only-MOCBRICKLAND-2-60x60.jpg 60w, https:\/\/mouldking.store\/wp-content\/uploads\/2022\/10\/Technic-MOC-118322-Union-Pacific-GTEL-8500-Veranda-Fuel-Tender-Only-MOCBRICKLAND-2-90x90.jpg 90w\" sizes=\"(max-width: 800px) 100vw, 800px\" \/><figcaption id=\"caption-attachment-33190\" class=\"wp-caption-text\">MOC-118322 Union Pacific GTEL 8500 Veranda Fuel Tender Kun med 1259 stykker<\/figcaption><\/figure>\n<figure id=\"attachment_33188\" aria-describedby=\"caption-attachment-33188\" style=\"width: 800px\" class=\"wp-caption aligncenter\"><img loading=\"lazy\" decoding=\"async\" class=\"wp-image-33188 size-full\" src=\"https:\/\/mouldking.store\/wp-content\/uploads\/2022\/10\/Technic-MOC-118322-Union-Pacific-GTEL-8500-Veranda-Fuel-Tender-Only-MOCBRICKLAND-4.jpg\" alt=\"MOC-118322 Union Pacific GTEL 8500 Veranda Fuel Tender Only with 1259 Pieces\" width=\"800\" height=\"800\" title=\"-\" srcset=\"https:\/\/mouldking.store\/wp-content\/uploads\/2022\/10\/Technic-MOC-118322-Union-Pacific-GTEL-8500-Veranda-Fuel-Tender-Only-MOCBRICKLAND-4.jpg 800w, https:\/\/mouldking.store\/wp-content\/uploads\/2022\/10\/Technic-MOC-118322-Union-Pacific-GTEL-8500-Veranda-Fuel-Tender-Only-MOCBRICKLAND-4-300x300.jpg 300w, https:\/\/mouldking.store\/wp-content\/uploads\/2022\/10\/Technic-MOC-118322-Union-Pacific-GTEL-8500-Veranda-Fuel-Tender-Only-MOCBRICKLAND-4-768x768.jpg 768w, https:\/\/mouldking.store\/wp-content\/uploads\/2022\/10\/Technic-MOC-118322-Union-Pacific-GTEL-8500-Veranda-Fuel-Tender-Only-MOCBRICKLAND-4-600x600.jpg 600w, https:\/\/mouldking.store\/wp-content\/uploads\/2022\/10\/Technic-MOC-118322-Union-Pacific-GTEL-8500-Veranda-Fuel-Tender-Only-MOCBRICKLAND-4-150x150.jpg 150w, https:\/\/mouldking.store\/wp-content\/uploads\/2022\/10\/Technic-MOC-118322-Union-Pacific-GTEL-8500-Veranda-Fuel-Tender-Only-MOCBRICKLAND-4-60x60.jpg 60w, https:\/\/mouldking.store\/wp-content\/uploads\/2022\/10\/Technic-MOC-118322-Union-Pacific-GTEL-8500-Veranda-Fuel-Tender-Only-MOCBRICKLAND-4-90x90.jpg 90w\" sizes=\"(max-width: 800px) 100vw, 800px\" \/><figcaption id=\"caption-attachment-33188\" class=\"wp-caption-text\">MOC-118322 Union Pacific GTEL 8500 Veranda Fuel Tender Kun med 1259 stykker<\/figcaption><\/figure>\n<figure id=\"attachment_33191\" aria-describedby=\"caption-attachment-33191\" style=\"width: 800px\" class=\"wp-caption aligncenter\"><img loading=\"lazy\" decoding=\"async\" class=\"wp-image-33191 size-full\" src=\"https:\/\/mouldking.store\/wp-content\/uploads\/2022\/10\/Technic-MOC-118322-Union-Pacific-GTEL-8500-Veranda-Fuel-Tender-Only-MOCBRICKLAND-1.jpg\" alt=\"MOC-118322 Union Pacific GTEL 8500 Veranda Fuel Tender Only with 1259 Pieces\" width=\"800\" height=\"1038\" title=\"-\" srcset=\"https:\/\/mouldking.store\/wp-content\/uploads\/2022\/10\/Technic-MOC-118322-Union-Pacific-GTEL-8500-Veranda-Fuel-Tender-Only-MOCBRICKLAND-1.jpg 800w, https:\/\/mouldking.store\/wp-content\/uploads\/2022\/10\/Technic-MOC-118322-Union-Pacific-GTEL-8500-Veranda-Fuel-Tender-Only-MOCBRICKLAND-1-231x300.jpg 231w, https:\/\/mouldking.store\/wp-content\/uploads\/2022\/10\/Technic-MOC-118322-Union-Pacific-GTEL-8500-Veranda-Fuel-Tender-Only-MOCBRICKLAND-1-789x1024.jpg 789w, https:\/\/mouldking.store\/wp-content\/uploads\/2022\/10\/Technic-MOC-118322-Union-Pacific-GTEL-8500-Veranda-Fuel-Tender-Only-MOCBRICKLAND-1-768x996.jpg 768w, https:\/\/mouldking.store\/wp-content\/uploads\/2022\/10\/Technic-MOC-118322-Union-Pacific-GTEL-8500-Veranda-Fuel-Tender-Only-MOCBRICKLAND-1-300x389.jpg 300w, https:\/\/mouldking.store\/wp-content\/uploads\/2022\/10\/Technic-MOC-118322-Union-Pacific-GTEL-8500-Veranda-Fuel-Tender-Only-MOCBRICKLAND-1-600x779.jpg 600w, https:\/\/mouldking.store\/wp-content\/uploads\/2022\/10\/Technic-MOC-118322-Union-Pacific-GTEL-8500-Veranda-Fuel-Tender-Only-MOCBRICKLAND-1-116x150.jpg 116w, https:\/\/mouldking.store\/wp-content\/uploads\/2022\/10\/Technic-MOC-118322-Union-Pacific-GTEL-8500-Veranda-Fuel-Tender-Only-MOCBRICKLAND-1-46x60.jpg 46w, https:\/\/mouldking.store\/wp-content\/uploads\/2022\/10\/Technic-MOC-118322-Union-Pacific-GTEL-8500-Veranda-Fuel-Tender-Only-MOCBRICKLAND-1-69x90.jpg 69w\" sizes=\"(max-width: 800px) 100vw, 800px\" \/><figcaption id=\"caption-attachment-33191\" class=\"wp-caption-text\">MOC-118322 Union Pacific GTEL 8500 Veranda Fuel Tender Kun med 1259 stykker<\/figcaption><\/figure>","protected":false},"excerpt":{"rendered":"<p>Product information: Brand: MOC Gender: Unisex Name: Union Pacific GTEL 8500 Veranda Fuel Tender Only Age Range: &gt; 6 years old Model Number: C9132 Classification: Assemblage Plastic Block Shape: Self-Locking Bricks Material: Plastic Plastic Type: ABS Bricks Blocks: 1259\u00a0PCS Dimensions: 35.5 x 8 x 13.1 cm Weight: 0.87 kg Contains detailed assembly instructions. Notice: 1. [&hellip;]<\/p>","protected":false},"featured_media":33187,"comment_status":"closed","ping_status":"closed","template":"","meta":{"_acf_changed":false},"product_cat":[364],"product_tag":[6116,6115,6117],"class_list":["product","first","instock","shipping-taxable","purchasable","product-type-simple"],"acf":[],"_links":{"self":[{"href":"https:\/\/mouldking.store\/nb\/wp-json\/wp\/v2\/product\/33186","targetHints":{"allow":["GET"]}}],"collection":[{"href":"https:\/\/mouldking.store\/nb\/wp-json\/wp\/v2\/product"}],"about":[{"href":"https:\/\/mouldking.store\/nb\/wp-json\/wp\/v2\/types\/product"}],"replies":[{"embeddable":true,"href":"https:\/\/mouldking.store\/nb\/wp-json\/wp\/v2\/comments?post=33186"}],"wp:featuredmedia":[{"embeddable":true,"href":"https:\/\/mouldking.store\/nb\/wp-json\/wp\/v2\/media\/33187"}],"wp:attachment":[{"href":"https:\/\/mouldking.store\/nb\/wp-json\/wp\/v2\/media?parent=33186"}],"wp:term":[{"taxonomy":"product_cat","embeddable":true,"href":"https:\/\/mouldking.store\/nb\/wp-json\/wp\/v2\/product_cat?post=33186"},{"taxonomy":"product_tag","embeddable":true,"href":"https:\/\/mouldking.store\/nb\/wp-json\/wp\/v2\/product_tag?post=33186"}],"curies":[{"name":"wp","href":"https:\/\/api.w.org\/{rel}","templated":true}]}}