{"id":33193,"date":"2022-10-13T16:32:48","date_gmt":"2022-10-13T09:32:48","guid":{"rendered":"https:\/\/mouldking.store\/?post_type=product&#038;p=33193"},"modified":"2025-12-25T09:12:24","modified_gmt":"2025-12-25T02:12:24","slug":"moc-63884-revali-the-legend-of-zelda-breath-of-the-wild-brickheadz-with-204-pieces","status":"publish","type":"product","link":"https:\/\/mouldking.store\/nb\/shop\/moc-63884-revali-the-legend-of-zelda-breath-of-the-wild-brickheadz-with-204-pieces\/","title":{"rendered":"MOC-63884 Revali The Legend of Zelda: Breath of the Wild Brickheadz with 204 Pieces"},"content":{"rendered":"<p>Produktinformasjon:<\/p>\n<ol>\n<li>Merke: MOC<\/li>\n<li>Kj\u00f8nn: Unisex<\/li>\n<li>Name: Revali The Legend of Zelda: Breath of the Wild Brickheadz<\/li>\n<li>Aldersgruppe: &gt; 6 \u00e5r gammel<\/li>\n<li>Model Number: C9097<\/li>\n<li>Klassifisering: Montering<\/li>\n<li>Plastblokkform: Selvl\u00e5sende murstein<\/li>\n<li>Materiale: Plast<\/li>\n<li>Plasttype: ABS<\/li>\n<li>Bricks Blocks: 204\u00a0PCS<\/li>\n<li>Dimensions: 4.8 x 4.8 x 22.2 cm<\/li>\n<li>Weight: 0.11 kg<\/li>\n<li>Inneholder detaljerte monteringsanvisninger.<\/li>\n<\/ol>\n<p>Legge merke til:<br \/>\n1. Uten original eske, men vi garanterer at v\u00e5re produkter har kvalitetssikring og pen emballasje.<br \/>\n2. Som alle delene vi har sjekket f\u00f8r frakt, s\u00e5 hvis du finner noen deler savnet eller skadet, ikke bekymre deg og bare kontakt oss, s\u00e5 kan vi sende dem til deg p\u00e5 nytt umiddelbart gratis.<\/p>\n<p>&nbsp;<\/p>\n<figure id=\"attachment_33198\" aria-describedby=\"caption-attachment-33198\" style=\"width: 1024px\" class=\"wp-caption aligncenter\"><img fetchpriority=\"high\" decoding=\"async\" class=\"wp-image-33198 size-large\" src=\"https:\/\/mouldking.store\/wp-content\/uploads\/2022\/10\/Creator-MOC-63884-Revali-The-Legend-of-Zelda-Breath-of-the-Wild-Brickheadz-MOCBRICKLAND-1024x1024.png\" alt=\"MOC-63884 Revali The Legend of Zelda: Breath of the Wild Brickheadz with 204 Pieces\" width=\"1024\" height=\"1024\" title=\"-\" srcset=\"https:\/\/mouldking.store\/wp-content\/uploads\/2022\/10\/Creator-MOC-63884-Revali-The-Legend-of-Zelda-Breath-of-the-Wild-Brickheadz-MOCBRICKLAND-1024x1024.png 1024w, https:\/\/mouldking.store\/wp-content\/uploads\/2022\/10\/Creator-MOC-63884-Revali-The-Legend-of-Zelda-Breath-of-the-Wild-Brickheadz-MOCBRICKLAND-300x300.png 300w, https:\/\/mouldking.store\/wp-content\/uploads\/2022\/10\/Creator-MOC-63884-Revali-The-Legend-of-Zelda-Breath-of-the-Wild-Brickheadz-MOCBRICKLAND-768x768.png 768w, https:\/\/mouldking.store\/wp-content\/uploads\/2022\/10\/Creator-MOC-63884-Revali-The-Legend-of-Zelda-Breath-of-the-Wild-Brickheadz-MOCBRICKLAND-1536x1536.png 1536w, https:\/\/mouldking.store\/wp-content\/uploads\/2022\/10\/Creator-MOC-63884-Revali-The-Legend-of-Zelda-Breath-of-the-Wild-Brickheadz-MOCBRICKLAND-2048x2048.png 2048w, https:\/\/mouldking.store\/wp-content\/uploads\/2022\/10\/Creator-MOC-63884-Revali-The-Legend-of-Zelda-Breath-of-the-Wild-Brickheadz-MOCBRICKLAND-600x600.png 600w, https:\/\/mouldking.store\/wp-content\/uploads\/2022\/10\/Creator-MOC-63884-Revali-The-Legend-of-Zelda-Breath-of-the-Wild-Brickheadz-MOCBRICKLAND-150x150.png 150w, https:\/\/mouldking.store\/wp-content\/uploads\/2022\/10\/Creator-MOC-63884-Revali-The-Legend-of-Zelda-Breath-of-the-Wild-Brickheadz-MOCBRICKLAND-60x60.png 60w, https:\/\/mouldking.store\/wp-content\/uploads\/2022\/10\/Creator-MOC-63884-Revali-The-Legend-of-Zelda-Breath-of-the-Wild-Brickheadz-MOCBRICKLAND-90x90.png 90w\" sizes=\"(max-width: 1024px) 100vw, 1024px\" \/><figcaption id=\"caption-attachment-33198\" class=\"wp-caption-text\">MOC-63884 Revali The Legend of Zelda: Breath of the Wild Brickheadz with 204 Pieces<\/figcaption><\/figure>\n<figure id=\"attachment_33194\" aria-describedby=\"caption-attachment-33194\" style=\"width: 800px\" class=\"wp-caption aligncenter\"><img decoding=\"async\" class=\"wp-image-33194 size-full\" src=\"https:\/\/mouldking.store\/wp-content\/uploads\/2022\/10\/Creator-MOC-63884-Revali-The-Legend-of-Zelda-Breath-of-the-Wild-Brickheadz-MOCBRICKLAND-3.jpg\" alt=\"MOC-63884 Revali The Legend of Zelda: Breath of the Wild Brickheadz with 204 Pieces\" width=\"800\" height=\"800\" title=\"-\" srcset=\"https:\/\/mouldking.store\/wp-content\/uploads\/2022\/10\/Creator-MOC-63884-Revali-The-Legend-of-Zelda-Breath-of-the-Wild-Brickheadz-MOCBRICKLAND-3.jpg 800w, https:\/\/mouldking.store\/wp-content\/uploads\/2022\/10\/Creator-MOC-63884-Revali-The-Legend-of-Zelda-Breath-of-the-Wild-Brickheadz-MOCBRICKLAND-3-300x300.jpg 300w, https:\/\/mouldking.store\/wp-content\/uploads\/2022\/10\/Creator-MOC-63884-Revali-The-Legend-of-Zelda-Breath-of-the-Wild-Brickheadz-MOCBRICKLAND-3-768x768.jpg 768w, https:\/\/mouldking.store\/wp-content\/uploads\/2022\/10\/Creator-MOC-63884-Revali-The-Legend-of-Zelda-Breath-of-the-Wild-Brickheadz-MOCBRICKLAND-3-600x600.jpg 600w, https:\/\/mouldking.store\/wp-content\/uploads\/2022\/10\/Creator-MOC-63884-Revali-The-Legend-of-Zelda-Breath-of-the-Wild-Brickheadz-MOCBRICKLAND-3-150x150.jpg 150w, https:\/\/mouldking.store\/wp-content\/uploads\/2022\/10\/Creator-MOC-63884-Revali-The-Legend-of-Zelda-Breath-of-the-Wild-Brickheadz-MOCBRICKLAND-3-60x60.jpg 60w, https:\/\/mouldking.store\/wp-content\/uploads\/2022\/10\/Creator-MOC-63884-Revali-The-Legend-of-Zelda-Breath-of-the-Wild-Brickheadz-MOCBRICKLAND-3-90x90.jpg 90w\" sizes=\"(max-width: 800px) 100vw, 800px\" \/><figcaption id=\"caption-attachment-33194\" class=\"wp-caption-text\">MOC-63884 Revali The Legend of Zelda: Breath of the Wild Brickheadz with 204 Pieces<\/figcaption><\/figure>\n<figure id=\"attachment_33195\" aria-describedby=\"caption-attachment-33195\" style=\"width: 800px\" class=\"wp-caption aligncenter\"><img decoding=\"async\" class=\"wp-image-33195 size-full\" src=\"https:\/\/mouldking.store\/wp-content\/uploads\/2022\/10\/Creator-MOC-63884-Revali-The-Legend-of-Zelda-Breath-of-the-Wild-Brickheadz-MOCBRICKLAND-2.jpg\" alt=\"MOC-63884 Revali The Legend of Zelda: Breath of the Wild Brickheadz with 204 Pieces\" width=\"800\" height=\"800\" title=\"-\" srcset=\"https:\/\/mouldking.store\/wp-content\/uploads\/2022\/10\/Creator-MOC-63884-Revali-The-Legend-of-Zelda-Breath-of-the-Wild-Brickheadz-MOCBRICKLAND-2.jpg 800w, https:\/\/mouldking.store\/wp-content\/uploads\/2022\/10\/Creator-MOC-63884-Revali-The-Legend-of-Zelda-Breath-of-the-Wild-Brickheadz-MOCBRICKLAND-2-300x300.jpg 300w, https:\/\/mouldking.store\/wp-content\/uploads\/2022\/10\/Creator-MOC-63884-Revali-The-Legend-of-Zelda-Breath-of-the-Wild-Brickheadz-MOCBRICKLAND-2-768x768.jpg 768w, https:\/\/mouldking.store\/wp-content\/uploads\/2022\/10\/Creator-MOC-63884-Revali-The-Legend-of-Zelda-Breath-of-the-Wild-Brickheadz-MOCBRICKLAND-2-600x600.jpg 600w, https:\/\/mouldking.store\/wp-content\/uploads\/2022\/10\/Creator-MOC-63884-Revali-The-Legend-of-Zelda-Breath-of-the-Wild-Brickheadz-MOCBRICKLAND-2-150x150.jpg 150w, https:\/\/mouldking.store\/wp-content\/uploads\/2022\/10\/Creator-MOC-63884-Revali-The-Legend-of-Zelda-Breath-of-the-Wild-Brickheadz-MOCBRICKLAND-2-60x60.jpg 60w, https:\/\/mouldking.store\/wp-content\/uploads\/2022\/10\/Creator-MOC-63884-Revali-The-Legend-of-Zelda-Breath-of-the-Wild-Brickheadz-MOCBRICKLAND-2-90x90.jpg 90w\" sizes=\"(max-width: 800px) 100vw, 800px\" \/><figcaption id=\"caption-attachment-33195\" class=\"wp-caption-text\">MOC-63884 Revali The Legend of Zelda: Breath of the Wild Brickheadz with 204 Pieces<\/figcaption><\/figure>\n<figure id=\"attachment_33197\" aria-describedby=\"caption-attachment-33197\" style=\"width: 800px\" class=\"wp-caption aligncenter\"><img loading=\"lazy\" decoding=\"async\" class=\"wp-image-33197 size-full\" src=\"https:\/\/mouldking.store\/wp-content\/uploads\/2022\/10\/Creator-MOC-63884-Revali-The-Legend-of-Zelda-Breath-of-the-Wild-Brickheadz-MOCBRICKLAND-4.jpg\" alt=\"MOC-63884 Revali The Legend of Zelda: Breath of the Wild Brickheadz with 204 Pieces\" width=\"800\" height=\"800\" title=\"-\" srcset=\"https:\/\/mouldking.store\/wp-content\/uploads\/2022\/10\/Creator-MOC-63884-Revali-The-Legend-of-Zelda-Breath-of-the-Wild-Brickheadz-MOCBRICKLAND-4.jpg 800w, https:\/\/mouldking.store\/wp-content\/uploads\/2022\/10\/Creator-MOC-63884-Revali-The-Legend-of-Zelda-Breath-of-the-Wild-Brickheadz-MOCBRICKLAND-4-300x300.jpg 300w, https:\/\/mouldking.store\/wp-content\/uploads\/2022\/10\/Creator-MOC-63884-Revali-The-Legend-of-Zelda-Breath-of-the-Wild-Brickheadz-MOCBRICKLAND-4-768x768.jpg 768w, https:\/\/mouldking.store\/wp-content\/uploads\/2022\/10\/Creator-MOC-63884-Revali-The-Legend-of-Zelda-Breath-of-the-Wild-Brickheadz-MOCBRICKLAND-4-600x600.jpg 600w, https:\/\/mouldking.store\/wp-content\/uploads\/2022\/10\/Creator-MOC-63884-Revali-The-Legend-of-Zelda-Breath-of-the-Wild-Brickheadz-MOCBRICKLAND-4-150x150.jpg 150w, https:\/\/mouldking.store\/wp-content\/uploads\/2022\/10\/Creator-MOC-63884-Revali-The-Legend-of-Zelda-Breath-of-the-Wild-Brickheadz-MOCBRICKLAND-4-60x60.jpg 60w, https:\/\/mouldking.store\/wp-content\/uploads\/2022\/10\/Creator-MOC-63884-Revali-The-Legend-of-Zelda-Breath-of-the-Wild-Brickheadz-MOCBRICKLAND-4-90x90.jpg 90w\" sizes=\"(max-width: 800px) 100vw, 800px\" \/><figcaption id=\"caption-attachment-33197\" class=\"wp-caption-text\">MOC-63884 Revali The Legend of Zelda: Breath of the Wild Brickheadz with 204 Pieces<\/figcaption><\/figure>\n<figure id=\"attachment_33196\" aria-describedby=\"caption-attachment-33196\" style=\"width: 800px\" class=\"wp-caption aligncenter\"><img loading=\"lazy\" decoding=\"async\" class=\"wp-image-33196 size-full\" src=\"https:\/\/mouldking.store\/wp-content\/uploads\/2022\/10\/Creator-MOC-63884-Revali-The-Legend-of-Zelda-Breath-of-the-Wild-Brickheadz-MOCBRICKLAND-1.jpg\" alt=\"MOC-63884 Revali The Legend of Zelda: Breath of the Wild Brickheadz with 204 Pieces\" width=\"800\" height=\"1038\" title=\"-\" srcset=\"https:\/\/mouldking.store\/wp-content\/uploads\/2022\/10\/Creator-MOC-63884-Revali-The-Legend-of-Zelda-Breath-of-the-Wild-Brickheadz-MOCBRICKLAND-1.jpg 800w, https:\/\/mouldking.store\/wp-content\/uploads\/2022\/10\/Creator-MOC-63884-Revali-The-Legend-of-Zelda-Breath-of-the-Wild-Brickheadz-MOCBRICKLAND-1-231x300.jpg 231w, https:\/\/mouldking.store\/wp-content\/uploads\/2022\/10\/Creator-MOC-63884-Revali-The-Legend-of-Zelda-Breath-of-the-Wild-Brickheadz-MOCBRICKLAND-1-789x1024.jpg 789w, https:\/\/mouldking.store\/wp-content\/uploads\/2022\/10\/Creator-MOC-63884-Revali-The-Legend-of-Zelda-Breath-of-the-Wild-Brickheadz-MOCBRICKLAND-1-768x996.jpg 768w, https:\/\/mouldking.store\/wp-content\/uploads\/2022\/10\/Creator-MOC-63884-Revali-The-Legend-of-Zelda-Breath-of-the-Wild-Brickheadz-MOCBRICKLAND-1-300x389.jpg 300w, https:\/\/mouldking.store\/wp-content\/uploads\/2022\/10\/Creator-MOC-63884-Revali-The-Legend-of-Zelda-Breath-of-the-Wild-Brickheadz-MOCBRICKLAND-1-600x779.jpg 600w, https:\/\/mouldking.store\/wp-content\/uploads\/2022\/10\/Creator-MOC-63884-Revali-The-Legend-of-Zelda-Breath-of-the-Wild-Brickheadz-MOCBRICKLAND-1-116x150.jpg 116w, https:\/\/mouldking.store\/wp-content\/uploads\/2022\/10\/Creator-MOC-63884-Revali-The-Legend-of-Zelda-Breath-of-the-Wild-Brickheadz-MOCBRICKLAND-1-46x60.jpg 46w, https:\/\/mouldking.store\/wp-content\/uploads\/2022\/10\/Creator-MOC-63884-Revali-The-Legend-of-Zelda-Breath-of-the-Wild-Brickheadz-MOCBRICKLAND-1-69x90.jpg 69w\" sizes=\"(max-width: 800px) 100vw, 800px\" \/><figcaption id=\"caption-attachment-33196\" class=\"wp-caption-text\">MOC-63884 Revali The Legend of Zelda: Breath of the Wild Brickheadz with 204 Pieces<\/figcaption><\/figure>","protected":false},"excerpt":{"rendered":"<p>Product information: Brand: MOC Gender: Unisex Name: Revali The Legend of Zelda: Breath of the Wild Brickheadz Age Range: &gt; 6 years old Model Number: C9097 Classification: Assemblage Plastic Block Shape: Self-Locking Bricks Material: Plastic Plastic Type: ABS Bricks Blocks: 204\u00a0PCS Dimensions: 4.8 x 4.8 x 22.2 cm Weight: 0.11 kg Contains detailed assembly instructions. [&hellip;]<\/p>","protected":false},"featured_media":33198,"comment_status":"closed","ping_status":"closed","template":"","meta":{"_acf_changed":false},"product_cat":[371],"product_tag":[6122,6121,5623,6119,6118,6120],"class_list":["product","first","instock","shipping-taxable","purchasable","product-type-simple"],"acf":[],"_links":{"self":[{"href":"https:\/\/mouldking.store\/nb\/wp-json\/wp\/v2\/product\/33193","targetHints":{"allow":["GET"]}}],"collection":[{"href":"https:\/\/mouldking.store\/nb\/wp-json\/wp\/v2\/product"}],"about":[{"href":"https:\/\/mouldking.store\/nb\/wp-json\/wp\/v2\/types\/product"}],"replies":[{"embeddable":true,"href":"https:\/\/mouldking.store\/nb\/wp-json\/wp\/v2\/comments?post=33193"}],"wp:featuredmedia":[{"embeddable":true,"href":"https:\/\/mouldking.store\/nb\/wp-json\/wp\/v2\/media\/33198"}],"wp:attachment":[{"href":"https:\/\/mouldking.store\/nb\/wp-json\/wp\/v2\/media?parent=33193"}],"wp:term":[{"taxonomy":"product_cat","embeddable":true,"href":"https:\/\/mouldking.store\/nb\/wp-json\/wp\/v2\/product_cat?post=33193"},{"taxonomy":"product_tag","embeddable":true,"href":"https:\/\/mouldking.store\/nb\/wp-json\/wp\/v2\/product_tag?post=33193"}],"curies":[{"name":"wp","href":"https:\/\/api.w.org\/{rel}","templated":true}]}}