{"id":33215,"date":"2022-10-13T17:23:36","date_gmt":"2022-10-13T10:23:36","guid":{"rendered":"https:\/\/mouldking.store\/?post_type=product&#038;p=33215"},"modified":"2025-12-25T09:12:24","modified_gmt":"2025-12-25T02:12:24","slug":"moc-116898-aloy-brickheadz-hzd-hfw-with-246-pieces","status":"publish","type":"product","link":"https:\/\/mouldking.store\/nb\/shop\/moc-116898-aloy-brickheadz-hzd-hfw-with-246-pieces\/","title":{"rendered":"MOC-116898 ALOY Brickheadz \u2013 HZD \/ HFW med 246 stykker"},"content":{"rendered":"<p>Produktinformasjon:<\/p>\n<ol>\n<li>Merke: MOC<\/li>\n<li>Kj\u00f8nn: Unisex<\/li>\n<li>Name: ALOY Brickheadz \u2013 HZD \/ HFW<\/li>\n<li>Aldersgruppe: &gt; 6 \u00e5r gammel<\/li>\n<li>Model Number: C9107<\/li>\n<li>Klassifisering: Montering<\/li>\n<li>Plastblokkform: Selvl\u00e5sende murstein<\/li>\n<li>Materiale: Plast<\/li>\n<li>Plasttype: ABS<\/li>\n<li>Bricks Blocks: 246 PCS<\/li>\n<li>Dimensions: 7 x 5 x 8.8 cm<\/li>\n<li>Vekt: 0,1 kg<\/li>\n<li>Inneholder detaljerte monteringsanvisninger.<\/li>\n<\/ol>\n<p>Legge merke til:<br \/>\n1. Uten original eske, men vi garanterer at v\u00e5re produkter har kvalitetssikring og pen emballasje.<br \/>\n2. Som alle delene vi har sjekket f\u00f8r frakt, s\u00e5 hvis du finner noen deler savnet eller skadet, ikke bekymre deg og bare kontakt oss, s\u00e5 kan vi sende dem til deg p\u00e5 nytt umiddelbart gratis.<\/p>\n<p>&nbsp;<\/p>\n<figure id=\"attachment_33216\" aria-describedby=\"caption-attachment-33216\" style=\"width: 1024px\" class=\"wp-caption aligncenter\"><img fetchpriority=\"high\" decoding=\"async\" class=\"wp-image-33216 size-large\" src=\"https:\/\/mouldking.store\/wp-content\/uploads\/2022\/10\/Creator-MOC-116898-ALOY-Brickheadz-HZD-HFW-MOCBRICKLAND-1024x1024.png\" alt=\"MOC-116898 ALOY Brickheadz \u2013 HZD \/ HFW with 246 Pieces\" width=\"1024\" height=\"1024\" title=\"-\" srcset=\"https:\/\/mouldking.store\/wp-content\/uploads\/2022\/10\/Creator-MOC-116898-ALOY-Brickheadz-HZD-HFW-MOCBRICKLAND-1024x1024.png 1024w, https:\/\/mouldking.store\/wp-content\/uploads\/2022\/10\/Creator-MOC-116898-ALOY-Brickheadz-HZD-HFW-MOCBRICKLAND-300x300.png 300w, https:\/\/mouldking.store\/wp-content\/uploads\/2022\/10\/Creator-MOC-116898-ALOY-Brickheadz-HZD-HFW-MOCBRICKLAND-768x768.png 768w, https:\/\/mouldking.store\/wp-content\/uploads\/2022\/10\/Creator-MOC-116898-ALOY-Brickheadz-HZD-HFW-MOCBRICKLAND-1536x1536.png 1536w, https:\/\/mouldking.store\/wp-content\/uploads\/2022\/10\/Creator-MOC-116898-ALOY-Brickheadz-HZD-HFW-MOCBRICKLAND-2048x2048.png 2048w, https:\/\/mouldking.store\/wp-content\/uploads\/2022\/10\/Creator-MOC-116898-ALOY-Brickheadz-HZD-HFW-MOCBRICKLAND-600x600.png 600w, https:\/\/mouldking.store\/wp-content\/uploads\/2022\/10\/Creator-MOC-116898-ALOY-Brickheadz-HZD-HFW-MOCBRICKLAND-150x150.png 150w, https:\/\/mouldking.store\/wp-content\/uploads\/2022\/10\/Creator-MOC-116898-ALOY-Brickheadz-HZD-HFW-MOCBRICKLAND-60x60.png 60w, https:\/\/mouldking.store\/wp-content\/uploads\/2022\/10\/Creator-MOC-116898-ALOY-Brickheadz-HZD-HFW-MOCBRICKLAND-90x90.png 90w\" sizes=\"(max-width: 1024px) 100vw, 1024px\" \/><figcaption id=\"caption-attachment-33216\" class=\"wp-caption-text\">MOC-116898 ALOY Brickheadz \u2013 HZD \/ HFW med 246 stykker<\/figcaption><\/figure>\n<figure id=\"attachment_33217\" aria-describedby=\"caption-attachment-33217\" style=\"width: 800px\" class=\"wp-caption aligncenter\"><img decoding=\"async\" class=\"wp-image-33217 size-full\" src=\"https:\/\/mouldking.store\/wp-content\/uploads\/2022\/10\/Creator-MOC-116898-ALOY-Brickheadz-HZD-HFW-MOCBRICKLAND-3.jpg\" alt=\"MOC-116898 ALOY Brickheadz \u2013 HZD \/ HFW with 246 Pieces\" width=\"800\" height=\"800\" title=\"-\" srcset=\"https:\/\/mouldking.store\/wp-content\/uploads\/2022\/10\/Creator-MOC-116898-ALOY-Brickheadz-HZD-HFW-MOCBRICKLAND-3.jpg 800w, https:\/\/mouldking.store\/wp-content\/uploads\/2022\/10\/Creator-MOC-116898-ALOY-Brickheadz-HZD-HFW-MOCBRICKLAND-3-300x300.jpg 300w, https:\/\/mouldking.store\/wp-content\/uploads\/2022\/10\/Creator-MOC-116898-ALOY-Brickheadz-HZD-HFW-MOCBRICKLAND-3-768x768.jpg 768w, https:\/\/mouldking.store\/wp-content\/uploads\/2022\/10\/Creator-MOC-116898-ALOY-Brickheadz-HZD-HFW-MOCBRICKLAND-3-600x600.jpg 600w, https:\/\/mouldking.store\/wp-content\/uploads\/2022\/10\/Creator-MOC-116898-ALOY-Brickheadz-HZD-HFW-MOCBRICKLAND-3-150x150.jpg 150w, https:\/\/mouldking.store\/wp-content\/uploads\/2022\/10\/Creator-MOC-116898-ALOY-Brickheadz-HZD-HFW-MOCBRICKLAND-3-60x60.jpg 60w, https:\/\/mouldking.store\/wp-content\/uploads\/2022\/10\/Creator-MOC-116898-ALOY-Brickheadz-HZD-HFW-MOCBRICKLAND-3-90x90.jpg 90w\" sizes=\"(max-width: 800px) 100vw, 800px\" \/><figcaption id=\"caption-attachment-33217\" class=\"wp-caption-text\">MOC-116898 ALOY Brickheadz \u2013 HZD \/ HFW med 246 stykker<\/figcaption><\/figure>\n<figure id=\"attachment_33218\" aria-describedby=\"caption-attachment-33218\" style=\"width: 800px\" class=\"wp-caption aligncenter\"><img decoding=\"async\" class=\"wp-image-33218 size-full\" src=\"https:\/\/mouldking.store\/wp-content\/uploads\/2022\/10\/Creator-MOC-116898-ALOY-Brickheadz-HZD-HFW-MOCBRICKLAND-2.jpg\" alt=\"MOC-116898 ALOY Brickheadz \u2013 HZD \/ HFW with 246 Pieces\" width=\"800\" height=\"800\" title=\"-\" srcset=\"https:\/\/mouldking.store\/wp-content\/uploads\/2022\/10\/Creator-MOC-116898-ALOY-Brickheadz-HZD-HFW-MOCBRICKLAND-2.jpg 800w, https:\/\/mouldking.store\/wp-content\/uploads\/2022\/10\/Creator-MOC-116898-ALOY-Brickheadz-HZD-HFW-MOCBRICKLAND-2-300x300.jpg 300w, https:\/\/mouldking.store\/wp-content\/uploads\/2022\/10\/Creator-MOC-116898-ALOY-Brickheadz-HZD-HFW-MOCBRICKLAND-2-768x768.jpg 768w, https:\/\/mouldking.store\/wp-content\/uploads\/2022\/10\/Creator-MOC-116898-ALOY-Brickheadz-HZD-HFW-MOCBRICKLAND-2-600x600.jpg 600w, https:\/\/mouldking.store\/wp-content\/uploads\/2022\/10\/Creator-MOC-116898-ALOY-Brickheadz-HZD-HFW-MOCBRICKLAND-2-150x150.jpg 150w, https:\/\/mouldking.store\/wp-content\/uploads\/2022\/10\/Creator-MOC-116898-ALOY-Brickheadz-HZD-HFW-MOCBRICKLAND-2-60x60.jpg 60w, https:\/\/mouldking.store\/wp-content\/uploads\/2022\/10\/Creator-MOC-116898-ALOY-Brickheadz-HZD-HFW-MOCBRICKLAND-2-90x90.jpg 90w\" sizes=\"(max-width: 800px) 100vw, 800px\" \/><figcaption id=\"caption-attachment-33218\" class=\"wp-caption-text\">MOC-116898 ALOY Brickheadz \u2013 HZD \/ HFW med 246 stykker<\/figcaption><\/figure>\n<figure id=\"attachment_33221\" aria-describedby=\"caption-attachment-33221\" style=\"width: 800px\" class=\"wp-caption aligncenter\"><img loading=\"lazy\" decoding=\"async\" class=\"wp-image-33221 size-full\" src=\"https:\/\/mouldking.store\/wp-content\/uploads\/2022\/10\/Creator-MOC-116898-ALOY-Brickheadz-HZD-HFW-MOCBRICKLAND-4.jpg\" alt=\"MOC-116898 ALOY Brickheadz \u2013 HZD \/ HFW with 246 Pieces\" width=\"800\" height=\"800\" title=\"-\" srcset=\"https:\/\/mouldking.store\/wp-content\/uploads\/2022\/10\/Creator-MOC-116898-ALOY-Brickheadz-HZD-HFW-MOCBRICKLAND-4.jpg 800w, https:\/\/mouldking.store\/wp-content\/uploads\/2022\/10\/Creator-MOC-116898-ALOY-Brickheadz-HZD-HFW-MOCBRICKLAND-4-300x300.jpg 300w, https:\/\/mouldking.store\/wp-content\/uploads\/2022\/10\/Creator-MOC-116898-ALOY-Brickheadz-HZD-HFW-MOCBRICKLAND-4-768x768.jpg 768w, https:\/\/mouldking.store\/wp-content\/uploads\/2022\/10\/Creator-MOC-116898-ALOY-Brickheadz-HZD-HFW-MOCBRICKLAND-4-600x600.jpg 600w, https:\/\/mouldking.store\/wp-content\/uploads\/2022\/10\/Creator-MOC-116898-ALOY-Brickheadz-HZD-HFW-MOCBRICKLAND-4-150x150.jpg 150w, https:\/\/mouldking.store\/wp-content\/uploads\/2022\/10\/Creator-MOC-116898-ALOY-Brickheadz-HZD-HFW-MOCBRICKLAND-4-60x60.jpg 60w, https:\/\/mouldking.store\/wp-content\/uploads\/2022\/10\/Creator-MOC-116898-ALOY-Brickheadz-HZD-HFW-MOCBRICKLAND-4-90x90.jpg 90w\" sizes=\"(max-width: 800px) 100vw, 800px\" \/><figcaption id=\"caption-attachment-33221\" class=\"wp-caption-text\">MOC-116898 ALOY Brickheadz \u2013 HZD \/ HFW med 246 stykker<\/figcaption><\/figure>\n<figure id=\"attachment_33220\" aria-describedby=\"caption-attachment-33220\" style=\"width: 800px\" class=\"wp-caption aligncenter\"><img loading=\"lazy\" decoding=\"async\" class=\"wp-image-33220 size-full\" src=\"https:\/\/mouldking.store\/wp-content\/uploads\/2022\/10\/Creator-MOC-116898-ALOY-Brickheadz-HZD-HFW-MOCBRICKLAND-5.jpg\" alt=\"MOC-116898 ALOY Brickheadz \u2013 HZD \/ HFW with 246 Pieces\" width=\"800\" height=\"800\" title=\"-\" srcset=\"https:\/\/mouldking.store\/wp-content\/uploads\/2022\/10\/Creator-MOC-116898-ALOY-Brickheadz-HZD-HFW-MOCBRICKLAND-5.jpg 800w, https:\/\/mouldking.store\/wp-content\/uploads\/2022\/10\/Creator-MOC-116898-ALOY-Brickheadz-HZD-HFW-MOCBRICKLAND-5-300x300.jpg 300w, https:\/\/mouldking.store\/wp-content\/uploads\/2022\/10\/Creator-MOC-116898-ALOY-Brickheadz-HZD-HFW-MOCBRICKLAND-5-768x768.jpg 768w, https:\/\/mouldking.store\/wp-content\/uploads\/2022\/10\/Creator-MOC-116898-ALOY-Brickheadz-HZD-HFW-MOCBRICKLAND-5-600x600.jpg 600w, https:\/\/mouldking.store\/wp-content\/uploads\/2022\/10\/Creator-MOC-116898-ALOY-Brickheadz-HZD-HFW-MOCBRICKLAND-5-150x150.jpg 150w, https:\/\/mouldking.store\/wp-content\/uploads\/2022\/10\/Creator-MOC-116898-ALOY-Brickheadz-HZD-HFW-MOCBRICKLAND-5-60x60.jpg 60w, https:\/\/mouldking.store\/wp-content\/uploads\/2022\/10\/Creator-MOC-116898-ALOY-Brickheadz-HZD-HFW-MOCBRICKLAND-5-90x90.jpg 90w\" sizes=\"(max-width: 800px) 100vw, 800px\" \/><figcaption id=\"caption-attachment-33220\" class=\"wp-caption-text\">MOC-116898 ALOY Brickheadz \u2013 HZD \/ HFW med 246 stykker<\/figcaption><\/figure>\n<figure id=\"attachment_33219\" aria-describedby=\"caption-attachment-33219\" style=\"width: 800px\" class=\"wp-caption aligncenter\"><img loading=\"lazy\" decoding=\"async\" class=\"wp-image-33219 size-full\" src=\"https:\/\/mouldking.store\/wp-content\/uploads\/2022\/10\/Creator-MOC-116898-ALOY-Brickheadz-HZD-HFW-MOCBRICKLAND-1.jpg\" alt=\"MOC-116898 ALOY Brickheadz \u2013 HZD \/ HFW with 246 Pieces\" width=\"800\" height=\"1822\" title=\"-\" srcset=\"https:\/\/mouldking.store\/wp-content\/uploads\/2022\/10\/Creator-MOC-116898-ALOY-Brickheadz-HZD-HFW-MOCBRICKLAND-1.jpg 800w, https:\/\/mouldking.store\/wp-content\/uploads\/2022\/10\/Creator-MOC-116898-ALOY-Brickheadz-HZD-HFW-MOCBRICKLAND-1-132x300.jpg 132w, https:\/\/mouldking.store\/wp-content\/uploads\/2022\/10\/Creator-MOC-116898-ALOY-Brickheadz-HZD-HFW-MOCBRICKLAND-1-450x1024.jpg 450w, https:\/\/mouldking.store\/wp-content\/uploads\/2022\/10\/Creator-MOC-116898-ALOY-Brickheadz-HZD-HFW-MOCBRICKLAND-1-768x1749.jpg 768w, https:\/\/mouldking.store\/wp-content\/uploads\/2022\/10\/Creator-MOC-116898-ALOY-Brickheadz-HZD-HFW-MOCBRICKLAND-1-674x1536.jpg 674w, https:\/\/mouldking.store\/wp-content\/uploads\/2022\/10\/Creator-MOC-116898-ALOY-Brickheadz-HZD-HFW-MOCBRICKLAND-1-300x683.jpg 300w, https:\/\/mouldking.store\/wp-content\/uploads\/2022\/10\/Creator-MOC-116898-ALOY-Brickheadz-HZD-HFW-MOCBRICKLAND-1-600x1367.jpg 600w, https:\/\/mouldking.store\/wp-content\/uploads\/2022\/10\/Creator-MOC-116898-ALOY-Brickheadz-HZD-HFW-MOCBRICKLAND-1-66x150.jpg 66w, https:\/\/mouldking.store\/wp-content\/uploads\/2022\/10\/Creator-MOC-116898-ALOY-Brickheadz-HZD-HFW-MOCBRICKLAND-1-26x60.jpg 26w, https:\/\/mouldking.store\/wp-content\/uploads\/2022\/10\/Creator-MOC-116898-ALOY-Brickheadz-HZD-HFW-MOCBRICKLAND-1-40x90.jpg 40w\" sizes=\"(max-width: 800px) 100vw, 800px\" \/><figcaption id=\"caption-attachment-33219\" class=\"wp-caption-text\">MOC-116898 ALOY Brickheadz \u2013 HZD \/ HFW med 246 stykker<\/figcaption><\/figure>","protected":false},"excerpt":{"rendered":"<p>Product information: Brand: MOC Gender: Unisex Name: ALOY Brickheadz \u2013 HZD \/ HFW Age Range: &gt; 6 years old Model Number: C9107 Classification: Assemblage Plastic Block Shape: Self-Locking Bricks Material: Plastic Plastic Type: ABS Bricks Blocks: 246 PCS Dimensions: 7 x 5 x 8.8 cm Weight: 0.1 kg Contains detailed assembly instructions. Notice: 1. Without [&hellip;]<\/p>","protected":false},"featured_media":33216,"comment_status":"closed","ping_status":"closed","template":"","meta":{"_acf_changed":false},"product_cat":[371],"product_tag":[6138,6137,6136,6135],"class_list":["product","first","instock","shipping-taxable","purchasable","product-type-simple"],"acf":[],"_links":{"self":[{"href":"https:\/\/mouldking.store\/nb\/wp-json\/wp\/v2\/product\/33215","targetHints":{"allow":["GET"]}}],"collection":[{"href":"https:\/\/mouldking.store\/nb\/wp-json\/wp\/v2\/product"}],"about":[{"href":"https:\/\/mouldking.store\/nb\/wp-json\/wp\/v2\/types\/product"}],"replies":[{"embeddable":true,"href":"https:\/\/mouldking.store\/nb\/wp-json\/wp\/v2\/comments?post=33215"}],"wp:featuredmedia":[{"embeddable":true,"href":"https:\/\/mouldking.store\/nb\/wp-json\/wp\/v2\/media\/33216"}],"wp:attachment":[{"href":"https:\/\/mouldking.store\/nb\/wp-json\/wp\/v2\/media?parent=33215"}],"wp:term":[{"taxonomy":"product_cat","embeddable":true,"href":"https:\/\/mouldking.store\/nb\/wp-json\/wp\/v2\/product_cat?post=33215"},{"taxonomy":"product_tag","embeddable":true,"href":"https:\/\/mouldking.store\/nb\/wp-json\/wp\/v2\/product_tag?post=33215"}],"curies":[{"name":"wp","href":"https:\/\/api.w.org\/{rel}","templated":true}]}}