{"id":33232,"date":"2022-10-13T17:39:57","date_gmt":"2022-10-13T10:39:57","guid":{"rendered":"https:\/\/mouldking.store\/?post_type=product&#038;p=33232"},"modified":"2025-12-25T09:12:24","modified_gmt":"2025-12-25T02:12:24","slug":"moc-119244-tomb-raider-lara-croft-with-152-pieces","status":"publish","type":"product","link":"https:\/\/mouldking.store\/nb\/shop\/moc-119244-tomb-raider-lara-croft-with-152-pieces\/","title":{"rendered":"MOC-119244 Tomb Raider Lara Croft with 152 Pieces"},"content":{"rendered":"<p>Produktinformasjon:<\/p>\n<ol>\n<li>Merke: MOC<\/li>\n<li>Kj\u00f8nn: Unisex<\/li>\n<li>Name: Tomb Raider Lara Croft<\/li>\n<li>Aldersgruppe: &gt; 6 \u00e5r gammel<\/li>\n<li>Model Number: C9137<\/li>\n<li>Klassifisering: Montering<\/li>\n<li>Plastblokkform: Selvl\u00e5sende murstein<\/li>\n<li>Materiale: Plast<\/li>\n<li>Plasttype: ABS<\/li>\n<li>Bricks Blocks: 152\u00a0PCS<\/li>\n<li>Dimensions: 8 x 6.4 x 17.6 cm<\/li>\n<li>Vekt: 0,06 kg<\/li>\n<li>Inneholder detaljerte monteringsanvisninger.<\/li>\n<\/ol>\n<p>Legge merke til:<br \/>\n1. Uten original eske, men vi garanterer at v\u00e5re produkter har kvalitetssikring og pen emballasje.<br \/>\n2. Som alle delene vi har sjekket f\u00f8r frakt, s\u00e5 hvis du finner noen deler savnet eller skadet, ikke bekymre deg og bare kontakt oss, s\u00e5 kan vi sende dem til deg p\u00e5 nytt umiddelbart gratis.<\/p>\n<figure id=\"attachment_33233\" aria-describedby=\"caption-attachment-33233\" style=\"width: 1024px\" class=\"wp-caption aligncenter\"><img fetchpriority=\"high\" decoding=\"async\" class=\"wp-image-33233 size-large\" src=\"https:\/\/mouldking.store\/wp-content\/uploads\/2022\/10\/Movie-MOC-119244-Tomb-Raider-Lara-Croft-MOCBRICKLAND-1024x1024.png\" alt=\"MOC-119244 Tomb Raider Lara Croft with 152 Pieces\" width=\"1024\" height=\"1024\" title=\"-\" srcset=\"https:\/\/mouldking.store\/wp-content\/uploads\/2022\/10\/Movie-MOC-119244-Tomb-Raider-Lara-Croft-MOCBRICKLAND-1024x1024.png 1024w, https:\/\/mouldking.store\/wp-content\/uploads\/2022\/10\/Movie-MOC-119244-Tomb-Raider-Lara-Croft-MOCBRICKLAND-300x300.png 300w, https:\/\/mouldking.store\/wp-content\/uploads\/2022\/10\/Movie-MOC-119244-Tomb-Raider-Lara-Croft-MOCBRICKLAND-768x768.png 768w, https:\/\/mouldking.store\/wp-content\/uploads\/2022\/10\/Movie-MOC-119244-Tomb-Raider-Lara-Croft-MOCBRICKLAND-1536x1536.png 1536w, https:\/\/mouldking.store\/wp-content\/uploads\/2022\/10\/Movie-MOC-119244-Tomb-Raider-Lara-Croft-MOCBRICKLAND-2048x2048.png 2048w, https:\/\/mouldking.store\/wp-content\/uploads\/2022\/10\/Movie-MOC-119244-Tomb-Raider-Lara-Croft-MOCBRICKLAND-600x600.png 600w, https:\/\/mouldking.store\/wp-content\/uploads\/2022\/10\/Movie-MOC-119244-Tomb-Raider-Lara-Croft-MOCBRICKLAND-150x150.png 150w, https:\/\/mouldking.store\/wp-content\/uploads\/2022\/10\/Movie-MOC-119244-Tomb-Raider-Lara-Croft-MOCBRICKLAND-60x60.png 60w, https:\/\/mouldking.store\/wp-content\/uploads\/2022\/10\/Movie-MOC-119244-Tomb-Raider-Lara-Croft-MOCBRICKLAND-90x90.png 90w\" sizes=\"(max-width: 1024px) 100vw, 1024px\" \/><figcaption id=\"caption-attachment-33233\" class=\"wp-caption-text\">MOC-119244 Tomb Raider Lara Croft with 152 Pieces<\/figcaption><\/figure>\n<figure id=\"attachment_33234\" aria-describedby=\"caption-attachment-33234\" style=\"width: 800px\" class=\"wp-caption aligncenter\"><img decoding=\"async\" class=\"wp-image-33234 size-full\" src=\"https:\/\/mouldking.store\/wp-content\/uploads\/2022\/10\/Movie-MOC-119244-Tomb-Raider-Lara-Croft-MOCBRICKLAND-3.jpg\" alt=\"MOC-119244 Tomb Raider Lara Croft with 152 Pieces\" width=\"800\" height=\"800\" title=\"-\" srcset=\"https:\/\/mouldking.store\/wp-content\/uploads\/2022\/10\/Movie-MOC-119244-Tomb-Raider-Lara-Croft-MOCBRICKLAND-3.jpg 800w, https:\/\/mouldking.store\/wp-content\/uploads\/2022\/10\/Movie-MOC-119244-Tomb-Raider-Lara-Croft-MOCBRICKLAND-3-300x300.jpg 300w, https:\/\/mouldking.store\/wp-content\/uploads\/2022\/10\/Movie-MOC-119244-Tomb-Raider-Lara-Croft-MOCBRICKLAND-3-768x768.jpg 768w, https:\/\/mouldking.store\/wp-content\/uploads\/2022\/10\/Movie-MOC-119244-Tomb-Raider-Lara-Croft-MOCBRICKLAND-3-600x600.jpg 600w, https:\/\/mouldking.store\/wp-content\/uploads\/2022\/10\/Movie-MOC-119244-Tomb-Raider-Lara-Croft-MOCBRICKLAND-3-150x150.jpg 150w, https:\/\/mouldking.store\/wp-content\/uploads\/2022\/10\/Movie-MOC-119244-Tomb-Raider-Lara-Croft-MOCBRICKLAND-3-60x60.jpg 60w, https:\/\/mouldking.store\/wp-content\/uploads\/2022\/10\/Movie-MOC-119244-Tomb-Raider-Lara-Croft-MOCBRICKLAND-3-90x90.jpg 90w\" sizes=\"(max-width: 800px) 100vw, 800px\" \/><figcaption id=\"caption-attachment-33234\" class=\"wp-caption-text\">MOC-119244 Tomb Raider Lara Croft with 152 Pieces<\/figcaption><\/figure>\n<figure id=\"attachment_33235\" aria-describedby=\"caption-attachment-33235\" style=\"width: 800px\" class=\"wp-caption aligncenter\"><img decoding=\"async\" class=\"wp-image-33235 size-full\" src=\"https:\/\/mouldking.store\/wp-content\/uploads\/2022\/10\/Movie-MOC-119244-Tomb-Raider-Lara-Croft-MOCBRICKLAND-2.jpg\" alt=\"MOC-119244 Tomb Raider Lara Croft with 152 Pieces\" width=\"800\" height=\"800\" title=\"-\" srcset=\"https:\/\/mouldking.store\/wp-content\/uploads\/2022\/10\/Movie-MOC-119244-Tomb-Raider-Lara-Croft-MOCBRICKLAND-2.jpg 800w, https:\/\/mouldking.store\/wp-content\/uploads\/2022\/10\/Movie-MOC-119244-Tomb-Raider-Lara-Croft-MOCBRICKLAND-2-300x300.jpg 300w, https:\/\/mouldking.store\/wp-content\/uploads\/2022\/10\/Movie-MOC-119244-Tomb-Raider-Lara-Croft-MOCBRICKLAND-2-768x768.jpg 768w, https:\/\/mouldking.store\/wp-content\/uploads\/2022\/10\/Movie-MOC-119244-Tomb-Raider-Lara-Croft-MOCBRICKLAND-2-600x600.jpg 600w, https:\/\/mouldking.store\/wp-content\/uploads\/2022\/10\/Movie-MOC-119244-Tomb-Raider-Lara-Croft-MOCBRICKLAND-2-150x150.jpg 150w, https:\/\/mouldking.store\/wp-content\/uploads\/2022\/10\/Movie-MOC-119244-Tomb-Raider-Lara-Croft-MOCBRICKLAND-2-60x60.jpg 60w, https:\/\/mouldking.store\/wp-content\/uploads\/2022\/10\/Movie-MOC-119244-Tomb-Raider-Lara-Croft-MOCBRICKLAND-2-90x90.jpg 90w\" sizes=\"(max-width: 800px) 100vw, 800px\" \/><figcaption id=\"caption-attachment-33235\" class=\"wp-caption-text\">MOC-119244 Tomb Raider Lara Croft with 152 Pieces<\/figcaption><\/figure>\n<figure id=\"attachment_33237\" aria-describedby=\"caption-attachment-33237\" style=\"width: 800px\" class=\"wp-caption aligncenter\"><img loading=\"lazy\" decoding=\"async\" class=\"wp-image-33237 size-full\" src=\"https:\/\/mouldking.store\/wp-content\/uploads\/2022\/10\/Movie-MOC-119244-Tomb-Raider-Lara-Croft-MOCBRICKLAND-4.jpg\" alt=\"MOC-119244 Tomb Raider Lara Croft with 152 Pieces\" width=\"800\" height=\"800\" title=\"-\" srcset=\"https:\/\/mouldking.store\/wp-content\/uploads\/2022\/10\/Movie-MOC-119244-Tomb-Raider-Lara-Croft-MOCBRICKLAND-4.jpg 800w, https:\/\/mouldking.store\/wp-content\/uploads\/2022\/10\/Movie-MOC-119244-Tomb-Raider-Lara-Croft-MOCBRICKLAND-4-300x300.jpg 300w, https:\/\/mouldking.store\/wp-content\/uploads\/2022\/10\/Movie-MOC-119244-Tomb-Raider-Lara-Croft-MOCBRICKLAND-4-768x768.jpg 768w, https:\/\/mouldking.store\/wp-content\/uploads\/2022\/10\/Movie-MOC-119244-Tomb-Raider-Lara-Croft-MOCBRICKLAND-4-600x600.jpg 600w, https:\/\/mouldking.store\/wp-content\/uploads\/2022\/10\/Movie-MOC-119244-Tomb-Raider-Lara-Croft-MOCBRICKLAND-4-150x150.jpg 150w, https:\/\/mouldking.store\/wp-content\/uploads\/2022\/10\/Movie-MOC-119244-Tomb-Raider-Lara-Croft-MOCBRICKLAND-4-60x60.jpg 60w, https:\/\/mouldking.store\/wp-content\/uploads\/2022\/10\/Movie-MOC-119244-Tomb-Raider-Lara-Croft-MOCBRICKLAND-4-90x90.jpg 90w\" sizes=\"(max-width: 800px) 100vw, 800px\" \/><figcaption id=\"caption-attachment-33237\" class=\"wp-caption-text\">MOC-119244 Tomb Raider Lara Croft with 152 Pieces<\/figcaption><\/figure>\n<figure id=\"attachment_33236\" aria-describedby=\"caption-attachment-33236\" style=\"width: 800px\" class=\"wp-caption aligncenter\"><img loading=\"lazy\" decoding=\"async\" class=\"wp-image-33236 size-full\" src=\"https:\/\/mouldking.store\/wp-content\/uploads\/2022\/10\/Movie-MOC-119244-Tomb-Raider-Lara-Croft-MOCBRICKLAND-1.jpg\" alt=\"MOC-119244 Tomb Raider Lara Croft with 152 Pieces\" width=\"800\" height=\"1586\" title=\"-\" srcset=\"https:\/\/mouldking.store\/wp-content\/uploads\/2022\/10\/Movie-MOC-119244-Tomb-Raider-Lara-Croft-MOCBRICKLAND-1.jpg 800w, https:\/\/mouldking.store\/wp-content\/uploads\/2022\/10\/Movie-MOC-119244-Tomb-Raider-Lara-Croft-MOCBRICKLAND-1-151x300.jpg 151w, https:\/\/mouldking.store\/wp-content\/uploads\/2022\/10\/Movie-MOC-119244-Tomb-Raider-Lara-Croft-MOCBRICKLAND-1-517x1024.jpg 517w, https:\/\/mouldking.store\/wp-content\/uploads\/2022\/10\/Movie-MOC-119244-Tomb-Raider-Lara-Croft-MOCBRICKLAND-1-768x1523.jpg 768w, https:\/\/mouldking.store\/wp-content\/uploads\/2022\/10\/Movie-MOC-119244-Tomb-Raider-Lara-Croft-MOCBRICKLAND-1-775x1536.jpg 775w, https:\/\/mouldking.store\/wp-content\/uploads\/2022\/10\/Movie-MOC-119244-Tomb-Raider-Lara-Croft-MOCBRICKLAND-1-300x595.jpg 300w, https:\/\/mouldking.store\/wp-content\/uploads\/2022\/10\/Movie-MOC-119244-Tomb-Raider-Lara-Croft-MOCBRICKLAND-1-600x1190.jpg 600w, https:\/\/mouldking.store\/wp-content\/uploads\/2022\/10\/Movie-MOC-119244-Tomb-Raider-Lara-Croft-MOCBRICKLAND-1-76x150.jpg 76w, https:\/\/mouldking.store\/wp-content\/uploads\/2022\/10\/Movie-MOC-119244-Tomb-Raider-Lara-Croft-MOCBRICKLAND-1-30x60.jpg 30w, https:\/\/mouldking.store\/wp-content\/uploads\/2022\/10\/Movie-MOC-119244-Tomb-Raider-Lara-Croft-MOCBRICKLAND-1-45x90.jpg 45w\" sizes=\"(max-width: 800px) 100vw, 800px\" \/><figcaption id=\"caption-attachment-33236\" class=\"wp-caption-text\">MOC-119244 Tomb Raider Lara Croft with 152 Pieces<\/figcaption><\/figure>","protected":false},"excerpt":{"rendered":"<p>Product information: Brand: MOC Gender: Unisex Name: Tomb Raider Lara Croft Age Range: &gt; 6 years old Model Number: C9137 Classification: Assemblage Plastic Block Shape: Self-Locking Bricks Material: Plastic Plastic Type: ABS Bricks Blocks: 152\u00a0PCS Dimensions: 8 x 6.4 x 17.6 cm Weight: 0.06 kg Contains detailed assembly instructions. Notice: 1. Without an original box, [&hellip;]<\/p>","protected":false},"featured_media":33233,"comment_status":"closed","ping_status":"closed","template":"","meta":{"_acf_changed":false},"product_cat":[581],"product_tag":[6143,6144,6145],"class_list":["product","first","instock","shipping-taxable","purchasable","product-type-simple"],"acf":[],"_links":{"self":[{"href":"https:\/\/mouldking.store\/nb\/wp-json\/wp\/v2\/product\/33232","targetHints":{"allow":["GET"]}}],"collection":[{"href":"https:\/\/mouldking.store\/nb\/wp-json\/wp\/v2\/product"}],"about":[{"href":"https:\/\/mouldking.store\/nb\/wp-json\/wp\/v2\/types\/product"}],"replies":[{"embeddable":true,"href":"https:\/\/mouldking.store\/nb\/wp-json\/wp\/v2\/comments?post=33232"}],"wp:featuredmedia":[{"embeddable":true,"href":"https:\/\/mouldking.store\/nb\/wp-json\/wp\/v2\/media\/33233"}],"wp:attachment":[{"href":"https:\/\/mouldking.store\/nb\/wp-json\/wp\/v2\/media?parent=33232"}],"wp:term":[{"taxonomy":"product_cat","embeddable":true,"href":"https:\/\/mouldking.store\/nb\/wp-json\/wp\/v2\/product_cat?post=33232"},{"taxonomy":"product_tag","embeddable":true,"href":"https:\/\/mouldking.store\/nb\/wp-json\/wp\/v2\/product_tag?post=33232"}],"curies":[{"name":"wp","href":"https:\/\/api.w.org\/{rel}","templated":true}]}}