{"id":33238,"date":"2022-10-13T17:54:21","date_gmt":"2022-10-13T10:54:21","guid":{"rendered":"https:\/\/mouldking.store\/?post_type=product&#038;p=33238"},"modified":"2025-12-25T09:12:24","modified_gmt":"2025-12-25T02:12:24","slug":"moc-117805-acropolis-of-athens-with-1940-pieces","status":"publish","type":"product","link":"https:\/\/mouldking.store\/nb\/shop\/moc-117805-acropolis-of-athens-with-1940-pieces\/","title":{"rendered":"MOC-117805 Akropolis i Athen med 1940 stykker"},"content":{"rendered":"<p>Produktinformasjon:<\/p>\n<ol>\n<li>Merke: MOC<\/li>\n<li>Kj\u00f8nn: Unisex<\/li>\n<li>Name: Acropolis of Athens<\/li>\n<li>Aldersgruppe: &gt; 6 \u00e5r gammel<\/li>\n<li>Model Number: C9126<\/li>\n<li>Klassifisering: Montering<\/li>\n<li>Plastblokkform: Selvl\u00e5sende murstein<\/li>\n<li>Materiale: Plast<\/li>\n<li>Plasttype: ABS<\/li>\n<li>Bricks Blocks: 1940\u00a0PCS<\/li>\n<li>Dimensions: 35.2 x 32.2 x 16.3 cm<\/li>\n<li>Weight: 1.83 kg<\/li>\n<li>Inneholder detaljerte monteringsanvisninger.<\/li>\n<\/ol>\n<p>Legge merke til:<br \/>\n1. Uten original eske, men vi garanterer at v\u00e5re produkter har kvalitetssikring og pen emballasje.<br \/>\n2. Som alle delene vi har sjekket f\u00f8r frakt, s\u00e5 hvis du finner noen deler savnet eller skadet, ikke bekymre deg og bare kontakt oss, s\u00e5 kan vi sende dem til deg p\u00e5 nytt umiddelbart gratis.<\/p>\n<figure id=\"attachment_33244\" aria-describedby=\"caption-attachment-33244\" style=\"width: 800px\" class=\"wp-caption aligncenter\"><img fetchpriority=\"high\" decoding=\"async\" class=\"wp-image-33244 size-full\" src=\"https:\/\/mouldking.store\/wp-content\/uploads\/2022\/10\/Modular-Building-MOC-117805-Acropolis-of-Athens-MOCBRICKLAND-10.jpg\" alt=\"MOC-117805 Acropolis of Athens with 1940 Pieces\" width=\"800\" height=\"800\" title=\"-\" srcset=\"https:\/\/mouldking.store\/wp-content\/uploads\/2022\/10\/Modular-Building-MOC-117805-Acropolis-of-Athens-MOCBRICKLAND-10.jpg 800w, https:\/\/mouldking.store\/wp-content\/uploads\/2022\/10\/Modular-Building-MOC-117805-Acropolis-of-Athens-MOCBRICKLAND-10-300x300.jpg 300w, https:\/\/mouldking.store\/wp-content\/uploads\/2022\/10\/Modular-Building-MOC-117805-Acropolis-of-Athens-MOCBRICKLAND-10-768x768.jpg 768w, https:\/\/mouldking.store\/wp-content\/uploads\/2022\/10\/Modular-Building-MOC-117805-Acropolis-of-Athens-MOCBRICKLAND-10-600x600.jpg 600w, https:\/\/mouldking.store\/wp-content\/uploads\/2022\/10\/Modular-Building-MOC-117805-Acropolis-of-Athens-MOCBRICKLAND-10-150x150.jpg 150w, https:\/\/mouldking.store\/wp-content\/uploads\/2022\/10\/Modular-Building-MOC-117805-Acropolis-of-Athens-MOCBRICKLAND-10-60x60.jpg 60w, https:\/\/mouldking.store\/wp-content\/uploads\/2022\/10\/Modular-Building-MOC-117805-Acropolis-of-Athens-MOCBRICKLAND-10-90x90.jpg 90w\" sizes=\"(max-width: 800px) 100vw, 800px\" \/><figcaption id=\"caption-attachment-33244\" class=\"wp-caption-text\">MOC-117805 Akropolis i Athen med 1940 stykker<\/figcaption><\/figure>\n<figure id=\"attachment_33246\" aria-describedby=\"caption-attachment-33246\" style=\"width: 800px\" class=\"wp-caption aligncenter\"><img decoding=\"async\" class=\"wp-image-33246 size-full\" src=\"https:\/\/mouldking.store\/wp-content\/uploads\/2022\/10\/Modular-Building-MOC-117805-Acropolis-of-Athens-MOCBRICKLAND-11.jpg\" alt=\"MOC-117805 Acropolis of Athens with 1940 Pieces\" width=\"800\" height=\"800\" title=\"-\" srcset=\"https:\/\/mouldking.store\/wp-content\/uploads\/2022\/10\/Modular-Building-MOC-117805-Acropolis-of-Athens-MOCBRICKLAND-11.jpg 800w, https:\/\/mouldking.store\/wp-content\/uploads\/2022\/10\/Modular-Building-MOC-117805-Acropolis-of-Athens-MOCBRICKLAND-11-300x300.jpg 300w, https:\/\/mouldking.store\/wp-content\/uploads\/2022\/10\/Modular-Building-MOC-117805-Acropolis-of-Athens-MOCBRICKLAND-11-768x768.jpg 768w, https:\/\/mouldking.store\/wp-content\/uploads\/2022\/10\/Modular-Building-MOC-117805-Acropolis-of-Athens-MOCBRICKLAND-11-600x600.jpg 600w, https:\/\/mouldking.store\/wp-content\/uploads\/2022\/10\/Modular-Building-MOC-117805-Acropolis-of-Athens-MOCBRICKLAND-11-150x150.jpg 150w, https:\/\/mouldking.store\/wp-content\/uploads\/2022\/10\/Modular-Building-MOC-117805-Acropolis-of-Athens-MOCBRICKLAND-11-60x60.jpg 60w, https:\/\/mouldking.store\/wp-content\/uploads\/2022\/10\/Modular-Building-MOC-117805-Acropolis-of-Athens-MOCBRICKLAND-11-90x90.jpg 90w\" sizes=\"(max-width: 800px) 100vw, 800px\" \/><figcaption id=\"caption-attachment-33246\" class=\"wp-caption-text\">MOC-117805 Akropolis i Athen med 1940 stykker<\/figcaption><\/figure>\n<figure id=\"attachment_33243\" aria-describedby=\"caption-attachment-33243\" style=\"width: 800px\" class=\"wp-caption aligncenter\"><img decoding=\"async\" class=\"wp-image-33243 size-full\" src=\"https:\/\/mouldking.store\/wp-content\/uploads\/2022\/10\/Modular-Building-MOC-117805-Acropolis-of-Athens-MOCBRICKLAND-2.jpg\" alt=\"MOC-117805 Acropolis of Athens with 1940 Pieces\" width=\"800\" height=\"800\" title=\"-\" srcset=\"https:\/\/mouldking.store\/wp-content\/uploads\/2022\/10\/Modular-Building-MOC-117805-Acropolis-of-Athens-MOCBRICKLAND-2.jpg 800w, https:\/\/mouldking.store\/wp-content\/uploads\/2022\/10\/Modular-Building-MOC-117805-Acropolis-of-Athens-MOCBRICKLAND-2-300x300.jpg 300w, https:\/\/mouldking.store\/wp-content\/uploads\/2022\/10\/Modular-Building-MOC-117805-Acropolis-of-Athens-MOCBRICKLAND-2-768x768.jpg 768w, https:\/\/mouldking.store\/wp-content\/uploads\/2022\/10\/Modular-Building-MOC-117805-Acropolis-of-Athens-MOCBRICKLAND-2-600x600.jpg 600w, https:\/\/mouldking.store\/wp-content\/uploads\/2022\/10\/Modular-Building-MOC-117805-Acropolis-of-Athens-MOCBRICKLAND-2-150x150.jpg 150w, https:\/\/mouldking.store\/wp-content\/uploads\/2022\/10\/Modular-Building-MOC-117805-Acropolis-of-Athens-MOCBRICKLAND-2-60x60.jpg 60w, https:\/\/mouldking.store\/wp-content\/uploads\/2022\/10\/Modular-Building-MOC-117805-Acropolis-of-Athens-MOCBRICKLAND-2-90x90.jpg 90w\" sizes=\"(max-width: 800px) 100vw, 800px\" \/><figcaption id=\"caption-attachment-33243\" class=\"wp-caption-text\">MOC-117805 Akropolis i Athen med 1940 stykker<\/figcaption><\/figure>\n<figure id=\"attachment_33242\" aria-describedby=\"caption-attachment-33242\" style=\"width: 800px\" class=\"wp-caption aligncenter\"><img loading=\"lazy\" decoding=\"async\" class=\"wp-image-33242 size-full\" src=\"https:\/\/mouldking.store\/wp-content\/uploads\/2022\/10\/Modular-Building-MOC-117805-Acropolis-of-Athens-MOCBRICKLAND-3.jpg\" alt=\"MOC-117805 Acropolis of Athens with 1940 Pieces\" width=\"800\" height=\"800\" title=\"-\" srcset=\"https:\/\/mouldking.store\/wp-content\/uploads\/2022\/10\/Modular-Building-MOC-117805-Acropolis-of-Athens-MOCBRICKLAND-3.jpg 800w, https:\/\/mouldking.store\/wp-content\/uploads\/2022\/10\/Modular-Building-MOC-117805-Acropolis-of-Athens-MOCBRICKLAND-3-300x300.jpg 300w, https:\/\/mouldking.store\/wp-content\/uploads\/2022\/10\/Modular-Building-MOC-117805-Acropolis-of-Athens-MOCBRICKLAND-3-768x768.jpg 768w, https:\/\/mouldking.store\/wp-content\/uploads\/2022\/10\/Modular-Building-MOC-117805-Acropolis-of-Athens-MOCBRICKLAND-3-600x600.jpg 600w, https:\/\/mouldking.store\/wp-content\/uploads\/2022\/10\/Modular-Building-MOC-117805-Acropolis-of-Athens-MOCBRICKLAND-3-150x150.jpg 150w, https:\/\/mouldking.store\/wp-content\/uploads\/2022\/10\/Modular-Building-MOC-117805-Acropolis-of-Athens-MOCBRICKLAND-3-60x60.jpg 60w, https:\/\/mouldking.store\/wp-content\/uploads\/2022\/10\/Modular-Building-MOC-117805-Acropolis-of-Athens-MOCBRICKLAND-3-90x90.jpg 90w\" sizes=\"(max-width: 800px) 100vw, 800px\" \/><figcaption id=\"caption-attachment-33242\" class=\"wp-caption-text\">MOC-117805 Akropolis i Athen med 1940 stykker<\/figcaption><\/figure>\n<figure id=\"attachment_33241\" aria-describedby=\"caption-attachment-33241\" style=\"width: 800px\" class=\"wp-caption aligncenter\"><img loading=\"lazy\" decoding=\"async\" class=\"wp-image-33241 size-full\" src=\"https:\/\/mouldking.store\/wp-content\/uploads\/2022\/10\/Modular-Building-MOC-117805-Acropolis-of-Athens-MOCBRICKLAND-4.jpg\" alt=\"MOC-117805 Acropolis of Athens with 1940 Pieces\" width=\"800\" height=\"800\" title=\"-\" srcset=\"https:\/\/mouldking.store\/wp-content\/uploads\/2022\/10\/Modular-Building-MOC-117805-Acropolis-of-Athens-MOCBRICKLAND-4.jpg 800w, https:\/\/mouldking.store\/wp-content\/uploads\/2022\/10\/Modular-Building-MOC-117805-Acropolis-of-Athens-MOCBRICKLAND-4-300x300.jpg 300w, https:\/\/mouldking.store\/wp-content\/uploads\/2022\/10\/Modular-Building-MOC-117805-Acropolis-of-Athens-MOCBRICKLAND-4-768x768.jpg 768w, https:\/\/mouldking.store\/wp-content\/uploads\/2022\/10\/Modular-Building-MOC-117805-Acropolis-of-Athens-MOCBRICKLAND-4-600x600.jpg 600w, https:\/\/mouldking.store\/wp-content\/uploads\/2022\/10\/Modular-Building-MOC-117805-Acropolis-of-Athens-MOCBRICKLAND-4-150x150.jpg 150w, https:\/\/mouldking.store\/wp-content\/uploads\/2022\/10\/Modular-Building-MOC-117805-Acropolis-of-Athens-MOCBRICKLAND-4-60x60.jpg 60w, https:\/\/mouldking.store\/wp-content\/uploads\/2022\/10\/Modular-Building-MOC-117805-Acropolis-of-Athens-MOCBRICKLAND-4-90x90.jpg 90w\" sizes=\"(max-width: 800px) 100vw, 800px\" \/><figcaption id=\"caption-attachment-33241\" class=\"wp-caption-text\">MOC-117805 Akropolis i Athen med 1940 stykker<\/figcaption><\/figure>\n<figure id=\"attachment_33240\" aria-describedby=\"caption-attachment-33240\" style=\"width: 800px\" class=\"wp-caption aligncenter\"><img loading=\"lazy\" decoding=\"async\" class=\"wp-image-33240 size-full\" src=\"https:\/\/mouldking.store\/wp-content\/uploads\/2022\/10\/Modular-Building-MOC-117805-Acropolis-of-Athens-MOCBRICKLAND-5.jpg\" alt=\"MOC-117805 Acropolis of Athens with 1940 Pieces\" width=\"800\" height=\"800\" title=\"-\" srcset=\"https:\/\/mouldking.store\/wp-content\/uploads\/2022\/10\/Modular-Building-MOC-117805-Acropolis-of-Athens-MOCBRICKLAND-5.jpg 800w, https:\/\/mouldking.store\/wp-content\/uploads\/2022\/10\/Modular-Building-MOC-117805-Acropolis-of-Athens-MOCBRICKLAND-5-300x300.jpg 300w, https:\/\/mouldking.store\/wp-content\/uploads\/2022\/10\/Modular-Building-MOC-117805-Acropolis-of-Athens-MOCBRICKLAND-5-768x768.jpg 768w, https:\/\/mouldking.store\/wp-content\/uploads\/2022\/10\/Modular-Building-MOC-117805-Acropolis-of-Athens-MOCBRICKLAND-5-600x600.jpg 600w, https:\/\/mouldking.store\/wp-content\/uploads\/2022\/10\/Modular-Building-MOC-117805-Acropolis-of-Athens-MOCBRICKLAND-5-150x150.jpg 150w, https:\/\/mouldking.store\/wp-content\/uploads\/2022\/10\/Modular-Building-MOC-117805-Acropolis-of-Athens-MOCBRICKLAND-5-60x60.jpg 60w, https:\/\/mouldking.store\/wp-content\/uploads\/2022\/10\/Modular-Building-MOC-117805-Acropolis-of-Athens-MOCBRICKLAND-5-90x90.jpg 90w\" sizes=\"(max-width: 800px) 100vw, 800px\" \/><figcaption id=\"caption-attachment-33240\" class=\"wp-caption-text\">MOC-117805 Akropolis i Athen med 1940 stykker<\/figcaption><\/figure>\n<figure id=\"attachment_33239\" aria-describedby=\"caption-attachment-33239\" style=\"width: 800px\" class=\"wp-caption aligncenter\"><img loading=\"lazy\" decoding=\"async\" class=\"wp-image-33239 size-full\" src=\"https:\/\/mouldking.store\/wp-content\/uploads\/2022\/10\/Modular-Building-MOC-117805-Acropolis-of-Athens-MOCBRICKLAND-6.jpg\" alt=\"MOC-117805 Acropolis of Athens with 1940 Pieces\" width=\"800\" height=\"800\" title=\"-\" srcset=\"https:\/\/mouldking.store\/wp-content\/uploads\/2022\/10\/Modular-Building-MOC-117805-Acropolis-of-Athens-MOCBRICKLAND-6.jpg 800w, https:\/\/mouldking.store\/wp-content\/uploads\/2022\/10\/Modular-Building-MOC-117805-Acropolis-of-Athens-MOCBRICKLAND-6-300x300.jpg 300w, https:\/\/mouldking.store\/wp-content\/uploads\/2022\/10\/Modular-Building-MOC-117805-Acropolis-of-Athens-MOCBRICKLAND-6-768x768.jpg 768w, https:\/\/mouldking.store\/wp-content\/uploads\/2022\/10\/Modular-Building-MOC-117805-Acropolis-of-Athens-MOCBRICKLAND-6-600x600.jpg 600w, https:\/\/mouldking.store\/wp-content\/uploads\/2022\/10\/Modular-Building-MOC-117805-Acropolis-of-Athens-MOCBRICKLAND-6-150x150.jpg 150w, https:\/\/mouldking.store\/wp-content\/uploads\/2022\/10\/Modular-Building-MOC-117805-Acropolis-of-Athens-MOCBRICKLAND-6-60x60.jpg 60w, https:\/\/mouldking.store\/wp-content\/uploads\/2022\/10\/Modular-Building-MOC-117805-Acropolis-of-Athens-MOCBRICKLAND-6-90x90.jpg 90w\" sizes=\"(max-width: 800px) 100vw, 800px\" \/><figcaption id=\"caption-attachment-33239\" class=\"wp-caption-text\">MOC-117805 Akropolis i Athen med 1940 stykker<\/figcaption><\/figure>\n<figure id=\"attachment_33249\" aria-describedby=\"caption-attachment-33249\" style=\"width: 800px\" class=\"wp-caption aligncenter\"><img loading=\"lazy\" decoding=\"async\" class=\"wp-image-33249 size-full\" src=\"https:\/\/mouldking.store\/wp-content\/uploads\/2022\/10\/Modular-Building-MOC-117805-Acropolis-of-Athens-MOCBRICKLAND-7.jpg\" alt=\"MOC-117805 Acropolis of Athens with 1940 Pieces\" width=\"800\" height=\"800\" title=\"-\" srcset=\"https:\/\/mouldking.store\/wp-content\/uploads\/2022\/10\/Modular-Building-MOC-117805-Acropolis-of-Athens-MOCBRICKLAND-7.jpg 800w, https:\/\/mouldking.store\/wp-content\/uploads\/2022\/10\/Modular-Building-MOC-117805-Acropolis-of-Athens-MOCBRICKLAND-7-300x300.jpg 300w, https:\/\/mouldking.store\/wp-content\/uploads\/2022\/10\/Modular-Building-MOC-117805-Acropolis-of-Athens-MOCBRICKLAND-7-768x768.jpg 768w, https:\/\/mouldking.store\/wp-content\/uploads\/2022\/10\/Modular-Building-MOC-117805-Acropolis-of-Athens-MOCBRICKLAND-7-600x600.jpg 600w, https:\/\/mouldking.store\/wp-content\/uploads\/2022\/10\/Modular-Building-MOC-117805-Acropolis-of-Athens-MOCBRICKLAND-7-150x150.jpg 150w, https:\/\/mouldking.store\/wp-content\/uploads\/2022\/10\/Modular-Building-MOC-117805-Acropolis-of-Athens-MOCBRICKLAND-7-60x60.jpg 60w, https:\/\/mouldking.store\/wp-content\/uploads\/2022\/10\/Modular-Building-MOC-117805-Acropolis-of-Athens-MOCBRICKLAND-7-90x90.jpg 90w\" sizes=\"(max-width: 800px) 100vw, 800px\" \/><figcaption id=\"caption-attachment-33249\" class=\"wp-caption-text\">MOC-117805 Akropolis i Athen med 1940 stykker<\/figcaption><\/figure>\n<figure id=\"attachment_33248\" aria-describedby=\"caption-attachment-33248\" style=\"width: 800px\" class=\"wp-caption aligncenter\"><img loading=\"lazy\" decoding=\"async\" class=\"wp-image-33248 size-full\" src=\"https:\/\/mouldking.store\/wp-content\/uploads\/2022\/10\/Modular-Building-MOC-117805-Acropolis-of-Athens-MOCBRICKLAND-8.jpg\" alt=\"MOC-117805 Acropolis of Athens with 1940 Pieces\" width=\"800\" height=\"800\" title=\"-\" srcset=\"https:\/\/mouldking.store\/wp-content\/uploads\/2022\/10\/Modular-Building-MOC-117805-Acropolis-of-Athens-MOCBRICKLAND-8.jpg 800w, https:\/\/mouldking.store\/wp-content\/uploads\/2022\/10\/Modular-Building-MOC-117805-Acropolis-of-Athens-MOCBRICKLAND-8-300x300.jpg 300w, https:\/\/mouldking.store\/wp-content\/uploads\/2022\/10\/Modular-Building-MOC-117805-Acropolis-of-Athens-MOCBRICKLAND-8-768x768.jpg 768w, https:\/\/mouldking.store\/wp-content\/uploads\/2022\/10\/Modular-Building-MOC-117805-Acropolis-of-Athens-MOCBRICKLAND-8-600x600.jpg 600w, https:\/\/mouldking.store\/wp-content\/uploads\/2022\/10\/Modular-Building-MOC-117805-Acropolis-of-Athens-MOCBRICKLAND-8-150x150.jpg 150w, https:\/\/mouldking.store\/wp-content\/uploads\/2022\/10\/Modular-Building-MOC-117805-Acropolis-of-Athens-MOCBRICKLAND-8-60x60.jpg 60w, https:\/\/mouldking.store\/wp-content\/uploads\/2022\/10\/Modular-Building-MOC-117805-Acropolis-of-Athens-MOCBRICKLAND-8-90x90.jpg 90w\" sizes=\"(max-width: 800px) 100vw, 800px\" \/><figcaption id=\"caption-attachment-33248\" class=\"wp-caption-text\">MOC-117805 Akropolis i Athen med 1940 stykker<\/figcaption><\/figure>\n<figure id=\"attachment_33247\" aria-describedby=\"caption-attachment-33247\" style=\"width: 800px\" class=\"wp-caption aligncenter\"><img loading=\"lazy\" decoding=\"async\" class=\"wp-image-33247 size-full\" src=\"https:\/\/mouldking.store\/wp-content\/uploads\/2022\/10\/Modular-Building-MOC-117805-Acropolis-of-Athens-MOCBRICKLAND-9.jpg\" alt=\"MOC-117805 Acropolis of Athens with 1940 Pieces\" width=\"800\" height=\"800\" title=\"-\" srcset=\"https:\/\/mouldking.store\/wp-content\/uploads\/2022\/10\/Modular-Building-MOC-117805-Acropolis-of-Athens-MOCBRICKLAND-9.jpg 800w, https:\/\/mouldking.store\/wp-content\/uploads\/2022\/10\/Modular-Building-MOC-117805-Acropolis-of-Athens-MOCBRICKLAND-9-300x300.jpg 300w, https:\/\/mouldking.store\/wp-content\/uploads\/2022\/10\/Modular-Building-MOC-117805-Acropolis-of-Athens-MOCBRICKLAND-9-768x768.jpg 768w, https:\/\/mouldking.store\/wp-content\/uploads\/2022\/10\/Modular-Building-MOC-117805-Acropolis-of-Athens-MOCBRICKLAND-9-600x600.jpg 600w, https:\/\/mouldking.store\/wp-content\/uploads\/2022\/10\/Modular-Building-MOC-117805-Acropolis-of-Athens-MOCBRICKLAND-9-150x150.jpg 150w, https:\/\/mouldking.store\/wp-content\/uploads\/2022\/10\/Modular-Building-MOC-117805-Acropolis-of-Athens-MOCBRICKLAND-9-60x60.jpg 60w, https:\/\/mouldking.store\/wp-content\/uploads\/2022\/10\/Modular-Building-MOC-117805-Acropolis-of-Athens-MOCBRICKLAND-9-90x90.jpg 90w\" sizes=\"(max-width: 800px) 100vw, 800px\" \/><figcaption id=\"caption-attachment-33247\" class=\"wp-caption-text\">MOC-117805 Akropolis i Athen med 1940 stykker<\/figcaption><\/figure>\n<figure id=\"attachment_33245\" aria-describedby=\"caption-attachment-33245\" style=\"width: 800px\" class=\"wp-caption aligncenter\"><img loading=\"lazy\" decoding=\"async\" class=\"wp-image-33245 size-full\" src=\"https:\/\/mouldking.store\/wp-content\/uploads\/2022\/10\/Modular-Building-MOC-117805-Acropolis-of-Athens-MOCBRICKLAND-1.jpg\" alt=\"MOC-117805 Acropolis of Athens with 1940 Pieces\" width=\"800\" height=\"800\" title=\"-\" srcset=\"https:\/\/mouldking.store\/wp-content\/uploads\/2022\/10\/Modular-Building-MOC-117805-Acropolis-of-Athens-MOCBRICKLAND-1.jpg 800w, https:\/\/mouldking.store\/wp-content\/uploads\/2022\/10\/Modular-Building-MOC-117805-Acropolis-of-Athens-MOCBRICKLAND-1-300x300.jpg 300w, https:\/\/mouldking.store\/wp-content\/uploads\/2022\/10\/Modular-Building-MOC-117805-Acropolis-of-Athens-MOCBRICKLAND-1-768x768.jpg 768w, https:\/\/mouldking.store\/wp-content\/uploads\/2022\/10\/Modular-Building-MOC-117805-Acropolis-of-Athens-MOCBRICKLAND-1-600x600.jpg 600w, https:\/\/mouldking.store\/wp-content\/uploads\/2022\/10\/Modular-Building-MOC-117805-Acropolis-of-Athens-MOCBRICKLAND-1-150x150.jpg 150w, https:\/\/mouldking.store\/wp-content\/uploads\/2022\/10\/Modular-Building-MOC-117805-Acropolis-of-Athens-MOCBRICKLAND-1-60x60.jpg 60w, https:\/\/mouldking.store\/wp-content\/uploads\/2022\/10\/Modular-Building-MOC-117805-Acropolis-of-Athens-MOCBRICKLAND-1-90x90.jpg 90w\" sizes=\"(max-width: 800px) 100vw, 800px\" \/><figcaption id=\"caption-attachment-33245\" class=\"wp-caption-text\">MOC-117805 Akropolis i Athen med 1940 stykker<\/figcaption><\/figure>\n<p>&nbsp;<\/p>","protected":false},"excerpt":{"rendered":"<p>Product information: Brand: MOC Gender: Unisex Name: Acropolis of Athens Age Range: &gt; 6 years old Model Number: C9126 Classification: Assemblage Plastic Block Shape: Self-Locking Bricks Material: Plastic Plastic Type: ABS Bricks Blocks: 1940\u00a0PCS Dimensions: 35.2 x 32.2 x 16.3 cm Weight: 1.83 kg Contains detailed assembly instructions. Notice: 1. Without an original box, but [&hellip;]<\/p>","protected":false},"featured_media":33250,"comment_status":"closed","ping_status":"closed","template":"","meta":{"_acf_changed":false},"product_cat":[390],"product_tag":[6148,6147,6146],"class_list":["product","first","instock","shipping-taxable","purchasable","product-type-simple"],"acf":[],"_links":{"self":[{"href":"https:\/\/mouldking.store\/nb\/wp-json\/wp\/v2\/product\/33238","targetHints":{"allow":["GET"]}}],"collection":[{"href":"https:\/\/mouldking.store\/nb\/wp-json\/wp\/v2\/product"}],"about":[{"href":"https:\/\/mouldking.store\/nb\/wp-json\/wp\/v2\/types\/product"}],"replies":[{"embeddable":true,"href":"https:\/\/mouldking.store\/nb\/wp-json\/wp\/v2\/comments?post=33238"}],"wp:featuredmedia":[{"embeddable":true,"href":"https:\/\/mouldking.store\/nb\/wp-json\/wp\/v2\/media\/33250"}],"wp:attachment":[{"href":"https:\/\/mouldking.store\/nb\/wp-json\/wp\/v2\/media?parent=33238"}],"wp:term":[{"taxonomy":"product_cat","embeddable":true,"href":"https:\/\/mouldking.store\/nb\/wp-json\/wp\/v2\/product_cat?post=33238"},{"taxonomy":"product_tag","embeddable":true,"href":"https:\/\/mouldking.store\/nb\/wp-json\/wp\/v2\/product_tag?post=33238"}],"curies":[{"name":"wp","href":"https:\/\/api.w.org\/{rel}","templated":true}]}}