{"id":33341,"date":"2022-11-01T10:07:48","date_gmt":"2022-11-01T03:07:48","guid":{"rendered":"https:\/\/mouldking.store\/?post_type=product&#038;p=33341"},"modified":"2022-11-01T10:07:48","modified_gmt":"2022-11-01T03:07:48","slug":"dk-1509-one-piece-wado-ichimonji-with-806-pieces","status":"publish","type":"product","link":"https:\/\/mouldking.store\/nb\/shop\/dk-1509-one-piece-wado-ichimonji-with-806-pieces\/","title":{"rendered":"DK 1509 One Piece Wado Ichimonji With 806 Pieces"},"content":{"rendered":"<p>Produktinformasjon:<br \/>\n1. Brand: DK<br \/>\n2. Kj\u00f8nn: Unisex<br \/>\n3. Name: One Piece Wado Ichimonji<br \/>\n4. Age Range: &gt; 8 years old<br \/>\n5. Model Number: 1509<br \/>\n6. Klassifisering: Montering<br \/>\n7. Plastblokkform: Selvl\u00e5sende murstein<br \/>\n8. Materiale: Plast<br \/>\n9. Plast Type: ABS<br \/>\n10. Bricks Blocks: 806 PCS<\/p>\n<p>11. Inneholder detaljerte monteringsanvisninger.<\/p>\n<figure id=\"attachment_33342\" aria-describedby=\"caption-attachment-33342\" style=\"width: 850px\" class=\"wp-caption aligncenter\"><img fetchpriority=\"high\" decoding=\"async\" class=\"wp-image-33342\" src=\"https:\/\/mouldking.store\/wp-content\/uploads\/2022\/11\/DK-1509-One-Piece-Wado-Ichimonji-3-300x300.jpg\" alt=\"DK 1509 One Piece Wado Ichimonji With 806 Pieces\" width=\"850\" height=\"850\" title=\"-\" srcset=\"https:\/\/mouldking.store\/wp-content\/uploads\/2022\/11\/DK-1509-One-Piece-Wado-Ichimonji-3-300x300.jpg 300w, https:\/\/mouldking.store\/wp-content\/uploads\/2022\/11\/DK-1509-One-Piece-Wado-Ichimonji-3-768x768.jpg 768w, https:\/\/mouldking.store\/wp-content\/uploads\/2022\/11\/DK-1509-One-Piece-Wado-Ichimonji-3-600x600.jpg 600w, https:\/\/mouldking.store\/wp-content\/uploads\/2022\/11\/DK-1509-One-Piece-Wado-Ichimonji-3-150x150.jpg 150w, https:\/\/mouldking.store\/wp-content\/uploads\/2022\/11\/DK-1509-One-Piece-Wado-Ichimonji-3-60x60.jpg 60w, https:\/\/mouldking.store\/wp-content\/uploads\/2022\/11\/DK-1509-One-Piece-Wado-Ichimonji-3-90x90.jpg 90w, https:\/\/mouldking.store\/wp-content\/uploads\/2022\/11\/DK-1509-One-Piece-Wado-Ichimonji-3.jpg 800w\" sizes=\"(max-width: 850px) 100vw, 850px\" \/><figcaption id=\"caption-attachment-33342\" class=\"wp-caption-text\">DK 1509 One Piece Wado Ichimonji With 806 Pieces<\/figcaption><\/figure>\n<figure id=\"attachment_33343\" aria-describedby=\"caption-attachment-33343\" style=\"width: 881px\" class=\"wp-caption aligncenter\"><img decoding=\"async\" class=\"wp-image-33343\" src=\"https:\/\/mouldking.store\/wp-content\/uploads\/2022\/11\/DK-1509-One-Piece-Wado-Ichimonji-6-300x300.jpg\" alt=\"DK 1509 One Piece Wado Ichimonji With 806 Pieces\" width=\"881\" height=\"881\" title=\"-\" srcset=\"https:\/\/mouldking.store\/wp-content\/uploads\/2022\/11\/DK-1509-One-Piece-Wado-Ichimonji-6-300x300.jpg 300w, https:\/\/mouldking.store\/wp-content\/uploads\/2022\/11\/DK-1509-One-Piece-Wado-Ichimonji-6-768x768.jpg 768w, https:\/\/mouldking.store\/wp-content\/uploads\/2022\/11\/DK-1509-One-Piece-Wado-Ichimonji-6-600x600.jpg 600w, https:\/\/mouldking.store\/wp-content\/uploads\/2022\/11\/DK-1509-One-Piece-Wado-Ichimonji-6-150x150.jpg 150w, https:\/\/mouldking.store\/wp-content\/uploads\/2022\/11\/DK-1509-One-Piece-Wado-Ichimonji-6-60x60.jpg 60w, https:\/\/mouldking.store\/wp-content\/uploads\/2022\/11\/DK-1509-One-Piece-Wado-Ichimonji-6-90x90.jpg 90w, https:\/\/mouldking.store\/wp-content\/uploads\/2022\/11\/DK-1509-One-Piece-Wado-Ichimonji-6.jpg 800w\" sizes=\"(max-width: 881px) 100vw, 881px\" \/><figcaption id=\"caption-attachment-33343\" class=\"wp-caption-text\">DK 1509 One Piece Wado Ichimonji With 806 Pieces<\/figcaption><\/figure>\n<figure id=\"attachment_33344\" aria-describedby=\"caption-attachment-33344\" style=\"width: 867px\" class=\"wp-caption aligncenter\"><img decoding=\"async\" class=\"wp-image-33344\" src=\"https:\/\/mouldking.store\/wp-content\/uploads\/2022\/11\/DK-1509-One-Piece-Wado-Ichimonji-5-300x300.jpg\" alt=\"DK 1509 One Piece Wado Ichimonji With 806 Pieces\" width=\"867\" height=\"867\" title=\"-\" srcset=\"https:\/\/mouldking.store\/wp-content\/uploads\/2022\/11\/DK-1509-One-Piece-Wado-Ichimonji-5-300x300.jpg 300w, https:\/\/mouldking.store\/wp-content\/uploads\/2022\/11\/DK-1509-One-Piece-Wado-Ichimonji-5-768x768.jpg 768w, https:\/\/mouldking.store\/wp-content\/uploads\/2022\/11\/DK-1509-One-Piece-Wado-Ichimonji-5-600x600.jpg 600w, https:\/\/mouldking.store\/wp-content\/uploads\/2022\/11\/DK-1509-One-Piece-Wado-Ichimonji-5-150x150.jpg 150w, https:\/\/mouldking.store\/wp-content\/uploads\/2022\/11\/DK-1509-One-Piece-Wado-Ichimonji-5-60x60.jpg 60w, https:\/\/mouldking.store\/wp-content\/uploads\/2022\/11\/DK-1509-One-Piece-Wado-Ichimonji-5-90x90.jpg 90w, https:\/\/mouldking.store\/wp-content\/uploads\/2022\/11\/DK-1509-One-Piece-Wado-Ichimonji-5.jpg 800w\" sizes=\"(max-width: 867px) 100vw, 867px\" \/><figcaption id=\"caption-attachment-33344\" class=\"wp-caption-text\">DK 1509 One Piece Wado Ichimonji With 806 Pieces<\/figcaption><\/figure>\n<figure id=\"attachment_33345\" aria-describedby=\"caption-attachment-33345\" style=\"width: 903px\" class=\"wp-caption aligncenter\"><img loading=\"lazy\" decoding=\"async\" class=\"wp-image-33345\" src=\"https:\/\/mouldking.store\/wp-content\/uploads\/2022\/11\/DK-1509-One-Piece-Wado-Ichimonji-2-213x300.jpg\" alt=\"DK 1509 One Piece Wado Ichimonji With 806 Pieces\" width=\"903\" height=\"1272\" title=\"-\" srcset=\"https:\/\/mouldking.store\/wp-content\/uploads\/2022\/11\/DK-1509-One-Piece-Wado-Ichimonji-2-213x300.jpg 213w, https:\/\/mouldking.store\/wp-content\/uploads\/2022\/11\/DK-1509-One-Piece-Wado-Ichimonji-2-300x423.jpg 300w, https:\/\/mouldking.store\/wp-content\/uploads\/2022\/11\/DK-1509-One-Piece-Wado-Ichimonji-2-600x846.jpg 600w, https:\/\/mouldking.store\/wp-content\/uploads\/2022\/11\/DK-1509-One-Piece-Wado-Ichimonji-2-106x150.jpg 106w, https:\/\/mouldking.store\/wp-content\/uploads\/2022\/11\/DK-1509-One-Piece-Wado-Ichimonji-2-43x60.jpg 43w, https:\/\/mouldking.store\/wp-content\/uploads\/2022\/11\/DK-1509-One-Piece-Wado-Ichimonji-2-64x90.jpg 64w, https:\/\/mouldking.store\/wp-content\/uploads\/2022\/11\/DK-1509-One-Piece-Wado-Ichimonji-2.jpg 726w\" sizes=\"(max-width: 903px) 100vw, 903px\" \/><figcaption id=\"caption-attachment-33345\" class=\"wp-caption-text\">DK 1509 One Piece Wado Ichimonji With 806 Pieces<\/figcaption><\/figure>","protected":false},"excerpt":{"rendered":"<p>1. Uten original eske, men vi garanterer at v\u00e5re produkter har kvalitetssikring og pen emballasje.<br \/>\n2. Som alle delene vi har sjekket f\u00f8r frakt, s\u00e5 hvis du finner noen deler savnet eller skadet, ikke bekymre deg og bare kontakt oss, s\u00e5 kan vi sende dem til deg p\u00e5 nytt umiddelbart gratis.<\/p>","protected":false},"featured_media":33346,"comment_status":"closed","ping_status":"closed","template":"","meta":{"_acf_changed":false},"product_cat":[581],"product_tag":[6166,6165,1824,5473,5475],"class_list":["product","first","instock","shipping-taxable","purchasable","product-type-simple"],"acf":[],"_links":{"self":[{"href":"https:\/\/mouldking.store\/nb\/wp-json\/wp\/v2\/product\/33341","targetHints":{"allow":["GET"]}}],"collection":[{"href":"https:\/\/mouldking.store\/nb\/wp-json\/wp\/v2\/product"}],"about":[{"href":"https:\/\/mouldking.store\/nb\/wp-json\/wp\/v2\/types\/product"}],"replies":[{"embeddable":true,"href":"https:\/\/mouldking.store\/nb\/wp-json\/wp\/v2\/comments?post=33341"}],"wp:featuredmedia":[{"embeddable":true,"href":"https:\/\/mouldking.store\/nb\/wp-json\/wp\/v2\/media\/33346"}],"wp:attachment":[{"href":"https:\/\/mouldking.store\/nb\/wp-json\/wp\/v2\/media?parent=33341"}],"wp:term":[{"taxonomy":"product_cat","embeddable":true,"href":"https:\/\/mouldking.store\/nb\/wp-json\/wp\/v2\/product_cat?post=33341"},{"taxonomy":"product_tag","embeddable":true,"href":"https:\/\/mouldking.store\/nb\/wp-json\/wp\/v2\/product_tag?post=33341"}],"curies":[{"name":"wp","href":"https:\/\/api.w.org\/{rel}","templated":true}]}}