{"id":33366,"date":"2022-11-02T09:28:22","date_gmt":"2022-11-02T02:28:22","guid":{"rendered":"https:\/\/mouldking.store\/?post_type=product&#038;p=33366"},"modified":"2022-11-02T09:28:22","modified_gmt":"2022-11-02T02:28:22","slug":"52toys-bb-50-beastbox-kite-moss","status":"publish","type":"product","link":"https:\/\/mouldking.store\/nb\/shop\/52toys-bb-50-beastbox-kite-moss\/","title":{"rendered":"52TOYS BB-50 BEASTBOX KITE-MOSS"},"content":{"rendered":"<p>Produktinformasjon:<\/p>\n<ol>\n<li>Merke: 52TOYS<\/li>\n<li>Kj\u00f8nn: Unisex<\/li>\n<li>Navn: KITE-MOSS<\/li>\n<li>Aldersgruppe: &gt; 6 \u00e5r gammel<\/li>\n<li>Modellnummer: BB-50<\/li>\n<li>Klassifisering: Montering<\/li>\n<li>Plastblokkform: Selvl\u00e5sende murstein<\/li>\n<li>Materiale: Plast<\/li>\n<li>Plasttype: ABS<\/li>\n<li>M\u00e5l: 33 cm<\/li>\n<li>Inneholder detaljerte monteringsanvisninger.<\/li>\n<\/ol>\n<p>Legge merke til:<br \/>\n1. Uten original eske, men vi garanterer at v\u00e5re produkter har kvalitetssikring og pen emballasje.<br \/>\n2. Som alle delene vi har sjekket f\u00f8r frakt, s\u00e5 hvis du finner noen deler savnet eller skadet, ikke bekymre deg og bare kontakt oss, s\u00e5 kan vi sende dem til deg p\u00e5 nytt umiddelbart gratis.<\/p>\n<figure id=\"attachment_33367\" aria-describedby=\"caption-attachment-33367\" style=\"width: 800px\" class=\"wp-caption aligncenter\"><img fetchpriority=\"high\" decoding=\"async\" class=\"wp-image-33367 size-full\" src=\"https:\/\/mouldking.store\/wp-content\/uploads\/2022\/11\/Creator-52TOYS-BB-50-BEASTBOX-KITE-MOSS-5.jpg\" alt=\"52TOYS BB-50 BEASTBOX KITE-MOSS\" width=\"800\" height=\"800\" title=\"-\" srcset=\"https:\/\/mouldking.store\/wp-content\/uploads\/2022\/11\/Creator-52TOYS-BB-50-BEASTBOX-KITE-MOSS-5.jpg 800w, https:\/\/mouldking.store\/wp-content\/uploads\/2022\/11\/Creator-52TOYS-BB-50-BEASTBOX-KITE-MOSS-5-300x300.jpg 300w, https:\/\/mouldking.store\/wp-content\/uploads\/2022\/11\/Creator-52TOYS-BB-50-BEASTBOX-KITE-MOSS-5-768x768.jpg 768w, https:\/\/mouldking.store\/wp-content\/uploads\/2022\/11\/Creator-52TOYS-BB-50-BEASTBOX-KITE-MOSS-5-600x600.jpg 600w, https:\/\/mouldking.store\/wp-content\/uploads\/2022\/11\/Creator-52TOYS-BB-50-BEASTBOX-KITE-MOSS-5-150x150.jpg 150w, https:\/\/mouldking.store\/wp-content\/uploads\/2022\/11\/Creator-52TOYS-BB-50-BEASTBOX-KITE-MOSS-5-60x60.jpg 60w, https:\/\/mouldking.store\/wp-content\/uploads\/2022\/11\/Creator-52TOYS-BB-50-BEASTBOX-KITE-MOSS-5-90x90.jpg 90w\" sizes=\"(max-width: 800px) 100vw, 800px\" \/><figcaption id=\"caption-attachment-33367\" class=\"wp-caption-text\">52TOYS BB-50 BEASTBOX KITE-MOSS<\/figcaption><\/figure>\n<figure id=\"attachment_33368\" aria-describedby=\"caption-attachment-33368\" style=\"width: 800px\" class=\"wp-caption aligncenter\"><img decoding=\"async\" class=\"wp-image-33368 size-full\" src=\"https:\/\/mouldking.store\/wp-content\/uploads\/2022\/11\/Creator-52TOYS-BB-50-BEASTBOX-KITE-MOSS-4.jpg\" alt=\"52TOYS BB-50 BEASTBOX KITE-MOSS\" width=\"800\" height=\"800\" title=\"-\" srcset=\"https:\/\/mouldking.store\/wp-content\/uploads\/2022\/11\/Creator-52TOYS-BB-50-BEASTBOX-KITE-MOSS-4.jpg 800w, https:\/\/mouldking.store\/wp-content\/uploads\/2022\/11\/Creator-52TOYS-BB-50-BEASTBOX-KITE-MOSS-4-300x300.jpg 300w, https:\/\/mouldking.store\/wp-content\/uploads\/2022\/11\/Creator-52TOYS-BB-50-BEASTBOX-KITE-MOSS-4-768x768.jpg 768w, https:\/\/mouldking.store\/wp-content\/uploads\/2022\/11\/Creator-52TOYS-BB-50-BEASTBOX-KITE-MOSS-4-600x600.jpg 600w, https:\/\/mouldking.store\/wp-content\/uploads\/2022\/11\/Creator-52TOYS-BB-50-BEASTBOX-KITE-MOSS-4-150x150.jpg 150w, https:\/\/mouldking.store\/wp-content\/uploads\/2022\/11\/Creator-52TOYS-BB-50-BEASTBOX-KITE-MOSS-4-60x60.jpg 60w, https:\/\/mouldking.store\/wp-content\/uploads\/2022\/11\/Creator-52TOYS-BB-50-BEASTBOX-KITE-MOSS-4-90x90.jpg 90w\" sizes=\"(max-width: 800px) 100vw, 800px\" \/><figcaption id=\"caption-attachment-33368\" class=\"wp-caption-text\">52TOYS BB-50 BEASTBOX KITE-MOSS<\/figcaption><\/figure>\n<figure id=\"attachment_33369\" aria-describedby=\"caption-attachment-33369\" style=\"width: 800px\" class=\"wp-caption aligncenter\"><img decoding=\"async\" class=\"wp-image-33369 size-full\" src=\"https:\/\/mouldking.store\/wp-content\/uploads\/2022\/11\/Creator-52TOYS-BB-50-BEASTBOX-KITE-MOSS-2.jpg\" alt=\"52TOYS BB-50 BEASTBOX KITE-MOSS\" width=\"800\" height=\"800\" title=\"-\" srcset=\"https:\/\/mouldking.store\/wp-content\/uploads\/2022\/11\/Creator-52TOYS-BB-50-BEASTBOX-KITE-MOSS-2.jpg 800w, https:\/\/mouldking.store\/wp-content\/uploads\/2022\/11\/Creator-52TOYS-BB-50-BEASTBOX-KITE-MOSS-2-300x300.jpg 300w, https:\/\/mouldking.store\/wp-content\/uploads\/2022\/11\/Creator-52TOYS-BB-50-BEASTBOX-KITE-MOSS-2-768x768.jpg 768w, https:\/\/mouldking.store\/wp-content\/uploads\/2022\/11\/Creator-52TOYS-BB-50-BEASTBOX-KITE-MOSS-2-600x600.jpg 600w, https:\/\/mouldking.store\/wp-content\/uploads\/2022\/11\/Creator-52TOYS-BB-50-BEASTBOX-KITE-MOSS-2-150x150.jpg 150w, https:\/\/mouldking.store\/wp-content\/uploads\/2022\/11\/Creator-52TOYS-BB-50-BEASTBOX-KITE-MOSS-2-60x60.jpg 60w, https:\/\/mouldking.store\/wp-content\/uploads\/2022\/11\/Creator-52TOYS-BB-50-BEASTBOX-KITE-MOSS-2-90x90.jpg 90w\" sizes=\"(max-width: 800px) 100vw, 800px\" \/><figcaption id=\"caption-attachment-33369\" class=\"wp-caption-text\">52TOYS BB-50 BEASTBOX KITE-MOSS<\/figcaption><\/figure>\n<figure id=\"attachment_33370\" aria-describedby=\"caption-attachment-33370\" style=\"width: 800px\" class=\"wp-caption aligncenter\"><img loading=\"lazy\" decoding=\"async\" class=\"wp-image-33370 size-full\" src=\"https:\/\/mouldking.store\/wp-content\/uploads\/2022\/11\/Creator-52TOYS-BB-50-BEASTBOX-KITE-MOSS-3.jpg\" alt=\"52TOYS BB-50 BEASTBOX KITE-MOSS\" width=\"800\" height=\"800\" title=\"-\" srcset=\"https:\/\/mouldking.store\/wp-content\/uploads\/2022\/11\/Creator-52TOYS-BB-50-BEASTBOX-KITE-MOSS-3.jpg 800w, https:\/\/mouldking.store\/wp-content\/uploads\/2022\/11\/Creator-52TOYS-BB-50-BEASTBOX-KITE-MOSS-3-300x300.jpg 300w, https:\/\/mouldking.store\/wp-content\/uploads\/2022\/11\/Creator-52TOYS-BB-50-BEASTBOX-KITE-MOSS-3-768x768.jpg 768w, https:\/\/mouldking.store\/wp-content\/uploads\/2022\/11\/Creator-52TOYS-BB-50-BEASTBOX-KITE-MOSS-3-600x600.jpg 600w, https:\/\/mouldking.store\/wp-content\/uploads\/2022\/11\/Creator-52TOYS-BB-50-BEASTBOX-KITE-MOSS-3-150x150.jpg 150w, https:\/\/mouldking.store\/wp-content\/uploads\/2022\/11\/Creator-52TOYS-BB-50-BEASTBOX-KITE-MOSS-3-60x60.jpg 60w, https:\/\/mouldking.store\/wp-content\/uploads\/2022\/11\/Creator-52TOYS-BB-50-BEASTBOX-KITE-MOSS-3-90x90.jpg 90w\" sizes=\"(max-width: 800px) 100vw, 800px\" \/><figcaption id=\"caption-attachment-33370\" class=\"wp-caption-text\">52TOYS BB-50 BEASTBOX KITE-MOSS<\/figcaption><\/figure>\n<figure id=\"attachment_33371\" aria-describedby=\"caption-attachment-33371\" style=\"width: 800px\" class=\"wp-caption aligncenter\"><img loading=\"lazy\" decoding=\"async\" class=\"wp-image-33371 size-full\" src=\"https:\/\/mouldking.store\/wp-content\/uploads\/2022\/11\/Creator-52TOYS-BB-50-BEASTBOX-KITE-MOSS-1.jpg\" alt=\"52TOYS BB-50 BEASTBOX KITE-MOSS\" width=\"800\" height=\"800\" title=\"-\" srcset=\"https:\/\/mouldking.store\/wp-content\/uploads\/2022\/11\/Creator-52TOYS-BB-50-BEASTBOX-KITE-MOSS-1.jpg 800w, https:\/\/mouldking.store\/wp-content\/uploads\/2022\/11\/Creator-52TOYS-BB-50-BEASTBOX-KITE-MOSS-1-300x300.jpg 300w, https:\/\/mouldking.store\/wp-content\/uploads\/2022\/11\/Creator-52TOYS-BB-50-BEASTBOX-KITE-MOSS-1-768x768.jpg 768w, https:\/\/mouldking.store\/wp-content\/uploads\/2022\/11\/Creator-52TOYS-BB-50-BEASTBOX-KITE-MOSS-1-600x600.jpg 600w, https:\/\/mouldking.store\/wp-content\/uploads\/2022\/11\/Creator-52TOYS-BB-50-BEASTBOX-KITE-MOSS-1-150x150.jpg 150w, https:\/\/mouldking.store\/wp-content\/uploads\/2022\/11\/Creator-52TOYS-BB-50-BEASTBOX-KITE-MOSS-1-60x60.jpg 60w, https:\/\/mouldking.store\/wp-content\/uploads\/2022\/11\/Creator-52TOYS-BB-50-BEASTBOX-KITE-MOSS-1-90x90.jpg 90w\" sizes=\"(max-width: 800px) 100vw, 800px\" \/><figcaption id=\"caption-attachment-33371\" class=\"wp-caption-text\">52TOYS BB-50 BEASTBOX KITE-MOSS<\/figcaption><\/figure>","protected":false},"excerpt":{"rendered":"<p>Product information: Brand: 52TOYS Gender: Unisex Name: KITE-MOSS Age Range: &gt; 6 years old Model Number: BB-50 Classification: Assemblage Plastic Block Shape: Self-Locking Bricks Material: Plastic Plastic Type: ABS Dimensions: 33cm Contains detailed assembly instructions. Notice: 1. Without an original box, but we guarantee our products have quality assurance and nice packaging. 2. As all [&hellip;]<\/p>","protected":false},"featured_media":33367,"comment_status":"closed","ping_status":"closed","template":"","meta":{"_acf_changed":false},"product_cat":[1365],"product_tag":[6179,6183,6178,6180,6181,6184,6182],"class_list":["product","first","instock","shipping-taxable","purchasable","product-type-variable"],"acf":[],"_links":{"self":[{"href":"https:\/\/mouldking.store\/nb\/wp-json\/wp\/v2\/product\/33366","targetHints":{"allow":["GET"]}}],"collection":[{"href":"https:\/\/mouldking.store\/nb\/wp-json\/wp\/v2\/product"}],"about":[{"href":"https:\/\/mouldking.store\/nb\/wp-json\/wp\/v2\/types\/product"}],"replies":[{"embeddable":true,"href":"https:\/\/mouldking.store\/nb\/wp-json\/wp\/v2\/comments?post=33366"}],"wp:featuredmedia":[{"embeddable":true,"href":"https:\/\/mouldking.store\/nb\/wp-json\/wp\/v2\/media\/33367"}],"wp:attachment":[{"href":"https:\/\/mouldking.store\/nb\/wp-json\/wp\/v2\/media?parent=33366"}],"wp:term":[{"taxonomy":"product_cat","embeddable":true,"href":"https:\/\/mouldking.store\/nb\/wp-json\/wp\/v2\/product_cat?post=33366"},{"taxonomy":"product_tag","embeddable":true,"href":"https:\/\/mouldking.store\/nb\/wp-json\/wp\/v2\/product_tag?post=33366"}],"curies":[{"name":"wp","href":"https:\/\/api.w.org\/{rel}","templated":true}]}}