{"id":33377,"date":"2022-11-02T09:49:55","date_gmt":"2022-11-02T02:49:55","guid":{"rendered":"https:\/\/mouldking.store\/?post_type=product&#038;p=33377"},"modified":"2024-02-27T15:08:29","modified_gmt":"2024-02-27T08:08:29","slug":"quan-guan-100241-tog-ii-british-super-heavy-tank-with-2288-pieces","status":"publish","type":"product","link":"https:\/\/mouldking.store\/nb\/shop\/quan-guan-100241-tog-ii-british-super-heavy-tank-with-2288-pieces\/","title":{"rendered":"Quan Guan 100241 TOG II britisk supertung tank med 2288 deler"},"content":{"rendered":"<p>Produktinformasjon:<\/p>\n<ol>\n<li>Merke: Quan Guan<\/li>\n<li>Kj\u00f8nn: Unisex<\/li>\n<li>Name: TOG II British Super Heavy Tank<\/li>\n<li>Aldersgruppe: &gt; 6 \u00e5r gammel<\/li>\n<li>Model Number: 100241<\/li>\n<li>Klassifisering: Montering<\/li>\n<li>Plastblokkform: Selvl\u00e5sende murstein<\/li>\n<li>Materiale: Plast<\/li>\n<li>Plasttype: ABS<\/li>\n<li>Bricks Blocks: 2288 PCS<\/li>\n<li>Dimensions: 42 \u00d7 11.7 \u00d7 18 cm<\/li>\n<li>Inneholder detaljerte monteringsanvisninger.<\/li>\n<\/ol>\n<p>Legge merke til:<br \/>\n1. Uten original eske, men vi garanterer at v\u00e5re produkter har kvalitetssikring og pen emballasje.<br \/>\n2. Som alle delene vi har sjekket f\u00f8r frakt, s\u00e5 hvis du finner noen deler savnet eller skadet, ikke bekymre deg og bare kontakt oss, s\u00e5 kan vi sende dem til deg p\u00e5 nytt umiddelbart gratis.<\/p>\n<figure id=\"attachment_33379\" aria-describedby=\"caption-attachment-33379\" style=\"width: 800px\" class=\"wp-caption aligncenter\"><img fetchpriority=\"high\" decoding=\"async\" class=\"wp-image-33379 size-full\" src=\"https:\/\/mouldking.store\/wp-content\/uploads\/2022\/11\/Military-Quan-Guan-100241-TOG-II-British-Super-Heavy-Tank-1.jpg\" alt=\"Quan Guan 100241 TOG II British Super Heavy Tank With 2288 Pieces\" width=\"800\" height=\"800\" title=\"-\" srcset=\"https:\/\/mouldking.store\/wp-content\/uploads\/2022\/11\/Military-Quan-Guan-100241-TOG-II-British-Super-Heavy-Tank-1.jpg 800w, https:\/\/mouldking.store\/wp-content\/uploads\/2022\/11\/Military-Quan-Guan-100241-TOG-II-British-Super-Heavy-Tank-1-300x300.jpg 300w, https:\/\/mouldking.store\/wp-content\/uploads\/2022\/11\/Military-Quan-Guan-100241-TOG-II-British-Super-Heavy-Tank-1-768x768.jpg 768w, https:\/\/mouldking.store\/wp-content\/uploads\/2022\/11\/Military-Quan-Guan-100241-TOG-II-British-Super-Heavy-Tank-1-600x600.jpg 600w, https:\/\/mouldking.store\/wp-content\/uploads\/2022\/11\/Military-Quan-Guan-100241-TOG-II-British-Super-Heavy-Tank-1-150x150.jpg 150w, https:\/\/mouldking.store\/wp-content\/uploads\/2022\/11\/Military-Quan-Guan-100241-TOG-II-British-Super-Heavy-Tank-1-60x60.jpg 60w, https:\/\/mouldking.store\/wp-content\/uploads\/2022\/11\/Military-Quan-Guan-100241-TOG-II-British-Super-Heavy-Tank-1-90x90.jpg 90w\" sizes=\"(max-width: 800px) 100vw, 800px\" \/><figcaption id=\"caption-attachment-33379\" class=\"wp-caption-text\">Quan Guan 100241 TOG II britisk supertung tank med 2288 deler<\/figcaption><\/figure>\n<figure id=\"attachment_33380\" aria-describedby=\"caption-attachment-33380\" style=\"width: 800px\" class=\"wp-caption aligncenter\"><img decoding=\"async\" class=\"wp-image-33380 size-full\" src=\"https:\/\/mouldking.store\/wp-content\/uploads\/2022\/11\/Military-Quan-Guan-100241-TOG-II-British-Super-Heavy-Tank-3.jpg\" alt=\"Quan Guan 100241 TOG II British Super Heavy Tank With 2288 Pieces\" width=\"800\" height=\"800\" title=\"-\" srcset=\"https:\/\/mouldking.store\/wp-content\/uploads\/2022\/11\/Military-Quan-Guan-100241-TOG-II-British-Super-Heavy-Tank-3.jpg 800w, https:\/\/mouldking.store\/wp-content\/uploads\/2022\/11\/Military-Quan-Guan-100241-TOG-II-British-Super-Heavy-Tank-3-300x300.jpg 300w, https:\/\/mouldking.store\/wp-content\/uploads\/2022\/11\/Military-Quan-Guan-100241-TOG-II-British-Super-Heavy-Tank-3-768x768.jpg 768w, https:\/\/mouldking.store\/wp-content\/uploads\/2022\/11\/Military-Quan-Guan-100241-TOG-II-British-Super-Heavy-Tank-3-600x600.jpg 600w, https:\/\/mouldking.store\/wp-content\/uploads\/2022\/11\/Military-Quan-Guan-100241-TOG-II-British-Super-Heavy-Tank-3-150x150.jpg 150w, https:\/\/mouldking.store\/wp-content\/uploads\/2022\/11\/Military-Quan-Guan-100241-TOG-II-British-Super-Heavy-Tank-3-60x60.jpg 60w, https:\/\/mouldking.store\/wp-content\/uploads\/2022\/11\/Military-Quan-Guan-100241-TOG-II-British-Super-Heavy-Tank-3-90x90.jpg 90w\" sizes=\"(max-width: 800px) 100vw, 800px\" \/><figcaption id=\"caption-attachment-33380\" class=\"wp-caption-text\">Quan Guan 100241 TOG II britisk supertung tank med 2288 deler<\/figcaption><\/figure>\n<figure id=\"attachment_33381\" aria-describedby=\"caption-attachment-33381\" style=\"width: 800px\" class=\"wp-caption aligncenter\"><img decoding=\"async\" class=\"wp-image-33381 size-full\" src=\"https:\/\/mouldking.store\/wp-content\/uploads\/2022\/11\/Military-Quan-Guan-100241-TOG-II-British-Super-Heavy-Tank-4.jpg\" alt=\"Quan Guan 100241 TOG II British Super Heavy Tank With 2288 Pieces\" width=\"800\" height=\"800\" title=\"-\" srcset=\"https:\/\/mouldking.store\/wp-content\/uploads\/2022\/11\/Military-Quan-Guan-100241-TOG-II-British-Super-Heavy-Tank-4.jpg 800w, https:\/\/mouldking.store\/wp-content\/uploads\/2022\/11\/Military-Quan-Guan-100241-TOG-II-British-Super-Heavy-Tank-4-300x300.jpg 300w, https:\/\/mouldking.store\/wp-content\/uploads\/2022\/11\/Military-Quan-Guan-100241-TOG-II-British-Super-Heavy-Tank-4-768x768.jpg 768w, https:\/\/mouldking.store\/wp-content\/uploads\/2022\/11\/Military-Quan-Guan-100241-TOG-II-British-Super-Heavy-Tank-4-600x600.jpg 600w, https:\/\/mouldking.store\/wp-content\/uploads\/2022\/11\/Military-Quan-Guan-100241-TOG-II-British-Super-Heavy-Tank-4-150x150.jpg 150w, https:\/\/mouldking.store\/wp-content\/uploads\/2022\/11\/Military-Quan-Guan-100241-TOG-II-British-Super-Heavy-Tank-4-60x60.jpg 60w, https:\/\/mouldking.store\/wp-content\/uploads\/2022\/11\/Military-Quan-Guan-100241-TOG-II-British-Super-Heavy-Tank-4-90x90.jpg 90w\" sizes=\"(max-width: 800px) 100vw, 800px\" \/><figcaption id=\"caption-attachment-33381\" class=\"wp-caption-text\">Quan Guan 100241 TOG II britisk supertung tank med 2288 deler<\/figcaption><\/figure>\n<figure id=\"attachment_33382\" aria-describedby=\"caption-attachment-33382\" style=\"width: 800px\" class=\"wp-caption aligncenter\"><img loading=\"lazy\" decoding=\"async\" class=\"wp-image-33382 size-full\" src=\"https:\/\/mouldking.store\/wp-content\/uploads\/2022\/11\/Military-Quan-Guan-100241-TOG-II-British-Super-Heavy-Tank-2.jpg\" alt=\"Quan Guan 100241 TOG II British Super Heavy Tank With 2288 Pieces\" width=\"800\" height=\"800\" title=\"-\" srcset=\"https:\/\/mouldking.store\/wp-content\/uploads\/2022\/11\/Military-Quan-Guan-100241-TOG-II-British-Super-Heavy-Tank-2.jpg 800w, https:\/\/mouldking.store\/wp-content\/uploads\/2022\/11\/Military-Quan-Guan-100241-TOG-II-British-Super-Heavy-Tank-2-300x300.jpg 300w, https:\/\/mouldking.store\/wp-content\/uploads\/2022\/11\/Military-Quan-Guan-100241-TOG-II-British-Super-Heavy-Tank-2-768x768.jpg 768w, https:\/\/mouldking.store\/wp-content\/uploads\/2022\/11\/Military-Quan-Guan-100241-TOG-II-British-Super-Heavy-Tank-2-600x600.jpg 600w, https:\/\/mouldking.store\/wp-content\/uploads\/2022\/11\/Military-Quan-Guan-100241-TOG-II-British-Super-Heavy-Tank-2-150x150.jpg 150w, https:\/\/mouldking.store\/wp-content\/uploads\/2022\/11\/Military-Quan-Guan-100241-TOG-II-British-Super-Heavy-Tank-2-60x60.jpg 60w, https:\/\/mouldking.store\/wp-content\/uploads\/2022\/11\/Military-Quan-Guan-100241-TOG-II-British-Super-Heavy-Tank-2-90x90.jpg 90w\" sizes=\"(max-width: 800px) 100vw, 800px\" \/><figcaption id=\"caption-attachment-33382\" class=\"wp-caption-text\">Quan Guan 100241 TOG II britisk supertung tank med 2288 deler<\/figcaption><\/figure>\n<figure id=\"attachment_33383\" aria-describedby=\"caption-attachment-33383\" style=\"width: 800px\" class=\"wp-caption aligncenter\"><img loading=\"lazy\" decoding=\"async\" class=\"wp-image-33383 size-full\" src=\"https:\/\/mouldking.store\/wp-content\/uploads\/2022\/11\/Military-Quan-Guan-100241-TOG-II-British-Super-Heavy-Tank-5.jpg\" alt=\"Quan Guan 100241 TOG II British Super Heavy Tank With 2288 Pieces\" width=\"800\" height=\"800\" title=\"-\" srcset=\"https:\/\/mouldking.store\/wp-content\/uploads\/2022\/11\/Military-Quan-Guan-100241-TOG-II-British-Super-Heavy-Tank-5.jpg 800w, https:\/\/mouldking.store\/wp-content\/uploads\/2022\/11\/Military-Quan-Guan-100241-TOG-II-British-Super-Heavy-Tank-5-300x300.jpg 300w, https:\/\/mouldking.store\/wp-content\/uploads\/2022\/11\/Military-Quan-Guan-100241-TOG-II-British-Super-Heavy-Tank-5-768x768.jpg 768w, https:\/\/mouldking.store\/wp-content\/uploads\/2022\/11\/Military-Quan-Guan-100241-TOG-II-British-Super-Heavy-Tank-5-600x600.jpg 600w, https:\/\/mouldking.store\/wp-content\/uploads\/2022\/11\/Military-Quan-Guan-100241-TOG-II-British-Super-Heavy-Tank-5-150x150.jpg 150w, https:\/\/mouldking.store\/wp-content\/uploads\/2022\/11\/Military-Quan-Guan-100241-TOG-II-British-Super-Heavy-Tank-5-60x60.jpg 60w, https:\/\/mouldking.store\/wp-content\/uploads\/2022\/11\/Military-Quan-Guan-100241-TOG-II-British-Super-Heavy-Tank-5-90x90.jpg 90w\" sizes=\"(max-width: 800px) 100vw, 800px\" \/><figcaption id=\"caption-attachment-33383\" class=\"wp-caption-text\">Quan Guan 100241 TOG II britisk supertung tank med 2288 deler<\/figcaption><\/figure>\n<figure id=\"attachment_33384\" aria-describedby=\"caption-attachment-33384\" style=\"width: 800px\" class=\"wp-caption aligncenter\"><img loading=\"lazy\" decoding=\"async\" class=\"wp-image-33384 size-full\" src=\"https:\/\/mouldking.store\/wp-content\/uploads\/2022\/11\/Military-Quan-Guan-100241-TOG-II-British-Super-Heavy-Tank-6.jpg\" alt=\"Quan Guan 100241 TOG II British Super Heavy Tank With 2288 Pieces\" width=\"800\" height=\"800\" title=\"-\" srcset=\"https:\/\/mouldking.store\/wp-content\/uploads\/2022\/11\/Military-Quan-Guan-100241-TOG-II-British-Super-Heavy-Tank-6.jpg 800w, https:\/\/mouldking.store\/wp-content\/uploads\/2022\/11\/Military-Quan-Guan-100241-TOG-II-British-Super-Heavy-Tank-6-300x300.jpg 300w, https:\/\/mouldking.store\/wp-content\/uploads\/2022\/11\/Military-Quan-Guan-100241-TOG-II-British-Super-Heavy-Tank-6-768x768.jpg 768w, https:\/\/mouldking.store\/wp-content\/uploads\/2022\/11\/Military-Quan-Guan-100241-TOG-II-British-Super-Heavy-Tank-6-600x600.jpg 600w, https:\/\/mouldking.store\/wp-content\/uploads\/2022\/11\/Military-Quan-Guan-100241-TOG-II-British-Super-Heavy-Tank-6-150x150.jpg 150w, https:\/\/mouldking.store\/wp-content\/uploads\/2022\/11\/Military-Quan-Guan-100241-TOG-II-British-Super-Heavy-Tank-6-60x60.jpg 60w, https:\/\/mouldking.store\/wp-content\/uploads\/2022\/11\/Military-Quan-Guan-100241-TOG-II-British-Super-Heavy-Tank-6-90x90.jpg 90w\" sizes=\"(max-width: 800px) 100vw, 800px\" \/><figcaption id=\"caption-attachment-33384\" class=\"wp-caption-text\">Quan Guan 100241 TOG II britisk supertung tank med 2288 deler<\/figcaption><\/figure>\n<figure id=\"attachment_33385\" aria-describedby=\"caption-attachment-33385\" style=\"width: 800px\" class=\"wp-caption aligncenter\"><img loading=\"lazy\" decoding=\"async\" class=\"wp-image-33385 size-full\" src=\"https:\/\/mouldking.store\/wp-content\/uploads\/2022\/11\/Military-Quan-Guan-100241-TOG-II-British-Super-Heavy-Tank-7.jpg\" alt=\"Quan Guan 100241 TOG II British Super Heavy Tank With 2288 Pieces\" width=\"800\" height=\"800\" title=\"-\" srcset=\"https:\/\/mouldking.store\/wp-content\/uploads\/2022\/11\/Military-Quan-Guan-100241-TOG-II-British-Super-Heavy-Tank-7.jpg 800w, https:\/\/mouldking.store\/wp-content\/uploads\/2022\/11\/Military-Quan-Guan-100241-TOG-II-British-Super-Heavy-Tank-7-300x300.jpg 300w, https:\/\/mouldking.store\/wp-content\/uploads\/2022\/11\/Military-Quan-Guan-100241-TOG-II-British-Super-Heavy-Tank-7-768x768.jpg 768w, https:\/\/mouldking.store\/wp-content\/uploads\/2022\/11\/Military-Quan-Guan-100241-TOG-II-British-Super-Heavy-Tank-7-600x600.jpg 600w, https:\/\/mouldking.store\/wp-content\/uploads\/2022\/11\/Military-Quan-Guan-100241-TOG-II-British-Super-Heavy-Tank-7-150x150.jpg 150w, https:\/\/mouldking.store\/wp-content\/uploads\/2022\/11\/Military-Quan-Guan-100241-TOG-II-British-Super-Heavy-Tank-7-60x60.jpg 60w, https:\/\/mouldking.store\/wp-content\/uploads\/2022\/11\/Military-Quan-Guan-100241-TOG-II-British-Super-Heavy-Tank-7-90x90.jpg 90w\" sizes=\"(max-width: 800px) 100vw, 800px\" \/><figcaption id=\"caption-attachment-33385\" class=\"wp-caption-text\">Quan Guan 100241 TOG II britisk supertung tank med 2288 deler<\/figcaption><\/figure>","protected":false},"excerpt":{"rendered":"<p>Product information: Brand: Quan Guan Gender: Unisex Name: TOG II British Super Heavy Tank Age Range: &gt; 6 years old Model Number: 100241 Classification: Assemblage Plastic Block Shape: Self-Locking Bricks Material: Plastic Plastic Type: ABS Bricks Blocks: 2288 PCS Dimensions: 42 \u00d7 11.7 \u00d7 18 cm Contains detailed assembly instructions. Notice: 1. Without an original [&hellip;]<\/p>","protected":false},"featured_media":33378,"comment_status":"closed","ping_status":"closed","template":"","meta":{"_acf_changed":false},"product_cat":[1350],"product_tag":[6191,6193,5465,6195,6190,6192,485,6194],"class_list":["product","first","instock","shipping-taxable","purchasable","product-type-simple"],"acf":[],"_links":{"self":[{"href":"https:\/\/mouldking.store\/nb\/wp-json\/wp\/v2\/product\/33377","targetHints":{"allow":["GET"]}}],"collection":[{"href":"https:\/\/mouldking.store\/nb\/wp-json\/wp\/v2\/product"}],"about":[{"href":"https:\/\/mouldking.store\/nb\/wp-json\/wp\/v2\/types\/product"}],"replies":[{"embeddable":true,"href":"https:\/\/mouldking.store\/nb\/wp-json\/wp\/v2\/comments?post=33377"}],"wp:featuredmedia":[{"embeddable":true,"href":"https:\/\/mouldking.store\/nb\/wp-json\/wp\/v2\/media\/33378"}],"wp:attachment":[{"href":"https:\/\/mouldking.store\/nb\/wp-json\/wp\/v2\/media?parent=33377"}],"wp:term":[{"taxonomy":"product_cat","embeddable":true,"href":"https:\/\/mouldking.store\/nb\/wp-json\/wp\/v2\/product_cat?post=33377"},{"taxonomy":"product_tag","embeddable":true,"href":"https:\/\/mouldking.store\/nb\/wp-json\/wp\/v2\/product_tag?post=33377"}],"curies":[{"name":"wp","href":"https:\/\/api.w.org\/{rel}","templated":true}]}}