{"id":33408,"date":"2022-11-02T10:26:24","date_gmt":"2022-11-02T03:26:24","guid":{"rendered":"https:\/\/mouldking.store\/?post_type=product&#038;p=33408"},"modified":"2022-11-02T10:26:24","modified_gmt":"2022-11-02T03:26:24","slug":"mould-king-20002-rc-bridge-tank-with-2388-pieces","status":"publish","type":"product","link":"https:\/\/mouldking.store\/nb\/shop\/mould-king-20002-rc-bridge-tank-with-2388-pieces\/","title":{"rendered":"Mold King 20002 RC Bridge Tank Med 2388 stk"},"content":{"rendered":"<p>Produktinformasjon:<\/p>\n<ol>\n<li>Merke: Mold King<\/li>\n<li>Kj\u00f8nn: Unisex<\/li>\n<li>Name: RC Bridge Tank<\/li>\n<li>Aldersgruppe: &gt; 6 \u00e5r gammel<\/li>\n<li>Model Number: 20002<\/li>\n<li>Klassifisering: Montering<\/li>\n<li>Plastblokkform: Selvl\u00e5sende murstein<\/li>\n<li>Materiale: Plast<\/li>\n<li>Plasttype: ABS<\/li>\n<li>Bricks Blocks: 2388 \u00a0PCS<\/li>\n<li>Dimensions: 64 \u00d7 22.2 \u00d7 24 cm<\/li>\n<li>Inneholder detaljerte monteringsanvisninger.<\/li>\n<\/ol>\n<p>Legge merke til:<br \/>\n1. Uten original eske, men vi garanterer at v\u00e5re produkter har kvalitetssikring og pen emballasje.<br \/>\n2. Som alle delene vi har sjekket f\u00f8r frakt, s\u00e5 hvis du finner noen deler savnet eller skadet, ikke bekymre deg og bare kontakt oss, s\u00e5 kan vi sende dem til deg p\u00e5 nytt umiddelbart gratis.<\/p>\n<figure id=\"attachment_33409\" aria-describedby=\"caption-attachment-33409\" style=\"width: 800px\" class=\"wp-caption aligncenter\"><img fetchpriority=\"high\" decoding=\"async\" class=\"wp-image-33409 size-full\" src=\"https:\/\/mouldking.store\/wp-content\/uploads\/2022\/11\/Military-Mould-King-20002-RC-Bridge-Tank-1.jpg\" alt=\" Mould King 20002 RC Bridge Tank With 2388 Pieces\" width=\"800\" height=\"800\" title=\"-\" srcset=\"https:\/\/mouldking.store\/wp-content\/uploads\/2022\/11\/Military-Mould-King-20002-RC-Bridge-Tank-1.jpg 800w, https:\/\/mouldking.store\/wp-content\/uploads\/2022\/11\/Military-Mould-King-20002-RC-Bridge-Tank-1-300x300.jpg 300w, https:\/\/mouldking.store\/wp-content\/uploads\/2022\/11\/Military-Mould-King-20002-RC-Bridge-Tank-1-768x768.jpg 768w, https:\/\/mouldking.store\/wp-content\/uploads\/2022\/11\/Military-Mould-King-20002-RC-Bridge-Tank-1-600x600.jpg 600w, https:\/\/mouldking.store\/wp-content\/uploads\/2022\/11\/Military-Mould-King-20002-RC-Bridge-Tank-1-150x150.jpg 150w, https:\/\/mouldking.store\/wp-content\/uploads\/2022\/11\/Military-Mould-King-20002-RC-Bridge-Tank-1-60x60.jpg 60w, https:\/\/mouldking.store\/wp-content\/uploads\/2022\/11\/Military-Mould-King-20002-RC-Bridge-Tank-1-90x90.jpg 90w\" sizes=\"(max-width: 800px) 100vw, 800px\" \/><figcaption id=\"caption-attachment-33409\" class=\"wp-caption-text\">Mold King 20002 RC Bridge Tank Med 2388 stk<\/figcaption><\/figure>\n<figure id=\"attachment_33410\" aria-describedby=\"caption-attachment-33410\" style=\"width: 800px\" class=\"wp-caption aligncenter\"><img decoding=\"async\" class=\"wp-image-33410 size-full\" src=\"https:\/\/mouldking.store\/wp-content\/uploads\/2022\/11\/Military-Mould-King-20002-RC-Bridge-Tank-16.jpg\" alt=\" Mould King 20002 RC Bridge Tank With 2388 Pieces\" width=\"800\" height=\"800\" title=\"-\" srcset=\"https:\/\/mouldking.store\/wp-content\/uploads\/2022\/11\/Military-Mould-King-20002-RC-Bridge-Tank-16.jpg 800w, https:\/\/mouldking.store\/wp-content\/uploads\/2022\/11\/Military-Mould-King-20002-RC-Bridge-Tank-16-300x300.jpg 300w, https:\/\/mouldking.store\/wp-content\/uploads\/2022\/11\/Military-Mould-King-20002-RC-Bridge-Tank-16-768x768.jpg 768w, https:\/\/mouldking.store\/wp-content\/uploads\/2022\/11\/Military-Mould-King-20002-RC-Bridge-Tank-16-600x600.jpg 600w, https:\/\/mouldking.store\/wp-content\/uploads\/2022\/11\/Military-Mould-King-20002-RC-Bridge-Tank-16-150x150.jpg 150w, https:\/\/mouldking.store\/wp-content\/uploads\/2022\/11\/Military-Mould-King-20002-RC-Bridge-Tank-16-60x60.jpg 60w, https:\/\/mouldking.store\/wp-content\/uploads\/2022\/11\/Military-Mould-King-20002-RC-Bridge-Tank-16-90x90.jpg 90w\" sizes=\"(max-width: 800px) 100vw, 800px\" \/><figcaption id=\"caption-attachment-33410\" class=\"wp-caption-text\">Mold King 20002 RC Bridge Tank Med 2388 stk<\/figcaption><\/figure>\n<figure id=\"attachment_33411\" aria-describedby=\"caption-attachment-33411\" style=\"width: 800px\" class=\"wp-caption aligncenter\"><img decoding=\"async\" class=\"wp-image-33411 size-full\" src=\"https:\/\/mouldking.store\/wp-content\/uploads\/2022\/11\/Military-Mould-King-20002-RC-Bridge-Tank-15.jpg\" alt=\" Mould King 20002 RC Bridge Tank With 2388 Pieces\" width=\"800\" height=\"800\" title=\"-\" srcset=\"https:\/\/mouldking.store\/wp-content\/uploads\/2022\/11\/Military-Mould-King-20002-RC-Bridge-Tank-15.jpg 800w, https:\/\/mouldking.store\/wp-content\/uploads\/2022\/11\/Military-Mould-King-20002-RC-Bridge-Tank-15-300x300.jpg 300w, https:\/\/mouldking.store\/wp-content\/uploads\/2022\/11\/Military-Mould-King-20002-RC-Bridge-Tank-15-768x768.jpg 768w, https:\/\/mouldking.store\/wp-content\/uploads\/2022\/11\/Military-Mould-King-20002-RC-Bridge-Tank-15-600x600.jpg 600w, https:\/\/mouldking.store\/wp-content\/uploads\/2022\/11\/Military-Mould-King-20002-RC-Bridge-Tank-15-150x150.jpg 150w, https:\/\/mouldking.store\/wp-content\/uploads\/2022\/11\/Military-Mould-King-20002-RC-Bridge-Tank-15-60x60.jpg 60w, https:\/\/mouldking.store\/wp-content\/uploads\/2022\/11\/Military-Mould-King-20002-RC-Bridge-Tank-15-90x90.jpg 90w\" sizes=\"(max-width: 800px) 100vw, 800px\" \/><figcaption id=\"caption-attachment-33411\" class=\"wp-caption-text\">Mold King 20002 RC Bridge Tank Med 2388 stk<\/figcaption><\/figure>\n<figure id=\"attachment_33412\" aria-describedby=\"caption-attachment-33412\" style=\"width: 790px\" class=\"wp-caption aligncenter\"><img loading=\"lazy\" decoding=\"async\" class=\"wp-image-33412 size-full\" src=\"https:\/\/mouldking.store\/wp-content\/uploads\/2022\/11\/Military-Mould-King-20002-RC-Bridge-Tank-4.jpg\" alt=\" Mould King 20002 RC Bridge Tank With 2388 Pieces\" width=\"790\" height=\"753\" title=\"-\" srcset=\"https:\/\/mouldking.store\/wp-content\/uploads\/2022\/11\/Military-Mould-King-20002-RC-Bridge-Tank-4.jpg 790w, https:\/\/mouldking.store\/wp-content\/uploads\/2022\/11\/Military-Mould-King-20002-RC-Bridge-Tank-4-300x286.jpg 300w, https:\/\/mouldking.store\/wp-content\/uploads\/2022\/11\/Military-Mould-King-20002-RC-Bridge-Tank-4-768x732.jpg 768w, https:\/\/mouldking.store\/wp-content\/uploads\/2022\/11\/Military-Mould-King-20002-RC-Bridge-Tank-4-600x572.jpg 600w, https:\/\/mouldking.store\/wp-content\/uploads\/2022\/11\/Military-Mould-King-20002-RC-Bridge-Tank-4-150x143.jpg 150w, https:\/\/mouldking.store\/wp-content\/uploads\/2022\/11\/Military-Mould-King-20002-RC-Bridge-Tank-4-63x60.jpg 63w, https:\/\/mouldking.store\/wp-content\/uploads\/2022\/11\/Military-Mould-King-20002-RC-Bridge-Tank-4-94x90.jpg 94w\" sizes=\"(max-width: 790px) 100vw, 790px\" \/><figcaption id=\"caption-attachment-33412\" class=\"wp-caption-text\">Mold King 20002 RC Bridge Tank Med 2388 stk<\/figcaption><\/figure>\n<figure id=\"attachment_33413\" aria-describedby=\"caption-attachment-33413\" style=\"width: 800px\" class=\"wp-caption aligncenter\"><img loading=\"lazy\" decoding=\"async\" class=\"wp-image-33413 size-full\" src=\"https:\/\/mouldking.store\/wp-content\/uploads\/2022\/11\/Military-Mould-King-20002-RC-Bridge-Tank-13.jpg\" alt=\" Mould King 20002 RC Bridge Tank With 2388 Pieces\" width=\"800\" height=\"800\" title=\"-\" srcset=\"https:\/\/mouldking.store\/wp-content\/uploads\/2022\/11\/Military-Mould-King-20002-RC-Bridge-Tank-13.jpg 800w, https:\/\/mouldking.store\/wp-content\/uploads\/2022\/11\/Military-Mould-King-20002-RC-Bridge-Tank-13-300x300.jpg 300w, https:\/\/mouldking.store\/wp-content\/uploads\/2022\/11\/Military-Mould-King-20002-RC-Bridge-Tank-13-768x768.jpg 768w, https:\/\/mouldking.store\/wp-content\/uploads\/2022\/11\/Military-Mould-King-20002-RC-Bridge-Tank-13-600x600.jpg 600w, https:\/\/mouldking.store\/wp-content\/uploads\/2022\/11\/Military-Mould-King-20002-RC-Bridge-Tank-13-150x150.jpg 150w, https:\/\/mouldking.store\/wp-content\/uploads\/2022\/11\/Military-Mould-King-20002-RC-Bridge-Tank-13-60x60.jpg 60w, https:\/\/mouldking.store\/wp-content\/uploads\/2022\/11\/Military-Mould-King-20002-RC-Bridge-Tank-13-90x90.jpg 90w\" sizes=\"(max-width: 800px) 100vw, 800px\" \/><figcaption id=\"caption-attachment-33413\" class=\"wp-caption-text\">Mold King 20002 RC Bridge Tank Med 2388 stk<\/figcaption><\/figure>\n<figure id=\"attachment_33414\" aria-describedby=\"caption-attachment-33414\" style=\"width: 790px\" class=\"wp-caption aligncenter\"><img loading=\"lazy\" decoding=\"async\" class=\"wp-image-33414 size-full\" src=\"https:\/\/mouldking.store\/wp-content\/uploads\/2022\/11\/Military-Mould-King-20002-RC-Bridge-Tank-5.jpg\" alt=\" Mould King 20002 RC Bridge Tank With 2388 Pieces\" width=\"790\" height=\"736\" title=\"-\" srcset=\"https:\/\/mouldking.store\/wp-content\/uploads\/2022\/11\/Military-Mould-King-20002-RC-Bridge-Tank-5.jpg 790w, https:\/\/mouldking.store\/wp-content\/uploads\/2022\/11\/Military-Mould-King-20002-RC-Bridge-Tank-5-300x279.jpg 300w, https:\/\/mouldking.store\/wp-content\/uploads\/2022\/11\/Military-Mould-King-20002-RC-Bridge-Tank-5-768x716.jpg 768w, https:\/\/mouldking.store\/wp-content\/uploads\/2022\/11\/Military-Mould-King-20002-RC-Bridge-Tank-5-600x559.jpg 600w, https:\/\/mouldking.store\/wp-content\/uploads\/2022\/11\/Military-Mould-King-20002-RC-Bridge-Tank-5-150x140.jpg 150w, https:\/\/mouldking.store\/wp-content\/uploads\/2022\/11\/Military-Mould-King-20002-RC-Bridge-Tank-5-64x60.jpg 64w, https:\/\/mouldking.store\/wp-content\/uploads\/2022\/11\/Military-Mould-King-20002-RC-Bridge-Tank-5-97x90.jpg 97w\" sizes=\"(max-width: 790px) 100vw, 790px\" \/><figcaption id=\"caption-attachment-33414\" class=\"wp-caption-text\">Mold King 20002 RC Bridge Tank Med 2388 stk<\/figcaption><\/figure>\n<figure id=\"attachment_33415\" aria-describedby=\"caption-attachment-33415\" style=\"width: 800px\" class=\"wp-caption aligncenter\"><img loading=\"lazy\" decoding=\"async\" class=\"wp-image-33415 size-full\" src=\"https:\/\/mouldking.store\/wp-content\/uploads\/2022\/11\/Military-Mould-King-20002-RC-Bridge-Tank-14.jpg\" alt=\" Mould King 20002 RC Bridge Tank With 2388 Pieces\" width=\"800\" height=\"800\" title=\"-\" srcset=\"https:\/\/mouldking.store\/wp-content\/uploads\/2022\/11\/Military-Mould-King-20002-RC-Bridge-Tank-14.jpg 800w, https:\/\/mouldking.store\/wp-content\/uploads\/2022\/11\/Military-Mould-King-20002-RC-Bridge-Tank-14-300x300.jpg 300w, https:\/\/mouldking.store\/wp-content\/uploads\/2022\/11\/Military-Mould-King-20002-RC-Bridge-Tank-14-768x768.jpg 768w, https:\/\/mouldking.store\/wp-content\/uploads\/2022\/11\/Military-Mould-King-20002-RC-Bridge-Tank-14-600x600.jpg 600w, https:\/\/mouldking.store\/wp-content\/uploads\/2022\/11\/Military-Mould-King-20002-RC-Bridge-Tank-14-150x150.jpg 150w, https:\/\/mouldking.store\/wp-content\/uploads\/2022\/11\/Military-Mould-King-20002-RC-Bridge-Tank-14-60x60.jpg 60w, https:\/\/mouldking.store\/wp-content\/uploads\/2022\/11\/Military-Mould-King-20002-RC-Bridge-Tank-14-90x90.jpg 90w\" sizes=\"(max-width: 800px) 100vw, 800px\" \/><figcaption id=\"caption-attachment-33415\" class=\"wp-caption-text\">Mold King 20002 RC Bridge Tank Med 2388 stk<\/figcaption><\/figure>\n<figure id=\"attachment_33416\" aria-describedby=\"caption-attachment-33416\" style=\"width: 800px\" class=\"wp-caption aligncenter\"><img loading=\"lazy\" decoding=\"async\" class=\"wp-image-33416 size-full\" src=\"https:\/\/mouldking.store\/wp-content\/uploads\/2022\/11\/Military-Mould-King-20002-RC-Bridge-Tank-12.jpg\" alt=\" Mould King 20002 RC Bridge Tank With 2388 Pieces\" width=\"800\" height=\"800\" title=\"-\" srcset=\"https:\/\/mouldking.store\/wp-content\/uploads\/2022\/11\/Military-Mould-King-20002-RC-Bridge-Tank-12.jpg 800w, https:\/\/mouldking.store\/wp-content\/uploads\/2022\/11\/Military-Mould-King-20002-RC-Bridge-Tank-12-300x300.jpg 300w, https:\/\/mouldking.store\/wp-content\/uploads\/2022\/11\/Military-Mould-King-20002-RC-Bridge-Tank-12-768x768.jpg 768w, https:\/\/mouldking.store\/wp-content\/uploads\/2022\/11\/Military-Mould-King-20002-RC-Bridge-Tank-12-600x600.jpg 600w, https:\/\/mouldking.store\/wp-content\/uploads\/2022\/11\/Military-Mould-King-20002-RC-Bridge-Tank-12-150x150.jpg 150w, https:\/\/mouldking.store\/wp-content\/uploads\/2022\/11\/Military-Mould-King-20002-RC-Bridge-Tank-12-60x60.jpg 60w, https:\/\/mouldking.store\/wp-content\/uploads\/2022\/11\/Military-Mould-King-20002-RC-Bridge-Tank-12-90x90.jpg 90w\" sizes=\"(max-width: 800px) 100vw, 800px\" \/><figcaption id=\"caption-attachment-33416\" class=\"wp-caption-text\">Mold King 20002 RC Bridge Tank Med 2388 stk<\/figcaption><\/figure>","protected":false},"excerpt":{"rendered":"<p>Product information: Brand: Mould King Gender: Unisex Name: RC Bridge Tank Age Range: &gt; 6 years old Model Number: 20002 Classification: Assemblage Plastic Block Shape: Self-Locking Bricks Material: Plastic Plastic Type: ABS Bricks Blocks: 2388 \u00a0PCS Dimensions: 64 \u00d7 22.2 \u00d7 24 cm Contains detailed assembly instructions. Notice: 1. Without an original box, but we [&hellip;]<\/p>","protected":false},"featured_media":33409,"comment_status":"closed","ping_status":"closed","template":"","meta":{"_acf_changed":false},"product_cat":[1350],"product_tag":[6213,615,6214,6212,6215,485],"class_list":["product","first","instock","shipping-taxable","purchasable","product-type-simple"],"acf":[],"_links":{"self":[{"href":"https:\/\/mouldking.store\/nb\/wp-json\/wp\/v2\/product\/33408","targetHints":{"allow":["GET"]}}],"collection":[{"href":"https:\/\/mouldking.store\/nb\/wp-json\/wp\/v2\/product"}],"about":[{"href":"https:\/\/mouldking.store\/nb\/wp-json\/wp\/v2\/types\/product"}],"replies":[{"embeddable":true,"href":"https:\/\/mouldking.store\/nb\/wp-json\/wp\/v2\/comments?post=33408"}],"wp:featuredmedia":[{"embeddable":true,"href":"https:\/\/mouldking.store\/nb\/wp-json\/wp\/v2\/media\/33409"}],"wp:attachment":[{"href":"https:\/\/mouldking.store\/nb\/wp-json\/wp\/v2\/media?parent=33408"}],"wp:term":[{"taxonomy":"product_cat","embeddable":true,"href":"https:\/\/mouldking.store\/nb\/wp-json\/wp\/v2\/product_cat?post=33408"},{"taxonomy":"product_tag","embeddable":true,"href":"https:\/\/mouldking.store\/nb\/wp-json\/wp\/v2\/product_tag?post=33408"}],"curies":[{"name":"wp","href":"https:\/\/api.w.org\/{rel}","templated":true}]}}