{"id":33417,"date":"2022-11-02T10:33:41","date_gmt":"2022-11-02T03:33:41","guid":{"rendered":"https:\/\/mouldking.store\/?post_type=product&#038;p=33417"},"modified":"2022-11-02T10:33:41","modified_gmt":"2022-11-02T03:33:41","slug":"yourbricks-20003-jazz-with-667-pieces","status":"publish","type":"product","link":"https:\/\/mouldking.store\/nb\/shop\/yourbricks-20003-jazz-with-667-pieces\/","title":{"rendered":"YOURBRICKS 20003 Jazz med 667 stykker"},"content":{"rendered":"<p>Produktinformasjon:<\/p>\n<ol>\n<li>Brand: YOURBRICKS<\/li>\n<li>Kj\u00f8nn: Unisex<\/li>\n<li>Name: Jazz<\/li>\n<li>Aldersgruppe: &gt; 6 \u00e5r gammel<\/li>\n<li>Model Number: 20003<\/li>\n<li>Klassifisering: Montering<\/li>\n<li>Plastblokkform: Selvl\u00e5sende murstein<\/li>\n<li>Materiale: Plast<\/li>\n<li>Plasttype: ABS<\/li>\n<li>Bricks Blocks: 667 PCS<\/li>\n<li>Inneholder detaljerte monteringsanvisninger.<\/li>\n<\/ol>\n<p>Legge merke til:<br \/>\n1. Uten original eske, men vi garanterer at v\u00e5re produkter har kvalitetssikring og pen emballasje.<br \/>\n2. Som alle delene vi har sjekket f\u00f8r frakt, s\u00e5 hvis du finner noen deler savnet eller skadet, ikke bekymre deg og bare kontakt oss, s\u00e5 kan vi sende dem til deg p\u00e5 nytt umiddelbart gratis.<\/p>\n<figure id=\"attachment_33418\" aria-describedby=\"caption-attachment-33418\" style=\"width: 800px\" class=\"wp-caption aligncenter\"><img fetchpriority=\"high\" decoding=\"async\" class=\"wp-image-33418 size-full\" src=\"https:\/\/mouldking.store\/wp-content\/uploads\/2022\/11\/Creator-YOURBRICKS-20003-Jazz-1.jpg\" alt=\"YOURBRICKS 20003 Jazz With 667 Pieces\" width=\"800\" height=\"800\" title=\"-\" srcset=\"https:\/\/mouldking.store\/wp-content\/uploads\/2022\/11\/Creator-YOURBRICKS-20003-Jazz-1.jpg 800w, https:\/\/mouldking.store\/wp-content\/uploads\/2022\/11\/Creator-YOURBRICKS-20003-Jazz-1-300x300.jpg 300w, https:\/\/mouldking.store\/wp-content\/uploads\/2022\/11\/Creator-YOURBRICKS-20003-Jazz-1-768x768.jpg 768w, https:\/\/mouldking.store\/wp-content\/uploads\/2022\/11\/Creator-YOURBRICKS-20003-Jazz-1-600x600.jpg 600w, https:\/\/mouldking.store\/wp-content\/uploads\/2022\/11\/Creator-YOURBRICKS-20003-Jazz-1-150x150.jpg 150w, https:\/\/mouldking.store\/wp-content\/uploads\/2022\/11\/Creator-YOURBRICKS-20003-Jazz-1-60x60.jpg 60w, https:\/\/mouldking.store\/wp-content\/uploads\/2022\/11\/Creator-YOURBRICKS-20003-Jazz-1-90x90.jpg 90w\" sizes=\"(max-width: 800px) 100vw, 800px\" \/><figcaption id=\"caption-attachment-33418\" class=\"wp-caption-text\">YOURBRICKS 20003 Jazz med 667 stykker<\/figcaption><\/figure>\n<figure id=\"attachment_33419\" aria-describedby=\"caption-attachment-33419\" style=\"width: 800px\" class=\"wp-caption aligncenter\"><img decoding=\"async\" class=\"wp-image-33419 size-full\" src=\"https:\/\/mouldking.store\/wp-content\/uploads\/2022\/11\/Creator-YOURBRICKS-20003-Jazz-12.jpg\" alt=\"YOURBRICKS 20003 Jazz With 667 Pieces\" width=\"800\" height=\"800\" title=\"-\" srcset=\"https:\/\/mouldking.store\/wp-content\/uploads\/2022\/11\/Creator-YOURBRICKS-20003-Jazz-12.jpg 800w, https:\/\/mouldking.store\/wp-content\/uploads\/2022\/11\/Creator-YOURBRICKS-20003-Jazz-12-300x300.jpg 300w, https:\/\/mouldking.store\/wp-content\/uploads\/2022\/11\/Creator-YOURBRICKS-20003-Jazz-12-768x768.jpg 768w, https:\/\/mouldking.store\/wp-content\/uploads\/2022\/11\/Creator-YOURBRICKS-20003-Jazz-12-600x600.jpg 600w, https:\/\/mouldking.store\/wp-content\/uploads\/2022\/11\/Creator-YOURBRICKS-20003-Jazz-12-150x150.jpg 150w, https:\/\/mouldking.store\/wp-content\/uploads\/2022\/11\/Creator-YOURBRICKS-20003-Jazz-12-60x60.jpg 60w, https:\/\/mouldking.store\/wp-content\/uploads\/2022\/11\/Creator-YOURBRICKS-20003-Jazz-12-90x90.jpg 90w\" sizes=\"(max-width: 800px) 100vw, 800px\" \/><figcaption id=\"caption-attachment-33419\" class=\"wp-caption-text\">YOURBRICKS 20003 Jazz med 667 stykker<\/figcaption><\/figure>\n<figure id=\"attachment_33420\" aria-describedby=\"caption-attachment-33420\" style=\"width: 800px\" class=\"wp-caption aligncenter\"><img decoding=\"async\" class=\"wp-image-33420 size-full\" src=\"https:\/\/mouldking.store\/wp-content\/uploads\/2022\/11\/Creator-YOURBRICKS-20003-Jazz-11.jpg\" alt=\"YOURBRICKS 20003 Jazz With 667 Pieces\" width=\"800\" height=\"800\" title=\"-\" srcset=\"https:\/\/mouldking.store\/wp-content\/uploads\/2022\/11\/Creator-YOURBRICKS-20003-Jazz-11.jpg 800w, https:\/\/mouldking.store\/wp-content\/uploads\/2022\/11\/Creator-YOURBRICKS-20003-Jazz-11-300x300.jpg 300w, https:\/\/mouldking.store\/wp-content\/uploads\/2022\/11\/Creator-YOURBRICKS-20003-Jazz-11-768x768.jpg 768w, https:\/\/mouldking.store\/wp-content\/uploads\/2022\/11\/Creator-YOURBRICKS-20003-Jazz-11-600x600.jpg 600w, https:\/\/mouldking.store\/wp-content\/uploads\/2022\/11\/Creator-YOURBRICKS-20003-Jazz-11-150x150.jpg 150w, https:\/\/mouldking.store\/wp-content\/uploads\/2022\/11\/Creator-YOURBRICKS-20003-Jazz-11-60x60.jpg 60w, https:\/\/mouldking.store\/wp-content\/uploads\/2022\/11\/Creator-YOURBRICKS-20003-Jazz-11-90x90.jpg 90w\" sizes=\"(max-width: 800px) 100vw, 800px\" \/><figcaption id=\"caption-attachment-33420\" class=\"wp-caption-text\">YOURBRICKS 20003 Jazz med 667 stykker<\/figcaption><\/figure>\n<figure id=\"attachment_33421\" aria-describedby=\"caption-attachment-33421\" style=\"width: 800px\" class=\"wp-caption aligncenter\"><img loading=\"lazy\" decoding=\"async\" class=\"wp-image-33421 size-full\" src=\"https:\/\/mouldking.store\/wp-content\/uploads\/2022\/11\/Creator-YOURBRICKS-20003-Jazz-10.jpg\" alt=\"YOURBRICKS 20003 Jazz With 667 Pieces\" width=\"800\" height=\"800\" title=\"-\" srcset=\"https:\/\/mouldking.store\/wp-content\/uploads\/2022\/11\/Creator-YOURBRICKS-20003-Jazz-10.jpg 800w, https:\/\/mouldking.store\/wp-content\/uploads\/2022\/11\/Creator-YOURBRICKS-20003-Jazz-10-300x300.jpg 300w, https:\/\/mouldking.store\/wp-content\/uploads\/2022\/11\/Creator-YOURBRICKS-20003-Jazz-10-768x768.jpg 768w, https:\/\/mouldking.store\/wp-content\/uploads\/2022\/11\/Creator-YOURBRICKS-20003-Jazz-10-600x600.jpg 600w, https:\/\/mouldking.store\/wp-content\/uploads\/2022\/11\/Creator-YOURBRICKS-20003-Jazz-10-150x150.jpg 150w, https:\/\/mouldking.store\/wp-content\/uploads\/2022\/11\/Creator-YOURBRICKS-20003-Jazz-10-60x60.jpg 60w, https:\/\/mouldking.store\/wp-content\/uploads\/2022\/11\/Creator-YOURBRICKS-20003-Jazz-10-90x90.jpg 90w\" sizes=\"(max-width: 800px) 100vw, 800px\" \/><figcaption id=\"caption-attachment-33421\" class=\"wp-caption-text\">YOURBRICKS 20003 Jazz med 667 stykker<\/figcaption><\/figure>\n<figure id=\"attachment_33422\" aria-describedby=\"caption-attachment-33422\" style=\"width: 800px\" class=\"wp-caption aligncenter\"><img loading=\"lazy\" decoding=\"async\" class=\"wp-image-33422 size-full\" src=\"https:\/\/mouldking.store\/wp-content\/uploads\/2022\/11\/Creator-YOURBRICKS-20003-Jazz-9.jpg\" alt=\"YOURBRICKS 20003 Jazz With 667 Pieces\" width=\"800\" height=\"800\" title=\"-\" srcset=\"https:\/\/mouldking.store\/wp-content\/uploads\/2022\/11\/Creator-YOURBRICKS-20003-Jazz-9.jpg 800w, https:\/\/mouldking.store\/wp-content\/uploads\/2022\/11\/Creator-YOURBRICKS-20003-Jazz-9-300x300.jpg 300w, https:\/\/mouldking.store\/wp-content\/uploads\/2022\/11\/Creator-YOURBRICKS-20003-Jazz-9-768x768.jpg 768w, https:\/\/mouldking.store\/wp-content\/uploads\/2022\/11\/Creator-YOURBRICKS-20003-Jazz-9-600x600.jpg 600w, https:\/\/mouldking.store\/wp-content\/uploads\/2022\/11\/Creator-YOURBRICKS-20003-Jazz-9-150x150.jpg 150w, https:\/\/mouldking.store\/wp-content\/uploads\/2022\/11\/Creator-YOURBRICKS-20003-Jazz-9-60x60.jpg 60w, https:\/\/mouldking.store\/wp-content\/uploads\/2022\/11\/Creator-YOURBRICKS-20003-Jazz-9-90x90.jpg 90w\" sizes=\"(max-width: 800px) 100vw, 800px\" \/><figcaption id=\"caption-attachment-33422\" class=\"wp-caption-text\">YOURBRICKS 20003 Jazz med 667 stykker<\/figcaption><\/figure>\n<figure id=\"attachment_33423\" aria-describedby=\"caption-attachment-33423\" style=\"width: 800px\" class=\"wp-caption aligncenter\"><img loading=\"lazy\" decoding=\"async\" class=\"wp-image-33423 size-full\" src=\"https:\/\/mouldking.store\/wp-content\/uploads\/2022\/11\/Creator-YOURBRICKS-20003-Jazz-8.jpg\" alt=\"YOURBRICKS 20003 Jazz With 667 Pieces\" width=\"800\" height=\"800\" title=\"-\" srcset=\"https:\/\/mouldking.store\/wp-content\/uploads\/2022\/11\/Creator-YOURBRICKS-20003-Jazz-8.jpg 800w, https:\/\/mouldking.store\/wp-content\/uploads\/2022\/11\/Creator-YOURBRICKS-20003-Jazz-8-300x300.jpg 300w, https:\/\/mouldking.store\/wp-content\/uploads\/2022\/11\/Creator-YOURBRICKS-20003-Jazz-8-768x768.jpg 768w, https:\/\/mouldking.store\/wp-content\/uploads\/2022\/11\/Creator-YOURBRICKS-20003-Jazz-8-600x600.jpg 600w, https:\/\/mouldking.store\/wp-content\/uploads\/2022\/11\/Creator-YOURBRICKS-20003-Jazz-8-150x150.jpg 150w, https:\/\/mouldking.store\/wp-content\/uploads\/2022\/11\/Creator-YOURBRICKS-20003-Jazz-8-60x60.jpg 60w, https:\/\/mouldking.store\/wp-content\/uploads\/2022\/11\/Creator-YOURBRICKS-20003-Jazz-8-90x90.jpg 90w\" sizes=\"(max-width: 800px) 100vw, 800px\" \/><figcaption id=\"caption-attachment-33423\" class=\"wp-caption-text\">YOURBRICKS 20003 Jazz med 667 stykker<\/figcaption><\/figure>\n<figure id=\"attachment_33424\" aria-describedby=\"caption-attachment-33424\" style=\"width: 800px\" class=\"wp-caption aligncenter\"><img loading=\"lazy\" decoding=\"async\" class=\"wp-image-33424 size-full\" src=\"https:\/\/mouldking.store\/wp-content\/uploads\/2022\/11\/Creator-YOURBRICKS-20003-Jazz-7.jpg\" alt=\"YOURBRICKS 20003 Jazz With 667 Pieces\" width=\"800\" height=\"800\" title=\"-\" srcset=\"https:\/\/mouldking.store\/wp-content\/uploads\/2022\/11\/Creator-YOURBRICKS-20003-Jazz-7.jpg 800w, https:\/\/mouldking.store\/wp-content\/uploads\/2022\/11\/Creator-YOURBRICKS-20003-Jazz-7-300x300.jpg 300w, https:\/\/mouldking.store\/wp-content\/uploads\/2022\/11\/Creator-YOURBRICKS-20003-Jazz-7-768x768.jpg 768w, https:\/\/mouldking.store\/wp-content\/uploads\/2022\/11\/Creator-YOURBRICKS-20003-Jazz-7-600x600.jpg 600w, https:\/\/mouldking.store\/wp-content\/uploads\/2022\/11\/Creator-YOURBRICKS-20003-Jazz-7-150x150.jpg 150w, https:\/\/mouldking.store\/wp-content\/uploads\/2022\/11\/Creator-YOURBRICKS-20003-Jazz-7-60x60.jpg 60w, https:\/\/mouldking.store\/wp-content\/uploads\/2022\/11\/Creator-YOURBRICKS-20003-Jazz-7-90x90.jpg 90w\" sizes=\"(max-width: 800px) 100vw, 800px\" \/><figcaption id=\"caption-attachment-33424\" class=\"wp-caption-text\">YOURBRICKS 20003 Jazz med 667 stykker<\/figcaption><\/figure>\n<figure id=\"attachment_33425\" aria-describedby=\"caption-attachment-33425\" style=\"width: 800px\" class=\"wp-caption aligncenter\"><img loading=\"lazy\" decoding=\"async\" class=\"wp-image-33425 size-full\" src=\"https:\/\/mouldking.store\/wp-content\/uploads\/2022\/11\/Creator-YOURBRICKS-20003-Jazz-6.jpg\" alt=\"YOURBRICKS 20003 Jazz With 667 Pieces\" width=\"800\" height=\"800\" title=\"-\" srcset=\"https:\/\/mouldking.store\/wp-content\/uploads\/2022\/11\/Creator-YOURBRICKS-20003-Jazz-6.jpg 800w, https:\/\/mouldking.store\/wp-content\/uploads\/2022\/11\/Creator-YOURBRICKS-20003-Jazz-6-300x300.jpg 300w, https:\/\/mouldking.store\/wp-content\/uploads\/2022\/11\/Creator-YOURBRICKS-20003-Jazz-6-768x768.jpg 768w, https:\/\/mouldking.store\/wp-content\/uploads\/2022\/11\/Creator-YOURBRICKS-20003-Jazz-6-600x600.jpg 600w, https:\/\/mouldking.store\/wp-content\/uploads\/2022\/11\/Creator-YOURBRICKS-20003-Jazz-6-150x150.jpg 150w, https:\/\/mouldking.store\/wp-content\/uploads\/2022\/11\/Creator-YOURBRICKS-20003-Jazz-6-60x60.jpg 60w, https:\/\/mouldking.store\/wp-content\/uploads\/2022\/11\/Creator-YOURBRICKS-20003-Jazz-6-90x90.jpg 90w\" sizes=\"(max-width: 800px) 100vw, 800px\" \/><figcaption id=\"caption-attachment-33425\" class=\"wp-caption-text\">YOURBRICKS 20003 Jazz med 667 stykker<\/figcaption><\/figure>\n<figure id=\"attachment_33426\" aria-describedby=\"caption-attachment-33426\" style=\"width: 800px\" class=\"wp-caption aligncenter\"><img loading=\"lazy\" decoding=\"async\" class=\"wp-image-33426 size-full\" src=\"https:\/\/mouldking.store\/wp-content\/uploads\/2022\/11\/Creator-YOURBRICKS-20003-Jazz-5.jpg\" alt=\"YOURBRICKS 20003 Jazz With 667 Pieces\" width=\"800\" height=\"800\" title=\"-\" srcset=\"https:\/\/mouldking.store\/wp-content\/uploads\/2022\/11\/Creator-YOURBRICKS-20003-Jazz-5.jpg 800w, https:\/\/mouldking.store\/wp-content\/uploads\/2022\/11\/Creator-YOURBRICKS-20003-Jazz-5-300x300.jpg 300w, https:\/\/mouldking.store\/wp-content\/uploads\/2022\/11\/Creator-YOURBRICKS-20003-Jazz-5-768x768.jpg 768w, https:\/\/mouldking.store\/wp-content\/uploads\/2022\/11\/Creator-YOURBRICKS-20003-Jazz-5-600x600.jpg 600w, https:\/\/mouldking.store\/wp-content\/uploads\/2022\/11\/Creator-YOURBRICKS-20003-Jazz-5-150x150.jpg 150w, https:\/\/mouldking.store\/wp-content\/uploads\/2022\/11\/Creator-YOURBRICKS-20003-Jazz-5-60x60.jpg 60w, https:\/\/mouldking.store\/wp-content\/uploads\/2022\/11\/Creator-YOURBRICKS-20003-Jazz-5-90x90.jpg 90w\" sizes=\"(max-width: 800px) 100vw, 800px\" \/><figcaption id=\"caption-attachment-33426\" class=\"wp-caption-text\">YOURBRICKS 20003 Jazz med 667 stykker<\/figcaption><\/figure>\n<figure id=\"attachment_33427\" aria-describedby=\"caption-attachment-33427\" style=\"width: 800px\" class=\"wp-caption aligncenter\"><img loading=\"lazy\" decoding=\"async\" class=\"wp-image-33427 size-full\" src=\"https:\/\/mouldking.store\/wp-content\/uploads\/2022\/11\/Creator-YOURBRICKS-20003-Jazz-4.jpg\" alt=\"YOURBRICKS 20003 Jazz With 667 Pieces\" width=\"800\" height=\"800\" title=\"-\" srcset=\"https:\/\/mouldking.store\/wp-content\/uploads\/2022\/11\/Creator-YOURBRICKS-20003-Jazz-4.jpg 800w, https:\/\/mouldking.store\/wp-content\/uploads\/2022\/11\/Creator-YOURBRICKS-20003-Jazz-4-300x300.jpg 300w, https:\/\/mouldking.store\/wp-content\/uploads\/2022\/11\/Creator-YOURBRICKS-20003-Jazz-4-768x768.jpg 768w, https:\/\/mouldking.store\/wp-content\/uploads\/2022\/11\/Creator-YOURBRICKS-20003-Jazz-4-600x600.jpg 600w, https:\/\/mouldking.store\/wp-content\/uploads\/2022\/11\/Creator-YOURBRICKS-20003-Jazz-4-150x150.jpg 150w, https:\/\/mouldking.store\/wp-content\/uploads\/2022\/11\/Creator-YOURBRICKS-20003-Jazz-4-60x60.jpg 60w, https:\/\/mouldking.store\/wp-content\/uploads\/2022\/11\/Creator-YOURBRICKS-20003-Jazz-4-90x90.jpg 90w\" sizes=\"(max-width: 800px) 100vw, 800px\" \/><figcaption id=\"caption-attachment-33427\" class=\"wp-caption-text\">YOURBRICKS 20003 Jazz med 667 stykker<\/figcaption><\/figure>\n<figure id=\"attachment_33428\" aria-describedby=\"caption-attachment-33428\" style=\"width: 800px\" class=\"wp-caption aligncenter\"><img loading=\"lazy\" decoding=\"async\" class=\"wp-image-33428 size-full\" src=\"https:\/\/mouldking.store\/wp-content\/uploads\/2022\/11\/Creator-YOURBRICKS-20003-Jazz-2.jpg\" alt=\"YOURBRICKS 20003 Jazz With 667 Pieces\" width=\"800\" height=\"800\" title=\"-\" srcset=\"https:\/\/mouldking.store\/wp-content\/uploads\/2022\/11\/Creator-YOURBRICKS-20003-Jazz-2.jpg 800w, https:\/\/mouldking.store\/wp-content\/uploads\/2022\/11\/Creator-YOURBRICKS-20003-Jazz-2-300x300.jpg 300w, https:\/\/mouldking.store\/wp-content\/uploads\/2022\/11\/Creator-YOURBRICKS-20003-Jazz-2-768x768.jpg 768w, https:\/\/mouldking.store\/wp-content\/uploads\/2022\/11\/Creator-YOURBRICKS-20003-Jazz-2-600x600.jpg 600w, https:\/\/mouldking.store\/wp-content\/uploads\/2022\/11\/Creator-YOURBRICKS-20003-Jazz-2-150x150.jpg 150w, https:\/\/mouldking.store\/wp-content\/uploads\/2022\/11\/Creator-YOURBRICKS-20003-Jazz-2-60x60.jpg 60w, https:\/\/mouldking.store\/wp-content\/uploads\/2022\/11\/Creator-YOURBRICKS-20003-Jazz-2-90x90.jpg 90w\" sizes=\"(max-width: 800px) 100vw, 800px\" \/><figcaption id=\"caption-attachment-33428\" class=\"wp-caption-text\">YOURBRICKS 20003 Jazz med 667 stykker<\/figcaption><\/figure>\n<figure id=\"attachment_33429\" aria-describedby=\"caption-attachment-33429\" style=\"width: 800px\" class=\"wp-caption aligncenter\"><img loading=\"lazy\" decoding=\"async\" class=\"wp-image-33429 size-full\" src=\"https:\/\/mouldking.store\/wp-content\/uploads\/2022\/11\/Creator-YOURBRICKS-20003-Jazz-3.jpg\" alt=\"YOURBRICKS 20003 Jazz With 667 Pieces\" width=\"800\" height=\"800\" title=\"-\" srcset=\"https:\/\/mouldking.store\/wp-content\/uploads\/2022\/11\/Creator-YOURBRICKS-20003-Jazz-3.jpg 800w, https:\/\/mouldking.store\/wp-content\/uploads\/2022\/11\/Creator-YOURBRICKS-20003-Jazz-3-300x300.jpg 300w, https:\/\/mouldking.store\/wp-content\/uploads\/2022\/11\/Creator-YOURBRICKS-20003-Jazz-3-768x768.jpg 768w, https:\/\/mouldking.store\/wp-content\/uploads\/2022\/11\/Creator-YOURBRICKS-20003-Jazz-3-600x600.jpg 600w, https:\/\/mouldking.store\/wp-content\/uploads\/2022\/11\/Creator-YOURBRICKS-20003-Jazz-3-150x150.jpg 150w, https:\/\/mouldking.store\/wp-content\/uploads\/2022\/11\/Creator-YOURBRICKS-20003-Jazz-3-60x60.jpg 60w, https:\/\/mouldking.store\/wp-content\/uploads\/2022\/11\/Creator-YOURBRICKS-20003-Jazz-3-90x90.jpg 90w\" sizes=\"(max-width: 800px) 100vw, 800px\" \/><figcaption id=\"caption-attachment-33429\" class=\"wp-caption-text\">YOURBRICKS 20003 Jazz med 667 stykker<\/figcaption><\/figure>","protected":false},"excerpt":{"rendered":"<p>Product information: Brand: YOURBRICKS Gender: Unisex Name: Jazz Age Range: &gt; 6 years old Model Number: 20003 Classification: Assemblage Plastic Block Shape: Self-Locking Bricks Material: Plastic Plastic Type: ABS Bricks Blocks: 667 PCS Contains detailed assembly instructions. Notice: 1. Without an original box, but we guarantee our products have quality assurance and nice packaging. 2. [&hellip;]<\/p>","protected":false},"featured_media":33418,"comment_status":"closed","ping_status":"closed","template":"","meta":{"_acf_changed":false},"product_cat":[1365],"product_tag":[6218,6220,6219,6217,6221,6216],"class_list":["product","first","instock","shipping-taxable","purchasable","product-type-simple"],"acf":[],"_links":{"self":[{"href":"https:\/\/mouldking.store\/nb\/wp-json\/wp\/v2\/product\/33417","targetHints":{"allow":["GET"]}}],"collection":[{"href":"https:\/\/mouldking.store\/nb\/wp-json\/wp\/v2\/product"}],"about":[{"href":"https:\/\/mouldking.store\/nb\/wp-json\/wp\/v2\/types\/product"}],"replies":[{"embeddable":true,"href":"https:\/\/mouldking.store\/nb\/wp-json\/wp\/v2\/comments?post=33417"}],"wp:featuredmedia":[{"embeddable":true,"href":"https:\/\/mouldking.store\/nb\/wp-json\/wp\/v2\/media\/33418"}],"wp:attachment":[{"href":"https:\/\/mouldking.store\/nb\/wp-json\/wp\/v2\/media?parent=33417"}],"wp:term":[{"taxonomy":"product_cat","embeddable":true,"href":"https:\/\/mouldking.store\/nb\/wp-json\/wp\/v2\/product_cat?post=33417"},{"taxonomy":"product_tag","embeddable":true,"href":"https:\/\/mouldking.store\/nb\/wp-json\/wp\/v2\/product_tag?post=33417"}],"curies":[{"name":"wp","href":"https:\/\/api.w.org\/{rel}","templated":true}]}}