{"id":33430,"date":"2022-11-02T10:41:11","date_gmt":"2022-11-02T03:41:11","guid":{"rendered":"https:\/\/mouldking.store\/?post_type=product&#038;p=33430"},"modified":"2022-11-02T10:41:11","modified_gmt":"2022-11-02T03:41:11","slug":"qd-66004-mechanical-dinosaur-precision-model-with-803-pieces","status":"publish","type":"product","link":"https:\/\/mouldking.store\/nb\/shop\/qd-66004-mechanical-dinosaur-precision-model-with-803-pieces\/","title":{"rendered":"QD 66004 mekanisk dinosaurpresisjonsmodell med 803 deler"},"content":{"rendered":"<p>Produktinformasjon:<\/p>\n<ol>\n<li>Merke: QD<\/li>\n<li>Kj\u00f8nn: Unisex<\/li>\n<li>Name: Mechanical Dinosaur Precision Model<\/li>\n<li>Aldersgruppe: &gt; 6 \u00e5r gammel<\/li>\n<li>Model Number: 66004<\/li>\n<li>Klassifisering: Montering<\/li>\n<li>Plastblokkform: Selvl\u00e5sende murstein<\/li>\n<li>Materiale: Plast<\/li>\n<li>Plasttype: ABS<\/li>\n<li>Mursteinsblokker: 803 STK<\/li>\n<li>Inneholder detaljerte monteringsanvisninger.<\/li>\n<\/ol>\n<p>Legge merke til:<br \/>\n1. Uten original eske, men vi garanterer at v\u00e5re produkter har kvalitetssikring og pen emballasje.<br \/>\n2. Som alle delene vi har sjekket f\u00f8r frakt, s\u00e5 hvis du finner noen deler savnet eller skadet, ikke bekymre deg og bare kontakt oss, s\u00e5 kan vi sende dem til deg p\u00e5 nytt umiddelbart gratis.<\/p>\n<figure id=\"attachment_33432\" aria-describedby=\"caption-attachment-33432\" style=\"width: 800px\" class=\"wp-caption aligncenter\"><img fetchpriority=\"high\" decoding=\"async\" class=\"wp-image-33432 size-full\" src=\"https:\/\/mouldking.store\/wp-content\/uploads\/2022\/11\/Creator-QD-66004-Mechanical-Dinosaur-Precision-Model-1.jpg\" alt=\"QD 66004 Mechanical Dinosaur Precision Model With 803 Pieces\" width=\"800\" height=\"800\" title=\"-\" srcset=\"https:\/\/mouldking.store\/wp-content\/uploads\/2022\/11\/Creator-QD-66004-Mechanical-Dinosaur-Precision-Model-1.jpg 800w, https:\/\/mouldking.store\/wp-content\/uploads\/2022\/11\/Creator-QD-66004-Mechanical-Dinosaur-Precision-Model-1-300x300.jpg 300w, https:\/\/mouldking.store\/wp-content\/uploads\/2022\/11\/Creator-QD-66004-Mechanical-Dinosaur-Precision-Model-1-768x768.jpg 768w, https:\/\/mouldking.store\/wp-content\/uploads\/2022\/11\/Creator-QD-66004-Mechanical-Dinosaur-Precision-Model-1-600x600.jpg 600w, https:\/\/mouldking.store\/wp-content\/uploads\/2022\/11\/Creator-QD-66004-Mechanical-Dinosaur-Precision-Model-1-150x150.jpg 150w, https:\/\/mouldking.store\/wp-content\/uploads\/2022\/11\/Creator-QD-66004-Mechanical-Dinosaur-Precision-Model-1-60x60.jpg 60w, https:\/\/mouldking.store\/wp-content\/uploads\/2022\/11\/Creator-QD-66004-Mechanical-Dinosaur-Precision-Model-1-90x90.jpg 90w\" sizes=\"(max-width: 800px) 100vw, 800px\" \/><figcaption id=\"caption-attachment-33432\" class=\"wp-caption-text\">QD 66004 mekanisk dinosaurpresisjonsmodell med 803 deler<\/figcaption><\/figure>\n<figure id=\"attachment_33433\" aria-describedby=\"caption-attachment-33433\" style=\"width: 800px\" class=\"wp-caption aligncenter\"><img decoding=\"async\" class=\"wp-image-33433 size-full\" src=\"https:\/\/mouldking.store\/wp-content\/uploads\/2022\/11\/Creator-QD-66004-Mechanical-Dinosaur-Precision-Model-13.jpg\" alt=\"QD 66004 Mechanical Dinosaur Precision Model With 803 Pieces\" width=\"800\" height=\"800\" title=\"-\" srcset=\"https:\/\/mouldking.store\/wp-content\/uploads\/2022\/11\/Creator-QD-66004-Mechanical-Dinosaur-Precision-Model-13.jpg 800w, https:\/\/mouldking.store\/wp-content\/uploads\/2022\/11\/Creator-QD-66004-Mechanical-Dinosaur-Precision-Model-13-300x300.jpg 300w, https:\/\/mouldking.store\/wp-content\/uploads\/2022\/11\/Creator-QD-66004-Mechanical-Dinosaur-Precision-Model-13-768x768.jpg 768w, https:\/\/mouldking.store\/wp-content\/uploads\/2022\/11\/Creator-QD-66004-Mechanical-Dinosaur-Precision-Model-13-600x600.jpg 600w, https:\/\/mouldking.store\/wp-content\/uploads\/2022\/11\/Creator-QD-66004-Mechanical-Dinosaur-Precision-Model-13-150x150.jpg 150w, https:\/\/mouldking.store\/wp-content\/uploads\/2022\/11\/Creator-QD-66004-Mechanical-Dinosaur-Precision-Model-13-60x60.jpg 60w, https:\/\/mouldking.store\/wp-content\/uploads\/2022\/11\/Creator-QD-66004-Mechanical-Dinosaur-Precision-Model-13-90x90.jpg 90w\" sizes=\"(max-width: 800px) 100vw, 800px\" \/><figcaption id=\"caption-attachment-33433\" class=\"wp-caption-text\">QD 66004 mekanisk dinosaurpresisjonsmodell med 803 deler<\/figcaption><\/figure>\n<figure id=\"attachment_33434\" aria-describedby=\"caption-attachment-33434\" style=\"width: 768px\" class=\"wp-caption aligncenter\"><img decoding=\"async\" class=\"wp-image-33434 size-full\" src=\"https:\/\/mouldking.store\/wp-content\/uploads\/2022\/11\/Creator-QD-66004-Mechanical-Dinosaur-Precision-Model-12-768x768-1.jpg\" alt=\"QD 66004 Mechanical Dinosaur Precision Model With 803 Pieces\" width=\"768\" height=\"768\" title=\"-\" srcset=\"https:\/\/mouldking.store\/wp-content\/uploads\/2022\/11\/Creator-QD-66004-Mechanical-Dinosaur-Precision-Model-12-768x768-1.jpg 768w, https:\/\/mouldking.store\/wp-content\/uploads\/2022\/11\/Creator-QD-66004-Mechanical-Dinosaur-Precision-Model-12-768x768-1-300x300.jpg 300w, https:\/\/mouldking.store\/wp-content\/uploads\/2022\/11\/Creator-QD-66004-Mechanical-Dinosaur-Precision-Model-12-768x768-1-600x600.jpg 600w, https:\/\/mouldking.store\/wp-content\/uploads\/2022\/11\/Creator-QD-66004-Mechanical-Dinosaur-Precision-Model-12-768x768-1-150x150.jpg 150w, https:\/\/mouldking.store\/wp-content\/uploads\/2022\/11\/Creator-QD-66004-Mechanical-Dinosaur-Precision-Model-12-768x768-1-60x60.jpg 60w, https:\/\/mouldking.store\/wp-content\/uploads\/2022\/11\/Creator-QD-66004-Mechanical-Dinosaur-Precision-Model-12-768x768-1-90x90.jpg 90w\" sizes=\"(max-width: 768px) 100vw, 768px\" \/><figcaption id=\"caption-attachment-33434\" class=\"wp-caption-text\">QD 66004 mekanisk dinosaurpresisjonsmodell med 803 deler<\/figcaption><\/figure>\n<figure id=\"attachment_33435\" aria-describedby=\"caption-attachment-33435\" style=\"width: 768px\" class=\"wp-caption aligncenter\"><img loading=\"lazy\" decoding=\"async\" class=\"wp-image-33435 size-full\" src=\"https:\/\/mouldking.store\/wp-content\/uploads\/2022\/11\/Creator-QD-66004-Mechanical-Dinosaur-Precision-Model-11-768x768-1.jpg\" alt=\"QD 66004 Mechanical Dinosaur Precision Model With 803 Pieces\" width=\"768\" height=\"768\" title=\"-\" srcset=\"https:\/\/mouldking.store\/wp-content\/uploads\/2022\/11\/Creator-QD-66004-Mechanical-Dinosaur-Precision-Model-11-768x768-1.jpg 768w, https:\/\/mouldking.store\/wp-content\/uploads\/2022\/11\/Creator-QD-66004-Mechanical-Dinosaur-Precision-Model-11-768x768-1-300x300.jpg 300w, https:\/\/mouldking.store\/wp-content\/uploads\/2022\/11\/Creator-QD-66004-Mechanical-Dinosaur-Precision-Model-11-768x768-1-600x600.jpg 600w, https:\/\/mouldking.store\/wp-content\/uploads\/2022\/11\/Creator-QD-66004-Mechanical-Dinosaur-Precision-Model-11-768x768-1-150x150.jpg 150w, https:\/\/mouldking.store\/wp-content\/uploads\/2022\/11\/Creator-QD-66004-Mechanical-Dinosaur-Precision-Model-11-768x768-1-60x60.jpg 60w, https:\/\/mouldking.store\/wp-content\/uploads\/2022\/11\/Creator-QD-66004-Mechanical-Dinosaur-Precision-Model-11-768x768-1-90x90.jpg 90w\" sizes=\"(max-width: 768px) 100vw, 768px\" \/><figcaption id=\"caption-attachment-33435\" class=\"wp-caption-text\">QD 66004 mekanisk dinosaurpresisjonsmodell med 803 deler<\/figcaption><\/figure>","protected":false},"excerpt":{"rendered":"<p>Product information: Brand: QD Gender: Unisex Name: Mechanical Dinosaur Precision Model Age Range: &gt; 6 years old Model Number: 66004 Classification: Assemblage Plastic Block Shape: Self-Locking Bricks Material: Plastic Plastic Type: ABS Bricks Blocks: 803 PCS Contains detailed assembly instructions. Notice: 1. Without an original box, but we guarantee our products have quality assurance and [&hellip;]<\/p>","protected":false},"featured_media":33432,"comment_status":"closed","ping_status":"closed","template":"","meta":{"_acf_changed":false},"product_cat":[1365],"product_tag":[2721,6224,2541,6223,6225,6222],"class_list":["product","first","instock","shipping-taxable","purchasable","product-type-simple"],"acf":[],"_links":{"self":[{"href":"https:\/\/mouldking.store\/nb\/wp-json\/wp\/v2\/product\/33430","targetHints":{"allow":["GET"]}}],"collection":[{"href":"https:\/\/mouldking.store\/nb\/wp-json\/wp\/v2\/product"}],"about":[{"href":"https:\/\/mouldking.store\/nb\/wp-json\/wp\/v2\/types\/product"}],"replies":[{"embeddable":true,"href":"https:\/\/mouldking.store\/nb\/wp-json\/wp\/v2\/comments?post=33430"}],"wp:featuredmedia":[{"embeddable":true,"href":"https:\/\/mouldking.store\/nb\/wp-json\/wp\/v2\/media\/33432"}],"wp:attachment":[{"href":"https:\/\/mouldking.store\/nb\/wp-json\/wp\/v2\/media?parent=33430"}],"wp:term":[{"taxonomy":"product_cat","embeddable":true,"href":"https:\/\/mouldking.store\/nb\/wp-json\/wp\/v2\/product_cat?post=33430"},{"taxonomy":"product_tag","embeddable":true,"href":"https:\/\/mouldking.store\/nb\/wp-json\/wp\/v2\/product_tag?post=33430"}],"curies":[{"name":"wp","href":"https:\/\/api.w.org\/{rel}","templated":true}]}}